





{"id":42424,"date":"2021-08-24T14:18:51","date_gmt":"2021-08-24T12:18:51","guid":{"rendered":"https:\/\/repliquemangacine.fr\/?post_type=product&#038;p=42424"},"modified":"2025-10-02T18:31:29","modified_gmt":"2025-10-02T16:31:29","slug":"guanto-di-sfida-ezio-assassins-creed-brotherhood","status":"publish","type":"product","link":"https:\/\/repliquemangacine.fr\/it\/gantelets-assassins-creed\/gantelet-ezio-assassins-creed-brotherhood\/","title":{"rendered":"Guanto di sfida Ezio Assassin's Creed-BrotherHood"},"content":{"rendered":"<h2>Replica del guanto di Assassin's Creed-BrotherHood Ezio.<\/h2>\n<p>Per cominciare, il <strong>Guanto di sfida Ezio Assassin's Creed-BrotherHood<\/strong> \u00e8 la lama segreta di <a href=\"https:\/\/assassinscreed.fandom.com\/fr\/wiki\/Ezio_Auditore_da_Firenze\" target=\"_blank\" rel=\"noopener noreferrer\">Ezio Auditore da Firenze<\/a>.<\/p>\n<p>Assassin's Creed Brotherhood \u00e8 un videogioco d'azione e avventura pubblicato e sviluppato da Ubisoft, ed \u00e8 il seguito diretto di Assassin's Creed II. Il suo protagonista \u00e8 Ezio Auditore, che nel frattempo \u00e8 diventato un maestro assassino. L'azione si svolge principalmente a Roma durante il Rinascimento, citt\u00e0 apparsa brevemente nell'ultima missione dell'episodio precedente, e nella Spagna del 1507.<\/p>\n<p>Ezio intraprende una ricerca per riscoprire la storia della Confraternita. Ha assicurato i viaggi di Cristoforo Colombo nel Nuovo Mondo, ha liberato Roma dall'influenza dei Borgia e ha impedito la diffusione del culto ermetico di Ercole Massimo, permettendo al Rinascimento e agli ideali degli Assassini di crescere in tutta Italia.<\/p>\n<h2>Il tuo guanto Assassin's Creed-Brotherhood Ezio Gauntlet al miglior prezzo<\/h2>\n<p>Abbiamo una vasta gamma di repliche del famoso videogioco Assassin's Creed.<\/p>\n<p>Innanzitutto,<\/p>\n<ul>\n<li>Il famoso <a href=\"https:\/\/repliquemangacine.fr\/it\/assassins-creed\/asta-di-spada-assassins-creed\/\">Bastone con spada di Giacobbe<\/a> in Assassin's Creed Syndicate.<\/li>\n<li>C'\u00e8 anche il <a href=\"https:\/\/repliquemangacine.fr\/it\/assassins-creed\/pugnale-altair-assassin-s-creed\/\">Pugnale di Alta\u00efr<\/a> in Assassin's Creed.<\/li>\n<li>Ma anche il <a href=\"https:\/\/repliquemangacine.fr\/it\/assassins-creed\/edward-kenway-pistola-a-pietra-focaia-italiana-assassin-s-creed-iv\/\">Pistola di Edward Kenway<\/a> in Assassin's Creed Black Flag.<\/li>\n<li>E molti altri da scoprire nel nostro negozio online!<\/li>\n<\/ul>\n<p>Ecco quindi alcune ottime idee regalo per i fan della storica serie di Assassin's Creed.<\/p>\n<p>In conclusione, \u00e8 possibile utilizzare il metodo <strong>Guanto di sfida Ezio Assassin's Creed-BrotherHood<\/strong> per le vostre sfilate di Cosplay o per le vostre serate a tema. Ma soprattutto, questa lama \u00e8 un oggetto da collezione e un pezzo decorativo.<\/p>\n<h2>Le ultime uscite di Assassin's Creed a basso costo<\/h2>\n<p>Il nostro obiettivo \u00e8 soddisfarvi, per questo facciamo tutto il possibile per trovare gli oggetti da collezione che state cercando. Non esitate quindi a comunicarci le vostre richieste e i vostri commenti, affinch\u00e9 possiamo continuare insieme questa avventura!<\/p>\n<p>Sempre all'avanguardia e sempre pronti ad ascoltare le vostre ricerche sui prodotti, siamo lieti di potervi offrire alcune piccole chicche come :<\/p>\n<ul>\n<li>Il <a href=\"https:\/\/repliquemangacine.fr\/it\/assassins-creed-spade-assassins-creed-armi\/asce-assassins-creed-valhalla\/\">due assi Eivor<\/a> in Assassin's Creed Valhalla<\/li>\n<li>L'ultima aggiunta al <a href=\"https:\/\/repliquemangacine.fr\/it\/assassins-creed-spade-assassins-creed-armi\/marteau-thor-assassins-creed-valhalla\/\">martello di thor<\/a> in Assassin's Creed Valhalla<\/li>\n<li>E c'\u00e8 molto altro in arrivo, come le statuette di Assassin's Creed.<\/li>\n<\/ul>\n<p>replica Manga Cin\u00e9 \u00e8 un'azienda familiare francese.<\/p>","protected":false},"excerpt":{"rendered":"<p>Replica a grandezza naturale dell'arma di Ezio.<\/p>\n<ul>\n<li>Funzionale lama segreta retrattile a molla con blocco e sblocco della lama.<\/li>\n<li>Guanto in similpelle con cinghie regolabili.<\/li>\n<li>Guscio e lama in ABS, simili a quelli presenti in Assassin's Creed\u00ae BrotherHood.<\/li>\n<li>Scatola di Assassin's Creed BrotherHood firmata da N\u00e9ca e Ubisoft.<\/li>\n<\/ul>","protected":false},"featured_media":42425,"template":"","meta":[],"product_brand":[896],"product_cat":[48,835,23],"product_tag":[],"class_list":{"0":"post-42424","1":"product","2":"type-product","3":"status-publish","4":"has-post-thumbnail","6":"product_brand-replique-manga-cine","7":"product_cat-epees-assassins-creed-armes-assassins-creed","8":"product_cat-gantelets-assassins-creed","9":"product_cat-repliques-manga-jeux-video","11":"first","12":"outofstock","13":"taxable","14":"shipping-taxable","15":"purchasable","16":"product-type-simple"},"yoast_head":"<!-- This site is optimized with the Yoast SEO plugin v27.4 - https:\/\/yoast.com\/product\/yoast-seo-wordpress\/ -->\n<title>Gantelet Ezio Assassin&#039;s Creed-BrotherHood - RMC<\/title>\n<meta name=\"description\" content=\"Achetez vite ! Votre Gantelet Ezio Assassin&#039;s Creed-BrotherHood au meilleur prix. Lame plastique r\u00e9tractable, brassard ajustable. Boite collector.\" \/>\n<meta name=\"robots\" content=\"index, follow, max-snippet:-1, max-image-preview:large, max-video-preview:-1\" \/>\n<link rel=\"canonical\" href=\"https:\/\/repliquemangacine.fr\/it\/guanti-assassins-creed\/guanto-di-sfida-ezio-assassins-creed-brotherhood\/\" \/>\n<meta property=\"og:locale\" content=\"it_IT\" \/>\n<meta property=\"og:type\" content=\"article\" \/>\n<meta property=\"og:title\" content=\"Gantelet Ezio Assassin&#039;s Creed-BrotherHood - RMC\" \/>\n<meta property=\"og:description\" content=\"Achetez vite ! Votre Gantelet Ezio Assassin&#039;s Creed-BrotherHood au meilleur prix. Lame plastique r\u00e9tractable, brassard ajustable. Boite collector.\" \/>\n<meta property=\"og:url\" content=\"https:\/\/repliquemangacine.fr\/it\/guanti-assassins-creed\/guanto-di-sfida-ezio-assassins-creed-brotherhood\/\" \/>\n<meta property=\"og:site_name\" content=\"R\u00e9plique Manga Cin\u00e9\" \/>\n<meta property=\"article:publisher\" content=\"https:\/\/www.facebook.com\/RepliqueMangaCine\" \/>\n<meta property=\"article:modified_time\" content=\"2025-10-02T16:31:29+00:00\" \/>\n<meta property=\"og:image\" content=\"https:\/\/repliquemangacine.fr\/wp-content\/uploads\/2023\/10\/Assassins-creed-Brotherhood.jpg\" \/>\n\t<meta property=\"og:image:width\" content=\"800\" \/>\n\t<meta property=\"og:image:height\" content=\"800\" \/>\n\t<meta property=\"og:image:type\" content=\"image\/jpeg\" \/>\n<meta name=\"twitter:card\" content=\"summary_large_image\" \/>\n<meta name=\"twitter:label1\" content=\"Tempo di lettura stimato\" \/>\n\t<meta name=\"twitter:data1\" content=\"2 minuti\" \/>\n<script type=\"application\/ld+json\" class=\"yoast-schema-graph\">{\"@context\":\"https:\\\/\\\/schema.org\",\"@graph\":[{\"@type\":\"WebPage\",\"@id\":\"https:\\\/\\\/repliquemangacine.fr\\\/gantelets-assassins-creed\\\/gantelet-ezio-assassins-creed-brotherhood\\\/\",\"url\":\"https:\\\/\\\/repliquemangacine.fr\\\/gantelets-assassins-creed\\\/gantelet-ezio-assassins-creed-brotherhood\\\/\",\"name\":\"Gantelet Ezio Assassin's Creed-BrotherHood - RMC\",\"isPartOf\":{\"@id\":\"https:\\\/\\\/repliquemangacine.fr\\\/#website\"},\"primaryImageOfPage\":{\"@id\":\"https:\\\/\\\/repliquemangacine.fr\\\/gantelets-assassins-creed\\\/gantelet-ezio-assassins-creed-brotherhood\\\/#primaryimage\"},\"image\":{\"@id\":\"https:\\\/\\\/repliquemangacine.fr\\\/gantelets-assassins-creed\\\/gantelet-ezio-assassins-creed-brotherhood\\\/#primaryimage\"},\"thumbnailUrl\":\"https:\\\/\\\/repliquemangacine.fr\\\/wp-content\\\/uploads\\\/2023\\\/10\\\/Assassins-creed-Brotherhood.jpg\",\"datePublished\":\"2021-08-24T12:18:51+00:00\",\"dateModified\":\"2025-10-02T16:31:29+00:00\",\"description\":\"Achetez vite ! Votre Gantelet Ezio Assassin's Creed-BrotherHood au meilleur prix. Lame plastique r\u00e9tractable, brassard ajustable. Boite collector.\",\"breadcrumb\":{\"@id\":\"https:\\\/\\\/repliquemangacine.fr\\\/gantelets-assassins-creed\\\/gantelet-ezio-assassins-creed-brotherhood\\\/#breadcrumb\"},\"inLanguage\":\"it-IT\",\"potentialAction\":[{\"@type\":\"ReadAction\",\"target\":[\"https:\\\/\\\/repliquemangacine.fr\\\/gantelets-assassins-creed\\\/gantelet-ezio-assassins-creed-brotherhood\\\/\"]}]},{\"@type\":\"ImageObject\",\"inLanguage\":\"it-IT\",\"@id\":\"https:\\\/\\\/repliquemangacine.fr\\\/gantelets-assassins-creed\\\/gantelet-ezio-assassins-creed-brotherhood\\\/#primaryimage\",\"url\":\"https:\\\/\\\/repliquemangacine.fr\\\/wp-content\\\/uploads\\\/2023\\\/10\\\/Assassins-creed-Brotherhood.jpg\",\"contentUrl\":\"https:\\\/\\\/repliquemangacine.fr\\\/wp-content\\\/uploads\\\/2023\\\/10\\\/Assassins-creed-Brotherhood.jpg\",\"width\":800,\"height\":800,\"caption\":\"Gantelet Ezio Assassin's-creed-Brotherhood\"},{\"@type\":\"BreadcrumbList\",\"@id\":\"https:\\\/\\\/repliquemangacine.fr\\\/gantelets-assassins-creed\\\/gantelet-ezio-assassins-creed-brotherhood\\\/#breadcrumb\",\"itemListElement\":[{\"@type\":\"ListItem\",\"position\":1,\"name\":\"Accueil\",\"item\":\"https:\\\/\\\/repliquemangacine.fr\\\/\"},{\"@type\":\"ListItem\",\"position\":2,\"name\":\"Produits\",\"item\":\"https:\\\/\\\/repliquemangacine.fr\\\/boutique\\\/\"},{\"@type\":\"ListItem\",\"position\":3,\"name\":\"Gantelet Ezio Assassin&#8217;s Creed-BrotherHood\"}]},{\"@type\":\"WebSite\",\"@id\":\"https:\\\/\\\/repliquemangacine.fr\\\/#website\",\"url\":\"https:\\\/\\\/repliquemangacine.fr\\\/\",\"name\":\"R\u00e9plique Manga Cin\u00e9\",\"description\":\"\",\"publisher\":{\"@id\":\"https:\\\/\\\/repliquemangacine.fr\\\/#organization\"},\"potentialAction\":[{\"@type\":\"SearchAction\",\"target\":{\"@type\":\"EntryPoint\",\"urlTemplate\":\"https:\\\/\\\/repliquemangacine.fr\\\/?s={search_term_string}\"},\"query-input\":{\"@type\":\"PropertyValueSpecification\",\"valueRequired\":true,\"valueName\":\"search_term_string\"}}],\"inLanguage\":\"it-IT\"},{\"@type\":\"Organization\",\"@id\":\"https:\\\/\\\/repliquemangacine.fr\\\/#organization\",\"name\":\"R\u00e9plique Manga Cin\u00e9\",\"url\":\"https:\\\/\\\/repliquemangacine.fr\\\/\",\"logo\":{\"@type\":\"ImageObject\",\"inLanguage\":\"it-IT\",\"@id\":\"https:\\\/\\\/repliquemangacine.fr\\\/#\\\/schema\\\/logo\\\/image\\\/\",\"url\":\"https:\\\/\\\/repliquemangacine.fr\\\/wp-content\\\/uploads\\\/2023\\\/10\\\/RMC-500250.png\",\"contentUrl\":\"https:\\\/\\\/repliquemangacine.fr\\\/wp-content\\\/uploads\\\/2023\\\/10\\\/RMC-500250.png\",\"width\":500,\"height\":250,\"caption\":\"R\u00e9plique Manga Cin\u00e9\"},\"image\":{\"@id\":\"https:\\\/\\\/repliquemangacine.fr\\\/#\\\/schema\\\/logo\\\/image\\\/\"},\"sameAs\":[\"https:\\\/\\\/www.facebook.com\\\/RepliqueMangaCine\",\"https:\\\/\\\/www.instagram.com\\\/repliquemangacine.fr\\\/\"]}]}<\/script>\n<!-- \/ Yoast SEO plugin. -->","yoast_head_json":{"title":"Guanto Assassin's Creed-BrotherHood Ezio - RMC","description":"Acquista ora! Il tuo guanto Ezio Assassin's Creed-BrotherHood al miglior prezzo. Lama retrattile in plastica, polsino regolabile. Scatola da collezione.","robots":{"index":"index","follow":"follow","max-snippet":"max-snippet:-1","max-image-preview":"max-image-preview:large","max-video-preview":"max-video-preview:-1"},"canonical":"https:\/\/repliquemangacine.fr\/it\/guanti-assassins-creed\/guanto-di-sfida-ezio-assassins-creed-brotherhood\/","og_locale":"it_IT","og_type":"article","og_title":"Gantelet Ezio Assassin's Creed-BrotherHood - RMC","og_description":"Achetez vite ! Votre Gantelet Ezio Assassin's Creed-BrotherHood au meilleur prix. Lame plastique r\u00e9tractable, brassard ajustable. Boite collector.","og_url":"https:\/\/repliquemangacine.fr\/it\/guanti-assassins-creed\/guanto-di-sfida-ezio-assassins-creed-brotherhood\/","og_site_name":"R\u00e9plique Manga Cin\u00e9","article_publisher":"https:\/\/www.facebook.com\/RepliqueMangaCine","article_modified_time":"2025-10-02T16:31:29+00:00","og_image":[{"width":800,"height":800,"url":"https:\/\/repliquemangacine.fr\/wp-content\/uploads\/2023\/10\/Assassins-creed-Brotherhood.jpg","type":"image\/jpeg"}],"twitter_card":"summary_large_image","twitter_misc":{"Tempo di lettura stimato":"2 minuti"},"schema":{"@context":"https:\/\/schema.org","@graph":[{"@type":"WebPage","@id":"https:\/\/repliquemangacine.fr\/gantelets-assassins-creed\/gantelet-ezio-assassins-creed-brotherhood\/","url":"https:\/\/repliquemangacine.fr\/gantelets-assassins-creed\/gantelet-ezio-assassins-creed-brotherhood\/","name":"Guanto Assassin's Creed-BrotherHood Ezio - RMC","isPartOf":{"@id":"https:\/\/repliquemangacine.fr\/#website"},"primaryImageOfPage":{"@id":"https:\/\/repliquemangacine.fr\/gantelets-assassins-creed\/gantelet-ezio-assassins-creed-brotherhood\/#primaryimage"},"image":{"@id":"https:\/\/repliquemangacine.fr\/gantelets-assassins-creed\/gantelet-ezio-assassins-creed-brotherhood\/#primaryimage"},"thumbnailUrl":"https:\/\/repliquemangacine.fr\/wp-content\/uploads\/2023\/10\/Assassins-creed-Brotherhood.jpg","datePublished":"2021-08-24T12:18:51+00:00","dateModified":"2025-10-02T16:31:29+00:00","description":"Acquista ora! Il tuo guanto Ezio Assassin's Creed-BrotherHood al miglior prezzo. Lama retrattile in plastica, polsino regolabile. Scatola da collezione.","breadcrumb":{"@id":"https:\/\/repliquemangacine.fr\/gantelets-assassins-creed\/gantelet-ezio-assassins-creed-brotherhood\/#breadcrumb"},"inLanguage":"it-IT","potentialAction":[{"@type":"ReadAction","target":["https:\/\/repliquemangacine.fr\/gantelets-assassins-creed\/gantelet-ezio-assassins-creed-brotherhood\/"]}]},{"@type":"ImageObject","inLanguage":"it-IT","@id":"https:\/\/repliquemangacine.fr\/gantelets-assassins-creed\/gantelet-ezio-assassins-creed-brotherhood\/#primaryimage","url":"https:\/\/repliquemangacine.fr\/wp-content\/uploads\/2023\/10\/Assassins-creed-Brotherhood.jpg","contentUrl":"https:\/\/repliquemangacine.fr\/wp-content\/uploads\/2023\/10\/Assassins-creed-Brotherhood.jpg","width":800,"height":800,"caption":"Gantelet Ezio Assassin's-creed-Brotherhood"},{"@type":"BreadcrumbList","@id":"https:\/\/repliquemangacine.fr\/gantelets-assassins-creed\/gantelet-ezio-assassins-creed-brotherhood\/#breadcrumb","itemListElement":[{"@type":"ListItem","position":1,"name":"Accueil","item":"https:\/\/repliquemangacine.fr\/"},{"@type":"ListItem","position":2,"name":"Produits","item":"https:\/\/repliquemangacine.fr\/boutique\/"},{"@type":"ListItem","position":3,"name":"Gantelet Ezio Assassin&#8217;s Creed-BrotherHood"}]},{"@type":"WebSite","@id":"https:\/\/repliquemangacine.fr\/#website","url":"https:\/\/repliquemangacine.fr\/","name":"R\u00e9plique Manga Cin\u00e9","description":"","publisher":{"@id":"https:\/\/repliquemangacine.fr\/#organization"},"potentialAction":[{"@type":"SearchAction","target":{"@type":"EntryPoint","urlTemplate":"https:\/\/repliquemangacine.fr\/?s={search_term_string}"},"query-input":{"@type":"PropertyValueSpecification","valueRequired":true,"valueName":"search_term_string"}}],"inLanguage":"it-IT"},{"@type":"Organization","@id":"https:\/\/repliquemangacine.fr\/#organization","name":"R\u00e9plique Manga Cin\u00e9","url":"https:\/\/repliquemangacine.fr\/","logo":{"@type":"ImageObject","inLanguage":"it-IT","@id":"https:\/\/repliquemangacine.fr\/#\/schema\/logo\/image\/","url":"https:\/\/repliquemangacine.fr\/wp-content\/uploads\/2023\/10\/RMC-500250.png","contentUrl":"https:\/\/repliquemangacine.fr\/wp-content\/uploads\/2023\/10\/RMC-500250.png","width":500,"height":250,"caption":"R\u00e9plique Manga Cin\u00e9"},"image":{"@id":"https:\/\/repliquemangacine.fr\/#\/schema\/logo\/image\/"},"sameAs":["https:\/\/www.facebook.com\/RepliqueMangaCine","https:\/\/www.instagram.com\/repliquemangacine.fr\/"]}]}},"_links":{"self":[{"href":"https:\/\/repliquemangacine.fr\/it\/wp-json\/wp\/v2\/product\/42424","targetHints":{"allow":["GET"]}}],"collection":[{"href":"https:\/\/repliquemangacine.fr\/it\/wp-json\/wp\/v2\/product"}],"about":[{"href":"https:\/\/repliquemangacine.fr\/it\/wp-json\/wp\/v2\/types\/product"}],"wp:featuredmedia":[{"embeddable":true,"href":"https:\/\/repliquemangacine.fr\/it\/wp-json\/wp\/v2\/media\/42425"}],"wp:attachment":[{"href":"https:\/\/repliquemangacine.fr\/it\/wp-json\/wp\/v2\/media?parent=42424"}],"wp:term":[{"taxonomy":"product_brand","embeddable":true,"href":"https:\/\/repliquemangacine.fr\/it\/wp-json\/wp\/v2\/product_brand?post=42424"},{"taxonomy":"product_cat","embeddable":true,"href":"https:\/\/repliquemangacine.fr\/it\/wp-json\/wp\/v2\/product_cat?post=42424"},{"taxonomy":"product_tag","embeddable":true,"href":"https:\/\/repliquemangacine.fr\/it\/wp-json\/wp\/v2\/product_tag?post=42424"}],"curies":[{"name":"wp","href":"https:\/\/api.w.org\/{rel}","templated":true}]}}