





{"id":42340,"date":"2021-08-20T17:38:19","date_gmt":"2021-08-20T15:38:19","guid":{"rendered":"https:\/\/repliquemangacine.fr\/?post_type=product&#038;p=42340"},"modified":"2025-11-10T16:22:23","modified_gmt":"2025-11-10T15:22:23","slug":"lama-nascosta-bandiera-nera-assassins-creed-gauntlet","status":"publish","type":"product","link":"https:\/\/repliquemangacine.fr\/it\/gantelets-assassins-creed\/lame-dissimulee-gantelet-assassins-creed-black-flag\/","title":{"rendered":"Lama a guanto nascosta"},"content":{"rendered":"<h2>Lama a guanto nascosta in Assassin's Creed Black Flag.<\/h2>\n<p>Per cominciare, il <strong>Lama a guanto nascosta<\/strong> in Assassin's Creed Black Flag \u00e8 una delle lame segrete di Edward. In effetti, la doppia impugnatura delle armi viene esplorata in modo approfondito. Edward \u00e8 in grado di portare con s\u00e9 fino a quattro pistole e di affrontare altrettanti nemici in pochi secondi.<\/p>\n<p>Oltre alle pistole e alle lame segrete, Edward \u00e8 dotato di un paio di spade. La cerbottana, apparsa in Assassin's Creed III: Liberation, ritorna in Black Flag, cos\u00ec come il pugnale a corda.<\/p>\n<p><a href=\"https:\/\/assassinscreed.fandom.com\/fr\/wiki\/Assassin's_Creed_IV:_Black_Flag\" target=\"_blank\" rel=\"noopener noreferrer\">Assassin's Creed Black Flag<\/a> \u00e8 la storia di Edward Kenway, un giovane inglese assetato di pericolo e avventura. Feroce pirata e combattente esperto, la sua ricerca di gloria e fortuna gli fa guadagnare il rispetto di pirati leggendari. Si trova anche immerso nel cuore dell'antica guerra tra Assassini e Templari.<\/p>\n<h2>Il tuo Hidden Blade Gauntlet in Assassin's Creed al miglior prezzo<\/h2>\n<p>Abbiamo una vasta gamma di repliche del famoso videogioco Assassin's Creed.<\/p>\n<p>Innanzitutto,<\/p>\n<ul>\n<li>Il famoso <a href=\"https:\/\/repliquemangacine.fr\/it\/assassins-creed\/asta-di-spada-assassins-creed\/\">Bastone con spada di Giacobbe<\/a> in Assassin's Creed Syndicate.<\/li>\n<li>Ci sono anche tutte le <a href=\"https:\/\/repliquemangacine.fr\/it\/assassins-creed\/asce-assassins-creed-valhalla\/\">due assi Eivor<\/a> Varinsdottir in Assassin's Creed Valhalla.<\/li>\n<li>Ma anche il <a href=\"https:\/\/repliquemangacine.fr\/it\/assassins-creed\/edward-kenway-pistola-a-pietra-focaia-italiana-assassin-s-creed-iv\/\">Pistola di Edward Kenway<\/a> in Assassin's Creed Black Flag.<\/li>\n<li>E molti altri da scoprire nel nostro negozio online!<\/li>\n<\/ul>\n<p>Ecco quindi alcune ottime idee regalo per i fan della storica serie di Assassin's Creed.<\/p>\n<p>In conclusione, \u00e8 possibile utilizzare il metodo <strong>Lama a guanto nascosta<\/strong> per le vostre sfilate di cosplay o serate a tema.<\/p>\n<p>Ma soprattutto, questa lama \u00e8 un oggetto da collezione e un pezzo decorativo.<\/p>\n<h2>Le ultime uscite di Assassin's Creed a basso costo<\/h2>\n<p>Il nostro obiettivo \u00e8 soddisfarvi, per questo facciamo tutto il possibile per trovare gli oggetti da collezione che state cercando. Non esitate quindi a comunicarci le vostre richieste e i vostri commenti, affinch\u00e9 possiamo continuare insieme questa avventura!<\/p>\n<p>Sempre all'avanguardia e sempre pronti ad ascoltare le vostre ricerche sui prodotti, siamo lieti di potervi offrire alcune piccole chicche come :<\/p>\n<ul>\n<li>Le due asce di Eivor in Assassin's creed Valhalla.<\/li>\n<li>L'ultima aggiunta al <a href=\"https:\/\/repliquemangacine.fr\/it\/assassins-creed-spade-assassins-creed-armi\/marteau-thor-assassins-creed-valhalla\/\">martello di thor<\/a> in Assassin's Creed Valhalla<\/li>\n<li>E c'\u00e8 molto altro in arrivo, come le statuette di Assassin's Creed.<\/li>\n<\/ul>\n<p>replica Manga Cin\u00e9 \u00e8 un'azienda familiare francese.<\/p>","protected":false},"excerpt":{"rendered":"<p>Guanto con lama pirata nascosta usato da Edward Kenway in Assassin's Creed IV Black Flag.<\/p>\n<ul>\n<li>Lama retrattile in plastica caricata a molla.<\/li>\n<li>Bloccate e rilasciate la lama con un'azione a serramanico, proprio come nel gioco.<\/li>\n<li>La lama \u00e8 fissata alla parte inferiore dell'avambraccio tramite cinghie regolabili.<\/li>\n<li>Guanto in similpelle nera.<\/li>\n<li>Fibbia a forma di teschio, replica esatta di quella indossata da Edward Kenway.<\/li>\n<li>Questo anello di spilla pu\u00f2 anche essere indossato.<\/li>\n<li>Fornito in una scatola con il logo del gioco<\/li>\n<\/ul>","protected":false},"featured_media":42341,"template":"","meta":[],"product_brand":[896],"product_cat":[48,835,23],"product_tag":[],"class_list":{"0":"post-42340","1":"product","2":"type-product","3":"status-publish","4":"has-post-thumbnail","6":"product_brand-replique-manga-cine","7":"product_cat-epees-assassins-creed-armes-assassins-creed","8":"product_cat-gantelets-assassins-creed","9":"product_cat-repliques-manga-jeux-video","11":"first","12":"outofstock","13":"taxable","14":"shipping-taxable","15":"purchasable","16":"product-type-simple"},"yoast_head":"<!-- This site is optimized with the Yoast SEO plugin v27.5 - https:\/\/yoast.com\/product\/yoast-seo-wordpress\/ -->\n<title>Lame dissimul\u00e9e gantelet - R\u00e9plique Manga Cin\u00e9<\/title>\n<meta name=\"description\" content=\"Commandez vite ! Cette Lame dissimul\u00e9e gantelet dans Assassin&#039;s Creed Black flag au meilleur prix. Brassard en simili cuir noir. Lame r\u00e9tractable\" \/>\n<meta name=\"robots\" content=\"index, follow, max-snippet:-1, max-image-preview:large, max-video-preview:-1\" \/>\n<link rel=\"canonical\" href=\"https:\/\/repliquemangacine.fr\/it\/guanti-assassins-creed\/lama-nascosta-bandiera-nera-assassins-creed-gauntlet\/\" \/>\n<meta property=\"og:locale\" content=\"it_IT\" \/>\n<meta property=\"og:type\" content=\"article\" \/>\n<meta property=\"og:title\" content=\"Lame dissimul\u00e9e gantelet - R\u00e9plique Manga Cin\u00e9\" \/>\n<meta property=\"og:description\" content=\"Commandez vite ! Cette Lame dissimul\u00e9e gantelet dans Assassin&#039;s Creed Black flag au meilleur prix. Brassard en simili cuir noir. Lame r\u00e9tractable\" \/>\n<meta property=\"og:url\" content=\"https:\/\/repliquemangacine.fr\/it\/guanti-assassins-creed\/lama-nascosta-bandiera-nera-assassins-creed-gauntlet\/\" \/>\n<meta property=\"og:site_name\" content=\"R\u00e9plique Manga Cin\u00e9\" \/>\n<meta property=\"article:publisher\" content=\"https:\/\/www.facebook.com\/RepliqueMangaCine\" \/>\n<meta property=\"article:modified_time\" content=\"2025-11-10T15:22:23+00:00\" \/>\n<meta property=\"og:image\" content=\"https:\/\/repliquemangacine.fr\/wp-content\/uploads\/2023\/10\/lame-pirate.jpg\" \/>\n\t<meta property=\"og:image:width\" content=\"800\" \/>\n\t<meta property=\"og:image:height\" content=\"800\" \/>\n\t<meta property=\"og:image:type\" content=\"image\/jpeg\" \/>\n<meta name=\"twitter:card\" content=\"summary_large_image\" \/>\n<meta name=\"twitter:label1\" content=\"Tempo di lettura stimato\" \/>\n\t<meta name=\"twitter:data1\" content=\"2 minuti\" \/>\n<script type=\"application\/ld+json\" class=\"yoast-schema-graph\">{\"@context\":\"https:\\\/\\\/schema.org\",\"@graph\":[{\"@type\":\"WebPage\",\"@id\":\"https:\\\/\\\/repliquemangacine.fr\\\/gantelets-assassins-creed\\\/lame-dissimulee-gantelet-assassins-creed-black-flag\\\/\",\"url\":\"https:\\\/\\\/repliquemangacine.fr\\\/gantelets-assassins-creed\\\/lame-dissimulee-gantelet-assassins-creed-black-flag\\\/\",\"name\":\"Lame dissimul\u00e9e gantelet - R\u00e9plique Manga Cin\u00e9\",\"isPartOf\":{\"@id\":\"https:\\\/\\\/repliquemangacine.fr\\\/#website\"},\"primaryImageOfPage\":{\"@id\":\"https:\\\/\\\/repliquemangacine.fr\\\/gantelets-assassins-creed\\\/lame-dissimulee-gantelet-assassins-creed-black-flag\\\/#primaryimage\"},\"image\":{\"@id\":\"https:\\\/\\\/repliquemangacine.fr\\\/gantelets-assassins-creed\\\/lame-dissimulee-gantelet-assassins-creed-black-flag\\\/#primaryimage\"},\"thumbnailUrl\":\"https:\\\/\\\/repliquemangacine.fr\\\/wp-content\\\/uploads\\\/2023\\\/10\\\/lame-pirate.jpg\",\"datePublished\":\"2021-08-20T15:38:19+00:00\",\"dateModified\":\"2025-11-10T15:22:23+00:00\",\"description\":\"Commandez vite ! Cette Lame dissimul\u00e9e gantelet dans Assassin's Creed Black flag au meilleur prix. Brassard en simili cuir noir. Lame r\u00e9tractable\",\"breadcrumb\":{\"@id\":\"https:\\\/\\\/repliquemangacine.fr\\\/gantelets-assassins-creed\\\/lame-dissimulee-gantelet-assassins-creed-black-flag\\\/#breadcrumb\"},\"inLanguage\":\"it-IT\",\"potentialAction\":[{\"@type\":\"ReadAction\",\"target\":[\"https:\\\/\\\/repliquemangacine.fr\\\/gantelets-assassins-creed\\\/lame-dissimulee-gantelet-assassins-creed-black-flag\\\/\"]}]},{\"@type\":\"ImageObject\",\"inLanguage\":\"it-IT\",\"@id\":\"https:\\\/\\\/repliquemangacine.fr\\\/gantelets-assassins-creed\\\/lame-dissimulee-gantelet-assassins-creed-black-flag\\\/#primaryimage\",\"url\":\"https:\\\/\\\/repliquemangacine.fr\\\/wp-content\\\/uploads\\\/2023\\\/10\\\/lame-pirate.jpg\",\"contentUrl\":\"https:\\\/\\\/repliquemangacine.fr\\\/wp-content\\\/uploads\\\/2023\\\/10\\\/lame-pirate.jpg\",\"width\":800,\"height\":800,\"caption\":\"Lame dissimul\u00e9e gantelet\"},{\"@type\":\"BreadcrumbList\",\"@id\":\"https:\\\/\\\/repliquemangacine.fr\\\/gantelets-assassins-creed\\\/lame-dissimulee-gantelet-assassins-creed-black-flag\\\/#breadcrumb\",\"itemListElement\":[{\"@type\":\"ListItem\",\"position\":1,\"name\":\"Accueil\",\"item\":\"https:\\\/\\\/repliquemangacine.fr\\\/\"},{\"@type\":\"ListItem\",\"position\":2,\"name\":\"Produits\",\"item\":\"https:\\\/\\\/repliquemangacine.fr\\\/boutique\\\/\"},{\"@type\":\"ListItem\",\"position\":3,\"name\":\"Lame dissimul\u00e9e gantelet\"}]},{\"@type\":\"WebSite\",\"@id\":\"https:\\\/\\\/repliquemangacine.fr\\\/#website\",\"url\":\"https:\\\/\\\/repliquemangacine.fr\\\/\",\"name\":\"R\u00e9plique Manga Cin\u00e9\",\"description\":\"\",\"publisher\":{\"@id\":\"https:\\\/\\\/repliquemangacine.fr\\\/#organization\"},\"potentialAction\":[{\"@type\":\"SearchAction\",\"target\":{\"@type\":\"EntryPoint\",\"urlTemplate\":\"https:\\\/\\\/repliquemangacine.fr\\\/?s={search_term_string}\"},\"query-input\":{\"@type\":\"PropertyValueSpecification\",\"valueRequired\":true,\"valueName\":\"search_term_string\"}}],\"inLanguage\":\"it-IT\"},{\"@type\":\"Organization\",\"@id\":\"https:\\\/\\\/repliquemangacine.fr\\\/#organization\",\"name\":\"R\u00e9plique Manga Cin\u00e9\",\"url\":\"https:\\\/\\\/repliquemangacine.fr\\\/\",\"logo\":{\"@type\":\"ImageObject\",\"inLanguage\":\"it-IT\",\"@id\":\"https:\\\/\\\/repliquemangacine.fr\\\/#\\\/schema\\\/logo\\\/image\\\/\",\"url\":\"https:\\\/\\\/repliquemangacine.fr\\\/wp-content\\\/uploads\\\/2023\\\/10\\\/RMC-500250.png\",\"contentUrl\":\"https:\\\/\\\/repliquemangacine.fr\\\/wp-content\\\/uploads\\\/2023\\\/10\\\/RMC-500250.png\",\"width\":500,\"height\":250,\"caption\":\"R\u00e9plique Manga Cin\u00e9\"},\"image\":{\"@id\":\"https:\\\/\\\/repliquemangacine.fr\\\/#\\\/schema\\\/logo\\\/image\\\/\"},\"sameAs\":[\"https:\\\/\\\/www.facebook.com\\\/RepliqueMangaCine\",\"https:\\\/\\\/www.instagram.com\\\/repliquemangacine.fr\\\/\"]}]}<\/script>\n<!-- \/ Yoast SEO plugin. -->","yoast_head_json":{"title":"Lama a guanto nascosta - R\u00e9plique Manga Cin\u00e9","description":"Ordina ora! Questo guanto nascosto Blade in Assassin's Creed Black flag al miglior prezzo. Polsino in similpelle nera. Lama retrattile","robots":{"index":"index","follow":"follow","max-snippet":"max-snippet:-1","max-image-preview":"max-image-preview:large","max-video-preview":"max-video-preview:-1"},"canonical":"https:\/\/repliquemangacine.fr\/it\/guanti-assassins-creed\/lama-nascosta-bandiera-nera-assassins-creed-gauntlet\/","og_locale":"it_IT","og_type":"article","og_title":"Lame dissimul\u00e9e gantelet - R\u00e9plique Manga Cin\u00e9","og_description":"Commandez vite ! Cette Lame dissimul\u00e9e gantelet dans Assassin's Creed Black flag au meilleur prix. Brassard en simili cuir noir. Lame r\u00e9tractable","og_url":"https:\/\/repliquemangacine.fr\/it\/guanti-assassins-creed\/lama-nascosta-bandiera-nera-assassins-creed-gauntlet\/","og_site_name":"R\u00e9plique Manga Cin\u00e9","article_publisher":"https:\/\/www.facebook.com\/RepliqueMangaCine","article_modified_time":"2025-11-10T15:22:23+00:00","og_image":[{"width":800,"height":800,"url":"https:\/\/repliquemangacine.fr\/wp-content\/uploads\/2023\/10\/lame-pirate.jpg","type":"image\/jpeg"}],"twitter_card":"summary_large_image","twitter_misc":{"Tempo di lettura stimato":"2 minuti"},"schema":{"@context":"https:\/\/schema.org","@graph":[{"@type":"WebPage","@id":"https:\/\/repliquemangacine.fr\/gantelets-assassins-creed\/lame-dissimulee-gantelet-assassins-creed-black-flag\/","url":"https:\/\/repliquemangacine.fr\/gantelets-assassins-creed\/lame-dissimulee-gantelet-assassins-creed-black-flag\/","name":"Lama a guanto nascosta - R\u00e9plique Manga Cin\u00e9","isPartOf":{"@id":"https:\/\/repliquemangacine.fr\/#website"},"primaryImageOfPage":{"@id":"https:\/\/repliquemangacine.fr\/gantelets-assassins-creed\/lame-dissimulee-gantelet-assassins-creed-black-flag\/#primaryimage"},"image":{"@id":"https:\/\/repliquemangacine.fr\/gantelets-assassins-creed\/lame-dissimulee-gantelet-assassins-creed-black-flag\/#primaryimage"},"thumbnailUrl":"https:\/\/repliquemangacine.fr\/wp-content\/uploads\/2023\/10\/lame-pirate.jpg","datePublished":"2021-08-20T15:38:19+00:00","dateModified":"2025-11-10T15:22:23+00:00","description":"Ordina ora! Questo guanto nascosto Blade in Assassin's Creed Black flag al miglior prezzo. Polsino in similpelle nera. Lama retrattile","breadcrumb":{"@id":"https:\/\/repliquemangacine.fr\/gantelets-assassins-creed\/lame-dissimulee-gantelet-assassins-creed-black-flag\/#breadcrumb"},"inLanguage":"it-IT","potentialAction":[{"@type":"ReadAction","target":["https:\/\/repliquemangacine.fr\/gantelets-assassins-creed\/lame-dissimulee-gantelet-assassins-creed-black-flag\/"]}]},{"@type":"ImageObject","inLanguage":"it-IT","@id":"https:\/\/repliquemangacine.fr\/gantelets-assassins-creed\/lame-dissimulee-gantelet-assassins-creed-black-flag\/#primaryimage","url":"https:\/\/repliquemangacine.fr\/wp-content\/uploads\/2023\/10\/lame-pirate.jpg","contentUrl":"https:\/\/repliquemangacine.fr\/wp-content\/uploads\/2023\/10\/lame-pirate.jpg","width":800,"height":800,"caption":"Lame dissimul\u00e9e gantelet"},{"@type":"BreadcrumbList","@id":"https:\/\/repliquemangacine.fr\/gantelets-assassins-creed\/lame-dissimulee-gantelet-assassins-creed-black-flag\/#breadcrumb","itemListElement":[{"@type":"ListItem","position":1,"name":"Accueil","item":"https:\/\/repliquemangacine.fr\/"},{"@type":"ListItem","position":2,"name":"Produits","item":"https:\/\/repliquemangacine.fr\/boutique\/"},{"@type":"ListItem","position":3,"name":"Lame dissimul\u00e9e gantelet"}]},{"@type":"WebSite","@id":"https:\/\/repliquemangacine.fr\/#website","url":"https:\/\/repliquemangacine.fr\/","name":"R\u00e9plique Manga Cin\u00e9","description":"","publisher":{"@id":"https:\/\/repliquemangacine.fr\/#organization"},"potentialAction":[{"@type":"SearchAction","target":{"@type":"EntryPoint","urlTemplate":"https:\/\/repliquemangacine.fr\/?s={search_term_string}"},"query-input":{"@type":"PropertyValueSpecification","valueRequired":true,"valueName":"search_term_string"}}],"inLanguage":"it-IT"},{"@type":"Organization","@id":"https:\/\/repliquemangacine.fr\/#organization","name":"R\u00e9plique Manga Cin\u00e9","url":"https:\/\/repliquemangacine.fr\/","logo":{"@type":"ImageObject","inLanguage":"it-IT","@id":"https:\/\/repliquemangacine.fr\/#\/schema\/logo\/image\/","url":"https:\/\/repliquemangacine.fr\/wp-content\/uploads\/2023\/10\/RMC-500250.png","contentUrl":"https:\/\/repliquemangacine.fr\/wp-content\/uploads\/2023\/10\/RMC-500250.png","width":500,"height":250,"caption":"R\u00e9plique Manga Cin\u00e9"},"image":{"@id":"https:\/\/repliquemangacine.fr\/#\/schema\/logo\/image\/"},"sameAs":["https:\/\/www.facebook.com\/RepliqueMangaCine","https:\/\/www.instagram.com\/repliquemangacine.fr\/"]}]}},"_links":{"self":[{"href":"https:\/\/repliquemangacine.fr\/it\/wp-json\/wp\/v2\/product\/42340","targetHints":{"allow":["GET"]}}],"collection":[{"href":"https:\/\/repliquemangacine.fr\/it\/wp-json\/wp\/v2\/product"}],"about":[{"href":"https:\/\/repliquemangacine.fr\/it\/wp-json\/wp\/v2\/types\/product"}],"wp:featuredmedia":[{"embeddable":true,"href":"https:\/\/repliquemangacine.fr\/it\/wp-json\/wp\/v2\/media\/42341"}],"wp:attachment":[{"href":"https:\/\/repliquemangacine.fr\/it\/wp-json\/wp\/v2\/media?parent=42340"}],"wp:term":[{"taxonomy":"product_brand","embeddable":true,"href":"https:\/\/repliquemangacine.fr\/it\/wp-json\/wp\/v2\/product_brand?post=42340"},{"taxonomy":"product_cat","embeddable":true,"href":"https:\/\/repliquemangacine.fr\/it\/wp-json\/wp\/v2\/product_cat?post=42340"},{"taxonomy":"product_tag","embeddable":true,"href":"https:\/\/repliquemangacine.fr\/it\/wp-json\/wp\/v2\/product_tag?post=42340"}],"curies":[{"name":"wp","href":"https:\/\/api.w.org\/{rel}","templated":true}]}}