





{"id":42325,"date":"2021-08-20T12:52:27","date_gmt":"2021-08-20T10:52:27","guid":{"rendered":"https:\/\/repliquemangacine.fr\/?post_type=product&#038;p=42325"},"modified":"2025-09-23T18:02:38","modified_gmt":"2025-09-23T16:02:38","slug":"lama-fantasma-assassins-creed-unity","status":"publish","type":"product","link":"https:\/\/repliquemangacine.fr\/it\/gantelets-assassins-creed\/lame-fantome-assassins-creed-unity\/","title":{"rendered":"Lama fantasma di Assassin's Creed Unity"},"content":{"rendered":"<h2>Assassin's Creed-Unity Phantom Blade.<\/h2>\n<p>Per cominciare, il <strong>Lama fantasma di Assassin's Creed-Unity<\/strong> \u00e8 una modifica della lama segreta introdotta e adottata dalle Confr\u00e9ries des Assassins francesi, in particolare durante la Rivoluzione.<\/p>\n<p>Questa balestra retrattile in miniatura, attaccata al bracciale, poteva essere usata per sparare silenziosamente lame affilate a una distanza di circa venti metri.<\/p>\n<p>La lama estratta, che \u00e8 diversa dalla lama segreta, \u00e8 posta sotto quest'ultima. L'arco si dispiega dopo aver attivato un meccanismo di trazione a forma di insegna degli Assassini, collegato alle due estremit\u00e0 della balestra da corde.<\/p>\n<p>La <a href=\"https:\/\/assassinscreed.fandom.com\/fr\/wiki\/Lame_fant\u00f4me\" target=\"_blank\" rel=\"noopener noreferrer\">Lama fantasma<\/a> poteva sparare due tipi di proiettili: lame standard e lame \"furia\" intrise di veleno. Una volta che l'arma era stata potenziata, era possibile per chi la utilizzava, compreso Arno Dorian, sparare due lame senza dover armare nuovamente la balestra.<\/p>\n<h2>Il tuo Assassin's Creed-Unity Phantom Blade al miglior prezzo.<\/h2>\n<p>Abbiamo una vasta gamma di repliche del famoso videogioco Assassin's Creed.<\/p>\n<p>Innanzitutto,<\/p>\n<ul>\n<li>Il famoso <a href=\"https:\/\/repliquemangacine.fr\/it\/assassins-creed\/epee-daltair-assassins-creed\/\">spada di Alta\u00efr<\/a> nella prima parte della serie.<\/li>\n<li>C'\u00e8 anche il <a href=\"https:\/\/repliquemangacine.fr\/it\/assassins-creed\/assassin-s-creed-odyssey-replica-lancia-spezzata-di-leonida\/\">La lancia spezzata di Leonida<\/a> in Assassin's Creed Odyssey.<\/li>\n<li>Ma anche il sublime insieme di <a href=\"https:\/\/repliquemangacine.fr\/it\/assassins-creed\/asce-assassins-creed-valhalla\/\">due asce in Assassin's Creed Valhalla<\/a> utilizzato da Eivor Varinsdottir.<\/li>\n<li>E molti altri da scoprire nel nostro negozio online!<\/li>\n<\/ul>\n<p>Ecco quindi alcune ottime idee regalo per i fan della storica serie di Assassin's Creed.<\/p>\n<p>In conclusione, potete utilizzare la lama Phantom di Assassin's Creed-Unity per le vostre sfilate di cosplay o per le vostre serate a tema. Ma soprattutto, questa lama \u00e8 un oggetto da collezione e un pezzo decorativo.<\/p>\n<h2>Le ultime uscite di Assassin's Creed a basso costo<\/h2>\n<p>Il nostro obiettivo \u00e8 soddisfarvi, per questo facciamo tutto il possibile per trovare gli oggetti da collezione che state cercando. Non esitate quindi a comunicarci le vostre richieste e i vostri commenti, affinch\u00e9 possiamo continuare insieme questa avventura!<\/p>\n<p>Sempre all'avanguardia e sempre pronti ad ascoltare le vostre ricerche sui prodotti, siamo lieti di potervi offrire alcune piccole chicche come :<\/p>\n<ul>\n<li>L'ultima aggiunta al <a href=\"https:\/\/repliquemangacine.fr\/it\/assassins-creed-spade-assassins-creed-armi\/marteau-thor-assassins-creed-valhalla\/\">Il martello di Thor in Assassin's Creed Valhalla<\/a><\/li>\n<li>E c'\u00e8 molto altro in arrivo, come le statuette di Assassin's Creed.<\/li>\n<\/ul>\n<p>replica Manga Cin\u00e9 \u00e8 un'azienda familiare francese.<\/p>","protected":false},"excerpt":{"rendered":"<p>La lama fantasma di Arno ispirata ad Assassin's Creed Unity.<\/p>\n<ul>\n<li>Lama segreta con blocco e sblocco.<\/li>\n<li>Braccio della balestra dispiegabile e retrattile e struttura in plastica morbida.<\/li>\n<li>Lama e balestra in PVC.<\/li>\n<li>Guanto termoplastico.<\/li>\n<li>Cinghia regolabile per adattarsi a tutte le taglie.<\/li>\n<\/ul>","protected":false},"featured_media":42326,"template":"","meta":[],"product_brand":[896],"product_cat":[48,835,23],"product_tag":[],"class_list":{"0":"post-42325","1":"product","2":"type-product","3":"status-publish","4":"has-post-thumbnail","6":"product_brand-replique-manga-cine","7":"product_cat-epees-assassins-creed-armes-assassins-creed","8":"product_cat-gantelets-assassins-creed","9":"product_cat-repliques-manga-jeux-video","11":"first","12":"outofstock","13":"taxable","14":"shipping-taxable","15":"purchasable","16":"product-type-simple"},"yoast_head":"<!-- This site is optimized with the Yoast SEO plugin v27.4 - https:\/\/yoast.com\/product\/yoast-seo-wordpress\/ -->\n<title>Lame Fant\u00f4me Assassin&#039;s Creed-Unity - R\u00e9plique Manga Cin\u00e9<\/title>\n<meta name=\"description\" content=\"Achetez vite ! Votre Lame Fant\u00f4me Assassin&#039;s Creed-Unity au meilleur prix. Lame r\u00e9tractable \u00e0 ressort - Bras d&#039;arbal\u00e8te d\u00e9ployables - Envoi 24\/48h\" \/>\n<meta name=\"robots\" content=\"index, follow, max-snippet:-1, max-image-preview:large, max-video-preview:-1\" \/>\n<link rel=\"canonical\" href=\"https:\/\/repliquemangacine.fr\/it\/guanti-assassins-creed\/lama-fantasma-assassins-creed-unity\/\" \/>\n<meta property=\"og:locale\" content=\"it_IT\" \/>\n<meta property=\"og:type\" content=\"article\" \/>\n<meta property=\"og:title\" content=\"Lame Fant\u00f4me Assassin&#039;s Creed-Unity - R\u00e9plique Manga Cin\u00e9\" \/>\n<meta property=\"og:description\" content=\"Achetez vite ! Votre Lame Fant\u00f4me Assassin&#039;s Creed-Unity au meilleur prix. Lame r\u00e9tractable \u00e0 ressort - Bras d&#039;arbal\u00e8te d\u00e9ployables - Envoi 24\/48h\" \/>\n<meta property=\"og:url\" content=\"https:\/\/repliquemangacine.fr\/it\/guanti-assassins-creed\/lama-fantasma-assassins-creed-unity\/\" \/>\n<meta property=\"og:site_name\" content=\"R\u00e9plique Manga Cin\u00e9\" \/>\n<meta property=\"article:publisher\" content=\"https:\/\/www.facebook.com\/RepliqueMangaCine\" \/>\n<meta property=\"article:modified_time\" content=\"2025-09-23T16:02:38+00:00\" \/>\n<meta property=\"og:image\" content=\"https:\/\/repliquemangacine.fr\/wp-content\/uploads\/2023\/10\/lame-fantome.jpg\" \/>\n\t<meta property=\"og:image:width\" content=\"800\" \/>\n\t<meta property=\"og:image:height\" content=\"800\" \/>\n\t<meta property=\"og:image:type\" content=\"image\/jpeg\" \/>\n<meta name=\"twitter:card\" content=\"summary_large_image\" \/>\n<meta name=\"twitter:label1\" content=\"Tempo di lettura stimato\" \/>\n\t<meta name=\"twitter:data1\" content=\"1 minuto\" \/>\n<script type=\"application\/ld+json\" class=\"yoast-schema-graph\">{\"@context\":\"https:\\\/\\\/schema.org\",\"@graph\":[{\"@type\":\"WebPage\",\"@id\":\"https:\\\/\\\/repliquemangacine.fr\\\/gantelets-assassins-creed\\\/lame-fantome-assassins-creed-unity\\\/\",\"url\":\"https:\\\/\\\/repliquemangacine.fr\\\/gantelets-assassins-creed\\\/lame-fantome-assassins-creed-unity\\\/\",\"name\":\"Lame Fant\u00f4me Assassin's Creed-Unity - R\u00e9plique Manga Cin\u00e9\",\"isPartOf\":{\"@id\":\"https:\\\/\\\/repliquemangacine.fr\\\/#website\"},\"primaryImageOfPage\":{\"@id\":\"https:\\\/\\\/repliquemangacine.fr\\\/gantelets-assassins-creed\\\/lame-fantome-assassins-creed-unity\\\/#primaryimage\"},\"image\":{\"@id\":\"https:\\\/\\\/repliquemangacine.fr\\\/gantelets-assassins-creed\\\/lame-fantome-assassins-creed-unity\\\/#primaryimage\"},\"thumbnailUrl\":\"https:\\\/\\\/repliquemangacine.fr\\\/wp-content\\\/uploads\\\/2023\\\/10\\\/lame-fantome.jpg\",\"datePublished\":\"2021-08-20T10:52:27+00:00\",\"dateModified\":\"2025-09-23T16:02:38+00:00\",\"description\":\"Achetez vite ! Votre Lame Fant\u00f4me Assassin's Creed-Unity au meilleur prix. Lame r\u00e9tractable \u00e0 ressort - Bras d'arbal\u00e8te d\u00e9ployables - Envoi 24\\\/48h\",\"breadcrumb\":{\"@id\":\"https:\\\/\\\/repliquemangacine.fr\\\/gantelets-assassins-creed\\\/lame-fantome-assassins-creed-unity\\\/#breadcrumb\"},\"inLanguage\":\"it-IT\",\"potentialAction\":[{\"@type\":\"ReadAction\",\"target\":[\"https:\\\/\\\/repliquemangacine.fr\\\/gantelets-assassins-creed\\\/lame-fantome-assassins-creed-unity\\\/\"]}]},{\"@type\":\"ImageObject\",\"inLanguage\":\"it-IT\",\"@id\":\"https:\\\/\\\/repliquemangacine.fr\\\/gantelets-assassins-creed\\\/lame-fantome-assassins-creed-unity\\\/#primaryimage\",\"url\":\"https:\\\/\\\/repliquemangacine.fr\\\/wp-content\\\/uploads\\\/2023\\\/10\\\/lame-fantome.jpg\",\"contentUrl\":\"https:\\\/\\\/repliquemangacine.fr\\\/wp-content\\\/uploads\\\/2023\\\/10\\\/lame-fantome.jpg\",\"width\":800,\"height\":800,\"caption\":\"lame-fantome Assassin's Creed avec arbal\u00e8te\"},{\"@type\":\"BreadcrumbList\",\"@id\":\"https:\\\/\\\/repliquemangacine.fr\\\/gantelets-assassins-creed\\\/lame-fantome-assassins-creed-unity\\\/#breadcrumb\",\"itemListElement\":[{\"@type\":\"ListItem\",\"position\":1,\"name\":\"Accueil\",\"item\":\"https:\\\/\\\/repliquemangacine.fr\\\/\"},{\"@type\":\"ListItem\",\"position\":2,\"name\":\"Produits\",\"item\":\"https:\\\/\\\/repliquemangacine.fr\\\/boutique\\\/\"},{\"@type\":\"ListItem\",\"position\":3,\"name\":\"Lame Fant\u00f4me Assassin&#8217;s Creed Unity\"}]},{\"@type\":\"WebSite\",\"@id\":\"https:\\\/\\\/repliquemangacine.fr\\\/#website\",\"url\":\"https:\\\/\\\/repliquemangacine.fr\\\/\",\"name\":\"R\u00e9plique Manga Cin\u00e9\",\"description\":\"\",\"publisher\":{\"@id\":\"https:\\\/\\\/repliquemangacine.fr\\\/#organization\"},\"potentialAction\":[{\"@type\":\"SearchAction\",\"target\":{\"@type\":\"EntryPoint\",\"urlTemplate\":\"https:\\\/\\\/repliquemangacine.fr\\\/?s={search_term_string}\"},\"query-input\":{\"@type\":\"PropertyValueSpecification\",\"valueRequired\":true,\"valueName\":\"search_term_string\"}}],\"inLanguage\":\"it-IT\"},{\"@type\":\"Organization\",\"@id\":\"https:\\\/\\\/repliquemangacine.fr\\\/#organization\",\"name\":\"R\u00e9plique Manga Cin\u00e9\",\"url\":\"https:\\\/\\\/repliquemangacine.fr\\\/\",\"logo\":{\"@type\":\"ImageObject\",\"inLanguage\":\"it-IT\",\"@id\":\"https:\\\/\\\/repliquemangacine.fr\\\/#\\\/schema\\\/logo\\\/image\\\/\",\"url\":\"https:\\\/\\\/repliquemangacine.fr\\\/wp-content\\\/uploads\\\/2023\\\/10\\\/RMC-500250.png\",\"contentUrl\":\"https:\\\/\\\/repliquemangacine.fr\\\/wp-content\\\/uploads\\\/2023\\\/10\\\/RMC-500250.png\",\"width\":500,\"height\":250,\"caption\":\"R\u00e9plique Manga Cin\u00e9\"},\"image\":{\"@id\":\"https:\\\/\\\/repliquemangacine.fr\\\/#\\\/schema\\\/logo\\\/image\\\/\"},\"sameAs\":[\"https:\\\/\\\/www.facebook.com\\\/RepliqueMangaCine\",\"https:\\\/\\\/www.instagram.com\\\/repliquemangacine.fr\\\/\"]}]}<\/script>\n<!-- \/ Yoast SEO plugin. -->","yoast_head_json":{"title":"Lama fantasma di Assassin's Creed-Unity - R\u00e9plique Manga Cin\u00e9","description":"Acquista ora! Il tuo Assassin's Creed-Unity Ghost Blade al miglior prezzo. Lama retrattile a molla - Braccia della balestra dispiegabili - Spedizione in 24\/48 ore","robots":{"index":"index","follow":"follow","max-snippet":"max-snippet:-1","max-image-preview":"max-image-preview:large","max-video-preview":"max-video-preview:-1"},"canonical":"https:\/\/repliquemangacine.fr\/it\/guanti-assassins-creed\/lama-fantasma-assassins-creed-unity\/","og_locale":"it_IT","og_type":"article","og_title":"Lame Fant\u00f4me Assassin's Creed-Unity - R\u00e9plique Manga Cin\u00e9","og_description":"Achetez vite ! Votre Lame Fant\u00f4me Assassin's Creed-Unity au meilleur prix. Lame r\u00e9tractable \u00e0 ressort - Bras d'arbal\u00e8te d\u00e9ployables - Envoi 24\/48h","og_url":"https:\/\/repliquemangacine.fr\/it\/guanti-assassins-creed\/lama-fantasma-assassins-creed-unity\/","og_site_name":"R\u00e9plique Manga Cin\u00e9","article_publisher":"https:\/\/www.facebook.com\/RepliqueMangaCine","article_modified_time":"2025-09-23T16:02:38+00:00","og_image":[{"width":800,"height":800,"url":"https:\/\/repliquemangacine.fr\/wp-content\/uploads\/2023\/10\/lame-fantome.jpg","type":"image\/jpeg"}],"twitter_card":"summary_large_image","twitter_misc":{"Tempo di lettura stimato":"1 minuto"},"schema":{"@context":"https:\/\/schema.org","@graph":[{"@type":"WebPage","@id":"https:\/\/repliquemangacine.fr\/gantelets-assassins-creed\/lame-fantome-assassins-creed-unity\/","url":"https:\/\/repliquemangacine.fr\/gantelets-assassins-creed\/lame-fantome-assassins-creed-unity\/","name":"Lama fantasma di Assassin's Creed-Unity - R\u00e9plique Manga Cin\u00e9","isPartOf":{"@id":"https:\/\/repliquemangacine.fr\/#website"},"primaryImageOfPage":{"@id":"https:\/\/repliquemangacine.fr\/gantelets-assassins-creed\/lame-fantome-assassins-creed-unity\/#primaryimage"},"image":{"@id":"https:\/\/repliquemangacine.fr\/gantelets-assassins-creed\/lame-fantome-assassins-creed-unity\/#primaryimage"},"thumbnailUrl":"https:\/\/repliquemangacine.fr\/wp-content\/uploads\/2023\/10\/lame-fantome.jpg","datePublished":"2021-08-20T10:52:27+00:00","dateModified":"2025-09-23T16:02:38+00:00","description":"Acquista ora! Il tuo Assassin's Creed-Unity Ghost Blade al miglior prezzo. Lama retrattile a molla - Braccia della balestra dispiegabili - Spedizione in 24\/48 ore","breadcrumb":{"@id":"https:\/\/repliquemangacine.fr\/gantelets-assassins-creed\/lame-fantome-assassins-creed-unity\/#breadcrumb"},"inLanguage":"it-IT","potentialAction":[{"@type":"ReadAction","target":["https:\/\/repliquemangacine.fr\/gantelets-assassins-creed\/lame-fantome-assassins-creed-unity\/"]}]},{"@type":"ImageObject","inLanguage":"it-IT","@id":"https:\/\/repliquemangacine.fr\/gantelets-assassins-creed\/lame-fantome-assassins-creed-unity\/#primaryimage","url":"https:\/\/repliquemangacine.fr\/wp-content\/uploads\/2023\/10\/lame-fantome.jpg","contentUrl":"https:\/\/repliquemangacine.fr\/wp-content\/uploads\/2023\/10\/lame-fantome.jpg","width":800,"height":800,"caption":"lame-fantome Assassin's Creed avec arbal\u00e8te"},{"@type":"BreadcrumbList","@id":"https:\/\/repliquemangacine.fr\/gantelets-assassins-creed\/lame-fantome-assassins-creed-unity\/#breadcrumb","itemListElement":[{"@type":"ListItem","position":1,"name":"Accueil","item":"https:\/\/repliquemangacine.fr\/"},{"@type":"ListItem","position":2,"name":"Produits","item":"https:\/\/repliquemangacine.fr\/boutique\/"},{"@type":"ListItem","position":3,"name":"Lame Fant\u00f4me Assassin&#8217;s Creed Unity"}]},{"@type":"WebSite","@id":"https:\/\/repliquemangacine.fr\/#website","url":"https:\/\/repliquemangacine.fr\/","name":"R\u00e9plique Manga Cin\u00e9","description":"","publisher":{"@id":"https:\/\/repliquemangacine.fr\/#organization"},"potentialAction":[{"@type":"SearchAction","target":{"@type":"EntryPoint","urlTemplate":"https:\/\/repliquemangacine.fr\/?s={search_term_string}"},"query-input":{"@type":"PropertyValueSpecification","valueRequired":true,"valueName":"search_term_string"}}],"inLanguage":"it-IT"},{"@type":"Organization","@id":"https:\/\/repliquemangacine.fr\/#organization","name":"R\u00e9plique Manga Cin\u00e9","url":"https:\/\/repliquemangacine.fr\/","logo":{"@type":"ImageObject","inLanguage":"it-IT","@id":"https:\/\/repliquemangacine.fr\/#\/schema\/logo\/image\/","url":"https:\/\/repliquemangacine.fr\/wp-content\/uploads\/2023\/10\/RMC-500250.png","contentUrl":"https:\/\/repliquemangacine.fr\/wp-content\/uploads\/2023\/10\/RMC-500250.png","width":500,"height":250,"caption":"R\u00e9plique Manga Cin\u00e9"},"image":{"@id":"https:\/\/repliquemangacine.fr\/#\/schema\/logo\/image\/"},"sameAs":["https:\/\/www.facebook.com\/RepliqueMangaCine","https:\/\/www.instagram.com\/repliquemangacine.fr\/"]}]}},"_links":{"self":[{"href":"https:\/\/repliquemangacine.fr\/it\/wp-json\/wp\/v2\/product\/42325","targetHints":{"allow":["GET"]}}],"collection":[{"href":"https:\/\/repliquemangacine.fr\/it\/wp-json\/wp\/v2\/product"}],"about":[{"href":"https:\/\/repliquemangacine.fr\/it\/wp-json\/wp\/v2\/types\/product"}],"wp:featuredmedia":[{"embeddable":true,"href":"https:\/\/repliquemangacine.fr\/it\/wp-json\/wp\/v2\/media\/42326"}],"wp:attachment":[{"href":"https:\/\/repliquemangacine.fr\/it\/wp-json\/wp\/v2\/media?parent=42325"}],"wp:term":[{"taxonomy":"product_brand","embeddable":true,"href":"https:\/\/repliquemangacine.fr\/it\/wp-json\/wp\/v2\/product_brand?post=42325"},{"taxonomy":"product_cat","embeddable":true,"href":"https:\/\/repliquemangacine.fr\/it\/wp-json\/wp\/v2\/product_cat?post=42325"},{"taxonomy":"product_tag","embeddable":true,"href":"https:\/\/repliquemangacine.fr\/it\/wp-json\/wp\/v2\/product_tag?post=42325"}],"curies":[{"name":"wp","href":"https:\/\/api.w.org\/{rel}","templated":true}]}}