





{"id":42318,"date":"2021-08-20T11:39:02","date_gmt":"2021-08-20T09:39:02","guid":{"rendered":"https:\/\/repliquemangacine.fr\/?post_type=product&#038;p=42318"},"modified":"2025-09-23T18:02:38","modified_gmt":"2025-09-23T16:02:38","slug":"dassassin-guanto-di-sfida-lama-segreta","status":"publish","type":"product","link":"https:\/\/repliquemangacine.fr\/it\/gantelets-assassins-creed\/gantelet-dassassin-lame-secrete\/","title":{"rendered":"Guanto dell'Assassino, lama segreta"},"content":{"rendered":"<h2>La lama segreta Assassin's Gauntlet in Assassin's Creed Syndicate.<\/h2>\n<p>Per cominciare, la lama segreta del Guanto dell'Assassino in <a href=\"https:\/\/assassinscreed.fandom.com\/wiki\/Assassin's_Creed:_Syndicate\" target=\"_blank\" rel=\"noopener noreferrer\">Assassin's Creed Syndicate<\/a> \u00e8 distribuito da Ubisoft.<\/p>\n<p>Nel 1868, gli assassini britannici Evie e Jacob Frye si impegnarono a riprendersi Londra dai Cavalieri Templari britannici. In seguito a una guerra tra bande con il capo della banda, i Frye si impossessarono del suo rampino rotto.<\/p>\n<p>Ritenendo che la pistola potesse ancora rivelarsi utile, Henry Green li present\u00f2 all'inventore Alexander Graham Bell, che modific\u00f2 il lanciatore per adattarlo ai guanti dei Fryes. Bell aggiunse poi una pistola a dardi al bracciale, permettendo ai gemelli di lanciare dardi allucinogeni verso i loro bersagli.<\/p>\n<p>Gli Assassini hanno a disposizione una variet\u00e0 di equipaggiamenti, ma iniziano il gioco con una lama nascosta sul loro guanto da Assassino, bombe fumogene e coltelli da lancio.<\/p>\n<h2>Il tuo Secret Blade Assassin's Gauntlet al miglior prezzo<\/h2>\n<p>Abbiamo una vasta gamma di repliche del famoso videogioco Assassin's Creed.<\/p>\n<p>Va bene,<\/p>\n<ul>\n<li>Il famoso <a href=\"https:\/\/repliquemangacine.fr\/it\/assassins-creed\/asta-di-spada-assassins-creed\/\">Bastone con spada di Giacobbe<\/a> in Assassin's Creed Syndicate.<\/li>\n<li>C'\u00e8 anche il <a href=\"https:\/\/repliquemangacine.fr\/it\/assassins-creed\/tomahawk-des-assassins-hache-connor-kenway\/\">Ascia Tomahawk<\/a> in Assassin's Creed 3.<\/li>\n<li>Ma anche <a href=\"https:\/\/repliquemangacine.fr\/it\/assassins-creed\/coltelli-da-lancio-altair-assassin-s-creed\/\">Coltelli da lancio Alta\u00efr<\/a>.<\/li>\n<li>E molti altri da scoprire nel nostro negozio online!<\/li>\n<\/ul>\n<p>Ecco quindi alcune ottime idee regalo per i fan della storica serie di Assassin's Creed.<\/p>\n<p>In conclusione, potete utilizzare il Secret Blade Assassin's Gauntlet per le vostre sfilate di Cosplay o per le vostre serate a tema. Ma soprattutto, questa lama \u00e8 un oggetto da collezione e un pezzo decorativo.<\/p>\n<h2>Le ultime uscite di Assassin's Creed a basso costo<\/h2>\n<p>Il nostro obiettivo \u00e8 soddisfarvi, per questo facciamo tutto il possibile per trovare gli oggetti da collezione che state cercando. Non esitate quindi a comunicarci le vostre richieste e i vostri commenti, affinch\u00e9 possiamo continuare insieme questa avventura!<\/p>\n<p>Sempre all'avanguardia e sempre pronti ad ascoltare le vostre ricerche sui prodotti, siamo lieti di potervi offrire alcune piccole chicche come :<\/p>\n<ul>\n<li>Le due asce di Eivor in Assassin's creed Valhalla<\/li>\n<li>L'ultima aggiunta al <a href=\"https:\/\/repliquemangacine.fr\/it\/assassins-creed-spade-assassins-creed-armi\/marteau-thor-assassins-creed-valhalla\/\">Il martello di Thor in Assassin's Creed Valhalla<\/a><\/li>\n<li>E c'\u00e8 molto altro in arrivo, come le statuette di Assassin's Creed.<\/li>\n<\/ul>\n<p>replica Manga Cin\u00e9 \u00e8 un'azienda familiare francese.<\/p>","protected":false},"excerpt":{"rendered":"<p>Questa replica a grandezza naturale dell'arma di Giacobbe \u00e8 composta da :<\/p>\n<ul>\n<li>Funzionale lama segreta retrattile a molla con blocco e sblocco della lama.<\/li>\n<li>Guanto in ABS.<\/li>\n<li>Lama in ABS, con lanciatore di rampini e canna per dardi.<\/li>\n<li>Scatola con i colori di Assassin's Creed Syndicate di Ubicollectible Ubisoft.<\/li>\n<\/ul>","protected":false},"featured_media":42319,"template":"","meta":[],"product_brand":[896],"product_cat":[48,835,23],"product_tag":[],"class_list":{"0":"post-42318","1":"product","2":"type-product","3":"status-publish","4":"has-post-thumbnail","6":"product_brand-replique-manga-cine","7":"product_cat-epees-assassins-creed-armes-assassins-creed","8":"product_cat-gantelets-assassins-creed","9":"product_cat-repliques-manga-jeux-video","11":"first","12":"outofstock","13":"sale","14":"taxable","15":"shipping-taxable","16":"purchasable","17":"product-type-simple"},"yoast_head":"<!-- This site is optimized with the Yoast SEO plugin v27.4 - https:\/\/yoast.com\/product\/yoast-seo-wordpress\/ -->\n<title>Gantelet d&#039;Assassin lame secr\u00e8te - R\u00e9plique Manga Cin\u00e9<\/title>\n<meta name=\"description\" content=\"Commandez vite ! Votre Gantelet d&#039;Assassin lame secr\u00e8te dans Assassin&#039;s Creed Syndicate d&#039;Ubisoft au meilleur prix. Lame en ABS r\u00e9tractable \u00e0 ressort.\" \/>\n<meta name=\"robots\" content=\"index, follow, max-snippet:-1, max-image-preview:large, max-video-preview:-1\" \/>\n<link rel=\"canonical\" href=\"https:\/\/repliquemangacine.fr\/it\/guanti-assassins-creed\/dassassin-guanto-di-sfida-lama-segreta\/\" \/>\n<meta property=\"og:locale\" content=\"it_IT\" \/>\n<meta property=\"og:type\" content=\"article\" \/>\n<meta property=\"og:title\" content=\"Gantelet d&#039;Assassin lame secr\u00e8te - R\u00e9plique Manga Cin\u00e9\" \/>\n<meta property=\"og:description\" content=\"Commandez vite ! Votre Gantelet d&#039;Assassin lame secr\u00e8te dans Assassin&#039;s Creed Syndicate d&#039;Ubisoft au meilleur prix. Lame en ABS r\u00e9tractable \u00e0 ressort.\" \/>\n<meta property=\"og:url\" content=\"https:\/\/repliquemangacine.fr\/it\/guanti-assassins-creed\/dassassin-guanto-di-sfida-lama-segreta\/\" \/>\n<meta property=\"og:site_name\" content=\"R\u00e9plique Manga Cin\u00e9\" \/>\n<meta property=\"article:publisher\" content=\"https:\/\/www.facebook.com\/RepliqueMangaCine\" \/>\n<meta property=\"article:modified_time\" content=\"2025-09-23T16:02:38+00:00\" \/>\n<meta property=\"og:image\" content=\"https:\/\/repliquemangacine.fr\/wp-content\/uploads\/2023\/10\/gantelet-dassassin.jpg\" \/>\n\t<meta property=\"og:image:width\" content=\"800\" \/>\n\t<meta property=\"og:image:height\" content=\"800\" \/>\n\t<meta property=\"og:image:type\" content=\"image\/jpeg\" \/>\n<meta name=\"twitter:card\" content=\"summary_large_image\" \/>\n<meta name=\"twitter:label1\" content=\"Tempo di lettura stimato\" \/>\n\t<meta name=\"twitter:data1\" content=\"2 minuti\" \/>\n<script type=\"application\/ld+json\" class=\"yoast-schema-graph\">{\"@context\":\"https:\\\/\\\/schema.org\",\"@graph\":[{\"@type\":\"WebPage\",\"@id\":\"https:\\\/\\\/repliquemangacine.fr\\\/gantelets-assassins-creed\\\/gantelet-dassassin-lame-secrete\\\/\",\"url\":\"https:\\\/\\\/repliquemangacine.fr\\\/gantelets-assassins-creed\\\/gantelet-dassassin-lame-secrete\\\/\",\"name\":\"Gantelet d'Assassin lame secr\u00e8te - R\u00e9plique Manga Cin\u00e9\",\"isPartOf\":{\"@id\":\"https:\\\/\\\/repliquemangacine.fr\\\/#website\"},\"primaryImageOfPage\":{\"@id\":\"https:\\\/\\\/repliquemangacine.fr\\\/gantelets-assassins-creed\\\/gantelet-dassassin-lame-secrete\\\/#primaryimage\"},\"image\":{\"@id\":\"https:\\\/\\\/repliquemangacine.fr\\\/gantelets-assassins-creed\\\/gantelet-dassassin-lame-secrete\\\/#primaryimage\"},\"thumbnailUrl\":\"https:\\\/\\\/repliquemangacine.fr\\\/wp-content\\\/uploads\\\/2023\\\/10\\\/gantelet-dassassin.jpg\",\"datePublished\":\"2021-08-20T09:39:02+00:00\",\"dateModified\":\"2025-09-23T16:02:38+00:00\",\"description\":\"Commandez vite ! Votre Gantelet d'Assassin lame secr\u00e8te dans Assassin's Creed Syndicate d'Ubisoft au meilleur prix. Lame en ABS r\u00e9tractable \u00e0 ressort.\",\"breadcrumb\":{\"@id\":\"https:\\\/\\\/repliquemangacine.fr\\\/gantelets-assassins-creed\\\/gantelet-dassassin-lame-secrete\\\/#breadcrumb\"},\"inLanguage\":\"it-IT\",\"potentialAction\":[{\"@type\":\"ReadAction\",\"target\":[\"https:\\\/\\\/repliquemangacine.fr\\\/gantelets-assassins-creed\\\/gantelet-dassassin-lame-secrete\\\/\"]}]},{\"@type\":\"ImageObject\",\"inLanguage\":\"it-IT\",\"@id\":\"https:\\\/\\\/repliquemangacine.fr\\\/gantelets-assassins-creed\\\/gantelet-dassassin-lame-secrete\\\/#primaryimage\",\"url\":\"https:\\\/\\\/repliquemangacine.fr\\\/wp-content\\\/uploads\\\/2023\\\/10\\\/gantelet-dassassin.jpg\",\"contentUrl\":\"https:\\\/\\\/repliquemangacine.fr\\\/wp-content\\\/uploads\\\/2023\\\/10\\\/gantelet-dassassin.jpg\",\"width\":800,\"height\":800,\"caption\":\"Gantelet d'Assassin lame secr\u00e8te\"},{\"@type\":\"BreadcrumbList\",\"@id\":\"https:\\\/\\\/repliquemangacine.fr\\\/gantelets-assassins-creed\\\/gantelet-dassassin-lame-secrete\\\/#breadcrumb\",\"itemListElement\":[{\"@type\":\"ListItem\",\"position\":1,\"name\":\"Accueil\",\"item\":\"https:\\\/\\\/repliquemangacine.fr\\\/\"},{\"@type\":\"ListItem\",\"position\":2,\"name\":\"Produits\",\"item\":\"https:\\\/\\\/repliquemangacine.fr\\\/boutique\\\/\"},{\"@type\":\"ListItem\",\"position\":3,\"name\":\"Gantelet d&#8217;Assassin lame secr\u00e8te\"}]},{\"@type\":\"WebSite\",\"@id\":\"https:\\\/\\\/repliquemangacine.fr\\\/#website\",\"url\":\"https:\\\/\\\/repliquemangacine.fr\\\/\",\"name\":\"R\u00e9plique Manga Cin\u00e9\",\"description\":\"\",\"publisher\":{\"@id\":\"https:\\\/\\\/repliquemangacine.fr\\\/#organization\"},\"potentialAction\":[{\"@type\":\"SearchAction\",\"target\":{\"@type\":\"EntryPoint\",\"urlTemplate\":\"https:\\\/\\\/repliquemangacine.fr\\\/?s={search_term_string}\"},\"query-input\":{\"@type\":\"PropertyValueSpecification\",\"valueRequired\":true,\"valueName\":\"search_term_string\"}}],\"inLanguage\":\"it-IT\"},{\"@type\":\"Organization\",\"@id\":\"https:\\\/\\\/repliquemangacine.fr\\\/#organization\",\"name\":\"R\u00e9plique Manga Cin\u00e9\",\"url\":\"https:\\\/\\\/repliquemangacine.fr\\\/\",\"logo\":{\"@type\":\"ImageObject\",\"inLanguage\":\"it-IT\",\"@id\":\"https:\\\/\\\/repliquemangacine.fr\\\/#\\\/schema\\\/logo\\\/image\\\/\",\"url\":\"https:\\\/\\\/repliquemangacine.fr\\\/wp-content\\\/uploads\\\/2023\\\/10\\\/RMC-500250.png\",\"contentUrl\":\"https:\\\/\\\/repliquemangacine.fr\\\/wp-content\\\/uploads\\\/2023\\\/10\\\/RMC-500250.png\",\"width\":500,\"height\":250,\"caption\":\"R\u00e9plique Manga Cin\u00e9\"},\"image\":{\"@id\":\"https:\\\/\\\/repliquemangacine.fr\\\/#\\\/schema\\\/logo\\\/image\\\/\"},\"sameAs\":[\"https:\\\/\\\/www.facebook.com\\\/RepliqueMangaCine\",\"https:\\\/\\\/www.instagram.com\\\/repliquemangacine.fr\\\/\"]}]}<\/script>\n<!-- \/ Yoast SEO plugin. -->","yoast_head_json":{"title":"Guanto da Assassino di Secret Blade - R\u00e9plique Manga Cin\u00e9","description":"Ordina ora! La lama segreta di Assassin's Gauntlet in Assassin's Creed Syndicate di Ubisoft al miglior prezzo. Lama in ABS retrattile a molla.","robots":{"index":"index","follow":"follow","max-snippet":"max-snippet:-1","max-image-preview":"max-image-preview:large","max-video-preview":"max-video-preview:-1"},"canonical":"https:\/\/repliquemangacine.fr\/it\/guanti-assassins-creed\/dassassin-guanto-di-sfida-lama-segreta\/","og_locale":"it_IT","og_type":"article","og_title":"Gantelet d'Assassin lame secr\u00e8te - R\u00e9plique Manga Cin\u00e9","og_description":"Commandez vite ! Votre Gantelet d'Assassin lame secr\u00e8te dans Assassin's Creed Syndicate d'Ubisoft au meilleur prix. Lame en ABS r\u00e9tractable \u00e0 ressort.","og_url":"https:\/\/repliquemangacine.fr\/it\/guanti-assassins-creed\/dassassin-guanto-di-sfida-lama-segreta\/","og_site_name":"R\u00e9plique Manga Cin\u00e9","article_publisher":"https:\/\/www.facebook.com\/RepliqueMangaCine","article_modified_time":"2025-09-23T16:02:38+00:00","og_image":[{"width":800,"height":800,"url":"https:\/\/repliquemangacine.fr\/wp-content\/uploads\/2023\/10\/gantelet-dassassin.jpg","type":"image\/jpeg"}],"twitter_card":"summary_large_image","twitter_misc":{"Tempo di lettura stimato":"2 minuti"},"schema":{"@context":"https:\/\/schema.org","@graph":[{"@type":"WebPage","@id":"https:\/\/repliquemangacine.fr\/gantelets-assassins-creed\/gantelet-dassassin-lame-secrete\/","url":"https:\/\/repliquemangacine.fr\/gantelets-assassins-creed\/gantelet-dassassin-lame-secrete\/","name":"Guanto da Assassino di Secret Blade - R\u00e9plique Manga Cin\u00e9","isPartOf":{"@id":"https:\/\/repliquemangacine.fr\/#website"},"primaryImageOfPage":{"@id":"https:\/\/repliquemangacine.fr\/gantelets-assassins-creed\/gantelet-dassassin-lame-secrete\/#primaryimage"},"image":{"@id":"https:\/\/repliquemangacine.fr\/gantelets-assassins-creed\/gantelet-dassassin-lame-secrete\/#primaryimage"},"thumbnailUrl":"https:\/\/repliquemangacine.fr\/wp-content\/uploads\/2023\/10\/gantelet-dassassin.jpg","datePublished":"2021-08-20T09:39:02+00:00","dateModified":"2025-09-23T16:02:38+00:00","description":"Ordina ora! La lama segreta di Assassin's Gauntlet in Assassin's Creed Syndicate di Ubisoft al miglior prezzo. Lama in ABS retrattile a molla.","breadcrumb":{"@id":"https:\/\/repliquemangacine.fr\/gantelets-assassins-creed\/gantelet-dassassin-lame-secrete\/#breadcrumb"},"inLanguage":"it-IT","potentialAction":[{"@type":"ReadAction","target":["https:\/\/repliquemangacine.fr\/gantelets-assassins-creed\/gantelet-dassassin-lame-secrete\/"]}]},{"@type":"ImageObject","inLanguage":"it-IT","@id":"https:\/\/repliquemangacine.fr\/gantelets-assassins-creed\/gantelet-dassassin-lame-secrete\/#primaryimage","url":"https:\/\/repliquemangacine.fr\/wp-content\/uploads\/2023\/10\/gantelet-dassassin.jpg","contentUrl":"https:\/\/repliquemangacine.fr\/wp-content\/uploads\/2023\/10\/gantelet-dassassin.jpg","width":800,"height":800,"caption":"Gantelet d'Assassin lame secr\u00e8te"},{"@type":"BreadcrumbList","@id":"https:\/\/repliquemangacine.fr\/gantelets-assassins-creed\/gantelet-dassassin-lame-secrete\/#breadcrumb","itemListElement":[{"@type":"ListItem","position":1,"name":"Accueil","item":"https:\/\/repliquemangacine.fr\/"},{"@type":"ListItem","position":2,"name":"Produits","item":"https:\/\/repliquemangacine.fr\/boutique\/"},{"@type":"ListItem","position":3,"name":"Gantelet d&#8217;Assassin lame secr\u00e8te"}]},{"@type":"WebSite","@id":"https:\/\/repliquemangacine.fr\/#website","url":"https:\/\/repliquemangacine.fr\/","name":"R\u00e9plique Manga Cin\u00e9","description":"","publisher":{"@id":"https:\/\/repliquemangacine.fr\/#organization"},"potentialAction":[{"@type":"SearchAction","target":{"@type":"EntryPoint","urlTemplate":"https:\/\/repliquemangacine.fr\/?s={search_term_string}"},"query-input":{"@type":"PropertyValueSpecification","valueRequired":true,"valueName":"search_term_string"}}],"inLanguage":"it-IT"},{"@type":"Organization","@id":"https:\/\/repliquemangacine.fr\/#organization","name":"R\u00e9plique Manga Cin\u00e9","url":"https:\/\/repliquemangacine.fr\/","logo":{"@type":"ImageObject","inLanguage":"it-IT","@id":"https:\/\/repliquemangacine.fr\/#\/schema\/logo\/image\/","url":"https:\/\/repliquemangacine.fr\/wp-content\/uploads\/2023\/10\/RMC-500250.png","contentUrl":"https:\/\/repliquemangacine.fr\/wp-content\/uploads\/2023\/10\/RMC-500250.png","width":500,"height":250,"caption":"R\u00e9plique Manga Cin\u00e9"},"image":{"@id":"https:\/\/repliquemangacine.fr\/#\/schema\/logo\/image\/"},"sameAs":["https:\/\/www.facebook.com\/RepliqueMangaCine","https:\/\/www.instagram.com\/repliquemangacine.fr\/"]}]}},"_links":{"self":[{"href":"https:\/\/repliquemangacine.fr\/it\/wp-json\/wp\/v2\/product\/42318","targetHints":{"allow":["GET"]}}],"collection":[{"href":"https:\/\/repliquemangacine.fr\/it\/wp-json\/wp\/v2\/product"}],"about":[{"href":"https:\/\/repliquemangacine.fr\/it\/wp-json\/wp\/v2\/types\/product"}],"wp:featuredmedia":[{"embeddable":true,"href":"https:\/\/repliquemangacine.fr\/it\/wp-json\/wp\/v2\/media\/42319"}],"wp:attachment":[{"href":"https:\/\/repliquemangacine.fr\/it\/wp-json\/wp\/v2\/media?parent=42318"}],"wp:term":[{"taxonomy":"product_brand","embeddable":true,"href":"https:\/\/repliquemangacine.fr\/it\/wp-json\/wp\/v2\/product_brand?post=42318"},{"taxonomy":"product_cat","embeddable":true,"href":"https:\/\/repliquemangacine.fr\/it\/wp-json\/wp\/v2\/product_cat?post=42318"},{"taxonomy":"product_tag","embeddable":true,"href":"https:\/\/repliquemangacine.fr\/it\/wp-json\/wp\/v2\/product_tag?post=42318"}],"curies":[{"name":"wp","href":"https:\/\/api.w.org\/{rel}","templated":true}]}}