





{"id":41743,"date":"2021-08-02T14:17:34","date_gmt":"2021-08-02T12:17:34","guid":{"rendered":"https:\/\/repliquemangacine.fr\/?post_type=product&#038;p=41743"},"modified":"2026-03-12T12:11:23","modified_gmt":"2026-03-12T11:11:23","slug":"scacchiera-dei-maghi-gioco-degli-scacchi-hp","status":"publish","type":"product","link":"https:\/\/repliquemangacine.fr\/it\/divers-goodies\/echiquier-des-sorciers-jeu-dechec-hp\/","title":{"rendered":"Set di scacchi di Harry Potter"},"content":{"rendered":"<h2>Scacchiera ufficiale del mago in Harry Potter.<\/h2>\n<p>Per cominciare, questo <strong>Scacchiera degli stregoni<\/strong>\u00e8 una replica autentica di Harry PotterTM con licenza ufficiale distribuita da <a href=\"https:\/\/noblecollection.fr\/echiquier-des-sorciers-harry-potter-p-4658.html\" target=\"_blank\" rel=\"noopener noreferrer\">Collezione Nobile<\/a>.<\/p>\n<p>Ron insegna a Harry a giocare durante le vacanze di Natale del 1991. Harry gioca contro Ron con pezzi prestatigli da Seamus Finnigan, ma i due non si fidano di lui e mettono in discussione le sue decisioni.<\/p>\n<p>Harry riceve in regalo una versione magica degli scacchi in un petardo a sorpresa durante la cena di Natale. Prova il gioco e viene sonoramente battuto da Ron.<\/p>\n<p>Infine, la scacchiera gigante, che \u00e8 una delle protezioni della Pietra Filosofale (quella di Minerva McGranitt). Ron accetta la sfida, essendo un giocatore di scacchi molto pi\u00f9 bravo di Harry e Hermione. Dovranno sostituire i pezzi neri per attraversare la stanza.<\/p>\n<h2>Il vostro oggetto da collezione di Harry Potter al miglior prezzo<\/h2>\n<p>Offriamo un'ampia gamma di articoli da collezione e prodotti ufficiali di Harry Potter della Noble Collection.<\/p>\n<p>Innanzitutto,<\/p>\n<ul>\n<li>Il famoso <a href=\"https:\/\/repliquemangacine.fr\/it\/harry-potter\/il-deluminatore-di-ron-weasley\/\">Il Deluminatore di Ron<\/a>che ha ereditato alla morte di Silente.<\/li>\n<li>L'<a href=\"https:\/\/repliquemangacine.fr\/it\/collezionisti-di-harry-potter\/harry-potter-godric-grifondoro-spada\/\">Spada di Godric Grifondoro<\/a> che Harry usa per combattere il Basilisco.<\/li>\n<li>E molti altri da scoprire nel nostro negozio online!<\/li>\n<li>Naturalmente, per rendere felici i vostri bambini, abbiamo anche tutte le bacchette non ufficiali sul nostro sito, ma a prezzi bassi.<\/li>\n<\/ul>\n<p>Ecco un'ottima idea regalo per tutti i fan di Harry Potter<\/p>\n<p>In conclusione, \u00e8 possibile utilizzare questo <strong>Scacchiera degli stregoni<\/strong> per i vostri cosplay o feste a tema. Ma soprattutto, \u00e8 un oggetto da collezione e una decorazione.<\/p>\n<p>R\u00e9plique Manga Cin\u00e9 \u00e8 un'azienda familiare francese.<\/p>\n<p>&nbsp;<\/p>","protected":false},"excerpt":{"rendered":"<p>Scacchiera ufficiale di Harry Potter distribuita da The Noble Collection.<\/p>\n<ul>\n<li>Ricostruzione dettagliata della scacchiera del mago in Harry Potter e la Pietra Stregata.<\/li>\n<li>Autorizzato ufficialmente da Warner Bros.<\/li>\n<li>32 pezzi di scacchi con custodia.<\/li>\n<li>Tabellone di gioco 45 cm X 45 cm<\/li>\n<li>I pezzi degli scacchi misurano da 5 a 10 cm.<\/li>\n<\/ul>","protected":false},"featured_media":41744,"template":"","meta":[],"product_brand":[896],"product_cat":[87,98,24,94,41],"product_tag":[],"class_list":{"0":"post-41743","1":"product","2":"type-product","3":"status-publish","4":"has-post-thumbnail","6":"product_brand-replique-manga-cine","7":"product_cat-collectors-et-goodies-harry-potter","8":"product_cat-divers-goodies","9":"product_cat-films-series-tv-vente-de-katana-epee-et-produits-derives","10":"product_cat-goodies","11":"product_cat-baguettes-et-goodies-harry-potter","13":"first","14":"instock","15":"taxable","16":"shipping-taxable","17":"purchasable","18":"product-type-simple"},"yoast_head":"<!-- This site is optimized with the Yoast SEO plugin v27.5 - https:\/\/yoast.com\/product\/yoast-seo-wordpress\/ -->\n<title>Echiquier des sorciers - Harry Potter | R\u00e9plique Manga Cin\u00e9<\/title>\n<meta name=\"description\" content=\"Superbe Echiquier des sorciers dans Harry Potter au meilleur prix - Jeu de 32 pi\u00e8ces - Plateau Harry Potter - Sous licence Officielle - Envoi 24\/48h\" \/>\n<meta name=\"robots\" content=\"index, follow, max-snippet:-1, max-image-preview:large, max-video-preview:-1\" \/>\n<link rel=\"canonical\" href=\"https:\/\/repliquemangacine.fr\/it\/varie-chicche\/scacchiera-dei-maghi-gioco-degli-scacchi-hp\/\" \/>\n<meta property=\"og:locale\" content=\"it_IT\" \/>\n<meta property=\"og:type\" content=\"article\" \/>\n<meta property=\"og:title\" content=\"Echiquier des sorciers - Harry Potter | R\u00e9plique Manga Cin\u00e9\" \/>\n<meta property=\"og:description\" content=\"Superbe Echiquier des sorciers dans Harry Potter au meilleur prix - Jeu de 32 pi\u00e8ces - Plateau Harry Potter - Sous licence Officielle - Envoi 24\/48h\" \/>\n<meta property=\"og:url\" content=\"https:\/\/repliquemangacine.fr\/it\/varie-chicche\/scacchiera-dei-maghi-gioco-degli-scacchi-hp\/\" \/>\n<meta property=\"og:site_name\" content=\"R\u00e9plique Manga Cin\u00e9\" \/>\n<meta property=\"article:publisher\" content=\"https:\/\/www.facebook.com\/RepliqueMangaCine\" \/>\n<meta property=\"article:modified_time\" content=\"2026-03-12T11:11:23+00:00\" \/>\n<meta property=\"og:image\" content=\"https:\/\/repliquemangacine.fr\/wp-content\/uploads\/2023\/10\/jeu-dechec-hp.jpg\" \/>\n\t<meta property=\"og:image:width\" content=\"800\" \/>\n\t<meta property=\"og:image:height\" content=\"800\" \/>\n\t<meta property=\"og:image:type\" content=\"image\/jpeg\" \/>\n<meta name=\"twitter:card\" content=\"summary_large_image\" \/>\n<meta name=\"twitter:label1\" content=\"Tempo di lettura stimato\" \/>\n\t<meta name=\"twitter:data1\" content=\"2 minuti\" \/>\n<script type=\"application\/ld+json\" class=\"yoast-schema-graph\">{\"@context\":\"https:\\\/\\\/schema.org\",\"@graph\":[{\"@type\":\"WebPage\",\"@id\":\"https:\\\/\\\/repliquemangacine.fr\\\/divers-goodies\\\/echiquier-des-sorciers-jeu-dechec-hp\\\/\",\"url\":\"https:\\\/\\\/repliquemangacine.fr\\\/divers-goodies\\\/echiquier-des-sorciers-jeu-dechec-hp\\\/\",\"name\":\"Echiquier des sorciers - Harry Potter | R\u00e9plique Manga Cin\u00e9\",\"isPartOf\":{\"@id\":\"https:\\\/\\\/repliquemangacine.fr\\\/#website\"},\"primaryImageOfPage\":{\"@id\":\"https:\\\/\\\/repliquemangacine.fr\\\/divers-goodies\\\/echiquier-des-sorciers-jeu-dechec-hp\\\/#primaryimage\"},\"image\":{\"@id\":\"https:\\\/\\\/repliquemangacine.fr\\\/divers-goodies\\\/echiquier-des-sorciers-jeu-dechec-hp\\\/#primaryimage\"},\"thumbnailUrl\":\"https:\\\/\\\/repliquemangacine.fr\\\/wp-content\\\/uploads\\\/2023\\\/10\\\/jeu-dechec-hp.jpg\",\"datePublished\":\"2021-08-02T12:17:34+00:00\",\"dateModified\":\"2026-03-12T11:11:23+00:00\",\"description\":\"Superbe Echiquier des sorciers dans Harry Potter au meilleur prix - Jeu de 32 pi\u00e8ces - Plateau Harry Potter - Sous licence Officielle - Envoi 24\\\/48h\",\"breadcrumb\":{\"@id\":\"https:\\\/\\\/repliquemangacine.fr\\\/divers-goodies\\\/echiquier-des-sorciers-jeu-dechec-hp\\\/#breadcrumb\"},\"inLanguage\":\"it-IT\",\"potentialAction\":[{\"@type\":\"ReadAction\",\"target\":[\"https:\\\/\\\/repliquemangacine.fr\\\/divers-goodies\\\/echiquier-des-sorciers-jeu-dechec-hp\\\/\"]}]},{\"@type\":\"ImageObject\",\"inLanguage\":\"it-IT\",\"@id\":\"https:\\\/\\\/repliquemangacine.fr\\\/divers-goodies\\\/echiquier-des-sorciers-jeu-dechec-hp\\\/#primaryimage\",\"url\":\"https:\\\/\\\/repliquemangacine.fr\\\/wp-content\\\/uploads\\\/2023\\\/10\\\/jeu-dechec-hp.jpg\",\"contentUrl\":\"https:\\\/\\\/repliquemangacine.fr\\\/wp-content\\\/uploads\\\/2023\\\/10\\\/jeu-dechec-hp.jpg\",\"width\":800,\"height\":800,\"caption\":\"Jeu \u00e9chec Harry Potter 32 pi\u00e8ces\"},{\"@type\":\"BreadcrumbList\",\"@id\":\"https:\\\/\\\/repliquemangacine.fr\\\/divers-goodies\\\/echiquier-des-sorciers-jeu-dechec-hp\\\/#breadcrumb\",\"itemListElement\":[{\"@type\":\"ListItem\",\"position\":1,\"name\":\"Accueil\",\"item\":\"https:\\\/\\\/repliquemangacine.fr\\\/\"},{\"@type\":\"ListItem\",\"position\":2,\"name\":\"Produits\",\"item\":\"https:\\\/\\\/repliquemangacine.fr\\\/boutique\\\/\"},{\"@type\":\"ListItem\",\"position\":3,\"name\":\"Jeu d&#8217;\u00e9chec Harry Potter\"}]},{\"@type\":\"WebSite\",\"@id\":\"https:\\\/\\\/repliquemangacine.fr\\\/#website\",\"url\":\"https:\\\/\\\/repliquemangacine.fr\\\/\",\"name\":\"R\u00e9plique Manga Cin\u00e9\",\"description\":\"\",\"publisher\":{\"@id\":\"https:\\\/\\\/repliquemangacine.fr\\\/#organization\"},\"potentialAction\":[{\"@type\":\"SearchAction\",\"target\":{\"@type\":\"EntryPoint\",\"urlTemplate\":\"https:\\\/\\\/repliquemangacine.fr\\\/?s={search_term_string}\"},\"query-input\":{\"@type\":\"PropertyValueSpecification\",\"valueRequired\":true,\"valueName\":\"search_term_string\"}}],\"inLanguage\":\"it-IT\"},{\"@type\":\"Organization\",\"@id\":\"https:\\\/\\\/repliquemangacine.fr\\\/#organization\",\"name\":\"R\u00e9plique Manga Cin\u00e9\",\"url\":\"https:\\\/\\\/repliquemangacine.fr\\\/\",\"logo\":{\"@type\":\"ImageObject\",\"inLanguage\":\"it-IT\",\"@id\":\"https:\\\/\\\/repliquemangacine.fr\\\/#\\\/schema\\\/logo\\\/image\\\/\",\"url\":\"https:\\\/\\\/repliquemangacine.fr\\\/wp-content\\\/uploads\\\/2023\\\/10\\\/RMC-500250.png\",\"contentUrl\":\"https:\\\/\\\/repliquemangacine.fr\\\/wp-content\\\/uploads\\\/2023\\\/10\\\/RMC-500250.png\",\"width\":500,\"height\":250,\"caption\":\"R\u00e9plique Manga Cin\u00e9\"},\"image\":{\"@id\":\"https:\\\/\\\/repliquemangacine.fr\\\/#\\\/schema\\\/logo\\\/image\\\/\"},\"sameAs\":[\"https:\\\/\\\/www.facebook.com\\\/RepliqueMangaCine\",\"https:\\\/\\\/www.instagram.com\\\/repliquemangacine.fr\\\/\"]}]}<\/script>\n<!-- \/ Yoast SEO plugin. -->","yoast_head_json":{"title":"Scacchiera dei maghi - Harry Potter | R\u00e9plique Manga Cin\u00e9","description":"Scacchiera del mago di Harry Potter al miglior prezzo - 32 pezzi - Scacchiera di Harry Potter - Con licenza ufficiale - Spedizione 24\/48 ore","robots":{"index":"index","follow":"follow","max-snippet":"max-snippet:-1","max-image-preview":"max-image-preview:large","max-video-preview":"max-video-preview:-1"},"canonical":"https:\/\/repliquemangacine.fr\/it\/varie-chicche\/scacchiera-dei-maghi-gioco-degli-scacchi-hp\/","og_locale":"it_IT","og_type":"article","og_title":"Echiquier des sorciers - Harry Potter | R\u00e9plique Manga Cin\u00e9","og_description":"Superbe Echiquier des sorciers dans Harry Potter au meilleur prix - Jeu de 32 pi\u00e8ces - Plateau Harry Potter - Sous licence Officielle - Envoi 24\/48h","og_url":"https:\/\/repliquemangacine.fr\/it\/varie-chicche\/scacchiera-dei-maghi-gioco-degli-scacchi-hp\/","og_site_name":"R\u00e9plique Manga Cin\u00e9","article_publisher":"https:\/\/www.facebook.com\/RepliqueMangaCine","article_modified_time":"2026-03-12T11:11:23+00:00","og_image":[{"width":800,"height":800,"url":"https:\/\/repliquemangacine.fr\/wp-content\/uploads\/2023\/10\/jeu-dechec-hp.jpg","type":"image\/jpeg"}],"twitter_card":"summary_large_image","twitter_misc":{"Tempo di lettura stimato":"2 minuti"},"schema":{"@context":"https:\/\/schema.org","@graph":[{"@type":"WebPage","@id":"https:\/\/repliquemangacine.fr\/divers-goodies\/echiquier-des-sorciers-jeu-dechec-hp\/","url":"https:\/\/repliquemangacine.fr\/divers-goodies\/echiquier-des-sorciers-jeu-dechec-hp\/","name":"Scacchiera dei maghi - Harry Potter | R\u00e9plique Manga Cin\u00e9","isPartOf":{"@id":"https:\/\/repliquemangacine.fr\/#website"},"primaryImageOfPage":{"@id":"https:\/\/repliquemangacine.fr\/divers-goodies\/echiquier-des-sorciers-jeu-dechec-hp\/#primaryimage"},"image":{"@id":"https:\/\/repliquemangacine.fr\/divers-goodies\/echiquier-des-sorciers-jeu-dechec-hp\/#primaryimage"},"thumbnailUrl":"https:\/\/repliquemangacine.fr\/wp-content\/uploads\/2023\/10\/jeu-dechec-hp.jpg","datePublished":"2021-08-02T12:17:34+00:00","dateModified":"2026-03-12T11:11:23+00:00","description":"Scacchiera del mago di Harry Potter al miglior prezzo - 32 pezzi - Scacchiera di Harry Potter - Con licenza ufficiale - Spedizione 24\/48 ore","breadcrumb":{"@id":"https:\/\/repliquemangacine.fr\/divers-goodies\/echiquier-des-sorciers-jeu-dechec-hp\/#breadcrumb"},"inLanguage":"it-IT","potentialAction":[{"@type":"ReadAction","target":["https:\/\/repliquemangacine.fr\/divers-goodies\/echiquier-des-sorciers-jeu-dechec-hp\/"]}]},{"@type":"ImageObject","inLanguage":"it-IT","@id":"https:\/\/repliquemangacine.fr\/divers-goodies\/echiquier-des-sorciers-jeu-dechec-hp\/#primaryimage","url":"https:\/\/repliquemangacine.fr\/wp-content\/uploads\/2023\/10\/jeu-dechec-hp.jpg","contentUrl":"https:\/\/repliquemangacine.fr\/wp-content\/uploads\/2023\/10\/jeu-dechec-hp.jpg","width":800,"height":800,"caption":"Jeu \u00e9chec Harry Potter 32 pi\u00e8ces"},{"@type":"BreadcrumbList","@id":"https:\/\/repliquemangacine.fr\/divers-goodies\/echiquier-des-sorciers-jeu-dechec-hp\/#breadcrumb","itemListElement":[{"@type":"ListItem","position":1,"name":"Accueil","item":"https:\/\/repliquemangacine.fr\/"},{"@type":"ListItem","position":2,"name":"Produits","item":"https:\/\/repliquemangacine.fr\/boutique\/"},{"@type":"ListItem","position":3,"name":"Jeu d&#8217;\u00e9chec Harry Potter"}]},{"@type":"WebSite","@id":"https:\/\/repliquemangacine.fr\/#website","url":"https:\/\/repliquemangacine.fr\/","name":"R\u00e9plique Manga Cin\u00e9","description":"","publisher":{"@id":"https:\/\/repliquemangacine.fr\/#organization"},"potentialAction":[{"@type":"SearchAction","target":{"@type":"EntryPoint","urlTemplate":"https:\/\/repliquemangacine.fr\/?s={search_term_string}"},"query-input":{"@type":"PropertyValueSpecification","valueRequired":true,"valueName":"search_term_string"}}],"inLanguage":"it-IT"},{"@type":"Organization","@id":"https:\/\/repliquemangacine.fr\/#organization","name":"R\u00e9plique Manga Cin\u00e9","url":"https:\/\/repliquemangacine.fr\/","logo":{"@type":"ImageObject","inLanguage":"it-IT","@id":"https:\/\/repliquemangacine.fr\/#\/schema\/logo\/image\/","url":"https:\/\/repliquemangacine.fr\/wp-content\/uploads\/2023\/10\/RMC-500250.png","contentUrl":"https:\/\/repliquemangacine.fr\/wp-content\/uploads\/2023\/10\/RMC-500250.png","width":500,"height":250,"caption":"R\u00e9plique Manga Cin\u00e9"},"image":{"@id":"https:\/\/repliquemangacine.fr\/#\/schema\/logo\/image\/"},"sameAs":["https:\/\/www.facebook.com\/RepliqueMangaCine","https:\/\/www.instagram.com\/repliquemangacine.fr\/"]}]}},"_links":{"self":[{"href":"https:\/\/repliquemangacine.fr\/it\/wp-json\/wp\/v2\/product\/41743","targetHints":{"allow":["GET"]}}],"collection":[{"href":"https:\/\/repliquemangacine.fr\/it\/wp-json\/wp\/v2\/product"}],"about":[{"href":"https:\/\/repliquemangacine.fr\/it\/wp-json\/wp\/v2\/types\/product"}],"wp:featuredmedia":[{"embeddable":true,"href":"https:\/\/repliquemangacine.fr\/it\/wp-json\/wp\/v2\/media\/41744"}],"wp:attachment":[{"href":"https:\/\/repliquemangacine.fr\/it\/wp-json\/wp\/v2\/media?parent=41743"}],"wp:term":[{"taxonomy":"product_brand","embeddable":true,"href":"https:\/\/repliquemangacine.fr\/it\/wp-json\/wp\/v2\/product_brand?post=41743"},{"taxonomy":"product_cat","embeddable":true,"href":"https:\/\/repliquemangacine.fr\/it\/wp-json\/wp\/v2\/product_cat?post=41743"},{"taxonomy":"product_tag","embeddable":true,"href":"https:\/\/repliquemangacine.fr\/it\/wp-json\/wp\/v2\/product_tag?post=41743"}],"curies":[{"name":"wp","href":"https:\/\/api.w.org\/{rel}","templated":true}]}}