





{"id":41693,"date":"2021-07-31T18:35:00","date_gmt":"2021-07-31T16:35:00","guid":{"rendered":"https:\/\/repliquemangacine.fr\/?post_type=product&#038;p=41693"},"modified":"2025-11-09T12:42:19","modified_gmt":"2025-11-09T11:42:19","slug":"drago-meliodas-sette-peccati-capitali-box-set","status":"publish","type":"product","link":"https:\/\/repliquemangacine.fr\/it\/porte-cles-goodies\/coffret-dragon-meliodas-seven-deadly-sins\/","title":{"rendered":"I sette peccati capitali: il cofanetto di dragon meliodas"},"content":{"rendered":"<h2>Set di 10 pezzi di drago meliodas.<\/h2>\n<p>Per cominciare, questo <strong>Set di draghi Meliodas<\/strong> \u00e8 un'aggiunta essenziale alla vostra collezione.<\/p>\n<p>Seven Deadly Sins (\u00abNanatsu no taizai\u00bb) \u00e8 un manga animato.<\/p>\n<p>10 anni fa, nel regno di Britannia, un gruppo di cavalieri molto crudeli, i <a href=\"https:\/\/seven-deadly-sins.fandom.com\/fr\/wiki\/Seven_Deadly_Sins\" target=\"_blank\" rel=\"noopener noreferrer\">I sette peccati capitali<\/a> (I sette peccati capitali), si sono macchiati di un crimine abominevole. Da allora sono scomparsi e nessuno sa che fine abbiano fatto! La Principessa Elizabeth far\u00e0 di tutto per ritrovare questi leggendari cavalieri. Ai suoi occhi, essi rappresentano l'unica speranza del regno contro i potentissimi Cavalieri Sacri che hanno rovesciato il governo e stanno seminando il terrore!<\/p>\n<p>Meliodas, un ragazzo dalla forza eccezionale, e Hawk, il suo maiale, segnano l'inizio di una ricerca ricca di colpi di scena, magia e combattimenti!<\/p>\n<h2>Il vostro set di meliodas di drago da 10 pezzi al miglior prezzo.<\/h2>\n<p>Offriamo un'ampia gamma di repliche del vostro manga preferito Seven Deadly Sins.<\/p>\n<p>Innanzitutto,<\/p>\n<ul>\n<li>L'<a href=\"https:\/\/repliquemangacine.fr\/it\/katana-e-manga-spada-anime-altri-manga\/spada-del-drago-di-meliodas\/\">spada del drago<\/a> o la spada spezzata di Meliodas nel manga Seven Deadly Sins.<\/li>\n<li>C'\u00e8 anche una replica del<a href=\"https:\/\/repliquemangacine.fr\/it\/katana-e-manga-spada-anime-altri-manga\/la-spada-di-liz-nei-sette-peccati-capitali\/\">La spada di Liz<\/a> per M\u00e9liodas.<\/li>\n<li>E il tappetino per il mouse di Seven Deadly Sins (Nanatsu no taizai).<\/li>\n<li>E molto altro ancora da scoprire nel nostro negozio online!<\/li>\n<\/ul>\n<p>Ecco quindi alcune ottime idee regalo per tutti i fan degli anime manga.<\/p>\n<p>In conclusione, \u00e8 possibile utilizzare il proprio <strong>set drago meliodas<\/strong> nella vita di tutti i giorni. Su un portachiavi o un ciondolo, come preferite.<\/p>\n<h2>Come faccio a mantenere la lama della mia spada Seven Deadly Sins?<\/h2>\n<p>Le spade da collezione e decorative sono realizzate e assemblate in modo semplificato. Poich\u00e9 il loro uso \u00e8 decorativo, non hanno le caratteristiche di sicurezza richieste per una spada giapponese destinata all'allenamento.<\/p>\n<p>Tuttavia, il vostro <strong>set drago meliodas<\/strong> a una lama d'acciaio che deve essere curata per evitare che si danneggi nel tempo. Quando si espone la katana, gli amici saranno curiosi di vedere la lama e di toccarla. \u00c8 qui che bisogna fare attenzione, perch\u00e9 l'acidit\u00e0 delle dita \u00e8 molto dannosa per l'acciaio, indipendentemente dalla sua qualit\u00e0.<\/p>\n<p>Tuttavia, se ci\u00f2 dovesse accadere, niente panico: basta un panno inumidito con un po' d'olio per eliminare le impronte. In questo modo, la spada durer\u00e0 a lungo.<\/p>","protected":false},"excerpt":{"rendered":"<p>Superbo cofanetto di 10 spade in acciaio, le armi de I sette peccati capitali misurano tra gli 8 e i 12 cm.<\/p>\n<p>Questo pacchetto include :<\/p>\n<ul>\n<li>Lance Chastiefol de King<\/li>\n<li>Ascia di Rhitta d'Escanor<\/li>\n<li>L'ascia a martello Gideon di Diane<\/li>\n<li>La spada del drago<\/li>\n<li>Fodero per spada di drago<\/li>\n<li>Chiave dello scudo del cappello di cinghiale<\/li>\n<li>Medaglia con logo - Diametro: 3,5 cm<\/li>\n<li>1 catena da 60 cm<\/li>\n<li>1 anello portachiavi e 1 moschettone<\/li>\n<\/ul>\n<p>Viene fornito in una scatola da collezione con i colori del manga.<\/p>\n<p>&nbsp;<\/p>","protected":false},"featured_media":41694,"template":"","meta":[],"product_brand":[896],"product_cat":[98,94,23,96,110],"product_tag":[],"class_list":{"0":"post-41693","1":"product","2":"type-product","3":"status-publish","4":"has-post-thumbnail","6":"product_brand-replique-manga-cine","7":"product_cat-divers-goodies","8":"product_cat-goodies","9":"product_cat-repliques-manga-jeux-video","10":"product_cat-porte-cles-goodies","11":"product_cat-epees-seven-deadly-sins","13":"first","14":"outofstock","15":"taxable","16":"shipping-taxable","17":"purchasable","18":"product-type-simple"},"yoast_head":"<!-- This site is optimized with the Yoast SEO plugin v27.3 - https:\/\/yoast.com\/product\/yoast-seo-wordpress\/ -->\n<title>Coffret dragon meliodas Seven Deadly Sins - R\u00e9plique Manga Cin\u00e9<\/title>\n<meta name=\"description\" content=\"Offrez-vous ce coffret dragon meliodas Seven Deadly Sins au meilleur prix. Tout en acier - Coffret de 10 pi\u00e8ces - Envoi 24\/48h\" \/>\n<meta name=\"robots\" content=\"index, follow, max-snippet:-1, max-image-preview:large, max-video-preview:-1\" \/>\n<link rel=\"canonical\" href=\"https:\/\/repliquemangacine.fr\/it\/spade-dei-sette-peccati-capitali\/drago-meliodas-sette-peccati-capitali-box-set\/\" \/>\n<meta property=\"og:locale\" content=\"it_IT\" \/>\n<meta property=\"og:type\" content=\"article\" \/>\n<meta property=\"og:title\" content=\"Coffret dragon meliodas Seven Deadly Sins - R\u00e9plique Manga Cin\u00e9\" \/>\n<meta property=\"og:description\" content=\"Offrez-vous ce coffret dragon meliodas Seven Deadly Sins au meilleur prix. Tout en acier - Coffret de 10 pi\u00e8ces - Envoi 24\/48h\" \/>\n<meta property=\"og:url\" content=\"https:\/\/repliquemangacine.fr\/it\/spade-dei-sette-peccati-capitali\/drago-meliodas-sette-peccati-capitali-box-set\/\" \/>\n<meta property=\"og:site_name\" content=\"R\u00e9plique Manga Cin\u00e9\" \/>\n<meta property=\"article:publisher\" content=\"https:\/\/www.facebook.com\/RepliqueMangaCine\" \/>\n<meta property=\"article:modified_time\" content=\"2025-11-09T11:42:19+00:00\" \/>\n<meta property=\"og:image\" content=\"https:\/\/repliquemangacine.fr\/wp-content\/uploads\/2023\/10\/coffret-dragon-meliodas.jpg\" \/>\n\t<meta property=\"og:image:width\" content=\"500\" \/>\n\t<meta property=\"og:image:height\" content=\"500\" \/>\n\t<meta property=\"og:image:type\" content=\"image\/jpeg\" \/>\n<meta name=\"twitter:card\" content=\"summary_large_image\" \/>\n<meta name=\"twitter:label1\" content=\"Tempo di lettura stimato\" \/>\n\t<meta name=\"twitter:data1\" content=\"1 minuto\" \/>\n<script type=\"application\/ld+json\" class=\"yoast-schema-graph\">{\"@context\":\"https:\\\/\\\/schema.org\",\"@graph\":[{\"@type\":\"WebPage\",\"@id\":\"https:\\\/\\\/repliquemangacine.fr\\\/epees-seven-deadly-sins\\\/coffret-dragon-meliodas-seven-deadly-sins\\\/\",\"url\":\"https:\\\/\\\/repliquemangacine.fr\\\/epees-seven-deadly-sins\\\/coffret-dragon-meliodas-seven-deadly-sins\\\/\",\"name\":\"Coffret dragon meliodas Seven Deadly Sins - R\u00e9plique Manga Cin\u00e9\",\"isPartOf\":{\"@id\":\"https:\\\/\\\/repliquemangacine.fr\\\/#website\"},\"primaryImageOfPage\":{\"@id\":\"https:\\\/\\\/repliquemangacine.fr\\\/epees-seven-deadly-sins\\\/coffret-dragon-meliodas-seven-deadly-sins\\\/#primaryimage\"},\"image\":{\"@id\":\"https:\\\/\\\/repliquemangacine.fr\\\/epees-seven-deadly-sins\\\/coffret-dragon-meliodas-seven-deadly-sins\\\/#primaryimage\"},\"thumbnailUrl\":\"https:\\\/\\\/repliquemangacine.fr\\\/wp-content\\\/uploads\\\/2023\\\/10\\\/coffret-dragon-meliodas.jpg\",\"datePublished\":\"2021-07-31T16:35:00+00:00\",\"dateModified\":\"2025-11-09T11:42:19+00:00\",\"description\":\"Offrez-vous ce coffret dragon meliodas Seven Deadly Sins au meilleur prix. Tout en acier - Coffret de 10 pi\u00e8ces - Envoi 24\\\/48h\",\"breadcrumb\":{\"@id\":\"https:\\\/\\\/repliquemangacine.fr\\\/epees-seven-deadly-sins\\\/coffret-dragon-meliodas-seven-deadly-sins\\\/#breadcrumb\"},\"inLanguage\":\"it-IT\",\"potentialAction\":[{\"@type\":\"ReadAction\",\"target\":[\"https:\\\/\\\/repliquemangacine.fr\\\/epees-seven-deadly-sins\\\/coffret-dragon-meliodas-seven-deadly-sins\\\/\"]}]},{\"@type\":\"ImageObject\",\"inLanguage\":\"it-IT\",\"@id\":\"https:\\\/\\\/repliquemangacine.fr\\\/epees-seven-deadly-sins\\\/coffret-dragon-meliodas-seven-deadly-sins\\\/#primaryimage\",\"url\":\"https:\\\/\\\/repliquemangacine.fr\\\/wp-content\\\/uploads\\\/2023\\\/10\\\/coffret-dragon-meliodas.jpg\",\"contentUrl\":\"https:\\\/\\\/repliquemangacine.fr\\\/wp-content\\\/uploads\\\/2023\\\/10\\\/coffret-dragon-meliodas.jpg\",\"width\":500,\"height\":500,\"caption\":\"coffret dragon meliodas 10 pi\u00e8ces\"},{\"@type\":\"BreadcrumbList\",\"@id\":\"https:\\\/\\\/repliquemangacine.fr\\\/epees-seven-deadly-sins\\\/coffret-dragon-meliodas-seven-deadly-sins\\\/#breadcrumb\",\"itemListElement\":[{\"@type\":\"ListItem\",\"position\":1,\"name\":\"Accueil\",\"item\":\"https:\\\/\\\/repliquemangacine.fr\\\/\"},{\"@type\":\"ListItem\",\"position\":2,\"name\":\"Produits\",\"item\":\"https:\\\/\\\/repliquemangacine.fr\\\/boutique\\\/\"},{\"@type\":\"ListItem\",\"position\":3,\"name\":\"Coffret dragon meliodas Seven Deadly Sins\"}]},{\"@type\":\"WebSite\",\"@id\":\"https:\\\/\\\/repliquemangacine.fr\\\/#website\",\"url\":\"https:\\\/\\\/repliquemangacine.fr\\\/\",\"name\":\"R\u00e9plique Manga Cin\u00e9\",\"description\":\"\",\"publisher\":{\"@id\":\"https:\\\/\\\/repliquemangacine.fr\\\/#organization\"},\"potentialAction\":[{\"@type\":\"SearchAction\",\"target\":{\"@type\":\"EntryPoint\",\"urlTemplate\":\"https:\\\/\\\/repliquemangacine.fr\\\/?s={search_term_string}\"},\"query-input\":{\"@type\":\"PropertyValueSpecification\",\"valueRequired\":true,\"valueName\":\"search_term_string\"}}],\"inLanguage\":\"it-IT\"},{\"@type\":\"Organization\",\"@id\":\"https:\\\/\\\/repliquemangacine.fr\\\/#organization\",\"name\":\"R\u00e9plique Manga Cin\u00e9\",\"url\":\"https:\\\/\\\/repliquemangacine.fr\\\/\",\"logo\":{\"@type\":\"ImageObject\",\"inLanguage\":\"it-IT\",\"@id\":\"https:\\\/\\\/repliquemangacine.fr\\\/#\\\/schema\\\/logo\\\/image\\\/\",\"url\":\"https:\\\/\\\/repliquemangacine.fr\\\/wp-content\\\/uploads\\\/2023\\\/10\\\/RMC-500250.png\",\"contentUrl\":\"https:\\\/\\\/repliquemangacine.fr\\\/wp-content\\\/uploads\\\/2023\\\/10\\\/RMC-500250.png\",\"width\":500,\"height\":250,\"caption\":\"R\u00e9plique Manga Cin\u00e9\"},\"image\":{\"@id\":\"https:\\\/\\\/repliquemangacine.fr\\\/#\\\/schema\\\/logo\\\/image\\\/\"},\"sameAs\":[\"https:\\\/\\\/www.facebook.com\\\/RepliqueMangaCine\",\"https:\\\/\\\/www.instagram.com\\\/repliquemangacine.fr\\\/\"]}]}<\/script>\n<!-- \/ Yoast SEO plugin. -->","yoast_head_json":{"title":"Sette peccati capitali: cofanetto di meliodi del drago - R\u00e9plique Manga Cin\u00e9","description":"Regalati questo cofanetto Seven Deadly Sins dragon meliodas al miglior prezzo. Tutto acciaio - Confezione da 10 pezzi - Spedizione 24\/48h","robots":{"index":"index","follow":"follow","max-snippet":"max-snippet:-1","max-image-preview":"max-image-preview:large","max-video-preview":"max-video-preview:-1"},"canonical":"https:\/\/repliquemangacine.fr\/it\/spade-dei-sette-peccati-capitali\/drago-meliodas-sette-peccati-capitali-box-set\/","og_locale":"it_IT","og_type":"article","og_title":"Coffret dragon meliodas Seven Deadly Sins - R\u00e9plique Manga Cin\u00e9","og_description":"Offrez-vous ce coffret dragon meliodas Seven Deadly Sins au meilleur prix. Tout en acier - Coffret de 10 pi\u00e8ces - Envoi 24\/48h","og_url":"https:\/\/repliquemangacine.fr\/it\/spade-dei-sette-peccati-capitali\/drago-meliodas-sette-peccati-capitali-box-set\/","og_site_name":"R\u00e9plique Manga Cin\u00e9","article_publisher":"https:\/\/www.facebook.com\/RepliqueMangaCine","article_modified_time":"2025-11-09T11:42:19+00:00","og_image":[{"width":500,"height":500,"url":"https:\/\/repliquemangacine.fr\/wp-content\/uploads\/2023\/10\/coffret-dragon-meliodas.jpg","type":"image\/jpeg"}],"twitter_card":"summary_large_image","twitter_misc":{"Tempo di lettura stimato":"1 minuto"},"schema":{"@context":"https:\/\/schema.org","@graph":[{"@type":"WebPage","@id":"https:\/\/repliquemangacine.fr\/epees-seven-deadly-sins\/coffret-dragon-meliodas-seven-deadly-sins\/","url":"https:\/\/repliquemangacine.fr\/epees-seven-deadly-sins\/coffret-dragon-meliodas-seven-deadly-sins\/","name":"Sette peccati capitali: cofanetto di meliodi del drago - R\u00e9plique Manga Cin\u00e9","isPartOf":{"@id":"https:\/\/repliquemangacine.fr\/#website"},"primaryImageOfPage":{"@id":"https:\/\/repliquemangacine.fr\/epees-seven-deadly-sins\/coffret-dragon-meliodas-seven-deadly-sins\/#primaryimage"},"image":{"@id":"https:\/\/repliquemangacine.fr\/epees-seven-deadly-sins\/coffret-dragon-meliodas-seven-deadly-sins\/#primaryimage"},"thumbnailUrl":"https:\/\/repliquemangacine.fr\/wp-content\/uploads\/2023\/10\/coffret-dragon-meliodas.jpg","datePublished":"2021-07-31T16:35:00+00:00","dateModified":"2025-11-09T11:42:19+00:00","description":"Regalati questo cofanetto Seven Deadly Sins dragon meliodas al miglior prezzo. Tutto acciaio - Confezione da 10 pezzi - Spedizione 24\/48h","breadcrumb":{"@id":"https:\/\/repliquemangacine.fr\/epees-seven-deadly-sins\/coffret-dragon-meliodas-seven-deadly-sins\/#breadcrumb"},"inLanguage":"it-IT","potentialAction":[{"@type":"ReadAction","target":["https:\/\/repliquemangacine.fr\/epees-seven-deadly-sins\/coffret-dragon-meliodas-seven-deadly-sins\/"]}]},{"@type":"ImageObject","inLanguage":"it-IT","@id":"https:\/\/repliquemangacine.fr\/epees-seven-deadly-sins\/coffret-dragon-meliodas-seven-deadly-sins\/#primaryimage","url":"https:\/\/repliquemangacine.fr\/wp-content\/uploads\/2023\/10\/coffret-dragon-meliodas.jpg","contentUrl":"https:\/\/repliquemangacine.fr\/wp-content\/uploads\/2023\/10\/coffret-dragon-meliodas.jpg","width":500,"height":500,"caption":"coffret dragon meliodas 10 pi\u00e8ces"},{"@type":"BreadcrumbList","@id":"https:\/\/repliquemangacine.fr\/epees-seven-deadly-sins\/coffret-dragon-meliodas-seven-deadly-sins\/#breadcrumb","itemListElement":[{"@type":"ListItem","position":1,"name":"Accueil","item":"https:\/\/repliquemangacine.fr\/"},{"@type":"ListItem","position":2,"name":"Produits","item":"https:\/\/repliquemangacine.fr\/boutique\/"},{"@type":"ListItem","position":3,"name":"Coffret dragon meliodas Seven Deadly Sins"}]},{"@type":"WebSite","@id":"https:\/\/repliquemangacine.fr\/#website","url":"https:\/\/repliquemangacine.fr\/","name":"R\u00e9plique Manga Cin\u00e9","description":"","publisher":{"@id":"https:\/\/repliquemangacine.fr\/#organization"},"potentialAction":[{"@type":"SearchAction","target":{"@type":"EntryPoint","urlTemplate":"https:\/\/repliquemangacine.fr\/?s={search_term_string}"},"query-input":{"@type":"PropertyValueSpecification","valueRequired":true,"valueName":"search_term_string"}}],"inLanguage":"it-IT"},{"@type":"Organization","@id":"https:\/\/repliquemangacine.fr\/#organization","name":"R\u00e9plique Manga Cin\u00e9","url":"https:\/\/repliquemangacine.fr\/","logo":{"@type":"ImageObject","inLanguage":"it-IT","@id":"https:\/\/repliquemangacine.fr\/#\/schema\/logo\/image\/","url":"https:\/\/repliquemangacine.fr\/wp-content\/uploads\/2023\/10\/RMC-500250.png","contentUrl":"https:\/\/repliquemangacine.fr\/wp-content\/uploads\/2023\/10\/RMC-500250.png","width":500,"height":250,"caption":"R\u00e9plique Manga Cin\u00e9"},"image":{"@id":"https:\/\/repliquemangacine.fr\/#\/schema\/logo\/image\/"},"sameAs":["https:\/\/www.facebook.com\/RepliqueMangaCine","https:\/\/www.instagram.com\/repliquemangacine.fr\/"]}]}},"_links":{"self":[{"href":"https:\/\/repliquemangacine.fr\/it\/wp-json\/wp\/v2\/product\/41693","targetHints":{"allow":["GET"]}}],"collection":[{"href":"https:\/\/repliquemangacine.fr\/it\/wp-json\/wp\/v2\/product"}],"about":[{"href":"https:\/\/repliquemangacine.fr\/it\/wp-json\/wp\/v2\/types\/product"}],"wp:featuredmedia":[{"embeddable":true,"href":"https:\/\/repliquemangacine.fr\/it\/wp-json\/wp\/v2\/media\/41694"}],"wp:attachment":[{"href":"https:\/\/repliquemangacine.fr\/it\/wp-json\/wp\/v2\/media?parent=41693"}],"wp:term":[{"taxonomy":"product_brand","embeddable":true,"href":"https:\/\/repliquemangacine.fr\/it\/wp-json\/wp\/v2\/product_brand?post=41693"},{"taxonomy":"product_cat","embeddable":true,"href":"https:\/\/repliquemangacine.fr\/it\/wp-json\/wp\/v2\/product_cat?post=41693"},{"taxonomy":"product_tag","embeddable":true,"href":"https:\/\/repliquemangacine.fr\/it\/wp-json\/wp\/v2\/product_tag?post=41693"}],"curies":[{"name":"wp","href":"https:\/\/api.w.org\/{rel}","templated":true}]}}