





{"id":41660,"date":"2021-07-30T17:51:12","date_gmt":"2021-07-30T15:51:12","guid":{"rendered":"https:\/\/repliquemangacine.fr\/?post_type=product&#038;p=41660"},"modified":"2025-12-03T21:30:52","modified_gmt":"2025-12-03T20:30:52","slug":"naruto-set-di-28-pezzi","status":"publish","type":"product","link":"https:\/\/repliquemangacine.fr\/it\/porte-cles-goodies\/coffret-naruto-set-de-28-pieces\/","title":{"rendered":"Naruto set di 28 pezzi"},"content":{"rendered":"<h2>Splendido set Naruto da 28 pezzi<\/h2>\n<p>Il set Naruto da 28 pezzi \u00e8 un mix di medaglie, collane, portachiavi e molto altro del famoso manga anime.<\/p>\n<p><a href=\"https:\/\/naruto.fandom.com\/fr\/wiki\/Accueil\">Naruto<\/a> \u00e8 un manga sh\u014dnen scritto e disegnato da Masashi Kishimoto. Dopo il successo del manga, gli studi Pierrot e Aniplex hanno prodotto un adattamento anime. Con oltre 250 milioni di copie pubblicate, Naruto \u00e8 uno dei manga pi\u00f9 venduti al mondo.<\/p>\n<p>La storia inizia durante l'adolescenza di Naruto, intorno ai dodici anni. Orfano e burlone, fa di tutto per farsi notare. Il suo sogno \u00e8 diventare il miglior Hokage per essere riconosciuto dagli abitanti del suo villaggio.<\/p>\n<p>L'inizio della storia \u00e8 incentrato su quattro personaggi principali: Naruto Uzumaki, naturalmente, ma anche Sakura Haruno, Sasuke Uchiwa e il loro sensei Kakashi Hatake, che compaiono in quasi tutti i primi capitoli del manga e ne sono i protagonisti.<\/p>\n<h3>Offriamo un'ampia gamma di repliche del manga animato Naruto<\/h3>\n<p>Innanzitutto,<\/p>\n<ul>\n<li>Il Chokut\u014d di Sasuke Uchiwa chiamato <a href=\"https:\/\/repliquemangacine.fr\/it\/katana-chicche-naruto\/katana-sasuke-spada-kusanagi\/\">Spada Kusanagi<\/a> in Naruto<\/li>\n<li>C'\u00e8 anche L'immenso <a href=\"https:\/\/repliquemangacine.fr\/it\/katana-chicche-naruto\/spada-zabuza-spada-kubikiribocho\/\">spada di Zabuza<\/a> Momochi, il Kubikirib\u00f4ch\u00f4 che sembra un gigantesco coltello da macellaio.<\/li>\n<li>Cos\u00ec come una replica identica del <a href=\"https:\/\/repliquemangacine.fr\/it\/katana-chicche-naruto\/kunai-despace-time-minato\/\">Kunai spazio-temporale<\/a> che Minato usa<\/li>\n<li>E molto altro ancora!<\/li>\n<\/ul>\n<p>\u00c8 un'ottima idea regalo per tutti gli appassionati di Medioevo.<\/p>\n<h3>Questo set di 28 pezzi di Naruto pu\u00f2 essere utilizzato anche nella vita quotidiana come collane o portachiavi.<\/h3>\n<p>Innanzitutto, questa scatola da collezione \u00e8 un oggetto da collezione e un pezzo di decorazione.<\/p>\n<p>R\u00e9plique Manga Cin\u00e9 \u00e8 un'azienda familiare francese.<\/p>\n<p><strong>Si prega di notare che tutte le nostre repliche sono oggetti da collezione e decorazioni. Possono essere utilizzate per rievocazioni storiche, sfilate di cosplay o decorazioni di interni. Di conseguenza, non \u00e8 possibile andare in luoghi pubblici con queste repliche.<\/strong><\/p>","protected":false},"excerpt":{"rendered":"<p>Ecco un'idea regalo per tutti gli amanti di Naruto.<\/p>\n<p>Questo set di 28 pezzi in acciaio rappresenta l'intero universo di Naruto. Questo set comprende:<\/p>\n<ul>\n<li>1 Kunai da 16 cm<\/li>\n<li>1 fascia Konoha<\/li>\n<li>1 Anello<\/li>\n<li>1 Shuriken utilizzabile come portachiavi o collana<\/li>\n<li>1 confezione di 3 mini kuna<\/li>\n<li>2 collane, tra cui quella del primo Hokage<\/li>\n<li>16 loghi di forma diversa che possono essere utilizzati anche come portachiavi o collane, a seconda delle esigenze.<\/li>\n<li>5 tubi per collane o portachiavi<\/li>\n<\/ul>\n<p>Viene fornito in una scatola color Naruto.<\/p>","protected":false},"featured_media":41661,"template":"","meta":[],"product_brand":[896],"product_cat":[98,94,23,42,96],"product_tag":[],"class_list":{"0":"post-41660","1":"product","2":"type-product","3":"status-publish","4":"has-post-thumbnail","6":"product_brand-replique-manga-cine","7":"product_cat-divers-goodies","8":"product_cat-goodies","9":"product_cat-repliques-manga-jeux-video","10":"product_cat-katana-goodies-naruto-kunai","11":"product_cat-porte-cles-goodies","13":"first","14":"outofstock","15":"taxable","16":"shipping-taxable","17":"purchasable","18":"product-type-simple"},"yoast_head":"<!-- This site is optimized with the Yoast SEO plugin v27.4 - https:\/\/yoast.com\/product\/yoast-seo-wordpress\/ -->\n<title>Coffret 28 pi\u00e8ces Naruto - Goodies Naruto - R\u00e9plique Manga Cin\u00e9<\/title>\n<meta name=\"description\" content=\"En exclusivit\u00e9 ! Retrouvez ce superbe Coffret 28 pi\u00e8ces Naruto, kunai, bandeau, porte cl\u00e9s, colliers... Les fans vont \u00eatre ravis !\" \/>\n<meta name=\"robots\" content=\"index, follow, max-snippet:-1, max-image-preview:large, max-video-preview:-1\" \/>\n<link rel=\"canonical\" href=\"https:\/\/repliquemangacine.fr\/it\/varie-chicche\/naruto-set-di-28-pezzi\/\" \/>\n<meta property=\"og:locale\" content=\"it_IT\" \/>\n<meta property=\"og:type\" content=\"article\" \/>\n<meta property=\"og:title\" content=\"Coffret 28 pi\u00e8ces Naruto - Goodies Naruto - R\u00e9plique Manga Cin\u00e9\" \/>\n<meta property=\"og:description\" content=\"En exclusivit\u00e9 ! Retrouvez ce superbe Coffret 28 pi\u00e8ces Naruto, kunai, bandeau, porte cl\u00e9s, colliers... Les fans vont \u00eatre ravis !\" \/>\n<meta property=\"og:url\" content=\"https:\/\/repliquemangacine.fr\/it\/varie-chicche\/naruto-set-di-28-pezzi\/\" \/>\n<meta property=\"og:site_name\" content=\"R\u00e9plique Manga Cin\u00e9\" \/>\n<meta property=\"article:publisher\" content=\"https:\/\/www.facebook.com\/RepliqueMangaCine\" \/>\n<meta property=\"article:modified_time\" content=\"2025-12-03T20:30:52+00:00\" \/>\n<meta property=\"og:image\" content=\"https:\/\/repliquemangacine.fr\/wp-content\/uploads\/2023\/10\/coffret-naruto.jpg\" \/>\n\t<meta property=\"og:image:width\" content=\"800\" \/>\n\t<meta property=\"og:image:height\" content=\"799\" \/>\n\t<meta property=\"og:image:type\" content=\"image\/jpeg\" \/>\n<meta name=\"twitter:card\" content=\"summary_large_image\" \/>\n<meta name=\"twitter:label1\" content=\"Tempo di lettura stimato\" \/>\n\t<meta name=\"twitter:data1\" content=\"1 minuto\" \/>\n<script type=\"application\/ld+json\" class=\"yoast-schema-graph\">{\"@context\":\"https:\\\/\\\/schema.org\",\"@graph\":[{\"@type\":\"WebPage\",\"@id\":\"https:\\\/\\\/repliquemangacine.fr\\\/divers-goodies\\\/coffret-naruto-set-de-28-pieces\\\/\",\"url\":\"https:\\\/\\\/repliquemangacine.fr\\\/divers-goodies\\\/coffret-naruto-set-de-28-pieces\\\/\",\"name\":\"Coffret 28 pi\u00e8ces Naruto - Goodies Naruto - R\u00e9plique Manga Cin\u00e9\",\"isPartOf\":{\"@id\":\"https:\\\/\\\/repliquemangacine.fr\\\/#website\"},\"primaryImageOfPage\":{\"@id\":\"https:\\\/\\\/repliquemangacine.fr\\\/divers-goodies\\\/coffret-naruto-set-de-28-pieces\\\/#primaryimage\"},\"image\":{\"@id\":\"https:\\\/\\\/repliquemangacine.fr\\\/divers-goodies\\\/coffret-naruto-set-de-28-pieces\\\/#primaryimage\"},\"thumbnailUrl\":\"https:\\\/\\\/repliquemangacine.fr\\\/wp-content\\\/uploads\\\/2023\\\/10\\\/coffret-naruto.jpg\",\"datePublished\":\"2021-07-30T15:51:12+00:00\",\"dateModified\":\"2025-12-03T20:30:52+00:00\",\"description\":\"En exclusivit\u00e9 ! Retrouvez ce superbe Coffret 28 pi\u00e8ces Naruto, kunai, bandeau, porte cl\u00e9s, colliers... Les fans vont \u00eatre ravis !\",\"breadcrumb\":{\"@id\":\"https:\\\/\\\/repliquemangacine.fr\\\/divers-goodies\\\/coffret-naruto-set-de-28-pieces\\\/#breadcrumb\"},\"inLanguage\":\"it-IT\",\"potentialAction\":[{\"@type\":\"ReadAction\",\"target\":[\"https:\\\/\\\/repliquemangacine.fr\\\/divers-goodies\\\/coffret-naruto-set-de-28-pieces\\\/\"]}]},{\"@type\":\"ImageObject\",\"inLanguage\":\"it-IT\",\"@id\":\"https:\\\/\\\/repliquemangacine.fr\\\/divers-goodies\\\/coffret-naruto-set-de-28-pieces\\\/#primaryimage\",\"url\":\"https:\\\/\\\/repliquemangacine.fr\\\/wp-content\\\/uploads\\\/2023\\\/10\\\/coffret-naruto.jpg\",\"contentUrl\":\"https:\\\/\\\/repliquemangacine.fr\\\/wp-content\\\/uploads\\\/2023\\\/10\\\/coffret-naruto.jpg\",\"width\":800,\"height\":799,\"caption\":\"coffret-naruto set de 28 pi\u00e8ces\"},{\"@type\":\"BreadcrumbList\",\"@id\":\"https:\\\/\\\/repliquemangacine.fr\\\/divers-goodies\\\/coffret-naruto-set-de-28-pieces\\\/#breadcrumb\",\"itemListElement\":[{\"@type\":\"ListItem\",\"position\":1,\"name\":\"Accueil\",\"item\":\"https:\\\/\\\/repliquemangacine.fr\\\/\"},{\"@type\":\"ListItem\",\"position\":2,\"name\":\"Produits\",\"item\":\"https:\\\/\\\/repliquemangacine.fr\\\/boutique\\\/\"},{\"@type\":\"ListItem\",\"position\":3,\"name\":\"Coffret Naruto set de 28 pi\u00e8ces\"}]},{\"@type\":\"WebSite\",\"@id\":\"https:\\\/\\\/repliquemangacine.fr\\\/#website\",\"url\":\"https:\\\/\\\/repliquemangacine.fr\\\/\",\"name\":\"R\u00e9plique Manga Cin\u00e9\",\"description\":\"\",\"publisher\":{\"@id\":\"https:\\\/\\\/repliquemangacine.fr\\\/#organization\"},\"potentialAction\":[{\"@type\":\"SearchAction\",\"target\":{\"@type\":\"EntryPoint\",\"urlTemplate\":\"https:\\\/\\\/repliquemangacine.fr\\\/?s={search_term_string}\"},\"query-input\":{\"@type\":\"PropertyValueSpecification\",\"valueRequired\":true,\"valueName\":\"search_term_string\"}}],\"inLanguage\":\"it-IT\"},{\"@type\":\"Organization\",\"@id\":\"https:\\\/\\\/repliquemangacine.fr\\\/#organization\",\"name\":\"R\u00e9plique Manga Cin\u00e9\",\"url\":\"https:\\\/\\\/repliquemangacine.fr\\\/\",\"logo\":{\"@type\":\"ImageObject\",\"inLanguage\":\"it-IT\",\"@id\":\"https:\\\/\\\/repliquemangacine.fr\\\/#\\\/schema\\\/logo\\\/image\\\/\",\"url\":\"https:\\\/\\\/repliquemangacine.fr\\\/wp-content\\\/uploads\\\/2023\\\/10\\\/RMC-500250.png\",\"contentUrl\":\"https:\\\/\\\/repliquemangacine.fr\\\/wp-content\\\/uploads\\\/2023\\\/10\\\/RMC-500250.png\",\"width\":500,\"height\":250,\"caption\":\"R\u00e9plique Manga Cin\u00e9\"},\"image\":{\"@id\":\"https:\\\/\\\/repliquemangacine.fr\\\/#\\\/schema\\\/logo\\\/image\\\/\"},\"sameAs\":[\"https:\\\/\\\/www.facebook.com\\\/RepliqueMangaCine\",\"https:\\\/\\\/www.instagram.com\\\/repliquemangacine.fr\\\/\"]}]}<\/script>\n<!-- \/ Yoast SEO plugin. -->","yoast_head_json":{"title":"Set di 28 pezzi di Naruto - Naruto Goodies - R\u00e9plique Manga Cin\u00e9","description":"Esclusivo! Scoprite questo superbo cofanetto di Naruto da 28 pezzi, completo di kunai, cerchietto, portachiavi, collane... I fan ne saranno entusiasti!","robots":{"index":"index","follow":"follow","max-snippet":"max-snippet:-1","max-image-preview":"max-image-preview:large","max-video-preview":"max-video-preview:-1"},"canonical":"https:\/\/repliquemangacine.fr\/it\/varie-chicche\/naruto-set-di-28-pezzi\/","og_locale":"it_IT","og_type":"article","og_title":"Coffret 28 pi\u00e8ces Naruto - Goodies Naruto - R\u00e9plique Manga Cin\u00e9","og_description":"En exclusivit\u00e9 ! Retrouvez ce superbe Coffret 28 pi\u00e8ces Naruto, kunai, bandeau, porte cl\u00e9s, colliers... Les fans vont \u00eatre ravis !","og_url":"https:\/\/repliquemangacine.fr\/it\/varie-chicche\/naruto-set-di-28-pezzi\/","og_site_name":"R\u00e9plique Manga Cin\u00e9","article_publisher":"https:\/\/www.facebook.com\/RepliqueMangaCine","article_modified_time":"2025-12-03T20:30:52+00:00","og_image":[{"width":800,"height":799,"url":"https:\/\/repliquemangacine.fr\/wp-content\/uploads\/2023\/10\/coffret-naruto.jpg","type":"image\/jpeg"}],"twitter_card":"summary_large_image","twitter_misc":{"Tempo di lettura stimato":"1 minuto"},"schema":{"@context":"https:\/\/schema.org","@graph":[{"@type":"WebPage","@id":"https:\/\/repliquemangacine.fr\/divers-goodies\/coffret-naruto-set-de-28-pieces\/","url":"https:\/\/repliquemangacine.fr\/divers-goodies\/coffret-naruto-set-de-28-pieces\/","name":"Set di 28 pezzi di Naruto - Naruto Goodies - R\u00e9plique Manga Cin\u00e9","isPartOf":{"@id":"https:\/\/repliquemangacine.fr\/#website"},"primaryImageOfPage":{"@id":"https:\/\/repliquemangacine.fr\/divers-goodies\/coffret-naruto-set-de-28-pieces\/#primaryimage"},"image":{"@id":"https:\/\/repliquemangacine.fr\/divers-goodies\/coffret-naruto-set-de-28-pieces\/#primaryimage"},"thumbnailUrl":"https:\/\/repliquemangacine.fr\/wp-content\/uploads\/2023\/10\/coffret-naruto.jpg","datePublished":"2021-07-30T15:51:12+00:00","dateModified":"2025-12-03T20:30:52+00:00","description":"Esclusivo! Scoprite questo superbo cofanetto di Naruto da 28 pezzi, completo di kunai, cerchietto, portachiavi, collane... I fan ne saranno entusiasti!","breadcrumb":{"@id":"https:\/\/repliquemangacine.fr\/divers-goodies\/coffret-naruto-set-de-28-pieces\/#breadcrumb"},"inLanguage":"it-IT","potentialAction":[{"@type":"ReadAction","target":["https:\/\/repliquemangacine.fr\/divers-goodies\/coffret-naruto-set-de-28-pieces\/"]}]},{"@type":"ImageObject","inLanguage":"it-IT","@id":"https:\/\/repliquemangacine.fr\/divers-goodies\/coffret-naruto-set-de-28-pieces\/#primaryimage","url":"https:\/\/repliquemangacine.fr\/wp-content\/uploads\/2023\/10\/coffret-naruto.jpg","contentUrl":"https:\/\/repliquemangacine.fr\/wp-content\/uploads\/2023\/10\/coffret-naruto.jpg","width":800,"height":799,"caption":"coffret-naruto set de 28 pi\u00e8ces"},{"@type":"BreadcrumbList","@id":"https:\/\/repliquemangacine.fr\/divers-goodies\/coffret-naruto-set-de-28-pieces\/#breadcrumb","itemListElement":[{"@type":"ListItem","position":1,"name":"Accueil","item":"https:\/\/repliquemangacine.fr\/"},{"@type":"ListItem","position":2,"name":"Produits","item":"https:\/\/repliquemangacine.fr\/boutique\/"},{"@type":"ListItem","position":3,"name":"Coffret Naruto set de 28 pi\u00e8ces"}]},{"@type":"WebSite","@id":"https:\/\/repliquemangacine.fr\/#website","url":"https:\/\/repliquemangacine.fr\/","name":"R\u00e9plique Manga Cin\u00e9","description":"","publisher":{"@id":"https:\/\/repliquemangacine.fr\/#organization"},"potentialAction":[{"@type":"SearchAction","target":{"@type":"EntryPoint","urlTemplate":"https:\/\/repliquemangacine.fr\/?s={search_term_string}"},"query-input":{"@type":"PropertyValueSpecification","valueRequired":true,"valueName":"search_term_string"}}],"inLanguage":"it-IT"},{"@type":"Organization","@id":"https:\/\/repliquemangacine.fr\/#organization","name":"R\u00e9plique Manga Cin\u00e9","url":"https:\/\/repliquemangacine.fr\/","logo":{"@type":"ImageObject","inLanguage":"it-IT","@id":"https:\/\/repliquemangacine.fr\/#\/schema\/logo\/image\/","url":"https:\/\/repliquemangacine.fr\/wp-content\/uploads\/2023\/10\/RMC-500250.png","contentUrl":"https:\/\/repliquemangacine.fr\/wp-content\/uploads\/2023\/10\/RMC-500250.png","width":500,"height":250,"caption":"R\u00e9plique Manga Cin\u00e9"},"image":{"@id":"https:\/\/repliquemangacine.fr\/#\/schema\/logo\/image\/"},"sameAs":["https:\/\/www.facebook.com\/RepliqueMangaCine","https:\/\/www.instagram.com\/repliquemangacine.fr\/"]}]}},"_links":{"self":[{"href":"https:\/\/repliquemangacine.fr\/it\/wp-json\/wp\/v2\/product\/41660","targetHints":{"allow":["GET"]}}],"collection":[{"href":"https:\/\/repliquemangacine.fr\/it\/wp-json\/wp\/v2\/product"}],"about":[{"href":"https:\/\/repliquemangacine.fr\/it\/wp-json\/wp\/v2\/types\/product"}],"wp:featuredmedia":[{"embeddable":true,"href":"https:\/\/repliquemangacine.fr\/it\/wp-json\/wp\/v2\/media\/41661"}],"wp:attachment":[{"href":"https:\/\/repliquemangacine.fr\/it\/wp-json\/wp\/v2\/media?parent=41660"}],"wp:term":[{"taxonomy":"product_brand","embeddable":true,"href":"https:\/\/repliquemangacine.fr\/it\/wp-json\/wp\/v2\/product_brand?post=41660"},{"taxonomy":"product_cat","embeddable":true,"href":"https:\/\/repliquemangacine.fr\/it\/wp-json\/wp\/v2\/product_cat?post=41660"},{"taxonomy":"product_tag","embeddable":true,"href":"https:\/\/repliquemangacine.fr\/it\/wp-json\/wp\/v2\/product_tag?post=41660"}],"curies":[{"name":"wp","href":"https:\/\/api.w.org\/{rel}","templated":true}]}}