





{"id":41442,"date":"2021-07-22T16:58:44","date_gmt":"2021-07-22T14:58:44","guid":{"rendered":"https:\/\/repliquemangacine.fr\/?post_type=product&#038;p=41442"},"modified":"2025-11-10T14:48:25","modified_gmt":"2025-11-10T13:48:25","slug":"portachiavi-occhio-dagamotto-dr-strange","status":"publish","type":"product","link":"https:\/\/repliquemangacine.fr\/it\/porte-cles-goodies\/porte-cles-oeil-dagamotto-dr-strange\/","title":{"rendered":"Dr. Strange Occhio di Agamotto portachiavi"},"content":{"rendered":"<h2>Replica del portachiavi dell'Occhio di Agamotto del Dr. Strange dall'universo Marvel.<\/h2>\n<p>Il portachiavi Oeil d'Agamotto \u00e8 straordinariamente realistico.<\/p>\n<p>L'Occhio di Agamotto \u00e8 una potente reliquia creata da Agamotto, il primo Stregone Supremo, come dispositivo di contenimento per la Pietra del Tempo. L'Occhio \u00e8 stato protetto dai maestri delle arti mistiche per generazioni.<\/p>\n<p>Come contenitore della Pietra del Tempo, la\u2019<a href=\"https:\/\/universcinematographiquemarvel.fandom.com\/fr\/wiki\/\u0152il_d'Agamotto\">Occhio di Agamotto<\/a> permette a chi lo indossa di utilizzare il potere della Pietra dell'Infinito senza doverla toccare fisicamente. Rinforzato dalla Pietra dell'Infinito, l'Occhio possiede enormi poteri temporali. \u00c8 in grado di controllare il flusso del tempo su piccola o grande scala. Su larga scala, la pietra pu\u00f2 tornare indietro nel tempo per annullare interi eventi, fino a riportare in vita i morti viaggiando a un punto precedente alla loro morte.<\/p>\n<p>Agamotto fu il primo Stregone Supremo della Terra, il fondatore dei Maestri delle Arti Mistiche, il costruttore dei Santuari e il creatore dell'Occhio di Agamotto. Come primo Stregone Supremo e fondatore dei Maestri delle Arti Mistiche. Agamotto \u00e8 un maestro stregone immensamente potente, probabilmente il pi\u00f9 grande stregone della storia. La sua comprensione della magia \u00e8 tale da permettergli di creare potenti reliquie magiche come l'Occhio di Agamotto. Questo permette agli stregoni di sfruttare il potere di una Pietra dell'Infinito.<\/p>\n<p>Ha anche costruito i Sanctum, intere strutture in grado di generare una potente barriera. In grado di proteggere la Terra da minacce extradimensionali potenti come Dormammu.<\/p>\n<h3>Offriamo un'ampia gamma di repliche dei supereroi Marvel.<\/h3>\n<p>Innanzitutto,<\/p>\n<ul>\n<li>Le <a href=\"https:\/\/repliquemangacine.fr\/it\/supereroi\/justice-league-replica-aquaman-trident-186-cm\/\">Il tridente di Aquaman<\/a> in scala ufficiale ma 1\/1 distribuito da Noble Collection.<\/li>\n<li>C'\u00e8 anche il <a href=\"https:\/\/repliquemangacine.fr\/it\/supereroi\/portachiavi-stormbreaker-di-thor\/\">Portachiavi con ascia a martello Stormbreaker.<\/a><\/li>\n<li>Cos\u00ec come il <a href=\"https:\/\/repliquemangacine.fr\/it\/supereroi\/set-vendicatori-marvel-11-pezzi\/\">Cofanetto da collezione Marvel<\/a> 11 pezzi di portachiavi o ciondolo.<\/li>\n<li>E molto altro ancora!<\/li>\n<\/ul>\n<p>Un'ottima idea regalo per tutti i fan della Marvel.<\/p>\n<h3>Il portachiavi Dr Strange Eye of Agamotto pu\u00f2 essere utilizzato anche nella vita quotidiana.<\/h3>\n<p>Soprattutto, il portachiavi Dr Strange Eye of Agamotto \u00e8 anche un oggetto da collezione e un oggetto decorativo.<\/p>\n<p>Un articolo indispensabile per i fan della Marvel. Buona visita<\/p>\n<p>R\u00e9plique Manga Cin\u00e9 \u00e8 un'azienda familiare francese.<\/p>","protected":false},"excerpt":{"rendered":"<p>Superbo portachiavi del Dottor Strange, l'Occhio di Agamotto in Avengers.<\/p>\n<ul>\n<li>Realizzato interamente in acciaio invecchiato con finitura in bronzo.<\/li>\n<li>La parte anteriore \u00e8 cava e traforata, con una perla di resina verde all'interno.<\/li>\n<li>Il monogramma \"Doctor Strange\" \u00e8 sovrapposto sul retro.<\/li>\n<li>L'anello \u00e8 realizzato in acciaio lucido e misura circa 3 cm di diametro.<\/li>\n<li>Fornito in un blister Avengers.<\/li>\n<li>Larghezza occhi: 4,5 cm - Lunghezza totale con l'anello: 10 cm - Peso: 20 grammi<\/li>\n<\/ul>","protected":false},"featured_media":41443,"template":"","meta":[],"product_brand":[896],"product_cat":[24,94,96,101,59],"product_tag":[],"class_list":{"0":"post-41442","1":"product","2":"type-product","3":"status-publish","4":"has-post-thumbnail","6":"product_brand-replique-manga-cine","7":"product_cat-films-series-tv-vente-de-katana-epee-et-produits-derives","8":"product_cat-goodies","9":"product_cat-porte-cles-goodies","10":"product_cat-soldes","11":"product_cat-super-heros-marvel","13":"first","14":"instock","15":"sale","16":"taxable","17":"shipping-taxable","18":"purchasable","19":"product-type-simple"},"yoast_head":"<!-- This site is optimized with the Yoast SEO plugin v27.4 - https:\/\/yoast.com\/product\/yoast-seo-wordpress\/ -->\n<title>Porte-cl\u00e9s Oeil d\u2019Agamotto - Dr Strange - R\u00e9plique Manga Cin\u00e9<\/title>\n<meta name=\"description\" content=\"Superbe Porte-cl\u00e9s Oeil d\u2019Agamotto dans Avengers. En m\u00e9tal vieilli bronze, perle verte \u00e0 l&#039;int\u00e9rieur, un cadeau bien utile !\" \/>\n<meta name=\"robots\" content=\"index, follow, max-snippet:-1, max-image-preview:large, max-video-preview:-1\" \/>\n<link rel=\"canonical\" href=\"https:\/\/repliquemangacine.fr\/it\/bilanci\/portachiavi-occhio-dagamotto-dr-strange\/\" \/>\n<meta property=\"og:locale\" content=\"it_IT\" \/>\n<meta property=\"og:type\" content=\"article\" \/>\n<meta property=\"og:title\" content=\"Porte-cl\u00e9s Oeil d\u2019Agamotto - Dr Strange - R\u00e9plique Manga Cin\u00e9\" \/>\n<meta property=\"og:description\" content=\"Superbe Porte-cl\u00e9s Oeil d\u2019Agamotto dans Avengers. En m\u00e9tal vieilli bronze, perle verte \u00e0 l&#039;int\u00e9rieur, un cadeau bien utile !\" \/>\n<meta property=\"og:url\" content=\"https:\/\/repliquemangacine.fr\/it\/bilanci\/portachiavi-occhio-dagamotto-dr-strange\/\" \/>\n<meta property=\"og:site_name\" content=\"R\u00e9plique Manga Cin\u00e9\" \/>\n<meta property=\"article:publisher\" content=\"https:\/\/www.facebook.com\/RepliqueMangaCine\" \/>\n<meta property=\"article:modified_time\" content=\"2025-11-10T13:48:25+00:00\" \/>\n<meta property=\"og:image\" content=\"https:\/\/repliquemangacine.fr\/wp-content\/uploads\/2023\/10\/porte-cle-oeil.jpg\" \/>\n\t<meta property=\"og:image:width\" content=\"800\" \/>\n\t<meta property=\"og:image:height\" content=\"800\" \/>\n\t<meta property=\"og:image:type\" content=\"image\/jpeg\" \/>\n<meta name=\"twitter:card\" content=\"summary_large_image\" \/>\n<meta name=\"twitter:label1\" content=\"Tempo di lettura stimato\" \/>\n\t<meta name=\"twitter:data1\" content=\"1 minuto\" \/>\n<script type=\"application\/ld+json\" class=\"yoast-schema-graph\">{\"@context\":\"https:\\\/\\\/schema.org\",\"@graph\":[{\"@type\":\"WebPage\",\"@id\":\"https:\\\/\\\/repliquemangacine.fr\\\/soldes\\\/porte-cles-oeil-dagamotto-dr-strange\\\/\",\"url\":\"https:\\\/\\\/repliquemangacine.fr\\\/soldes\\\/porte-cles-oeil-dagamotto-dr-strange\\\/\",\"name\":\"Porte-cl\u00e9s Oeil d\u2019Agamotto - Dr Strange - R\u00e9plique Manga Cin\u00e9\",\"isPartOf\":{\"@id\":\"https:\\\/\\\/repliquemangacine.fr\\\/#website\"},\"primaryImageOfPage\":{\"@id\":\"https:\\\/\\\/repliquemangacine.fr\\\/soldes\\\/porte-cles-oeil-dagamotto-dr-strange\\\/#primaryimage\"},\"image\":{\"@id\":\"https:\\\/\\\/repliquemangacine.fr\\\/soldes\\\/porte-cles-oeil-dagamotto-dr-strange\\\/#primaryimage\"},\"thumbnailUrl\":\"https:\\\/\\\/repliquemangacine.fr\\\/wp-content\\\/uploads\\\/2023\\\/10\\\/porte-cle-oeil.jpg\",\"datePublished\":\"2021-07-22T14:58:44+00:00\",\"dateModified\":\"2025-11-10T13:48:25+00:00\",\"description\":\"Superbe Porte-cl\u00e9s Oeil d\u2019Agamotto dans Avengers. En m\u00e9tal vieilli bronze, perle verte \u00e0 l'int\u00e9rieur, un cadeau bien utile !\",\"breadcrumb\":{\"@id\":\"https:\\\/\\\/repliquemangacine.fr\\\/soldes\\\/porte-cles-oeil-dagamotto-dr-strange\\\/#breadcrumb\"},\"inLanguage\":\"it-IT\",\"potentialAction\":[{\"@type\":\"ReadAction\",\"target\":[\"https:\\\/\\\/repliquemangacine.fr\\\/soldes\\\/porte-cles-oeil-dagamotto-dr-strange\\\/\"]}]},{\"@type\":\"ImageObject\",\"inLanguage\":\"it-IT\",\"@id\":\"https:\\\/\\\/repliquemangacine.fr\\\/soldes\\\/porte-cles-oeil-dagamotto-dr-strange\\\/#primaryimage\",\"url\":\"https:\\\/\\\/repliquemangacine.fr\\\/wp-content\\\/uploads\\\/2023\\\/10\\\/porte-cle-oeil.jpg\",\"contentUrl\":\"https:\\\/\\\/repliquemangacine.fr\\\/wp-content\\\/uploads\\\/2023\\\/10\\\/porte-cle-oeil.jpg\",\"width\":800,\"height\":800,\"caption\":\"Porte cl\u00e9s Oeil d\u2019Agamotto Dr Strange\"},{\"@type\":\"BreadcrumbList\",\"@id\":\"https:\\\/\\\/repliquemangacine.fr\\\/soldes\\\/porte-cles-oeil-dagamotto-dr-strange\\\/#breadcrumb\",\"itemListElement\":[{\"@type\":\"ListItem\",\"position\":1,\"name\":\"Accueil\",\"item\":\"https:\\\/\\\/repliquemangacine.fr\\\/\"},{\"@type\":\"ListItem\",\"position\":2,\"name\":\"Produits\",\"item\":\"https:\\\/\\\/repliquemangacine.fr\\\/boutique\\\/\"},{\"@type\":\"ListItem\",\"position\":3,\"name\":\"Porte-cl\u00e9s Oeil d\u2019Agamotto Dr Strange\"}]},{\"@type\":\"WebSite\",\"@id\":\"https:\\\/\\\/repliquemangacine.fr\\\/#website\",\"url\":\"https:\\\/\\\/repliquemangacine.fr\\\/\",\"name\":\"R\u00e9plique Manga Cin\u00e9\",\"description\":\"\",\"publisher\":{\"@id\":\"https:\\\/\\\/repliquemangacine.fr\\\/#organization\"},\"potentialAction\":[{\"@type\":\"SearchAction\",\"target\":{\"@type\":\"EntryPoint\",\"urlTemplate\":\"https:\\\/\\\/repliquemangacine.fr\\\/?s={search_term_string}\"},\"query-input\":{\"@type\":\"PropertyValueSpecification\",\"valueRequired\":true,\"valueName\":\"search_term_string\"}}],\"inLanguage\":\"it-IT\"},{\"@type\":\"Organization\",\"@id\":\"https:\\\/\\\/repliquemangacine.fr\\\/#organization\",\"name\":\"R\u00e9plique Manga Cin\u00e9\",\"url\":\"https:\\\/\\\/repliquemangacine.fr\\\/\",\"logo\":{\"@type\":\"ImageObject\",\"inLanguage\":\"it-IT\",\"@id\":\"https:\\\/\\\/repliquemangacine.fr\\\/#\\\/schema\\\/logo\\\/image\\\/\",\"url\":\"https:\\\/\\\/repliquemangacine.fr\\\/wp-content\\\/uploads\\\/2023\\\/10\\\/RMC-500250.png\",\"contentUrl\":\"https:\\\/\\\/repliquemangacine.fr\\\/wp-content\\\/uploads\\\/2023\\\/10\\\/RMC-500250.png\",\"width\":500,\"height\":250,\"caption\":\"R\u00e9plique Manga Cin\u00e9\"},\"image\":{\"@id\":\"https:\\\/\\\/repliquemangacine.fr\\\/#\\\/schema\\\/logo\\\/image\\\/\"},\"sameAs\":[\"https:\\\/\\\/www.facebook.com\\\/RepliqueMangaCine\",\"https:\\\/\\\/www.instagram.com\\\/repliquemangacine.fr\\\/\"]}]}<\/script>\n<!-- \/ Yoast SEO plugin. -->","yoast_head_json":{"title":"Portachiavi Occhio di Agamotto - Dr. Strange - R\u00e9plique Manga Cin\u00e9","description":"Superbo portachiavi Occhio di Agamotto dei Vendicatori. Metallo bronzo invecchiato, perla verde all'interno, un regalo utile!","robots":{"index":"index","follow":"follow","max-snippet":"max-snippet:-1","max-image-preview":"max-image-preview:large","max-video-preview":"max-video-preview:-1"},"canonical":"https:\/\/repliquemangacine.fr\/it\/bilanci\/portachiavi-occhio-dagamotto-dr-strange\/","og_locale":"it_IT","og_type":"article","og_title":"Porte-cl\u00e9s Oeil d\u2019Agamotto - Dr Strange - R\u00e9plique Manga Cin\u00e9","og_description":"Superbe Porte-cl\u00e9s Oeil d\u2019Agamotto dans Avengers. En m\u00e9tal vieilli bronze, perle verte \u00e0 l'int\u00e9rieur, un cadeau bien utile !","og_url":"https:\/\/repliquemangacine.fr\/it\/bilanci\/portachiavi-occhio-dagamotto-dr-strange\/","og_site_name":"R\u00e9plique Manga Cin\u00e9","article_publisher":"https:\/\/www.facebook.com\/RepliqueMangaCine","article_modified_time":"2025-11-10T13:48:25+00:00","og_image":[{"width":800,"height":800,"url":"https:\/\/repliquemangacine.fr\/wp-content\/uploads\/2023\/10\/porte-cle-oeil.jpg","type":"image\/jpeg"}],"twitter_card":"summary_large_image","twitter_misc":{"Tempo di lettura stimato":"1 minuto"},"schema":{"@context":"https:\/\/schema.org","@graph":[{"@type":"WebPage","@id":"https:\/\/repliquemangacine.fr\/soldes\/porte-cles-oeil-dagamotto-dr-strange\/","url":"https:\/\/repliquemangacine.fr\/soldes\/porte-cles-oeil-dagamotto-dr-strange\/","name":"Portachiavi Occhio di Agamotto - Dr. Strange - R\u00e9plique Manga Cin\u00e9","isPartOf":{"@id":"https:\/\/repliquemangacine.fr\/#website"},"primaryImageOfPage":{"@id":"https:\/\/repliquemangacine.fr\/soldes\/porte-cles-oeil-dagamotto-dr-strange\/#primaryimage"},"image":{"@id":"https:\/\/repliquemangacine.fr\/soldes\/porte-cles-oeil-dagamotto-dr-strange\/#primaryimage"},"thumbnailUrl":"https:\/\/repliquemangacine.fr\/wp-content\/uploads\/2023\/10\/porte-cle-oeil.jpg","datePublished":"2021-07-22T14:58:44+00:00","dateModified":"2025-11-10T13:48:25+00:00","description":"Superbo portachiavi Occhio di Agamotto dei Vendicatori. Metallo bronzo invecchiato, perla verde all'interno, un regalo utile!","breadcrumb":{"@id":"https:\/\/repliquemangacine.fr\/soldes\/porte-cles-oeil-dagamotto-dr-strange\/#breadcrumb"},"inLanguage":"it-IT","potentialAction":[{"@type":"ReadAction","target":["https:\/\/repliquemangacine.fr\/soldes\/porte-cles-oeil-dagamotto-dr-strange\/"]}]},{"@type":"ImageObject","inLanguage":"it-IT","@id":"https:\/\/repliquemangacine.fr\/soldes\/porte-cles-oeil-dagamotto-dr-strange\/#primaryimage","url":"https:\/\/repliquemangacine.fr\/wp-content\/uploads\/2023\/10\/porte-cle-oeil.jpg","contentUrl":"https:\/\/repliquemangacine.fr\/wp-content\/uploads\/2023\/10\/porte-cle-oeil.jpg","width":800,"height":800,"caption":"Porte cl\u00e9s Oeil d\u2019Agamotto Dr Strange"},{"@type":"BreadcrumbList","@id":"https:\/\/repliquemangacine.fr\/soldes\/porte-cles-oeil-dagamotto-dr-strange\/#breadcrumb","itemListElement":[{"@type":"ListItem","position":1,"name":"Accueil","item":"https:\/\/repliquemangacine.fr\/"},{"@type":"ListItem","position":2,"name":"Produits","item":"https:\/\/repliquemangacine.fr\/boutique\/"},{"@type":"ListItem","position":3,"name":"Porte-cl\u00e9s Oeil d\u2019Agamotto Dr Strange"}]},{"@type":"WebSite","@id":"https:\/\/repliquemangacine.fr\/#website","url":"https:\/\/repliquemangacine.fr\/","name":"R\u00e9plique Manga Cin\u00e9","description":"","publisher":{"@id":"https:\/\/repliquemangacine.fr\/#organization"},"potentialAction":[{"@type":"SearchAction","target":{"@type":"EntryPoint","urlTemplate":"https:\/\/repliquemangacine.fr\/?s={search_term_string}"},"query-input":{"@type":"PropertyValueSpecification","valueRequired":true,"valueName":"search_term_string"}}],"inLanguage":"it-IT"},{"@type":"Organization","@id":"https:\/\/repliquemangacine.fr\/#organization","name":"R\u00e9plique Manga Cin\u00e9","url":"https:\/\/repliquemangacine.fr\/","logo":{"@type":"ImageObject","inLanguage":"it-IT","@id":"https:\/\/repliquemangacine.fr\/#\/schema\/logo\/image\/","url":"https:\/\/repliquemangacine.fr\/wp-content\/uploads\/2023\/10\/RMC-500250.png","contentUrl":"https:\/\/repliquemangacine.fr\/wp-content\/uploads\/2023\/10\/RMC-500250.png","width":500,"height":250,"caption":"R\u00e9plique Manga Cin\u00e9"},"image":{"@id":"https:\/\/repliquemangacine.fr\/#\/schema\/logo\/image\/"},"sameAs":["https:\/\/www.facebook.com\/RepliqueMangaCine","https:\/\/www.instagram.com\/repliquemangacine.fr\/"]}]}},"_links":{"self":[{"href":"https:\/\/repliquemangacine.fr\/it\/wp-json\/wp\/v2\/product\/41442","targetHints":{"allow":["GET"]}}],"collection":[{"href":"https:\/\/repliquemangacine.fr\/it\/wp-json\/wp\/v2\/product"}],"about":[{"href":"https:\/\/repliquemangacine.fr\/it\/wp-json\/wp\/v2\/types\/product"}],"wp:featuredmedia":[{"embeddable":true,"href":"https:\/\/repliquemangacine.fr\/it\/wp-json\/wp\/v2\/media\/41443"}],"wp:attachment":[{"href":"https:\/\/repliquemangacine.fr\/it\/wp-json\/wp\/v2\/media?parent=41442"}],"wp:term":[{"taxonomy":"product_brand","embeddable":true,"href":"https:\/\/repliquemangacine.fr\/it\/wp-json\/wp\/v2\/product_brand?post=41442"},{"taxonomy":"product_cat","embeddable":true,"href":"https:\/\/repliquemangacine.fr\/it\/wp-json\/wp\/v2\/product_cat?post=41442"},{"taxonomy":"product_tag","embeddable":true,"href":"https:\/\/repliquemangacine.fr\/it\/wp-json\/wp\/v2\/product_tag?post=41442"}],"curies":[{"name":"wp","href":"https:\/\/api.w.org\/{rel}","templated":true}]}}