





{"id":41432,"date":"2021-07-22T15:04:36","date_gmt":"2021-07-22T13:04:36","guid":{"rendered":"https:\/\/repliquemangacine.fr\/?post_type=product&#038;p=41432"},"modified":"2026-01-14T00:42:30","modified_gmt":"2026-01-13T23:42:30","slug":"set-di-figurine-frostmourne-e-base-arthas","status":"publish","type":"product","link":"https:\/\/repliquemangacine.fr\/it\/goodies\/coffret-figurine-frostmourne-et-socle-arthas\/","title":{"rendered":"Cofanetto di statuette e basi Frostmourne"},"content":{"rendered":"<h2>Set di figurine Frostmourne con base.<\/h2>\n<p>Per cominciare, questo set di figurine Frostmourne \u00e8 ispirato al secondo pacchetto di espansione di Wow: Wrath of the Lich King, uscito il 13 novembre 2008.<\/p>\n<p>Il potere di <a href=\"https:\/\/wowwiki.fandom.com\/fr\/wiki\/Deuillegivre\" target=\"_blank\" rel=\"noopener noreferrer\">Frostmourne<\/a> permette ad Arthas di catturare le anime durante le battaglie per diventare sempre pi\u00f9 potente e pericoloso.<\/p>\n<p>D'altra parte, la lama corrode l'anima di chi la indossa, in particolare attraverso la connessione telepatica con il Re dei Lich, caratterizzata da continui sussurri che portano alla follia. \u00c8 anche incantata, il suo metallo \u00e8 estremamente leggero e la sua potenza \u00e8 pari a quella delle armi pi\u00f9 pesanti.<\/p>\n<p>Deuillegivre, un'arma leggendaria, \u00e8 la spada runica del Cavaliere della Morte Arthas Menethil.<\/p>\n<h2>Il tuo cofanetto di figurine Frostmourne al miglior prezzo.<\/h2>\n<p>Offriamo un'ampia selezione di spade del mondo di World of Warcraft.<\/p>\n<p>Innanzitutto,<\/p>\n<ul>\n<li>L'impressionante <a href=\"https:\/\/repliquemangacine.fr\/it\/spade-di-world-of-warcraft\/le-lame-gemelle-di-azzinoth-la-leggendaria-spada-di-illidan\/\">lame gemelle di Azzintoh<\/a> Le armi leggendarie di Illidan.<\/li>\n<li>C'\u00e8 anche la leggendaria spada del paladino Alexandros Mograine, l'Ashbringer.<\/li>\n<li>Cos\u00ec come l'ascia a due mani, lo Shadowmourne di Re Arthas.<\/li>\n<li>E molto altro ancora da scoprire nel nostro negozio online!<\/li>\n<\/ul>\n<p>Ecco un'ottima idea regalo per i fan di WoW<\/p>\n<p>In conclusione, \u00e8 possibile utilizzare il metodo <strong>Cofanetto di figurine Frostmourne<\/strong> nella vita di tutti i giorni. Ma soprattutto \u00e8 un oggetto da collezione e un pezzo decorativo.<\/p>\n<h2>Come faccio a mantenere la lama della mia spada di World of Warcraft?<\/h2>\n<p>Le katane da collezione e decorative sono realizzate e assemblate in modo semplificato. Poich\u00e9 il loro uso \u00e8 decorativo, non hanno le caratteristiche di sicurezza richieste da una spada giapponese destinata all'allenamento.<\/p>\n<p>Tuttavia, il Frostmourne Figurine Box Set non ha una lama in acciaio, quindi non \u00e8 necessario sottoporla a manutenzione per evitare che si danneggi nel tempo. Se avete intenzione di esporre la vostra katana, i vostri amici saranno curiosi di vedere la lama e di toccarla. In questo caso \u00e8 necessario fare attenzione, poich\u00e9 l'acidit\u00e0 delle dita \u00e8 molto dannosa per l'acciaio, indipendentemente dalla sua qualit\u00e0.<\/p>\n<p>Tuttavia, se ci\u00f2 dovesse accadere, niente panico: basta un panno inumidito con un po' d'olio per eliminare le impronte. In questo modo, la spada durer\u00e0 a lungo.<\/p>","protected":false},"excerpt":{"rendered":"<p>Assolutamente superbo per tutti gli amanti di Wow!<\/p>\n<ul>\n<li>La base illuminata imita un blocco di ghiaccio in resina (batteria inclusa).<\/li>\n<li>Frostmourne in ABS stampato con una lunghezza totale di 17 cm.<\/li>\n<li>Scatola da esposizione da collezione nei colori Wow.<\/li>\n<li>Altezza della base + statuetta: 29cm - Peso della scatola: 500 gr.<\/li>\n<\/ul>","protected":false},"featured_media":41433,"template":"","meta":[],"product_brand":[896],"product_cat":[98,94,23,101,60],"product_tag":[],"class_list":{"0":"post-41432","1":"product","2":"type-product","3":"status-publish","4":"has-post-thumbnail","6":"product_brand-replique-manga-cine","7":"product_cat-divers-goodies","8":"product_cat-goodies","9":"product_cat-repliques-manga-jeux-video","10":"product_cat-soldes","11":"product_cat-epees-world-of-warcraft","13":"first","14":"instock","15":"sale","16":"taxable","17":"shipping-taxable","18":"purchasable","19":"product-type-simple"},"yoast_head":"<!-- This site is optimized with the Yoast SEO plugin v27.4 - https:\/\/yoast.com\/product\/yoast-seo-wordpress\/ -->\n<title>Coffret Figurine Frostmourne et socle - Boutique en ligne - RMC<\/title>\n<meta name=\"description\" content=\"Offrez-vous ce superbe coffret figurine Frostmourne au meilleur prix. Socle lumineux en r\u00e9sine - Hauteur : 29cm - Coffret vitrine Collector - Envoi 24\/48h\" \/>\n<meta name=\"robots\" content=\"index, follow, max-snippet:-1, max-image-preview:large, max-video-preview:-1\" \/>\n<link rel=\"canonical\" href=\"https:\/\/repliquemangacine.fr\/it\/chicche\/set-di-figurine-frostmourne-e-base-arthas\/\" \/>\n<meta property=\"og:locale\" content=\"it_IT\" \/>\n<meta property=\"og:type\" content=\"article\" \/>\n<meta property=\"og:title\" content=\"Coffret Figurine Frostmourne et socle - Boutique en ligne - RMC\" \/>\n<meta property=\"og:description\" content=\"Offrez-vous ce superbe coffret figurine Frostmourne au meilleur prix. Socle lumineux en r\u00e9sine - Hauteur : 29cm - Coffret vitrine Collector - Envoi 24\/48h\" \/>\n<meta property=\"og:url\" content=\"https:\/\/repliquemangacine.fr\/it\/chicche\/set-di-figurine-frostmourne-e-base-arthas\/\" \/>\n<meta property=\"og:site_name\" content=\"R\u00e9plique Manga Cin\u00e9\" \/>\n<meta property=\"article:publisher\" content=\"https:\/\/www.facebook.com\/RepliqueMangaCine\" \/>\n<meta property=\"article:modified_time\" content=\"2026-01-13T23:42:30+00:00\" \/>\n<meta property=\"og:image\" content=\"https:\/\/repliquemangacine.fr\/wp-content\/uploads\/2023\/10\/wow-4.jpg\" \/>\n\t<meta property=\"og:image:width\" content=\"800\" \/>\n\t<meta property=\"og:image:height\" content=\"800\" \/>\n\t<meta property=\"og:image:type\" content=\"image\/jpeg\" \/>\n<meta name=\"twitter:card\" content=\"summary_large_image\" \/>\n<meta name=\"twitter:label1\" content=\"Tempo di lettura stimato\" \/>\n\t<meta name=\"twitter:data1\" content=\"3 minuti\" \/>\n<script type=\"application\/ld+json\" class=\"yoast-schema-graph\">{\"@context\":\"https:\\\/\\\/schema.org\",\"@graph\":[{\"@type\":\"WebPage\",\"@id\":\"https:\\\/\\\/repliquemangacine.fr\\\/goodies\\\/coffret-figurine-frostmourne-et-socle-arthas\\\/\",\"url\":\"https:\\\/\\\/repliquemangacine.fr\\\/goodies\\\/coffret-figurine-frostmourne-et-socle-arthas\\\/\",\"name\":\"Coffret Figurine Frostmourne et socle - Boutique en ligne - RMC\",\"isPartOf\":{\"@id\":\"https:\\\/\\\/repliquemangacine.fr\\\/#website\"},\"primaryImageOfPage\":{\"@id\":\"https:\\\/\\\/repliquemangacine.fr\\\/goodies\\\/coffret-figurine-frostmourne-et-socle-arthas\\\/#primaryimage\"},\"image\":{\"@id\":\"https:\\\/\\\/repliquemangacine.fr\\\/goodies\\\/coffret-figurine-frostmourne-et-socle-arthas\\\/#primaryimage\"},\"thumbnailUrl\":\"https:\\\/\\\/repliquemangacine.fr\\\/wp-content\\\/uploads\\\/2023\\\/10\\\/wow-4.jpg\",\"datePublished\":\"2021-07-22T13:04:36+00:00\",\"dateModified\":\"2026-01-13T23:42:30+00:00\",\"description\":\"Offrez-vous ce superbe coffret figurine Frostmourne au meilleur prix. Socle lumineux en r\u00e9sine - Hauteur : 29cm - Coffret vitrine Collector - Envoi 24\\\/48h\",\"breadcrumb\":{\"@id\":\"https:\\\/\\\/repliquemangacine.fr\\\/goodies\\\/coffret-figurine-frostmourne-et-socle-arthas\\\/#breadcrumb\"},\"inLanguage\":\"it-IT\",\"potentialAction\":[{\"@type\":\"ReadAction\",\"target\":[\"https:\\\/\\\/repliquemangacine.fr\\\/goodies\\\/coffret-figurine-frostmourne-et-socle-arthas\\\/\"]}]},{\"@type\":\"ImageObject\",\"inLanguage\":\"it-IT\",\"@id\":\"https:\\\/\\\/repliquemangacine.fr\\\/goodies\\\/coffret-figurine-frostmourne-et-socle-arthas\\\/#primaryimage\",\"url\":\"https:\\\/\\\/repliquemangacine.fr\\\/wp-content\\\/uploads\\\/2023\\\/10\\\/wow-4.jpg\",\"contentUrl\":\"https:\\\/\\\/repliquemangacine.fr\\\/wp-content\\\/uploads\\\/2023\\\/10\\\/wow-4.jpg\",\"width\":800,\"height\":800,\"caption\":\"Coffret figurine Frostmourne World of Warcraft\"},{\"@type\":\"BreadcrumbList\",\"@id\":\"https:\\\/\\\/repliquemangacine.fr\\\/goodies\\\/coffret-figurine-frostmourne-et-socle-arthas\\\/#breadcrumb\",\"itemListElement\":[{\"@type\":\"ListItem\",\"position\":1,\"name\":\"Accueil\",\"item\":\"https:\\\/\\\/repliquemangacine.fr\\\/\"},{\"@type\":\"ListItem\",\"position\":2,\"name\":\"Produits\",\"item\":\"https:\\\/\\\/repliquemangacine.fr\\\/boutique\\\/\"},{\"@type\":\"ListItem\",\"position\":3,\"name\":\"Coffret Figurine Frostmourne et socle\"}]},{\"@type\":\"WebSite\",\"@id\":\"https:\\\/\\\/repliquemangacine.fr\\\/#website\",\"url\":\"https:\\\/\\\/repliquemangacine.fr\\\/\",\"name\":\"R\u00e9plique Manga Cin\u00e9\",\"description\":\"\",\"publisher\":{\"@id\":\"https:\\\/\\\/repliquemangacine.fr\\\/#organization\"},\"potentialAction\":[{\"@type\":\"SearchAction\",\"target\":{\"@type\":\"EntryPoint\",\"urlTemplate\":\"https:\\\/\\\/repliquemangacine.fr\\\/?s={search_term_string}\"},\"query-input\":{\"@type\":\"PropertyValueSpecification\",\"valueRequired\":true,\"valueName\":\"search_term_string\"}}],\"inLanguage\":\"it-IT\"},{\"@type\":\"Organization\",\"@id\":\"https:\\\/\\\/repliquemangacine.fr\\\/#organization\",\"name\":\"R\u00e9plique Manga Cin\u00e9\",\"url\":\"https:\\\/\\\/repliquemangacine.fr\\\/\",\"logo\":{\"@type\":\"ImageObject\",\"inLanguage\":\"it-IT\",\"@id\":\"https:\\\/\\\/repliquemangacine.fr\\\/#\\\/schema\\\/logo\\\/image\\\/\",\"url\":\"https:\\\/\\\/repliquemangacine.fr\\\/wp-content\\\/uploads\\\/2023\\\/10\\\/RMC-500250.png\",\"contentUrl\":\"https:\\\/\\\/repliquemangacine.fr\\\/wp-content\\\/uploads\\\/2023\\\/10\\\/RMC-500250.png\",\"width\":500,\"height\":250,\"caption\":\"R\u00e9plique Manga Cin\u00e9\"},\"image\":{\"@id\":\"https:\\\/\\\/repliquemangacine.fr\\\/#\\\/schema\\\/logo\\\/image\\\/\"},\"sameAs\":[\"https:\\\/\\\/www.facebook.com\\\/RepliqueMangaCine\",\"https:\\\/\\\/www.instagram.com\\\/repliquemangacine.fr\\\/\"]}]}<\/script>\n<!-- \/ Yoast SEO plugin. -->","yoast_head_json":{"title":"Set di statuette e basi Frostmourne - Boutique en ligne - RMC","description":"Regalati questo superbo cofanetto di figurine Frostmourne al miglior prezzo. Base in resina luminosa - Altezza: 29 cm - Scatola da esposizione da collezione - Spedizione 24\/48h","robots":{"index":"index","follow":"follow","max-snippet":"max-snippet:-1","max-image-preview":"max-image-preview:large","max-video-preview":"max-video-preview:-1"},"canonical":"https:\/\/repliquemangacine.fr\/it\/chicche\/set-di-figurine-frostmourne-e-base-arthas\/","og_locale":"it_IT","og_type":"article","og_title":"Coffret Figurine Frostmourne et socle - Boutique en ligne - RMC","og_description":"Offrez-vous ce superbe coffret figurine Frostmourne au meilleur prix. Socle lumineux en r\u00e9sine - Hauteur : 29cm - Coffret vitrine Collector - Envoi 24\/48h","og_url":"https:\/\/repliquemangacine.fr\/it\/chicche\/set-di-figurine-frostmourne-e-base-arthas\/","og_site_name":"R\u00e9plique Manga Cin\u00e9","article_publisher":"https:\/\/www.facebook.com\/RepliqueMangaCine","article_modified_time":"2026-01-13T23:42:30+00:00","og_image":[{"width":800,"height":800,"url":"https:\/\/repliquemangacine.fr\/wp-content\/uploads\/2023\/10\/wow-4.jpg","type":"image\/jpeg"}],"twitter_card":"summary_large_image","twitter_misc":{"Tempo di lettura stimato":"3 minuti"},"schema":{"@context":"https:\/\/schema.org","@graph":[{"@type":"WebPage","@id":"https:\/\/repliquemangacine.fr\/goodies\/coffret-figurine-frostmourne-et-socle-arthas\/","url":"https:\/\/repliquemangacine.fr\/goodies\/coffret-figurine-frostmourne-et-socle-arthas\/","name":"Set di statuette e basi Frostmourne - Boutique en ligne - RMC","isPartOf":{"@id":"https:\/\/repliquemangacine.fr\/#website"},"primaryImageOfPage":{"@id":"https:\/\/repliquemangacine.fr\/goodies\/coffret-figurine-frostmourne-et-socle-arthas\/#primaryimage"},"image":{"@id":"https:\/\/repliquemangacine.fr\/goodies\/coffret-figurine-frostmourne-et-socle-arthas\/#primaryimage"},"thumbnailUrl":"https:\/\/repliquemangacine.fr\/wp-content\/uploads\/2023\/10\/wow-4.jpg","datePublished":"2021-07-22T13:04:36+00:00","dateModified":"2026-01-13T23:42:30+00:00","description":"Regalati questo superbo cofanetto di figurine Frostmourne al miglior prezzo. Base in resina luminosa - Altezza: 29 cm - Scatola da esposizione da collezione - Spedizione 24\/48h","breadcrumb":{"@id":"https:\/\/repliquemangacine.fr\/goodies\/coffret-figurine-frostmourne-et-socle-arthas\/#breadcrumb"},"inLanguage":"it-IT","potentialAction":[{"@type":"ReadAction","target":["https:\/\/repliquemangacine.fr\/goodies\/coffret-figurine-frostmourne-et-socle-arthas\/"]}]},{"@type":"ImageObject","inLanguage":"it-IT","@id":"https:\/\/repliquemangacine.fr\/goodies\/coffret-figurine-frostmourne-et-socle-arthas\/#primaryimage","url":"https:\/\/repliquemangacine.fr\/wp-content\/uploads\/2023\/10\/wow-4.jpg","contentUrl":"https:\/\/repliquemangacine.fr\/wp-content\/uploads\/2023\/10\/wow-4.jpg","width":800,"height":800,"caption":"Coffret figurine Frostmourne World of Warcraft"},{"@type":"BreadcrumbList","@id":"https:\/\/repliquemangacine.fr\/goodies\/coffret-figurine-frostmourne-et-socle-arthas\/#breadcrumb","itemListElement":[{"@type":"ListItem","position":1,"name":"Accueil","item":"https:\/\/repliquemangacine.fr\/"},{"@type":"ListItem","position":2,"name":"Produits","item":"https:\/\/repliquemangacine.fr\/boutique\/"},{"@type":"ListItem","position":3,"name":"Coffret Figurine Frostmourne et socle"}]},{"@type":"WebSite","@id":"https:\/\/repliquemangacine.fr\/#website","url":"https:\/\/repliquemangacine.fr\/","name":"R\u00e9plique Manga Cin\u00e9","description":"","publisher":{"@id":"https:\/\/repliquemangacine.fr\/#organization"},"potentialAction":[{"@type":"SearchAction","target":{"@type":"EntryPoint","urlTemplate":"https:\/\/repliquemangacine.fr\/?s={search_term_string}"},"query-input":{"@type":"PropertyValueSpecification","valueRequired":true,"valueName":"search_term_string"}}],"inLanguage":"it-IT"},{"@type":"Organization","@id":"https:\/\/repliquemangacine.fr\/#organization","name":"R\u00e9plique Manga Cin\u00e9","url":"https:\/\/repliquemangacine.fr\/","logo":{"@type":"ImageObject","inLanguage":"it-IT","@id":"https:\/\/repliquemangacine.fr\/#\/schema\/logo\/image\/","url":"https:\/\/repliquemangacine.fr\/wp-content\/uploads\/2023\/10\/RMC-500250.png","contentUrl":"https:\/\/repliquemangacine.fr\/wp-content\/uploads\/2023\/10\/RMC-500250.png","width":500,"height":250,"caption":"R\u00e9plique Manga Cin\u00e9"},"image":{"@id":"https:\/\/repliquemangacine.fr\/#\/schema\/logo\/image\/"},"sameAs":["https:\/\/www.facebook.com\/RepliqueMangaCine","https:\/\/www.instagram.com\/repliquemangacine.fr\/"]}]}},"_links":{"self":[{"href":"https:\/\/repliquemangacine.fr\/it\/wp-json\/wp\/v2\/product\/41432","targetHints":{"allow":["GET"]}}],"collection":[{"href":"https:\/\/repliquemangacine.fr\/it\/wp-json\/wp\/v2\/product"}],"about":[{"href":"https:\/\/repliquemangacine.fr\/it\/wp-json\/wp\/v2\/types\/product"}],"wp:featuredmedia":[{"embeddable":true,"href":"https:\/\/repliquemangacine.fr\/it\/wp-json\/wp\/v2\/media\/41433"}],"wp:attachment":[{"href":"https:\/\/repliquemangacine.fr\/it\/wp-json\/wp\/v2\/media?parent=41432"}],"wp:term":[{"taxonomy":"product_brand","embeddable":true,"href":"https:\/\/repliquemangacine.fr\/it\/wp-json\/wp\/v2\/product_brand?post=41432"},{"taxonomy":"product_cat","embeddable":true,"href":"https:\/\/repliquemangacine.fr\/it\/wp-json\/wp\/v2\/product_cat?post=41432"},{"taxonomy":"product_tag","embeddable":true,"href":"https:\/\/repliquemangacine.fr\/it\/wp-json\/wp\/v2\/product_tag?post=41432"}],"curies":[{"name":"wp","href":"https:\/\/api.w.org\/{rel}","templated":true}]}}