





{"id":41410,"date":"2021-07-21T18:56:13","date_gmt":"2021-07-21T16:56:13","guid":{"rendered":"https:\/\/repliquemangacine.fr\/?post_type=product&#038;p=41410"},"modified":"2025-09-23T18:02:37","modified_gmt":"2025-09-23T16:02:37","slug":"portachiavi-stormbreaker-di-thor","status":"publish","type":"product","link":"https:\/\/repliquemangacine.fr\/it\/porte-cles-goodies\/porte-cles-stormbreaker-de-thor\/","title":{"rendered":"Portachiavi Stormbreaker di Thor"},"content":{"rendered":"<h2>Replica del portachiavi Thor Stormbreaker in metallo.<\/h2>\n<p>Il portachiavi Stormbreaker di <a href=\"https:\/\/universcinematographiquemarvel.fandom.com\/fr\/wiki\/Thor_Odinson\">Thor<\/a>, Questo martello ad ascia \u00e8 realizzato interamente in metallo.<\/p>\n<p>Stormbreaker \u00e8 un'ascia incantata di fabbricazione nanica, forgiata da Uru su Nidavellir con la capacit\u00e0 di evocare il Bifrost. Dopo la distruzione di Mj\u00f8lnir, l'arma fu usata da Thor.<\/p>\n<p>Lo Stormbreaker pu\u00f2 essere visto in Avengers Infinity War. Ma anche nell'ultimo film Thor: Amore e Tuono.<\/p>\n<p>Stormbreaker \u00e8 in grado di concentrare e potenziare i poteri di Thor. Grazie alla sua composizione Uru, l'arma \u00e8 quasi indistruttibile e in grado di resistere alle esplosioni di energia create dalle Pietre dell'Infinito. \u00c8 anche in grado di incanalare l'energia dimensionale e di evocare il Bifrost, che ha permesso a Thor di teletrasportare se stesso, Rocket Raccoon e Groot in Wakanda.<\/p>\n<p>Come Mj\u00f8lnir prima di lui, Stormbreaker torna nella mano di Thor quando viene evocato e colpisce gli avversari con una forza enorme. Pu\u00f2 brillare di una fiamma blu ultraterrena che crepita di elettricit\u00e0 e sembra avere la capacit\u00e0 di muoversi verso un bersaglio se Thor lo desidera. Inoltre, l'arma permette all'utilizzatore di volare senza sforzo mentre la usa, a differenza del Mj\u00f8lnir, che richiedeva all'utilizzatore di farla ruotare ad alta velocit\u00e0 per sollevarla da terra.<\/p>\n<p>Grazie alle sue dimensioni e alla sua massa maggiori, avendo sia la lama di un'ascia che la testa di un martello nella sua costruzione, oltre a un'impugnatura allungata che permette di brandire l'arma con due mani, \u00e8 un'arma da mischia molto pi\u00f9 potente del Mj\u00f8lnir. Eitri arriv\u00f2 persino a dire che lo Stormbreaker doveva essere l'arma pi\u00f9 potente della storia di Asgard.<\/p>\n<h3>Offriamo un'ampia gamma di repliche dei supereroi Marvel.<\/h3>\n<p>Innanzitutto,<\/p>\n<ul>\n<li>Le <a href=\"https:\/\/repliquemangacine.fr\/it\/supereroi\/portachiavi-con-scudo-di-capitan-america\/\">Portachiavi con scudo di Capitan America<\/a> non ufficiale.<\/li>\n<li>C'\u00e8 anche il <a href=\"https:\/\/repliquemangacine.fr\/it\/supereroi\/set-vendicatori-marvel-11-pezzi\/\">Cofanetto da collezione Marvel<\/a> di 11 pezzi.<\/li>\n<li>Oltre all'originale <a href=\"https:\/\/repliquemangacine.fr\/it\/supereroi\/tazza-guanto-di-thanos-marvel\/\">Tazza con guanto di Thanos<\/a> in Avengers Endgame.<\/li>\n<li>E molto altro ancora!<\/li>\n<\/ul>\n<p>Un'ottima idea regalo per tutti i fan della Marvel.<\/p>\n<h3>Potete anche usare questo portachiavi Stormbreaker di Thor per le vostre chiavi.<\/h3>\n<p>Soprattutto, questo portachiavi \u00e8 anche un oggetto da collezione.<\/p>\n<p>Buona visita<\/p>\n<p>R\u00e9plique Manga Cin\u00e9 \u00e8 un'azienda familiare francese.<\/p>","protected":false},"excerpt":{"rendered":"<p>Splendido portachiavi con l'ascia-martello, lo spaccastorie usato da Thor in The Avengers.<\/p>\n<ul>\n<li>Il tutto in metallo effetto bronzo invecchiato, rifinito in modo impeccabile.<\/li>\n<li>Anello interamente in acciaio con diametro di 3 cm.<\/li>\n<li>Consegnato nel blister Avengers<\/li>\n<li>Un must per tutti i fan dell'universo Marvel!<\/li>\n<li>Lunghezza martello: 6 cm - Lunghezza totale con anello: 12 cm - Peso: 15 gr.<\/li>\n<\/ul>","protected":false},"featured_media":41411,"template":"","meta":[],"product_brand":[896],"product_cat":[24,94,96,101,59],"product_tag":[],"class_list":{"0":"post-41410","1":"product","2":"type-product","3":"status-publish","4":"has-post-thumbnail","6":"product_brand-replique-manga-cine","7":"product_cat-films-series-tv-vente-de-katana-epee-et-produits-derives","8":"product_cat-goodies","9":"product_cat-porte-cles-goodies","10":"product_cat-soldes","11":"product_cat-super-heros-marvel","13":"first","14":"instock","15":"sale","16":"taxable","17":"shipping-taxable","18":"purchasable","19":"product-type-simple"},"yoast_head":"<!-- This site is optimized with the Yoast SEO plugin v27.4 - https:\/\/yoast.com\/product\/yoast-seo-wordpress\/ -->\n<title>Porte cl\u00e9s Stormbreaker de Thor-Avengers - R\u00e9plique Manga Cin\u00e9<\/title>\n<meta name=\"description\" content=\"Porte cl\u00e9s Stormbreaker utilis\u00e9 par Thor dans les Avengers. Les fans de l&#039;univers Marvel vont \u00eatre ravis ! Un cadeau utile\" \/>\n<meta name=\"robots\" content=\"index, follow, max-snippet:-1, max-image-preview:large, max-video-preview:-1\" \/>\n<link rel=\"canonical\" href=\"https:\/\/repliquemangacine.fr\/it\/bilanci\/portachiavi-stormbreaker-di-thor\/\" \/>\n<meta property=\"og:locale\" content=\"it_IT\" \/>\n<meta property=\"og:type\" content=\"article\" \/>\n<meta property=\"og:title\" content=\"Porte cl\u00e9s Stormbreaker de Thor-Avengers - R\u00e9plique Manga Cin\u00e9\" \/>\n<meta property=\"og:description\" content=\"Porte cl\u00e9s Stormbreaker utilis\u00e9 par Thor dans les Avengers. Les fans de l&#039;univers Marvel vont \u00eatre ravis ! Un cadeau utile\" \/>\n<meta property=\"og:url\" content=\"https:\/\/repliquemangacine.fr\/it\/bilanci\/portachiavi-stormbreaker-di-thor\/\" \/>\n<meta property=\"og:site_name\" content=\"R\u00e9plique Manga Cin\u00e9\" \/>\n<meta property=\"article:publisher\" content=\"https:\/\/www.facebook.com\/RepliqueMangaCine\" \/>\n<meta property=\"article:modified_time\" content=\"2025-09-23T16:02:37+00:00\" \/>\n<meta property=\"og:image\" content=\"https:\/\/repliquemangacine.fr\/wp-content\/uploads\/2023\/10\/porte-cles-marteau-hache.jpg\" \/>\n\t<meta property=\"og:image:width\" content=\"800\" \/>\n\t<meta property=\"og:image:height\" content=\"800\" \/>\n\t<meta property=\"og:image:type\" content=\"image\/jpeg\" \/>\n<meta name=\"twitter:card\" content=\"summary_large_image\" \/>\n<meta name=\"twitter:label1\" content=\"Tempo di lettura stimato\" \/>\n\t<meta name=\"twitter:data1\" content=\"1 minuto\" \/>\n<script type=\"application\/ld+json\" class=\"yoast-schema-graph\">{\"@context\":\"https:\\\/\\\/schema.org\",\"@graph\":[{\"@type\":\"WebPage\",\"@id\":\"https:\\\/\\\/repliquemangacine.fr\\\/soldes\\\/porte-cles-stormbreaker-de-thor\\\/\",\"url\":\"https:\\\/\\\/repliquemangacine.fr\\\/soldes\\\/porte-cles-stormbreaker-de-thor\\\/\",\"name\":\"Porte cl\u00e9s Stormbreaker de Thor-Avengers - R\u00e9plique Manga Cin\u00e9\",\"isPartOf\":{\"@id\":\"https:\\\/\\\/repliquemangacine.fr\\\/#website\"},\"primaryImageOfPage\":{\"@id\":\"https:\\\/\\\/repliquemangacine.fr\\\/soldes\\\/porte-cles-stormbreaker-de-thor\\\/#primaryimage\"},\"image\":{\"@id\":\"https:\\\/\\\/repliquemangacine.fr\\\/soldes\\\/porte-cles-stormbreaker-de-thor\\\/#primaryimage\"},\"thumbnailUrl\":\"https:\\\/\\\/repliquemangacine.fr\\\/wp-content\\\/uploads\\\/2023\\\/10\\\/porte-cles-marteau-hache.jpg\",\"datePublished\":\"2021-07-21T16:56:13+00:00\",\"dateModified\":\"2025-09-23T16:02:37+00:00\",\"description\":\"Porte cl\u00e9s Stormbreaker utilis\u00e9 par Thor dans les Avengers. Les fans de l'univers Marvel vont \u00eatre ravis ! Un cadeau utile\",\"breadcrumb\":{\"@id\":\"https:\\\/\\\/repliquemangacine.fr\\\/soldes\\\/porte-cles-stormbreaker-de-thor\\\/#breadcrumb\"},\"inLanguage\":\"it-IT\",\"potentialAction\":[{\"@type\":\"ReadAction\",\"target\":[\"https:\\\/\\\/repliquemangacine.fr\\\/soldes\\\/porte-cles-stormbreaker-de-thor\\\/\"]}]},{\"@type\":\"ImageObject\",\"inLanguage\":\"it-IT\",\"@id\":\"https:\\\/\\\/repliquemangacine.fr\\\/soldes\\\/porte-cles-stormbreaker-de-thor\\\/#primaryimage\",\"url\":\"https:\\\/\\\/repliquemangacine.fr\\\/wp-content\\\/uploads\\\/2023\\\/10\\\/porte-cles-marteau-hache.jpg\",\"contentUrl\":\"https:\\\/\\\/repliquemangacine.fr\\\/wp-content\\\/uploads\\\/2023\\\/10\\\/porte-cles-marteau-hache.jpg\",\"width\":800,\"height\":800,\"caption\":\"Porte cl\u00e9s Stormbreaker - Thor\"},{\"@type\":\"BreadcrumbList\",\"@id\":\"https:\\\/\\\/repliquemangacine.fr\\\/soldes\\\/porte-cles-stormbreaker-de-thor\\\/#breadcrumb\",\"itemListElement\":[{\"@type\":\"ListItem\",\"position\":1,\"name\":\"Accueil\",\"item\":\"https:\\\/\\\/repliquemangacine.fr\\\/\"},{\"@type\":\"ListItem\",\"position\":2,\"name\":\"Produits\",\"item\":\"https:\\\/\\\/repliquemangacine.fr\\\/boutique\\\/\"},{\"@type\":\"ListItem\",\"position\":3,\"name\":\"Porte cl\u00e9s Stormbreaker de Thor\"}]},{\"@type\":\"WebSite\",\"@id\":\"https:\\\/\\\/repliquemangacine.fr\\\/#website\",\"url\":\"https:\\\/\\\/repliquemangacine.fr\\\/\",\"name\":\"R\u00e9plique Manga Cin\u00e9\",\"description\":\"\",\"publisher\":{\"@id\":\"https:\\\/\\\/repliquemangacine.fr\\\/#organization\"},\"potentialAction\":[{\"@type\":\"SearchAction\",\"target\":{\"@type\":\"EntryPoint\",\"urlTemplate\":\"https:\\\/\\\/repliquemangacine.fr\\\/?s={search_term_string}\"},\"query-input\":{\"@type\":\"PropertyValueSpecification\",\"valueRequired\":true,\"valueName\":\"search_term_string\"}}],\"inLanguage\":\"it-IT\"},{\"@type\":\"Organization\",\"@id\":\"https:\\\/\\\/repliquemangacine.fr\\\/#organization\",\"name\":\"R\u00e9plique Manga Cin\u00e9\",\"url\":\"https:\\\/\\\/repliquemangacine.fr\\\/\",\"logo\":{\"@type\":\"ImageObject\",\"inLanguage\":\"it-IT\",\"@id\":\"https:\\\/\\\/repliquemangacine.fr\\\/#\\\/schema\\\/logo\\\/image\\\/\",\"url\":\"https:\\\/\\\/repliquemangacine.fr\\\/wp-content\\\/uploads\\\/2023\\\/10\\\/RMC-500250.png\",\"contentUrl\":\"https:\\\/\\\/repliquemangacine.fr\\\/wp-content\\\/uploads\\\/2023\\\/10\\\/RMC-500250.png\",\"width\":500,\"height\":250,\"caption\":\"R\u00e9plique Manga Cin\u00e9\"},\"image\":{\"@id\":\"https:\\\/\\\/repliquemangacine.fr\\\/#\\\/schema\\\/logo\\\/image\\\/\"},\"sameAs\":[\"https:\\\/\\\/www.facebook.com\\\/RepliqueMangaCine\",\"https:\\\/\\\/www.instagram.com\\\/repliquemangacine.fr\\\/\"]}]}<\/script>\n<!-- \/ Yoast SEO plugin. -->","yoast_head_json":{"title":"Portachiavi Stormbreaker da Thor-Avengers - R\u00e9plique Manga Cin\u00e9","description":"Portachiavi Stormbreaker usato da Thor negli Avengers. I fan dell'universo Marvel ne saranno entusiasti! Un regalo utile","robots":{"index":"index","follow":"follow","max-snippet":"max-snippet:-1","max-image-preview":"max-image-preview:large","max-video-preview":"max-video-preview:-1"},"canonical":"https:\/\/repliquemangacine.fr\/it\/bilanci\/portachiavi-stormbreaker-di-thor\/","og_locale":"it_IT","og_type":"article","og_title":"Porte cl\u00e9s Stormbreaker de Thor-Avengers - R\u00e9plique Manga Cin\u00e9","og_description":"Porte cl\u00e9s Stormbreaker utilis\u00e9 par Thor dans les Avengers. Les fans de l'univers Marvel vont \u00eatre ravis ! Un cadeau utile","og_url":"https:\/\/repliquemangacine.fr\/it\/bilanci\/portachiavi-stormbreaker-di-thor\/","og_site_name":"R\u00e9plique Manga Cin\u00e9","article_publisher":"https:\/\/www.facebook.com\/RepliqueMangaCine","article_modified_time":"2025-09-23T16:02:37+00:00","og_image":[{"width":800,"height":800,"url":"https:\/\/repliquemangacine.fr\/wp-content\/uploads\/2023\/10\/porte-cles-marteau-hache.jpg","type":"image\/jpeg"}],"twitter_card":"summary_large_image","twitter_misc":{"Tempo di lettura stimato":"1 minuto"},"schema":{"@context":"https:\/\/schema.org","@graph":[{"@type":"WebPage","@id":"https:\/\/repliquemangacine.fr\/soldes\/porte-cles-stormbreaker-de-thor\/","url":"https:\/\/repliquemangacine.fr\/soldes\/porte-cles-stormbreaker-de-thor\/","name":"Portachiavi Stormbreaker da Thor-Avengers - R\u00e9plique Manga Cin\u00e9","isPartOf":{"@id":"https:\/\/repliquemangacine.fr\/#website"},"primaryImageOfPage":{"@id":"https:\/\/repliquemangacine.fr\/soldes\/porte-cles-stormbreaker-de-thor\/#primaryimage"},"image":{"@id":"https:\/\/repliquemangacine.fr\/soldes\/porte-cles-stormbreaker-de-thor\/#primaryimage"},"thumbnailUrl":"https:\/\/repliquemangacine.fr\/wp-content\/uploads\/2023\/10\/porte-cles-marteau-hache.jpg","datePublished":"2021-07-21T16:56:13+00:00","dateModified":"2025-09-23T16:02:37+00:00","description":"Portachiavi Stormbreaker usato da Thor negli Avengers. I fan dell'universo Marvel ne saranno entusiasti! Un regalo utile","breadcrumb":{"@id":"https:\/\/repliquemangacine.fr\/soldes\/porte-cles-stormbreaker-de-thor\/#breadcrumb"},"inLanguage":"it-IT","potentialAction":[{"@type":"ReadAction","target":["https:\/\/repliquemangacine.fr\/soldes\/porte-cles-stormbreaker-de-thor\/"]}]},{"@type":"ImageObject","inLanguage":"it-IT","@id":"https:\/\/repliquemangacine.fr\/soldes\/porte-cles-stormbreaker-de-thor\/#primaryimage","url":"https:\/\/repliquemangacine.fr\/wp-content\/uploads\/2023\/10\/porte-cles-marteau-hache.jpg","contentUrl":"https:\/\/repliquemangacine.fr\/wp-content\/uploads\/2023\/10\/porte-cles-marteau-hache.jpg","width":800,"height":800,"caption":"Porte cl\u00e9s Stormbreaker - Thor"},{"@type":"BreadcrumbList","@id":"https:\/\/repliquemangacine.fr\/soldes\/porte-cles-stormbreaker-de-thor\/#breadcrumb","itemListElement":[{"@type":"ListItem","position":1,"name":"Accueil","item":"https:\/\/repliquemangacine.fr\/"},{"@type":"ListItem","position":2,"name":"Produits","item":"https:\/\/repliquemangacine.fr\/boutique\/"},{"@type":"ListItem","position":3,"name":"Porte cl\u00e9s Stormbreaker de Thor"}]},{"@type":"WebSite","@id":"https:\/\/repliquemangacine.fr\/#website","url":"https:\/\/repliquemangacine.fr\/","name":"R\u00e9plique Manga Cin\u00e9","description":"","publisher":{"@id":"https:\/\/repliquemangacine.fr\/#organization"},"potentialAction":[{"@type":"SearchAction","target":{"@type":"EntryPoint","urlTemplate":"https:\/\/repliquemangacine.fr\/?s={search_term_string}"},"query-input":{"@type":"PropertyValueSpecification","valueRequired":true,"valueName":"search_term_string"}}],"inLanguage":"it-IT"},{"@type":"Organization","@id":"https:\/\/repliquemangacine.fr\/#organization","name":"R\u00e9plique Manga Cin\u00e9","url":"https:\/\/repliquemangacine.fr\/","logo":{"@type":"ImageObject","inLanguage":"it-IT","@id":"https:\/\/repliquemangacine.fr\/#\/schema\/logo\/image\/","url":"https:\/\/repliquemangacine.fr\/wp-content\/uploads\/2023\/10\/RMC-500250.png","contentUrl":"https:\/\/repliquemangacine.fr\/wp-content\/uploads\/2023\/10\/RMC-500250.png","width":500,"height":250,"caption":"R\u00e9plique Manga Cin\u00e9"},"image":{"@id":"https:\/\/repliquemangacine.fr\/#\/schema\/logo\/image\/"},"sameAs":["https:\/\/www.facebook.com\/RepliqueMangaCine","https:\/\/www.instagram.com\/repliquemangacine.fr\/"]}]}},"_links":{"self":[{"href":"https:\/\/repliquemangacine.fr\/it\/wp-json\/wp\/v2\/product\/41410","targetHints":{"allow":["GET"]}}],"collection":[{"href":"https:\/\/repliquemangacine.fr\/it\/wp-json\/wp\/v2\/product"}],"about":[{"href":"https:\/\/repliquemangacine.fr\/it\/wp-json\/wp\/v2\/types\/product"}],"wp:featuredmedia":[{"embeddable":true,"href":"https:\/\/repliquemangacine.fr\/it\/wp-json\/wp\/v2\/media\/41411"}],"wp:attachment":[{"href":"https:\/\/repliquemangacine.fr\/it\/wp-json\/wp\/v2\/media?parent=41410"}],"wp:term":[{"taxonomy":"product_brand","embeddable":true,"href":"https:\/\/repliquemangacine.fr\/it\/wp-json\/wp\/v2\/product_brand?post=41410"},{"taxonomy":"product_cat","embeddable":true,"href":"https:\/\/repliquemangacine.fr\/it\/wp-json\/wp\/v2\/product_cat?post=41410"},{"taxonomy":"product_tag","embeddable":true,"href":"https:\/\/repliquemangacine.fr\/it\/wp-json\/wp\/v2\/product_tag?post=41410"}],"curies":[{"name":"wp","href":"https:\/\/api.w.org\/{rel}","templated":true}]}}