





{"id":41405,"date":"2021-07-21T18:24:46","date_gmt":"2021-07-21T16:24:46","guid":{"rendered":"https:\/\/repliquemangacine.fr\/?post_type=product&#038;p=41405"},"modified":"2026-03-03T06:25:37","modified_gmt":"2026-03-03T05:25:37","slug":"portachiavi-con-scudo-di-capitan-america","status":"publish","type":"product","link":"https:\/\/repliquemangacine.fr\/it\/porte-cles-goodies\/porte-cles-bouclier-captain-america\/","title":{"rendered":"Portachiavi con scudo di Capitan America"},"content":{"rendered":"<h2>Replica del portachiavi con scudo metallico di Capitan America.<\/h2>\n<p>Il portachiavi Captain America Shield \u00e8 realizzato interamente in metallo.<\/p>\n<p>Lo scudo di Capitan America \u00e8 l'arma principale di Rogers. Realizzato esclusivamente in Vibranio, \u00e8 praticamente indistruttibile. La composizione del Vibranio permette allo scudo di assorbire e riflettere l'energia cinetica degli urti. Quasi tutti i tipi di armi umane non riescono a danneggiarlo: i proiettili rimbalzano. Lo scudo \u00e8 anche abbastanza forte da combattere armi magiche e mistiche, come il martello di Thor, Mj\u00f8lnir.<\/p>\n<p>Veterano della Seconda guerra mondiale, <a href=\"https:\/\/universcinematographiquemarvel.fandom.com\/fr\/wiki\/Steve_Rogers?so=search#Pouvoirs_et_comp\u00e9tences\">Steve Rogers<\/a> \u00e8 un membro fondatore dei Vendicatori e il primo supereroe conosciuto della Terra. Dopo aver rifiutato di prestare servizio nell'esercito degli Stati Uniti nonostante i numerosi tentativi, si offr\u00ec volontario per il Progetto Rinascimento. Rogers \u00e8 stato l'unico a ricevere il siero del super-soldato sviluppato da Abraham Erskine. Di conseguenza, le sue capacit\u00e0 fisiche sono migliorate notevolmente fino a raggiungere livelli sovrumani.<\/p>\n<p>Considerato da molti il primo e pi\u00f9 grande supereroe del mondo, Steve Rogers \u00e8 stato definito dal suo coraggio, patriottismo e rettitudine. Rogers ha sempre avuto uno spirito nobile e onesto, intollerante alle ingiustizie e agli abusi di potere.<\/p>\n<h3>Offriamo un'ampia gamma di repliche dei supereroi Marvel.<\/h3>\n<p>Innanzitutto,<\/p>\n<ul>\n<li>Le <a href=\"https:\/\/repliquemangacine.fr\/it\/supereroi\/scudo-di-capitan-america-versione-lusso\/\">Lo scudo di Capitan America<\/a> Non ufficiale ma in scala 1\/1.<\/li>\n<li>C'\u00e8 anche il <a href=\"https:\/\/repliquemangacine.fr\/it\/supereroi\/mazza-da-baseball-harley-quinn\/\">Il pipistrello di Harley Quinn<\/a> tutto in legno.<\/li>\n<li>Cos\u00ec come il <a href=\"https:\/\/repliquemangacine.fr\/it\/supereroi\/mug-batman-dc-comics\/\">Tazza di Batman<\/a> Busto in ceramica Dc Comics.<\/li>\n<li>E molto altro ancora!<\/li>\n<\/ul>\n<p>Un'ottima idea regalo per tutti i fan della Marvel.<\/p>\n<h3>Potete utilizzare questo portachiavi con scudo di Capitan America anche per le vostre esigenze quotidiane.<\/h3>\n<p>Soprattutto, questo portachiavi \u00e8 anche un oggetto da collezione e un pezzo decorativo.<\/p>\n<p>Buona visita<\/p>\n<p>R\u00e9plique Manga Cin\u00e9 \u00e8 un'azienda familiare francese.<\/p>\n<p>&nbsp;<\/p>","protected":false},"excerpt":{"rendered":"<p>Ecco un piccolo regalo utile per tutti i fan dell'universo Marvel.<\/p>\n<p>Superbo portachiavi raffigurante lo scudo di Capitan America. Tutto in metallo con la scritta \"Captain Am\u00e9rica\", sul retro si trova anche questa scritta con la scritta Marvel in alto. Anello interamente in acciaio con diametro di 3 cm.<\/p>\n<p>Un must per tutti i fan degli Avengers!<\/p>\n<p>Diametro: 5cm - Lunghezza totale con anello: 11cm - Peso: 23 Grs<\/p>","protected":false},"featured_media":41406,"template":"","meta":[],"product_brand":[896],"product_cat":[24,94,96,59],"product_tag":[],"class_list":{"0":"post-41405","1":"product","2":"type-product","3":"status-publish","4":"has-post-thumbnail","6":"product_brand-replique-manga-cine","7":"product_cat-films-series-tv-vente-de-katana-epee-et-produits-derives","8":"product_cat-goodies","9":"product_cat-porte-cles-goodies","10":"product_cat-super-heros-marvel","12":"first","13":"instock","14":"sale","15":"taxable","16":"shipping-taxable","17":"purchasable","18":"product-type-simple"},"yoast_head":"<!-- This site is optimized with the Yoast SEO plugin v27.4 - https:\/\/yoast.com\/product\/yoast-seo-wordpress\/ -->\n<title>Porte-cl\u00e9s Bouclier Captain America - R\u00e9plique Manga Cin\u00e9<\/title>\n<meta name=\"description\" content=\"Venez d\u00e9couvrir ce superbe Porte-cl\u00e9s Bouclier Captain America. Tout en m\u00e9tal. Un cadeau bien utile pour les fans de l&#039;univers Marvel !\" \/>\n<meta name=\"robots\" content=\"index, follow, max-snippet:-1, max-image-preview:large, max-video-preview:-1\" \/>\n<link rel=\"canonical\" href=\"https:\/\/repliquemangacine.fr\/it\/portachiavi\/portachiavi-con-scudo-di-capitan-america\/\" \/>\n<meta property=\"og:locale\" content=\"it_IT\" \/>\n<meta property=\"og:type\" content=\"article\" \/>\n<meta property=\"og:title\" content=\"Porte-cl\u00e9s Bouclier Captain America - R\u00e9plique Manga Cin\u00e9\" \/>\n<meta property=\"og:description\" content=\"Venez d\u00e9couvrir ce superbe Porte-cl\u00e9s Bouclier Captain America. Tout en m\u00e9tal. Un cadeau bien utile pour les fans de l&#039;univers Marvel !\" \/>\n<meta property=\"og:url\" content=\"https:\/\/repliquemangacine.fr\/it\/portachiavi\/portachiavi-con-scudo-di-capitan-america\/\" \/>\n<meta property=\"og:site_name\" content=\"R\u00e9plique Manga Cin\u00e9\" \/>\n<meta property=\"article:publisher\" content=\"https:\/\/www.facebook.com\/RepliqueMangaCine\" \/>\n<meta property=\"article:modified_time\" content=\"2026-03-03T05:25:37+00:00\" \/>\n<meta property=\"og:image\" content=\"https:\/\/repliquemangacine.fr\/wp-content\/uploads\/2023\/10\/pc-captain.jpg\" \/>\n\t<meta property=\"og:image:width\" content=\"800\" \/>\n\t<meta property=\"og:image:height\" content=\"800\" \/>\n\t<meta property=\"og:image:type\" content=\"image\/jpeg\" \/>\n<meta name=\"twitter:card\" content=\"summary_large_image\" \/>\n<meta name=\"twitter:label1\" content=\"Tempo di lettura stimato\" \/>\n\t<meta name=\"twitter:data1\" content=\"1 minuto\" \/>\n<script type=\"application\/ld+json\" class=\"yoast-schema-graph\">{\"@context\":\"https:\\\/\\\/schema.org\",\"@graph\":[{\"@type\":\"WebPage\",\"@id\":\"https:\\\/\\\/repliquemangacine.fr\\\/porte-cles-goodies\\\/porte-cles-bouclier-captain-america\\\/\",\"url\":\"https:\\\/\\\/repliquemangacine.fr\\\/porte-cles-goodies\\\/porte-cles-bouclier-captain-america\\\/\",\"name\":\"Porte-cl\u00e9s Bouclier Captain America - R\u00e9plique Manga Cin\u00e9\",\"isPartOf\":{\"@id\":\"https:\\\/\\\/repliquemangacine.fr\\\/#website\"},\"primaryImageOfPage\":{\"@id\":\"https:\\\/\\\/repliquemangacine.fr\\\/porte-cles-goodies\\\/porte-cles-bouclier-captain-america\\\/#primaryimage\"},\"image\":{\"@id\":\"https:\\\/\\\/repliquemangacine.fr\\\/porte-cles-goodies\\\/porte-cles-bouclier-captain-america\\\/#primaryimage\"},\"thumbnailUrl\":\"https:\\\/\\\/repliquemangacine.fr\\\/wp-content\\\/uploads\\\/2023\\\/10\\\/pc-captain.jpg\",\"datePublished\":\"2021-07-21T16:24:46+00:00\",\"dateModified\":\"2026-03-03T05:25:37+00:00\",\"description\":\"Venez d\u00e9couvrir ce superbe Porte-cl\u00e9s Bouclier Captain America. Tout en m\u00e9tal. Un cadeau bien utile pour les fans de l'univers Marvel !\",\"breadcrumb\":{\"@id\":\"https:\\\/\\\/repliquemangacine.fr\\\/porte-cles-goodies\\\/porte-cles-bouclier-captain-america\\\/#breadcrumb\"},\"inLanguage\":\"it-IT\",\"potentialAction\":[{\"@type\":\"ReadAction\",\"target\":[\"https:\\\/\\\/repliquemangacine.fr\\\/porte-cles-goodies\\\/porte-cles-bouclier-captain-america\\\/\"]}]},{\"@type\":\"ImageObject\",\"inLanguage\":\"it-IT\",\"@id\":\"https:\\\/\\\/repliquemangacine.fr\\\/porte-cles-goodies\\\/porte-cles-bouclier-captain-america\\\/#primaryimage\",\"url\":\"https:\\\/\\\/repliquemangacine.fr\\\/wp-content\\\/uploads\\\/2023\\\/10\\\/pc-captain.jpg\",\"contentUrl\":\"https:\\\/\\\/repliquemangacine.fr\\\/wp-content\\\/uploads\\\/2023\\\/10\\\/pc-captain.jpg\",\"width\":800,\"height\":800,\"caption\":\"Porte-cl\u00e9s Bouclier Captain America\"},{\"@type\":\"BreadcrumbList\",\"@id\":\"https:\\\/\\\/repliquemangacine.fr\\\/porte-cles-goodies\\\/porte-cles-bouclier-captain-america\\\/#breadcrumb\",\"itemListElement\":[{\"@type\":\"ListItem\",\"position\":1,\"name\":\"Accueil\",\"item\":\"https:\\\/\\\/repliquemangacine.fr\\\/\"},{\"@type\":\"ListItem\",\"position\":2,\"name\":\"Produits\",\"item\":\"https:\\\/\\\/repliquemangacine.fr\\\/boutique\\\/\"},{\"@type\":\"ListItem\",\"position\":3,\"name\":\"Porte Cl\u00e9s Bouclier Captain Am\u00e9rica\"}]},{\"@type\":\"WebSite\",\"@id\":\"https:\\\/\\\/repliquemangacine.fr\\\/#website\",\"url\":\"https:\\\/\\\/repliquemangacine.fr\\\/\",\"name\":\"R\u00e9plique Manga Cin\u00e9\",\"description\":\"\",\"publisher\":{\"@id\":\"https:\\\/\\\/repliquemangacine.fr\\\/#organization\"},\"potentialAction\":[{\"@type\":\"SearchAction\",\"target\":{\"@type\":\"EntryPoint\",\"urlTemplate\":\"https:\\\/\\\/repliquemangacine.fr\\\/?s={search_term_string}\"},\"query-input\":{\"@type\":\"PropertyValueSpecification\",\"valueRequired\":true,\"valueName\":\"search_term_string\"}}],\"inLanguage\":\"it-IT\"},{\"@type\":\"Organization\",\"@id\":\"https:\\\/\\\/repliquemangacine.fr\\\/#organization\",\"name\":\"R\u00e9plique Manga Cin\u00e9\",\"url\":\"https:\\\/\\\/repliquemangacine.fr\\\/\",\"logo\":{\"@type\":\"ImageObject\",\"inLanguage\":\"it-IT\",\"@id\":\"https:\\\/\\\/repliquemangacine.fr\\\/#\\\/schema\\\/logo\\\/image\\\/\",\"url\":\"https:\\\/\\\/repliquemangacine.fr\\\/wp-content\\\/uploads\\\/2023\\\/10\\\/RMC-500250.png\",\"contentUrl\":\"https:\\\/\\\/repliquemangacine.fr\\\/wp-content\\\/uploads\\\/2023\\\/10\\\/RMC-500250.png\",\"width\":500,\"height\":250,\"caption\":\"R\u00e9plique Manga Cin\u00e9\"},\"image\":{\"@id\":\"https:\\\/\\\/repliquemangacine.fr\\\/#\\\/schema\\\/logo\\\/image\\\/\"},\"sameAs\":[\"https:\\\/\\\/www.facebook.com\\\/RepliqueMangaCine\",\"https:\\\/\\\/www.instagram.com\\\/repliquemangacine.fr\\\/\"]}]}<\/script>\n<!-- \/ Yoast SEO plugin. -->","yoast_head_json":{"title":"Portachiavi con scudo di Capitan America - R\u00e9plique Manga Cin\u00e9","description":"Venite a scoprire questo superbo portachiavi con scudo di Capitan America. Tutto in metallo. Un regalo utile per i fan dell'universo Marvel!","robots":{"index":"index","follow":"follow","max-snippet":"max-snippet:-1","max-image-preview":"max-image-preview:large","max-video-preview":"max-video-preview:-1"},"canonical":"https:\/\/repliquemangacine.fr\/it\/portachiavi\/portachiavi-con-scudo-di-capitan-america\/","og_locale":"it_IT","og_type":"article","og_title":"Porte-cl\u00e9s Bouclier Captain America - R\u00e9plique Manga Cin\u00e9","og_description":"Venez d\u00e9couvrir ce superbe Porte-cl\u00e9s Bouclier Captain America. Tout en m\u00e9tal. Un cadeau bien utile pour les fans de l'univers Marvel !","og_url":"https:\/\/repliquemangacine.fr\/it\/portachiavi\/portachiavi-con-scudo-di-capitan-america\/","og_site_name":"R\u00e9plique Manga Cin\u00e9","article_publisher":"https:\/\/www.facebook.com\/RepliqueMangaCine","article_modified_time":"2026-03-03T05:25:37+00:00","og_image":[{"width":800,"height":800,"url":"https:\/\/repliquemangacine.fr\/wp-content\/uploads\/2023\/10\/pc-captain.jpg","type":"image\/jpeg"}],"twitter_card":"summary_large_image","twitter_misc":{"Tempo di lettura stimato":"1 minuto"},"schema":{"@context":"https:\/\/schema.org","@graph":[{"@type":"WebPage","@id":"https:\/\/repliquemangacine.fr\/porte-cles-goodies\/porte-cles-bouclier-captain-america\/","url":"https:\/\/repliquemangacine.fr\/porte-cles-goodies\/porte-cles-bouclier-captain-america\/","name":"Portachiavi con scudo di Capitan America - R\u00e9plique Manga Cin\u00e9","isPartOf":{"@id":"https:\/\/repliquemangacine.fr\/#website"},"primaryImageOfPage":{"@id":"https:\/\/repliquemangacine.fr\/porte-cles-goodies\/porte-cles-bouclier-captain-america\/#primaryimage"},"image":{"@id":"https:\/\/repliquemangacine.fr\/porte-cles-goodies\/porte-cles-bouclier-captain-america\/#primaryimage"},"thumbnailUrl":"https:\/\/repliquemangacine.fr\/wp-content\/uploads\/2023\/10\/pc-captain.jpg","datePublished":"2021-07-21T16:24:46+00:00","dateModified":"2026-03-03T05:25:37+00:00","description":"Venite a scoprire questo superbo portachiavi con scudo di Capitan America. Tutto in metallo. Un regalo utile per i fan dell'universo Marvel!","breadcrumb":{"@id":"https:\/\/repliquemangacine.fr\/porte-cles-goodies\/porte-cles-bouclier-captain-america\/#breadcrumb"},"inLanguage":"it-IT","potentialAction":[{"@type":"ReadAction","target":["https:\/\/repliquemangacine.fr\/porte-cles-goodies\/porte-cles-bouclier-captain-america\/"]}]},{"@type":"ImageObject","inLanguage":"it-IT","@id":"https:\/\/repliquemangacine.fr\/porte-cles-goodies\/porte-cles-bouclier-captain-america\/#primaryimage","url":"https:\/\/repliquemangacine.fr\/wp-content\/uploads\/2023\/10\/pc-captain.jpg","contentUrl":"https:\/\/repliquemangacine.fr\/wp-content\/uploads\/2023\/10\/pc-captain.jpg","width":800,"height":800,"caption":"Porte-cl\u00e9s Bouclier Captain America"},{"@type":"BreadcrumbList","@id":"https:\/\/repliquemangacine.fr\/porte-cles-goodies\/porte-cles-bouclier-captain-america\/#breadcrumb","itemListElement":[{"@type":"ListItem","position":1,"name":"Accueil","item":"https:\/\/repliquemangacine.fr\/"},{"@type":"ListItem","position":2,"name":"Produits","item":"https:\/\/repliquemangacine.fr\/boutique\/"},{"@type":"ListItem","position":3,"name":"Porte Cl\u00e9s Bouclier Captain Am\u00e9rica"}]},{"@type":"WebSite","@id":"https:\/\/repliquemangacine.fr\/#website","url":"https:\/\/repliquemangacine.fr\/","name":"R\u00e9plique Manga Cin\u00e9","description":"","publisher":{"@id":"https:\/\/repliquemangacine.fr\/#organization"},"potentialAction":[{"@type":"SearchAction","target":{"@type":"EntryPoint","urlTemplate":"https:\/\/repliquemangacine.fr\/?s={search_term_string}"},"query-input":{"@type":"PropertyValueSpecification","valueRequired":true,"valueName":"search_term_string"}}],"inLanguage":"it-IT"},{"@type":"Organization","@id":"https:\/\/repliquemangacine.fr\/#organization","name":"R\u00e9plique Manga Cin\u00e9","url":"https:\/\/repliquemangacine.fr\/","logo":{"@type":"ImageObject","inLanguage":"it-IT","@id":"https:\/\/repliquemangacine.fr\/#\/schema\/logo\/image\/","url":"https:\/\/repliquemangacine.fr\/wp-content\/uploads\/2023\/10\/RMC-500250.png","contentUrl":"https:\/\/repliquemangacine.fr\/wp-content\/uploads\/2023\/10\/RMC-500250.png","width":500,"height":250,"caption":"R\u00e9plique Manga Cin\u00e9"},"image":{"@id":"https:\/\/repliquemangacine.fr\/#\/schema\/logo\/image\/"},"sameAs":["https:\/\/www.facebook.com\/RepliqueMangaCine","https:\/\/www.instagram.com\/repliquemangacine.fr\/"]}]}},"_links":{"self":[{"href":"https:\/\/repliquemangacine.fr\/it\/wp-json\/wp\/v2\/product\/41405","targetHints":{"allow":["GET"]}}],"collection":[{"href":"https:\/\/repliquemangacine.fr\/it\/wp-json\/wp\/v2\/product"}],"about":[{"href":"https:\/\/repliquemangacine.fr\/it\/wp-json\/wp\/v2\/types\/product"}],"wp:featuredmedia":[{"embeddable":true,"href":"https:\/\/repliquemangacine.fr\/it\/wp-json\/wp\/v2\/media\/41406"}],"wp:attachment":[{"href":"https:\/\/repliquemangacine.fr\/it\/wp-json\/wp\/v2\/media?parent=41405"}],"wp:term":[{"taxonomy":"product_brand","embeddable":true,"href":"https:\/\/repliquemangacine.fr\/it\/wp-json\/wp\/v2\/product_brand?post=41405"},{"taxonomy":"product_cat","embeddable":true,"href":"https:\/\/repliquemangacine.fr\/it\/wp-json\/wp\/v2\/product_cat?post=41405"},{"taxonomy":"product_tag","embeddable":true,"href":"https:\/\/repliquemangacine.fr\/it\/wp-json\/wp\/v2\/product_tag?post=41405"}],"curies":[{"name":"wp","href":"https:\/\/api.w.org\/{rel}","templated":true}]}}