





{"id":41358,"date":"2021-07-20T16:37:44","date_gmt":"2021-07-20T14:37:44","guid":{"rendered":"https:\/\/repliquemangacine.fr\/?post_type=product&#038;p=41358"},"modified":"2025-09-23T18:02:36","modified_gmt":"2025-09-23T16:02:36","slug":"portachiavi-zenitsu-agatsuma","status":"publish","type":"product","link":"https:\/\/repliquemangacine.fr\/it\/porte-cles-goodies\/porte-cles-zenitsu-agatsuma\/","title":{"rendered":"Portachiavi Zenitsu Agatsuma"},"content":{"rendered":"<p>Il portachiavi Zenitsu Agatsuma - Kimetsu no Yaiba o Demon Slayer racconta la storia di Tanjiro. Tanjiro \u00e8 un giovane uomo il cui padre \u00e8 morto. Un giorno, quando va a vendere carbone in un villaggio vicino, trova tutta la sua famiglia assassinata. L'unica sopravvissuta \u00e8 sua sorella, Nezuko, che \u00e8 stata trasformata in un demone. Sembra che abbia conservato alcuni pensieri umani. ( Intervista a cura di <a href=\"https:\/\/kimetsu-no-yaiba.fandom.com\/fr\/wiki\/Zenitsu_Agatsuma\">Fandom<\/a> ).<\/p>\n<p>Tanjiro parte per un lungo viaggio alla ricerca di un modo per trasformare sua sorella in umana e vendicare la sua famiglia...<\/p>\n<p>D\u00e9mon Slayer \u00e8 il manga pi\u00f9 venduto del 2019, con oltre 12 milioni di volumi venduti, davanti a One Piece. ( Intervista a cura di Fandom )<\/p>\n<p>Per concludere, Zenitsu Agatsuma \u00e8 uno dei personaggi principali del manga, noto per la sua velocit\u00e0 e la sua lama elettrica. \u00c8 anche un cacciatore di demoni e un compagno di viaggio di Tanjir\u014d.<\/p>\n<p>Vi offriamo anche tutte le katane di Demon Slayer. Come la <a href=\"https:\/\/repliquemangacine.fr\/it\/cacciatore-di-demoni\/katana-delluccisore-di-demoni-shinobu\/\">Katana di Shinobu Koch\u014d<\/a> con la sua lama modificata che scompare completamente, terminando a punta. C'\u00e8 anche il <a href=\"https:\/\/repliquemangacine.fr\/it\/cacciatore-di-demoni\/katana-delluccisore-di-demoni-zenitsu-agatsuma\/\">Katana di Zenitsu Agatsuma<\/a> e la sua lama serigrafata in oro che imita un raggio elettrico, che si abbina meravigliosamente al vostro portachiavi. E molto altro ancora da scoprire.<\/p>\n<p>C'\u00e8 anche il programma per famiglie<a href=\"https:\/\/repliquemangacine.fr\/it\/cacciatore-di-demoni\/puzzle-demon-slayer-1000-pieces-poster\/\"> Puzzle dell'Ammazzademoni<\/a> 1000 monete e un poster bonus per i fan.<\/p>\n<p>Questo portachiavi di Zenitsu Agatsuma \u00e8 un'ottima idea regalo per i fan di Demon Slayer.<\/p>","protected":false},"excerpt":{"rendered":"<p>Portachiavi Zenitsu Agatsuma - Uccisore di demoni<\/p>\n<p>Splendido portachiavi ispirato al personaggio di Zenitsu Agatsuma in Demon Slayer.<br \/>\nLa statuetta Chibi \u00e8 realizzata in gomma morbida, tenuta insieme da una mini catena e rifinita con un anello portachiavi. Entrambi i lati sono identici.<br \/>\nFornito in confezione blister<\/p>\n<p>Altezza del personaggio: 8,5 cm - Lunghezza totale del portachiavi: 13,5 cm - Peso 20 gr<\/p>","protected":false},"featured_media":41359,"template":"","meta":[],"product_brand":[896],"product_cat":[63,94,23,96,101],"product_tag":[],"class_list":{"0":"post-41358","1":"product","2":"type-product","3":"status-publish","4":"has-post-thumbnail","6":"product_brand-replique-manga-cine","7":"product_cat-katana-demon-slayer","8":"product_cat-goodies","9":"product_cat-repliques-manga-jeux-video","10":"product_cat-porte-cles-goodies","11":"product_cat-soldes","13":"first","14":"outofstock","15":"sale","16":"taxable","17":"shipping-taxable","18":"purchasable","19":"product-type-simple"},"yoast_head":"<!-- This site is optimized with the Yoast SEO plugin v27.4 - https:\/\/yoast.com\/product\/yoast-seo-wordpress\/ -->\n<title>Porte-cl\u00e9s Zenitsu Agatsuma - Vente de Goodies - R\u00e9plique Manga Cine<\/title>\n<meta name=\"description\" content=\"Exclusivit\u00e9 ! Venez d\u00e9couvrir le Porte-cl\u00e9s Zenitsu Agatsuma en figurine chibi dans D\u00e9mon Slayer. Pour les fans...\" \/>\n<meta name=\"robots\" content=\"index, follow, max-snippet:-1, max-image-preview:large, max-video-preview:-1\" \/>\n<link rel=\"canonical\" href=\"https:\/\/repliquemangacine.fr\/it\/bilanci\/portachiavi-zenitsu-agatsuma\/\" \/>\n<meta property=\"og:locale\" content=\"it_IT\" \/>\n<meta property=\"og:type\" content=\"article\" \/>\n<meta property=\"og:title\" content=\"Porte-cl\u00e9s Zenitsu Agatsuma - Vente de Goodies - R\u00e9plique Manga Cine\" \/>\n<meta property=\"og:description\" content=\"Exclusivit\u00e9 ! Venez d\u00e9couvrir le Porte-cl\u00e9s Zenitsu Agatsuma en figurine chibi dans D\u00e9mon Slayer. Pour les fans...\" \/>\n<meta property=\"og:url\" content=\"https:\/\/repliquemangacine.fr\/it\/bilanci\/portachiavi-zenitsu-agatsuma\/\" \/>\n<meta property=\"og:site_name\" content=\"R\u00e9plique Manga Cin\u00e9\" \/>\n<meta property=\"article:publisher\" content=\"https:\/\/www.facebook.com\/RepliqueMangaCine\" \/>\n<meta property=\"article:modified_time\" content=\"2025-09-23T16:02:36+00:00\" \/>\n<meta property=\"og:image\" content=\"https:\/\/repliquemangacine.fr\/wp-content\/uploads\/2023\/10\/porte-cles-demon-slayers-1.jpg\" \/>\n\t<meta property=\"og:image:width\" content=\"800\" \/>\n\t<meta property=\"og:image:height\" content=\"800\" \/>\n\t<meta property=\"og:image:type\" content=\"image\/jpeg\" \/>\n<meta name=\"twitter:card\" content=\"summary_large_image\" \/>\n<meta name=\"twitter:label1\" content=\"Tempo di lettura stimato\" \/>\n\t<meta name=\"twitter:data1\" content=\"1 minuto\" \/>\n<script type=\"application\/ld+json\" class=\"yoast-schema-graph\">{\"@context\":\"https:\\\/\\\/schema.org\",\"@graph\":[{\"@type\":\"WebPage\",\"@id\":\"https:\\\/\\\/repliquemangacine.fr\\\/en\\\/balances\\\/keyring-zenitsu-agatsuma\\\/\",\"url\":\"https:\\\/\\\/repliquemangacine.fr\\\/en\\\/balances\\\/keyring-zenitsu-agatsuma\\\/\",\"name\":\"Porte-cl\u00e9s Zenitsu Agatsuma - Vente de Goodies - R\u00e9plique Manga Cine\",\"isPartOf\":{\"@id\":\"https:\\\/\\\/repliquemangacine.fr\\\/#website\"},\"primaryImageOfPage\":{\"@id\":\"https:\\\/\\\/repliquemangacine.fr\\\/en\\\/balances\\\/keyring-zenitsu-agatsuma\\\/#primaryimage\"},\"image\":{\"@id\":\"https:\\\/\\\/repliquemangacine.fr\\\/en\\\/balances\\\/keyring-zenitsu-agatsuma\\\/#primaryimage\"},\"thumbnailUrl\":\"https:\\\/\\\/repliquemangacine.fr\\\/wp-content\\\/uploads\\\/2023\\\/10\\\/porte-cles-demon-slayers-1.jpg\",\"datePublished\":\"2021-07-20T14:37:44+00:00\",\"dateModified\":\"2025-09-23T16:02:36+00:00\",\"description\":\"Exclusivit\u00e9 ! Venez d\u00e9couvrir le Porte-cl\u00e9s Zenitsu Agatsuma en figurine chibi dans D\u00e9mon Slayer. Pour les fans...\",\"breadcrumb\":{\"@id\":\"https:\\\/\\\/repliquemangacine.fr\\\/en\\\/balances\\\/keyring-zenitsu-agatsuma\\\/#breadcrumb\"},\"inLanguage\":\"it-IT\",\"potentialAction\":[{\"@type\":\"ReadAction\",\"target\":[\"https:\\\/\\\/repliquemangacine.fr\\\/en\\\/balances\\\/keyring-zenitsu-agatsuma\\\/\"]}]},{\"@type\":\"ImageObject\",\"inLanguage\":\"it-IT\",\"@id\":\"https:\\\/\\\/repliquemangacine.fr\\\/en\\\/balances\\\/keyring-zenitsu-agatsuma\\\/#primaryimage\",\"url\":\"https:\\\/\\\/repliquemangacine.fr\\\/wp-content\\\/uploads\\\/2023\\\/10\\\/porte-cles-demon-slayers-1.jpg\",\"contentUrl\":\"https:\\\/\\\/repliquemangacine.fr\\\/wp-content\\\/uploads\\\/2023\\\/10\\\/porte-cles-demon-slayers-1.jpg\",\"width\":800,\"height\":800,\"caption\":\"Porte-Cl\u00e9s Zenitsu Agatsuma Demon Slayer\"},{\"@type\":\"BreadcrumbList\",\"@id\":\"https:\\\/\\\/repliquemangacine.fr\\\/en\\\/balances\\\/keyring-zenitsu-agatsuma\\\/#breadcrumb\",\"itemListElement\":[{\"@type\":\"ListItem\",\"position\":1,\"name\":\"Accueil\",\"item\":\"https:\\\/\\\/repliquemangacine.fr\\\/\"},{\"@type\":\"ListItem\",\"position\":2,\"name\":\"Produits\",\"item\":\"https:\\\/\\\/repliquemangacine.fr\\\/boutique\\\/\"},{\"@type\":\"ListItem\",\"position\":3,\"name\":\"Porte-cl\u00e9s Zenitsu Agatsuma\"}]},{\"@type\":\"WebSite\",\"@id\":\"https:\\\/\\\/repliquemangacine.fr\\\/#website\",\"url\":\"https:\\\/\\\/repliquemangacine.fr\\\/\",\"name\":\"R\u00e9plique Manga Cin\u00e9\",\"description\":\"\",\"publisher\":{\"@id\":\"https:\\\/\\\/repliquemangacine.fr\\\/#organization\"},\"potentialAction\":[{\"@type\":\"SearchAction\",\"target\":{\"@type\":\"EntryPoint\",\"urlTemplate\":\"https:\\\/\\\/repliquemangacine.fr\\\/?s={search_term_string}\"},\"query-input\":{\"@type\":\"PropertyValueSpecification\",\"valueRequired\":true,\"valueName\":\"search_term_string\"}}],\"inLanguage\":\"it-IT\"},{\"@type\":\"Organization\",\"@id\":\"https:\\\/\\\/repliquemangacine.fr\\\/#organization\",\"name\":\"R\u00e9plique Manga Cin\u00e9\",\"url\":\"https:\\\/\\\/repliquemangacine.fr\\\/\",\"logo\":{\"@type\":\"ImageObject\",\"inLanguage\":\"it-IT\",\"@id\":\"https:\\\/\\\/repliquemangacine.fr\\\/#\\\/schema\\\/logo\\\/image\\\/\",\"url\":\"https:\\\/\\\/repliquemangacine.fr\\\/wp-content\\\/uploads\\\/2023\\\/10\\\/RMC-500250.png\",\"contentUrl\":\"https:\\\/\\\/repliquemangacine.fr\\\/wp-content\\\/uploads\\\/2023\\\/10\\\/RMC-500250.png\",\"width\":500,\"height\":250,\"caption\":\"R\u00e9plique Manga Cin\u00e9\"},\"image\":{\"@id\":\"https:\\\/\\\/repliquemangacine.fr\\\/#\\\/schema\\\/logo\\\/image\\\/\"},\"sameAs\":[\"https:\\\/\\\/www.facebook.com\\\/RepliqueMangaCine\",\"https:\\\/\\\/www.instagram.com\\\/repliquemangacine.fr\\\/\"]}]}<\/script>\n<!-- \/ Yoast SEO plugin. -->","yoast_head_json":{"title":"Portachiavi Zenitsu Agatsuma - Goodies - Manga Cine Replica","description":"Esclusivo! Scopri il portachiavi di Zenitsu Agatsuma come figura chibi in Demon Slayer. Per i fan di...","robots":{"index":"index","follow":"follow","max-snippet":"max-snippet:-1","max-image-preview":"max-image-preview:large","max-video-preview":"max-video-preview:-1"},"canonical":"https:\/\/repliquemangacine.fr\/it\/bilanci\/portachiavi-zenitsu-agatsuma\/","og_locale":"it_IT","og_type":"article","og_title":"Porte-cl\u00e9s Zenitsu Agatsuma - Vente de Goodies - R\u00e9plique Manga Cine","og_description":"Exclusivit\u00e9 ! Venez d\u00e9couvrir le Porte-cl\u00e9s Zenitsu Agatsuma en figurine chibi dans D\u00e9mon Slayer. Pour les fans...","og_url":"https:\/\/repliquemangacine.fr\/it\/bilanci\/portachiavi-zenitsu-agatsuma\/","og_site_name":"R\u00e9plique Manga Cin\u00e9","article_publisher":"https:\/\/www.facebook.com\/RepliqueMangaCine","article_modified_time":"2025-09-23T16:02:36+00:00","og_image":[{"width":800,"height":800,"url":"https:\/\/repliquemangacine.fr\/wp-content\/uploads\/2023\/10\/porte-cles-demon-slayers-1.jpg","type":"image\/jpeg"}],"twitter_card":"summary_large_image","twitter_misc":{"Tempo di lettura stimato":"1 minuto"},"schema":{"@context":"https:\/\/schema.org","@graph":[{"@type":"WebPage","@id":"https:\/\/repliquemangacine.fr\/en\/balances\/keyring-zenitsu-agatsuma\/","url":"https:\/\/repliquemangacine.fr\/en\/balances\/keyring-zenitsu-agatsuma\/","name":"Portachiavi Zenitsu Agatsuma - Goodies - Manga Cine Replica","isPartOf":{"@id":"https:\/\/repliquemangacine.fr\/#website"},"primaryImageOfPage":{"@id":"https:\/\/repliquemangacine.fr\/en\/balances\/keyring-zenitsu-agatsuma\/#primaryimage"},"image":{"@id":"https:\/\/repliquemangacine.fr\/en\/balances\/keyring-zenitsu-agatsuma\/#primaryimage"},"thumbnailUrl":"https:\/\/repliquemangacine.fr\/wp-content\/uploads\/2023\/10\/porte-cles-demon-slayers-1.jpg","datePublished":"2021-07-20T14:37:44+00:00","dateModified":"2025-09-23T16:02:36+00:00","description":"Esclusivo! Scopri il portachiavi di Zenitsu Agatsuma come figura chibi in Demon Slayer. Per i fan di...","breadcrumb":{"@id":"https:\/\/repliquemangacine.fr\/en\/balances\/keyring-zenitsu-agatsuma\/#breadcrumb"},"inLanguage":"it-IT","potentialAction":[{"@type":"ReadAction","target":["https:\/\/repliquemangacine.fr\/en\/balances\/keyring-zenitsu-agatsuma\/"]}]},{"@type":"ImageObject","inLanguage":"it-IT","@id":"https:\/\/repliquemangacine.fr\/en\/balances\/keyring-zenitsu-agatsuma\/#primaryimage","url":"https:\/\/repliquemangacine.fr\/wp-content\/uploads\/2023\/10\/porte-cles-demon-slayers-1.jpg","contentUrl":"https:\/\/repliquemangacine.fr\/wp-content\/uploads\/2023\/10\/porte-cles-demon-slayers-1.jpg","width":800,"height":800,"caption":"Porte-Cl\u00e9s Zenitsu Agatsuma Demon Slayer"},{"@type":"BreadcrumbList","@id":"https:\/\/repliquemangacine.fr\/en\/balances\/keyring-zenitsu-agatsuma\/#breadcrumb","itemListElement":[{"@type":"ListItem","position":1,"name":"Accueil","item":"https:\/\/repliquemangacine.fr\/"},{"@type":"ListItem","position":2,"name":"Produits","item":"https:\/\/repliquemangacine.fr\/boutique\/"},{"@type":"ListItem","position":3,"name":"Porte-cl\u00e9s Zenitsu Agatsuma"}]},{"@type":"WebSite","@id":"https:\/\/repliquemangacine.fr\/#website","url":"https:\/\/repliquemangacine.fr\/","name":"R\u00e9plique Manga Cin\u00e9","description":"","publisher":{"@id":"https:\/\/repliquemangacine.fr\/#organization"},"potentialAction":[{"@type":"SearchAction","target":{"@type":"EntryPoint","urlTemplate":"https:\/\/repliquemangacine.fr\/?s={search_term_string}"},"query-input":{"@type":"PropertyValueSpecification","valueRequired":true,"valueName":"search_term_string"}}],"inLanguage":"it-IT"},{"@type":"Organization","@id":"https:\/\/repliquemangacine.fr\/#organization","name":"R\u00e9plique Manga Cin\u00e9","url":"https:\/\/repliquemangacine.fr\/","logo":{"@type":"ImageObject","inLanguage":"it-IT","@id":"https:\/\/repliquemangacine.fr\/#\/schema\/logo\/image\/","url":"https:\/\/repliquemangacine.fr\/wp-content\/uploads\/2023\/10\/RMC-500250.png","contentUrl":"https:\/\/repliquemangacine.fr\/wp-content\/uploads\/2023\/10\/RMC-500250.png","width":500,"height":250,"caption":"R\u00e9plique Manga Cin\u00e9"},"image":{"@id":"https:\/\/repliquemangacine.fr\/#\/schema\/logo\/image\/"},"sameAs":["https:\/\/www.facebook.com\/RepliqueMangaCine","https:\/\/www.instagram.com\/repliquemangacine.fr\/"]}]}},"_links":{"self":[{"href":"https:\/\/repliquemangacine.fr\/it\/wp-json\/wp\/v2\/product\/41358","targetHints":{"allow":["GET"]}}],"collection":[{"href":"https:\/\/repliquemangacine.fr\/it\/wp-json\/wp\/v2\/product"}],"about":[{"href":"https:\/\/repliquemangacine.fr\/it\/wp-json\/wp\/v2\/types\/product"}],"wp:featuredmedia":[{"embeddable":true,"href":"https:\/\/repliquemangacine.fr\/it\/wp-json\/wp\/v2\/media\/41359"}],"wp:attachment":[{"href":"https:\/\/repliquemangacine.fr\/it\/wp-json\/wp\/v2\/media?parent=41358"}],"wp:term":[{"taxonomy":"product_brand","embeddable":true,"href":"https:\/\/repliquemangacine.fr\/it\/wp-json\/wp\/v2\/product_brand?post=41358"},{"taxonomy":"product_cat","embeddable":true,"href":"https:\/\/repliquemangacine.fr\/it\/wp-json\/wp\/v2\/product_cat?post=41358"},{"taxonomy":"product_tag","embeddable":true,"href":"https:\/\/repliquemangacine.fr\/it\/wp-json\/wp\/v2\/product_tag?post=41358"}],"curies":[{"name":"wp","href":"https:\/\/api.w.org\/{rel}","templated":true}]}}