





{"id":41084,"date":"2021-07-07T20:25:16","date_gmt":"2021-07-07T18:25:16","guid":{"rendered":"https:\/\/repliquemangacine.fr\/?post_type=product&#038;p=41084"},"modified":"2025-09-23T18:02:36","modified_gmt":"2025-09-23T16:02:36","slug":"la-spada-di-liz-nei-sette-peccati-capitali","status":"publish","type":"product","link":"https:\/\/repliquemangacine.fr\/it\/epees-seven-deadly-sins\/epee-de-liz-dans-seven-deadly-sins\/","title":{"rendered":"LIZ SWORD SETTE PECCATI CAPITALI"},"content":{"rendered":"<h2>La spada di Liz I sette peccati capitali<\/h2>\n<p>Per cominciare, il<strong>La spada di Liz<\/strong> sembra relativamente ordinario, ma brandendolo Meliodas ne aumenta esponenzialmente la capacit\u00e0.<\/p>\n<p>L'incontro con Meliodas, un ragazzo dalla forza eccezionale, e con Hawk, il suo maiale, segna l'inizio di una ricerca ricca di colpi di scena, dove magia e combattimento sono all'ordine del giorno!<\/p>\n<p><a href=\"https:\/\/seven-deadly-sins.fandom.com\/fr\/wiki\/Meliodas#Armes\" target=\"_blank\" rel=\"noopener noreferrer\">Meliodas<\/a> \u00e8 il Drago dell'Ira che guida i Sette Peccati Capitali. \u00c8 il protagonista principale della serie, proprietario della famosa taverna Boar Hat. Il suo tesoro sacro \u00e8 il Demon Slasher di Lostvayne e la sua abilit\u00e0 principale \u00e8 la Vendetta Totale.<\/p>\n<p>La Spada di Liz era originariamente un dono di Liz a Meliodas, ma Meliodas la rifiut\u00f2. Durante la battaglia contro Dale (in forma di demone), Elizabeth offre nuovamente la spada a Meliodas, che questa volta la accetta.<\/p>\n<h2>La tua spada di Liz in Sette peccati capitali al miglior prezzo<\/h2>\n<p>Offriamo una vasta gamma di repliche di Nanatsu no Taizai.<\/p>\n<p>Innanzitutto,<\/p>\n<ul>\n<li>L'<a href=\"https:\/\/repliquemangacine.fr\/it\/altri-manga\/spada-del-drago-di-meliodas\/\">spada del drago<\/a> o la spada spezzata di Meliodas nel manga Seven Deadly Sins.<\/li>\n<li>C'\u00e8 anche una replica del<a href=\"https:\/\/repliquemangacine.fr\/it\/altri-manga\/meliodas-spada-tesoro-sacro-lostvayne\/\">spada tesoro sacro di Meliodas<\/a>.<\/li>\n<li>Cos\u00ec come il <a href=\"https:\/\/repliquemangacine.fr\/it\/varie-chicche\/mousepad-60-x-40-i-sette-mortali\/\">Tappetino per mouse Seven Deadly Sins<\/a> ( Nanatsu no taizai).<\/li>\n<li>E molto altro ancora da scoprire nel nostro negozio online!<\/li>\n<\/ul>\n<p>Ecco quindi alcune ottime idee regalo per tutti i fan degli anime manga.<\/p>\n<p>In conclusione, \u00e8 possibile utilizzare l\u2019<strong>La spada di Liz<\/strong> per le vostre sfilate Cosplay. Ma soprattutto, questa spada \u00e8 un oggetto da collezione e un pezzo decorativo.<\/p>\n<h2>Come faccio a mantenere la lama della mia spada Seven Deadly Sins?<\/h2>\n<p>Le spade da collezione e decorative sono realizzate e assemblate in modo semplificato. Poich\u00e9 il loro uso \u00e8 decorativo, non hanno le caratteristiche di sicurezza richieste per una spada giapponese destinata all'allenamento.<\/p>\n<p>Tuttavia, il vostro <strong>La spada di Liz<\/strong> a una lama d'acciaio che deve essere curata per evitare che si danneggi nel tempo. Quando si espone la katana, gli amici saranno curiosi di vedere la lama e di toccarla. \u00c8 qui che bisogna fare attenzione, perch\u00e9 l'acidit\u00e0 delle dita \u00e8 molto dannosa per l'acciaio, indipendentemente dalla sua qualit\u00e0.<\/p>\n<p>Tuttavia, se ci\u00f2 dovesse accadere, niente panico: basta un panno inumidito con un po' d'olio per eliminare le impronte. In questo modo, la spada durer\u00e0 a lungo.<\/p>\n<p><strong>\u00a0<\/strong><\/p>","protected":false},"excerpt":{"rendered":"<p>Replica della spada di Liz data a M\u00e9liodas.<\/p>\n<ul>\n<li>Lama in acciaio 440 con incisione su tutta la lunghezza.<\/li>\n<li>Elsa e pomo in metallo decorato.<\/li>\n<li>Manico in ABS rosso.<\/li>\n<li>Fodero in legno nero.<\/li>\n<li>Lunghezza totale: 82 cm - Lunghezza lama: 41 cm - Peso: 1800 gr.<\/li>\n<\/ul>","protected":false},"featured_media":41085,"template":"","meta":[],"product_brand":[896],"product_cat":[23,110],"product_tag":[],"class_list":{"0":"post-41084","1":"product","2":"type-product","3":"status-publish","4":"has-post-thumbnail","6":"product_brand-replique-manga-cine","7":"product_cat-repliques-manga-jeux-video","8":"product_cat-epees-seven-deadly-sins","10":"first","11":"instock","12":"sale","13":"taxable","14":"shipping-taxable","15":"purchasable","16":"product-type-simple"},"yoast_head":"<!-- This site is optimized with the Yoast SEO plugin v27.4 - https:\/\/yoast.com\/product\/yoast-seo-wordpress\/ -->\n<title>Ep\u00e9e de Liz - Seven Deadly Sins - R\u00e9plique Manga Cin\u00e9<\/title>\n<meta name=\"description\" content=\"Commandez vite ! Cette superbe r\u00e9plique de l&#039; Ep\u00e9e de Liz donn\u00e9e \u00e0 Meliodas dans Seven Deadly Sins. Lame en acier avec gravure, garde m\u00e9tal...\" \/>\n<meta name=\"robots\" content=\"index, follow, max-snippet:-1, max-image-preview:large, max-video-preview:-1\" \/>\n<link rel=\"canonical\" href=\"https:\/\/repliquemangacine.fr\/it\/spade-dei-sette-peccati-capitali\/la-spada-di-liz-nei-sette-peccati-capitali\/\" \/>\n<meta property=\"og:locale\" content=\"it_IT\" \/>\n<meta property=\"og:type\" content=\"article\" \/>\n<meta property=\"og:title\" content=\"Ep\u00e9e de Liz - Seven Deadly Sins - R\u00e9plique Manga Cin\u00e9\" \/>\n<meta property=\"og:description\" content=\"Commandez vite ! Cette superbe r\u00e9plique de l&#039; Ep\u00e9e de Liz donn\u00e9e \u00e0 Meliodas dans Seven Deadly Sins. Lame en acier avec gravure, garde m\u00e9tal...\" \/>\n<meta property=\"og:url\" content=\"https:\/\/repliquemangacine.fr\/it\/spade-dei-sette-peccati-capitali\/la-spada-di-liz-nei-sette-peccati-capitali\/\" \/>\n<meta property=\"og:site_name\" content=\"R\u00e9plique Manga Cin\u00e9\" \/>\n<meta property=\"article:publisher\" content=\"https:\/\/www.facebook.com\/RepliqueMangaCine\" \/>\n<meta property=\"article:modified_time\" content=\"2025-09-23T16:02:36+00:00\" \/>\n<meta property=\"og:image\" content=\"https:\/\/repliquemangacine.fr\/wp-content\/uploads\/2023\/10\/epee-de-liz-4.jpg\" \/>\n\t<meta property=\"og:image:width\" content=\"800\" \/>\n\t<meta property=\"og:image:height\" content=\"800\" \/>\n\t<meta property=\"og:image:type\" content=\"image\/jpeg\" \/>\n<meta name=\"twitter:card\" content=\"summary_large_image\" \/>\n<meta name=\"twitter:label1\" content=\"Tempo di lettura stimato\" \/>\n\t<meta name=\"twitter:data1\" content=\"1 minuto\" \/>\n<script type=\"application\/ld+json\" class=\"yoast-schema-graph\">{\"@context\":\"https:\\\/\\\/schema.org\",\"@graph\":[{\"@type\":\"WebPage\",\"@id\":\"https:\\\/\\\/repliquemangacine.fr\\\/de\\\/epees-seven-deadly-sins\\\/liz-schwert-in-seven-deadly-sins\\\/\",\"url\":\"https:\\\/\\\/repliquemangacine.fr\\\/de\\\/epees-seven-deadly-sins\\\/liz-schwert-in-seven-deadly-sins\\\/\",\"name\":\"Ep\u00e9e de Liz - Seven Deadly Sins - R\u00e9plique Manga Cin\u00e9\",\"isPartOf\":{\"@id\":\"https:\\\/\\\/repliquemangacine.fr\\\/#website\"},\"primaryImageOfPage\":{\"@id\":\"https:\\\/\\\/repliquemangacine.fr\\\/de\\\/epees-seven-deadly-sins\\\/liz-schwert-in-seven-deadly-sins\\\/#primaryimage\"},\"image\":{\"@id\":\"https:\\\/\\\/repliquemangacine.fr\\\/de\\\/epees-seven-deadly-sins\\\/liz-schwert-in-seven-deadly-sins\\\/#primaryimage\"},\"thumbnailUrl\":\"https:\\\/\\\/repliquemangacine.fr\\\/wp-content\\\/uploads\\\/2023\\\/10\\\/epee-de-liz-4.jpg\",\"datePublished\":\"2021-07-07T18:25:16+00:00\",\"dateModified\":\"2025-09-23T16:02:36+00:00\",\"description\":\"Commandez vite ! Cette superbe r\u00e9plique de l' Ep\u00e9e de Liz donn\u00e9e \u00e0 Meliodas dans Seven Deadly Sins. Lame en acier avec gravure, garde m\u00e9tal...\",\"breadcrumb\":{\"@id\":\"https:\\\/\\\/repliquemangacine.fr\\\/de\\\/epees-seven-deadly-sins\\\/liz-schwert-in-seven-deadly-sins\\\/#breadcrumb\"},\"inLanguage\":\"it-IT\",\"potentialAction\":[{\"@type\":\"ReadAction\",\"target\":[\"https:\\\/\\\/repliquemangacine.fr\\\/de\\\/epees-seven-deadly-sins\\\/liz-schwert-in-seven-deadly-sins\\\/\"]}]},{\"@type\":\"ImageObject\",\"inLanguage\":\"it-IT\",\"@id\":\"https:\\\/\\\/repliquemangacine.fr\\\/de\\\/epees-seven-deadly-sins\\\/liz-schwert-in-seven-deadly-sins\\\/#primaryimage\",\"url\":\"https:\\\/\\\/repliquemangacine.fr\\\/wp-content\\\/uploads\\\/2023\\\/10\\\/epee-de-liz-4.jpg\",\"contentUrl\":\"https:\\\/\\\/repliquemangacine.fr\\\/wp-content\\\/uploads\\\/2023\\\/10\\\/epee-de-liz-4.jpg\",\"width\":800,\"height\":800,\"caption\":\"Seven Deadly Sins \u00e9p\u00e9e de liz\"},{\"@type\":\"BreadcrumbList\",\"@id\":\"https:\\\/\\\/repliquemangacine.fr\\\/de\\\/epees-seven-deadly-sins\\\/liz-schwert-in-seven-deadly-sins\\\/#breadcrumb\",\"itemListElement\":[{\"@type\":\"ListItem\",\"position\":1,\"name\":\"Accueil\",\"item\":\"https:\\\/\\\/repliquemangacine.fr\\\/\"},{\"@type\":\"ListItem\",\"position\":2,\"name\":\"Produits\",\"item\":\"https:\\\/\\\/repliquemangacine.fr\\\/boutique\\\/\"},{\"@type\":\"ListItem\",\"position\":3,\"name\":\"EPEE DE LIZ SEVEN DEADLY SINS\"}]},{\"@type\":\"WebSite\",\"@id\":\"https:\\\/\\\/repliquemangacine.fr\\\/#website\",\"url\":\"https:\\\/\\\/repliquemangacine.fr\\\/\",\"name\":\"R\u00e9plique Manga Cin\u00e9\",\"description\":\"\",\"publisher\":{\"@id\":\"https:\\\/\\\/repliquemangacine.fr\\\/#organization\"},\"potentialAction\":[{\"@type\":\"SearchAction\",\"target\":{\"@type\":\"EntryPoint\",\"urlTemplate\":\"https:\\\/\\\/repliquemangacine.fr\\\/?s={search_term_string}\"},\"query-input\":{\"@type\":\"PropertyValueSpecification\",\"valueRequired\":true,\"valueName\":\"search_term_string\"}}],\"inLanguage\":\"it-IT\"},{\"@type\":\"Organization\",\"@id\":\"https:\\\/\\\/repliquemangacine.fr\\\/#organization\",\"name\":\"R\u00e9plique Manga Cin\u00e9\",\"url\":\"https:\\\/\\\/repliquemangacine.fr\\\/\",\"logo\":{\"@type\":\"ImageObject\",\"inLanguage\":\"it-IT\",\"@id\":\"https:\\\/\\\/repliquemangacine.fr\\\/#\\\/schema\\\/logo\\\/image\\\/\",\"url\":\"https:\\\/\\\/repliquemangacine.fr\\\/wp-content\\\/uploads\\\/2023\\\/10\\\/RMC-500250.png\",\"contentUrl\":\"https:\\\/\\\/repliquemangacine.fr\\\/wp-content\\\/uploads\\\/2023\\\/10\\\/RMC-500250.png\",\"width\":500,\"height\":250,\"caption\":\"R\u00e9plique Manga Cin\u00e9\"},\"image\":{\"@id\":\"https:\\\/\\\/repliquemangacine.fr\\\/#\\\/schema\\\/logo\\\/image\\\/\"},\"sameAs\":[\"https:\\\/\\\/www.facebook.com\\\/RepliqueMangaCine\",\"https:\\\/\\\/www.instagram.com\\\/repliquemangacine.fr\\\/\"]}]}<\/script>\n<!-- \/ Yoast SEO plugin. -->","yoast_head_json":{"title":"La spada di Liz - Sette peccati capitali - R\u00e9plique Manga Cin\u00e9","description":"Ordinate ora! Questa superba replica della spada di Liz data a Meliodas in Seven Deadly Sins. Lama in acciaio con incisione,...","robots":{"index":"index","follow":"follow","max-snippet":"max-snippet:-1","max-image-preview":"max-image-preview:large","max-video-preview":"max-video-preview:-1"},"canonical":"https:\/\/repliquemangacine.fr\/it\/spade-dei-sette-peccati-capitali\/la-spada-di-liz-nei-sette-peccati-capitali\/","og_locale":"it_IT","og_type":"article","og_title":"Ep\u00e9e de Liz - Seven Deadly Sins - R\u00e9plique Manga Cin\u00e9","og_description":"Commandez vite ! Cette superbe r\u00e9plique de l' Ep\u00e9e de Liz donn\u00e9e \u00e0 Meliodas dans Seven Deadly Sins. Lame en acier avec gravure, garde m\u00e9tal...","og_url":"https:\/\/repliquemangacine.fr\/it\/spade-dei-sette-peccati-capitali\/la-spada-di-liz-nei-sette-peccati-capitali\/","og_site_name":"R\u00e9plique Manga Cin\u00e9","article_publisher":"https:\/\/www.facebook.com\/RepliqueMangaCine","article_modified_time":"2025-09-23T16:02:36+00:00","og_image":[{"width":800,"height":800,"url":"https:\/\/repliquemangacine.fr\/wp-content\/uploads\/2023\/10\/epee-de-liz-4.jpg","type":"image\/jpeg"}],"twitter_card":"summary_large_image","twitter_misc":{"Tempo di lettura stimato":"1 minuto"},"schema":{"@context":"https:\/\/schema.org","@graph":[{"@type":"WebPage","@id":"https:\/\/repliquemangacine.fr\/de\/epees-seven-deadly-sins\/liz-schwert-in-seven-deadly-sins\/","url":"https:\/\/repliquemangacine.fr\/de\/epees-seven-deadly-sins\/liz-schwert-in-seven-deadly-sins\/","name":"La spada di Liz - Sette peccati capitali - R\u00e9plique Manga Cin\u00e9","isPartOf":{"@id":"https:\/\/repliquemangacine.fr\/#website"},"primaryImageOfPage":{"@id":"https:\/\/repliquemangacine.fr\/de\/epees-seven-deadly-sins\/liz-schwert-in-seven-deadly-sins\/#primaryimage"},"image":{"@id":"https:\/\/repliquemangacine.fr\/de\/epees-seven-deadly-sins\/liz-schwert-in-seven-deadly-sins\/#primaryimage"},"thumbnailUrl":"https:\/\/repliquemangacine.fr\/wp-content\/uploads\/2023\/10\/epee-de-liz-4.jpg","datePublished":"2021-07-07T18:25:16+00:00","dateModified":"2025-09-23T16:02:36+00:00","description":"Ordinate ora! Questa superba replica della spada di Liz data a Meliodas in Seven Deadly Sins. Lama in acciaio con incisione,...","breadcrumb":{"@id":"https:\/\/repliquemangacine.fr\/de\/epees-seven-deadly-sins\/liz-schwert-in-seven-deadly-sins\/#breadcrumb"},"inLanguage":"it-IT","potentialAction":[{"@type":"ReadAction","target":["https:\/\/repliquemangacine.fr\/de\/epees-seven-deadly-sins\/liz-schwert-in-seven-deadly-sins\/"]}]},{"@type":"ImageObject","inLanguage":"it-IT","@id":"https:\/\/repliquemangacine.fr\/de\/epees-seven-deadly-sins\/liz-schwert-in-seven-deadly-sins\/#primaryimage","url":"https:\/\/repliquemangacine.fr\/wp-content\/uploads\/2023\/10\/epee-de-liz-4.jpg","contentUrl":"https:\/\/repliquemangacine.fr\/wp-content\/uploads\/2023\/10\/epee-de-liz-4.jpg","width":800,"height":800,"caption":"Seven Deadly Sins \u00e9p\u00e9e de liz"},{"@type":"BreadcrumbList","@id":"https:\/\/repliquemangacine.fr\/de\/epees-seven-deadly-sins\/liz-schwert-in-seven-deadly-sins\/#breadcrumb","itemListElement":[{"@type":"ListItem","position":1,"name":"Accueil","item":"https:\/\/repliquemangacine.fr\/"},{"@type":"ListItem","position":2,"name":"Produits","item":"https:\/\/repliquemangacine.fr\/boutique\/"},{"@type":"ListItem","position":3,"name":"EPEE DE LIZ SEVEN DEADLY SINS"}]},{"@type":"WebSite","@id":"https:\/\/repliquemangacine.fr\/#website","url":"https:\/\/repliquemangacine.fr\/","name":"R\u00e9plique Manga Cin\u00e9","description":"","publisher":{"@id":"https:\/\/repliquemangacine.fr\/#organization"},"potentialAction":[{"@type":"SearchAction","target":{"@type":"EntryPoint","urlTemplate":"https:\/\/repliquemangacine.fr\/?s={search_term_string}"},"query-input":{"@type":"PropertyValueSpecification","valueRequired":true,"valueName":"search_term_string"}}],"inLanguage":"it-IT"},{"@type":"Organization","@id":"https:\/\/repliquemangacine.fr\/#organization","name":"R\u00e9plique Manga Cin\u00e9","url":"https:\/\/repliquemangacine.fr\/","logo":{"@type":"ImageObject","inLanguage":"it-IT","@id":"https:\/\/repliquemangacine.fr\/#\/schema\/logo\/image\/","url":"https:\/\/repliquemangacine.fr\/wp-content\/uploads\/2023\/10\/RMC-500250.png","contentUrl":"https:\/\/repliquemangacine.fr\/wp-content\/uploads\/2023\/10\/RMC-500250.png","width":500,"height":250,"caption":"R\u00e9plique Manga Cin\u00e9"},"image":{"@id":"https:\/\/repliquemangacine.fr\/#\/schema\/logo\/image\/"},"sameAs":["https:\/\/www.facebook.com\/RepliqueMangaCine","https:\/\/www.instagram.com\/repliquemangacine.fr\/"]}]}},"_links":{"self":[{"href":"https:\/\/repliquemangacine.fr\/it\/wp-json\/wp\/v2\/product\/41084","targetHints":{"allow":["GET"]}}],"collection":[{"href":"https:\/\/repliquemangacine.fr\/it\/wp-json\/wp\/v2\/product"}],"about":[{"href":"https:\/\/repliquemangacine.fr\/it\/wp-json\/wp\/v2\/types\/product"}],"wp:featuredmedia":[{"embeddable":true,"href":"https:\/\/repliquemangacine.fr\/it\/wp-json\/wp\/v2\/media\/41085"}],"wp:attachment":[{"href":"https:\/\/repliquemangacine.fr\/it\/wp-json\/wp\/v2\/media?parent=41084"}],"wp:term":[{"taxonomy":"product_brand","embeddable":true,"href":"https:\/\/repliquemangacine.fr\/it\/wp-json\/wp\/v2\/product_brand?post=41084"},{"taxonomy":"product_cat","embeddable":true,"href":"https:\/\/repliquemangacine.fr\/it\/wp-json\/wp\/v2\/product_cat?post=41084"},{"taxonomy":"product_tag","embeddable":true,"href":"https:\/\/repliquemangacine.fr\/it\/wp-json\/wp\/v2\/product_tag?post=41084"}],"curies":[{"name":"wp","href":"https:\/\/api.w.org\/{rel}","templated":true}]}}