





{"id":40383,"date":"2021-05-21T13:36:57","date_gmt":"2021-05-21T11:36:57","guid":{"rendered":"https:\/\/repliquemangacine.fr\/?post_type=product&#038;p=40383"},"modified":"2025-12-01T19:08:21","modified_gmt":"2025-12-01T18:08:21","slug":"replica-della-mitragliatrice-mg34-con-treppiedi-denix","status":"publish","type":"product","link":"https:\/\/repliquemangacine.fr\/it\/reproductions-armes-seconde-guerre-mondiale-denix\/replique-mitrailleuse-mg34-avec-trepieds-denix\/","title":{"rendered":"Mitragliatrice MG-34 Denix"},"content":{"rendered":"<h2>Replica della mitragliatrice MG34 - Denix.<\/h2>\n<p>Per cominciare, il <strong>Mitragliatrice MG34<\/strong> o Maschinengewehr 34, mitragliatrice tedesca a retrocarica raffreddata ad aria compressa utilizzata durante la Seconda Guerra Mondiale.<\/p>\n<p>La sua versatilit\u00e0 era rivoluzionaria e permetteva di utilizzarlo sul bipiede per il fuoco antiaereo. Inoltre, il bipiede aveva due posizioni.<\/p>\n<p>La mitragliatrice era dotata di un selettore di fuoco che consentiva di sparare in singoli colpi quando si premeva la base del grilletto.<\/p>\n<p>Fu utilizzata fino alla produzione di massa della MG 42, meno costosa e meno soggetta a incrostazioni. La MG34 fu comunque utilizzata per tutta la guerra, nella sua versione a canna pesante montata su veicoli corazzati, la MG 34T.<\/p>\n<p>La Germania era riuscita a produrre quella che probabilmente sarebbe diventata la migliore mitragliatrice della Seconda Guerra Mondiale.<\/p>\n<h2>La vostra mitragliatrice MG34 al miglior prezzo.<\/h2>\n<p>Offriamo un'ampia gamma di riproduzioni di armi storiche.<\/p>\n<p>Innanzitutto,<\/p>\n<ul>\n<li>La mitragliatrice, la <a href=\"https:\/\/repliquemangacine.fr\/it\/riproduzioni-darmes\/pistolet-mitrailleur-mp40-denix\/\">MP40<\/a> soprannominato \"Schmeisser\" dagli Alleati.<\/li>\n<li>Oltre all'emblematico fucile <a href=\"https:\/\/repliquemangacine.fr\/it\/armi-storiche\/fusil-garand-m1\/\">M1 Garand<\/a> G.I. americano<\/li>\n<li>C'\u00e8 anche il fucile inglese <a href=\"https:\/\/repliquemangacine.fr\/it\/riproduzioni-darmes\/fucile-inglese-lee-enfield-smle-mark-iii\/\">Lee-Enfield SMLE<\/a> Marchio II<\/li>\n<li>E molti altri da scoprire nel nostro negozio online!<\/li>\n<\/ul>\n<p>Ecco perch\u00e9 questa \u00e8 un'ottima idea regalo per tutti gli amanti delle armi storiche.<\/p>\n<p>In conclusione, \u00e8 possibile utilizzare questo <strong>Mitragliatrice MG34<\/strong> per le vostre rievocazioni storiche. Ma soprattutto, quest'arma \u00e8 un oggetto da collezione e un pezzo decorativo.<\/p>\n<p>R\u00e9plique Manga Cin\u00e9 \u00e8 un'azienda francese e distributore ufficiale del marchio <a href=\"https:\/\/www.denix.fr\/fr\/catalogue\/guerres-mondiales-1914-1945\/mitraillettes-et-mitrailleuses\/1317\/\" target=\"_blank\" rel=\"noopener noreferrer\">Denix<\/a>.<\/p>\n<h2>Come vengono realizzate le repliche delle armi Denix?<\/h2>\n<p>Utilizzate in rievocazioni storiche, film, serie e dai collezionisti. Le riproduzioni Denix sono realizzate con materiali di alta qualit\u00e0. Sono accuratamente lavorate e assemblate per creare armi realistiche da collezione.<\/p>\n<ul>\n<li>I metalli sono in una lega metallica nota come Zamac, la cui composizione di base \u00e8 zinco in 95%.<\/li>\n<li>Le parti in plastica delle repliche sono realizzate in ABS stampato, che offre una grande resistenza.<\/li>\n<li>Il legno scelto per la sua bellezza e durata, come il mogano, l'ulivo o il noce, conferir\u00e0 ai mozziconi e alle botti un aspetto elegante e autentico.<\/li>\n<\/ul>\n<p>Si noti che tutte le riproduzioni Denix sono identiche agli originali, come il vostro <strong>Mitragliatrice MG34<\/strong>.<\/p>","protected":false},"excerpt":{"rendered":"<p>Questa riproduzione della mitragliatrice MG-34 \u00e8 identica all'originale.<\/p>\n<ul>\n<li>Calcio in legno massiccio.<\/li>\n<li>Corpo e parti metalliche in Zamac.<\/li>\n<li>Spara e colpisce come una vera MG34.<\/li>\n<li>Non idoneo a sparare.<\/li>\n<li>Bipiede mobile.<\/li>\n<li>Lunghezza totale: 122 cm - Peso: 6940 gr.<\/li>\n<li><strong>Non \u00e8 richiesta alcuna autorizzazione. Vendita e possesso gratuiti<\/strong><\/li>\n<\/ul>\n<p><iframe title=\"Lettore video di YouTube\" src=\"https:\/\/www.youtube.com\/embed\/IY47UBjv7lU\" width=\"560\" height=\"315\" frameborder=\"0\" allowfullscreen=\"allowfullscreen\"><\/iframe><\/p>\n<p><strong>\u00a0<\/strong><\/p>","protected":false},"featured_media":40384,"template":"","meta":[],"product_brand":[896],"product_cat":[25,102,46,54,28,76],"product_tag":[],"class_list":{"0":"post-40383","1":"product","2":"type-product","3":"status-publish","4":"has-post-thumbnail","6":"product_brand-replique-manga-cine","7":"product_cat-armes-historiques","8":"product_cat-denix","9":"product_cat-fusil-d-assaut-fusil-moderne","10":"product_cat-armes-accessoires-guerre-mondiale","11":"product_cat-repliques-darmes","12":"product_cat-reproductions-armes-seconde-guerre-mondiale-denix","14":"first","15":"instock","16":"taxable","17":"shipping-taxable","18":"purchasable","19":"product-type-simple"},"yoast_head":"<!-- This site is optimized with the Yoast SEO plugin v27.4 - https:\/\/yoast.com\/product\/yoast-seo-wordpress\/ -->\n<title>Mitrailleuse MG34 avec Bipieds - Denix - R\u00e9plique Manga Cin\u00e9<\/title>\n<meta name=\"description\" content=\"Offrez-vous la Mitrailleuse MG34 de Denix au meilleur prix - Tout en acier Zamac - M\u00e9canisme fonctionnel - Bipieds - Inapte au tir - Longueur : 122 cm\" \/>\n<meta name=\"robots\" content=\"index, follow, max-snippet:-1, max-image-preview:large, max-video-preview:-1\" \/>\n<link rel=\"canonical\" href=\"https:\/\/repliquemangacine.fr\/it\/denix\/replica-della-mitragliatrice-mg34-con-treppiedi-denix\/\" \/>\n<meta property=\"og:locale\" content=\"it_IT\" \/>\n<meta property=\"og:type\" content=\"article\" \/>\n<meta property=\"og:title\" content=\"Mitrailleuse MG34 avec Bipieds - Denix - R\u00e9plique Manga Cin\u00e9\" \/>\n<meta property=\"og:description\" content=\"Offrez-vous la Mitrailleuse MG34 de Denix au meilleur prix - Tout en acier Zamac - M\u00e9canisme fonctionnel - Bipieds - Inapte au tir - Longueur : 122 cm\" \/>\n<meta property=\"og:url\" content=\"https:\/\/repliquemangacine.fr\/it\/denix\/replica-della-mitragliatrice-mg34-con-treppiedi-denix\/\" \/>\n<meta property=\"og:site_name\" content=\"R\u00e9plique Manga Cin\u00e9\" \/>\n<meta property=\"article:publisher\" content=\"https:\/\/www.facebook.com\/RepliqueMangaCine\" \/>\n<meta property=\"article:modified_time\" content=\"2025-12-01T18:08:21+00:00\" \/>\n<meta property=\"og:image\" content=\"https:\/\/repliquemangacine.fr\/wp-content\/uploads\/2023\/10\/mitrailleuse-mg-34-denix.jpg\" \/>\n\t<meta property=\"og:image:width\" content=\"600\" \/>\n\t<meta property=\"og:image:height\" content=\"600\" \/>\n\t<meta property=\"og:image:type\" content=\"image\/jpeg\" \/>\n<meta name=\"twitter:card\" content=\"summary_large_image\" \/>\n<meta name=\"twitter:label1\" content=\"Tempo di lettura stimato\" \/>\n\t<meta name=\"twitter:data1\" content=\"3 minuti\" \/>\n<script type=\"application\/ld+json\" class=\"yoast-schema-graph\">{\"@context\":\"https:\\\/\\\/schema.org\",\"@graph\":[{\"@type\":\"WebPage\",\"@id\":\"https:\\\/\\\/repliquemangacine.fr\\\/de\\\/denix\\\/replika-maschinengewehr-mg34-mit-stativen-denix\\\/\",\"url\":\"https:\\\/\\\/repliquemangacine.fr\\\/de\\\/denix\\\/replika-maschinengewehr-mg34-mit-stativen-denix\\\/\",\"name\":\"Mitrailleuse MG34 avec Bipieds - Denix - R\u00e9plique Manga Cin\u00e9\",\"isPartOf\":{\"@id\":\"https:\\\/\\\/repliquemangacine.fr\\\/#website\"},\"primaryImageOfPage\":{\"@id\":\"https:\\\/\\\/repliquemangacine.fr\\\/de\\\/denix\\\/replika-maschinengewehr-mg34-mit-stativen-denix\\\/#primaryimage\"},\"image\":{\"@id\":\"https:\\\/\\\/repliquemangacine.fr\\\/de\\\/denix\\\/replika-maschinengewehr-mg34-mit-stativen-denix\\\/#primaryimage\"},\"thumbnailUrl\":\"https:\\\/\\\/repliquemangacine.fr\\\/wp-content\\\/uploads\\\/2023\\\/10\\\/mitrailleuse-mg-34-denix.jpg\",\"datePublished\":\"2021-05-21T11:36:57+00:00\",\"dateModified\":\"2025-12-01T18:08:21+00:00\",\"description\":\"Offrez-vous la Mitrailleuse MG34 de Denix au meilleur prix - Tout en acier Zamac - M\u00e9canisme fonctionnel - Bipieds - Inapte au tir - Longueur : 122 cm\",\"breadcrumb\":{\"@id\":\"https:\\\/\\\/repliquemangacine.fr\\\/de\\\/denix\\\/replika-maschinengewehr-mg34-mit-stativen-denix\\\/#breadcrumb\"},\"inLanguage\":\"it-IT\",\"potentialAction\":[{\"@type\":\"ReadAction\",\"target\":[\"https:\\\/\\\/repliquemangacine.fr\\\/de\\\/denix\\\/replika-maschinengewehr-mg34-mit-stativen-denix\\\/\"]}]},{\"@type\":\"ImageObject\",\"inLanguage\":\"it-IT\",\"@id\":\"https:\\\/\\\/repliquemangacine.fr\\\/de\\\/denix\\\/replika-maschinengewehr-mg34-mit-stativen-denix\\\/#primaryimage\",\"url\":\"https:\\\/\\\/repliquemangacine.fr\\\/wp-content\\\/uploads\\\/2023\\\/10\\\/mitrailleuse-mg-34-denix.jpg\",\"contentUrl\":\"https:\\\/\\\/repliquemangacine.fr\\\/wp-content\\\/uploads\\\/2023\\\/10\\\/mitrailleuse-mg-34-denix.jpg\",\"width\":600,\"height\":600,\"caption\":\"mitrailleuse-mg-34-denix\"},{\"@type\":\"BreadcrumbList\",\"@id\":\"https:\\\/\\\/repliquemangacine.fr\\\/de\\\/denix\\\/replika-maschinengewehr-mg34-mit-stativen-denix\\\/#breadcrumb\",\"itemListElement\":[{\"@type\":\"ListItem\",\"position\":1,\"name\":\"Accueil\",\"item\":\"https:\\\/\\\/repliquemangacine.fr\\\/\"},{\"@type\":\"ListItem\",\"position\":2,\"name\":\"Produits\",\"item\":\"https:\\\/\\\/repliquemangacine.fr\\\/boutique\\\/\"},{\"@type\":\"ListItem\",\"position\":3,\"name\":\"Mitrailleuse MG-34 Denix\"}]},{\"@type\":\"WebSite\",\"@id\":\"https:\\\/\\\/repliquemangacine.fr\\\/#website\",\"url\":\"https:\\\/\\\/repliquemangacine.fr\\\/\",\"name\":\"R\u00e9plique Manga Cin\u00e9\",\"description\":\"\",\"publisher\":{\"@id\":\"https:\\\/\\\/repliquemangacine.fr\\\/#organization\"},\"potentialAction\":[{\"@type\":\"SearchAction\",\"target\":{\"@type\":\"EntryPoint\",\"urlTemplate\":\"https:\\\/\\\/repliquemangacine.fr\\\/?s={search_term_string}\"},\"query-input\":{\"@type\":\"PropertyValueSpecification\",\"valueRequired\":true,\"valueName\":\"search_term_string\"}}],\"inLanguage\":\"it-IT\"},{\"@type\":\"Organization\",\"@id\":\"https:\\\/\\\/repliquemangacine.fr\\\/#organization\",\"name\":\"R\u00e9plique Manga Cin\u00e9\",\"url\":\"https:\\\/\\\/repliquemangacine.fr\\\/\",\"logo\":{\"@type\":\"ImageObject\",\"inLanguage\":\"it-IT\",\"@id\":\"https:\\\/\\\/repliquemangacine.fr\\\/#\\\/schema\\\/logo\\\/image\\\/\",\"url\":\"https:\\\/\\\/repliquemangacine.fr\\\/wp-content\\\/uploads\\\/2023\\\/10\\\/RMC-500250.png\",\"contentUrl\":\"https:\\\/\\\/repliquemangacine.fr\\\/wp-content\\\/uploads\\\/2023\\\/10\\\/RMC-500250.png\",\"width\":500,\"height\":250,\"caption\":\"R\u00e9plique Manga Cin\u00e9\"},\"image\":{\"@id\":\"https:\\\/\\\/repliquemangacine.fr\\\/#\\\/schema\\\/logo\\\/image\\\/\"},\"sameAs\":[\"https:\\\/\\\/www.facebook.com\\\/RepliqueMangaCine\",\"https:\\\/\\\/www.instagram.com\\\/repliquemangacine.fr\\\/\"]}]}<\/script>\n<!-- \/ Yoast SEO plugin. -->","yoast_head_json":{"title":"Mitragliatrice MG34 con bipiede - Denix - R\u00e9plique Manga Cin\u00e9","description":"Regalati la mitragliatrice Denix MG34 al miglior prezzo - Tutto acciaio Zamac - Meccanismo funzionale - Bipiede - Non sparante - Lunghezza: 122 cm","robots":{"index":"index","follow":"follow","max-snippet":"max-snippet:-1","max-image-preview":"max-image-preview:large","max-video-preview":"max-video-preview:-1"},"canonical":"https:\/\/repliquemangacine.fr\/it\/denix\/replica-della-mitragliatrice-mg34-con-treppiedi-denix\/","og_locale":"it_IT","og_type":"article","og_title":"Mitrailleuse MG34 avec Bipieds - Denix - R\u00e9plique Manga Cin\u00e9","og_description":"Offrez-vous la Mitrailleuse MG34 de Denix au meilleur prix - Tout en acier Zamac - M\u00e9canisme fonctionnel - Bipieds - Inapte au tir - Longueur : 122 cm","og_url":"https:\/\/repliquemangacine.fr\/it\/denix\/replica-della-mitragliatrice-mg34-con-treppiedi-denix\/","og_site_name":"R\u00e9plique Manga Cin\u00e9","article_publisher":"https:\/\/www.facebook.com\/RepliqueMangaCine","article_modified_time":"2025-12-01T18:08:21+00:00","og_image":[{"width":600,"height":600,"url":"https:\/\/repliquemangacine.fr\/wp-content\/uploads\/2023\/10\/mitrailleuse-mg-34-denix.jpg","type":"image\/jpeg"}],"twitter_card":"summary_large_image","twitter_misc":{"Tempo di lettura stimato":"3 minuti"},"schema":{"@context":"https:\/\/schema.org","@graph":[{"@type":"WebPage","@id":"https:\/\/repliquemangacine.fr\/de\/denix\/replika-maschinengewehr-mg34-mit-stativen-denix\/","url":"https:\/\/repliquemangacine.fr\/de\/denix\/replika-maschinengewehr-mg34-mit-stativen-denix\/","name":"Mitragliatrice MG34 con bipiede - Denix - R\u00e9plique Manga Cin\u00e9","isPartOf":{"@id":"https:\/\/repliquemangacine.fr\/#website"},"primaryImageOfPage":{"@id":"https:\/\/repliquemangacine.fr\/de\/denix\/replika-maschinengewehr-mg34-mit-stativen-denix\/#primaryimage"},"image":{"@id":"https:\/\/repliquemangacine.fr\/de\/denix\/replika-maschinengewehr-mg34-mit-stativen-denix\/#primaryimage"},"thumbnailUrl":"https:\/\/repliquemangacine.fr\/wp-content\/uploads\/2023\/10\/mitrailleuse-mg-34-denix.jpg","datePublished":"2021-05-21T11:36:57+00:00","dateModified":"2025-12-01T18:08:21+00:00","description":"Regalati la mitragliatrice Denix MG34 al miglior prezzo - Tutto acciaio Zamac - Meccanismo funzionale - Bipiede - Non sparante - Lunghezza: 122 cm","breadcrumb":{"@id":"https:\/\/repliquemangacine.fr\/de\/denix\/replika-maschinengewehr-mg34-mit-stativen-denix\/#breadcrumb"},"inLanguage":"it-IT","potentialAction":[{"@type":"ReadAction","target":["https:\/\/repliquemangacine.fr\/de\/denix\/replika-maschinengewehr-mg34-mit-stativen-denix\/"]}]},{"@type":"ImageObject","inLanguage":"it-IT","@id":"https:\/\/repliquemangacine.fr\/de\/denix\/replika-maschinengewehr-mg34-mit-stativen-denix\/#primaryimage","url":"https:\/\/repliquemangacine.fr\/wp-content\/uploads\/2023\/10\/mitrailleuse-mg-34-denix.jpg","contentUrl":"https:\/\/repliquemangacine.fr\/wp-content\/uploads\/2023\/10\/mitrailleuse-mg-34-denix.jpg","width":600,"height":600,"caption":"mitrailleuse-mg-34-denix"},{"@type":"BreadcrumbList","@id":"https:\/\/repliquemangacine.fr\/de\/denix\/replika-maschinengewehr-mg34-mit-stativen-denix\/#breadcrumb","itemListElement":[{"@type":"ListItem","position":1,"name":"Accueil","item":"https:\/\/repliquemangacine.fr\/"},{"@type":"ListItem","position":2,"name":"Produits","item":"https:\/\/repliquemangacine.fr\/boutique\/"},{"@type":"ListItem","position":3,"name":"Mitrailleuse MG-34 Denix"}]},{"@type":"WebSite","@id":"https:\/\/repliquemangacine.fr\/#website","url":"https:\/\/repliquemangacine.fr\/","name":"R\u00e9plique Manga Cin\u00e9","description":"","publisher":{"@id":"https:\/\/repliquemangacine.fr\/#organization"},"potentialAction":[{"@type":"SearchAction","target":{"@type":"EntryPoint","urlTemplate":"https:\/\/repliquemangacine.fr\/?s={search_term_string}"},"query-input":{"@type":"PropertyValueSpecification","valueRequired":true,"valueName":"search_term_string"}}],"inLanguage":"it-IT"},{"@type":"Organization","@id":"https:\/\/repliquemangacine.fr\/#organization","name":"R\u00e9plique Manga Cin\u00e9","url":"https:\/\/repliquemangacine.fr\/","logo":{"@type":"ImageObject","inLanguage":"it-IT","@id":"https:\/\/repliquemangacine.fr\/#\/schema\/logo\/image\/","url":"https:\/\/repliquemangacine.fr\/wp-content\/uploads\/2023\/10\/RMC-500250.png","contentUrl":"https:\/\/repliquemangacine.fr\/wp-content\/uploads\/2023\/10\/RMC-500250.png","width":500,"height":250,"caption":"R\u00e9plique Manga Cin\u00e9"},"image":{"@id":"https:\/\/repliquemangacine.fr\/#\/schema\/logo\/image\/"},"sameAs":["https:\/\/www.facebook.com\/RepliqueMangaCine","https:\/\/www.instagram.com\/repliquemangacine.fr\/"]}]}},"_links":{"self":[{"href":"https:\/\/repliquemangacine.fr\/it\/wp-json\/wp\/v2\/product\/40383","targetHints":{"allow":["GET"]}}],"collection":[{"href":"https:\/\/repliquemangacine.fr\/it\/wp-json\/wp\/v2\/product"}],"about":[{"href":"https:\/\/repliquemangacine.fr\/it\/wp-json\/wp\/v2\/types\/product"}],"wp:featuredmedia":[{"embeddable":true,"href":"https:\/\/repliquemangacine.fr\/it\/wp-json\/wp\/v2\/media\/40384"}],"wp:attachment":[{"href":"https:\/\/repliquemangacine.fr\/it\/wp-json\/wp\/v2\/media?parent=40383"}],"wp:term":[{"taxonomy":"product_brand","embeddable":true,"href":"https:\/\/repliquemangacine.fr\/it\/wp-json\/wp\/v2\/product_brand?post=40383"},{"taxonomy":"product_cat","embeddable":true,"href":"https:\/\/repliquemangacine.fr\/it\/wp-json\/wp\/v2\/product_cat?post=40383"},{"taxonomy":"product_tag","embeddable":true,"href":"https:\/\/repliquemangacine.fr\/it\/wp-json\/wp\/v2\/product_tag?post=40383"}],"curies":[{"name":"wp","href":"https:\/\/api.w.org\/{rel}","templated":true}]}}