





{"id":29336,"date":"2021-03-18T14:21:43","date_gmt":"2021-03-18T13:21:43","guid":{"rendered":"https:\/\/repliquemangacine.fr\/?post_type=product&#038;p=29336"},"modified":"2026-03-12T12:09:49","modified_gmt":"2026-03-12T11:09:49","slug":"mazza-da-baseball-harley-quinn","status":"publish","type":"product","link":"https:\/\/repliquemangacine.fr\/it\/super-heros-marvel\/harley-quinn-batte-de-baseball\/","title":{"rendered":"Harley Quinn - Mazza da baseball"},"content":{"rendered":"<h2>La mazza di Harley Quinn in Suicide Squad DC.<\/h2>\n<p>Per cominciare, il pipistrello di Harley Quinn in Suicide Squad, sotto licenza ufficiale Suicide Squad DC comics distribuita da <a href=\"https:\/\/noblecollection.fr\/harley-quinn-batte-baseball-suicide-squad-comics-p-5546.html\" target=\"_blank\" rel=\"noopener noreferrer\">La collezione Noble<\/a>.<\/p>\n<p>Harleen Frances Quinzel \u00e8 una giovane psichiatra che lavora per riabilitare i pazienti del manicomio di Arkham, finch\u00e9 non incontra Joker.<\/p>\n<p>Harleen si innamora dello psicopatico. Lo aiuta a fuggire pi\u00f9 volte prima di essere scoperta. Dimessa, ottiene una cella tutta sua nel manicomio.<\/p>\n<p>La sua storia d'amore con Joker \u00e8 segnata da eccessi e abusi. Maltrattata psicologicamente e fisicamente dal suo \u00abanatroccolo\u00bb o \u00abanatroccola\u00bb, a seconda delle versioni, torna comunque sempre da lui. La relazione \u00e8 anche costellata da lunghi periodi di separazione e dai regolari conflitti che segnano la coppia.<\/p>\n<h2>Il tuo pipistrello Harley Quinn al miglior prezzo.<\/h2>\n<p>Vi offriamo tutte le repliche da collezione dei vostri supereroi preferiti.<\/p>\n<p>Innanzitutto,<\/p>\n<ul>\n<li>Il famoso <a href=\"https:\/\/repliquemangacine.fr\/it\/supereroi\/il-bastone-della-squadra-suicida-del-joker\/\">Bastone Joker<\/a> con strass sul manico.<\/li>\n<li>Ci sono anche <a href=\"https:\/\/repliquemangacine.fr\/it\/supereroi\/bastone-luminoso-della-vedova-nera\/\">Bastoncini luminosi Black Widow<\/a> con pulsante di accensione sulle maniglie.<\/li>\n<li>Oltre all'enorme <a href=\"https:\/\/repliquemangacine.fr\/it\/supereroi\/double-epee-de-thanos-avengers-endgame\/\">spada di Thanos<\/a> fibra di vetro.<\/li>\n<li>E molti altri dell'universo Marvel.<\/li>\n<\/ul>\n<p>Ecco un'ottima idea regalo per i fan di Batman e Suicide Squad.<\/p>\n<p>In conclusione, \u00e8 possibile utilizzare questo pipistrello di Harley Quinn Suicide Squad nelle sfilate di cosplay alle convention. Ma soprattutto \u00e8 un oggetto da collezione e un pezzo decorativo.<\/p>\n<h2>Come vengono prodotti i nostri prodotti Marvel?<\/h2>\n<p>Per cominciare, tutti i nostri prodotti derivati sono di altissima qualit\u00e0, realizzati con una meticolosa attenzione ai dettagli. Alcuni di essi sono realizzati a mano, per riprodurre i minimi dettagli. Le parti pi\u00f9 importanti sono lavorate con macchine molto precise. Le incisioni sono generalmente realizzate con una punta di diamante o con il laser.<\/p>\n<p>La mazza di Harley Quinn \u00e8 stata realizzata per riprodurre esattamente ogni dettaglio. Il manico \u00e8 ricoperto da un nastro di tessuto logoro e sporco. Iscrizioni \u201cGood Night\u201d in lettere maiuscole.<\/p>\n<p>In conclusione, importate dalla Cina o dalla Spagna, le nostre repliche vi stupiranno!<\/p>\n<p>R\u00e9plique Manga Cin\u00e9 \u00e8 un'azienda familiare francese.<\/p>\n<p>Buona visita.<\/p>","protected":false},"excerpt":{"rendered":"<p>Replica autentica della mazza di Harley Quinn del film Suicide Squad.<\/p>\n<ul>\n<li>Iscrizioni tutt'intorno e \"Good Night\" in maiuscolo.<\/li>\n<li>Tutto in legno.<\/li>\n<li>Il manico \u00e8 ricoperto da un nastro di tessuto logoro e sporco.<\/li>\n<li>Scatola da collezione nei colori del film.<\/li>\n<li>Su licenza ufficiale Suicide Squad -DC Comics<\/li>\n<li>Dimensioni effettive 80 cm - Peso 1,4 Kg<\/li>\n<\/ul>","protected":false},"featured_media":29337,"template":"","meta":[],"product_brand":[896],"product_cat":[24,59],"product_tag":[],"class_list":{"0":"post-29336","1":"product","2":"type-product","3":"status-publish","4":"has-post-thumbnail","6":"product_brand-replique-manga-cine","7":"product_cat-films-series-tv-vente-de-katana-epee-et-produits-derives","8":"product_cat-super-heros-marvel","10":"first","11":"instock","12":"taxable","13":"shipping-taxable","14":"purchasable","15":"product-type-simple"},"yoast_head":"<!-- This site is optimized with the Yoast SEO plugin v27.4 - https:\/\/yoast.com\/product\/yoast-seo-wordpress\/ -->\n<title>Batte de Harley Quinn - Suicide Squad - R\u00e9plique Manga Cin\u00e9<\/title>\n<meta name=\"description\" content=\"D\u00e9couvrez la Batte de Harley Quinn dans Suicide Squad au meilleur prix. Tout en bois - Boite collector - Licence Officielle - Longueur : 80 cm\" \/>\n<meta name=\"robots\" content=\"index, follow, max-snippet:-1, max-image-preview:large, max-video-preview:-1\" \/>\n<link rel=\"canonical\" href=\"https:\/\/repliquemangacine.fr\/it\/supereroi-marvel\/mazza-da-baseball-harley-quinn\/\" \/>\n<meta property=\"og:locale\" content=\"it_IT\" \/>\n<meta property=\"og:type\" content=\"article\" \/>\n<meta property=\"og:title\" content=\"Batte de Harley Quinn - Suicide Squad - R\u00e9plique Manga Cin\u00e9\" \/>\n<meta property=\"og:description\" content=\"D\u00e9couvrez la Batte de Harley Quinn dans Suicide Squad au meilleur prix. Tout en bois - Boite collector - Licence Officielle - Longueur : 80 cm\" \/>\n<meta property=\"og:url\" content=\"https:\/\/repliquemangacine.fr\/it\/supereroi-marvel\/mazza-da-baseball-harley-quinn\/\" \/>\n<meta property=\"og:site_name\" content=\"R\u00e9plique Manga Cin\u00e9\" \/>\n<meta property=\"article:publisher\" content=\"https:\/\/www.facebook.com\/RepliqueMangaCine\" \/>\n<meta property=\"article:modified_time\" content=\"2026-03-12T11:09:49+00:00\" \/>\n<meta property=\"og:image\" content=\"https:\/\/repliquemangacine.fr\/wp-content\/uploads\/2023\/10\/4016-batte-de-baseball-harley-quinn.jpg\" \/>\n\t<meta property=\"og:image:width\" content=\"800\" \/>\n\t<meta property=\"og:image:height\" content=\"800\" \/>\n\t<meta property=\"og:image:type\" content=\"image\/jpeg\" \/>\n<meta name=\"twitter:card\" content=\"summary_large_image\" \/>\n<meta name=\"twitter:label1\" content=\"Tempo di lettura stimato\" \/>\n\t<meta name=\"twitter:data1\" content=\"3 minuti\" \/>\n<script type=\"application\/ld+json\" class=\"yoast-schema-graph\">{\"@context\":\"https:\\\/\\\/schema.org\",\"@graph\":[{\"@type\":\"WebPage\",\"@id\":\"https:\\\/\\\/repliquemangacine.fr\\\/super-heros-marvel\\\/harley-quinn-batte-de-baseball\\\/\",\"url\":\"https:\\\/\\\/repliquemangacine.fr\\\/super-heros-marvel\\\/harley-quinn-batte-de-baseball\\\/\",\"name\":\"Batte de Harley Quinn - Suicide Squad - R\u00e9plique Manga Cin\u00e9\",\"isPartOf\":{\"@id\":\"https:\\\/\\\/repliquemangacine.fr\\\/#website\"},\"primaryImageOfPage\":{\"@id\":\"https:\\\/\\\/repliquemangacine.fr\\\/super-heros-marvel\\\/harley-quinn-batte-de-baseball\\\/#primaryimage\"},\"image\":{\"@id\":\"https:\\\/\\\/repliquemangacine.fr\\\/super-heros-marvel\\\/harley-quinn-batte-de-baseball\\\/#primaryimage\"},\"thumbnailUrl\":\"https:\\\/\\\/repliquemangacine.fr\\\/wp-content\\\/uploads\\\/2023\\\/10\\\/4016-batte-de-baseball-harley-quinn.jpg\",\"datePublished\":\"2021-03-18T13:21:43+00:00\",\"dateModified\":\"2026-03-12T11:09:49+00:00\",\"description\":\"D\u00e9couvrez la Batte de Harley Quinn dans Suicide Squad au meilleur prix. Tout en bois - Boite collector - Licence Officielle - Longueur : 80 cm\",\"breadcrumb\":{\"@id\":\"https:\\\/\\\/repliquemangacine.fr\\\/super-heros-marvel\\\/harley-quinn-batte-de-baseball\\\/#breadcrumb\"},\"inLanguage\":\"it-IT\",\"potentialAction\":[{\"@type\":\"ReadAction\",\"target\":[\"https:\\\/\\\/repliquemangacine.fr\\\/super-heros-marvel\\\/harley-quinn-batte-de-baseball\\\/\"]}]},{\"@type\":\"ImageObject\",\"inLanguage\":\"it-IT\",\"@id\":\"https:\\\/\\\/repliquemangacine.fr\\\/super-heros-marvel\\\/harley-quinn-batte-de-baseball\\\/#primaryimage\",\"url\":\"https:\\\/\\\/repliquemangacine.fr\\\/wp-content\\\/uploads\\\/2023\\\/10\\\/4016-batte-de-baseball-harley-quinn.jpg\",\"contentUrl\":\"https:\\\/\\\/repliquemangacine.fr\\\/wp-content\\\/uploads\\\/2023\\\/10\\\/4016-batte-de-baseball-harley-quinn.jpg\",\"width\":800,\"height\":800,\"caption\":\"batte de baseball harley quinn\"},{\"@type\":\"BreadcrumbList\",\"@id\":\"https:\\\/\\\/repliquemangacine.fr\\\/super-heros-marvel\\\/harley-quinn-batte-de-baseball\\\/#breadcrumb\",\"itemListElement\":[{\"@type\":\"ListItem\",\"position\":1,\"name\":\"Accueil\",\"item\":\"https:\\\/\\\/repliquemangacine.fr\\\/\"},{\"@type\":\"ListItem\",\"position\":2,\"name\":\"Produits\",\"item\":\"https:\\\/\\\/repliquemangacine.fr\\\/boutique\\\/\"},{\"@type\":\"ListItem\",\"position\":3,\"name\":\"Harley Quinn &#8211; Batte de Baseball\"}]},{\"@type\":\"WebSite\",\"@id\":\"https:\\\/\\\/repliquemangacine.fr\\\/#website\",\"url\":\"https:\\\/\\\/repliquemangacine.fr\\\/\",\"name\":\"R\u00e9plique Manga Cin\u00e9\",\"description\":\"\",\"publisher\":{\"@id\":\"https:\\\/\\\/repliquemangacine.fr\\\/#organization\"},\"potentialAction\":[{\"@type\":\"SearchAction\",\"target\":{\"@type\":\"EntryPoint\",\"urlTemplate\":\"https:\\\/\\\/repliquemangacine.fr\\\/?s={search_term_string}\"},\"query-input\":{\"@type\":\"PropertyValueSpecification\",\"valueRequired\":true,\"valueName\":\"search_term_string\"}}],\"inLanguage\":\"it-IT\"},{\"@type\":\"Organization\",\"@id\":\"https:\\\/\\\/repliquemangacine.fr\\\/#organization\",\"name\":\"R\u00e9plique Manga Cin\u00e9\",\"url\":\"https:\\\/\\\/repliquemangacine.fr\\\/\",\"logo\":{\"@type\":\"ImageObject\",\"inLanguage\":\"it-IT\",\"@id\":\"https:\\\/\\\/repliquemangacine.fr\\\/#\\\/schema\\\/logo\\\/image\\\/\",\"url\":\"https:\\\/\\\/repliquemangacine.fr\\\/wp-content\\\/uploads\\\/2023\\\/10\\\/RMC-500250.png\",\"contentUrl\":\"https:\\\/\\\/repliquemangacine.fr\\\/wp-content\\\/uploads\\\/2023\\\/10\\\/RMC-500250.png\",\"width\":500,\"height\":250,\"caption\":\"R\u00e9plique Manga Cin\u00e9\"},\"image\":{\"@id\":\"https:\\\/\\\/repliquemangacine.fr\\\/#\\\/schema\\\/logo\\\/image\\\/\"},\"sameAs\":[\"https:\\\/\\\/www.facebook.com\\\/RepliqueMangaCine\",\"https:\\\/\\\/www.instagram.com\\\/repliquemangacine.fr\\\/\"]}]}<\/script>\n<!-- \/ Yoast SEO plugin. -->","yoast_head_json":{"title":"Pipistrello Harley Quinn - Suicide Squad - R\u00e9plique Manga Cin\u00e9","description":"Scopri il pipistrello di Harley Quinn in Suicide Squad al miglior prezzo. Tutto legno - Scatola da collezione - Licenza ufficiale - Lunghezza: 80 cm","robots":{"index":"index","follow":"follow","max-snippet":"max-snippet:-1","max-image-preview":"max-image-preview:large","max-video-preview":"max-video-preview:-1"},"canonical":"https:\/\/repliquemangacine.fr\/it\/supereroi-marvel\/mazza-da-baseball-harley-quinn\/","og_locale":"it_IT","og_type":"article","og_title":"Batte de Harley Quinn - Suicide Squad - R\u00e9plique Manga Cin\u00e9","og_description":"D\u00e9couvrez la Batte de Harley Quinn dans Suicide Squad au meilleur prix. Tout en bois - Boite collector - Licence Officielle - Longueur : 80 cm","og_url":"https:\/\/repliquemangacine.fr\/it\/supereroi-marvel\/mazza-da-baseball-harley-quinn\/","og_site_name":"R\u00e9plique Manga Cin\u00e9","article_publisher":"https:\/\/www.facebook.com\/RepliqueMangaCine","article_modified_time":"2026-03-12T11:09:49+00:00","og_image":[{"width":800,"height":800,"url":"https:\/\/repliquemangacine.fr\/wp-content\/uploads\/2023\/10\/4016-batte-de-baseball-harley-quinn.jpg","type":"image\/jpeg"}],"twitter_card":"summary_large_image","twitter_misc":{"Tempo di lettura stimato":"3 minuti"},"schema":{"@context":"https:\/\/schema.org","@graph":[{"@type":"WebPage","@id":"https:\/\/repliquemangacine.fr\/super-heros-marvel\/harley-quinn-batte-de-baseball\/","url":"https:\/\/repliquemangacine.fr\/super-heros-marvel\/harley-quinn-batte-de-baseball\/","name":"Pipistrello Harley Quinn - Suicide Squad - R\u00e9plique Manga Cin\u00e9","isPartOf":{"@id":"https:\/\/repliquemangacine.fr\/#website"},"primaryImageOfPage":{"@id":"https:\/\/repliquemangacine.fr\/super-heros-marvel\/harley-quinn-batte-de-baseball\/#primaryimage"},"image":{"@id":"https:\/\/repliquemangacine.fr\/super-heros-marvel\/harley-quinn-batte-de-baseball\/#primaryimage"},"thumbnailUrl":"https:\/\/repliquemangacine.fr\/wp-content\/uploads\/2023\/10\/4016-batte-de-baseball-harley-quinn.jpg","datePublished":"2021-03-18T13:21:43+00:00","dateModified":"2026-03-12T11:09:49+00:00","description":"Scopri il pipistrello di Harley Quinn in Suicide Squad al miglior prezzo. Tutto legno - Scatola da collezione - Licenza ufficiale - Lunghezza: 80 cm","breadcrumb":{"@id":"https:\/\/repliquemangacine.fr\/super-heros-marvel\/harley-quinn-batte-de-baseball\/#breadcrumb"},"inLanguage":"it-IT","potentialAction":[{"@type":"ReadAction","target":["https:\/\/repliquemangacine.fr\/super-heros-marvel\/harley-quinn-batte-de-baseball\/"]}]},{"@type":"ImageObject","inLanguage":"it-IT","@id":"https:\/\/repliquemangacine.fr\/super-heros-marvel\/harley-quinn-batte-de-baseball\/#primaryimage","url":"https:\/\/repliquemangacine.fr\/wp-content\/uploads\/2023\/10\/4016-batte-de-baseball-harley-quinn.jpg","contentUrl":"https:\/\/repliquemangacine.fr\/wp-content\/uploads\/2023\/10\/4016-batte-de-baseball-harley-quinn.jpg","width":800,"height":800,"caption":"batte de baseball harley quinn"},{"@type":"BreadcrumbList","@id":"https:\/\/repliquemangacine.fr\/super-heros-marvel\/harley-quinn-batte-de-baseball\/#breadcrumb","itemListElement":[{"@type":"ListItem","position":1,"name":"Accueil","item":"https:\/\/repliquemangacine.fr\/"},{"@type":"ListItem","position":2,"name":"Produits","item":"https:\/\/repliquemangacine.fr\/boutique\/"},{"@type":"ListItem","position":3,"name":"Harley Quinn &#8211; Batte de Baseball"}]},{"@type":"WebSite","@id":"https:\/\/repliquemangacine.fr\/#website","url":"https:\/\/repliquemangacine.fr\/","name":"R\u00e9plique Manga Cin\u00e9","description":"","publisher":{"@id":"https:\/\/repliquemangacine.fr\/#organization"},"potentialAction":[{"@type":"SearchAction","target":{"@type":"EntryPoint","urlTemplate":"https:\/\/repliquemangacine.fr\/?s={search_term_string}"},"query-input":{"@type":"PropertyValueSpecification","valueRequired":true,"valueName":"search_term_string"}}],"inLanguage":"it-IT"},{"@type":"Organization","@id":"https:\/\/repliquemangacine.fr\/#organization","name":"R\u00e9plique Manga Cin\u00e9","url":"https:\/\/repliquemangacine.fr\/","logo":{"@type":"ImageObject","inLanguage":"it-IT","@id":"https:\/\/repliquemangacine.fr\/#\/schema\/logo\/image\/","url":"https:\/\/repliquemangacine.fr\/wp-content\/uploads\/2023\/10\/RMC-500250.png","contentUrl":"https:\/\/repliquemangacine.fr\/wp-content\/uploads\/2023\/10\/RMC-500250.png","width":500,"height":250,"caption":"R\u00e9plique Manga Cin\u00e9"},"image":{"@id":"https:\/\/repliquemangacine.fr\/#\/schema\/logo\/image\/"},"sameAs":["https:\/\/www.facebook.com\/RepliqueMangaCine","https:\/\/www.instagram.com\/repliquemangacine.fr\/"]}]}},"_links":{"self":[{"href":"https:\/\/repliquemangacine.fr\/it\/wp-json\/wp\/v2\/product\/29336","targetHints":{"allow":["GET"]}}],"collection":[{"href":"https:\/\/repliquemangacine.fr\/it\/wp-json\/wp\/v2\/product"}],"about":[{"href":"https:\/\/repliquemangacine.fr\/it\/wp-json\/wp\/v2\/types\/product"}],"wp:featuredmedia":[{"embeddable":true,"href":"https:\/\/repliquemangacine.fr\/it\/wp-json\/wp\/v2\/media\/29337"}],"wp:attachment":[{"href":"https:\/\/repliquemangacine.fr\/it\/wp-json\/wp\/v2\/media?parent=29336"}],"wp:term":[{"taxonomy":"product_brand","embeddable":true,"href":"https:\/\/repliquemangacine.fr\/it\/wp-json\/wp\/v2\/product_brand?post=29336"},{"taxonomy":"product_cat","embeddable":true,"href":"https:\/\/repliquemangacine.fr\/it\/wp-json\/wp\/v2\/product_cat?post=29336"},{"taxonomy":"product_tag","embeddable":true,"href":"https:\/\/repliquemangacine.fr\/it\/wp-json\/wp\/v2\/product_tag?post=29336"}],"curies":[{"name":"wp","href":"https:\/\/api.w.org\/{rel}","templated":true}]}}