





{"id":29300,"date":"2021-01-29T15:11:57","date_gmt":"2021-01-29T14:11:57","guid":{"rendered":"https:\/\/repliquemangacine.fr\/?post_type=product&#038;p=29300"},"modified":"2025-09-23T18:02:36","modified_gmt":"2025-09-23T16:02:36","slug":"spada-del-drago-di-meliodas","status":"publish","type":"product","link":"https:\/\/repliquemangacine.fr\/it\/epees-seven-deadly-sins\/epee-du-dragon-meliodas\/","title":{"rendered":"La spada del drago Meliodas"},"content":{"rendered":"<h2>Spada del Drago Meliodas in Seven Deadly Sins (Sette peccati capitali)<\/h2>\n<p>Per cominciare, il<strong>Spada del Drago Meliodas<\/strong>, \u00c8 uno dei 5 frammenti dello Scrigno delle Tenebre Eterne.<\/p>\n<p>Meliodas \u00e8 il Drago dell'Ira che guida i Sette Peccati Capitali. \u00c8 il protagonista principale della serie, proprietario della famosa taverna Boar Hat. Il suo tesoro sacro \u00e8 il Demon Slasher di Lostvayne e la sua abilit\u00e0 principale \u00e8 la Vendetta Totale.<\/p>\n<p>La <a href=\"https:\/\/seven-deadly-sins.fandom.com\/fr\/wiki\/Poign\u00e9e_du_Dragon\" target=\"_blank\" rel=\"noopener noreferrer\">Impugnatura del drago<\/a> era l'arma principale di Meliodas all'inizio della serie, finch\u00e9 non gli \u00e8 stata rubata da Helbram. Inutile come arma a s\u00e9 stante, Meliodas poteva comunque usare questa spada spezzata insieme al suo Total Counter. In seguito \u00e8 stato rivelato che l'Impugnatura del Drago non era in origine un'arma, ma un frammento dello Scrigno delle Tenebre Eterne.<\/p>\n<h2>La tua spada di drago Meliodas al miglior prezzo<\/h2>\n<p>Offriamo un'ampia gamma di repliche dei vostri manga preferiti.<\/p>\n<p>Innanzitutto,<\/p>\n<ul>\n<li>L'<a href=\"https:\/\/repliquemangacine.fr\/it\/altri-manga\/meliodas-spada-tesoro-sacro-lostvayne\/\">Spada Lostvayne<\/a> Il demone affettatore di Meliodas nel manga Seven Deadly Sins.<\/li>\n<li>C'\u00e8 anche una replica del<a href=\"https:\/\/repliquemangacine.fr\/it\/altri-manga\/epee-de-liz-dans-seven-deadly-sins-epee-meliodas\/\">La spada di Liz<\/a> dato a Meliodas.<\/li>\n<li>Cos\u00ec come il <a href=\"https:\/\/repliquemangacine.fr\/it\/altri-manga\/coffret-porte-cles-armes-the-seven-deadly-sins\/\">Set di portachiavi dei Sette Peccati Capitali<\/a> ( Nanatsu no taizai).<\/li>\n<li>E molto altro ancora da scoprire nel nostro negozio online!<\/li>\n<\/ul>\n<p>Ecco quindi alcune ottime idee regalo per tutti i fan degli anime manga.<\/p>\n<p>In conclusione, \u00e8 possibile utilizzare l\u2019<strong>Spada del Drago Meliodas<\/strong> per le vostre sfilate Cosplay. Ma soprattutto, questa spada \u00e8 un oggetto da collezione e un pezzo decorativo.<\/p>\n<h2>Come faccio a mantenere la lama della mia spada Seven Deadly Sins?<\/h2>\n<p>Le spade da collezione e decorative sono realizzate e assemblate in modo semplificato. Poich\u00e9 il loro uso \u00e8 decorativo, non hanno le caratteristiche di sicurezza richieste per una spada giapponese destinata all'allenamento.<\/p>\n<p>Tuttavia, il vostro <strong>La spada del drago Meliodas<\/strong> a una lama d'acciaio che deve essere curata per evitare che si danneggi nel tempo. Quando si espone la katana, gli amici saranno curiosi di vedere la lama e di toccarla. \u00c8 qui che bisogna fare attenzione, perch\u00e9 l'acidit\u00e0 delle dita \u00e8 molto dannosa per l'acciaio, indipendentemente dalla sua qualit\u00e0.<\/p>\n<p>Tuttavia, se ci\u00f2 dovesse accadere, niente panico: basta un panno inumidito con un po' d'olio per eliminare le impronte. In questo modo, la spada durer\u00e0 a lungo.<\/p>","protected":false},"excerpt":{"rendered":"<p>Replica della spada del drago o della spada spezzata di Meliodas in Seven Deadly Sins.<\/p>\n<ul>\n<li>Manico in metallo appositamente sagomato, scanalato come le scaglie di un drago.<\/li>\n<li>Il pomello forma la testa del drago.<\/li>\n<li>Lama spezzata esattamente come nel manga.<\/li>\n<li>Fodero in Abs marrone.<\/li>\n<li>Lunghezza del manico con lama spezzata: 34 cm<\/li>\n<li>Lunghezza totale: 73 cm<\/li>\n<\/ul>","protected":false},"featured_media":29301,"template":"","meta":[],"product_brand":[896],"product_cat":[23,110],"product_tag":[],"class_list":{"0":"post-29300","1":"product","2":"type-product","3":"status-publish","4":"has-post-thumbnail","6":"product_brand-replique-manga-cine","7":"product_cat-repliques-manga-jeux-video","8":"product_cat-epees-seven-deadly-sins","10":"first","11":"instock","12":"sale","13":"taxable","14":"shipping-taxable","15":"purchasable","16":"product-type-simple"},"yoast_head":"<!-- This site is optimized with the Yoast SEO plugin v27.4 - https:\/\/yoast.com\/product\/yoast-seo-wordpress\/ -->\n<title>Ep\u00e9e du Dragon M\u00e9liodas - Ep\u00e9e bris\u00e9e - Boutique en ligne | RMC<\/title>\n<meta name=\"description\" content=\"Offrez-vous l&#039;Ep\u00e9e du Dragon M\u00e9liodas au meilleur prix. Lame en m\u00e9tal. Fourreau - Echelle 1\/1 - Longueur totale : 73cm - Envoi 24\/48h\" \/>\n<meta name=\"robots\" content=\"index, follow, max-snippet:-1, max-image-preview:large, max-video-preview:-1\" \/>\n<link rel=\"canonical\" href=\"https:\/\/repliquemangacine.fr\/it\/spade-dei-sette-peccati-capitali\/spada-del-drago-di-meliodas\/\" \/>\n<meta property=\"og:locale\" content=\"it_IT\" \/>\n<meta property=\"og:type\" content=\"article\" \/>\n<meta property=\"og:title\" content=\"Ep\u00e9e du Dragon M\u00e9liodas - Ep\u00e9e bris\u00e9e - Boutique en ligne | RMC\" \/>\n<meta property=\"og:description\" content=\"Offrez-vous l&#039;Ep\u00e9e du Dragon M\u00e9liodas au meilleur prix. Lame en m\u00e9tal. Fourreau - Echelle 1\/1 - Longueur totale : 73cm - Envoi 24\/48h\" \/>\n<meta property=\"og:url\" content=\"https:\/\/repliquemangacine.fr\/it\/spade-dei-sette-peccati-capitali\/spada-del-drago-di-meliodas\/\" \/>\n<meta property=\"og:site_name\" content=\"R\u00e9plique Manga Cin\u00e9\" \/>\n<meta property=\"article:publisher\" content=\"https:\/\/www.facebook.com\/RepliqueMangaCine\" \/>\n<meta property=\"article:modified_time\" content=\"2025-09-23T16:02:36+00:00\" \/>\n<meta property=\"og:image\" content=\"https:\/\/repliquemangacine.fr\/wp-content\/uploads\/2023\/10\/3976-Epee-du-dragon-Meliodas.jpg\" \/>\n\t<meta property=\"og:image:width\" content=\"800\" \/>\n\t<meta property=\"og:image:height\" content=\"800\" \/>\n\t<meta property=\"og:image:type\" content=\"image\/jpeg\" \/>\n<meta name=\"twitter:card\" content=\"summary_large_image\" \/>\n<meta name=\"twitter:label1\" content=\"Tempo di lettura stimato\" \/>\n\t<meta name=\"twitter:data1\" content=\"1 minuto\" \/>\n<script type=\"application\/ld+json\" class=\"yoast-schema-graph\">{\"@context\":\"https:\\\/\\\/schema.org\",\"@graph\":[{\"@type\":\"WebPage\",\"@id\":\"https:\\\/\\\/repliquemangacine.fr\\\/epees-seven-deadly-sins\\\/epee-du-dragon-meliodas\\\/\",\"url\":\"https:\\\/\\\/repliquemangacine.fr\\\/epees-seven-deadly-sins\\\/epee-du-dragon-meliodas\\\/\",\"name\":\"Ep\u00e9e du Dragon M\u00e9liodas - Ep\u00e9e bris\u00e9e - Boutique en ligne | RMC\",\"isPartOf\":{\"@id\":\"https:\\\/\\\/repliquemangacine.fr\\\/#website\"},\"primaryImageOfPage\":{\"@id\":\"https:\\\/\\\/repliquemangacine.fr\\\/epees-seven-deadly-sins\\\/epee-du-dragon-meliodas\\\/#primaryimage\"},\"image\":{\"@id\":\"https:\\\/\\\/repliquemangacine.fr\\\/epees-seven-deadly-sins\\\/epee-du-dragon-meliodas\\\/#primaryimage\"},\"thumbnailUrl\":\"https:\\\/\\\/repliquemangacine.fr\\\/wp-content\\\/uploads\\\/2023\\\/10\\\/3976-Epee-du-dragon-Meliodas.jpg\",\"datePublished\":\"2021-01-29T14:11:57+00:00\",\"dateModified\":\"2025-09-23T16:02:36+00:00\",\"description\":\"Offrez-vous l'Ep\u00e9e du Dragon M\u00e9liodas au meilleur prix. Lame en m\u00e9tal. Fourreau - Echelle 1\\\/1 - Longueur totale : 73cm - Envoi 24\\\/48h\",\"breadcrumb\":{\"@id\":\"https:\\\/\\\/repliquemangacine.fr\\\/epees-seven-deadly-sins\\\/epee-du-dragon-meliodas\\\/#breadcrumb\"},\"inLanguage\":\"it-IT\",\"potentialAction\":[{\"@type\":\"ReadAction\",\"target\":[\"https:\\\/\\\/repliquemangacine.fr\\\/epees-seven-deadly-sins\\\/epee-du-dragon-meliodas\\\/\"]}]},{\"@type\":\"ImageObject\",\"inLanguage\":\"it-IT\",\"@id\":\"https:\\\/\\\/repliquemangacine.fr\\\/epees-seven-deadly-sins\\\/epee-du-dragon-meliodas\\\/#primaryimage\",\"url\":\"https:\\\/\\\/repliquemangacine.fr\\\/wp-content\\\/uploads\\\/2023\\\/10\\\/3976-Epee-du-dragon-Meliodas.jpg\",\"contentUrl\":\"https:\\\/\\\/repliquemangacine.fr\\\/wp-content\\\/uploads\\\/2023\\\/10\\\/3976-Epee-du-dragon-Meliodas.jpg\",\"width\":800,\"height\":800,\"caption\":\"Ep\u00e9e du dragon Meliodas\"},{\"@type\":\"BreadcrumbList\",\"@id\":\"https:\\\/\\\/repliquemangacine.fr\\\/epees-seven-deadly-sins\\\/epee-du-dragon-meliodas\\\/#breadcrumb\",\"itemListElement\":[{\"@type\":\"ListItem\",\"position\":1,\"name\":\"Accueil\",\"item\":\"https:\\\/\\\/repliquemangacine.fr\\\/\"},{\"@type\":\"ListItem\",\"position\":2,\"name\":\"Produits\",\"item\":\"https:\\\/\\\/repliquemangacine.fr\\\/boutique\\\/\"},{\"@type\":\"ListItem\",\"position\":3,\"name\":\"Ep\u00e9e du dragon Meliodas\"}]},{\"@type\":\"WebSite\",\"@id\":\"https:\\\/\\\/repliquemangacine.fr\\\/#website\",\"url\":\"https:\\\/\\\/repliquemangacine.fr\\\/\",\"name\":\"R\u00e9plique Manga Cin\u00e9\",\"description\":\"\",\"publisher\":{\"@id\":\"https:\\\/\\\/repliquemangacine.fr\\\/#organization\"},\"potentialAction\":[{\"@type\":\"SearchAction\",\"target\":{\"@type\":\"EntryPoint\",\"urlTemplate\":\"https:\\\/\\\/repliquemangacine.fr\\\/?s={search_term_string}\"},\"query-input\":{\"@type\":\"PropertyValueSpecification\",\"valueRequired\":true,\"valueName\":\"search_term_string\"}}],\"inLanguage\":\"it-IT\"},{\"@type\":\"Organization\",\"@id\":\"https:\\\/\\\/repliquemangacine.fr\\\/#organization\",\"name\":\"R\u00e9plique Manga Cin\u00e9\",\"url\":\"https:\\\/\\\/repliquemangacine.fr\\\/\",\"logo\":{\"@type\":\"ImageObject\",\"inLanguage\":\"it-IT\",\"@id\":\"https:\\\/\\\/repliquemangacine.fr\\\/#\\\/schema\\\/logo\\\/image\\\/\",\"url\":\"https:\\\/\\\/repliquemangacine.fr\\\/wp-content\\\/uploads\\\/2023\\\/10\\\/RMC-500250.png\",\"contentUrl\":\"https:\\\/\\\/repliquemangacine.fr\\\/wp-content\\\/uploads\\\/2023\\\/10\\\/RMC-500250.png\",\"width\":500,\"height\":250,\"caption\":\"R\u00e9plique Manga Cin\u00e9\"},\"image\":{\"@id\":\"https:\\\/\\\/repliquemangacine.fr\\\/#\\\/schema\\\/logo\\\/image\\\/\"},\"sameAs\":[\"https:\\\/\\\/www.facebook.com\\\/RepliqueMangaCine\",\"https:\\\/\\\/www.instagram.com\\\/repliquemangacine.fr\\\/\"]}]}<\/script>\n<!-- \/ Yoast SEO plugin. -->","yoast_head_json":{"title":"La spada del drago Meliodas - Broken Sword - Boutique en ligne | RMC","description":"Regalatevi la Spada del Drago Meliodas al miglior prezzo. Lama in metallo. Fodero - Scala 1\/1 - Lunghezza totale : 73cm - Spedizione 24\/48h","robots":{"index":"index","follow":"follow","max-snippet":"max-snippet:-1","max-image-preview":"max-image-preview:large","max-video-preview":"max-video-preview:-1"},"canonical":"https:\/\/repliquemangacine.fr\/it\/spade-dei-sette-peccati-capitali\/spada-del-drago-di-meliodas\/","og_locale":"it_IT","og_type":"article","og_title":"Ep\u00e9e du Dragon M\u00e9liodas - Ep\u00e9e bris\u00e9e - Boutique en ligne | RMC","og_description":"Offrez-vous l'Ep\u00e9e du Dragon M\u00e9liodas au meilleur prix. Lame en m\u00e9tal. Fourreau - Echelle 1\/1 - Longueur totale : 73cm - Envoi 24\/48h","og_url":"https:\/\/repliquemangacine.fr\/it\/spade-dei-sette-peccati-capitali\/spada-del-drago-di-meliodas\/","og_site_name":"R\u00e9plique Manga Cin\u00e9","article_publisher":"https:\/\/www.facebook.com\/RepliqueMangaCine","article_modified_time":"2025-09-23T16:02:36+00:00","og_image":[{"width":800,"height":800,"url":"https:\/\/repliquemangacine.fr\/wp-content\/uploads\/2023\/10\/3976-Epee-du-dragon-Meliodas.jpg","type":"image\/jpeg"}],"twitter_card":"summary_large_image","twitter_misc":{"Tempo di lettura stimato":"1 minuto"},"schema":{"@context":"https:\/\/schema.org","@graph":[{"@type":"WebPage","@id":"https:\/\/repliquemangacine.fr\/epees-seven-deadly-sins\/epee-du-dragon-meliodas\/","url":"https:\/\/repliquemangacine.fr\/epees-seven-deadly-sins\/epee-du-dragon-meliodas\/","name":"La spada del drago Meliodas - Broken Sword - Boutique en ligne | RMC","isPartOf":{"@id":"https:\/\/repliquemangacine.fr\/#website"},"primaryImageOfPage":{"@id":"https:\/\/repliquemangacine.fr\/epees-seven-deadly-sins\/epee-du-dragon-meliodas\/#primaryimage"},"image":{"@id":"https:\/\/repliquemangacine.fr\/epees-seven-deadly-sins\/epee-du-dragon-meliodas\/#primaryimage"},"thumbnailUrl":"https:\/\/repliquemangacine.fr\/wp-content\/uploads\/2023\/10\/3976-Epee-du-dragon-Meliodas.jpg","datePublished":"2021-01-29T14:11:57+00:00","dateModified":"2025-09-23T16:02:36+00:00","description":"Regalatevi la Spada del Drago Meliodas al miglior prezzo. Lama in metallo. Fodero - Scala 1\/1 - Lunghezza totale : 73cm - Spedizione 24\/48h","breadcrumb":{"@id":"https:\/\/repliquemangacine.fr\/epees-seven-deadly-sins\/epee-du-dragon-meliodas\/#breadcrumb"},"inLanguage":"it-IT","potentialAction":[{"@type":"ReadAction","target":["https:\/\/repliquemangacine.fr\/epees-seven-deadly-sins\/epee-du-dragon-meliodas\/"]}]},{"@type":"ImageObject","inLanguage":"it-IT","@id":"https:\/\/repliquemangacine.fr\/epees-seven-deadly-sins\/epee-du-dragon-meliodas\/#primaryimage","url":"https:\/\/repliquemangacine.fr\/wp-content\/uploads\/2023\/10\/3976-Epee-du-dragon-Meliodas.jpg","contentUrl":"https:\/\/repliquemangacine.fr\/wp-content\/uploads\/2023\/10\/3976-Epee-du-dragon-Meliodas.jpg","width":800,"height":800,"caption":"Ep\u00e9e du dragon Meliodas"},{"@type":"BreadcrumbList","@id":"https:\/\/repliquemangacine.fr\/epees-seven-deadly-sins\/epee-du-dragon-meliodas\/#breadcrumb","itemListElement":[{"@type":"ListItem","position":1,"name":"Accueil","item":"https:\/\/repliquemangacine.fr\/"},{"@type":"ListItem","position":2,"name":"Produits","item":"https:\/\/repliquemangacine.fr\/boutique\/"},{"@type":"ListItem","position":3,"name":"Ep\u00e9e du dragon Meliodas"}]},{"@type":"WebSite","@id":"https:\/\/repliquemangacine.fr\/#website","url":"https:\/\/repliquemangacine.fr\/","name":"R\u00e9plique Manga Cin\u00e9","description":"","publisher":{"@id":"https:\/\/repliquemangacine.fr\/#organization"},"potentialAction":[{"@type":"SearchAction","target":{"@type":"EntryPoint","urlTemplate":"https:\/\/repliquemangacine.fr\/?s={search_term_string}"},"query-input":{"@type":"PropertyValueSpecification","valueRequired":true,"valueName":"search_term_string"}}],"inLanguage":"it-IT"},{"@type":"Organization","@id":"https:\/\/repliquemangacine.fr\/#organization","name":"R\u00e9plique Manga Cin\u00e9","url":"https:\/\/repliquemangacine.fr\/","logo":{"@type":"ImageObject","inLanguage":"it-IT","@id":"https:\/\/repliquemangacine.fr\/#\/schema\/logo\/image\/","url":"https:\/\/repliquemangacine.fr\/wp-content\/uploads\/2023\/10\/RMC-500250.png","contentUrl":"https:\/\/repliquemangacine.fr\/wp-content\/uploads\/2023\/10\/RMC-500250.png","width":500,"height":250,"caption":"R\u00e9plique Manga Cin\u00e9"},"image":{"@id":"https:\/\/repliquemangacine.fr\/#\/schema\/logo\/image\/"},"sameAs":["https:\/\/www.facebook.com\/RepliqueMangaCine","https:\/\/www.instagram.com\/repliquemangacine.fr\/"]}]}},"_links":{"self":[{"href":"https:\/\/repliquemangacine.fr\/it\/wp-json\/wp\/v2\/product\/29300","targetHints":{"allow":["GET"]}}],"collection":[{"href":"https:\/\/repliquemangacine.fr\/it\/wp-json\/wp\/v2\/product"}],"about":[{"href":"https:\/\/repliquemangacine.fr\/it\/wp-json\/wp\/v2\/types\/product"}],"wp:featuredmedia":[{"embeddable":true,"href":"https:\/\/repliquemangacine.fr\/it\/wp-json\/wp\/v2\/media\/29301"}],"wp:attachment":[{"href":"https:\/\/repliquemangacine.fr\/it\/wp-json\/wp\/v2\/media?parent=29300"}],"wp:term":[{"taxonomy":"product_brand","embeddable":true,"href":"https:\/\/repliquemangacine.fr\/it\/wp-json\/wp\/v2\/product_brand?post=29300"},{"taxonomy":"product_cat","embeddable":true,"href":"https:\/\/repliquemangacine.fr\/it\/wp-json\/wp\/v2\/product_cat?post=29300"},{"taxonomy":"product_tag","embeddable":true,"href":"https:\/\/repliquemangacine.fr\/it\/wp-json\/wp\/v2\/product_tag?post=29300"}],"curies":[{"name":"wp","href":"https:\/\/api.w.org\/{rel}","templated":true}]}}