





{"id":29291,"date":"2021-01-28T14:01:42","date_gmt":"2021-01-28T13:01:42","guid":{"rendered":"https:\/\/repliquemangacine.fr\/?post_type=product&#038;p=29291"},"modified":"2025-11-26T10:59:55","modified_gmt":"2025-11-26T09:59:55","slug":"katana-forgia-neve-eterna","status":"publish","type":"product","link":"https:\/\/repliquemangacine.fr\/it\/katana-forge\/katana-forge-neige-eternelle\/","title":{"rendered":"Neige Eternelle forgiata katana"},"content":{"rendered":"<h2>Replica della Katana delle nevi forgiata per l'allenamento al taglio.<\/h2>\n<p>La Katana Forg\u00e9 Neige \u00e8 realizzata con le tecniche di un maestro fabbro.<\/p>\n<p>La spada giapponese (Nihonto) descrive un insieme di armi a lama realizzate con tecniche giapponesi. Esse comprendono il Tachi, il Wakizashi, il Tanto e, naturalmente, la famosa Katana. La spada giapponese \u00e8 stata creata per scopi bellici. Oggi \u00e8 considerata un'opera d'arte a tutti gli effetti.<\/p>\n<p>La katana \u00e8 la spada giapponese pi\u00f9 popolare. Indossata dai samurai giapponesi, \u00e8 stata tramandata da diverse generazioni. Ecco perch\u00e9 ci sono cos\u00ec tante <a href=\"https:\/\/www.touken.or.jp\/english\/\">musei<\/a> in Giappone.<\/p>\n<p>Cominciamo con le lame: \u00e8 importante sapere per cosa si vuole usare la katana.<\/p>\n<ul>\n<li>Per i principianti, l'acciaio 1045 (contenuto di carbonio 0,45%) \u00e8 pensato per un'introduzione al taglio di oggetti morbidi.<\/li>\n<li>Per l'azionamento del taglio, l'acciaio 1060 (carbonio 0,60%) \u00e8 ideale per i supporti tradizionali.<\/li>\n<li>Per l'uso intensivo, l'acciaio 1095 (carbonio 0,95%) \u00e8 riservato agli utenti esperti su tatami o bamb\u00f9 verde.<\/li>\n<\/ul>\n<p>La spada deve avere anche una gola (Bo-Hi) che alleggerisce la lama di 150-200 grammi.<\/p>\n<p>Il fodero (Saya) \u00e8 il rivestimento della lama, per proteggerla dagli urti. Il fodero deve seguire la forma della lama. Di solito \u00e8 ricoperto di lacca, il cui colore pu\u00f2 variare a seconda della moda del periodo e dell'artigiano.<\/p>\n<p>Infine, la guardia (tsuba) \u00e8 il secondo elemento da considerare dopo la lama. In origine la tsuba aveva solo uno scopo difensivo, per proteggere le mani del praticante e impedire che scivolassero dall'impugnatura (tsuka) verso la lama. Col tempo, tuttavia, la guardia divenne un simbolo di status sociale. Di conseguenza, le tsuba iniziarono a essere forgiate con un'estetica molto pi\u00f9 raffinata.<\/p>\n<h3>Offriamo un'ampia gamma di spade giapponesi per l'allenamento e la decorazione.<\/h3>\n<p>Innanzitutto,<\/p>\n<ul>\n<li>Le <a href=\"https:\/\/repliquemangacine.fr\/it\/cacciatore-di-demoni\/kyojuro-che-taglia-la-katana\/\">La katana da taglio di Kyojuro<\/a> nel manga Demon Slayer.<\/li>\n<li>Ma anche il <a href=\"https:\/\/repliquemangacine.fr\/it\/candeggina\/bankai-ichigo-tensa-zangetsu-taglio-142cm\/\">La katana di Ichigo<\/a> in Bleach con la sua lunga lama.<\/li>\n<li>E molti altri ancora!<\/li>\n<\/ul>\n<p>\u00c8 un'ottima idea regalo per gli amanti delle arti marziali.<\/p>\n<h3>Potete usare questa Katana Forg\u00e9 Neige anche per il vostro primo taglio o per la vostra collezione.<\/h3>\n<p>Soprattutto, la Katana Forg\u00e9 Neige \u00e8 anche un oggetto da collezione e un oggetto decorativo.<\/p>\n<p><strong>ATTENZIONE<\/strong><\/p>\n<p><strong>Tutte le katane del marchio Fudoshin sono destinate esclusivamente alla decorazione o al taglio di rotoli di paglia di riso intrecciata. Se l'acquirente o il possessore di questo prodotto lo utilizza per qualsiasi altro scopo, si assume il rischio e la responsabilit\u00e0 di un uso improprio del prodotto. Se l'acquirente o il detentore di questo prodotto lo utilizza per qualsiasi altro scopo, si assume il rischio e la responsabilit\u00e0 di qualsiasi uso improprio di questo prodotto.<\/strong><\/p>","protected":false},"excerpt":{"rendered":"<p>Superba katana da taglio del marchio Fudoshin.<\/p>\n<ul>\n<li>Lama in acciaio Maru forgiata a mano con gola affilata.<\/li>\n<li>Acciaio grado 1045 (acciaio duro, carbonio 0,45%).<\/li>\n<li>Maniglia (la stessa) in razze.<\/li>\n<li>Elsa in lega (tsuba), placcata in rame e annerita.<\/li>\n<li>Fodero in legno laccato bianco.<\/li>\n<li>Pu\u00f2 essere smontato per la manutenzione.<\/li>\n<li>Fornito in una confezione che comprende: 1 coperchio protettivo, supporto e guida all'uso.<\/li>\n<li>Certificato di autenticit\u00e0.<\/li>\n<\/ul>\n<p>Lunghezza lama: 67,5 cm - Spessore: 7\/5,5 mm<\/p>\n<p>Peso della katana senza fodero: 995 gr - Peso del fodero da solo: 235 gr<\/p>\n<p><strong>Vendita rigorosamente vietata ai minori.<\/strong><\/p>","protected":false},"featured_media":29292,"template":"","meta":[],"product_brand":[896],"product_cat":[26,38],"product_tag":[],"class_list":{"0":"post-29291","1":"product","2":"type-product","3":"status-publish","4":"has-post-thumbnail","6":"product_brand-replique-manga-cine","7":"product_cat-katana-epee","8":"product_cat-katana-forge","10":"first","11":"outofstock","12":"taxable","13":"shipping-taxable","14":"purchasable","15":"product-type-simple"},"yoast_head":"<!-- This site is optimized with the Yoast SEO plugin v27.4 - https:\/\/yoast.com\/product\/yoast-seo-wordpress\/ -->\n<title>Katana Forg\u00e9 Neige - Fudoshin - R\u00e9plique Manga Cin\u00e9<\/title>\n<meta name=\"description\" content=\"Commandez vite ! ce magnifique Katana Forg\u00e9 Neige. Fait d&#039;une seule pi\u00e8ce. Lame \u00e0 gorge tranchante Maru. Livr\u00e9 avec certificat d&#039;authenticit\u00e9\" \/>\n<meta name=\"robots\" content=\"index, follow, max-snippet:-1, max-image-preview:large, max-video-preview:-1\" \/>\n<link rel=\"canonical\" href=\"https:\/\/repliquemangacine.fr\/it\/fucina-di-katana\/katana-forgia-neve-eterna\/\" \/>\n<meta property=\"og:locale\" content=\"it_IT\" \/>\n<meta property=\"og:type\" content=\"article\" \/>\n<meta property=\"og:title\" content=\"Katana Forg\u00e9 Neige - Fudoshin - R\u00e9plique Manga Cin\u00e9\" \/>\n<meta property=\"og:description\" content=\"Commandez vite ! ce magnifique Katana Forg\u00e9 Neige. Fait d&#039;une seule pi\u00e8ce. Lame \u00e0 gorge tranchante Maru. Livr\u00e9 avec certificat d&#039;authenticit\u00e9\" \/>\n<meta property=\"og:url\" content=\"https:\/\/repliquemangacine.fr\/it\/fucina-di-katana\/katana-forgia-neve-eterna\/\" \/>\n<meta property=\"og:site_name\" content=\"R\u00e9plique Manga Cin\u00e9\" \/>\n<meta property=\"article:publisher\" content=\"https:\/\/www.facebook.com\/RepliqueMangaCine\" \/>\n<meta property=\"article:modified_time\" content=\"2025-11-26T09:59:55+00:00\" \/>\n<meta property=\"og:image\" content=\"https:\/\/repliquemangacine.fr\/wp-content\/uploads\/2023\/10\/3967-Katana-forge-main.jpg\" \/>\n\t<meta property=\"og:image:width\" content=\"800\" \/>\n\t<meta property=\"og:image:height\" content=\"800\" \/>\n\t<meta property=\"og:image:type\" content=\"image\/jpeg\" \/>\n<meta name=\"twitter:card\" content=\"summary_large_image\" \/>\n<meta name=\"twitter:label1\" content=\"Tempo di lettura stimato\" \/>\n\t<meta name=\"twitter:data1\" content=\"2 minuti\" \/>\n<script type=\"application\/ld+json\" class=\"yoast-schema-graph\">{\"@context\":\"https:\\\/\\\/schema.org\",\"@graph\":[{\"@type\":\"WebPage\",\"@id\":\"https:\\\/\\\/repliquemangacine.fr\\\/katana-forge\\\/katana-forge-neige-eternelle\\\/\",\"url\":\"https:\\\/\\\/repliquemangacine.fr\\\/katana-forge\\\/katana-forge-neige-eternelle\\\/\",\"name\":\"Katana Forg\u00e9 Neige - Fudoshin - R\u00e9plique Manga Cin\u00e9\",\"isPartOf\":{\"@id\":\"https:\\\/\\\/repliquemangacine.fr\\\/#website\"},\"primaryImageOfPage\":{\"@id\":\"https:\\\/\\\/repliquemangacine.fr\\\/katana-forge\\\/katana-forge-neige-eternelle\\\/#primaryimage\"},\"image\":{\"@id\":\"https:\\\/\\\/repliquemangacine.fr\\\/katana-forge\\\/katana-forge-neige-eternelle\\\/#primaryimage\"},\"thumbnailUrl\":\"https:\\\/\\\/repliquemangacine.fr\\\/wp-content\\\/uploads\\\/2023\\\/10\\\/3967-Katana-forge-main.jpg\",\"datePublished\":\"2021-01-28T13:01:42+00:00\",\"dateModified\":\"2025-11-26T09:59:55+00:00\",\"description\":\"Commandez vite ! ce magnifique Katana Forg\u00e9 Neige. Fait d'une seule pi\u00e8ce. Lame \u00e0 gorge tranchante Maru. Livr\u00e9 avec certificat d'authenticit\u00e9\",\"breadcrumb\":{\"@id\":\"https:\\\/\\\/repliquemangacine.fr\\\/katana-forge\\\/katana-forge-neige-eternelle\\\/#breadcrumb\"},\"inLanguage\":\"it-IT\",\"potentialAction\":[{\"@type\":\"ReadAction\",\"target\":[\"https:\\\/\\\/repliquemangacine.fr\\\/katana-forge\\\/katana-forge-neige-eternelle\\\/\"]}]},{\"@type\":\"ImageObject\",\"inLanguage\":\"it-IT\",\"@id\":\"https:\\\/\\\/repliquemangacine.fr\\\/katana-forge\\\/katana-forge-neige-eternelle\\\/#primaryimage\",\"url\":\"https:\\\/\\\/repliquemangacine.fr\\\/wp-content\\\/uploads\\\/2023\\\/10\\\/3967-Katana-forge-main.jpg\",\"contentUrl\":\"https:\\\/\\\/repliquemangacine.fr\\\/wp-content\\\/uploads\\\/2023\\\/10\\\/3967-Katana-forge-main.jpg\",\"width\":800,\"height\":800,\"caption\":\"Katana forg\u00e9 main\"},{\"@type\":\"BreadcrumbList\",\"@id\":\"https:\\\/\\\/repliquemangacine.fr\\\/katana-forge\\\/katana-forge-neige-eternelle\\\/#breadcrumb\",\"itemListElement\":[{\"@type\":\"ListItem\",\"position\":1,\"name\":\"Accueil\",\"item\":\"https:\\\/\\\/repliquemangacine.fr\\\/\"},{\"@type\":\"ListItem\",\"position\":2,\"name\":\"Produits\",\"item\":\"https:\\\/\\\/repliquemangacine.fr\\\/boutique\\\/\"},{\"@type\":\"ListItem\",\"position\":3,\"name\":\"Katana forg\u00e9 Neige Eternelle\"}]},{\"@type\":\"WebSite\",\"@id\":\"https:\\\/\\\/repliquemangacine.fr\\\/#website\",\"url\":\"https:\\\/\\\/repliquemangacine.fr\\\/\",\"name\":\"R\u00e9plique Manga Cin\u00e9\",\"description\":\"\",\"publisher\":{\"@id\":\"https:\\\/\\\/repliquemangacine.fr\\\/#organization\"},\"potentialAction\":[{\"@type\":\"SearchAction\",\"target\":{\"@type\":\"EntryPoint\",\"urlTemplate\":\"https:\\\/\\\/repliquemangacine.fr\\\/?s={search_term_string}\"},\"query-input\":{\"@type\":\"PropertyValueSpecification\",\"valueRequired\":true,\"valueName\":\"search_term_string\"}}],\"inLanguage\":\"it-IT\"},{\"@type\":\"Organization\",\"@id\":\"https:\\\/\\\/repliquemangacine.fr\\\/#organization\",\"name\":\"R\u00e9plique Manga Cin\u00e9\",\"url\":\"https:\\\/\\\/repliquemangacine.fr\\\/\",\"logo\":{\"@type\":\"ImageObject\",\"inLanguage\":\"it-IT\",\"@id\":\"https:\\\/\\\/repliquemangacine.fr\\\/#\\\/schema\\\/logo\\\/image\\\/\",\"url\":\"https:\\\/\\\/repliquemangacine.fr\\\/wp-content\\\/uploads\\\/2023\\\/10\\\/RMC-500250.png\",\"contentUrl\":\"https:\\\/\\\/repliquemangacine.fr\\\/wp-content\\\/uploads\\\/2023\\\/10\\\/RMC-500250.png\",\"width\":500,\"height\":250,\"caption\":\"R\u00e9plique Manga Cin\u00e9\"},\"image\":{\"@id\":\"https:\\\/\\\/repliquemangacine.fr\\\/#\\\/schema\\\/logo\\\/image\\\/\"},\"sameAs\":[\"https:\\\/\\\/www.facebook.com\\\/RepliqueMangaCine\",\"https:\\\/\\\/www.instagram.com\\\/repliquemangacine.fr\\\/\"]}]}<\/script>\n<!-- \/ Yoast SEO plugin. -->","yoast_head_json":{"title":"Katana da neve forgiata - Fudoshin - R\u00e9plique Manga Cin\u00e9","description":"Ordina subito questa magnifica Katana da neve forgiata! Realizzata in un unico pezzo. Lama con tagliente Maru. Consegnata con certificato di autenticit\u00e0","robots":{"index":"index","follow":"follow","max-snippet":"max-snippet:-1","max-image-preview":"max-image-preview:large","max-video-preview":"max-video-preview:-1"},"canonical":"https:\/\/repliquemangacine.fr\/it\/fucina-di-katana\/katana-forgia-neve-eterna\/","og_locale":"it_IT","og_type":"article","og_title":"Katana Forg\u00e9 Neige - Fudoshin - R\u00e9plique Manga Cin\u00e9","og_description":"Commandez vite ! ce magnifique Katana Forg\u00e9 Neige. Fait d'une seule pi\u00e8ce. Lame \u00e0 gorge tranchante Maru. Livr\u00e9 avec certificat d'authenticit\u00e9","og_url":"https:\/\/repliquemangacine.fr\/it\/fucina-di-katana\/katana-forgia-neve-eterna\/","og_site_name":"R\u00e9plique Manga Cin\u00e9","article_publisher":"https:\/\/www.facebook.com\/RepliqueMangaCine","article_modified_time":"2025-11-26T09:59:55+00:00","og_image":[{"width":800,"height":800,"url":"https:\/\/repliquemangacine.fr\/wp-content\/uploads\/2023\/10\/3967-Katana-forge-main.jpg","type":"image\/jpeg"}],"twitter_card":"summary_large_image","twitter_misc":{"Tempo di lettura stimato":"2 minuti"},"schema":{"@context":"https:\/\/schema.org","@graph":[{"@type":"WebPage","@id":"https:\/\/repliquemangacine.fr\/katana-forge\/katana-forge-neige-eternelle\/","url":"https:\/\/repliquemangacine.fr\/katana-forge\/katana-forge-neige-eternelle\/","name":"Katana da neve forgiata - Fudoshin - R\u00e9plique Manga Cin\u00e9","isPartOf":{"@id":"https:\/\/repliquemangacine.fr\/#website"},"primaryImageOfPage":{"@id":"https:\/\/repliquemangacine.fr\/katana-forge\/katana-forge-neige-eternelle\/#primaryimage"},"image":{"@id":"https:\/\/repliquemangacine.fr\/katana-forge\/katana-forge-neige-eternelle\/#primaryimage"},"thumbnailUrl":"https:\/\/repliquemangacine.fr\/wp-content\/uploads\/2023\/10\/3967-Katana-forge-main.jpg","datePublished":"2021-01-28T13:01:42+00:00","dateModified":"2025-11-26T09:59:55+00:00","description":"Ordina subito questa magnifica Katana da neve forgiata! Realizzata in un unico pezzo. Lama con tagliente Maru. Consegnata con certificato di autenticit\u00e0","breadcrumb":{"@id":"https:\/\/repliquemangacine.fr\/katana-forge\/katana-forge-neige-eternelle\/#breadcrumb"},"inLanguage":"it-IT","potentialAction":[{"@type":"ReadAction","target":["https:\/\/repliquemangacine.fr\/katana-forge\/katana-forge-neige-eternelle\/"]}]},{"@type":"ImageObject","inLanguage":"it-IT","@id":"https:\/\/repliquemangacine.fr\/katana-forge\/katana-forge-neige-eternelle\/#primaryimage","url":"https:\/\/repliquemangacine.fr\/wp-content\/uploads\/2023\/10\/3967-Katana-forge-main.jpg","contentUrl":"https:\/\/repliquemangacine.fr\/wp-content\/uploads\/2023\/10\/3967-Katana-forge-main.jpg","width":800,"height":800,"caption":"Katana forg\u00e9 main"},{"@type":"BreadcrumbList","@id":"https:\/\/repliquemangacine.fr\/katana-forge\/katana-forge-neige-eternelle\/#breadcrumb","itemListElement":[{"@type":"ListItem","position":1,"name":"Accueil","item":"https:\/\/repliquemangacine.fr\/"},{"@type":"ListItem","position":2,"name":"Produits","item":"https:\/\/repliquemangacine.fr\/boutique\/"},{"@type":"ListItem","position":3,"name":"Katana forg\u00e9 Neige Eternelle"}]},{"@type":"WebSite","@id":"https:\/\/repliquemangacine.fr\/#website","url":"https:\/\/repliquemangacine.fr\/","name":"R\u00e9plique Manga Cin\u00e9","description":"","publisher":{"@id":"https:\/\/repliquemangacine.fr\/#organization"},"potentialAction":[{"@type":"SearchAction","target":{"@type":"EntryPoint","urlTemplate":"https:\/\/repliquemangacine.fr\/?s={search_term_string}"},"query-input":{"@type":"PropertyValueSpecification","valueRequired":true,"valueName":"search_term_string"}}],"inLanguage":"it-IT"},{"@type":"Organization","@id":"https:\/\/repliquemangacine.fr\/#organization","name":"R\u00e9plique Manga Cin\u00e9","url":"https:\/\/repliquemangacine.fr\/","logo":{"@type":"ImageObject","inLanguage":"it-IT","@id":"https:\/\/repliquemangacine.fr\/#\/schema\/logo\/image\/","url":"https:\/\/repliquemangacine.fr\/wp-content\/uploads\/2023\/10\/RMC-500250.png","contentUrl":"https:\/\/repliquemangacine.fr\/wp-content\/uploads\/2023\/10\/RMC-500250.png","width":500,"height":250,"caption":"R\u00e9plique Manga Cin\u00e9"},"image":{"@id":"https:\/\/repliquemangacine.fr\/#\/schema\/logo\/image\/"},"sameAs":["https:\/\/www.facebook.com\/RepliqueMangaCine","https:\/\/www.instagram.com\/repliquemangacine.fr\/"]}]}},"_links":{"self":[{"href":"https:\/\/repliquemangacine.fr\/it\/wp-json\/wp\/v2\/product\/29291","targetHints":{"allow":["GET"]}}],"collection":[{"href":"https:\/\/repliquemangacine.fr\/it\/wp-json\/wp\/v2\/product"}],"about":[{"href":"https:\/\/repliquemangacine.fr\/it\/wp-json\/wp\/v2\/types\/product"}],"wp:featuredmedia":[{"embeddable":true,"href":"https:\/\/repliquemangacine.fr\/it\/wp-json\/wp\/v2\/media\/29292"}],"wp:attachment":[{"href":"https:\/\/repliquemangacine.fr\/it\/wp-json\/wp\/v2\/media?parent=29291"}],"wp:term":[{"taxonomy":"product_brand","embeddable":true,"href":"https:\/\/repliquemangacine.fr\/it\/wp-json\/wp\/v2\/product_brand?post=29291"},{"taxonomy":"product_cat","embeddable":true,"href":"https:\/\/repliquemangacine.fr\/it\/wp-json\/wp\/v2\/product_cat?post=29291"},{"taxonomy":"product_tag","embeddable":true,"href":"https:\/\/repliquemangacine.fr\/it\/wp-json\/wp\/v2\/product_tag?post=29291"}],"curies":[{"name":"wp","href":"https:\/\/api.w.org\/{rel}","templated":true}]}}