





{"id":29265,"date":"2021-01-08T14:55:59","date_gmt":"2021-01-08T13:55:59","guid":{"rendered":"https:\/\/repliquemangacine.fr\/?post_type=product&#038;p=29265"},"modified":"2025-12-20T18:01:52","modified_gmt":"2025-12-20T17:01:52","slug":"replica-della-versione-di-hulk-del-guanto-di-sfida-nano","status":"publish","type":"product","link":"https:\/\/repliquemangacine.fr\/it\/super-heros-marvel\/replique-du-nano-gauntlet-version-hulk\/","title":{"rendered":"Hulk Avengers Nano Gauntlet"},"content":{"rendered":"<h2>Hulk Nano Gauntlet dell'Universo Marvel<\/h2>\n<p>Per cominciare, il <strong>Guanto Hulk Nano<\/strong> \u00e8 una versione del Guanto dell'Infinito creata da Bruce Banner, Tony Stark e Rocket inizialmente utilizzata per invertire gli effetti di Snap. Mentre la Battaglia della Terra volgeva al termine, Thanos indoss\u00f2 il guanto danneggiato e cerc\u00f2 di usarlo per attuare il suo piano finale.<\/p>\n<p>La replica di Gauntlet si \u00e8 rivelata altrettanto utile della sua controparte nanica. \u00c8 in grado di trattenere Capitan Marvel per un po' prima di dover usare la Pietra del Potere per attaccarlo.<\/p>\n<p>Dopo una breve colluttazione con Stark, <a href=\"https:\/\/universcinematographiquemarvel.fandom.com\/fr\/wiki\/Thanos#Armes\" target=\"_blank\" rel=\"noopener noreferrer\">Thanos<\/a> ha tentato con vanto di usare il guanto, ma non \u00e8 successo nulla perch\u00e9 Stark \u00e8 riuscito ad assimilare le Pietre dell'Infinito nella sua armatura.<\/p>\n<h2>Il tuo Nano Hulk Gauntlet al miglior prezzo.<\/h2>\n<p>Offriamo una vasta gamma di repliche dell'universo Marvel.<\/p>\n<p>Innanzitutto,<\/p>\n<ul>\n<li>La <a href=\"https:\/\/repliquemangacine.fr\/it\/supereroi\/pugnale-di-loki\/\">Il pugnale di Loki<\/a> con la sua lama appositamente decorata.<\/li>\n<li>C'\u00e8 anche il famoso Arco<a href=\"https:\/\/repliquemangacine.fr\/it\/supereroi\/reattore-ad-arco-mk1-reattore-cuore-uomo-di-ferro\/\"> Reattore<\/a> di Iron Man nella versione MK1.<\/li>\n<li>Oltre alla replica dei due <a href=\"https:\/\/repliquemangacine.fr\/it\/supereroi\/duo-de-deux-sabres-deadpool\/\">Spade di Deadpool<\/a> con una custodia per portarli sulla schiena.<\/li>\n<li>E molti altri da scoprire nel nostro negozio online!<\/li>\n<\/ul>\n<p>Ecco quindi un'ottima idea regalo per tutti i fan dei supereroi Marvel<\/p>\n<p>In conclusione, \u00e8 possibile utilizzare <strong>Guanto Hulk Nano<\/strong> per le vostre sfilate Cosplay. Ma soprattutto, questa doppia lama \u00e8 un oggetto da collezione e un pezzo decorativo.<\/p>\n<h2>Come sono fatti i nostri merchandising Avengers Marvel?<\/h2>\n<p>Per cominciare, tutti i nostri prodotti derivati sono di altissima qualit\u00e0, realizzati con una meticolosa attenzione ai dettagli. Alcuni di essi sono realizzati a mano, per riprodurre i minimi dettagli. Le parti pi\u00f9 importanti sono lavorate con macchine molto precise. Le incisioni sono generalmente realizzate con una punta di diamante o con il laser.<\/p>\n<p>Il tuo <strong>Guanto Hulk Nano<\/strong> \u00e8 stato realizzato per riprodurre esattamente ogni dettaglio. Il sistema di LED luminosi funziona in tre modalit\u00e0: una modalit\u00e0 fissa, una modalit\u00e0 lampeggiante e una modalit\u00e0 in cui le pietre si illuminano una ad una.<\/p>\n<p>In conclusione, importate dalla Cina o dalla Spagna, le nostre repliche vi stupiranno!<\/p>\n<p>R\u00e9plique Manga Cin\u00e9 \u00e8 un'azienda familiare francese.<\/p>","protected":false},"excerpt":{"rendered":"<p>Replica del \"Nano Gauntlet Hulk\" indossato da Hulk nel film \"Avengers Endgame\".<\/p>\n<ul>\n<li>In ABS stampato con vernice metallizzata rossa.<\/li>\n<li>Interno in schiuma compensata per un comfort assoluto.<\/li>\n<li>Sistema LED incorporato per illuminare le Pietre dell'Infinito.<\/li>\n<li>Funziona in tre modalit\u00e0: una modalit\u00e0 fissa, una modalit\u00e0 lampeggiante e una modalit\u00e0 in cui le pietre si illuminano una ad una.<\/li>\n<li>Connettori.<\/li>\n<li>Stand di presentazione.<\/li>\n<\/ul>\n<p>Altezza del guanto senza base: 41 cm - Larghezza: 16 cm - Peso: 3,4 kg<\/p>\n<p>Dimensioni del supporto: 23 X18 X31 cm - Altezza totale del guanto e della base: 72 cm<\/p>","protected":false},"featured_media":29266,"template":"","meta":[],"product_brand":[896],"product_cat":[24,59],"product_tag":[],"class_list":{"0":"post-29265","1":"product","2":"type-product","3":"status-publish","4":"has-post-thumbnail","6":"product_brand-replique-manga-cine","7":"product_cat-films-series-tv-vente-de-katana-epee-et-produits-derives","8":"product_cat-super-heros-marvel","10":"first","11":"instock","12":"taxable","13":"shipping-taxable","14":"purchasable","15":"product-type-simple"},"yoast_head":"<!-- This site is optimized with the Yoast SEO plugin v27.4 - https:\/\/yoast.com\/product\/yoast-seo-wordpress\/ -->\n<title>Nano Gantelet Hulk - Avengers - R\u00e9plique Manga Cin\u00e9<\/title>\n<meta name=\"description\" content=\"Commandez le Nano Gantelet Hulk au meilleur prix - Tout en ABS - \u00c9chelle 1\/1- Pierre de l&#039;infini en r\u00e9sine - Syst\u00e8me Led - Hauteur totale : 72 cm\" \/>\n<meta name=\"robots\" content=\"index, follow, max-snippet:-1, max-image-preview:large, max-video-preview:-1\" \/>\n<link rel=\"canonical\" href=\"https:\/\/repliquemangacine.fr\/it\/supereroi-marvel\/replica-della-versione-di-hulk-del-guanto-di-sfida-nano\/\" \/>\n<meta property=\"og:locale\" content=\"it_IT\" \/>\n<meta property=\"og:type\" content=\"article\" \/>\n<meta property=\"og:title\" content=\"Nano Gantelet Hulk - Avengers - R\u00e9plique Manga Cin\u00e9\" \/>\n<meta property=\"og:description\" content=\"Commandez le Nano Gantelet Hulk au meilleur prix - Tout en ABS - \u00c9chelle 1\/1- Pierre de l&#039;infini en r\u00e9sine - Syst\u00e8me Led - Hauteur totale : 72 cm\" \/>\n<meta property=\"og:url\" content=\"https:\/\/repliquemangacine.fr\/it\/supereroi-marvel\/replica-della-versione-di-hulk-del-guanto-di-sfida-nano\/\" \/>\n<meta property=\"og:site_name\" content=\"R\u00e9plique Manga Cin\u00e9\" \/>\n<meta property=\"article:publisher\" content=\"https:\/\/www.facebook.com\/RepliqueMangaCine\" \/>\n<meta property=\"article:modified_time\" content=\"2025-12-20T17:01:52+00:00\" \/>\n<meta property=\"og:image\" content=\"https:\/\/repliquemangacine.fr\/wp-content\/uploads\/2023\/10\/3943-Nano-Gauntlet-Version-Hulk.jpg\" \/>\n\t<meta property=\"og:image:width\" content=\"800\" \/>\n\t<meta property=\"og:image:height\" content=\"800\" \/>\n\t<meta property=\"og:image:type\" content=\"image\/jpeg\" \/>\n<meta name=\"twitter:card\" content=\"summary_large_image\" \/>\n<meta name=\"twitter:label1\" content=\"Tempo di lettura stimato\" \/>\n\t<meta name=\"twitter:data1\" content=\"2 minuti\" \/>\n<script type=\"application\/ld+json\" class=\"yoast-schema-graph\">{\"@context\":\"https:\\\/\\\/schema.org\",\"@graph\":[{\"@type\":\"WebPage\",\"@id\":\"https:\\\/\\\/repliquemangacine.fr\\\/super-heros-marvel\\\/replique-du-nano-gauntlet-version-hulk\\\/\",\"url\":\"https:\\\/\\\/repliquemangacine.fr\\\/super-heros-marvel\\\/replique-du-nano-gauntlet-version-hulk\\\/\",\"name\":\"Nano Gantelet Hulk - Avengers - R\u00e9plique Manga Cin\u00e9\",\"isPartOf\":{\"@id\":\"https:\\\/\\\/repliquemangacine.fr\\\/#website\"},\"primaryImageOfPage\":{\"@id\":\"https:\\\/\\\/repliquemangacine.fr\\\/super-heros-marvel\\\/replique-du-nano-gauntlet-version-hulk\\\/#primaryimage\"},\"image\":{\"@id\":\"https:\\\/\\\/repliquemangacine.fr\\\/super-heros-marvel\\\/replique-du-nano-gauntlet-version-hulk\\\/#primaryimage\"},\"thumbnailUrl\":\"https:\\\/\\\/repliquemangacine.fr\\\/wp-content\\\/uploads\\\/2023\\\/10\\\/3943-Nano-Gauntlet-Version-Hulk.jpg\",\"datePublished\":\"2021-01-08T13:55:59+00:00\",\"dateModified\":\"2025-12-20T17:01:52+00:00\",\"description\":\"Commandez le Nano Gantelet Hulk au meilleur prix - Tout en ABS - \u00c9chelle 1\\\/1- Pierre de l'infini en r\u00e9sine - Syst\u00e8me Led - Hauteur totale : 72 cm\",\"breadcrumb\":{\"@id\":\"https:\\\/\\\/repliquemangacine.fr\\\/super-heros-marvel\\\/replique-du-nano-gauntlet-version-hulk\\\/#breadcrumb\"},\"inLanguage\":\"it-IT\",\"potentialAction\":[{\"@type\":\"ReadAction\",\"target\":[\"https:\\\/\\\/repliquemangacine.fr\\\/super-heros-marvel\\\/replique-du-nano-gauntlet-version-hulk\\\/\"]}]},{\"@type\":\"ImageObject\",\"inLanguage\":\"it-IT\",\"@id\":\"https:\\\/\\\/repliquemangacine.fr\\\/super-heros-marvel\\\/replique-du-nano-gauntlet-version-hulk\\\/#primaryimage\",\"url\":\"https:\\\/\\\/repliquemangacine.fr\\\/wp-content\\\/uploads\\\/2023\\\/10\\\/3943-Nano-Gauntlet-Version-Hulk.jpg\",\"contentUrl\":\"https:\\\/\\\/repliquemangacine.fr\\\/wp-content\\\/uploads\\\/2023\\\/10\\\/3943-Nano-Gauntlet-Version-Hulk.jpg\",\"width\":800,\"height\":800,\"caption\":\"Nano Gauntlet Version Hulk\"},{\"@type\":\"BreadcrumbList\",\"@id\":\"https:\\\/\\\/repliquemangacine.fr\\\/super-heros-marvel\\\/replique-du-nano-gauntlet-version-hulk\\\/#breadcrumb\",\"itemListElement\":[{\"@type\":\"ListItem\",\"position\":1,\"name\":\"Accueil\",\"item\":\"https:\\\/\\\/repliquemangacine.fr\\\/\"},{\"@type\":\"ListItem\",\"position\":2,\"name\":\"Produits\",\"item\":\"https:\\\/\\\/repliquemangacine.fr\\\/boutique\\\/\"},{\"@type\":\"ListItem\",\"position\":3,\"name\":\"Nano Gantelet Hulk Avengers\"}]},{\"@type\":\"WebSite\",\"@id\":\"https:\\\/\\\/repliquemangacine.fr\\\/#website\",\"url\":\"https:\\\/\\\/repliquemangacine.fr\\\/\",\"name\":\"R\u00e9plique Manga Cin\u00e9\",\"description\":\"\",\"publisher\":{\"@id\":\"https:\\\/\\\/repliquemangacine.fr\\\/#organization\"},\"potentialAction\":[{\"@type\":\"SearchAction\",\"target\":{\"@type\":\"EntryPoint\",\"urlTemplate\":\"https:\\\/\\\/repliquemangacine.fr\\\/?s={search_term_string}\"},\"query-input\":{\"@type\":\"PropertyValueSpecification\",\"valueRequired\":true,\"valueName\":\"search_term_string\"}}],\"inLanguage\":\"it-IT\"},{\"@type\":\"Organization\",\"@id\":\"https:\\\/\\\/repliquemangacine.fr\\\/#organization\",\"name\":\"R\u00e9plique Manga Cin\u00e9\",\"url\":\"https:\\\/\\\/repliquemangacine.fr\\\/\",\"logo\":{\"@type\":\"ImageObject\",\"inLanguage\":\"it-IT\",\"@id\":\"https:\\\/\\\/repliquemangacine.fr\\\/#\\\/schema\\\/logo\\\/image\\\/\",\"url\":\"https:\\\/\\\/repliquemangacine.fr\\\/wp-content\\\/uploads\\\/2023\\\/10\\\/RMC-500250.png\",\"contentUrl\":\"https:\\\/\\\/repliquemangacine.fr\\\/wp-content\\\/uploads\\\/2023\\\/10\\\/RMC-500250.png\",\"width\":500,\"height\":250,\"caption\":\"R\u00e9plique Manga Cin\u00e9\"},\"image\":{\"@id\":\"https:\\\/\\\/repliquemangacine.fr\\\/#\\\/schema\\\/logo\\\/image\\\/\"},\"sameAs\":[\"https:\\\/\\\/www.facebook.com\\\/RepliqueMangaCine\",\"https:\\\/\\\/www.instagram.com\\\/repliquemangacine.fr\\\/\"]}]}<\/script>\n<!-- \/ Yoast SEO plugin. -->","yoast_head_json":{"title":"Guanto Hulk Nano - Vendicatori - R\u00e9plique Manga Cin\u00e9","description":"Ordina il Nano Hulk Gauntlet al miglior prezzo - Tutto ABS - Scala 1\/1 - Infinity Stone in resina - Sistema a led - Altezza totale: 72 cm","robots":{"index":"index","follow":"follow","max-snippet":"max-snippet:-1","max-image-preview":"max-image-preview:large","max-video-preview":"max-video-preview:-1"},"canonical":"https:\/\/repliquemangacine.fr\/it\/supereroi-marvel\/replica-della-versione-di-hulk-del-guanto-di-sfida-nano\/","og_locale":"it_IT","og_type":"article","og_title":"Nano Gantelet Hulk - Avengers - R\u00e9plique Manga Cin\u00e9","og_description":"Commandez le Nano Gantelet Hulk au meilleur prix - Tout en ABS - \u00c9chelle 1\/1- Pierre de l'infini en r\u00e9sine - Syst\u00e8me Led - Hauteur totale : 72 cm","og_url":"https:\/\/repliquemangacine.fr\/it\/supereroi-marvel\/replica-della-versione-di-hulk-del-guanto-di-sfida-nano\/","og_site_name":"R\u00e9plique Manga Cin\u00e9","article_publisher":"https:\/\/www.facebook.com\/RepliqueMangaCine","article_modified_time":"2025-12-20T17:01:52+00:00","og_image":[{"width":800,"height":800,"url":"https:\/\/repliquemangacine.fr\/wp-content\/uploads\/2023\/10\/3943-Nano-Gauntlet-Version-Hulk.jpg","type":"image\/jpeg"}],"twitter_card":"summary_large_image","twitter_misc":{"Tempo di lettura stimato":"2 minuti"},"schema":{"@context":"https:\/\/schema.org","@graph":[{"@type":"WebPage","@id":"https:\/\/repliquemangacine.fr\/super-heros-marvel\/replique-du-nano-gauntlet-version-hulk\/","url":"https:\/\/repliquemangacine.fr\/super-heros-marvel\/replique-du-nano-gauntlet-version-hulk\/","name":"Guanto Hulk Nano - Vendicatori - R\u00e9plique Manga Cin\u00e9","isPartOf":{"@id":"https:\/\/repliquemangacine.fr\/#website"},"primaryImageOfPage":{"@id":"https:\/\/repliquemangacine.fr\/super-heros-marvel\/replique-du-nano-gauntlet-version-hulk\/#primaryimage"},"image":{"@id":"https:\/\/repliquemangacine.fr\/super-heros-marvel\/replique-du-nano-gauntlet-version-hulk\/#primaryimage"},"thumbnailUrl":"https:\/\/repliquemangacine.fr\/wp-content\/uploads\/2023\/10\/3943-Nano-Gauntlet-Version-Hulk.jpg","datePublished":"2021-01-08T13:55:59+00:00","dateModified":"2025-12-20T17:01:52+00:00","description":"Ordina il Nano Hulk Gauntlet al miglior prezzo - Tutto ABS - Scala 1\/1 - Infinity Stone in resina - Sistema a led - Altezza totale: 72 cm","breadcrumb":{"@id":"https:\/\/repliquemangacine.fr\/super-heros-marvel\/replique-du-nano-gauntlet-version-hulk\/#breadcrumb"},"inLanguage":"it-IT","potentialAction":[{"@type":"ReadAction","target":["https:\/\/repliquemangacine.fr\/super-heros-marvel\/replique-du-nano-gauntlet-version-hulk\/"]}]},{"@type":"ImageObject","inLanguage":"it-IT","@id":"https:\/\/repliquemangacine.fr\/super-heros-marvel\/replique-du-nano-gauntlet-version-hulk\/#primaryimage","url":"https:\/\/repliquemangacine.fr\/wp-content\/uploads\/2023\/10\/3943-Nano-Gauntlet-Version-Hulk.jpg","contentUrl":"https:\/\/repliquemangacine.fr\/wp-content\/uploads\/2023\/10\/3943-Nano-Gauntlet-Version-Hulk.jpg","width":800,"height":800,"caption":"Nano Gauntlet Version Hulk"},{"@type":"BreadcrumbList","@id":"https:\/\/repliquemangacine.fr\/super-heros-marvel\/replique-du-nano-gauntlet-version-hulk\/#breadcrumb","itemListElement":[{"@type":"ListItem","position":1,"name":"Accueil","item":"https:\/\/repliquemangacine.fr\/"},{"@type":"ListItem","position":2,"name":"Produits","item":"https:\/\/repliquemangacine.fr\/boutique\/"},{"@type":"ListItem","position":3,"name":"Nano Gantelet Hulk Avengers"}]},{"@type":"WebSite","@id":"https:\/\/repliquemangacine.fr\/#website","url":"https:\/\/repliquemangacine.fr\/","name":"R\u00e9plique Manga Cin\u00e9","description":"","publisher":{"@id":"https:\/\/repliquemangacine.fr\/#organization"},"potentialAction":[{"@type":"SearchAction","target":{"@type":"EntryPoint","urlTemplate":"https:\/\/repliquemangacine.fr\/?s={search_term_string}"},"query-input":{"@type":"PropertyValueSpecification","valueRequired":true,"valueName":"search_term_string"}}],"inLanguage":"it-IT"},{"@type":"Organization","@id":"https:\/\/repliquemangacine.fr\/#organization","name":"R\u00e9plique Manga Cin\u00e9","url":"https:\/\/repliquemangacine.fr\/","logo":{"@type":"ImageObject","inLanguage":"it-IT","@id":"https:\/\/repliquemangacine.fr\/#\/schema\/logo\/image\/","url":"https:\/\/repliquemangacine.fr\/wp-content\/uploads\/2023\/10\/RMC-500250.png","contentUrl":"https:\/\/repliquemangacine.fr\/wp-content\/uploads\/2023\/10\/RMC-500250.png","width":500,"height":250,"caption":"R\u00e9plique Manga Cin\u00e9"},"image":{"@id":"https:\/\/repliquemangacine.fr\/#\/schema\/logo\/image\/"},"sameAs":["https:\/\/www.facebook.com\/RepliqueMangaCine","https:\/\/www.instagram.com\/repliquemangacine.fr\/"]}]}},"_links":{"self":[{"href":"https:\/\/repliquemangacine.fr\/it\/wp-json\/wp\/v2\/product\/29265","targetHints":{"allow":["GET"]}}],"collection":[{"href":"https:\/\/repliquemangacine.fr\/it\/wp-json\/wp\/v2\/product"}],"about":[{"href":"https:\/\/repliquemangacine.fr\/it\/wp-json\/wp\/v2\/types\/product"}],"wp:featuredmedia":[{"embeddable":true,"href":"https:\/\/repliquemangacine.fr\/it\/wp-json\/wp\/v2\/media\/29266"}],"wp:attachment":[{"href":"https:\/\/repliquemangacine.fr\/it\/wp-json\/wp\/v2\/media?parent=29265"}],"wp:term":[{"taxonomy":"product_brand","embeddable":true,"href":"https:\/\/repliquemangacine.fr\/it\/wp-json\/wp\/v2\/product_brand?post=29265"},{"taxonomy":"product_cat","embeddable":true,"href":"https:\/\/repliquemangacine.fr\/it\/wp-json\/wp\/v2\/product_cat?post=29265"},{"taxonomy":"product_tag","embeddable":true,"href":"https:\/\/repliquemangacine.fr\/it\/wp-json\/wp\/v2\/product_tag?post=29265"}],"curies":[{"name":"wp","href":"https:\/\/api.w.org\/{rel}","templated":true}]}}