





{"id":29247,"date":"2021-01-06T14:09:20","date_gmt":"2021-01-06T13:09:20","guid":{"rendered":"https:\/\/repliquemangacine.fr\/?post_type=product&#038;p=29247"},"modified":"2025-09-23T18:02:35","modified_gmt":"2025-09-23T16:02:35","slug":"bastoncini-viola-vedova-nera","status":"publish","type":"product","link":"https:\/\/repliquemangacine.fr\/it\/super-heros-marvel\/batons-black-widow-violet\/","title":{"rendered":"Manganelli Black Widow Violet"},"content":{"rendered":"<h2>I manganelli della Vedova Nera nell'universo dei Vendicatori.<\/h2>\n<p>Il primo \u00e8 costituito dai Bastoni della Vedova Nera, armi elettroshock in grado di erogare potenti scosse elettriche per incapacitare i loro bersagli. Si illuminano di blu e sono un'estensione del Morso della Vedova Nera.<\/p>\n<p>Romanoff ha usato i manganelli per abbattere decine di sentinelle di Ultron grazie alla combinazione delle sue armi e della sua maestria nelle arti marziali e in seguito ha usato le armi durante la Guerra Civile dei Vendicatori, anche se non cariche di elettricit\u00e0.<\/p>\n<p><a href=\"https:\/\/universcinematographiquemarvel.fandom.com\/fr\/wiki\/Natasha_Romanoff\" target=\"_blank\" rel=\"noopener noreferrer\">Natasha Romanoff<\/a> \u00e8 una delle spie e degli assassini pi\u00f9 talentuosi al mondo e membro fondatore dei Vendicatori. Grazie alla sua padronanza delle arti marziali e al suo morso, Natasha \u00e8 diventata uno degli agenti pi\u00f9 efficaci dello SHIELD.<\/p>\n<h2>I vostri bastoncini Black Widow al miglior prezzo.<\/h2>\n<p>Offriamo un'ampia gamma di repliche dei supereroi Marvel.<\/p>\n<p>Innanzitutto,<\/p>\n<ul>\n<li>Le <a href=\"https:\/\/repliquemangacine.fr\/it\/supereroi-marvel\/scudo-di-capitan-america-versione-lusso\/\">Scudo di Capitan America<\/a> e la sua versione di lusso.<\/li>\n<li>C'\u00e8 anche il <a href=\"https:\/\/repliquemangacine.fr\/it\/supereroi\/reattore-ad-arco-mk1-reattore-cuore-uomo-di-ferro\/\">Arco del reattore di Iron Man<\/a> Versione MK1.<\/li>\n<li>Cos\u00ec come la spada<a href=\"https:\/\/repliquemangacine.fr\/it\/supereroi\/replique-epee-god-killer-wonder-woman\/\"> di Wonder Woman<\/a> Dio assassino.<\/li>\n<li>E molto altro ancora da scoprire nel nostro negozio online!<\/li>\n<\/ul>\n<p>Ecco perch\u00e9 questa \u00e8 un'ottima idea regalo per tutti i fan della Marvel.<\/p>\n<p>In conclusione, \u00e8 possibile utilizzare anche <strong>Manganelli Black Widow<\/strong> per le sfilate Cosplay. Ma soprattutto, \u00e8 anche un oggetto da collezione e un pezzo decorativo.<\/p>\n<h2>Come sono fatti i nostri merchandising Avengers Marvel?<\/h2>\n<p>Per cominciare, tutti i nostri prodotti derivati sono di altissima qualit\u00e0, realizzati con una meticolosa attenzione ai dettagli. Alcuni di essi sono realizzati a mano, per riprodurre i minimi dettagli. Le parti pi\u00f9 importanti sono lavorate con macchine molto precise. Le incisioni sono generalmente realizzate con una punta di diamante o con il laser.<\/p>\n<p>Vostro <strong>Manganelli Black Widow<\/strong> fabbricati per riprodurre esattamente ogni dettaglio. Dalle parti in metallo o ABS lavorate a macchina ai LED ad alta intensit\u00e0.<\/p>\n<p>In conclusione, importate dalla Cina o dalla Spagna, le nostre repliche vi stupiranno!<\/p>\n<p>R\u00e9plique Manga Cin\u00e9 \u00e8 un'azienda familiare francese.<\/p>\n<p>Buona visita.<\/p>","protected":false},"excerpt":{"rendered":"<p>Replica dei bastoncini luminosi della Vedova Nera.<\/p>\n<ul>\n<li>In ABS stampato e metallo grigio e viola.<\/li>\n<li>Protezioni e manici in metallo con piccole scanalature.<\/li>\n<li>Pulsante per l'illuminazione dello stick.<\/li>\n<li>3 batterie LR3 (incluse).<\/li>\n<li>I due poli possono essere combinati.<\/li>\n<li>Attenzione: quando i due bastoncini sono uniti, non si illuminano.<\/li>\n<li>Lunghezza dei pali: 65 cm e 130 cm assemblati<\/li>\n<\/ul>","protected":false},"featured_media":29248,"template":"","meta":[],"product_brand":[896],"product_cat":[24,59],"product_tag":[],"class_list":{"0":"post-29247","1":"product","2":"type-product","3":"status-publish","4":"has-post-thumbnail","6":"product_brand-replique-manga-cine","7":"product_cat-films-series-tv-vente-de-katana-epee-et-produits-derives","8":"product_cat-super-heros-marvel","10":"first","11":"instock","12":"taxable","13":"shipping-taxable","14":"purchasable","15":"product-type-simple"},"yoast_head":"<!-- This site is optimized with the Yoast SEO plugin v27.4 - https:\/\/yoast.com\/product\/yoast-seo-wordpress\/ -->\n<title>B\u00e2tons Black Widow - Boutique de Produits d\u00e9riv\u00e9s Marvel - RMC<\/title>\n<meta name=\"description\" content=\"Commandez vite\u202f! les B\u00e2tons Black Widow Violet au meilleur prix. En ABS et m\u00e9tal - Lumineux par leds - Longueur chacun : 65 cm - Rassembl\u00e9s : 130 cm\" \/>\n<meta name=\"robots\" content=\"index, follow, max-snippet:-1, max-image-preview:large, max-video-preview:-1\" \/>\n<link rel=\"canonical\" href=\"https:\/\/repliquemangacine.fr\/it\/supereroi-marvel\/bastoncini-viola-vedova-nera\/\" \/>\n<meta property=\"og:locale\" content=\"it_IT\" \/>\n<meta property=\"og:type\" content=\"article\" \/>\n<meta property=\"og:title\" content=\"B\u00e2tons Black Widow - Boutique de Produits d\u00e9riv\u00e9s Marvel - RMC\" \/>\n<meta property=\"og:description\" content=\"Commandez vite\u202f! les B\u00e2tons Black Widow Violet au meilleur prix. En ABS et m\u00e9tal - Lumineux par leds - Longueur chacun : 65 cm - Rassembl\u00e9s : 130 cm\" \/>\n<meta property=\"og:url\" content=\"https:\/\/repliquemangacine.fr\/it\/supereroi-marvel\/bastoncini-viola-vedova-nera\/\" \/>\n<meta property=\"og:site_name\" content=\"R\u00e9plique Manga Cin\u00e9\" \/>\n<meta property=\"article:publisher\" content=\"https:\/\/www.facebook.com\/RepliqueMangaCine\" \/>\n<meta property=\"article:modified_time\" content=\"2025-09-23T16:02:35+00:00\" \/>\n<meta property=\"og:image\" content=\"https:\/\/repliquemangacine.fr\/wp-content\/uploads\/2023\/10\/3929-Baton-Black-Widow.jpg\" \/>\n\t<meta property=\"og:image:width\" content=\"800\" \/>\n\t<meta property=\"og:image:height\" content=\"800\" \/>\n\t<meta property=\"og:image:type\" content=\"image\/jpeg\" \/>\n<meta name=\"twitter:card\" content=\"summary_large_image\" \/>\n<meta name=\"twitter:label1\" content=\"Tempo di lettura stimato\" \/>\n\t<meta name=\"twitter:data1\" content=\"2 minuti\" \/>\n<script type=\"application\/ld+json\" class=\"yoast-schema-graph\">{\"@context\":\"https:\\\/\\\/schema.org\",\"@graph\":[{\"@type\":\"WebPage\",\"@id\":\"https:\\\/\\\/repliquemangacine.fr\\\/super-heros-marvel\\\/batons-black-widow-violet\\\/\",\"url\":\"https:\\\/\\\/repliquemangacine.fr\\\/super-heros-marvel\\\/batons-black-widow-violet\\\/\",\"name\":\"B\u00e2tons Black Widow - Boutique de Produits d\u00e9riv\u00e9s Marvel - RMC\",\"isPartOf\":{\"@id\":\"https:\\\/\\\/repliquemangacine.fr\\\/#website\"},\"primaryImageOfPage\":{\"@id\":\"https:\\\/\\\/repliquemangacine.fr\\\/super-heros-marvel\\\/batons-black-widow-violet\\\/#primaryimage\"},\"image\":{\"@id\":\"https:\\\/\\\/repliquemangacine.fr\\\/super-heros-marvel\\\/batons-black-widow-violet\\\/#primaryimage\"},\"thumbnailUrl\":\"https:\\\/\\\/repliquemangacine.fr\\\/wp-content\\\/uploads\\\/2023\\\/10\\\/3929-Baton-Black-Widow.jpg\",\"datePublished\":\"2021-01-06T13:09:20+00:00\",\"dateModified\":\"2025-09-23T16:02:35+00:00\",\"description\":\"Commandez vite\u202f! les B\u00e2tons Black Widow Violet au meilleur prix. En ABS et m\u00e9tal - Lumineux par leds - Longueur chacun : 65 cm - Rassembl\u00e9s : 130 cm\",\"breadcrumb\":{\"@id\":\"https:\\\/\\\/repliquemangacine.fr\\\/super-heros-marvel\\\/batons-black-widow-violet\\\/#breadcrumb\"},\"inLanguage\":\"it-IT\",\"potentialAction\":[{\"@type\":\"ReadAction\",\"target\":[\"https:\\\/\\\/repliquemangacine.fr\\\/super-heros-marvel\\\/batons-black-widow-violet\\\/\"]}]},{\"@type\":\"ImageObject\",\"inLanguage\":\"it-IT\",\"@id\":\"https:\\\/\\\/repliquemangacine.fr\\\/super-heros-marvel\\\/batons-black-widow-violet\\\/#primaryimage\",\"url\":\"https:\\\/\\\/repliquemangacine.fr\\\/wp-content\\\/uploads\\\/2023\\\/10\\\/3929-Baton-Black-Widow.jpg\",\"contentUrl\":\"https:\\\/\\\/repliquemangacine.fr\\\/wp-content\\\/uploads\\\/2023\\\/10\\\/3929-Baton-Black-Widow.jpg\",\"width\":800,\"height\":800,\"caption\":\"Baton Black Widow\"},{\"@type\":\"BreadcrumbList\",\"@id\":\"https:\\\/\\\/repliquemangacine.fr\\\/super-heros-marvel\\\/batons-black-widow-violet\\\/#breadcrumb\",\"itemListElement\":[{\"@type\":\"ListItem\",\"position\":1,\"name\":\"Accueil\",\"item\":\"https:\\\/\\\/repliquemangacine.fr\\\/\"},{\"@type\":\"ListItem\",\"position\":2,\"name\":\"Produits\",\"item\":\"https:\\\/\\\/repliquemangacine.fr\\\/boutique\\\/\"},{\"@type\":\"ListItem\",\"position\":3,\"name\":\"B\u00e2tons Black Widow Violet\"}]},{\"@type\":\"WebSite\",\"@id\":\"https:\\\/\\\/repliquemangacine.fr\\\/#website\",\"url\":\"https:\\\/\\\/repliquemangacine.fr\\\/\",\"name\":\"R\u00e9plique Manga Cin\u00e9\",\"description\":\"\",\"publisher\":{\"@id\":\"https:\\\/\\\/repliquemangacine.fr\\\/#organization\"},\"potentialAction\":[{\"@type\":\"SearchAction\",\"target\":{\"@type\":\"EntryPoint\",\"urlTemplate\":\"https:\\\/\\\/repliquemangacine.fr\\\/?s={search_term_string}\"},\"query-input\":{\"@type\":\"PropertyValueSpecification\",\"valueRequired\":true,\"valueName\":\"search_term_string\"}}],\"inLanguage\":\"it-IT\"},{\"@type\":\"Organization\",\"@id\":\"https:\\\/\\\/repliquemangacine.fr\\\/#organization\",\"name\":\"R\u00e9plique Manga Cin\u00e9\",\"url\":\"https:\\\/\\\/repliquemangacine.fr\\\/\",\"logo\":{\"@type\":\"ImageObject\",\"inLanguage\":\"it-IT\",\"@id\":\"https:\\\/\\\/repliquemangacine.fr\\\/#\\\/schema\\\/logo\\\/image\\\/\",\"url\":\"https:\\\/\\\/repliquemangacine.fr\\\/wp-content\\\/uploads\\\/2023\\\/10\\\/RMC-500250.png\",\"contentUrl\":\"https:\\\/\\\/repliquemangacine.fr\\\/wp-content\\\/uploads\\\/2023\\\/10\\\/RMC-500250.png\",\"width\":500,\"height\":250,\"caption\":\"R\u00e9plique Manga Cin\u00e9\"},\"image\":{\"@id\":\"https:\\\/\\\/repliquemangacine.fr\\\/#\\\/schema\\\/logo\\\/image\\\/\"},\"sameAs\":[\"https:\\\/\\\/www.facebook.com\\\/RepliqueMangaCine\",\"https:\\\/\\\/www.instagram.com\\\/repliquemangacine.fr\\\/\"]}]}<\/script>\n<!-- \/ Yoast SEO plugin. -->","yoast_head_json":{"title":"Bastoni della Vedova Nera - Marvel Merchandising Shop - RMC","description":"Ordina ora i bastoncini viola Black Widow al miglior prezzo. In ABS e metallo - Illuminati da LED - Lunghezza ciascuno: 65 cm - Assemblati: 130 cm","robots":{"index":"index","follow":"follow","max-snippet":"max-snippet:-1","max-image-preview":"max-image-preview:large","max-video-preview":"max-video-preview:-1"},"canonical":"https:\/\/repliquemangacine.fr\/it\/supereroi-marvel\/bastoncini-viola-vedova-nera\/","og_locale":"it_IT","og_type":"article","og_title":"B\u00e2tons Black Widow - Boutique de Produits d\u00e9riv\u00e9s Marvel - RMC","og_description":"Commandez vite\u202f! les B\u00e2tons Black Widow Violet au meilleur prix. En ABS et m\u00e9tal - Lumineux par leds - Longueur chacun : 65 cm - Rassembl\u00e9s : 130 cm","og_url":"https:\/\/repliquemangacine.fr\/it\/supereroi-marvel\/bastoncini-viola-vedova-nera\/","og_site_name":"R\u00e9plique Manga Cin\u00e9","article_publisher":"https:\/\/www.facebook.com\/RepliqueMangaCine","article_modified_time":"2025-09-23T16:02:35+00:00","og_image":[{"width":800,"height":800,"url":"https:\/\/repliquemangacine.fr\/wp-content\/uploads\/2023\/10\/3929-Baton-Black-Widow.jpg","type":"image\/jpeg"}],"twitter_card":"summary_large_image","twitter_misc":{"Tempo di lettura stimato":"2 minuti"},"schema":{"@context":"https:\/\/schema.org","@graph":[{"@type":"WebPage","@id":"https:\/\/repliquemangacine.fr\/super-heros-marvel\/batons-black-widow-violet\/","url":"https:\/\/repliquemangacine.fr\/super-heros-marvel\/batons-black-widow-violet\/","name":"Bastoni della Vedova Nera - Marvel Merchandising Shop - RMC","isPartOf":{"@id":"https:\/\/repliquemangacine.fr\/#website"},"primaryImageOfPage":{"@id":"https:\/\/repliquemangacine.fr\/super-heros-marvel\/batons-black-widow-violet\/#primaryimage"},"image":{"@id":"https:\/\/repliquemangacine.fr\/super-heros-marvel\/batons-black-widow-violet\/#primaryimage"},"thumbnailUrl":"https:\/\/repliquemangacine.fr\/wp-content\/uploads\/2023\/10\/3929-Baton-Black-Widow.jpg","datePublished":"2021-01-06T13:09:20+00:00","dateModified":"2025-09-23T16:02:35+00:00","description":"Ordina ora i bastoncini viola Black Widow al miglior prezzo. In ABS e metallo - Illuminati da LED - Lunghezza ciascuno: 65 cm - Assemblati: 130 cm","breadcrumb":{"@id":"https:\/\/repliquemangacine.fr\/super-heros-marvel\/batons-black-widow-violet\/#breadcrumb"},"inLanguage":"it-IT","potentialAction":[{"@type":"ReadAction","target":["https:\/\/repliquemangacine.fr\/super-heros-marvel\/batons-black-widow-violet\/"]}]},{"@type":"ImageObject","inLanguage":"it-IT","@id":"https:\/\/repliquemangacine.fr\/super-heros-marvel\/batons-black-widow-violet\/#primaryimage","url":"https:\/\/repliquemangacine.fr\/wp-content\/uploads\/2023\/10\/3929-Baton-Black-Widow.jpg","contentUrl":"https:\/\/repliquemangacine.fr\/wp-content\/uploads\/2023\/10\/3929-Baton-Black-Widow.jpg","width":800,"height":800,"caption":"Baton Black Widow"},{"@type":"BreadcrumbList","@id":"https:\/\/repliquemangacine.fr\/super-heros-marvel\/batons-black-widow-violet\/#breadcrumb","itemListElement":[{"@type":"ListItem","position":1,"name":"Accueil","item":"https:\/\/repliquemangacine.fr\/"},{"@type":"ListItem","position":2,"name":"Produits","item":"https:\/\/repliquemangacine.fr\/boutique\/"},{"@type":"ListItem","position":3,"name":"B\u00e2tons Black Widow Violet"}]},{"@type":"WebSite","@id":"https:\/\/repliquemangacine.fr\/#website","url":"https:\/\/repliquemangacine.fr\/","name":"R\u00e9plique Manga Cin\u00e9","description":"","publisher":{"@id":"https:\/\/repliquemangacine.fr\/#organization"},"potentialAction":[{"@type":"SearchAction","target":{"@type":"EntryPoint","urlTemplate":"https:\/\/repliquemangacine.fr\/?s={search_term_string}"},"query-input":{"@type":"PropertyValueSpecification","valueRequired":true,"valueName":"search_term_string"}}],"inLanguage":"it-IT"},{"@type":"Organization","@id":"https:\/\/repliquemangacine.fr\/#organization","name":"R\u00e9plique Manga Cin\u00e9","url":"https:\/\/repliquemangacine.fr\/","logo":{"@type":"ImageObject","inLanguage":"it-IT","@id":"https:\/\/repliquemangacine.fr\/#\/schema\/logo\/image\/","url":"https:\/\/repliquemangacine.fr\/wp-content\/uploads\/2023\/10\/RMC-500250.png","contentUrl":"https:\/\/repliquemangacine.fr\/wp-content\/uploads\/2023\/10\/RMC-500250.png","width":500,"height":250,"caption":"R\u00e9plique Manga Cin\u00e9"},"image":{"@id":"https:\/\/repliquemangacine.fr\/#\/schema\/logo\/image\/"},"sameAs":["https:\/\/www.facebook.com\/RepliqueMangaCine","https:\/\/www.instagram.com\/repliquemangacine.fr\/"]}]}},"_links":{"self":[{"href":"https:\/\/repliquemangacine.fr\/it\/wp-json\/wp\/v2\/product\/29247","targetHints":{"allow":["GET"]}}],"collection":[{"href":"https:\/\/repliquemangacine.fr\/it\/wp-json\/wp\/v2\/product"}],"about":[{"href":"https:\/\/repliquemangacine.fr\/it\/wp-json\/wp\/v2\/types\/product"}],"wp:featuredmedia":[{"embeddable":true,"href":"https:\/\/repliquemangacine.fr\/it\/wp-json\/wp\/v2\/media\/29248"}],"wp:attachment":[{"href":"https:\/\/repliquemangacine.fr\/it\/wp-json\/wp\/v2\/media?parent=29247"}],"wp:term":[{"taxonomy":"product_brand","embeddable":true,"href":"https:\/\/repliquemangacine.fr\/it\/wp-json\/wp\/v2\/product_brand?post=29247"},{"taxonomy":"product_cat","embeddable":true,"href":"https:\/\/repliquemangacine.fr\/it\/wp-json\/wp\/v2\/product_cat?post=29247"},{"taxonomy":"product_tag","embeddable":true,"href":"https:\/\/repliquemangacine.fr\/it\/wp-json\/wp\/v2\/product_tag?post=29247"}],"curies":[{"name":"wp","href":"https:\/\/api.w.org\/{rel}","templated":true}]}}