





{"id":29238,"date":"2020-12-30T14:42:23","date_gmt":"2020-12-30T13:42:23","guid":{"rendered":"https:\/\/repliquemangacine.fr\/?post_type=product&#038;p=29238"},"modified":"2025-12-21T22:15:06","modified_gmt":"2025-12-21T21:15:06","slug":"spada-dello-stregone-geralt-de-riv-the-witcher-stagione-2","status":"publish","type":"product","link":"https:\/\/repliquemangacine.fr\/it\/epee-the-witcher\/epee-sorceleur-geralt-de-riv-the-witcher-saison-2\/","title":{"rendered":"Spada dello stregone Geralt de Riv The Witcher"},"content":{"rendered":"<h2>La spada dello stregone Geralt de Riv The Witcher.<\/h2>\n<p>Per cominciare, il<strong>La spada dello stregone Geralt de riv<\/strong> in The Witcher \u00e8 la spada principale di Geralt nella seconda stagione della serie Netflix.<\/p>\n<p><a href=\"https:\/\/witcher-archive.fandom.com\/fr\/wiki\/The_Witcher_(s\u00e9rie)\" target=\"_blank\" rel=\"noopener noreferrer\">Il cacciatore<\/a>, una serie TV creata da Lauren Schmidt Hissrich, in onda su Netflix dal 20 dicembre 2019. Basata sulla serie Witcher di Andrzej Sapkowski, che sar\u00e0 lui stesso consulente creativo della serie.<\/p>\n<p>Lo stregone Geralt, un cacciatore di mostri mutanti, lotta per trovare il suo posto in un mondo in cui gli umani spesso si dimostrano pi\u00f9 feroci delle bestie.<\/p>\n<p>Il 25 settembre 2021 la serie \u00e8 stata rinnovata per una terza stagione. Nel 2022 \u00e8 stato annunciato che Henry Cavill avrebbe lasciato la produzione di The Witcher alla fine di questa stagione e che Liam Hemsworth avrebbe ripreso il ruolo di Geralt di Riv dalla quarta stagione.<\/p>\n<h2>Il tuo Geralt de Riv Sorcerer's Sword al miglior prezzo<\/h2>\n<p>Ecco tutte le battute della serie Netlix The Witcher e del videogioco The Witcher3.<\/p>\n<p>Innanzitutto,<\/p>\n<ul>\n<li>L'<a href=\"https:\/\/repliquemangacine.fr\/it\/spada-il-cacciatore\/spada-lupo-gemello-geralt-de-riv-the-witcher-3-con-il-suo-medaglione-come-un-dono\/\">Spada Twin Wolf<\/a> utilizzato per uccidere i mostri.<\/li>\n<li>Cos\u00ec come il <a href=\"https:\/\/repliquemangacine.fr\/it\/spada-il-cacciatore\/medaillon-the-witcher\/\">Medaglione The Witcher<\/a> che Geralt indossa.<\/li>\n<li>E molti altri da scoprire nel nostro negozio online!<\/li>\n<\/ul>\n<p>Ecco quindi alcune ottime idee regalo per i fan di The Witcher<\/p>\n<p>In conclusione, \u00e8 possibile utilizzare questo <strong>Spada dello stregone Geralt di Riv<\/strong> Spada di The Witcher per le vostre sfilate cosplay o feste a tema. Ma soprattutto, questa spada di The Witcher \u00e8 un oggetto da collezione e una grande decorazione.<\/p>\n<p>R\u00e9plique Manga Cin\u00e9 \u00e8 una societ\u00e0 francese<\/p>\n<h2>Come faccio a mantenere la lama della mia spada The Witcher?<\/h2>\n<p>Le spade da collezione e decorative sono realizzate e assemblate in modo semplificato. Poich\u00e9 il loro uso \u00e8 decorativo, non hanno le caratteristiche di sicurezza richieste per una spada giapponese destinata all'allenamento.<\/p>\n<p>Tuttavia, il vostro <strong>Spada dello stregone Geralt di Riv<\/strong> a una lama d'acciaio che deve essere curata per evitare che si danneggi nel tempo. Quando si espone la katana, gli amici saranno curiosi di vedere la lama e di toccarla. \u00c8 qui che bisogna fare attenzione, perch\u00e9 l'acidit\u00e0 delle dita \u00e8 molto dannosa per l'acciaio, indipendentemente dalla sua qualit\u00e0.<\/p>\n<p>Tuttavia, se ci\u00f2 dovesse accadere, niente panico: basta un panno inumidito con un po' d'olio per eliminare le impronte. In questo modo, la spada durer\u00e0 a lungo.<\/p>","protected":false},"excerpt":{"rendered":"<p>Replica della spada di Gerald di Riv nella seconda stagione della serie Netflix The Witcher.<\/p>\n<ul>\n<li>Lama in acciaio 440 con scanalatura e incisione.<\/li>\n<li>Protezione in acciaio decorato.<\/li>\n<li>Impugnatura in ABS stampato.<\/li>\n<li>Pomello decorato in acciaio massiccio.<\/li>\n<li>Fodero in pelle nera.<\/li>\n<li>Lunghezza lama: 81 cm - Lunghezza totale: 119 cm<\/li>\n<\/ul>\n<p>&nbsp;<\/p>","protected":false},"featured_media":29239,"template":"","meta":[],"product_brand":[896],"product_cat":[23,58],"product_tag":[],"class_list":{"0":"post-29238","1":"product","2":"type-product","3":"status-publish","4":"has-post-thumbnail","6":"product_brand-replique-manga-cine","7":"product_cat-repliques-manga-jeux-video","8":"product_cat-epee-the-witcher","10":"first","11":"instock","12":"taxable","13":"shipping-taxable","14":"purchasable","15":"product-type-simple"},"yoast_head":"<!-- This site is optimized with the Yoast SEO plugin v27.4 - https:\/\/yoast.com\/product\/yoast-seo-wordpress\/ -->\n<title>Ep\u00e9e Sorceleur Geralt de Riv - The Witcher - Vente en ligne | RMC<\/title>\n<meta name=\"description\" content=\"D\u00e9couvrez la nouvelle Ep\u00e9e Sorceleur Geralt de Riv dans The Witcher saison 2 au meilleur prix - Lame acier - Echelle 1\/1 - Longueur 119 cm - Envoi 24\/48h\" \/>\n<meta name=\"robots\" content=\"index, follow, max-snippet:-1, max-image-preview:large, max-video-preview:-1\" \/>\n<link rel=\"canonical\" href=\"https:\/\/repliquemangacine.fr\/it\/spada-il-cacciatore\/spada-dello-stregone-geralt-de-riv-the-witcher-stagione-2\/\" \/>\n<meta property=\"og:locale\" content=\"it_IT\" \/>\n<meta property=\"og:type\" content=\"article\" \/>\n<meta property=\"og:title\" content=\"Ep\u00e9e Sorceleur Geralt de Riv - The Witcher - Vente en ligne | RMC\" \/>\n<meta property=\"og:description\" content=\"D\u00e9couvrez la nouvelle Ep\u00e9e Sorceleur Geralt de Riv dans The Witcher saison 2 au meilleur prix - Lame acier - Echelle 1\/1 - Longueur 119 cm - Envoi 24\/48h\" \/>\n<meta property=\"og:url\" content=\"https:\/\/repliquemangacine.fr\/it\/spada-il-cacciatore\/spada-dello-stregone-geralt-de-riv-the-witcher-stagione-2\/\" \/>\n<meta property=\"og:site_name\" content=\"R\u00e9plique Manga Cin\u00e9\" \/>\n<meta property=\"article:publisher\" content=\"https:\/\/www.facebook.com\/RepliqueMangaCine\" \/>\n<meta property=\"article:modified_time\" content=\"2025-12-21T21:15:06+00:00\" \/>\n<meta property=\"og:image\" content=\"https:\/\/repliquemangacine.fr\/wp-content\/uploads\/2023\/10\/3918-epee-the-witchergarde.jpg\" \/>\n\t<meta property=\"og:image:width\" content=\"800\" \/>\n\t<meta property=\"og:image:height\" content=\"800\" \/>\n\t<meta property=\"og:image:type\" content=\"image\/jpeg\" \/>\n<meta name=\"twitter:card\" content=\"summary_large_image\" \/>\n<meta name=\"twitter:label1\" content=\"Tempo di lettura stimato\" \/>\n\t<meta name=\"twitter:data1\" content=\"1 minuto\" \/>\n<script type=\"application\/ld+json\" class=\"yoast-schema-graph\">{\"@context\":\"https:\\\/\\\/schema.org\",\"@graph\":[{\"@type\":\"WebPage\",\"@id\":\"https:\\\/\\\/repliquemangacine.fr\\\/epee-the-witcher\\\/epee-sorceleur-geralt-de-riv-the-witcher-saison-2\\\/\",\"url\":\"https:\\\/\\\/repliquemangacine.fr\\\/epee-the-witcher\\\/epee-sorceleur-geralt-de-riv-the-witcher-saison-2\\\/\",\"name\":\"Ep\u00e9e Sorceleur Geralt de Riv - The Witcher - Vente en ligne | RMC\",\"isPartOf\":{\"@id\":\"https:\\\/\\\/repliquemangacine.fr\\\/#website\"},\"primaryImageOfPage\":{\"@id\":\"https:\\\/\\\/repliquemangacine.fr\\\/epee-the-witcher\\\/epee-sorceleur-geralt-de-riv-the-witcher-saison-2\\\/#primaryimage\"},\"image\":{\"@id\":\"https:\\\/\\\/repliquemangacine.fr\\\/epee-the-witcher\\\/epee-sorceleur-geralt-de-riv-the-witcher-saison-2\\\/#primaryimage\"},\"thumbnailUrl\":\"https:\\\/\\\/repliquemangacine.fr\\\/wp-content\\\/uploads\\\/2023\\\/10\\\/3918-epee-the-witchergarde.jpg\",\"datePublished\":\"2020-12-30T13:42:23+00:00\",\"dateModified\":\"2025-12-21T21:15:06+00:00\",\"description\":\"D\u00e9couvrez la nouvelle Ep\u00e9e Sorceleur Geralt de Riv dans The Witcher saison 2 au meilleur prix - Lame acier - Echelle 1\\\/1 - Longueur 119 cm - Envoi 24\\\/48h\",\"breadcrumb\":{\"@id\":\"https:\\\/\\\/repliquemangacine.fr\\\/epee-the-witcher\\\/epee-sorceleur-geralt-de-riv-the-witcher-saison-2\\\/#breadcrumb\"},\"inLanguage\":\"it-IT\",\"potentialAction\":[{\"@type\":\"ReadAction\",\"target\":[\"https:\\\/\\\/repliquemangacine.fr\\\/epee-the-witcher\\\/epee-sorceleur-geralt-de-riv-the-witcher-saison-2\\\/\"]}]},{\"@type\":\"ImageObject\",\"inLanguage\":\"it-IT\",\"@id\":\"https:\\\/\\\/repliquemangacine.fr\\\/epee-the-witcher\\\/epee-sorceleur-geralt-de-riv-the-witcher-saison-2\\\/#primaryimage\",\"url\":\"https:\\\/\\\/repliquemangacine.fr\\\/wp-content\\\/uploads\\\/2023\\\/10\\\/3918-epee-the-witchergarde.jpg\",\"contentUrl\":\"https:\\\/\\\/repliquemangacine.fr\\\/wp-content\\\/uploads\\\/2023\\\/10\\\/3918-epee-the-witchergarde.jpg\",\"width\":800,\"height\":800,\"caption\":\"Ep\u00e9e Sorceleur The Witcher s2\"},{\"@type\":\"BreadcrumbList\",\"@id\":\"https:\\\/\\\/repliquemangacine.fr\\\/epee-the-witcher\\\/epee-sorceleur-geralt-de-riv-the-witcher-saison-2\\\/#breadcrumb\",\"itemListElement\":[{\"@type\":\"ListItem\",\"position\":1,\"name\":\"Accueil\",\"item\":\"https:\\\/\\\/repliquemangacine.fr\\\/\"},{\"@type\":\"ListItem\",\"position\":2,\"name\":\"Produits\",\"item\":\"https:\\\/\\\/repliquemangacine.fr\\\/boutique\\\/\"},{\"@type\":\"ListItem\",\"position\":3,\"name\":\"Ep\u00e9e Sorceleur Geralt de Riv The Witcher\"}]},{\"@type\":\"WebSite\",\"@id\":\"https:\\\/\\\/repliquemangacine.fr\\\/#website\",\"url\":\"https:\\\/\\\/repliquemangacine.fr\\\/\",\"name\":\"R\u00e9plique Manga Cin\u00e9\",\"description\":\"\",\"publisher\":{\"@id\":\"https:\\\/\\\/repliquemangacine.fr\\\/#organization\"},\"potentialAction\":[{\"@type\":\"SearchAction\",\"target\":{\"@type\":\"EntryPoint\",\"urlTemplate\":\"https:\\\/\\\/repliquemangacine.fr\\\/?s={search_term_string}\"},\"query-input\":{\"@type\":\"PropertyValueSpecification\",\"valueRequired\":true,\"valueName\":\"search_term_string\"}}],\"inLanguage\":\"it-IT\"},{\"@type\":\"Organization\",\"@id\":\"https:\\\/\\\/repliquemangacine.fr\\\/#organization\",\"name\":\"R\u00e9plique Manga Cin\u00e9\",\"url\":\"https:\\\/\\\/repliquemangacine.fr\\\/\",\"logo\":{\"@type\":\"ImageObject\",\"inLanguage\":\"it-IT\",\"@id\":\"https:\\\/\\\/repliquemangacine.fr\\\/#\\\/schema\\\/logo\\\/image\\\/\",\"url\":\"https:\\\/\\\/repliquemangacine.fr\\\/wp-content\\\/uploads\\\/2023\\\/10\\\/RMC-500250.png\",\"contentUrl\":\"https:\\\/\\\/repliquemangacine.fr\\\/wp-content\\\/uploads\\\/2023\\\/10\\\/RMC-500250.png\",\"width\":500,\"height\":250,\"caption\":\"R\u00e9plique Manga Cin\u00e9\"},\"image\":{\"@id\":\"https:\\\/\\\/repliquemangacine.fr\\\/#\\\/schema\\\/logo\\\/image\\\/\"},\"sameAs\":[\"https:\\\/\\\/www.facebook.com\\\/RepliqueMangaCine\",\"https:\\\/\\\/www.instagram.com\\\/repliquemangacine.fr\\\/\"]}]}<\/script>\n<!-- \/ Yoast SEO plugin. -->","yoast_head_json":{"title":"Spada dello stregone Geralt di Riv - The Witcher - Vendita online | RMC","description":"Scopri la nuova Spada dello Stregone Geralt de Riv in The Witcher stagione 2 al miglior prezzo - Lama in acciaio - Scala 1\/1 - Lunghezza 119 cm - Spedizione 24\/48h","robots":{"index":"index","follow":"follow","max-snippet":"max-snippet:-1","max-image-preview":"max-image-preview:large","max-video-preview":"max-video-preview:-1"},"canonical":"https:\/\/repliquemangacine.fr\/it\/spada-il-cacciatore\/spada-dello-stregone-geralt-de-riv-the-witcher-stagione-2\/","og_locale":"it_IT","og_type":"article","og_title":"Ep\u00e9e Sorceleur Geralt de Riv - The Witcher - Vente en ligne | RMC","og_description":"D\u00e9couvrez la nouvelle Ep\u00e9e Sorceleur Geralt de Riv dans The Witcher saison 2 au meilleur prix - Lame acier - Echelle 1\/1 - Longueur 119 cm - Envoi 24\/48h","og_url":"https:\/\/repliquemangacine.fr\/it\/spada-il-cacciatore\/spada-dello-stregone-geralt-de-riv-the-witcher-stagione-2\/","og_site_name":"R\u00e9plique Manga Cin\u00e9","article_publisher":"https:\/\/www.facebook.com\/RepliqueMangaCine","article_modified_time":"2025-12-21T21:15:06+00:00","og_image":[{"width":800,"height":800,"url":"https:\/\/repliquemangacine.fr\/wp-content\/uploads\/2023\/10\/3918-epee-the-witchergarde.jpg","type":"image\/jpeg"}],"twitter_card":"summary_large_image","twitter_misc":{"Tempo di lettura stimato":"1 minuto"},"schema":{"@context":"https:\/\/schema.org","@graph":[{"@type":"WebPage","@id":"https:\/\/repliquemangacine.fr\/epee-the-witcher\/epee-sorceleur-geralt-de-riv-the-witcher-saison-2\/","url":"https:\/\/repliquemangacine.fr\/epee-the-witcher\/epee-sorceleur-geralt-de-riv-the-witcher-saison-2\/","name":"Spada dello stregone Geralt di Riv - The Witcher - Vendita online | RMC","isPartOf":{"@id":"https:\/\/repliquemangacine.fr\/#website"},"primaryImageOfPage":{"@id":"https:\/\/repliquemangacine.fr\/epee-the-witcher\/epee-sorceleur-geralt-de-riv-the-witcher-saison-2\/#primaryimage"},"image":{"@id":"https:\/\/repliquemangacine.fr\/epee-the-witcher\/epee-sorceleur-geralt-de-riv-the-witcher-saison-2\/#primaryimage"},"thumbnailUrl":"https:\/\/repliquemangacine.fr\/wp-content\/uploads\/2023\/10\/3918-epee-the-witchergarde.jpg","datePublished":"2020-12-30T13:42:23+00:00","dateModified":"2025-12-21T21:15:06+00:00","description":"Scopri la nuova Spada dello Stregone Geralt de Riv in The Witcher stagione 2 al miglior prezzo - Lama in acciaio - Scala 1\/1 - Lunghezza 119 cm - Spedizione 24\/48h","breadcrumb":{"@id":"https:\/\/repliquemangacine.fr\/epee-the-witcher\/epee-sorceleur-geralt-de-riv-the-witcher-saison-2\/#breadcrumb"},"inLanguage":"it-IT","potentialAction":[{"@type":"ReadAction","target":["https:\/\/repliquemangacine.fr\/epee-the-witcher\/epee-sorceleur-geralt-de-riv-the-witcher-saison-2\/"]}]},{"@type":"ImageObject","inLanguage":"it-IT","@id":"https:\/\/repliquemangacine.fr\/epee-the-witcher\/epee-sorceleur-geralt-de-riv-the-witcher-saison-2\/#primaryimage","url":"https:\/\/repliquemangacine.fr\/wp-content\/uploads\/2023\/10\/3918-epee-the-witchergarde.jpg","contentUrl":"https:\/\/repliquemangacine.fr\/wp-content\/uploads\/2023\/10\/3918-epee-the-witchergarde.jpg","width":800,"height":800,"caption":"Ep\u00e9e Sorceleur The Witcher s2"},{"@type":"BreadcrumbList","@id":"https:\/\/repliquemangacine.fr\/epee-the-witcher\/epee-sorceleur-geralt-de-riv-the-witcher-saison-2\/#breadcrumb","itemListElement":[{"@type":"ListItem","position":1,"name":"Accueil","item":"https:\/\/repliquemangacine.fr\/"},{"@type":"ListItem","position":2,"name":"Produits","item":"https:\/\/repliquemangacine.fr\/boutique\/"},{"@type":"ListItem","position":3,"name":"Ep\u00e9e Sorceleur Geralt de Riv The Witcher"}]},{"@type":"WebSite","@id":"https:\/\/repliquemangacine.fr\/#website","url":"https:\/\/repliquemangacine.fr\/","name":"R\u00e9plique Manga Cin\u00e9","description":"","publisher":{"@id":"https:\/\/repliquemangacine.fr\/#organization"},"potentialAction":[{"@type":"SearchAction","target":{"@type":"EntryPoint","urlTemplate":"https:\/\/repliquemangacine.fr\/?s={search_term_string}"},"query-input":{"@type":"PropertyValueSpecification","valueRequired":true,"valueName":"search_term_string"}}],"inLanguage":"it-IT"},{"@type":"Organization","@id":"https:\/\/repliquemangacine.fr\/#organization","name":"R\u00e9plique Manga Cin\u00e9","url":"https:\/\/repliquemangacine.fr\/","logo":{"@type":"ImageObject","inLanguage":"it-IT","@id":"https:\/\/repliquemangacine.fr\/#\/schema\/logo\/image\/","url":"https:\/\/repliquemangacine.fr\/wp-content\/uploads\/2023\/10\/RMC-500250.png","contentUrl":"https:\/\/repliquemangacine.fr\/wp-content\/uploads\/2023\/10\/RMC-500250.png","width":500,"height":250,"caption":"R\u00e9plique Manga Cin\u00e9"},"image":{"@id":"https:\/\/repliquemangacine.fr\/#\/schema\/logo\/image\/"},"sameAs":["https:\/\/www.facebook.com\/RepliqueMangaCine","https:\/\/www.instagram.com\/repliquemangacine.fr\/"]}]}},"_links":{"self":[{"href":"https:\/\/repliquemangacine.fr\/it\/wp-json\/wp\/v2\/product\/29238","targetHints":{"allow":["GET"]}}],"collection":[{"href":"https:\/\/repliquemangacine.fr\/it\/wp-json\/wp\/v2\/product"}],"about":[{"href":"https:\/\/repliquemangacine.fr\/it\/wp-json\/wp\/v2\/types\/product"}],"wp:featuredmedia":[{"embeddable":true,"href":"https:\/\/repliquemangacine.fr\/it\/wp-json\/wp\/v2\/media\/29239"}],"wp:attachment":[{"href":"https:\/\/repliquemangacine.fr\/it\/wp-json\/wp\/v2\/media?parent=29238"}],"wp:term":[{"taxonomy":"product_brand","embeddable":true,"href":"https:\/\/repliquemangacine.fr\/it\/wp-json\/wp\/v2\/product_brand?post=29238"},{"taxonomy":"product_cat","embeddable":true,"href":"https:\/\/repliquemangacine.fr\/it\/wp-json\/wp\/v2\/product_cat?post=29238"},{"taxonomy":"product_tag","embeddable":true,"href":"https:\/\/repliquemangacine.fr\/it\/wp-json\/wp\/v2\/product_tag?post=29238"}],"curies":[{"name":"wp","href":"https:\/\/api.w.org\/{rel}","templated":true}]}}