





{"id":29227,"date":"2020-11-15T15:25:13","date_gmt":"2020-11-15T14:25:13","guid":{"rendered":"https:\/\/repliquemangacine.fr\/?post_type=product&#038;p=29227"},"modified":"2026-02-01T18:52:39","modified_gmt":"2026-02-01T17:52:39","slug":"doppio-zangetsu-ichigo-bleach-zanpakuto","status":"publish","type":"product","link":"https:\/\/repliquemangacine.fr\/it\/katana-bleach\/double-zangetsu-ichigo-bleach-zanpakuto\/","title":{"rendered":"Doppio Zangetsu Ichigo Bleach"},"content":{"rendered":"<h2>Doppio Zanpakuto Zangetsu Ichigo Bleach<\/h2>\n<p>Per cominciare, il <strong>Doppio Zanpakuto Zangetsu Ichigo<\/strong> in Bleach \u00e8 la sua zanpakuto liberata. Sotto forma di due spade, una che rappresenta i suoi poteri Hollow attraverso il Bianco creato da Aizen e l'altra che rappresenta i suoi poteri Quincy attinti dalla mente di Yhwach, le tiene ancora sotto costante rilascio.<\/p>\n<p><a href=\"https:\/\/bleach.fandom.com\/fr\/wiki\/Ichigo_Kurosaki#Zanpakut\u014d\" target=\"_blank\" rel=\"noopener noreferrer\">Ichigo Kurosaki<\/a> \u00e8 un umano con l'eccezionale capacit\u00e0 di distinguere i fantasmi. La sua vita viene stravolta quando incontra Rukia Kuchiki, che gli conferisce i suoi poteri di Shinigami per salvare la sua famiglia da un Hollow. \u00c8 il protagonista principale del manga Bleach.<\/p>\n<p>Ichigo \u00e8 un combattente molto potente, anche in forma umana, dove pu\u00f2 intimidire senza problemi 4 o 5 teppisti, stendere 7 denti con un solo pugno o addirittura far volare un Arrancar con un calcio.<\/p>\n<h2>Il tuo doppio Zanpakuto Zangetsu Ichigo al miglior prezzo.<\/h2>\n<p>Offriamo un'ampia gamma di repliche del vostro anime manga preferito Bleach<\/p>\n<p>Innanzitutto,<\/p>\n<ul>\n<li>Le <a href=\"https:\/\/repliquemangacine.fr\/it\/katana-bleach\/katana-byakuya-senbonzakura-bleach\/\">Katana Byakuya Senbonzakura<\/a> versione con fodero bianco, guardia speciale.<\/li>\n<li>C'\u00e8 anche il <a href=\"https:\/\/repliquemangacine.fr\/it\/katana-bleach\/katana-sakanade-dhirako-shinji\/\">Katana Sakanade di Hirako Shinji<\/a>.<\/li>\n<li>Cos\u00ec come il <a href=\"https:\/\/repliquemangacine.fr\/it\/katana-bleach\/canne-benihime-kisuke-urahara-bleach\/\">Asta per spada Benihime<\/a> di Kisuk\u00e9 Urahara.<\/li>\n<li>E molti altri da scoprire nel nostro negozio online!<\/li>\n<\/ul>\n<p>Ecco quindi alcune ottime idee regalo per i fan del manga Bleach.<\/p>\n<p>In conclusione, \u00e8 meglio ordinare il <strong>Doppio Zanpakuto Zangetsu Ichigo<\/strong> Bleach per le vostre sfilate Cosplay. Ma soprattutto, questo Shikai \u00e8 un oggetto da collezione e una decorazione. Vendita vietata ai minori.<\/p>\n<h2>Come si mantiene la lama della katana di Bleach?<\/h2>\n<p>Le katane da collezione e decorative sono realizzate e assemblate in modo semplificato. Poich\u00e9 il loro uso \u00e8 decorativo, non hanno le caratteristiche di sicurezza richieste da una spada giapponese destinata all'allenamento.<\/p>\n<p>Tuttavia, il vostro <strong>Doppio Zanpakuto Zangetsu Ichigo<\/strong> a una lama d'acciaio che deve essere curata per evitare che si danneggi nel tempo. Quando si espone la katana, gli amici saranno curiosi di vedere la lama e di toccarla. \u00c8 qui che bisogna fare attenzione, perch\u00e9 l'acidit\u00e0 delle dita \u00e8 molto dannosa per l'acciaio, indipendentemente dalla sua qualit\u00e0.<\/p>\n<p>Tuttavia, se ci\u00f2 dovesse accadere, niente panico: basta un panno inumidito con un po' d'olio per eliminare le impronte. In questo modo, la spada durer\u00e0 a lungo.<\/p>","protected":false},"excerpt":{"rendered":"<p>Doppia Zanpakuto zangetsu ultima versione del pugnale + Shikai usato da Ichigo in Bleach.<\/p>\n<ul>\n<li>Lame larghe e preaffilate in acciaio 440.<\/li>\n<li>Manici rivestiti di treccia di cotone nero.<\/li>\n<li>Forniti con i rispettivi foderi in similpelle nera.<\/li>\n<li>Lunghezza totale pugnale: 59 cm - Lunghezza totale spada: 103 cm<\/li>\n<\/ul>","protected":false},"featured_media":29228,"template":"","meta":[],"product_brand":[896],"product_cat":[30,23],"product_tag":[],"class_list":{"0":"post-29227","1":"product","2":"type-product","3":"status-publish","4":"has-post-thumbnail","6":"product_brand-replique-manga-cine","7":"product_cat-katana-bleach","8":"product_cat-repliques-manga-jeux-video","10":"first","11":"instock","12":"taxable","13":"shipping-taxable","14":"purchasable","15":"product-type-simple"},"yoast_head":"<!-- This site is optimized with the Yoast SEO plugin v27.4 - https:\/\/yoast.com\/product\/yoast-seo-wordpress\/ -->\n<title>Double Zanpakuto Zangetsu Ichigo - Bleach - Vente en ligne | RMC<\/title>\n<meta name=\"description\" content=\"Commandez vite ! Ce Double Zanpakuto Zangetsu Ichigo dans Bleach au meilleur prix. Lames acier - Longueur totale : 59cm et 103cm - Envoi 24\/48h\" \/>\n<meta name=\"robots\" content=\"index, follow, max-snippet:-1, max-image-preview:large, max-video-preview:-1\" \/>\n<link rel=\"canonical\" href=\"https:\/\/repliquemangacine.fr\/it\/katana-bleach\/doppio-zangetsu-ichigo-bleach-zanpakuto\/\" \/>\n<meta property=\"og:locale\" content=\"it_IT\" \/>\n<meta property=\"og:type\" content=\"article\" \/>\n<meta property=\"og:title\" content=\"Double Zanpakuto Zangetsu Ichigo - Bleach - Vente en ligne | RMC\" \/>\n<meta property=\"og:description\" content=\"Commandez vite ! Ce Double Zanpakuto Zangetsu Ichigo dans Bleach au meilleur prix. Lames acier - Longueur totale : 59cm et 103cm - Envoi 24\/48h\" \/>\n<meta property=\"og:url\" content=\"https:\/\/repliquemangacine.fr\/it\/katana-bleach\/doppio-zangetsu-ichigo-bleach-zanpakuto\/\" \/>\n<meta property=\"og:site_name\" content=\"R\u00e9plique Manga Cin\u00e9\" \/>\n<meta property=\"article:publisher\" content=\"https:\/\/www.facebook.com\/RepliqueMangaCine\" \/>\n<meta property=\"article:modified_time\" content=\"2026-02-01T17:52:39+00:00\" \/>\n<meta property=\"og:image\" content=\"https:\/\/repliquemangacine.fr\/wp-content\/uploads\/2023\/10\/3911-Double-Zanpakuto.jpg\" \/>\n\t<meta property=\"og:image:width\" content=\"800\" \/>\n\t<meta property=\"og:image:height\" content=\"800\" \/>\n\t<meta property=\"og:image:type\" content=\"image\/jpeg\" \/>\n<meta name=\"twitter:card\" content=\"summary_large_image\" \/>\n<meta name=\"twitter:label1\" content=\"Tempo di lettura stimato\" \/>\n\t<meta name=\"twitter:data1\" content=\"1 minuto\" \/>\n<script type=\"application\/ld+json\" class=\"yoast-schema-graph\">{\"@context\":\"https:\\\/\\\/schema.org\",\"@graph\":[{\"@type\":\"WebPage\",\"@id\":\"https:\\\/\\\/repliquemangacine.fr\\\/katana-bleach\\\/double-zangetsu-ichigo-bleach-zanpakuto\\\/\",\"url\":\"https:\\\/\\\/repliquemangacine.fr\\\/katana-bleach\\\/double-zangetsu-ichigo-bleach-zanpakuto\\\/\",\"name\":\"Double Zanpakuto Zangetsu Ichigo - Bleach - Vente en ligne | RMC\",\"isPartOf\":{\"@id\":\"https:\\\/\\\/repliquemangacine.fr\\\/#website\"},\"primaryImageOfPage\":{\"@id\":\"https:\\\/\\\/repliquemangacine.fr\\\/katana-bleach\\\/double-zangetsu-ichigo-bleach-zanpakuto\\\/#primaryimage\"},\"image\":{\"@id\":\"https:\\\/\\\/repliquemangacine.fr\\\/katana-bleach\\\/double-zangetsu-ichigo-bleach-zanpakuto\\\/#primaryimage\"},\"thumbnailUrl\":\"https:\\\/\\\/repliquemangacine.fr\\\/wp-content\\\/uploads\\\/2023\\\/10\\\/3911-Double-Zanpakuto.jpg\",\"datePublished\":\"2020-11-15T14:25:13+00:00\",\"dateModified\":\"2026-02-01T17:52:39+00:00\",\"description\":\"Commandez vite ! Ce Double Zanpakuto Zangetsu Ichigo dans Bleach au meilleur prix. Lames acier - Longueur totale : 59cm et 103cm - Envoi 24\\\/48h\",\"breadcrumb\":{\"@id\":\"https:\\\/\\\/repliquemangacine.fr\\\/katana-bleach\\\/double-zangetsu-ichigo-bleach-zanpakuto\\\/#breadcrumb\"},\"inLanguage\":\"it-IT\",\"potentialAction\":[{\"@type\":\"ReadAction\",\"target\":[\"https:\\\/\\\/repliquemangacine.fr\\\/katana-bleach\\\/double-zangetsu-ichigo-bleach-zanpakuto\\\/\"]}]},{\"@type\":\"ImageObject\",\"inLanguage\":\"it-IT\",\"@id\":\"https:\\\/\\\/repliquemangacine.fr\\\/katana-bleach\\\/double-zangetsu-ichigo-bleach-zanpakuto\\\/#primaryimage\",\"url\":\"https:\\\/\\\/repliquemangacine.fr\\\/wp-content\\\/uploads\\\/2023\\\/10\\\/3911-Double-Zanpakuto.jpg\",\"contentUrl\":\"https:\\\/\\\/repliquemangacine.fr\\\/wp-content\\\/uploads\\\/2023\\\/10\\\/3911-Double-Zanpakuto.jpg\",\"width\":800,\"height\":800,\"caption\":\"Double Zangetsu Ichigo Bleach\"},{\"@type\":\"BreadcrumbList\",\"@id\":\"https:\\\/\\\/repliquemangacine.fr\\\/katana-bleach\\\/double-zangetsu-ichigo-bleach-zanpakuto\\\/#breadcrumb\",\"itemListElement\":[{\"@type\":\"ListItem\",\"position\":1,\"name\":\"Accueil\",\"item\":\"https:\\\/\\\/repliquemangacine.fr\\\/\"},{\"@type\":\"ListItem\",\"position\":2,\"name\":\"Produits\",\"item\":\"https:\\\/\\\/repliquemangacine.fr\\\/boutique\\\/\"},{\"@type\":\"ListItem\",\"position\":3,\"name\":\"Double Zangetsu Ichigo Bleach\"}]},{\"@type\":\"WebSite\",\"@id\":\"https:\\\/\\\/repliquemangacine.fr\\\/#website\",\"url\":\"https:\\\/\\\/repliquemangacine.fr\\\/\",\"name\":\"R\u00e9plique Manga Cin\u00e9\",\"description\":\"\",\"publisher\":{\"@id\":\"https:\\\/\\\/repliquemangacine.fr\\\/#organization\"},\"potentialAction\":[{\"@type\":\"SearchAction\",\"target\":{\"@type\":\"EntryPoint\",\"urlTemplate\":\"https:\\\/\\\/repliquemangacine.fr\\\/?s={search_term_string}\"},\"query-input\":{\"@type\":\"PropertyValueSpecification\",\"valueRequired\":true,\"valueName\":\"search_term_string\"}}],\"inLanguage\":\"it-IT\"},{\"@type\":\"Organization\",\"@id\":\"https:\\\/\\\/repliquemangacine.fr\\\/#organization\",\"name\":\"R\u00e9plique Manga Cin\u00e9\",\"url\":\"https:\\\/\\\/repliquemangacine.fr\\\/\",\"logo\":{\"@type\":\"ImageObject\",\"inLanguage\":\"it-IT\",\"@id\":\"https:\\\/\\\/repliquemangacine.fr\\\/#\\\/schema\\\/logo\\\/image\\\/\",\"url\":\"https:\\\/\\\/repliquemangacine.fr\\\/wp-content\\\/uploads\\\/2023\\\/10\\\/RMC-500250.png\",\"contentUrl\":\"https:\\\/\\\/repliquemangacine.fr\\\/wp-content\\\/uploads\\\/2023\\\/10\\\/RMC-500250.png\",\"width\":500,\"height\":250,\"caption\":\"R\u00e9plique Manga Cin\u00e9\"},\"image\":{\"@id\":\"https:\\\/\\\/repliquemangacine.fr\\\/#\\\/schema\\\/logo\\\/image\\\/\"},\"sameAs\":[\"https:\\\/\\\/www.facebook.com\\\/RepliqueMangaCine\",\"https:\\\/\\\/www.instagram.com\\\/repliquemangacine.fr\\\/\"]}]}<\/script>\n<!-- \/ Yoast SEO plugin. -->","yoast_head_json":{"title":"Doppio Zanpakuto Zangetsu Ichigo - Bleach - Vendita online | RMC","description":"Ordina ora! Questa doppia Zanpakuto Zangetsu Ichigo in Bleach al miglior prezzo. Lame in acciaio - Lunghezza totale: 59cm e 103cm - Spedizione 24\/48h","robots":{"index":"index","follow":"follow","max-snippet":"max-snippet:-1","max-image-preview":"max-image-preview:large","max-video-preview":"max-video-preview:-1"},"canonical":"https:\/\/repliquemangacine.fr\/it\/katana-bleach\/doppio-zangetsu-ichigo-bleach-zanpakuto\/","og_locale":"it_IT","og_type":"article","og_title":"Double Zanpakuto Zangetsu Ichigo - Bleach - Vente en ligne | RMC","og_description":"Commandez vite ! Ce Double Zanpakuto Zangetsu Ichigo dans Bleach au meilleur prix. Lames acier - Longueur totale : 59cm et 103cm - Envoi 24\/48h","og_url":"https:\/\/repliquemangacine.fr\/it\/katana-bleach\/doppio-zangetsu-ichigo-bleach-zanpakuto\/","og_site_name":"R\u00e9plique Manga Cin\u00e9","article_publisher":"https:\/\/www.facebook.com\/RepliqueMangaCine","article_modified_time":"2026-02-01T17:52:39+00:00","og_image":[{"width":800,"height":800,"url":"https:\/\/repliquemangacine.fr\/wp-content\/uploads\/2023\/10\/3911-Double-Zanpakuto.jpg","type":"image\/jpeg"}],"twitter_card":"summary_large_image","twitter_misc":{"Tempo di lettura stimato":"1 minuto"},"schema":{"@context":"https:\/\/schema.org","@graph":[{"@type":"WebPage","@id":"https:\/\/repliquemangacine.fr\/katana-bleach\/double-zangetsu-ichigo-bleach-zanpakuto\/","url":"https:\/\/repliquemangacine.fr\/katana-bleach\/double-zangetsu-ichigo-bleach-zanpakuto\/","name":"Doppio Zanpakuto Zangetsu Ichigo - Bleach - Vendita online | RMC","isPartOf":{"@id":"https:\/\/repliquemangacine.fr\/#website"},"primaryImageOfPage":{"@id":"https:\/\/repliquemangacine.fr\/katana-bleach\/double-zangetsu-ichigo-bleach-zanpakuto\/#primaryimage"},"image":{"@id":"https:\/\/repliquemangacine.fr\/katana-bleach\/double-zangetsu-ichigo-bleach-zanpakuto\/#primaryimage"},"thumbnailUrl":"https:\/\/repliquemangacine.fr\/wp-content\/uploads\/2023\/10\/3911-Double-Zanpakuto.jpg","datePublished":"2020-11-15T14:25:13+00:00","dateModified":"2026-02-01T17:52:39+00:00","description":"Ordina ora! Questa doppia Zanpakuto Zangetsu Ichigo in Bleach al miglior prezzo. Lame in acciaio - Lunghezza totale: 59cm e 103cm - Spedizione 24\/48h","breadcrumb":{"@id":"https:\/\/repliquemangacine.fr\/katana-bleach\/double-zangetsu-ichigo-bleach-zanpakuto\/#breadcrumb"},"inLanguage":"it-IT","potentialAction":[{"@type":"ReadAction","target":["https:\/\/repliquemangacine.fr\/katana-bleach\/double-zangetsu-ichigo-bleach-zanpakuto\/"]}]},{"@type":"ImageObject","inLanguage":"it-IT","@id":"https:\/\/repliquemangacine.fr\/katana-bleach\/double-zangetsu-ichigo-bleach-zanpakuto\/#primaryimage","url":"https:\/\/repliquemangacine.fr\/wp-content\/uploads\/2023\/10\/3911-Double-Zanpakuto.jpg","contentUrl":"https:\/\/repliquemangacine.fr\/wp-content\/uploads\/2023\/10\/3911-Double-Zanpakuto.jpg","width":800,"height":800,"caption":"Double Zangetsu Ichigo Bleach"},{"@type":"BreadcrumbList","@id":"https:\/\/repliquemangacine.fr\/katana-bleach\/double-zangetsu-ichigo-bleach-zanpakuto\/#breadcrumb","itemListElement":[{"@type":"ListItem","position":1,"name":"Accueil","item":"https:\/\/repliquemangacine.fr\/"},{"@type":"ListItem","position":2,"name":"Produits","item":"https:\/\/repliquemangacine.fr\/boutique\/"},{"@type":"ListItem","position":3,"name":"Double Zangetsu Ichigo Bleach"}]},{"@type":"WebSite","@id":"https:\/\/repliquemangacine.fr\/#website","url":"https:\/\/repliquemangacine.fr\/","name":"R\u00e9plique Manga Cin\u00e9","description":"","publisher":{"@id":"https:\/\/repliquemangacine.fr\/#organization"},"potentialAction":[{"@type":"SearchAction","target":{"@type":"EntryPoint","urlTemplate":"https:\/\/repliquemangacine.fr\/?s={search_term_string}"},"query-input":{"@type":"PropertyValueSpecification","valueRequired":true,"valueName":"search_term_string"}}],"inLanguage":"it-IT"},{"@type":"Organization","@id":"https:\/\/repliquemangacine.fr\/#organization","name":"R\u00e9plique Manga Cin\u00e9","url":"https:\/\/repliquemangacine.fr\/","logo":{"@type":"ImageObject","inLanguage":"it-IT","@id":"https:\/\/repliquemangacine.fr\/#\/schema\/logo\/image\/","url":"https:\/\/repliquemangacine.fr\/wp-content\/uploads\/2023\/10\/RMC-500250.png","contentUrl":"https:\/\/repliquemangacine.fr\/wp-content\/uploads\/2023\/10\/RMC-500250.png","width":500,"height":250,"caption":"R\u00e9plique Manga Cin\u00e9"},"image":{"@id":"https:\/\/repliquemangacine.fr\/#\/schema\/logo\/image\/"},"sameAs":["https:\/\/www.facebook.com\/RepliqueMangaCine","https:\/\/www.instagram.com\/repliquemangacine.fr\/"]}]}},"_links":{"self":[{"href":"https:\/\/repliquemangacine.fr\/it\/wp-json\/wp\/v2\/product\/29227","targetHints":{"allow":["GET"]}}],"collection":[{"href":"https:\/\/repliquemangacine.fr\/it\/wp-json\/wp\/v2\/product"}],"about":[{"href":"https:\/\/repliquemangacine.fr\/it\/wp-json\/wp\/v2\/types\/product"}],"wp:featuredmedia":[{"embeddable":true,"href":"https:\/\/repliquemangacine.fr\/it\/wp-json\/wp\/v2\/media\/29228"}],"wp:attachment":[{"href":"https:\/\/repliquemangacine.fr\/it\/wp-json\/wp\/v2\/media?parent=29227"}],"wp:term":[{"taxonomy":"product_brand","embeddable":true,"href":"https:\/\/repliquemangacine.fr\/it\/wp-json\/wp\/v2\/product_brand?post=29227"},{"taxonomy":"product_cat","embeddable":true,"href":"https:\/\/repliquemangacine.fr\/it\/wp-json\/wp\/v2\/product_cat?post=29227"},{"taxonomy":"product_tag","embeddable":true,"href":"https:\/\/repliquemangacine.fr\/it\/wp-json\/wp\/v2\/product_tag?post=29227"}],"curies":[{"name":"wp","href":"https:\/\/api.w.org\/{rel}","templated":true}]}}