





{"id":29192,"date":"2020-11-07T18:42:28","date_gmt":"2020-11-07T17:42:28","guid":{"rendered":"https:\/\/repliquemangacine.fr\/?post_type=product&#038;p=29192"},"modified":"2026-03-21T07:42:54","modified_gmt":"2026-03-21T06:42:54","slug":"baionetta-mauser-k98","status":"publish","type":"product","link":"https:\/\/repliquemangacine.fr\/it\/dagues-et-accessoires-seconde-guerre-mondiale-materiels-militaria\/baionnette-mauser-k98\/","title":{"rendered":"BAIONETTA MAUSER K98"},"content":{"rendered":"<h2>Baionetta Mauser k98<\/h2>\n<p>Per cominciare, il <strong>Baionetta Mauser k98<\/strong>, l'accessorio indispensabile per il vostro fucile tedesco.<\/p>\n<p>Con l'introduzione del fucile K98 k, i tedeschi svilupparono una nuova baionetta, i cui primi esemplari furono disponibili nel 1934. La produzione fu intensificata nel 1936 e tutti i soldati della Wehrmacht e delle Waffen SS ne furono dotati.<\/p>\n<p>Il Mauser k98 o karabiner 98k (spesso abbreviato in K98k, K98) \u00e8 un fucile ad otturatore a ripetizione manuale prodotto dalla Mauser Waffenfabrik. Fu adottato dall'esercito tedesco nel 1935.<\/p>\n<p>In effetti, tutti i soldati tedeschi erano equipaggiati con il fucile K98. Un'arma sicura e affidabile che funzionava senza problemi.<\/p>\n<h2>La vostra baionetta Mauser K98 al miglior prezzo.<\/h2>\n<p>Offriamo un'ampia gamma di accessori militari della Seconda Guerra Mondiale.<\/p>\n<p>Innanzitutto,<\/p>\n<ul>\n<li>Le <a href=\"https:\/\/repliquemangacine.fr\/it\/armi-seconda-guerra-mondiale\/fucile-mauser-k98\/\">Fucile Mauser K98<\/a> per il coltello a baionetta.<\/li>\n<li>Inoltre, proiettili Mauser finti per completare l'artiglieria.<\/li>\n<li>E molto altro ancora da scoprire nel nostro negozio online!<\/li>\n<\/ul>\n<p>Ecco perch\u00e9 questa \u00e8 un'ottima idea regalo per tutti gli amanti delle storie.<\/p>\n<p>In conclusione, \u00e8 possibile utilizzare il metodo <strong>Baionetta Mauser K98<\/strong> per le vostre sfilate cosplay o serate a tema. Ma soprattutto, questa spada \u00e8 un oggetto da collezione e un pezzo decorativo.<\/p>\n<p>R\u00e9plique Manga Cin\u00e9 \u00e8 un'azienda familiare francese, distributore ufficiale <a href=\"https:\/\/www.denix.fr\/\" target=\"_blank\" rel=\"noopener noreferrer\">Denix<\/a><\/p>\n<h2>Come si mantiene la lama del coltello?<\/h2>\n<p>I coltelli da collezione e decorativi sono realizzati e assemblati in modo semplificato. Poich\u00e9 il loro uso \u00e8 decorativo, non hanno le caratteristiche di sicurezza richieste per una spada giapponese destinata all'allenamento.<\/p>\n<p>Tuttavia, il vostro <strong>Baionetta Mauser K98<\/strong> a una lama in acciaio che deve essere mantenuta per evitare che si danneggi nel tempo. Quando esponete il vostro coltello al pubblico, i vostri amici saranno curiosi di vedere la lama e di toccarla. \u00c8 qui che bisogna fare attenzione, perch\u00e9 l'acidit\u00e0 delle dita \u00e8 molto dannosa per l'acciaio, indipendentemente dalla sua qualit\u00e0.<\/p>\n<p>Tuttavia, se ci\u00f2 dovesse accadere, niente panico: \u00e8 sufficiente un panno inumidito con un po' di olio per eliminare le impronte digitali. In questo modo, il vostro coltello durer\u00e0 a lungo.<\/p>","protected":false},"excerpt":{"rendered":"<p>Replica della baionetta originale tedesca.<\/p>\n<ul>\n<li>Lama in acciaio con scanalatura.<\/li>\n<li>Impugnatura con punta in metallo.<\/li>\n<li>Intaglio per adattarsi al fucile.<\/li>\n<li>Fodero in metallo con clip.<\/li>\n<\/ul>\n<p>Lunghezza lama: 24 cm - Lunghezza totale: 38 cm - Peso: 500 gr.<\/p>\n<p><strong>Vendita vietata ai minori<\/strong><\/p>","protected":false},"featured_media":29193,"template":"","meta":[],"product_brand":[896],"product_cat":[25,54,85],"product_tag":[],"class_list":{"0":"post-29192","1":"product","2":"type-product","3":"status-publish","4":"has-post-thumbnail","6":"product_brand-replique-manga-cine","7":"product_cat-armes-historiques","8":"product_cat-armes-accessoires-guerre-mondiale","9":"product_cat-dagues-et-accessoires-seconde-guerre-mondiale-materiels-militaria","11":"first","12":"outofstock","13":"taxable","14":"shipping-taxable","15":"purchasable","16":"product-type-simple"},"yoast_head":"<!-- This site is optimized with the Yoast SEO plugin v27.4 - https:\/\/yoast.com\/product\/yoast-seo-wordpress\/ -->\n<title>Ba\u00efonnette Mauser K98 - Boutique en ligne | R\u00e9plique Manga Cin\u00e9<\/title>\n<meta name=\"description\" content=\"Offrez-vous votre Ba\u00efonnette Mauser K98 au meilleur prix - Lame en acier avec gorge - Fourreau m\u00e9tal avec clip - Longueur totale : 38 cm - Poids : 500 grs\" \/>\n<meta name=\"robots\" content=\"index, follow, max-snippet:-1, max-image-preview:large, max-video-preview:-1\" \/>\n<link rel=\"canonical\" href=\"https:\/\/repliquemangacine.fr\/it\/pugnali-e-accessori-materiale-militare-della-seconda-guerra-mondiale\/baionetta-mauser-k98\/\" \/>\n<meta property=\"og:locale\" content=\"it_IT\" \/>\n<meta property=\"og:type\" content=\"article\" \/>\n<meta property=\"og:title\" content=\"Ba\u00efonnette Mauser K98 - Boutique en ligne | R\u00e9plique Manga Cin\u00e9\" \/>\n<meta property=\"og:description\" content=\"Offrez-vous votre Ba\u00efonnette Mauser K98 au meilleur prix - Lame en acier avec gorge - Fourreau m\u00e9tal avec clip - Longueur totale : 38 cm - Poids : 500 grs\" \/>\n<meta property=\"og:url\" content=\"https:\/\/repliquemangacine.fr\/it\/pugnali-e-accessori-materiale-militare-della-seconda-guerra-mondiale\/baionetta-mauser-k98\/\" \/>\n<meta property=\"og:site_name\" content=\"R\u00e9plique Manga Cin\u00e9\" \/>\n<meta property=\"article:publisher\" content=\"https:\/\/www.facebook.com\/RepliqueMangaCine\" \/>\n<meta property=\"article:modified_time\" content=\"2026-03-21T06:42:54+00:00\" \/>\n<meta property=\"og:image\" content=\"https:\/\/repliquemangacine.fr\/wp-content\/uploads\/2023\/10\/3876-Baionnette-Mauser-K98.jpg\" \/>\n\t<meta property=\"og:image:width\" content=\"800\" \/>\n\t<meta property=\"og:image:height\" content=\"800\" \/>\n\t<meta property=\"og:image:type\" content=\"image\/jpeg\" \/>\n<meta name=\"twitter:card\" content=\"summary_large_image\" \/>\n<meta name=\"twitter:label1\" content=\"Tempo di lettura stimato\" \/>\n\t<meta name=\"twitter:data1\" content=\"2 minuti\" \/>\n<script type=\"application\/ld+json\" class=\"yoast-schema-graph\">{\"@context\":\"https:\\\/\\\/schema.org\",\"@graph\":[{\"@type\":\"WebPage\",\"@id\":\"https:\\\/\\\/repliquemangacine.fr\\\/en\\\/daggers-and-accessories-world-war-ii-militaria-materiel\\\/mauser-k98-bayonet\\\/\",\"url\":\"https:\\\/\\\/repliquemangacine.fr\\\/en\\\/daggers-and-accessories-world-war-ii-militaria-materiel\\\/mauser-k98-bayonet\\\/\",\"name\":\"Ba\u00efonnette Mauser K98 - Boutique en ligne | R\u00e9plique Manga Cin\u00e9\",\"isPartOf\":{\"@id\":\"https:\\\/\\\/repliquemangacine.fr\\\/#website\"},\"primaryImageOfPage\":{\"@id\":\"https:\\\/\\\/repliquemangacine.fr\\\/en\\\/daggers-and-accessories-world-war-ii-militaria-materiel\\\/mauser-k98-bayonet\\\/#primaryimage\"},\"image\":{\"@id\":\"https:\\\/\\\/repliquemangacine.fr\\\/en\\\/daggers-and-accessories-world-war-ii-militaria-materiel\\\/mauser-k98-bayonet\\\/#primaryimage\"},\"thumbnailUrl\":\"https:\\\/\\\/repliquemangacine.fr\\\/wp-content\\\/uploads\\\/2023\\\/10\\\/3876-Baionnette-Mauser-K98.jpg\",\"datePublished\":\"2020-11-07T17:42:28+00:00\",\"dateModified\":\"2026-03-21T06:42:54+00:00\",\"description\":\"Offrez-vous votre Ba\u00efonnette Mauser K98 au meilleur prix - Lame en acier avec gorge - Fourreau m\u00e9tal avec clip - Longueur totale : 38 cm - Poids : 500 grs\",\"breadcrumb\":{\"@id\":\"https:\\\/\\\/repliquemangacine.fr\\\/en\\\/daggers-and-accessories-world-war-ii-militaria-materiel\\\/mauser-k98-bayonet\\\/#breadcrumb\"},\"inLanguage\":\"it-IT\",\"potentialAction\":[{\"@type\":\"ReadAction\",\"target\":[\"https:\\\/\\\/repliquemangacine.fr\\\/en\\\/daggers-and-accessories-world-war-ii-militaria-materiel\\\/mauser-k98-bayonet\\\/\"]}]},{\"@type\":\"ImageObject\",\"inLanguage\":\"it-IT\",\"@id\":\"https:\\\/\\\/repliquemangacine.fr\\\/en\\\/daggers-and-accessories-world-war-ii-militaria-materiel\\\/mauser-k98-bayonet\\\/#primaryimage\",\"url\":\"https:\\\/\\\/repliquemangacine.fr\\\/wp-content\\\/uploads\\\/2023\\\/10\\\/3876-Baionnette-Mauser-K98.jpg\",\"contentUrl\":\"https:\\\/\\\/repliquemangacine.fr\\\/wp-content\\\/uploads\\\/2023\\\/10\\\/3876-Baionnette-Mauser-K98.jpg\",\"width\":800,\"height\":800,\"caption\":\"Ba\u00efonnette Mauser K98\"},{\"@type\":\"BreadcrumbList\",\"@id\":\"https:\\\/\\\/repliquemangacine.fr\\\/en\\\/daggers-and-accessories-world-war-ii-militaria-materiel\\\/mauser-k98-bayonet\\\/#breadcrumb\",\"itemListElement\":[{\"@type\":\"ListItem\",\"position\":1,\"name\":\"Accueil\",\"item\":\"https:\\\/\\\/repliquemangacine.fr\\\/\"},{\"@type\":\"ListItem\",\"position\":2,\"name\":\"Produits\",\"item\":\"https:\\\/\\\/repliquemangacine.fr\\\/boutique\\\/\"},{\"@type\":\"ListItem\",\"position\":3,\"name\":\"BAIONNETTE MAUSER K98\"}]},{\"@type\":\"WebSite\",\"@id\":\"https:\\\/\\\/repliquemangacine.fr\\\/#website\",\"url\":\"https:\\\/\\\/repliquemangacine.fr\\\/\",\"name\":\"R\u00e9plique Manga Cin\u00e9\",\"description\":\"\",\"publisher\":{\"@id\":\"https:\\\/\\\/repliquemangacine.fr\\\/#organization\"},\"potentialAction\":[{\"@type\":\"SearchAction\",\"target\":{\"@type\":\"EntryPoint\",\"urlTemplate\":\"https:\\\/\\\/repliquemangacine.fr\\\/?s={search_term_string}\"},\"query-input\":{\"@type\":\"PropertyValueSpecification\",\"valueRequired\":true,\"valueName\":\"search_term_string\"}}],\"inLanguage\":\"it-IT\"},{\"@type\":\"Organization\",\"@id\":\"https:\\\/\\\/repliquemangacine.fr\\\/#organization\",\"name\":\"R\u00e9plique Manga Cin\u00e9\",\"url\":\"https:\\\/\\\/repliquemangacine.fr\\\/\",\"logo\":{\"@type\":\"ImageObject\",\"inLanguage\":\"it-IT\",\"@id\":\"https:\\\/\\\/repliquemangacine.fr\\\/#\\\/schema\\\/logo\\\/image\\\/\",\"url\":\"https:\\\/\\\/repliquemangacine.fr\\\/wp-content\\\/uploads\\\/2023\\\/10\\\/RMC-500250.png\",\"contentUrl\":\"https:\\\/\\\/repliquemangacine.fr\\\/wp-content\\\/uploads\\\/2023\\\/10\\\/RMC-500250.png\",\"width\":500,\"height\":250,\"caption\":\"R\u00e9plique Manga Cin\u00e9\"},\"image\":{\"@id\":\"https:\\\/\\\/repliquemangacine.fr\\\/#\\\/schema\\\/logo\\\/image\\\/\"},\"sameAs\":[\"https:\\\/\\\/www.facebook.com\\\/RepliqueMangaCine\",\"https:\\\/\\\/www.instagram.com\\\/repliquemangacine.fr\\\/\"]}]}<\/script>\n<!-- \/ Yoast SEO plugin. -->","yoast_head_json":{"title":"Baionetta Mauser K98 - Boutique en ligne | R\u00e9plique Manga Cin\u00e9","description":"Acquista la tua baionetta Mauser K98 al miglior prezzo - Lama in acciaio con scanalatura - Fodero in metallo con clip - Lunghezza totale: 38 cm - Peso: 500 gr.","robots":{"index":"index","follow":"follow","max-snippet":"max-snippet:-1","max-image-preview":"max-image-preview:large","max-video-preview":"max-video-preview:-1"},"canonical":"https:\/\/repliquemangacine.fr\/it\/pugnali-e-accessori-materiale-militare-della-seconda-guerra-mondiale\/baionetta-mauser-k98\/","og_locale":"it_IT","og_type":"article","og_title":"Ba\u00efonnette Mauser K98 - Boutique en ligne | R\u00e9plique Manga Cin\u00e9","og_description":"Offrez-vous votre Ba\u00efonnette Mauser K98 au meilleur prix - Lame en acier avec gorge - Fourreau m\u00e9tal avec clip - Longueur totale : 38 cm - Poids : 500 grs","og_url":"https:\/\/repliquemangacine.fr\/it\/pugnali-e-accessori-materiale-militare-della-seconda-guerra-mondiale\/baionetta-mauser-k98\/","og_site_name":"R\u00e9plique Manga Cin\u00e9","article_publisher":"https:\/\/www.facebook.com\/RepliqueMangaCine","article_modified_time":"2026-03-21T06:42:54+00:00","og_image":[{"width":800,"height":800,"url":"https:\/\/repliquemangacine.fr\/wp-content\/uploads\/2023\/10\/3876-Baionnette-Mauser-K98.jpg","type":"image\/jpeg"}],"twitter_card":"summary_large_image","twitter_misc":{"Tempo di lettura stimato":"2 minuti"},"schema":{"@context":"https:\/\/schema.org","@graph":[{"@type":"WebPage","@id":"https:\/\/repliquemangacine.fr\/en\/daggers-and-accessories-world-war-ii-militaria-materiel\/mauser-k98-bayonet\/","url":"https:\/\/repliquemangacine.fr\/en\/daggers-and-accessories-world-war-ii-militaria-materiel\/mauser-k98-bayonet\/","name":"Baionetta Mauser K98 - Boutique en ligne | R\u00e9plique Manga Cin\u00e9","isPartOf":{"@id":"https:\/\/repliquemangacine.fr\/#website"},"primaryImageOfPage":{"@id":"https:\/\/repliquemangacine.fr\/en\/daggers-and-accessories-world-war-ii-militaria-materiel\/mauser-k98-bayonet\/#primaryimage"},"image":{"@id":"https:\/\/repliquemangacine.fr\/en\/daggers-and-accessories-world-war-ii-militaria-materiel\/mauser-k98-bayonet\/#primaryimage"},"thumbnailUrl":"https:\/\/repliquemangacine.fr\/wp-content\/uploads\/2023\/10\/3876-Baionnette-Mauser-K98.jpg","datePublished":"2020-11-07T17:42:28+00:00","dateModified":"2026-03-21T06:42:54+00:00","description":"Acquista la tua baionetta Mauser K98 al miglior prezzo - Lama in acciaio con scanalatura - Fodero in metallo con clip - Lunghezza totale: 38 cm - Peso: 500 gr.","breadcrumb":{"@id":"https:\/\/repliquemangacine.fr\/en\/daggers-and-accessories-world-war-ii-militaria-materiel\/mauser-k98-bayonet\/#breadcrumb"},"inLanguage":"it-IT","potentialAction":[{"@type":"ReadAction","target":["https:\/\/repliquemangacine.fr\/en\/daggers-and-accessories-world-war-ii-militaria-materiel\/mauser-k98-bayonet\/"]}]},{"@type":"ImageObject","inLanguage":"it-IT","@id":"https:\/\/repliquemangacine.fr\/en\/daggers-and-accessories-world-war-ii-militaria-materiel\/mauser-k98-bayonet\/#primaryimage","url":"https:\/\/repliquemangacine.fr\/wp-content\/uploads\/2023\/10\/3876-Baionnette-Mauser-K98.jpg","contentUrl":"https:\/\/repliquemangacine.fr\/wp-content\/uploads\/2023\/10\/3876-Baionnette-Mauser-K98.jpg","width":800,"height":800,"caption":"Ba\u00efonnette Mauser K98"},{"@type":"BreadcrumbList","@id":"https:\/\/repliquemangacine.fr\/en\/daggers-and-accessories-world-war-ii-militaria-materiel\/mauser-k98-bayonet\/#breadcrumb","itemListElement":[{"@type":"ListItem","position":1,"name":"Accueil","item":"https:\/\/repliquemangacine.fr\/"},{"@type":"ListItem","position":2,"name":"Produits","item":"https:\/\/repliquemangacine.fr\/boutique\/"},{"@type":"ListItem","position":3,"name":"BAIONNETTE MAUSER K98"}]},{"@type":"WebSite","@id":"https:\/\/repliquemangacine.fr\/#website","url":"https:\/\/repliquemangacine.fr\/","name":"R\u00e9plique Manga Cin\u00e9","description":"","publisher":{"@id":"https:\/\/repliquemangacine.fr\/#organization"},"potentialAction":[{"@type":"SearchAction","target":{"@type":"EntryPoint","urlTemplate":"https:\/\/repliquemangacine.fr\/?s={search_term_string}"},"query-input":{"@type":"PropertyValueSpecification","valueRequired":true,"valueName":"search_term_string"}}],"inLanguage":"it-IT"},{"@type":"Organization","@id":"https:\/\/repliquemangacine.fr\/#organization","name":"R\u00e9plique Manga Cin\u00e9","url":"https:\/\/repliquemangacine.fr\/","logo":{"@type":"ImageObject","inLanguage":"it-IT","@id":"https:\/\/repliquemangacine.fr\/#\/schema\/logo\/image\/","url":"https:\/\/repliquemangacine.fr\/wp-content\/uploads\/2023\/10\/RMC-500250.png","contentUrl":"https:\/\/repliquemangacine.fr\/wp-content\/uploads\/2023\/10\/RMC-500250.png","width":500,"height":250,"caption":"R\u00e9plique Manga Cin\u00e9"},"image":{"@id":"https:\/\/repliquemangacine.fr\/#\/schema\/logo\/image\/"},"sameAs":["https:\/\/www.facebook.com\/RepliqueMangaCine","https:\/\/www.instagram.com\/repliquemangacine.fr\/"]}]}},"_links":{"self":[{"href":"https:\/\/repliquemangacine.fr\/it\/wp-json\/wp\/v2\/product\/29192","targetHints":{"allow":["GET"]}}],"collection":[{"href":"https:\/\/repliquemangacine.fr\/it\/wp-json\/wp\/v2\/product"}],"about":[{"href":"https:\/\/repliquemangacine.fr\/it\/wp-json\/wp\/v2\/types\/product"}],"wp:featuredmedia":[{"embeddable":true,"href":"https:\/\/repliquemangacine.fr\/it\/wp-json\/wp\/v2\/media\/29193"}],"wp:attachment":[{"href":"https:\/\/repliquemangacine.fr\/it\/wp-json\/wp\/v2\/media?parent=29192"}],"wp:term":[{"taxonomy":"product_brand","embeddable":true,"href":"https:\/\/repliquemangacine.fr\/it\/wp-json\/wp\/v2\/product_brand?post=29192"},{"taxonomy":"product_cat","embeddable":true,"href":"https:\/\/repliquemangacine.fr\/it\/wp-json\/wp\/v2\/product_cat?post=29192"},{"taxonomy":"product_tag","embeddable":true,"href":"https:\/\/repliquemangacine.fr\/it\/wp-json\/wp\/v2\/product_tag?post=29192"}],"curies":[{"name":"wp","href":"https:\/\/api.w.org\/{rel}","templated":true}]}}