





{"id":29151,"date":"2020-11-04T15:13:38","date_gmt":"2020-11-04T14:13:38","guid":{"rendered":"https:\/\/repliquemangacine.fr\/?post_type=product&#038;p=29151"},"modified":"2025-09-23T18:02:34","modified_gmt":"2025-09-23T16:02:34","slug":"taglierina-per-carta-epee-narsil","status":"publish","type":"product","link":"https:\/\/repliquemangacine.fr\/it\/epees-seigneur-des-anneaux\/coupe-papier-epee-narsil\/","title":{"rendered":"Taglierina per carta Narsil"},"content":{"rendered":"<h2>Spada coltello di carta Narsil Il Signore degli Anelli<\/h2>\n<p>Per cominciare, il <strong>Tagliacarte con spada Narsil<\/strong> \u00e8 ispirata alla spada di Elendil.<\/p>\n<p>Narsil \u00e8 la spada di Re Elendil, che arriv\u00f2 nella Terra di Mezzo durante la Seconda Era dopo che l'isola di N\u00famenor era stata sommersa dalla <a href=\"https:\/\/lotr.fandom.com\/fr\/wiki\/Valar\" target=\"_blank\" rel=\"noopener noreferrer\">Valar<\/a>.<\/p>\n<p>Elendil usa Narsil durante l'assedio di Barad-d\u00fbr contro il Maia Sauron, durante la guerra dell'Ultima Alleanza di Elfi e Uomini. Ma Sauron uccide Elendil e la spada si spezza in due sotto di lui mentre cade.<\/p>\n<p>Il figlio maggiore di Elendil, Isildur, prende un pezzo della spada del padre e lo usa per tagliare il dito della mano di Sauron che porta l'Unico Anello.<br \/>\nIsildur porta poi a casa le sezioni del Narsil.<\/p>\n<h2>Il vostro tagliacarte Narsil al miglior prezzo.<\/h2>\n<p>Offriamo un'ampia gamma di repliche del Signore degli Anelli.<\/p>\n<p>Innanzitutto,<\/p>\n<ul>\n<li>Iniziamo con il<a href=\"https:\/\/repliquemangacine.fr\/it\/il-signore-degli-anelli\/narsil-epee-d-elendil\/\">Spada Narsil<\/a> dimensioni complete<\/li>\n<li>Oltre alla spada riforgiata, il<a href=\"https:\/\/repliquemangacine.fr\/it\/spade-del-signore-degli-anelli\/anduril-aragorn-spada-signore-degli-anelli\/\">Anduril<\/a> di Aragorn<\/li>\n<li>C'\u00e8 anche il<a href=\"https:\/\/repliquemangacine.fr\/it\/spade-del-signore-degli-anelli\/la-spada-di-boromir\/\">La spada di Boromir<\/a><\/li>\n<li>E molti altri da scoprire nel nostro negozio online!<\/li>\n<\/ul>\n<p>Ecco quindi un'idea regalo economica per i fan della trilogia de Il Signore degli Anelli.<\/p>\n<p>In conclusione, \u00e8 possibile utilizzare questo <strong>Tagliacarte con spada Narsil<\/strong> nella vita di tutti i giorni. Ma soprattutto \u00e8 un oggetto da collezione e un pezzo decorativo.<\/p>\n<p>R\u00e9plique Manga Cin\u00e9 \u00e8 un'azienda familiare francese.<\/p>\n<h2>Come faccio a mantenere la lama della mia spada del Signore degli Anelli?<\/h2>\n<p>Le spade da collezione e decorative sono realizzate e assemblate in modo semplificato. Poich\u00e9 il loro uso \u00e8 decorativo, non hanno le caratteristiche di sicurezza richieste per una spada giapponese destinata all'allenamento.<\/p>\n<p>Tuttavia, il vostro <strong>Tagliacarte con spada Narsil<\/strong> a una lama d'acciaio che deve essere curata per evitare che si danneggi nel tempo. Quando si espone la katana, gli amici saranno curiosi di vedere la lama e di toccarla. \u00c8 qui che bisogna fare attenzione, perch\u00e9 l'acidit\u00e0 delle dita \u00e8 molto dannosa per l'acciaio, indipendentemente dalla sua qualit\u00e0.<\/p>\n<p>Tuttavia, se ci\u00f2 dovesse accadere, niente panico: basta un panno inumidito con un po' d'olio per eliminare le impronte. In questo modo, la spada durer\u00e0 a lungo.<\/p>","protected":false},"excerpt":{"rendered":"<p>Replica in carta della spada Narsil de \"Il Signore degli Anelli\".<\/p>\n<ul>\n<li>Lama in acciaio 440.<\/li>\n<li>Guaina in ABS.<\/li>\n<li>Elsa e pomo in solido acciaio invecchiato.<\/li>\n<li>Lunghezza lama: 19 cm - Lunghezza totale: 34,5 cm - Peso: 150 gr.<\/li>\n<\/ul>","protected":false},"featured_media":29152,"template":"","meta":[],"product_brand":[896],"product_cat":[68,24,29],"product_tag":[],"class_list":{"0":"post-29151","1":"product","2":"type-product","3":"status-publish","4":"has-post-thumbnail","6":"product_brand-replique-manga-cine","7":"product_cat-epees-seigneur-des-anneaux","8":"product_cat-films-series-tv-vente-de-katana-epee-et-produits-derives","9":"product_cat-le-seigneur-des-anneaux","11":"first","12":"instock","13":"taxable","14":"shipping-taxable","15":"purchasable","16":"product-type-simple"},"yoast_head":"<!-- This site is optimized with the Yoast SEO plugin v27.4 - https:\/\/yoast.com\/product\/yoast-seo-wordpress\/ -->\n<title>Coupe-papier \u00e9p\u00e9e Narsil - Le Seigneur des Anneaux | RMC<\/title>\n<meta name=\"description\" content=\"Commandez votre coupe-papier \u00e9p\u00e9e Narsil dans Le Seigneur des Anneaux au meilleur prix - Lame acier - Fourreau - Longueur totale :34.5 cm - Envoi 24\/48h\" \/>\n<meta name=\"robots\" content=\"index, follow, max-snippet:-1, max-image-preview:large, max-video-preview:-1\" \/>\n<link rel=\"canonical\" href=\"https:\/\/repliquemangacine.fr\/it\/spade-del-signore-degli-anelli\/taglierina-per-carta-epee-narsil\/\" \/>\n<meta property=\"og:locale\" content=\"it_IT\" \/>\n<meta property=\"og:type\" content=\"article\" \/>\n<meta property=\"og:title\" content=\"Coupe-papier \u00e9p\u00e9e Narsil - Le Seigneur des Anneaux | RMC\" \/>\n<meta property=\"og:description\" content=\"Commandez votre coupe-papier \u00e9p\u00e9e Narsil dans Le Seigneur des Anneaux au meilleur prix - Lame acier - Fourreau - Longueur totale :34.5 cm - Envoi 24\/48h\" \/>\n<meta property=\"og:url\" content=\"https:\/\/repliquemangacine.fr\/it\/spade-del-signore-degli-anelli\/taglierina-per-carta-epee-narsil\/\" \/>\n<meta property=\"og:site_name\" content=\"R\u00e9plique Manga Cin\u00e9\" \/>\n<meta property=\"article:publisher\" content=\"https:\/\/www.facebook.com\/RepliqueMangaCine\" \/>\n<meta property=\"article:modified_time\" content=\"2025-09-23T16:02:34+00:00\" \/>\n<meta property=\"og:image\" content=\"https:\/\/repliquemangacine.fr\/wp-content\/uploads\/2023\/10\/3844-Dague-epee-Narsil.jpg\" \/>\n\t<meta property=\"og:image:width\" content=\"800\" \/>\n\t<meta property=\"og:image:height\" content=\"800\" \/>\n\t<meta property=\"og:image:type\" content=\"image\/jpeg\" \/>\n<meta name=\"twitter:card\" content=\"summary_large_image\" \/>\n<meta name=\"twitter:label1\" content=\"Tempo di lettura stimato\" \/>\n\t<meta name=\"twitter:data1\" content=\"2 minuti\" \/>\n<script type=\"application\/ld+json\" class=\"yoast-schema-graph\">{\"@context\":\"https:\\\/\\\/schema.org\",\"@graph\":[{\"@type\":\"WebPage\",\"@id\":\"https:\\\/\\\/repliquemangacine.fr\\\/en\\\/lord-of-the-rings-swords\\\/paper-cutter-sword-narsil\\\/\",\"url\":\"https:\\\/\\\/repliquemangacine.fr\\\/en\\\/lord-of-the-rings-swords\\\/paper-cutter-sword-narsil\\\/\",\"name\":\"Coupe-papier \u00e9p\u00e9e Narsil - Le Seigneur des Anneaux | RMC\",\"isPartOf\":{\"@id\":\"https:\\\/\\\/repliquemangacine.fr\\\/#website\"},\"primaryImageOfPage\":{\"@id\":\"https:\\\/\\\/repliquemangacine.fr\\\/en\\\/lord-of-the-rings-swords\\\/paper-cutter-sword-narsil\\\/#primaryimage\"},\"image\":{\"@id\":\"https:\\\/\\\/repliquemangacine.fr\\\/en\\\/lord-of-the-rings-swords\\\/paper-cutter-sword-narsil\\\/#primaryimage\"},\"thumbnailUrl\":\"https:\\\/\\\/repliquemangacine.fr\\\/wp-content\\\/uploads\\\/2023\\\/10\\\/3844-Dague-epee-Narsil.jpg\",\"datePublished\":\"2020-11-04T14:13:38+00:00\",\"dateModified\":\"2025-09-23T16:02:34+00:00\",\"description\":\"Commandez votre coupe-papier \u00e9p\u00e9e Narsil dans Le Seigneur des Anneaux au meilleur prix - Lame acier - Fourreau - Longueur totale :34.5 cm - Envoi 24\\\/48h\",\"breadcrumb\":{\"@id\":\"https:\\\/\\\/repliquemangacine.fr\\\/en\\\/lord-of-the-rings-swords\\\/paper-cutter-sword-narsil\\\/#breadcrumb\"},\"inLanguage\":\"it-IT\",\"potentialAction\":[{\"@type\":\"ReadAction\",\"target\":[\"https:\\\/\\\/repliquemangacine.fr\\\/en\\\/lord-of-the-rings-swords\\\/paper-cutter-sword-narsil\\\/\"]}]},{\"@type\":\"ImageObject\",\"inLanguage\":\"it-IT\",\"@id\":\"https:\\\/\\\/repliquemangacine.fr\\\/en\\\/lord-of-the-rings-swords\\\/paper-cutter-sword-narsil\\\/#primaryimage\",\"url\":\"https:\\\/\\\/repliquemangacine.fr\\\/wp-content\\\/uploads\\\/2023\\\/10\\\/3844-Dague-epee-Narsil.jpg\",\"contentUrl\":\"https:\\\/\\\/repliquemangacine.fr\\\/wp-content\\\/uploads\\\/2023\\\/10\\\/3844-Dague-epee-Narsil.jpg\",\"width\":800,\"height\":800,\"caption\":\"Dague \u00e9p\u00e9e Narsil\"},{\"@type\":\"BreadcrumbList\",\"@id\":\"https:\\\/\\\/repliquemangacine.fr\\\/en\\\/lord-of-the-rings-swords\\\/paper-cutter-sword-narsil\\\/#breadcrumb\",\"itemListElement\":[{\"@type\":\"ListItem\",\"position\":1,\"name\":\"Accueil\",\"item\":\"https:\\\/\\\/repliquemangacine.fr\\\/\"},{\"@type\":\"ListItem\",\"position\":2,\"name\":\"Produits\",\"item\":\"https:\\\/\\\/repliquemangacine.fr\\\/boutique\\\/\"},{\"@type\":\"ListItem\",\"position\":3,\"name\":\"Coupe Papier Narsil\"}]},{\"@type\":\"WebSite\",\"@id\":\"https:\\\/\\\/repliquemangacine.fr\\\/#website\",\"url\":\"https:\\\/\\\/repliquemangacine.fr\\\/\",\"name\":\"R\u00e9plique Manga Cin\u00e9\",\"description\":\"\",\"publisher\":{\"@id\":\"https:\\\/\\\/repliquemangacine.fr\\\/#organization\"},\"potentialAction\":[{\"@type\":\"SearchAction\",\"target\":{\"@type\":\"EntryPoint\",\"urlTemplate\":\"https:\\\/\\\/repliquemangacine.fr\\\/?s={search_term_string}\"},\"query-input\":{\"@type\":\"PropertyValueSpecification\",\"valueRequired\":true,\"valueName\":\"search_term_string\"}}],\"inLanguage\":\"it-IT\"},{\"@type\":\"Organization\",\"@id\":\"https:\\\/\\\/repliquemangacine.fr\\\/#organization\",\"name\":\"R\u00e9plique Manga Cin\u00e9\",\"url\":\"https:\\\/\\\/repliquemangacine.fr\\\/\",\"logo\":{\"@type\":\"ImageObject\",\"inLanguage\":\"it-IT\",\"@id\":\"https:\\\/\\\/repliquemangacine.fr\\\/#\\\/schema\\\/logo\\\/image\\\/\",\"url\":\"https:\\\/\\\/repliquemangacine.fr\\\/wp-content\\\/uploads\\\/2023\\\/10\\\/RMC-500250.png\",\"contentUrl\":\"https:\\\/\\\/repliquemangacine.fr\\\/wp-content\\\/uploads\\\/2023\\\/10\\\/RMC-500250.png\",\"width\":500,\"height\":250,\"caption\":\"R\u00e9plique Manga Cin\u00e9\"},\"image\":{\"@id\":\"https:\\\/\\\/repliquemangacine.fr\\\/#\\\/schema\\\/logo\\\/image\\\/\"},\"sameAs\":[\"https:\\\/\\\/www.facebook.com\\\/RepliqueMangaCine\",\"https:\\\/\\\/www.instagram.com\\\/repliquemangacine.fr\\\/\"]}]}<\/script>\n<!-- \/ Yoast SEO plugin. -->","yoast_head_json":{"title":"Spada-coltello Narsil - Il Signore degli Anelli | RMC","description":"Ordina il tuo tagliacarte con spada Narsil de Il Signore degli Anelli al miglior prezzo - Lama in acciaio - Fodero - Lunghezza totale :34.5 cm - Spedizione 24\/48h","robots":{"index":"index","follow":"follow","max-snippet":"max-snippet:-1","max-image-preview":"max-image-preview:large","max-video-preview":"max-video-preview:-1"},"canonical":"https:\/\/repliquemangacine.fr\/it\/spade-del-signore-degli-anelli\/taglierina-per-carta-epee-narsil\/","og_locale":"it_IT","og_type":"article","og_title":"Coupe-papier \u00e9p\u00e9e Narsil - Le Seigneur des Anneaux | RMC","og_description":"Commandez votre coupe-papier \u00e9p\u00e9e Narsil dans Le Seigneur des Anneaux au meilleur prix - Lame acier - Fourreau - Longueur totale :34.5 cm - Envoi 24\/48h","og_url":"https:\/\/repliquemangacine.fr\/it\/spade-del-signore-degli-anelli\/taglierina-per-carta-epee-narsil\/","og_site_name":"R\u00e9plique Manga Cin\u00e9","article_publisher":"https:\/\/www.facebook.com\/RepliqueMangaCine","article_modified_time":"2025-09-23T16:02:34+00:00","og_image":[{"width":800,"height":800,"url":"https:\/\/repliquemangacine.fr\/wp-content\/uploads\/2023\/10\/3844-Dague-epee-Narsil.jpg","type":"image\/jpeg"}],"twitter_card":"summary_large_image","twitter_misc":{"Tempo di lettura stimato":"2 minuti"},"schema":{"@context":"https:\/\/schema.org","@graph":[{"@type":"WebPage","@id":"https:\/\/repliquemangacine.fr\/en\/lord-of-the-rings-swords\/paper-cutter-sword-narsil\/","url":"https:\/\/repliquemangacine.fr\/en\/lord-of-the-rings-swords\/paper-cutter-sword-narsil\/","name":"Spada-coltello Narsil - Il Signore degli Anelli | RMC","isPartOf":{"@id":"https:\/\/repliquemangacine.fr\/#website"},"primaryImageOfPage":{"@id":"https:\/\/repliquemangacine.fr\/en\/lord-of-the-rings-swords\/paper-cutter-sword-narsil\/#primaryimage"},"image":{"@id":"https:\/\/repliquemangacine.fr\/en\/lord-of-the-rings-swords\/paper-cutter-sword-narsil\/#primaryimage"},"thumbnailUrl":"https:\/\/repliquemangacine.fr\/wp-content\/uploads\/2023\/10\/3844-Dague-epee-Narsil.jpg","datePublished":"2020-11-04T14:13:38+00:00","dateModified":"2025-09-23T16:02:34+00:00","description":"Ordina il tuo tagliacarte con spada Narsil de Il Signore degli Anelli al miglior prezzo - Lama in acciaio - Fodero - Lunghezza totale :34.5 cm - Spedizione 24\/48h","breadcrumb":{"@id":"https:\/\/repliquemangacine.fr\/en\/lord-of-the-rings-swords\/paper-cutter-sword-narsil\/#breadcrumb"},"inLanguage":"it-IT","potentialAction":[{"@type":"ReadAction","target":["https:\/\/repliquemangacine.fr\/en\/lord-of-the-rings-swords\/paper-cutter-sword-narsil\/"]}]},{"@type":"ImageObject","inLanguage":"it-IT","@id":"https:\/\/repliquemangacine.fr\/en\/lord-of-the-rings-swords\/paper-cutter-sword-narsil\/#primaryimage","url":"https:\/\/repliquemangacine.fr\/wp-content\/uploads\/2023\/10\/3844-Dague-epee-Narsil.jpg","contentUrl":"https:\/\/repliquemangacine.fr\/wp-content\/uploads\/2023\/10\/3844-Dague-epee-Narsil.jpg","width":800,"height":800,"caption":"Dague \u00e9p\u00e9e Narsil"},{"@type":"BreadcrumbList","@id":"https:\/\/repliquemangacine.fr\/en\/lord-of-the-rings-swords\/paper-cutter-sword-narsil\/#breadcrumb","itemListElement":[{"@type":"ListItem","position":1,"name":"Accueil","item":"https:\/\/repliquemangacine.fr\/"},{"@type":"ListItem","position":2,"name":"Produits","item":"https:\/\/repliquemangacine.fr\/boutique\/"},{"@type":"ListItem","position":3,"name":"Coupe Papier Narsil"}]},{"@type":"WebSite","@id":"https:\/\/repliquemangacine.fr\/#website","url":"https:\/\/repliquemangacine.fr\/","name":"R\u00e9plique Manga Cin\u00e9","description":"","publisher":{"@id":"https:\/\/repliquemangacine.fr\/#organization"},"potentialAction":[{"@type":"SearchAction","target":{"@type":"EntryPoint","urlTemplate":"https:\/\/repliquemangacine.fr\/?s={search_term_string}"},"query-input":{"@type":"PropertyValueSpecification","valueRequired":true,"valueName":"search_term_string"}}],"inLanguage":"it-IT"},{"@type":"Organization","@id":"https:\/\/repliquemangacine.fr\/#organization","name":"R\u00e9plique Manga Cin\u00e9","url":"https:\/\/repliquemangacine.fr\/","logo":{"@type":"ImageObject","inLanguage":"it-IT","@id":"https:\/\/repliquemangacine.fr\/#\/schema\/logo\/image\/","url":"https:\/\/repliquemangacine.fr\/wp-content\/uploads\/2023\/10\/RMC-500250.png","contentUrl":"https:\/\/repliquemangacine.fr\/wp-content\/uploads\/2023\/10\/RMC-500250.png","width":500,"height":250,"caption":"R\u00e9plique Manga Cin\u00e9"},"image":{"@id":"https:\/\/repliquemangacine.fr\/#\/schema\/logo\/image\/"},"sameAs":["https:\/\/www.facebook.com\/RepliqueMangaCine","https:\/\/www.instagram.com\/repliquemangacine.fr\/"]}]}},"_links":{"self":[{"href":"https:\/\/repliquemangacine.fr\/it\/wp-json\/wp\/v2\/product\/29151","targetHints":{"allow":["GET"]}}],"collection":[{"href":"https:\/\/repliquemangacine.fr\/it\/wp-json\/wp\/v2\/product"}],"about":[{"href":"https:\/\/repliquemangacine.fr\/it\/wp-json\/wp\/v2\/types\/product"}],"wp:featuredmedia":[{"embeddable":true,"href":"https:\/\/repliquemangacine.fr\/it\/wp-json\/wp\/v2\/media\/29152"}],"wp:attachment":[{"href":"https:\/\/repliquemangacine.fr\/it\/wp-json\/wp\/v2\/media?parent=29151"}],"wp:term":[{"taxonomy":"product_brand","embeddable":true,"href":"https:\/\/repliquemangacine.fr\/it\/wp-json\/wp\/v2\/product_brand?post=29151"},{"taxonomy":"product_cat","embeddable":true,"href":"https:\/\/repliquemangacine.fr\/it\/wp-json\/wp\/v2\/product_cat?post=29151"},{"taxonomy":"product_tag","embeddable":true,"href":"https:\/\/repliquemangacine.fr\/it\/wp-json\/wp\/v2\/product_tag?post=29151"}],"curies":[{"name":"wp","href":"https:\/\/api.w.org\/{rel}","templated":true}]}}