





{"id":29137,"date":"2020-10-29T16:37:35","date_gmt":"2020-10-29T15:37:35","guid":{"rendered":"https:\/\/repliquemangacine.fr\/?post_type=product&#038;p=29137"},"modified":"2025-09-23T18:02:34","modified_gmt":"2025-09-23T16:02:34","slug":"la-katana-forgia-lultimo-samurai","status":"publish","type":"product","link":"https:\/\/repliquemangacine.fr\/it\/katanas-le-dernier-samourai\/katana-forge-le-dernier-samourai\/","title":{"rendered":"L'ultima fucina di Samurai"},"content":{"rendered":"<h2>Katana forgiata dell'ultimo samurai<\/h2>\n<p>Per cominciare, il <strong>Katana forgiata Ultimo Samurai<\/strong> \u00e8 una splendida replica della katana impugnata da Tom Cruise nel film L'ultimo samurai.<\/p>\n<p>La spada giapponese descrive un insieme di armi a lama realizzate con tecniche giapponesi. Queste includono il Tachi, il Wakizashi, il Tanto e, naturalmente, la famosa Katana. Va sottolineato che la spada giapponese \u00e8 stata creata per uso bellico. Oggi \u00e8 considerata un'opera d'arte a tutti gli effetti.<\/p>\n<p>La katana, la spada giapponese pi\u00f9 popolare. Indossata dai samurai giapponesi, \u00e8 stata tramandata da diverse generazioni. Ecco perch\u00e9 ci sono cos\u00ec tante <a href=\"https:\/\/www.touken.or.jp\/english\/\" target=\"_blank\" rel=\"noopener noreferrer\">musei<\/a> in Giappone. L'acciaio \u00e8 importante per la vostra applicazione.<\/p>\n<ul>\n<li>Per i principianti, acciaio 1045.<\/li>\n<li>Per l'allenamento al taglio, acciaio 1060.<\/li>\n<li>Per un uso intensivo, acciaio 1095.<\/li>\n<\/ul>\n<h2>Your Last Samurai Forged Katana al miglior prezzo.<\/h2>\n<p>Offriamo un'ampia gamma di spade giapponesi per l'allenamento e la decorazione.<\/p>\n<p>Innanzitutto,<\/p>\n<ul>\n<li>Le <a href=\"https:\/\/repliquemangacine.fr\/it\/film-serie-tv-vendita-di-spade-katana-e-prodotti-correlati\/katana-forge-de-michonne\/\">La katana da taglio di Michonne<\/a> nella serie The Walking Dead.<\/li>\n<li>Ma anche il <a href=\"https:\/\/repliquemangacine.fr\/it\/lultimo-samurai\/katana-pratica-seigi\/\">katana Seigi<\/a> visto nel film L'ultimo samurai.<\/li>\n<li>E molti altri da scoprire nel nostro negozio online!<\/li>\n<\/ul>\n<p>Ecco perch\u00e9 \u00e8 un'ottima idea regalo per gli amanti delle arti marziali.<\/p>\n<p>In conclusione, \u00e8 possibile utilizzare questo <strong>Katana forgiata dell'ultimo samurai<\/strong> per il vostro primo taglio o per la vostra collezione. Ma soprattutto \u00e8 un oggetto da collezione e un pezzo decorativo.<\/p>\n<h2>Come si mantiene la lama della spada giapponese?<\/h2>\n<p>Le katane da collezione e decorative sono realizzate e assemblate in modo semplificato. Poich\u00e9 il loro uso \u00e8 decorativo, non hanno le caratteristiche di sicurezza richieste da una spada giapponese destinata all'allenamento.<\/p>\n<p>Tuttavia, il vostro <strong>Katana forgiata dell'ultimo samurai<\/strong> a una lama d'acciaio che deve essere curata per evitare che si danneggi nel tempo. Quando si espone la katana, gli amici saranno curiosi di vedere la lama e di toccarla. \u00c8 qui che bisogna fare attenzione, perch\u00e9 l'acidit\u00e0 delle dita \u00e8 molto dannosa per l'acciaio, indipendentemente dalla sua qualit\u00e0.<\/p>\n<p>Tuttavia, se ci\u00f2 dovesse accadere, niente panico: basta un panno inumidito con un po' d'olio per eliminare le impronte. In questo modo, la spada durer\u00e0 a lungo.<\/p>","protected":false},"excerpt":{"rendered":"<p>Katana di Nathan Algren alias Tom Cruise nel film \"L'ultimo samurai\".<\/p>\n<ul>\n<li>Lama incisa e affilata in acciaio 1045 tipo \"Maru\".<\/li>\n<li>Protezione in acciaio appositamente sagomata con rivestimento nero.<\/li>\n<li>Manico rivestito di treccia di cotone nero.<\/li>\n<li>Fodero in legno laccato nero.<\/li>\n<li>Valigetta di trasporto con kit di manutenzione, supporto per display laccato nero, coperchio protettivo e guida per l'utente.<\/li>\n<li>Lunghezza lama: 68 cm - Lunghezza totale: 102 cm - Peso: 1000grs<\/li>\n<\/ul>","protected":false},"featured_media":29138,"template":"","meta":[],"product_brand":[896],"product_cat":[66,24,26,38,88],"product_tag":[],"class_list":{"0":"post-29137","1":"product","2":"type-product","3":"status-publish","4":"has-post-thumbnail","6":"product_brand-replique-manga-cine","7":"product_cat-repliques-d-armes-films-et-series","8":"product_cat-films-series-tv-vente-de-katana-epee-et-produits-derives","9":"product_cat-katana-epee","10":"product_cat-katana-forge","11":"product_cat-katanas-le-dernier-samourai","13":"first","14":"instock","15":"taxable","16":"shipping-taxable","17":"purchasable","18":"product-type-simple"},"yoast_head":"<!-- This site is optimized with the Yoast SEO plugin v27.4 - https:\/\/yoast.com\/product\/yoast-seo-wordpress\/ -->\n<title>Katana Forg\u00e9 Dernier Samoura\u00ef | R\u00e9plique Manga Cin\u00e9<\/title>\n<meta name=\"description\" content=\"Offrez-vous le Katana Forg\u00e9 Dernier Samoura\u00ef au meilleur prix - Lame tranchante acier 1045 Maru - Coffret de transport - kit entretien - 102 cm\" \/>\n<meta name=\"robots\" content=\"index, follow, max-snippet:-1, max-image-preview:large, max-video-preview:-1\" \/>\n<link rel=\"canonical\" href=\"https:\/\/repliquemangacine.fr\/it\/katana-lultimo-samurai\/la-katana-forgia-lultimo-samurai\/\" \/>\n<meta property=\"og:locale\" content=\"it_IT\" \/>\n<meta property=\"og:type\" content=\"article\" \/>\n<meta property=\"og:title\" content=\"Katana Forg\u00e9 Dernier Samoura\u00ef | R\u00e9plique Manga Cin\u00e9\" \/>\n<meta property=\"og:description\" content=\"Offrez-vous le Katana Forg\u00e9 Dernier Samoura\u00ef au meilleur prix - Lame tranchante acier 1045 Maru - Coffret de transport - kit entretien - 102 cm\" \/>\n<meta property=\"og:url\" content=\"https:\/\/repliquemangacine.fr\/it\/katana-lultimo-samurai\/la-katana-forgia-lultimo-samurai\/\" \/>\n<meta property=\"og:site_name\" content=\"R\u00e9plique Manga Cin\u00e9\" \/>\n<meta property=\"article:publisher\" content=\"https:\/\/www.facebook.com\/RepliqueMangaCine\" \/>\n<meta property=\"article:modified_time\" content=\"2025-09-23T16:02:34+00:00\" \/>\n<meta property=\"og:image\" content=\"https:\/\/repliquemangacine.fr\/wp-content\/uploads\/2023\/10\/3830-Katana-forge-le-dernier-Samourai.jpg\" \/>\n\t<meta property=\"og:image:width\" content=\"800\" \/>\n\t<meta property=\"og:image:height\" content=\"800\" \/>\n\t<meta property=\"og:image:type\" content=\"image\/jpeg\" \/>\n<meta name=\"twitter:card\" content=\"summary_large_image\" \/>\n<meta name=\"twitter:label1\" content=\"Tempo di lettura stimato\" \/>\n\t<meta name=\"twitter:data1\" content=\"1 minuto\" \/>\n<script type=\"application\/ld+json\" class=\"yoast-schema-graph\">{\"@context\":\"https:\\\/\\\/schema.org\",\"@graph\":[{\"@type\":\"WebPage\",\"@id\":\"https:\\\/\\\/repliquemangacine.fr\\\/katanas-le-dernier-samourai\\\/katana-forge-le-dernier-samourai\\\/\",\"url\":\"https:\\\/\\\/repliquemangacine.fr\\\/katanas-le-dernier-samourai\\\/katana-forge-le-dernier-samourai\\\/\",\"name\":\"Katana Forg\u00e9 Dernier Samoura\u00ef | R\u00e9plique Manga Cin\u00e9\",\"isPartOf\":{\"@id\":\"https:\\\/\\\/repliquemangacine.fr\\\/#website\"},\"primaryImageOfPage\":{\"@id\":\"https:\\\/\\\/repliquemangacine.fr\\\/katanas-le-dernier-samourai\\\/katana-forge-le-dernier-samourai\\\/#primaryimage\"},\"image\":{\"@id\":\"https:\\\/\\\/repliquemangacine.fr\\\/katanas-le-dernier-samourai\\\/katana-forge-le-dernier-samourai\\\/#primaryimage\"},\"thumbnailUrl\":\"https:\\\/\\\/repliquemangacine.fr\\\/wp-content\\\/uploads\\\/2023\\\/10\\\/3830-Katana-forge-le-dernier-Samourai.jpg\",\"datePublished\":\"2020-10-29T15:37:35+00:00\",\"dateModified\":\"2025-09-23T16:02:34+00:00\",\"description\":\"Offrez-vous le Katana Forg\u00e9 Dernier Samoura\u00ef au meilleur prix - Lame tranchante acier 1045 Maru - Coffret de transport - kit entretien - 102 cm\",\"breadcrumb\":{\"@id\":\"https:\\\/\\\/repliquemangacine.fr\\\/katanas-le-dernier-samourai\\\/katana-forge-le-dernier-samourai\\\/#breadcrumb\"},\"inLanguage\":\"it-IT\",\"potentialAction\":[{\"@type\":\"ReadAction\",\"target\":[\"https:\\\/\\\/repliquemangacine.fr\\\/katanas-le-dernier-samourai\\\/katana-forge-le-dernier-samourai\\\/\"]}]},{\"@type\":\"ImageObject\",\"inLanguage\":\"it-IT\",\"@id\":\"https:\\\/\\\/repliquemangacine.fr\\\/katanas-le-dernier-samourai\\\/katana-forge-le-dernier-samourai\\\/#primaryimage\",\"url\":\"https:\\\/\\\/repliquemangacine.fr\\\/wp-content\\\/uploads\\\/2023\\\/10\\\/3830-Katana-forge-le-dernier-Samourai.jpg\",\"contentUrl\":\"https:\\\/\\\/repliquemangacine.fr\\\/wp-content\\\/uploads\\\/2023\\\/10\\\/3830-Katana-forge-le-dernier-Samourai.jpg\",\"width\":800,\"height\":800,\"caption\":\"Katana forg\u00e9 le dernier Samourai\"},{\"@type\":\"BreadcrumbList\",\"@id\":\"https:\\\/\\\/repliquemangacine.fr\\\/katanas-le-dernier-samourai\\\/katana-forge-le-dernier-samourai\\\/#breadcrumb\",\"itemListElement\":[{\"@type\":\"ListItem\",\"position\":1,\"name\":\"Accueil\",\"item\":\"https:\\\/\\\/repliquemangacine.fr\\\/\"},{\"@type\":\"ListItem\",\"position\":2,\"name\":\"Produits\",\"item\":\"https:\\\/\\\/repliquemangacine.fr\\\/boutique\\\/\"},{\"@type\":\"ListItem\",\"position\":3,\"name\":\"Dernier Samoura\u00ef forge\"}]},{\"@type\":\"WebSite\",\"@id\":\"https:\\\/\\\/repliquemangacine.fr\\\/#website\",\"url\":\"https:\\\/\\\/repliquemangacine.fr\\\/\",\"name\":\"R\u00e9plique Manga Cin\u00e9\",\"description\":\"\",\"publisher\":{\"@id\":\"https:\\\/\\\/repliquemangacine.fr\\\/#organization\"},\"potentialAction\":[{\"@type\":\"SearchAction\",\"target\":{\"@type\":\"EntryPoint\",\"urlTemplate\":\"https:\\\/\\\/repliquemangacine.fr\\\/?s={search_term_string}\"},\"query-input\":{\"@type\":\"PropertyValueSpecification\",\"valueRequired\":true,\"valueName\":\"search_term_string\"}}],\"inLanguage\":\"it-IT\"},{\"@type\":\"Organization\",\"@id\":\"https:\\\/\\\/repliquemangacine.fr\\\/#organization\",\"name\":\"R\u00e9plique Manga Cin\u00e9\",\"url\":\"https:\\\/\\\/repliquemangacine.fr\\\/\",\"logo\":{\"@type\":\"ImageObject\",\"inLanguage\":\"it-IT\",\"@id\":\"https:\\\/\\\/repliquemangacine.fr\\\/#\\\/schema\\\/logo\\\/image\\\/\",\"url\":\"https:\\\/\\\/repliquemangacine.fr\\\/wp-content\\\/uploads\\\/2023\\\/10\\\/RMC-500250.png\",\"contentUrl\":\"https:\\\/\\\/repliquemangacine.fr\\\/wp-content\\\/uploads\\\/2023\\\/10\\\/RMC-500250.png\",\"width\":500,\"height\":250,\"caption\":\"R\u00e9plique Manga Cin\u00e9\"},\"image\":{\"@id\":\"https:\\\/\\\/repliquemangacine.fr\\\/#\\\/schema\\\/logo\\\/image\\\/\"},\"sameAs\":[\"https:\\\/\\\/www.facebook.com\\\/RepliqueMangaCine\",\"https:\\\/\\\/www.instagram.com\\\/repliquemangacine.fr\\\/\"]}]}<\/script>\n<!-- \/ Yoast SEO plugin. -->","yoast_head_json":{"title":"Katana forgiata Last Samurai | R\u00e9plique Manga Cin\u00e9","description":"Regalatevi l'ultima Katana forgiata Samurai al miglior prezzo - Lama da taglio in acciaio 1045 Maru - Custodia - Kit di manutenzione - 102 cm","robots":{"index":"index","follow":"follow","max-snippet":"max-snippet:-1","max-image-preview":"max-image-preview:large","max-video-preview":"max-video-preview:-1"},"canonical":"https:\/\/repliquemangacine.fr\/it\/katana-lultimo-samurai\/la-katana-forgia-lultimo-samurai\/","og_locale":"it_IT","og_type":"article","og_title":"Katana Forg\u00e9 Dernier Samoura\u00ef | R\u00e9plique Manga Cin\u00e9","og_description":"Offrez-vous le Katana Forg\u00e9 Dernier Samoura\u00ef au meilleur prix - Lame tranchante acier 1045 Maru - Coffret de transport - kit entretien - 102 cm","og_url":"https:\/\/repliquemangacine.fr\/it\/katana-lultimo-samurai\/la-katana-forgia-lultimo-samurai\/","og_site_name":"R\u00e9plique Manga Cin\u00e9","article_publisher":"https:\/\/www.facebook.com\/RepliqueMangaCine","article_modified_time":"2025-09-23T16:02:34+00:00","og_image":[{"width":800,"height":800,"url":"https:\/\/repliquemangacine.fr\/wp-content\/uploads\/2023\/10\/3830-Katana-forge-le-dernier-Samourai.jpg","type":"image\/jpeg"}],"twitter_card":"summary_large_image","twitter_misc":{"Tempo di lettura stimato":"1 minuto"},"schema":{"@context":"https:\/\/schema.org","@graph":[{"@type":"WebPage","@id":"https:\/\/repliquemangacine.fr\/katanas-le-dernier-samourai\/katana-forge-le-dernier-samourai\/","url":"https:\/\/repliquemangacine.fr\/katanas-le-dernier-samourai\/katana-forge-le-dernier-samourai\/","name":"Katana forgiata Last Samurai | R\u00e9plique Manga Cin\u00e9","isPartOf":{"@id":"https:\/\/repliquemangacine.fr\/#website"},"primaryImageOfPage":{"@id":"https:\/\/repliquemangacine.fr\/katanas-le-dernier-samourai\/katana-forge-le-dernier-samourai\/#primaryimage"},"image":{"@id":"https:\/\/repliquemangacine.fr\/katanas-le-dernier-samourai\/katana-forge-le-dernier-samourai\/#primaryimage"},"thumbnailUrl":"https:\/\/repliquemangacine.fr\/wp-content\/uploads\/2023\/10\/3830-Katana-forge-le-dernier-Samourai.jpg","datePublished":"2020-10-29T15:37:35+00:00","dateModified":"2025-09-23T16:02:34+00:00","description":"Regalatevi l'ultima Katana forgiata Samurai al miglior prezzo - Lama da taglio in acciaio 1045 Maru - Custodia - Kit di manutenzione - 102 cm","breadcrumb":{"@id":"https:\/\/repliquemangacine.fr\/katanas-le-dernier-samourai\/katana-forge-le-dernier-samourai\/#breadcrumb"},"inLanguage":"it-IT","potentialAction":[{"@type":"ReadAction","target":["https:\/\/repliquemangacine.fr\/katanas-le-dernier-samourai\/katana-forge-le-dernier-samourai\/"]}]},{"@type":"ImageObject","inLanguage":"it-IT","@id":"https:\/\/repliquemangacine.fr\/katanas-le-dernier-samourai\/katana-forge-le-dernier-samourai\/#primaryimage","url":"https:\/\/repliquemangacine.fr\/wp-content\/uploads\/2023\/10\/3830-Katana-forge-le-dernier-Samourai.jpg","contentUrl":"https:\/\/repliquemangacine.fr\/wp-content\/uploads\/2023\/10\/3830-Katana-forge-le-dernier-Samourai.jpg","width":800,"height":800,"caption":"Katana forg\u00e9 le dernier Samourai"},{"@type":"BreadcrumbList","@id":"https:\/\/repliquemangacine.fr\/katanas-le-dernier-samourai\/katana-forge-le-dernier-samourai\/#breadcrumb","itemListElement":[{"@type":"ListItem","position":1,"name":"Accueil","item":"https:\/\/repliquemangacine.fr\/"},{"@type":"ListItem","position":2,"name":"Produits","item":"https:\/\/repliquemangacine.fr\/boutique\/"},{"@type":"ListItem","position":3,"name":"Dernier Samoura\u00ef forge"}]},{"@type":"WebSite","@id":"https:\/\/repliquemangacine.fr\/#website","url":"https:\/\/repliquemangacine.fr\/","name":"R\u00e9plique Manga Cin\u00e9","description":"","publisher":{"@id":"https:\/\/repliquemangacine.fr\/#organization"},"potentialAction":[{"@type":"SearchAction","target":{"@type":"EntryPoint","urlTemplate":"https:\/\/repliquemangacine.fr\/?s={search_term_string}"},"query-input":{"@type":"PropertyValueSpecification","valueRequired":true,"valueName":"search_term_string"}}],"inLanguage":"it-IT"},{"@type":"Organization","@id":"https:\/\/repliquemangacine.fr\/#organization","name":"R\u00e9plique Manga Cin\u00e9","url":"https:\/\/repliquemangacine.fr\/","logo":{"@type":"ImageObject","inLanguage":"it-IT","@id":"https:\/\/repliquemangacine.fr\/#\/schema\/logo\/image\/","url":"https:\/\/repliquemangacine.fr\/wp-content\/uploads\/2023\/10\/RMC-500250.png","contentUrl":"https:\/\/repliquemangacine.fr\/wp-content\/uploads\/2023\/10\/RMC-500250.png","width":500,"height":250,"caption":"R\u00e9plique Manga Cin\u00e9"},"image":{"@id":"https:\/\/repliquemangacine.fr\/#\/schema\/logo\/image\/"},"sameAs":["https:\/\/www.facebook.com\/RepliqueMangaCine","https:\/\/www.instagram.com\/repliquemangacine.fr\/"]}]}},"_links":{"self":[{"href":"https:\/\/repliquemangacine.fr\/it\/wp-json\/wp\/v2\/product\/29137","targetHints":{"allow":["GET"]}}],"collection":[{"href":"https:\/\/repliquemangacine.fr\/it\/wp-json\/wp\/v2\/product"}],"about":[{"href":"https:\/\/repliquemangacine.fr\/it\/wp-json\/wp\/v2\/types\/product"}],"wp:featuredmedia":[{"embeddable":true,"href":"https:\/\/repliquemangacine.fr\/it\/wp-json\/wp\/v2\/media\/29138"}],"wp:attachment":[{"href":"https:\/\/repliquemangacine.fr\/it\/wp-json\/wp\/v2\/media?parent=29137"}],"wp:term":[{"taxonomy":"product_brand","embeddable":true,"href":"https:\/\/repliquemangacine.fr\/it\/wp-json\/wp\/v2\/product_brand?post=29137"},{"taxonomy":"product_cat","embeddable":true,"href":"https:\/\/repliquemangacine.fr\/it\/wp-json\/wp\/v2\/product_cat?post=29137"},{"taxonomy":"product_tag","embeddable":true,"href":"https:\/\/repliquemangacine.fr\/it\/wp-json\/wp\/v2\/product_tag?post=29137"}],"curies":[{"name":"wp","href":"https:\/\/api.w.org\/{rel}","templated":true}]}}