





{"id":29118,"date":"2020-10-22T12:42:07","date_gmt":"2020-10-22T10:42:07","guid":{"rendered":"https:\/\/repliquemangacine.fr\/?post_type=product&#038;p=29118"},"modified":"2026-01-15T13:00:47","modified_gmt":"2026-01-15T12:00:47","slug":"spada-romana","status":"publish","type":"product","link":"https:\/\/repliquemangacine.fr\/it\/epees-glaives-antique\/glaive-romain\/","title":{"rendered":"Spada romana"},"content":{"rendered":"<h2>Spada romana<\/h2>\n<p>Per cominciare, il <strong>Spada romana <\/strong>\u00a0(chiamato gladius in latino) \u00e8 usato per indicare una spada corta, l'arma dei legionari romani. La spada di Tiberio\u00ab<\/p>\n<p>Purtroppo si sa poco o nulla dello sviluppo del gladio negli ultimi quattro secoli prima dell'era cristiana. Le spade romane rinvenute nei reperti archeologici risalgono solo al I secolo a.C..<\/p>\n<p>L'unica cosa che conferma la loro parentela con il gladio romano \u00e8 il fatto che hanno esattamente lo stesso tipo di fodero. I Romani hanno mantenuto i quattro anelli di attacco.<\/p>\n<p>Questo artiglio romano \u00e8 solo per scopi decorativi o per rievocazioni senza combattimento. Infatti, la lama non \u00e8 affilata e non \u00e8 in alcun modo inadatta al combattimento.<\/p>\n<h2>Il vostro Roman Glaive al miglior prezzo.<\/h2>\n<p>Offriamo un'ampia gamma di spade ed elmi del periodo antico.<\/p>\n<p>Innanzitutto,<\/p>\n<ul>\n<li>\u00a0L'<a href=\"https:\/\/repliquemangacine.fr\/it\/spada-spade\/mainz-gladio-spada-tiberina\/\">spada di Tiberio<\/a> importati dall'India e prodotti da <a href=\"https:\/\/deepeeka.in\/\" target=\"_blank\" rel=\"noopener noreferrer\">Deepeeka<\/a>.<\/li>\n<li>E l'elmo di Massimo del film Il Gladiatore.<\/li>\n<li>C'\u00e8 anche il<a href=\"https:\/\/repliquemangacine.fr\/it\/armi-storiche\/giulio-cesare-spada-nera\/\">La spada di Giulio Cesare<\/a> in due colori da Denix.<\/li>\n<li>E molto altro ancora da scoprire nel nostro negozio online!<\/li>\n<\/ul>\n<p>Ecco perch\u00e9 abbiamo pensato ad alcune superbe idee regalo per tutti coloro che hanno la passione per l'antichit\u00e0.<\/p>\n<p>In conclusione, \u00e8 possibile utilizzare questo <strong>Spada romana nera<\/strong> per le vostre rievocazioni storiche o serate a tema. Ma soprattutto \u00e8 un oggetto da collezione e una decorazione.<\/p>\n<h2>Come posso mantenere la lama della mia spada antica?<\/h2>\n<p>Le spade da collezione e decorative sono realizzate e assemblate in modo semplificato. Poich\u00e9 il loro uso \u00e8 decorativo, non hanno le caratteristiche di sicurezza richieste per una spada giapponese destinata all'allenamento.<\/p>\n<p>Tuttavia, il vostro <strong>Spada romana nera<\/strong> a una lama d'acciaio che deve essere curata per evitare che si danneggi nel tempo. Quando si espone la katana, gli amici saranno curiosi di vedere la lama e di toccarla. \u00c8 qui che bisogna fare attenzione, perch\u00e9 l'acidit\u00e0 delle dita \u00e8 molto dannosa per l'acciaio, indipendentemente dalla sua qualit\u00e0.<\/p>\n<p>Tuttavia, se ci\u00f2 dovesse accadere, niente panico: basta un panno inumidito con un po' d'olio per eliminare le impronte. In questo modo, la spada durer\u00e0 a lungo.<\/p>","protected":false},"excerpt":{"rendered":"<p>Superba replica della spada della cavalleria romana.<\/p>\n<ul>\n<li>Lama in finto acciaio Damasco.<\/li>\n<li>Elsa e pomo in acciaio antico.<\/li>\n<li>Manico in metallo nero con decorazione.<\/li>\n<li>Fodero in similpelle.<\/li>\n<li>Quattro anelli per il fissaggio di un'imbracatura.<\/li>\n<li>Lunghezza lama: 50 cm - Lunghezza totale: 80 cm - Peso: 1680 gr.<\/li>\n<\/ul>","protected":false},"featured_media":29119,"template":"","meta":[],"product_brand":[896],"product_cat":[31,25,73],"product_tag":[],"class_list":{"0":"post-29118","1":"product","2":"type-product","3":"status-publish","4":"has-post-thumbnail","6":"product_brand-replique-manga-cine","7":"product_cat-armes-antiques","8":"product_cat-armes-historiques","9":"product_cat-epees-glaives-antique","11":"first","12":"instock","13":"taxable","14":"shipping-taxable","15":"purchasable","16":"product-type-simple"},"yoast_head":"<!-- This site is optimized with the Yoast SEO plugin v27.4 - https:\/\/yoast.com\/product\/yoast-seo-wordpress\/ -->\n<title>Glaive Romain - Vente \u00e9p\u00e9e Glaive Antique - R\u00e9plique Manga Cine<\/title>\n<meta name=\"description\" content=\"D\u00e9couvrez le Glaive Romain Noir au meilleur prix - Lame en Acier 440 - Fourreau similicuir d\u00e9cor\u00e9 - Longueur totale : 80 cm - Paiement 100% s\u00e9curis\u00e9\" \/>\n<meta name=\"robots\" content=\"index, follow, max-snippet:-1, max-image-preview:large, max-video-preview:-1\" \/>\n<link rel=\"canonical\" href=\"https:\/\/repliquemangacine.fr\/it\/spade-antiche\/spada-romana\/\" \/>\n<meta property=\"og:locale\" content=\"it_IT\" \/>\n<meta property=\"og:type\" content=\"article\" \/>\n<meta property=\"og:title\" content=\"Glaive Romain - Vente \u00e9p\u00e9e Glaive Antique - R\u00e9plique Manga Cine\" \/>\n<meta property=\"og:description\" content=\"D\u00e9couvrez le Glaive Romain Noir au meilleur prix - Lame en Acier 440 - Fourreau similicuir d\u00e9cor\u00e9 - Longueur totale : 80 cm - Paiement 100% s\u00e9curis\u00e9\" \/>\n<meta property=\"og:url\" content=\"https:\/\/repliquemangacine.fr\/it\/spade-antiche\/spada-romana\/\" \/>\n<meta property=\"og:site_name\" content=\"R\u00e9plique Manga Cin\u00e9\" \/>\n<meta property=\"article:publisher\" content=\"https:\/\/www.facebook.com\/RepliqueMangaCine\" \/>\n<meta property=\"article:modified_time\" content=\"2026-01-15T12:00:47+00:00\" \/>\n<meta property=\"og:image\" content=\"https:\/\/repliquemangacine.fr\/wp-content\/uploads\/2023\/10\/3809-Glaive-Cavalerie-Romaine-Noir.jpg\" \/>\n\t<meta property=\"og:image:width\" content=\"800\" \/>\n\t<meta property=\"og:image:height\" content=\"800\" \/>\n\t<meta property=\"og:image:type\" content=\"image\/jpeg\" \/>\n<meta name=\"twitter:card\" content=\"summary_large_image\" \/>\n<meta name=\"twitter:label1\" content=\"Tempo di lettura stimato\" \/>\n\t<meta name=\"twitter:data1\" content=\"3 minuti\" \/>\n<script type=\"application\/ld+json\" class=\"yoast-schema-graph\">{\"@context\":\"https:\\\/\\\/schema.org\",\"@graph\":[{\"@type\":\"WebPage\",\"@id\":\"https:\\\/\\\/repliquemangacine.fr\\\/epees-glaives-antique\\\/glaive-romain\\\/\",\"url\":\"https:\\\/\\\/repliquemangacine.fr\\\/epees-glaives-antique\\\/glaive-romain\\\/\",\"name\":\"Glaive Romain - Vente \u00e9p\u00e9e Glaive Antique - R\u00e9plique Manga Cine\",\"isPartOf\":{\"@id\":\"https:\\\/\\\/repliquemangacine.fr\\\/#website\"},\"primaryImageOfPage\":{\"@id\":\"https:\\\/\\\/repliquemangacine.fr\\\/epees-glaives-antique\\\/glaive-romain\\\/#primaryimage\"},\"image\":{\"@id\":\"https:\\\/\\\/repliquemangacine.fr\\\/epees-glaives-antique\\\/glaive-romain\\\/#primaryimage\"},\"thumbnailUrl\":\"https:\\\/\\\/repliquemangacine.fr\\\/wp-content\\\/uploads\\\/2023\\\/10\\\/3809-Glaive-Cavalerie-Romaine-Noir.jpg\",\"datePublished\":\"2020-10-22T10:42:07+00:00\",\"dateModified\":\"2026-01-15T12:00:47+00:00\",\"description\":\"D\u00e9couvrez le Glaive Romain Noir au meilleur prix - Lame en Acier 440 - Fourreau similicuir d\u00e9cor\u00e9 - Longueur totale : 80 cm - Paiement 100% s\u00e9curis\u00e9\",\"breadcrumb\":{\"@id\":\"https:\\\/\\\/repliquemangacine.fr\\\/epees-glaives-antique\\\/glaive-romain\\\/#breadcrumb\"},\"inLanguage\":\"it-IT\",\"potentialAction\":[{\"@type\":\"ReadAction\",\"target\":[\"https:\\\/\\\/repliquemangacine.fr\\\/epees-glaives-antique\\\/glaive-romain\\\/\"]}]},{\"@type\":\"ImageObject\",\"inLanguage\":\"it-IT\",\"@id\":\"https:\\\/\\\/repliquemangacine.fr\\\/epees-glaives-antique\\\/glaive-romain\\\/#primaryimage\",\"url\":\"https:\\\/\\\/repliquemangacine.fr\\\/wp-content\\\/uploads\\\/2023\\\/10\\\/3809-Glaive-Cavalerie-Romaine-Noir.jpg\",\"contentUrl\":\"https:\\\/\\\/repliquemangacine.fr\\\/wp-content\\\/uploads\\\/2023\\\/10\\\/3809-Glaive-Cavalerie-Romaine-Noir.jpg\",\"width\":800,\"height\":800,\"caption\":\"Glaive Cavalerie Romaine Noir\"},{\"@type\":\"BreadcrumbList\",\"@id\":\"https:\\\/\\\/repliquemangacine.fr\\\/epees-glaives-antique\\\/glaive-romain\\\/#breadcrumb\",\"itemListElement\":[{\"@type\":\"ListItem\",\"position\":1,\"name\":\"Accueil\",\"item\":\"https:\\\/\\\/repliquemangacine.fr\\\/\"},{\"@type\":\"ListItem\",\"position\":2,\"name\":\"Produits\",\"item\":\"https:\\\/\\\/repliquemangacine.fr\\\/boutique\\\/\"},{\"@type\":\"ListItem\",\"position\":3,\"name\":\"Glaive Romain\"}]},{\"@type\":\"WebSite\",\"@id\":\"https:\\\/\\\/repliquemangacine.fr\\\/#website\",\"url\":\"https:\\\/\\\/repliquemangacine.fr\\\/\",\"name\":\"R\u00e9plique Manga Cin\u00e9\",\"description\":\"\",\"publisher\":{\"@id\":\"https:\\\/\\\/repliquemangacine.fr\\\/#organization\"},\"potentialAction\":[{\"@type\":\"SearchAction\",\"target\":{\"@type\":\"EntryPoint\",\"urlTemplate\":\"https:\\\/\\\/repliquemangacine.fr\\\/?s={search_term_string}\"},\"query-input\":{\"@type\":\"PropertyValueSpecification\",\"valueRequired\":true,\"valueName\":\"search_term_string\"}}],\"inLanguage\":\"it-IT\"},{\"@type\":\"Organization\",\"@id\":\"https:\\\/\\\/repliquemangacine.fr\\\/#organization\",\"name\":\"R\u00e9plique Manga Cin\u00e9\",\"url\":\"https:\\\/\\\/repliquemangacine.fr\\\/\",\"logo\":{\"@type\":\"ImageObject\",\"inLanguage\":\"it-IT\",\"@id\":\"https:\\\/\\\/repliquemangacine.fr\\\/#\\\/schema\\\/logo\\\/image\\\/\",\"url\":\"https:\\\/\\\/repliquemangacine.fr\\\/wp-content\\\/uploads\\\/2023\\\/10\\\/RMC-500250.png\",\"contentUrl\":\"https:\\\/\\\/repliquemangacine.fr\\\/wp-content\\\/uploads\\\/2023\\\/10\\\/RMC-500250.png\",\"width\":500,\"height\":250,\"caption\":\"R\u00e9plique Manga Cin\u00e9\"},\"image\":{\"@id\":\"https:\\\/\\\/repliquemangacine.fr\\\/#\\\/schema\\\/logo\\\/image\\\/\"},\"sameAs\":[\"https:\\\/\\\/www.facebook.com\\\/RepliqueMangaCine\",\"https:\\\/\\\/www.instagram.com\\\/repliquemangacine.fr\\\/\"]}]}<\/script>\n<!-- \/ Yoast SEO plugin. -->","yoast_head_json":{"title":"Glaive Romain - Vendita spade antiche Glaive - Replica Manga Cine","description":"Scopri il Glaive Romain Noir al miglior prezzo - Lama in acciaio 440 - Fodero in similpelle decorato - Lunghezza totale: 80 cm - Pagamento sicuro 100%","robots":{"index":"index","follow":"follow","max-snippet":"max-snippet:-1","max-image-preview":"max-image-preview:large","max-video-preview":"max-video-preview:-1"},"canonical":"https:\/\/repliquemangacine.fr\/it\/spade-antiche\/spada-romana\/","og_locale":"it_IT","og_type":"article","og_title":"Glaive Romain - Vente \u00e9p\u00e9e Glaive Antique - R\u00e9plique Manga Cine","og_description":"D\u00e9couvrez le Glaive Romain Noir au meilleur prix - Lame en Acier 440 - Fourreau similicuir d\u00e9cor\u00e9 - Longueur totale : 80 cm - Paiement 100% s\u00e9curis\u00e9","og_url":"https:\/\/repliquemangacine.fr\/it\/spade-antiche\/spada-romana\/","og_site_name":"R\u00e9plique Manga Cin\u00e9","article_publisher":"https:\/\/www.facebook.com\/RepliqueMangaCine","article_modified_time":"2026-01-15T12:00:47+00:00","og_image":[{"width":800,"height":800,"url":"https:\/\/repliquemangacine.fr\/wp-content\/uploads\/2023\/10\/3809-Glaive-Cavalerie-Romaine-Noir.jpg","type":"image\/jpeg"}],"twitter_card":"summary_large_image","twitter_misc":{"Tempo di lettura stimato":"3 minuti"},"schema":{"@context":"https:\/\/schema.org","@graph":[{"@type":"WebPage","@id":"https:\/\/repliquemangacine.fr\/epees-glaives-antique\/glaive-romain\/","url":"https:\/\/repliquemangacine.fr\/epees-glaives-antique\/glaive-romain\/","name":"Glaive Romain - Vendita spade antiche Glaive - Replica Manga Cine","isPartOf":{"@id":"https:\/\/repliquemangacine.fr\/#website"},"primaryImageOfPage":{"@id":"https:\/\/repliquemangacine.fr\/epees-glaives-antique\/glaive-romain\/#primaryimage"},"image":{"@id":"https:\/\/repliquemangacine.fr\/epees-glaives-antique\/glaive-romain\/#primaryimage"},"thumbnailUrl":"https:\/\/repliquemangacine.fr\/wp-content\/uploads\/2023\/10\/3809-Glaive-Cavalerie-Romaine-Noir.jpg","datePublished":"2020-10-22T10:42:07+00:00","dateModified":"2026-01-15T12:00:47+00:00","description":"Scopri il Glaive Romain Noir al miglior prezzo - Lama in acciaio 440 - Fodero in similpelle decorato - Lunghezza totale: 80 cm - Pagamento sicuro 100%","breadcrumb":{"@id":"https:\/\/repliquemangacine.fr\/epees-glaives-antique\/glaive-romain\/#breadcrumb"},"inLanguage":"it-IT","potentialAction":[{"@type":"ReadAction","target":["https:\/\/repliquemangacine.fr\/epees-glaives-antique\/glaive-romain\/"]}]},{"@type":"ImageObject","inLanguage":"it-IT","@id":"https:\/\/repliquemangacine.fr\/epees-glaives-antique\/glaive-romain\/#primaryimage","url":"https:\/\/repliquemangacine.fr\/wp-content\/uploads\/2023\/10\/3809-Glaive-Cavalerie-Romaine-Noir.jpg","contentUrl":"https:\/\/repliquemangacine.fr\/wp-content\/uploads\/2023\/10\/3809-Glaive-Cavalerie-Romaine-Noir.jpg","width":800,"height":800,"caption":"Glaive Cavalerie Romaine Noir"},{"@type":"BreadcrumbList","@id":"https:\/\/repliquemangacine.fr\/epees-glaives-antique\/glaive-romain\/#breadcrumb","itemListElement":[{"@type":"ListItem","position":1,"name":"Accueil","item":"https:\/\/repliquemangacine.fr\/"},{"@type":"ListItem","position":2,"name":"Produits","item":"https:\/\/repliquemangacine.fr\/boutique\/"},{"@type":"ListItem","position":3,"name":"Glaive Romain"}]},{"@type":"WebSite","@id":"https:\/\/repliquemangacine.fr\/#website","url":"https:\/\/repliquemangacine.fr\/","name":"R\u00e9plique Manga Cin\u00e9","description":"","publisher":{"@id":"https:\/\/repliquemangacine.fr\/#organization"},"potentialAction":[{"@type":"SearchAction","target":{"@type":"EntryPoint","urlTemplate":"https:\/\/repliquemangacine.fr\/?s={search_term_string}"},"query-input":{"@type":"PropertyValueSpecification","valueRequired":true,"valueName":"search_term_string"}}],"inLanguage":"it-IT"},{"@type":"Organization","@id":"https:\/\/repliquemangacine.fr\/#organization","name":"R\u00e9plique Manga Cin\u00e9","url":"https:\/\/repliquemangacine.fr\/","logo":{"@type":"ImageObject","inLanguage":"it-IT","@id":"https:\/\/repliquemangacine.fr\/#\/schema\/logo\/image\/","url":"https:\/\/repliquemangacine.fr\/wp-content\/uploads\/2023\/10\/RMC-500250.png","contentUrl":"https:\/\/repliquemangacine.fr\/wp-content\/uploads\/2023\/10\/RMC-500250.png","width":500,"height":250,"caption":"R\u00e9plique Manga Cin\u00e9"},"image":{"@id":"https:\/\/repliquemangacine.fr\/#\/schema\/logo\/image\/"},"sameAs":["https:\/\/www.facebook.com\/RepliqueMangaCine","https:\/\/www.instagram.com\/repliquemangacine.fr\/"]}]}},"_links":{"self":[{"href":"https:\/\/repliquemangacine.fr\/it\/wp-json\/wp\/v2\/product\/29118","targetHints":{"allow":["GET"]}}],"collection":[{"href":"https:\/\/repliquemangacine.fr\/it\/wp-json\/wp\/v2\/product"}],"about":[{"href":"https:\/\/repliquemangacine.fr\/it\/wp-json\/wp\/v2\/types\/product"}],"wp:featuredmedia":[{"embeddable":true,"href":"https:\/\/repliquemangacine.fr\/it\/wp-json\/wp\/v2\/media\/29119"}],"wp:attachment":[{"href":"https:\/\/repliquemangacine.fr\/it\/wp-json\/wp\/v2\/media?parent=29118"}],"wp:term":[{"taxonomy":"product_brand","embeddable":true,"href":"https:\/\/repliquemangacine.fr\/it\/wp-json\/wp\/v2\/product_brand?post=29118"},{"taxonomy":"product_cat","embeddable":true,"href":"https:\/\/repliquemangacine.fr\/it\/wp-json\/wp\/v2\/product_cat?post=29118"},{"taxonomy":"product_tag","embeddable":true,"href":"https:\/\/repliquemangacine.fr\/it\/wp-json\/wp\/v2\/product_tag?post=29118"}],"curies":[{"name":"wp","href":"https:\/\/api.w.org\/{rel}","templated":true}]}}