





{"id":29055,"date":"2020-10-17T17:28:02","date_gmt":"2020-10-17T15:28:02","guid":{"rendered":"https:\/\/repliquemangacine.fr\/?post_type=product&#038;p=29055"},"modified":"2026-02-06T15:25:50","modified_gmt":"2026-02-06T14:25:50","slug":"pistola-walther-ppk-7-65-oro","status":"publish","type":"product","link":"https:\/\/repliquemangacine.fr\/it\/reproductions-armes-seconde-guerre-mondiale-denix\/pistolet-walther-ppk-7-65-dore\/","title":{"rendered":"Walther PPK 7,65 Pistola d'oro"},"content":{"rendered":"<h2>Pistola Walther PPK 7,65 Gold Denix 1931.<\/h2>\n<p>Per cominciare, il <strong>Walther PPK 7,65 Pistola d'oro<\/strong> del 1931 fu l'arma preferita dalla maggior parte degli ufficiali tedeschi nella 2\u1d49 Guerra Mondiale.<\/p>\n<p>La Walther PP (Polizei Pistole) \u00e8 una pistola semiautomatica a doppia azione con caricamento a rinculo. Va sottolineato che la maggior parte di queste armi era camerata in calibro 7,65 mm Browning.<\/p>\n<p>Durante la Seconda Guerra Mondiale fu utilizzata dalla polizia tedesca, dalla Luftwaffe e dai funzionari del partito nazista. Si dice che Adolf Hitler si sia suicidato con la sua PPK nel suo F\u00fchrerbunker di Berlino.<\/p>\n<p>Immortalata nella sua versione PPK dal personaggio di James Bond. \u00c8 apparsa nei film di James Bond, da 007 vs Dr No a Il domani non muore mai, oltre che nella maggior parte dei film della Seconda Guerra Mondiale.<\/p>\n<h2>La vostra pistola Walther PPK 7.65 al miglior prezzo.<\/h2>\n<p>Offriamo un'ampia gamma di riproduzioni di armi storiche Denix.<\/p>\n<p>Innanzitutto,<\/p>\n<ul>\n<li>La replica del <a href=\"https:\/\/repliquemangacine.fr\/it\/riproduzioni-darmes\/luger-parabellum-p08-kriegsmarine\/\">Luger Parabellum P08<\/a> in diverse versioni.<\/li>\n<li>C'\u00e8 anche la Colt <a href=\"https:\/\/repliquemangacine.fr\/it\/riproduzioni-darmes\/pistolet-browning-hi-power-gp35-belgique-1935\/\">Browning GP35<\/a> del 1935 con il suo calcio a coste.<\/li>\n<li>Oltre alla riproduzione di <a href=\"https:\/\/repliquemangacine.fr\/it\/riproduzioni-darmes\/pistolet-mitrailleur-mp40-denix\/\">Mitragliere MP 40<\/a> Maschinenpistole.<\/li>\n<li>E molti altri da scoprire nel nostro negozio online!<\/li>\n<\/ul>\n<p>Ecco perch\u00e9 abbiamo pensato ad alcune idee regalo per tutti coloro che amano la storia, e soprattutto per coloro che non vogliono dimenticare i nostri eroi.<\/p>\n<p>In conclusione, \u00e8 possibile utilizzare il metodo <strong>Walther PPK 7,65 Pistola d'oro<\/strong> Denix per le vostre rievocazioni storiche. Ma prima di tutto, questa riproduzione \u00e8 un'arma da collezione.<\/p>\n<p>R\u00e9plique Manga Cin\u00e9 \u00e8 un'azienda francese a conduzione familiare e distributore ufficiale del marchio <a href=\"https:\/\/www.denix.fr\/fr\/catalogue\/guerres-mondiales-1914-1945\/pistolets\/5277\/\" target=\"_blank\" rel=\"noopener noreferrer\">Denix<\/a>.<\/p>\n<h2>Come vengono realizzate le repliche delle armi Denix?<\/h2>\n<p>Utilizzate in rievocazioni storiche, film, serie e dai collezionisti. Le riproduzioni Denix sono realizzate con materiali di alta qualit\u00e0. Sono accuratamente lavorate e assemblate per creare armi realistiche da collezione.<\/p>\n<ul>\n<li>I metalli sono in una lega metallica nota come Zamac, la cui composizione di base \u00e8 zinco in 95%.<\/li>\n<li>Le parti in plastica delle repliche sono realizzate in ABS stampato, che offre una grande resistenza.<\/li>\n<li>Il legno scelto per la sua bellezza e durata, come il mogano, l'ulivo o il noce, conferir\u00e0 ai mozziconi e alle botti un aspetto elegante e autentico.<\/li>\n<\/ul>\n<p>Si noti che tutte le riproduzioni Denix sono identiche agli originali, come il vostro <strong>Walther PPK 7,65 Pistola d'oro<\/strong>.<\/p>","protected":false},"excerpt":{"rendered":"<p>Questa riproduzione della pistola semiautomatica Walther PPK, Germania 1929.<\/p>\n<ul>\n<li>Telaio in Zamac.<\/li>\n<li>Piastre di scorta in ABS imitazione avorio.<\/li>\n<li>Caricatore rimovibile.<\/li>\n<li>Calibro 7,65.<\/li>\n<li>Meccanismo\/simulatore di caricamento e rilascio.<\/li>\n<li>Spara e colpisce come un oggetto vero, ma \u00e8 totalmente inadatto a sparare.<\/li>\n<li>Non \u00e8 richiesta alcuna autorizzazione. Vendita e possesso gratuiti<\/li>\n<li>Dimensioni: 18 cm -Peso: 590 grammi<\/li>\n<\/ul>","protected":false},"featured_media":29056,"template":"","meta":[],"product_brand":[896],"product_cat":[25,102,54,40,28,76],"product_tag":[],"class_list":{"0":"post-29055","1":"product","2":"type-product","3":"status-publish","4":"has-post-thumbnail","6":"product_brand-replique-manga-cine","7":"product_cat-armes-historiques","8":"product_cat-denix","9":"product_cat-armes-accessoires-guerre-mondiale","10":"product_cat-pistolet-moderne","11":"product_cat-repliques-darmes","12":"product_cat-reproductions-armes-seconde-guerre-mondiale-denix","14":"first","15":"instock","16":"sale","17":"taxable","18":"shipping-taxable","19":"purchasable","20":"product-type-simple"},"yoast_head":"<!-- This site is optimized with the Yoast SEO plugin v27.4 - https:\/\/yoast.com\/product\/yoast-seo-wordpress\/ -->\n<title>Pistolet Walther PPK 7.65 Dor\u00e9 - Boutique en ligne | RMC<\/title>\n<meta name=\"description\" content=\"Offrez-vous ce pistolet Walther PPK 7.65 Dor\u00e9 au meilleur prix - En m\u00e9tal - Crosse imitation ivoire - Chargeur amovible - M\u00e9canisme fonctionnel - 18 cm\" \/>\n<meta name=\"robots\" content=\"index, follow, max-snippet:-1, max-image-preview:large, max-video-preview:-1\" \/>\n<link rel=\"canonical\" href=\"https:\/\/repliquemangacine.fr\/it\/denix\/pistola-walther-ppk-7-65-oro\/\" \/>\n<meta property=\"og:locale\" content=\"it_IT\" \/>\n<meta property=\"og:type\" content=\"article\" \/>\n<meta property=\"og:title\" content=\"Pistolet Walther PPK 7.65 Dor\u00e9 - Boutique en ligne | RMC\" \/>\n<meta property=\"og:description\" content=\"Offrez-vous ce pistolet Walther PPK 7.65 Dor\u00e9 au meilleur prix - En m\u00e9tal - Crosse imitation ivoire - Chargeur amovible - M\u00e9canisme fonctionnel - 18 cm\" \/>\n<meta property=\"og:url\" content=\"https:\/\/repliquemangacine.fr\/it\/denix\/pistola-walther-ppk-7-65-oro\/\" \/>\n<meta property=\"og:site_name\" content=\"R\u00e9plique Manga Cin\u00e9\" \/>\n<meta property=\"article:publisher\" content=\"https:\/\/www.facebook.com\/RepliqueMangaCine\" \/>\n<meta property=\"article:modified_time\" content=\"2026-02-06T14:25:50+00:00\" \/>\n<meta property=\"og:image\" content=\"https:\/\/repliquemangacine.fr\/wp-content\/uploads\/2023\/10\/3753-Pistolet-Walther-Dore-Calibre-7.65.jpg\" \/>\n\t<meta property=\"og:image:width\" content=\"800\" \/>\n\t<meta property=\"og:image:height\" content=\"800\" \/>\n\t<meta property=\"og:image:type\" content=\"image\/jpeg\" \/>\n<meta name=\"twitter:card\" content=\"summary_large_image\" \/>\n<meta name=\"twitter:label1\" content=\"Tempo di lettura stimato\" \/>\n\t<meta name=\"twitter:data1\" content=\"1 minuto\" \/>\n<script type=\"application\/ld+json\" class=\"yoast-schema-graph\">{\"@context\":\"https:\\\/\\\/schema.org\",\"@graph\":[{\"@type\":\"WebPage\",\"@id\":\"https:\\\/\\\/repliquemangacine.fr\\\/denix\\\/pistolet-walther-ppk-7-65-dore\\\/\",\"url\":\"https:\\\/\\\/repliquemangacine.fr\\\/denix\\\/pistolet-walther-ppk-7-65-dore\\\/\",\"name\":\"Pistolet Walther PPK 7.65 Dor\u00e9 - Boutique en ligne | RMC\",\"isPartOf\":{\"@id\":\"https:\\\/\\\/repliquemangacine.fr\\\/#website\"},\"primaryImageOfPage\":{\"@id\":\"https:\\\/\\\/repliquemangacine.fr\\\/denix\\\/pistolet-walther-ppk-7-65-dore\\\/#primaryimage\"},\"image\":{\"@id\":\"https:\\\/\\\/repliquemangacine.fr\\\/denix\\\/pistolet-walther-ppk-7-65-dore\\\/#primaryimage\"},\"thumbnailUrl\":\"https:\\\/\\\/repliquemangacine.fr\\\/wp-content\\\/uploads\\\/2023\\\/10\\\/3753-Pistolet-Walther-Dore-Calibre-7.65.jpg\",\"datePublished\":\"2020-10-17T15:28:02+00:00\",\"dateModified\":\"2026-02-06T14:25:50+00:00\",\"description\":\"Offrez-vous ce pistolet Walther PPK 7.65 Dor\u00e9 au meilleur prix - En m\u00e9tal - Crosse imitation ivoire - Chargeur amovible - M\u00e9canisme fonctionnel - 18 cm\",\"breadcrumb\":{\"@id\":\"https:\\\/\\\/repliquemangacine.fr\\\/denix\\\/pistolet-walther-ppk-7-65-dore\\\/#breadcrumb\"},\"inLanguage\":\"it-IT\",\"potentialAction\":[{\"@type\":\"ReadAction\",\"target\":[\"https:\\\/\\\/repliquemangacine.fr\\\/denix\\\/pistolet-walther-ppk-7-65-dore\\\/\"]}]},{\"@type\":\"ImageObject\",\"inLanguage\":\"it-IT\",\"@id\":\"https:\\\/\\\/repliquemangacine.fr\\\/denix\\\/pistolet-walther-ppk-7-65-dore\\\/#primaryimage\",\"url\":\"https:\\\/\\\/repliquemangacine.fr\\\/wp-content\\\/uploads\\\/2023\\\/10\\\/3753-Pistolet-Walther-Dore-Calibre-7.65.jpg\",\"contentUrl\":\"https:\\\/\\\/repliquemangacine.fr\\\/wp-content\\\/uploads\\\/2023\\\/10\\\/3753-Pistolet-Walther-Dore-Calibre-7.65.jpg\",\"width\":800,\"height\":800,\"caption\":\"Pistolet Walther Dor\u00e9 - Calibre 7.65\"},{\"@type\":\"BreadcrumbList\",\"@id\":\"https:\\\/\\\/repliquemangacine.fr\\\/denix\\\/pistolet-walther-ppk-7-65-dore\\\/#breadcrumb\",\"itemListElement\":[{\"@type\":\"ListItem\",\"position\":1,\"name\":\"Accueil\",\"item\":\"https:\\\/\\\/repliquemangacine.fr\\\/\"},{\"@type\":\"ListItem\",\"position\":2,\"name\":\"Produits\",\"item\":\"https:\\\/\\\/repliquemangacine.fr\\\/boutique\\\/\"},{\"@type\":\"ListItem\",\"position\":3,\"name\":\"Pistolet Walther PPK 7.65 Dor\u00e9\"}]},{\"@type\":\"WebSite\",\"@id\":\"https:\\\/\\\/repliquemangacine.fr\\\/#website\",\"url\":\"https:\\\/\\\/repliquemangacine.fr\\\/\",\"name\":\"R\u00e9plique Manga Cin\u00e9\",\"description\":\"\",\"publisher\":{\"@id\":\"https:\\\/\\\/repliquemangacine.fr\\\/#organization\"},\"potentialAction\":[{\"@type\":\"SearchAction\",\"target\":{\"@type\":\"EntryPoint\",\"urlTemplate\":\"https:\\\/\\\/repliquemangacine.fr\\\/?s={search_term_string}\"},\"query-input\":{\"@type\":\"PropertyValueSpecification\",\"valueRequired\":true,\"valueName\":\"search_term_string\"}}],\"inLanguage\":\"it-IT\"},{\"@type\":\"Organization\",\"@id\":\"https:\\\/\\\/repliquemangacine.fr\\\/#organization\",\"name\":\"R\u00e9plique Manga Cin\u00e9\",\"url\":\"https:\\\/\\\/repliquemangacine.fr\\\/\",\"logo\":{\"@type\":\"ImageObject\",\"inLanguage\":\"it-IT\",\"@id\":\"https:\\\/\\\/repliquemangacine.fr\\\/#\\\/schema\\\/logo\\\/image\\\/\",\"url\":\"https:\\\/\\\/repliquemangacine.fr\\\/wp-content\\\/uploads\\\/2023\\\/10\\\/RMC-500250.png\",\"contentUrl\":\"https:\\\/\\\/repliquemangacine.fr\\\/wp-content\\\/uploads\\\/2023\\\/10\\\/RMC-500250.png\",\"width\":500,\"height\":250,\"caption\":\"R\u00e9plique Manga Cin\u00e9\"},\"image\":{\"@id\":\"https:\\\/\\\/repliquemangacine.fr\\\/#\\\/schema\\\/logo\\\/image\\\/\"},\"sameAs\":[\"https:\\\/\\\/www.facebook.com\\\/RepliqueMangaCine\",\"https:\\\/\\\/www.instagram.com\\\/repliquemangacine.fr\\\/\"]}]}<\/script>\n<!-- \/ Yoast SEO plugin. -->","yoast_head_json":{"title":"Walther PPK 7.65 Gold Pistol - Negozio online | RMC","description":"Regalatevi questa pistola Walther PPK 7.65 Gold al miglior prezzo - Metallo - Impugnatura in finto avorio - Caricatore rimovibile - Meccanismo funzionale - 18 cm","robots":{"index":"index","follow":"follow","max-snippet":"max-snippet:-1","max-image-preview":"max-image-preview:large","max-video-preview":"max-video-preview:-1"},"canonical":"https:\/\/repliquemangacine.fr\/it\/denix\/pistola-walther-ppk-7-65-oro\/","og_locale":"it_IT","og_type":"article","og_title":"Pistolet Walther PPK 7.65 Dor\u00e9 - Boutique en ligne | RMC","og_description":"Offrez-vous ce pistolet Walther PPK 7.65 Dor\u00e9 au meilleur prix - En m\u00e9tal - Crosse imitation ivoire - Chargeur amovible - M\u00e9canisme fonctionnel - 18 cm","og_url":"https:\/\/repliquemangacine.fr\/it\/denix\/pistola-walther-ppk-7-65-oro\/","og_site_name":"R\u00e9plique Manga Cin\u00e9","article_publisher":"https:\/\/www.facebook.com\/RepliqueMangaCine","article_modified_time":"2026-02-06T14:25:50+00:00","og_image":[{"width":800,"height":800,"url":"https:\/\/repliquemangacine.fr\/wp-content\/uploads\/2023\/10\/3753-Pistolet-Walther-Dore-Calibre-7.65.jpg","type":"image\/jpeg"}],"twitter_card":"summary_large_image","twitter_misc":{"Tempo di lettura stimato":"1 minuto"},"schema":{"@context":"https:\/\/schema.org","@graph":[{"@type":"WebPage","@id":"https:\/\/repliquemangacine.fr\/denix\/pistolet-walther-ppk-7-65-dore\/","url":"https:\/\/repliquemangacine.fr\/denix\/pistolet-walther-ppk-7-65-dore\/","name":"Walther PPK 7.65 Gold Pistol - Negozio online | RMC","isPartOf":{"@id":"https:\/\/repliquemangacine.fr\/#website"},"primaryImageOfPage":{"@id":"https:\/\/repliquemangacine.fr\/denix\/pistolet-walther-ppk-7-65-dore\/#primaryimage"},"image":{"@id":"https:\/\/repliquemangacine.fr\/denix\/pistolet-walther-ppk-7-65-dore\/#primaryimage"},"thumbnailUrl":"https:\/\/repliquemangacine.fr\/wp-content\/uploads\/2023\/10\/3753-Pistolet-Walther-Dore-Calibre-7.65.jpg","datePublished":"2020-10-17T15:28:02+00:00","dateModified":"2026-02-06T14:25:50+00:00","description":"Regalatevi questa pistola Walther PPK 7.65 Gold al miglior prezzo - Metallo - Impugnatura in finto avorio - Caricatore rimovibile - Meccanismo funzionale - 18 cm","breadcrumb":{"@id":"https:\/\/repliquemangacine.fr\/denix\/pistolet-walther-ppk-7-65-dore\/#breadcrumb"},"inLanguage":"it-IT","potentialAction":[{"@type":"ReadAction","target":["https:\/\/repliquemangacine.fr\/denix\/pistolet-walther-ppk-7-65-dore\/"]}]},{"@type":"ImageObject","inLanguage":"it-IT","@id":"https:\/\/repliquemangacine.fr\/denix\/pistolet-walther-ppk-7-65-dore\/#primaryimage","url":"https:\/\/repliquemangacine.fr\/wp-content\/uploads\/2023\/10\/3753-Pistolet-Walther-Dore-Calibre-7.65.jpg","contentUrl":"https:\/\/repliquemangacine.fr\/wp-content\/uploads\/2023\/10\/3753-Pistolet-Walther-Dore-Calibre-7.65.jpg","width":800,"height":800,"caption":"Pistolet Walther Dor\u00e9 - Calibre 7.65"},{"@type":"BreadcrumbList","@id":"https:\/\/repliquemangacine.fr\/denix\/pistolet-walther-ppk-7-65-dore\/#breadcrumb","itemListElement":[{"@type":"ListItem","position":1,"name":"Accueil","item":"https:\/\/repliquemangacine.fr\/"},{"@type":"ListItem","position":2,"name":"Produits","item":"https:\/\/repliquemangacine.fr\/boutique\/"},{"@type":"ListItem","position":3,"name":"Pistolet Walther PPK 7.65 Dor\u00e9"}]},{"@type":"WebSite","@id":"https:\/\/repliquemangacine.fr\/#website","url":"https:\/\/repliquemangacine.fr\/","name":"R\u00e9plique Manga Cin\u00e9","description":"","publisher":{"@id":"https:\/\/repliquemangacine.fr\/#organization"},"potentialAction":[{"@type":"SearchAction","target":{"@type":"EntryPoint","urlTemplate":"https:\/\/repliquemangacine.fr\/?s={search_term_string}"},"query-input":{"@type":"PropertyValueSpecification","valueRequired":true,"valueName":"search_term_string"}}],"inLanguage":"it-IT"},{"@type":"Organization","@id":"https:\/\/repliquemangacine.fr\/#organization","name":"R\u00e9plique Manga Cin\u00e9","url":"https:\/\/repliquemangacine.fr\/","logo":{"@type":"ImageObject","inLanguage":"it-IT","@id":"https:\/\/repliquemangacine.fr\/#\/schema\/logo\/image\/","url":"https:\/\/repliquemangacine.fr\/wp-content\/uploads\/2023\/10\/RMC-500250.png","contentUrl":"https:\/\/repliquemangacine.fr\/wp-content\/uploads\/2023\/10\/RMC-500250.png","width":500,"height":250,"caption":"R\u00e9plique Manga Cin\u00e9"},"image":{"@id":"https:\/\/repliquemangacine.fr\/#\/schema\/logo\/image\/"},"sameAs":["https:\/\/www.facebook.com\/RepliqueMangaCine","https:\/\/www.instagram.com\/repliquemangacine.fr\/"]}]}},"_links":{"self":[{"href":"https:\/\/repliquemangacine.fr\/it\/wp-json\/wp\/v2\/product\/29055","targetHints":{"allow":["GET"]}}],"collection":[{"href":"https:\/\/repliquemangacine.fr\/it\/wp-json\/wp\/v2\/product"}],"about":[{"href":"https:\/\/repliquemangacine.fr\/it\/wp-json\/wp\/v2\/types\/product"}],"wp:featuredmedia":[{"embeddable":true,"href":"https:\/\/repliquemangacine.fr\/it\/wp-json\/wp\/v2\/media\/29056"}],"wp:attachment":[{"href":"https:\/\/repliquemangacine.fr\/it\/wp-json\/wp\/v2\/media?parent=29055"}],"wp:term":[{"taxonomy":"product_brand","embeddable":true,"href":"https:\/\/repliquemangacine.fr\/it\/wp-json\/wp\/v2\/product_brand?post=29055"},{"taxonomy":"product_cat","embeddable":true,"href":"https:\/\/repliquemangacine.fr\/it\/wp-json\/wp\/v2\/product_cat?post=29055"},{"taxonomy":"product_tag","embeddable":true,"href":"https:\/\/repliquemangacine.fr\/it\/wp-json\/wp\/v2\/product_tag?post=29055"}],"curies":[{"name":"wp","href":"https:\/\/api.w.org\/{rel}","templated":true}]}}