





{"id":29033,"date":"2020-08-02T15:18:31","date_gmt":"2020-08-02T13:18:31","guid":{"rendered":"https:\/\/repliquemangacine.fr\/?post_type=product&#038;p=29033"},"modified":"2026-02-25T06:03:46","modified_gmt":"2026-02-25T05:03:46","slug":"pugnale-rambo-3","status":"publish","type":"product","link":"https:\/\/repliquemangacine.fr\/it\/couteaux-de-chasse\/poignard-rambo-3\/","title":{"rendered":"Pugnale Rambo 3"},"content":{"rendered":"<h2>Replica del pugnale Rambo 3<\/h2>\n<p>Per cominciare, il <strong>Pugnale Rambo 3<\/strong> \u00e8 esattamente come appare nel film. Nessun certificato di autenticit\u00e0, ma l'alta qualit\u00e0 del pugnale far\u00e0 la gioia di tutti i fan, soprattutto a questo prezzo!<\/p>\n<p>Innanzitutto, Rambo \u00e8 una saga cinematografica americana composta da cinque film. <a href=\"https:\/\/heros.fandom.com\/fr\/wiki\/John_Rambo\" target=\"_blank\" rel=\"noopener noreferrer\">John James Rambo<\/a> \u00e8 il personaggio principale del romanzo e degli adattamenti cinematografici. Sul grande schermo \u00e8 interpretato dall'attore Sylvester Stallone.<\/p>\n<p>Ha anche un'affinit\u00e0 con i coltelli, sia come arma per uccidere un gran numero di nemici che come strumento di sopravvivenza. Rambo \u00e8 incredibilmente abile con diversi tipi di armi da fuoco, ma anche con l'arco, che preferisce usare quando deve essere furtivo. Molto intelligente, in grado di parlare diverse lingue, \u00e8 un pilota e un cacciatore di talento.<\/p>\n<h2>Il tuo pugnale Rambo 3 al miglior prezzo<\/h2>\n<p>Vi offriamo tutti i coltelli di Rambo di tutti i suoi film.<\/p>\n<p>Innanzitutto,<\/p>\n<ul>\n<li>Le <a href=\"https:\/\/repliquemangacine.fr\/it\/coltelli-rambo-pugnale-john-rambo\/pugnale-firmato-rambo-2\/\">Pugnale Rambo 2<\/a>\u00a0 con la firma dello stesso Stallone.<\/li>\n<li>C'\u00e8 anche il <a href=\"https:\/\/repliquemangacine.fr\/it\/coltelli-rambo-pugnale-john-rambo\/machette-rambo-iv\/\">Machete Rambo<\/a> visto nei film 4 e 5<\/li>\n<li>Il pi\u00f9 recente, il <a href=\"https:\/\/repliquemangacine.fr\/it\/coltelli-rambo-pugnale-john-rambo\/couteau-rambo-v-last-blood-couteau-rambo-heartstopper\/\">Coltello Last Blood<\/a> nell'ultima opera.<\/li>\n<li>E molto altro ancora da scoprire nel nostro negozio online!<\/li>\n<\/ul>\n<p>Ecco perch\u00e9 questa \u00e8 un'ottima idea regalo per tutti i fan di Rambo.<\/p>\n<p>In conclusione, \u00e8 possibile utilizzare il metodo <strong>Pugnale Rambo 3<\/strong> per le feste a tema o i cosplay. Ma soprattutto, questo coltello \u00e8 un oggetto da collezione.<\/p>\n<p>R\u00e9plique Manga Cin\u00e9 \u00e8 un'azienda familiare francese<\/p>\n<h2>Come si mantiene la lama del coltello?<\/h2>\n<p>I coltelli da collezione e decorativi sono fabbricati e assemblati in modo semplificato. Essendo destinati a scopi decorativi, non dispongono degli elementi di sicurezza necessari per una spada giapponese destinata all'allenamento.<\/p>\n<p>Tuttavia, il vostro <strong>Pugnale Rambo 3<\/strong> a una lama d'acciaio che deve essere curata per evitare che si danneggi nel tempo. Quando si espone la katana, gli amici saranno curiosi di vedere la lama e di toccarla. \u00c8 qui che bisogna fare attenzione, perch\u00e9 l'acidit\u00e0 delle dita \u00e8 molto dannosa per l'acciaio, indipendentemente dalla sua qualit\u00e0.<\/p>\n<p>Tuttavia, se ci\u00f2 dovesse accadere, niente panico: \u00e8 sufficiente un panno inumidito con un po' di olio per eliminare le impronte digitali. In questo modo, il vostro coltello durer\u00e0 a lungo.<\/p>","protected":false},"excerpt":{"rendered":"<p>Replica a grandezza naturale del coltello di Rambo 3.<\/p>\n<ul>\n<li>Lama incisa in acciaio 440, affilatura Bowie.<\/li>\n<li>Elsa e pomo in acciaio massiccio.<\/li>\n<li>Manico in legno.<\/li>\n<li>Fodero in pelle cucito a mano con chiusura a pressione.<\/li>\n<li>Lunghezza lama: 28,5 cm - Lunghezza totale: 42 cm<\/li>\n<li>Peso 752 gr<\/li>\n<\/ul>","protected":false},"featured_media":29034,"template":"","meta":[],"product_brand":[896],"product_cat":[890,24,61],"product_tag":[],"class_list":{"0":"post-29033","1":"product","2":"type-product","3":"status-publish","4":"has-post-thumbnail","6":"product_brand-replique-manga-cine","7":"product_cat-couteaux-de-chasse","8":"product_cat-films-series-tv-vente-de-katana-epee-et-produits-derives","9":"product_cat-couteaux-rambo-poignard-john-rambo","11":"first","12":"outofstock","13":"taxable","14":"shipping-taxable","15":"purchasable","16":"product-type-simple"},"yoast_head":"<!-- This site is optimized with the Yoast SEO plugin v27.4 - https:\/\/yoast.com\/product\/yoast-seo-wordpress\/ -->\n<title>Poignard Rambo 3 - Vente Couteau Rambo | R\u00e9plique Manga Cin\u00e9<\/title>\n<meta name=\"description\" content=\"Offrez-vous la r\u00e9plique exacte du Poignard Rambo 3 au meilleur prix. Lame aff\u00fbt\u00e9e et grav\u00e9e - Fourreau en cuir - Longueur totale : 42 cm - Envoi 24\/48h\" \/>\n<meta name=\"robots\" content=\"index, follow, max-snippet:-1, max-image-preview:large, max-video-preview:-1\" \/>\n<link rel=\"canonical\" href=\"https:\/\/repliquemangacine.fr\/it\/coltelli-da-caccia\/pugnale-rambo-3\/\" \/>\n<meta property=\"og:locale\" content=\"it_IT\" \/>\n<meta property=\"og:type\" content=\"article\" \/>\n<meta property=\"og:title\" content=\"Poignard Rambo 3 - Vente Couteau Rambo | R\u00e9plique Manga Cin\u00e9\" \/>\n<meta property=\"og:description\" content=\"Offrez-vous la r\u00e9plique exacte du Poignard Rambo 3 au meilleur prix. Lame aff\u00fbt\u00e9e et grav\u00e9e - Fourreau en cuir - Longueur totale : 42 cm - Envoi 24\/48h\" \/>\n<meta property=\"og:url\" content=\"https:\/\/repliquemangacine.fr\/it\/coltelli-da-caccia\/pugnale-rambo-3\/\" \/>\n<meta property=\"og:site_name\" content=\"R\u00e9plique Manga Cin\u00e9\" \/>\n<meta property=\"article:publisher\" content=\"https:\/\/www.facebook.com\/RepliqueMangaCine\" \/>\n<meta property=\"article:modified_time\" content=\"2026-02-25T05:03:46+00:00\" \/>\n<meta property=\"og:image\" content=\"https:\/\/repliquemangacine.fr\/wp-content\/uploads\/2023\/10\/3728-Lame-Couteau-Poignard-Rambo-III.jpg\" \/>\n\t<meta property=\"og:image:width\" content=\"800\" \/>\n\t<meta property=\"og:image:height\" content=\"800\" \/>\n\t<meta property=\"og:image:type\" content=\"image\/jpeg\" \/>\n<meta name=\"twitter:card\" content=\"summary_large_image\" \/>\n<meta name=\"twitter:label1\" content=\"Tempo di lettura stimato\" \/>\n\t<meta name=\"twitter:data1\" content=\"1 minuto\" \/>\n<script type=\"application\/ld+json\" class=\"yoast-schema-graph\">{\"@context\":\"https:\\\/\\\/schema.org\",\"@graph\":[{\"@type\":\"WebPage\",\"@id\":\"https:\\\/\\\/repliquemangacine.fr\\\/couteaux-de-chasse\\\/poignard-rambo-3\\\/\",\"url\":\"https:\\\/\\\/repliquemangacine.fr\\\/couteaux-de-chasse\\\/poignard-rambo-3\\\/\",\"name\":\"Poignard Rambo 3 - Vente Couteau Rambo | R\u00e9plique Manga Cin\u00e9\",\"isPartOf\":{\"@id\":\"https:\\\/\\\/repliquemangacine.fr\\\/#website\"},\"primaryImageOfPage\":{\"@id\":\"https:\\\/\\\/repliquemangacine.fr\\\/couteaux-de-chasse\\\/poignard-rambo-3\\\/#primaryimage\"},\"image\":{\"@id\":\"https:\\\/\\\/repliquemangacine.fr\\\/couteaux-de-chasse\\\/poignard-rambo-3\\\/#primaryimage\"},\"thumbnailUrl\":\"https:\\\/\\\/repliquemangacine.fr\\\/wp-content\\\/uploads\\\/2023\\\/10\\\/3728-Lame-Couteau-Poignard-Rambo-III.jpg\",\"datePublished\":\"2020-08-02T13:18:31+00:00\",\"dateModified\":\"2026-02-25T05:03:46+00:00\",\"description\":\"Offrez-vous la r\u00e9plique exacte du Poignard Rambo 3 au meilleur prix. Lame aff\u00fbt\u00e9e et grav\u00e9e - Fourreau en cuir - Longueur totale : 42 cm - Envoi 24\\\/48h\",\"breadcrumb\":{\"@id\":\"https:\\\/\\\/repliquemangacine.fr\\\/couteaux-de-chasse\\\/poignard-rambo-3\\\/#breadcrumb\"},\"inLanguage\":\"it-IT\",\"potentialAction\":[{\"@type\":\"ReadAction\",\"target\":[\"https:\\\/\\\/repliquemangacine.fr\\\/couteaux-de-chasse\\\/poignard-rambo-3\\\/\"]}]},{\"@type\":\"ImageObject\",\"inLanguage\":\"it-IT\",\"@id\":\"https:\\\/\\\/repliquemangacine.fr\\\/couteaux-de-chasse\\\/poignard-rambo-3\\\/#primaryimage\",\"url\":\"https:\\\/\\\/repliquemangacine.fr\\\/wp-content\\\/uploads\\\/2023\\\/10\\\/3728-Lame-Couteau-Poignard-Rambo-III.jpg\",\"contentUrl\":\"https:\\\/\\\/repliquemangacine.fr\\\/wp-content\\\/uploads\\\/2023\\\/10\\\/3728-Lame-Couteau-Poignard-Rambo-III.jpg\",\"width\":800,\"height\":800,\"caption\":\"Lame Couteau Poignard Rambo III\"},{\"@type\":\"BreadcrumbList\",\"@id\":\"https:\\\/\\\/repliquemangacine.fr\\\/couteaux-de-chasse\\\/poignard-rambo-3\\\/#breadcrumb\",\"itemListElement\":[{\"@type\":\"ListItem\",\"position\":1,\"name\":\"Accueil\",\"item\":\"https:\\\/\\\/repliquemangacine.fr\\\/\"},{\"@type\":\"ListItem\",\"position\":2,\"name\":\"Produits\",\"item\":\"https:\\\/\\\/repliquemangacine.fr\\\/boutique\\\/\"},{\"@type\":\"ListItem\",\"position\":3,\"name\":\"Poignard Rambo 3\"}]},{\"@type\":\"WebSite\",\"@id\":\"https:\\\/\\\/repliquemangacine.fr\\\/#website\",\"url\":\"https:\\\/\\\/repliquemangacine.fr\\\/\",\"name\":\"R\u00e9plique Manga Cin\u00e9\",\"description\":\"\",\"publisher\":{\"@id\":\"https:\\\/\\\/repliquemangacine.fr\\\/#organization\"},\"potentialAction\":[{\"@type\":\"SearchAction\",\"target\":{\"@type\":\"EntryPoint\",\"urlTemplate\":\"https:\\\/\\\/repliquemangacine.fr\\\/?s={search_term_string}\"},\"query-input\":{\"@type\":\"PropertyValueSpecification\",\"valueRequired\":true,\"valueName\":\"search_term_string\"}}],\"inLanguage\":\"it-IT\"},{\"@type\":\"Organization\",\"@id\":\"https:\\\/\\\/repliquemangacine.fr\\\/#organization\",\"name\":\"R\u00e9plique Manga Cin\u00e9\",\"url\":\"https:\\\/\\\/repliquemangacine.fr\\\/\",\"logo\":{\"@type\":\"ImageObject\",\"inLanguage\":\"it-IT\",\"@id\":\"https:\\\/\\\/repliquemangacine.fr\\\/#\\\/schema\\\/logo\\\/image\\\/\",\"url\":\"https:\\\/\\\/repliquemangacine.fr\\\/wp-content\\\/uploads\\\/2023\\\/10\\\/RMC-500250.png\",\"contentUrl\":\"https:\\\/\\\/repliquemangacine.fr\\\/wp-content\\\/uploads\\\/2023\\\/10\\\/RMC-500250.png\",\"width\":500,\"height\":250,\"caption\":\"R\u00e9plique Manga Cin\u00e9\"},\"image\":{\"@id\":\"https:\\\/\\\/repliquemangacine.fr\\\/#\\\/schema\\\/logo\\\/image\\\/\"},\"sameAs\":[\"https:\\\/\\\/www.facebook.com\\\/RepliqueMangaCine\",\"https:\\\/\\\/www.instagram.com\\\/repliquemangacine.fr\\\/\"]}]}<\/script>\n<!-- \/ Yoast SEO plugin. -->","yoast_head_json":{"title":"Rambo pugnale 3 - Rambo coltello vendita | R\u00e9plique Manga Cin\u00e9","description":"Regalatevi la replica esatta del pugnale Rambo 3 al miglior prezzo. Lama affilata e incisa - Fodero in pelle - Lunghezza totale: 42 cm - Spedizione 24\/48h","robots":{"index":"index","follow":"follow","max-snippet":"max-snippet:-1","max-image-preview":"max-image-preview:large","max-video-preview":"max-video-preview:-1"},"canonical":"https:\/\/repliquemangacine.fr\/it\/coltelli-da-caccia\/pugnale-rambo-3\/","og_locale":"it_IT","og_type":"article","og_title":"Poignard Rambo 3 - Vente Couteau Rambo | R\u00e9plique Manga Cin\u00e9","og_description":"Offrez-vous la r\u00e9plique exacte du Poignard Rambo 3 au meilleur prix. Lame aff\u00fbt\u00e9e et grav\u00e9e - Fourreau en cuir - Longueur totale : 42 cm - Envoi 24\/48h","og_url":"https:\/\/repliquemangacine.fr\/it\/coltelli-da-caccia\/pugnale-rambo-3\/","og_site_name":"R\u00e9plique Manga Cin\u00e9","article_publisher":"https:\/\/www.facebook.com\/RepliqueMangaCine","article_modified_time":"2026-02-25T05:03:46+00:00","og_image":[{"width":800,"height":800,"url":"https:\/\/repliquemangacine.fr\/wp-content\/uploads\/2023\/10\/3728-Lame-Couteau-Poignard-Rambo-III.jpg","type":"image\/jpeg"}],"twitter_card":"summary_large_image","twitter_misc":{"Tempo di lettura stimato":"1 minuto"},"schema":{"@context":"https:\/\/schema.org","@graph":[{"@type":"WebPage","@id":"https:\/\/repliquemangacine.fr\/couteaux-de-chasse\/poignard-rambo-3\/","url":"https:\/\/repliquemangacine.fr\/couteaux-de-chasse\/poignard-rambo-3\/","name":"Rambo pugnale 3 - Rambo coltello vendita | R\u00e9plique Manga Cin\u00e9","isPartOf":{"@id":"https:\/\/repliquemangacine.fr\/#website"},"primaryImageOfPage":{"@id":"https:\/\/repliquemangacine.fr\/couteaux-de-chasse\/poignard-rambo-3\/#primaryimage"},"image":{"@id":"https:\/\/repliquemangacine.fr\/couteaux-de-chasse\/poignard-rambo-3\/#primaryimage"},"thumbnailUrl":"https:\/\/repliquemangacine.fr\/wp-content\/uploads\/2023\/10\/3728-Lame-Couteau-Poignard-Rambo-III.jpg","datePublished":"2020-08-02T13:18:31+00:00","dateModified":"2026-02-25T05:03:46+00:00","description":"Regalatevi la replica esatta del pugnale Rambo 3 al miglior prezzo. Lama affilata e incisa - Fodero in pelle - Lunghezza totale: 42 cm - Spedizione 24\/48h","breadcrumb":{"@id":"https:\/\/repliquemangacine.fr\/couteaux-de-chasse\/poignard-rambo-3\/#breadcrumb"},"inLanguage":"it-IT","potentialAction":[{"@type":"ReadAction","target":["https:\/\/repliquemangacine.fr\/couteaux-de-chasse\/poignard-rambo-3\/"]}]},{"@type":"ImageObject","inLanguage":"it-IT","@id":"https:\/\/repliquemangacine.fr\/couteaux-de-chasse\/poignard-rambo-3\/#primaryimage","url":"https:\/\/repliquemangacine.fr\/wp-content\/uploads\/2023\/10\/3728-Lame-Couteau-Poignard-Rambo-III.jpg","contentUrl":"https:\/\/repliquemangacine.fr\/wp-content\/uploads\/2023\/10\/3728-Lame-Couteau-Poignard-Rambo-III.jpg","width":800,"height":800,"caption":"Lame Couteau Poignard Rambo III"},{"@type":"BreadcrumbList","@id":"https:\/\/repliquemangacine.fr\/couteaux-de-chasse\/poignard-rambo-3\/#breadcrumb","itemListElement":[{"@type":"ListItem","position":1,"name":"Accueil","item":"https:\/\/repliquemangacine.fr\/"},{"@type":"ListItem","position":2,"name":"Produits","item":"https:\/\/repliquemangacine.fr\/boutique\/"},{"@type":"ListItem","position":3,"name":"Poignard Rambo 3"}]},{"@type":"WebSite","@id":"https:\/\/repliquemangacine.fr\/#website","url":"https:\/\/repliquemangacine.fr\/","name":"R\u00e9plique Manga Cin\u00e9","description":"","publisher":{"@id":"https:\/\/repliquemangacine.fr\/#organization"},"potentialAction":[{"@type":"SearchAction","target":{"@type":"EntryPoint","urlTemplate":"https:\/\/repliquemangacine.fr\/?s={search_term_string}"},"query-input":{"@type":"PropertyValueSpecification","valueRequired":true,"valueName":"search_term_string"}}],"inLanguage":"it-IT"},{"@type":"Organization","@id":"https:\/\/repliquemangacine.fr\/#organization","name":"R\u00e9plique Manga Cin\u00e9","url":"https:\/\/repliquemangacine.fr\/","logo":{"@type":"ImageObject","inLanguage":"it-IT","@id":"https:\/\/repliquemangacine.fr\/#\/schema\/logo\/image\/","url":"https:\/\/repliquemangacine.fr\/wp-content\/uploads\/2023\/10\/RMC-500250.png","contentUrl":"https:\/\/repliquemangacine.fr\/wp-content\/uploads\/2023\/10\/RMC-500250.png","width":500,"height":250,"caption":"R\u00e9plique Manga Cin\u00e9"},"image":{"@id":"https:\/\/repliquemangacine.fr\/#\/schema\/logo\/image\/"},"sameAs":["https:\/\/www.facebook.com\/RepliqueMangaCine","https:\/\/www.instagram.com\/repliquemangacine.fr\/"]}]}},"_links":{"self":[{"href":"https:\/\/repliquemangacine.fr\/it\/wp-json\/wp\/v2\/product\/29033","targetHints":{"allow":["GET"]}}],"collection":[{"href":"https:\/\/repliquemangacine.fr\/it\/wp-json\/wp\/v2\/product"}],"about":[{"href":"https:\/\/repliquemangacine.fr\/it\/wp-json\/wp\/v2\/types\/product"}],"wp:featuredmedia":[{"embeddable":true,"href":"https:\/\/repliquemangacine.fr\/it\/wp-json\/wp\/v2\/media\/29034"}],"wp:attachment":[{"href":"https:\/\/repliquemangacine.fr\/it\/wp-json\/wp\/v2\/media?parent=29033"}],"wp:term":[{"taxonomy":"product_brand","embeddable":true,"href":"https:\/\/repliquemangacine.fr\/it\/wp-json\/wp\/v2\/product_brand?post=29033"},{"taxonomy":"product_cat","embeddable":true,"href":"https:\/\/repliquemangacine.fr\/it\/wp-json\/wp\/v2\/product_cat?post=29033"},{"taxonomy":"product_tag","embeddable":true,"href":"https:\/\/repliquemangacine.fr\/it\/wp-json\/wp\/v2\/product_tag?post=29033"}],"curies":[{"name":"wp","href":"https:\/\/api.w.org\/{rel}","templated":true}]}}