





{"id":29024,"date":"2020-07-25T16:07:38","date_gmt":"2020-07-25T14:07:38","guid":{"rendered":"https:\/\/repliquemangacine.fr\/?post_type=product&#038;p=29024"},"modified":"2025-09-23T18:02:33","modified_gmt":"2025-09-23T16:02:33","slug":"rick-grimes-ascia-the-walking-dead","status":"publish","type":"product","link":"https:\/\/repliquemangacine.fr\/it\/armes-the-walking-dead\/hache-de-rick-grimes-the-walking-dead\/","title":{"rendered":"Ascia di Rick Walking Dead"},"content":{"rendered":"<h2>Replica dell'ascia di Rick Walking Dead<\/h2>\n<p>Per cominciare, il <strong>Ascia di Rick Walking Dead<\/strong> \u00e8 apparso a partire dalla terza stagione nella prigione della serie cult The Walking Dead.<\/p>\n<p>L'ascia \u00e8 uno strumento costituito da una lama d'acciaio fissata a un manico di legno. Viene utilizzata soprattutto per tagliare il legno, ma anche come arma. I vigili del fuoco la usano per aprire le porte.<\/p>\n<p>Utilizzata come arma da combattimento ravvicinato. Pi\u00f9 difficile da impugnare rispetto alla spada a causa del suo peso e della mancanza di equilibrio, l'ascia consente tuttavia di sferrare colpi pi\u00f9 potenti e tecniche volte a disarmare l'avversario o a rompere la sua guardia.<\/p>\n<p>L'ascia \u00e8 anche un'arma corta tradizionale molto potente, utilizzata in coppia in alcuni stili di arti marziali cinesi, come ad esempio <a href=\"https:\/\/www.mansuriakungfu.com\/history.php\" target=\"_blank\" rel=\"noopener noreferrer\">Mansuria Kung Fu<\/a>.<\/p>\n<h2>L'ascia di Rick Walking Dead.<\/h2>\n<p>Offriamo un'ampia gamma di riproduzioni di armi della serie TV The Walking Dead.<\/p>\n<p>Innanzitutto,<\/p>\n<ul>\n<li>Una replica identica del <a href=\"https:\/\/repliquemangacine.fr\/it\/i-morti-che-camminano\/pugnale-daryl-walking-dead\/\">Il pugnale di Daryl<\/a> che usa contro Lance Hornsby nell'episodio 18 della Stagione 11.<\/li>\n<li>Cos\u00ec come il <a href=\"https:\/\/repliquemangacine.fr\/it\/i-morti-che-camminano\/carol-dagger-walking-dead\/\">pugnale a nocche<\/a> utilizzato da Carole nella serie TWD.<\/li>\n<li>C'\u00e8 anche il <a href=\"https:\/\/repliquemangacine.fr\/it\/i-morti-che-camminano\/mazza-negan-in-schiuma-rigida-lucille\/\">Mazza di Negan<\/a> Lucille\" in schiuma rigida.<\/li>\n<li>E molti altri da scoprire nel nostro negozio online!<\/li>\n<\/ul>\n<p>Ecco perch\u00e9 questa \u00e8 un'ottima idea regalo per tutti gli amanti delle armi storiche.<\/p>\n<p>In conclusione, \u00e8 possibile utilizzare questo <strong>Ascia di Rick Walking Dead<\/strong> per la vostra decorazione d'interni o per le vostre serate a tema. Ma soprattutto, quest'arma \u00e8 un oggetto da collezione e un pezzo decorativo.<\/p>\n<h2>Come si effettua la manutenzione della lama dell'ascia?<\/h2>\n<p>Le spade da collezione e decorative sono realizzate e assemblate in modo semplificato. Poich\u00e9 il loro uso \u00e8 decorativo, non hanno le caratteristiche di sicurezza richieste per una spada giapponese destinata all'allenamento.<\/p>\n<p>Tuttavia, il vostro <strong>Ascia di Rick Walking Dead<\/strong> a una lama d'acciaio che deve essere curata per evitare che si danneggi nel tempo. Quando si espone la katana, gli amici saranno curiosi di vedere la lama e di toccarla. \u00c8 qui che bisogna fare attenzione, perch\u00e9 l'acidit\u00e0 delle dita \u00e8 molto dannosa per l'acciaio, indipendentemente dalla sua qualit\u00e0.<\/p>\n<p>Tuttavia, se ci\u00f2 dovesse accadere, niente panico: basta un panno inumidito con un po' d'olio per eliminare le impronte. In questo modo, la spada durer\u00e0 a lungo.<\/p>","protected":false},"excerpt":{"rendered":"<p>L'ascia di Rick Grimes in The Walking Dead.<\/p>\n<ul>\n<li>Testa dell'ascia in acciaio ad alto tenore di carbonio.<\/li>\n<li>Manico in palissandro naturale.<\/li>\n<li>Il legno pu\u00f2 essere pi\u00f9 chiaro o pi\u00f9 scuro.<\/li>\n<li>Lunghezza totale: 45 cm - Testa dell'ascia: 14,5 X 8,5 cm - Peso: 665 gr.<\/li>\n<\/ul>","protected":false},"featured_media":29025,"template":"","meta":[],"product_brand":[896],"product_cat":[24,62],"product_tag":[],"class_list":{"0":"post-29024","1":"product","2":"type-product","3":"status-publish","4":"has-post-thumbnail","6":"product_brand-replique-manga-cine","7":"product_cat-films-series-tv-vente-de-katana-epee-et-produits-derives","8":"product_cat-armes-the-walking-dead","10":"first","11":"instock","12":"taxable","13":"shipping-taxable","14":"purchasable","15":"product-type-simple"},"yoast_head":"<!-- This site is optimized with the Yoast SEO plugin v27.4 - https:\/\/yoast.com\/product\/yoast-seo-wordpress\/ -->\n<title>Hache Rick Walking Dead - Art Martiaux - R\u00e9plique Manga Cin\u00e9<\/title>\n<meta name=\"description\" content=\"D\u00e9couvrez la Hache Rick Walking Dead au meilleur prix. T\u00eate de hache en acier - Haute teneur en carbone - Manche bois - Longueur : 45 cm\" \/>\n<meta name=\"robots\" content=\"index, follow, max-snippet:-1, max-image-preview:large, max-video-preview:-1\" \/>\n<link rel=\"canonical\" href=\"https:\/\/repliquemangacine.fr\/it\/armi-the-walking-dead\/rick-grimes-ascia-the-walking-dead\/\" \/>\n<meta property=\"og:locale\" content=\"it_IT\" \/>\n<meta property=\"og:type\" content=\"article\" \/>\n<meta property=\"og:title\" content=\"Hache Rick Walking Dead - Art Martiaux - R\u00e9plique Manga Cin\u00e9\" \/>\n<meta property=\"og:description\" content=\"D\u00e9couvrez la Hache Rick Walking Dead au meilleur prix. T\u00eate de hache en acier - Haute teneur en carbone - Manche bois - Longueur : 45 cm\" \/>\n<meta property=\"og:url\" content=\"https:\/\/repliquemangacine.fr\/it\/armi-the-walking-dead\/rick-grimes-ascia-the-walking-dead\/\" \/>\n<meta property=\"og:site_name\" content=\"R\u00e9plique Manga Cin\u00e9\" \/>\n<meta property=\"article:publisher\" content=\"https:\/\/www.facebook.com\/RepliqueMangaCine\" \/>\n<meta property=\"article:modified_time\" content=\"2025-09-23T16:02:33+00:00\" \/>\n<meta property=\"og:image\" content=\"https:\/\/repliquemangacine.fr\/wp-content\/uploads\/2023\/10\/3705-Replique-Hache-Rick-Grimes.jpg\" \/>\n\t<meta property=\"og:image:width\" content=\"800\" \/>\n\t<meta property=\"og:image:height\" content=\"800\" \/>\n\t<meta property=\"og:image:type\" content=\"image\/jpeg\" \/>\n<meta name=\"twitter:card\" content=\"summary_large_image\" \/>\n<meta name=\"twitter:label1\" content=\"Tempo di lettura stimato\" \/>\n\t<meta name=\"twitter:data1\" content=\"1 minuto\" \/>\n<script type=\"application\/ld+json\" class=\"yoast-schema-graph\">{\"@context\":\"https:\\\/\\\/schema.org\",\"@graph\":[{\"@type\":\"WebPage\",\"@id\":\"https:\\\/\\\/repliquemangacine.fr\\\/armes-the-walking-dead\\\/hache-de-rick-grimes-the-walking-dead\\\/\",\"url\":\"https:\\\/\\\/repliquemangacine.fr\\\/armes-the-walking-dead\\\/hache-de-rick-grimes-the-walking-dead\\\/\",\"name\":\"Hache Rick Walking Dead - Art Martiaux - R\u00e9plique Manga Cin\u00e9\",\"isPartOf\":{\"@id\":\"https:\\\/\\\/repliquemangacine.fr\\\/#website\"},\"primaryImageOfPage\":{\"@id\":\"https:\\\/\\\/repliquemangacine.fr\\\/armes-the-walking-dead\\\/hache-de-rick-grimes-the-walking-dead\\\/#primaryimage\"},\"image\":{\"@id\":\"https:\\\/\\\/repliquemangacine.fr\\\/armes-the-walking-dead\\\/hache-de-rick-grimes-the-walking-dead\\\/#primaryimage\"},\"thumbnailUrl\":\"https:\\\/\\\/repliquemangacine.fr\\\/wp-content\\\/uploads\\\/2023\\\/10\\\/3705-Replique-Hache-Rick-Grimes.jpg\",\"datePublished\":\"2020-07-25T14:07:38+00:00\",\"dateModified\":\"2025-09-23T16:02:33+00:00\",\"description\":\"D\u00e9couvrez la Hache Rick Walking Dead au meilleur prix. T\u00eate de hache en acier - Haute teneur en carbone - Manche bois - Longueur : 45 cm\",\"breadcrumb\":{\"@id\":\"https:\\\/\\\/repliquemangacine.fr\\\/armes-the-walking-dead\\\/hache-de-rick-grimes-the-walking-dead\\\/#breadcrumb\"},\"inLanguage\":\"it-IT\",\"potentialAction\":[{\"@type\":\"ReadAction\",\"target\":[\"https:\\\/\\\/repliquemangacine.fr\\\/armes-the-walking-dead\\\/hache-de-rick-grimes-the-walking-dead\\\/\"]}]},{\"@type\":\"ImageObject\",\"inLanguage\":\"it-IT\",\"@id\":\"https:\\\/\\\/repliquemangacine.fr\\\/armes-the-walking-dead\\\/hache-de-rick-grimes-the-walking-dead\\\/#primaryimage\",\"url\":\"https:\\\/\\\/repliquemangacine.fr\\\/wp-content\\\/uploads\\\/2023\\\/10\\\/3705-Replique-Hache-Rick-Grimes.jpg\",\"contentUrl\":\"https:\\\/\\\/repliquemangacine.fr\\\/wp-content\\\/uploads\\\/2023\\\/10\\\/3705-Replique-Hache-Rick-Grimes.jpg\",\"width\":800,\"height\":800,\"caption\":\"R\u00e9plique Hache Rick Grimes\"},{\"@type\":\"BreadcrumbList\",\"@id\":\"https:\\\/\\\/repliquemangacine.fr\\\/armes-the-walking-dead\\\/hache-de-rick-grimes-the-walking-dead\\\/#breadcrumb\",\"itemListElement\":[{\"@type\":\"ListItem\",\"position\":1,\"name\":\"Accueil\",\"item\":\"https:\\\/\\\/repliquemangacine.fr\\\/\"},{\"@type\":\"ListItem\",\"position\":2,\"name\":\"Produits\",\"item\":\"https:\\\/\\\/repliquemangacine.fr\\\/boutique\\\/\"},{\"@type\":\"ListItem\",\"position\":3,\"name\":\"Hache Rick Walking Dead\"}]},{\"@type\":\"WebSite\",\"@id\":\"https:\\\/\\\/repliquemangacine.fr\\\/#website\",\"url\":\"https:\\\/\\\/repliquemangacine.fr\\\/\",\"name\":\"R\u00e9plique Manga Cin\u00e9\",\"description\":\"\",\"publisher\":{\"@id\":\"https:\\\/\\\/repliquemangacine.fr\\\/#organization\"},\"potentialAction\":[{\"@type\":\"SearchAction\",\"target\":{\"@type\":\"EntryPoint\",\"urlTemplate\":\"https:\\\/\\\/repliquemangacine.fr\\\/?s={search_term_string}\"},\"query-input\":{\"@type\":\"PropertyValueSpecification\",\"valueRequired\":true,\"valueName\":\"search_term_string\"}}],\"inLanguage\":\"it-IT\"},{\"@type\":\"Organization\",\"@id\":\"https:\\\/\\\/repliquemangacine.fr\\\/#organization\",\"name\":\"R\u00e9plique Manga Cin\u00e9\",\"url\":\"https:\\\/\\\/repliquemangacine.fr\\\/\",\"logo\":{\"@type\":\"ImageObject\",\"inLanguage\":\"it-IT\",\"@id\":\"https:\\\/\\\/repliquemangacine.fr\\\/#\\\/schema\\\/logo\\\/image\\\/\",\"url\":\"https:\\\/\\\/repliquemangacine.fr\\\/wp-content\\\/uploads\\\/2023\\\/10\\\/RMC-500250.png\",\"contentUrl\":\"https:\\\/\\\/repliquemangacine.fr\\\/wp-content\\\/uploads\\\/2023\\\/10\\\/RMC-500250.png\",\"width\":500,\"height\":250,\"caption\":\"R\u00e9plique Manga Cin\u00e9\"},\"image\":{\"@id\":\"https:\\\/\\\/repliquemangacine.fr\\\/#\\\/schema\\\/logo\\\/image\\\/\"},\"sameAs\":[\"https:\\\/\\\/www.facebook.com\\\/RepliqueMangaCine\",\"https:\\\/\\\/www.instagram.com\\\/repliquemangacine.fr\\\/\"]}]}<\/script>\n<!-- \/ Yoast SEO plugin. -->","yoast_head_json":{"title":"Ascia di Rick Walking Dead - Arti marziali - R\u00e9plique Manga Cin\u00e9","description":"Scopri l'ascia Rick Walking Dead al miglior prezzo. Testa dell'ascia in acciaio - Alto contenuto di carbonio - Manico in legno - Lunghezza: 45 cm","robots":{"index":"index","follow":"follow","max-snippet":"max-snippet:-1","max-image-preview":"max-image-preview:large","max-video-preview":"max-video-preview:-1"},"canonical":"https:\/\/repliquemangacine.fr\/it\/armi-the-walking-dead\/rick-grimes-ascia-the-walking-dead\/","og_locale":"it_IT","og_type":"article","og_title":"Hache Rick Walking Dead - Art Martiaux - R\u00e9plique Manga Cin\u00e9","og_description":"D\u00e9couvrez la Hache Rick Walking Dead au meilleur prix. T\u00eate de hache en acier - Haute teneur en carbone - Manche bois - Longueur : 45 cm","og_url":"https:\/\/repliquemangacine.fr\/it\/armi-the-walking-dead\/rick-grimes-ascia-the-walking-dead\/","og_site_name":"R\u00e9plique Manga Cin\u00e9","article_publisher":"https:\/\/www.facebook.com\/RepliqueMangaCine","article_modified_time":"2025-09-23T16:02:33+00:00","og_image":[{"width":800,"height":800,"url":"https:\/\/repliquemangacine.fr\/wp-content\/uploads\/2023\/10\/3705-Replique-Hache-Rick-Grimes.jpg","type":"image\/jpeg"}],"twitter_card":"summary_large_image","twitter_misc":{"Tempo di lettura stimato":"1 minuto"},"schema":{"@context":"https:\/\/schema.org","@graph":[{"@type":"WebPage","@id":"https:\/\/repliquemangacine.fr\/armes-the-walking-dead\/hache-de-rick-grimes-the-walking-dead\/","url":"https:\/\/repliquemangacine.fr\/armes-the-walking-dead\/hache-de-rick-grimes-the-walking-dead\/","name":"Ascia di Rick Walking Dead - Arti marziali - R\u00e9plique Manga Cin\u00e9","isPartOf":{"@id":"https:\/\/repliquemangacine.fr\/#website"},"primaryImageOfPage":{"@id":"https:\/\/repliquemangacine.fr\/armes-the-walking-dead\/hache-de-rick-grimes-the-walking-dead\/#primaryimage"},"image":{"@id":"https:\/\/repliquemangacine.fr\/armes-the-walking-dead\/hache-de-rick-grimes-the-walking-dead\/#primaryimage"},"thumbnailUrl":"https:\/\/repliquemangacine.fr\/wp-content\/uploads\/2023\/10\/3705-Replique-Hache-Rick-Grimes.jpg","datePublished":"2020-07-25T14:07:38+00:00","dateModified":"2025-09-23T16:02:33+00:00","description":"Scopri l'ascia Rick Walking Dead al miglior prezzo. Testa dell'ascia in acciaio - Alto contenuto di carbonio - Manico in legno - Lunghezza: 45 cm","breadcrumb":{"@id":"https:\/\/repliquemangacine.fr\/armes-the-walking-dead\/hache-de-rick-grimes-the-walking-dead\/#breadcrumb"},"inLanguage":"it-IT","potentialAction":[{"@type":"ReadAction","target":["https:\/\/repliquemangacine.fr\/armes-the-walking-dead\/hache-de-rick-grimes-the-walking-dead\/"]}]},{"@type":"ImageObject","inLanguage":"it-IT","@id":"https:\/\/repliquemangacine.fr\/armes-the-walking-dead\/hache-de-rick-grimes-the-walking-dead\/#primaryimage","url":"https:\/\/repliquemangacine.fr\/wp-content\/uploads\/2023\/10\/3705-Replique-Hache-Rick-Grimes.jpg","contentUrl":"https:\/\/repliquemangacine.fr\/wp-content\/uploads\/2023\/10\/3705-Replique-Hache-Rick-Grimes.jpg","width":800,"height":800,"caption":"R\u00e9plique Hache Rick Grimes"},{"@type":"BreadcrumbList","@id":"https:\/\/repliquemangacine.fr\/armes-the-walking-dead\/hache-de-rick-grimes-the-walking-dead\/#breadcrumb","itemListElement":[{"@type":"ListItem","position":1,"name":"Accueil","item":"https:\/\/repliquemangacine.fr\/"},{"@type":"ListItem","position":2,"name":"Produits","item":"https:\/\/repliquemangacine.fr\/boutique\/"},{"@type":"ListItem","position":3,"name":"Hache Rick Walking Dead"}]},{"@type":"WebSite","@id":"https:\/\/repliquemangacine.fr\/#website","url":"https:\/\/repliquemangacine.fr\/","name":"R\u00e9plique Manga Cin\u00e9","description":"","publisher":{"@id":"https:\/\/repliquemangacine.fr\/#organization"},"potentialAction":[{"@type":"SearchAction","target":{"@type":"EntryPoint","urlTemplate":"https:\/\/repliquemangacine.fr\/?s={search_term_string}"},"query-input":{"@type":"PropertyValueSpecification","valueRequired":true,"valueName":"search_term_string"}}],"inLanguage":"it-IT"},{"@type":"Organization","@id":"https:\/\/repliquemangacine.fr\/#organization","name":"R\u00e9plique Manga Cin\u00e9","url":"https:\/\/repliquemangacine.fr\/","logo":{"@type":"ImageObject","inLanguage":"it-IT","@id":"https:\/\/repliquemangacine.fr\/#\/schema\/logo\/image\/","url":"https:\/\/repliquemangacine.fr\/wp-content\/uploads\/2023\/10\/RMC-500250.png","contentUrl":"https:\/\/repliquemangacine.fr\/wp-content\/uploads\/2023\/10\/RMC-500250.png","width":500,"height":250,"caption":"R\u00e9plique Manga Cin\u00e9"},"image":{"@id":"https:\/\/repliquemangacine.fr\/#\/schema\/logo\/image\/"},"sameAs":["https:\/\/www.facebook.com\/RepliqueMangaCine","https:\/\/www.instagram.com\/repliquemangacine.fr\/"]}]}},"_links":{"self":[{"href":"https:\/\/repliquemangacine.fr\/it\/wp-json\/wp\/v2\/product\/29024","targetHints":{"allow":["GET"]}}],"collection":[{"href":"https:\/\/repliquemangacine.fr\/it\/wp-json\/wp\/v2\/product"}],"about":[{"href":"https:\/\/repliquemangacine.fr\/it\/wp-json\/wp\/v2\/types\/product"}],"wp:featuredmedia":[{"embeddable":true,"href":"https:\/\/repliquemangacine.fr\/it\/wp-json\/wp\/v2\/media\/29025"}],"wp:attachment":[{"href":"https:\/\/repliquemangacine.fr\/it\/wp-json\/wp\/v2\/media?parent=29024"}],"wp:term":[{"taxonomy":"product_brand","embeddable":true,"href":"https:\/\/repliquemangacine.fr\/it\/wp-json\/wp\/v2\/product_brand?post=29024"},{"taxonomy":"product_cat","embeddable":true,"href":"https:\/\/repliquemangacine.fr\/it\/wp-json\/wp\/v2\/product_cat?post=29024"},{"taxonomy":"product_tag","embeddable":true,"href":"https:\/\/repliquemangacine.fr\/it\/wp-json\/wp\/v2\/product_tag?post=29024"}],"curies":[{"name":"wp","href":"https:\/\/api.w.org\/{rel}","templated":true}]}}