





{"id":29015,"date":"2020-07-25T15:14:09","date_gmt":"2020-07-25T13:14:09","guid":{"rendered":"https:\/\/repliquemangacine.fr\/?post_type=product&#038;p=29015"},"modified":"2026-04-08T19:14:19","modified_gmt":"2026-04-08T17:14:19","slug":"mazza-negan-in-schiuma-rigida-lucille","status":"publish","type":"product","link":"https:\/\/repliquemangacine.fr\/it\/armes-the-walking-dead\/batte-de-negan-lucille-en-mousse-rigide\/","title":{"rendered":"Negan Lucille bat"},"content":{"rendered":"<h2>Mazza di schiuma rigida di Negan Lucille.<\/h2>\n<p>Per cominciare, il <strong>Negan Lucille bat<\/strong> \u00e8 realizzato in schiuma rigida. <a href=\"https:\/\/thewalkingdead.fandom.com\/fr\/wiki\/Lucille_Smith\">Lucille<\/a> \u00e8 il nome di battesimo della moglie di Negan. Le \u00e8 stato diagnosticato un cancro poco prima dell'apocalisse. Lucille era molto debole a causa della sua malattia. Negan si \u00e8 preso cura di lei, ma la chemioterapia \u00e8 stata dannosa e ha dovuto correre sempre pi\u00f9 rischi per lei.<\/p>\n<p>Mentre lui era via, Lucille si \u00e8 suicidata per alleviare il suo dolore.<\/p>\n<p>Negan, antagonista principale di The Walking Dead. \u00c8 apparso per la prima volta nella sesta stagione.<\/p>\n<p>Negan, leader dei Salvatori, \u00e8 rispettato e temuto dal suo gruppo. Vive in una fabbrica in disuso chiamata \u201cIl Santuario\u201d. Presenta sempre Lucille prima di massacrare le sue vittime.<br \/>\n\u00c8 cos\u00ec che uccide i malcapitati Gleen e Abraham nella stagione 7\u1d49, sotto gli occhi di tutti.<\/p>\n<h2>Il tuo pipistrello di The Walking Dead al miglior prezzo.<\/h2>\n<p>Offriamo un'ampia gamma di riproduzioni di armi della serie TV The Walking Dead.<\/p>\n<p>Innanzitutto,<\/p>\n<ul>\n<li>Replica identica del <a href=\"https:\/\/repliquemangacine.fr\/it\/i-morti-che-camminano\/pugnale-daryl-walking-dead\/\">Il pugnale di Daryl<\/a> che usa contro Lance Hornsby nell'episodio 18 della Stagione 11.<\/li>\n<li>Oltre alla replica del <a href=\"https:\/\/repliquemangacine.fr\/it\/i-morti-che-camminano\/rick-axe-acciaio-freddo\/\">L'ascia di Rick<\/a> negli episodi della prigione di Cold Steel.<\/li>\n<li>C'\u00e8 anche il <a href=\"https:\/\/repliquemangacine.fr\/it\/film-serie-tv-vendita-di-spade-katana-e-prodotti-correlati\/katana-forge-de-michonne\/\">La katana di Michonne<\/a> in due versioni: da taglio e non da taglio.<\/li>\n<li>E molti altri da scoprire nel nostro negozio!<\/li>\n<\/ul>\n<p>Ecco perch\u00e9 questa \u00e8 un'ottima idea regalo per tutti gli amanti delle armi storiche.<\/p>\n<p>In conclusione, \u00e8 possibile utilizzare questo <strong>Negan Lucille bat<\/strong> per le vostre decorazioni d'interni o serate a tema.<\/p>\n<p>Soprattutto, quest'arma \u00e8 un oggetto da collezione e un pezzo decorativo.<\/p>\n<p>&nbsp;<\/p>\n<p><strong>\u00a0<\/strong><\/p>","protected":false},"excerpt":{"rendered":"<p>La mazza di nome Lucille che Negan usa in \"The Walking Dead\".<\/p>\n<ul>\n<li>Impugnatura della mazza in schiuma rigida e filo spinato.<\/li>\n<li>Quindi non c'\u00e8 rischio di lesioni.<\/li>\n<li>Le dimensioni effettive sono 82 cm di lunghezza e 8 cm di diametro. Il peso \u00e8 di 400 grammi.<\/li>\n<\/ul>","protected":false},"featured_media":29016,"template":"","meta":[],"product_brand":[896],"product_cat":[24,62],"product_tag":[],"class_list":{"0":"post-29015","1":"product","2":"type-product","3":"status-publish","4":"has-post-thumbnail","6":"product_brand-replique-manga-cine","7":"product_cat-films-series-tv-vente-de-katana-epee-et-produits-derives","8":"product_cat-armes-the-walking-dead","10":"first","11":"instock","12":"taxable","13":"shipping-taxable","14":"purchasable","15":"product-type-simple"},"yoast_head":"<!-- This site is optimized with the Yoast SEO plugin v27.4 - https:\/\/yoast.com\/product\/yoast-seo-wordpress\/ -->\n<title>Batte de N\u00e9gan Lucille - The Walking Dead - R\u00e9plique Manga Cin\u00e9<\/title>\n<meta name=\"description\" content=\"Achetez cette r\u00e9plique de la terrifiante Batte de N\u00e9gan Lucille dans The Walking Dead - Tout en mousse rigide - Longueur totale : 82 cm\" \/>\n<meta name=\"robots\" content=\"index, follow, max-snippet:-1, max-image-preview:large, max-video-preview:-1\" \/>\n<link rel=\"canonical\" href=\"https:\/\/repliquemangacine.fr\/it\/armi-the-walking-dead\/mazza-negan-in-schiuma-rigida-lucille\/\" \/>\n<meta property=\"og:locale\" content=\"it_IT\" \/>\n<meta property=\"og:type\" content=\"article\" \/>\n<meta property=\"og:title\" content=\"Batte de N\u00e9gan Lucille - The Walking Dead - R\u00e9plique Manga Cin\u00e9\" \/>\n<meta property=\"og:description\" content=\"Achetez cette r\u00e9plique de la terrifiante Batte de N\u00e9gan Lucille dans The Walking Dead - Tout en mousse rigide - Longueur totale : 82 cm\" \/>\n<meta property=\"og:url\" content=\"https:\/\/repliquemangacine.fr\/it\/armi-the-walking-dead\/mazza-negan-in-schiuma-rigida-lucille\/\" \/>\n<meta property=\"og:site_name\" content=\"R\u00e9plique Manga Cin\u00e9\" \/>\n<meta property=\"article:publisher\" content=\"https:\/\/www.facebook.com\/RepliqueMangaCine\" \/>\n<meta property=\"article:modified_time\" content=\"2026-04-08T17:14:19+00:00\" \/>\n<meta property=\"og:image\" content=\"https:\/\/repliquemangacine.fr\/wp-content\/uploads\/2023\/10\/3699-Batte-Mousse-Negan-Walking-Dead.jpg\" \/>\n\t<meta property=\"og:image:width\" content=\"800\" \/>\n\t<meta property=\"og:image:height\" content=\"800\" \/>\n\t<meta property=\"og:image:type\" content=\"image\/jpeg\" \/>\n<meta name=\"twitter:card\" content=\"summary_large_image\" \/>\n<meta name=\"twitter:label1\" content=\"Tempo di lettura stimato\" \/>\n\t<meta name=\"twitter:data1\" content=\"2 minuti\" \/>\n<script type=\"application\/ld+json\" class=\"yoast-schema-graph\">{\"@context\":\"https:\\\/\\\/schema.org\",\"@graph\":[{\"@type\":\"WebPage\",\"@id\":\"https:\\\/\\\/repliquemangacine.fr\\\/armes-the-walking-dead\\\/batte-de-negan-lucille-en-mousse-rigide\\\/\",\"url\":\"https:\\\/\\\/repliquemangacine.fr\\\/armes-the-walking-dead\\\/batte-de-negan-lucille-en-mousse-rigide\\\/\",\"name\":\"Batte de N\u00e9gan Lucille - The Walking Dead - R\u00e9plique Manga Cin\u00e9\",\"isPartOf\":{\"@id\":\"https:\\\/\\\/repliquemangacine.fr\\\/#website\"},\"primaryImageOfPage\":{\"@id\":\"https:\\\/\\\/repliquemangacine.fr\\\/armes-the-walking-dead\\\/batte-de-negan-lucille-en-mousse-rigide\\\/#primaryimage\"},\"image\":{\"@id\":\"https:\\\/\\\/repliquemangacine.fr\\\/armes-the-walking-dead\\\/batte-de-negan-lucille-en-mousse-rigide\\\/#primaryimage\"},\"thumbnailUrl\":\"https:\\\/\\\/repliquemangacine.fr\\\/wp-content\\\/uploads\\\/2023\\\/10\\\/3699-Batte-Mousse-Negan-Walking-Dead.jpg\",\"datePublished\":\"2020-07-25T13:14:09+00:00\",\"dateModified\":\"2026-04-08T17:14:19+00:00\",\"description\":\"Achetez cette r\u00e9plique de la terrifiante Batte de N\u00e9gan Lucille dans The Walking Dead - Tout en mousse rigide - Longueur totale : 82 cm\",\"breadcrumb\":{\"@id\":\"https:\\\/\\\/repliquemangacine.fr\\\/armes-the-walking-dead\\\/batte-de-negan-lucille-en-mousse-rigide\\\/#breadcrumb\"},\"inLanguage\":\"it-IT\",\"potentialAction\":[{\"@type\":\"ReadAction\",\"target\":[\"https:\\\/\\\/repliquemangacine.fr\\\/armes-the-walking-dead\\\/batte-de-negan-lucille-en-mousse-rigide\\\/\"]}]},{\"@type\":\"ImageObject\",\"inLanguage\":\"it-IT\",\"@id\":\"https:\\\/\\\/repliquemangacine.fr\\\/armes-the-walking-dead\\\/batte-de-negan-lucille-en-mousse-rigide\\\/#primaryimage\",\"url\":\"https:\\\/\\\/repliquemangacine.fr\\\/wp-content\\\/uploads\\\/2023\\\/10\\\/3699-Batte-Mousse-Negan-Walking-Dead.jpg\",\"contentUrl\":\"https:\\\/\\\/repliquemangacine.fr\\\/wp-content\\\/uploads\\\/2023\\\/10\\\/3699-Batte-Mousse-Negan-Walking-Dead.jpg\",\"width\":800,\"height\":800,\"caption\":\"Batte Mousse N\u00e9gan Walking Dead\"},{\"@type\":\"BreadcrumbList\",\"@id\":\"https:\\\/\\\/repliquemangacine.fr\\\/armes-the-walking-dead\\\/batte-de-negan-lucille-en-mousse-rigide\\\/#breadcrumb\",\"itemListElement\":[{\"@type\":\"ListItem\",\"position\":1,\"name\":\"Accueil\",\"item\":\"https:\\\/\\\/repliquemangacine.fr\\\/\"},{\"@type\":\"ListItem\",\"position\":2,\"name\":\"Produits\",\"item\":\"https:\\\/\\\/repliquemangacine.fr\\\/boutique\\\/\"},{\"@type\":\"ListItem\",\"position\":3,\"name\":\"Batte de N\u00e9gan Lucille\"}]},{\"@type\":\"WebSite\",\"@id\":\"https:\\\/\\\/repliquemangacine.fr\\\/#website\",\"url\":\"https:\\\/\\\/repliquemangacine.fr\\\/\",\"name\":\"R\u00e9plique Manga Cin\u00e9\",\"description\":\"\",\"publisher\":{\"@id\":\"https:\\\/\\\/repliquemangacine.fr\\\/#organization\"},\"potentialAction\":[{\"@type\":\"SearchAction\",\"target\":{\"@type\":\"EntryPoint\",\"urlTemplate\":\"https:\\\/\\\/repliquemangacine.fr\\\/?s={search_term_string}\"},\"query-input\":{\"@type\":\"PropertyValueSpecification\",\"valueRequired\":true,\"valueName\":\"search_term_string\"}}],\"inLanguage\":\"it-IT\"},{\"@type\":\"Organization\",\"@id\":\"https:\\\/\\\/repliquemangacine.fr\\\/#organization\",\"name\":\"R\u00e9plique Manga Cin\u00e9\",\"url\":\"https:\\\/\\\/repliquemangacine.fr\\\/\",\"logo\":{\"@type\":\"ImageObject\",\"inLanguage\":\"it-IT\",\"@id\":\"https:\\\/\\\/repliquemangacine.fr\\\/#\\\/schema\\\/logo\\\/image\\\/\",\"url\":\"https:\\\/\\\/repliquemangacine.fr\\\/wp-content\\\/uploads\\\/2023\\\/10\\\/RMC-500250.png\",\"contentUrl\":\"https:\\\/\\\/repliquemangacine.fr\\\/wp-content\\\/uploads\\\/2023\\\/10\\\/RMC-500250.png\",\"width\":500,\"height\":250,\"caption\":\"R\u00e9plique Manga Cin\u00e9\"},\"image\":{\"@id\":\"https:\\\/\\\/repliquemangacine.fr\\\/#\\\/schema\\\/logo\\\/image\\\/\"},\"sameAs\":[\"https:\\\/\\\/www.facebook.com\\\/RepliqueMangaCine\",\"https:\\\/\\\/www.instagram.com\\\/repliquemangacine.fr\\\/\"]}]}<\/script>\n<!-- \/ Yoast SEO plugin. -->","yoast_head_json":{"title":"Negan Lucille bat - The Walking Dead - R\u00e9plique Manga Cin\u00e9","description":"Acquista questa replica della terrificante mazza di Negan Lucille di The Walking Dead - Tutta schiuma rigida - Lunghezza totale: 82 cm","robots":{"index":"index","follow":"follow","max-snippet":"max-snippet:-1","max-image-preview":"max-image-preview:large","max-video-preview":"max-video-preview:-1"},"canonical":"https:\/\/repliquemangacine.fr\/it\/armi-the-walking-dead\/mazza-negan-in-schiuma-rigida-lucille\/","og_locale":"it_IT","og_type":"article","og_title":"Batte de N\u00e9gan Lucille - The Walking Dead - R\u00e9plique Manga Cin\u00e9","og_description":"Achetez cette r\u00e9plique de la terrifiante Batte de N\u00e9gan Lucille dans The Walking Dead - Tout en mousse rigide - Longueur totale : 82 cm","og_url":"https:\/\/repliquemangacine.fr\/it\/armi-the-walking-dead\/mazza-negan-in-schiuma-rigida-lucille\/","og_site_name":"R\u00e9plique Manga Cin\u00e9","article_publisher":"https:\/\/www.facebook.com\/RepliqueMangaCine","article_modified_time":"2026-04-08T17:14:19+00:00","og_image":[{"width":800,"height":800,"url":"https:\/\/repliquemangacine.fr\/wp-content\/uploads\/2023\/10\/3699-Batte-Mousse-Negan-Walking-Dead.jpg","type":"image\/jpeg"}],"twitter_card":"summary_large_image","twitter_misc":{"Tempo di lettura stimato":"2 minuti"},"schema":{"@context":"https:\/\/schema.org","@graph":[{"@type":"WebPage","@id":"https:\/\/repliquemangacine.fr\/armes-the-walking-dead\/batte-de-negan-lucille-en-mousse-rigide\/","url":"https:\/\/repliquemangacine.fr\/armes-the-walking-dead\/batte-de-negan-lucille-en-mousse-rigide\/","name":"Negan Lucille bat - The Walking Dead - R\u00e9plique Manga Cin\u00e9","isPartOf":{"@id":"https:\/\/repliquemangacine.fr\/#website"},"primaryImageOfPage":{"@id":"https:\/\/repliquemangacine.fr\/armes-the-walking-dead\/batte-de-negan-lucille-en-mousse-rigide\/#primaryimage"},"image":{"@id":"https:\/\/repliquemangacine.fr\/armes-the-walking-dead\/batte-de-negan-lucille-en-mousse-rigide\/#primaryimage"},"thumbnailUrl":"https:\/\/repliquemangacine.fr\/wp-content\/uploads\/2023\/10\/3699-Batte-Mousse-Negan-Walking-Dead.jpg","datePublished":"2020-07-25T13:14:09+00:00","dateModified":"2026-04-08T17:14:19+00:00","description":"Acquista questa replica della terrificante mazza di Negan Lucille di The Walking Dead - Tutta schiuma rigida - Lunghezza totale: 82 cm","breadcrumb":{"@id":"https:\/\/repliquemangacine.fr\/armes-the-walking-dead\/batte-de-negan-lucille-en-mousse-rigide\/#breadcrumb"},"inLanguage":"it-IT","potentialAction":[{"@type":"ReadAction","target":["https:\/\/repliquemangacine.fr\/armes-the-walking-dead\/batte-de-negan-lucille-en-mousse-rigide\/"]}]},{"@type":"ImageObject","inLanguage":"it-IT","@id":"https:\/\/repliquemangacine.fr\/armes-the-walking-dead\/batte-de-negan-lucille-en-mousse-rigide\/#primaryimage","url":"https:\/\/repliquemangacine.fr\/wp-content\/uploads\/2023\/10\/3699-Batte-Mousse-Negan-Walking-Dead.jpg","contentUrl":"https:\/\/repliquemangacine.fr\/wp-content\/uploads\/2023\/10\/3699-Batte-Mousse-Negan-Walking-Dead.jpg","width":800,"height":800,"caption":"Batte Mousse N\u00e9gan Walking Dead"},{"@type":"BreadcrumbList","@id":"https:\/\/repliquemangacine.fr\/armes-the-walking-dead\/batte-de-negan-lucille-en-mousse-rigide\/#breadcrumb","itemListElement":[{"@type":"ListItem","position":1,"name":"Accueil","item":"https:\/\/repliquemangacine.fr\/"},{"@type":"ListItem","position":2,"name":"Produits","item":"https:\/\/repliquemangacine.fr\/boutique\/"},{"@type":"ListItem","position":3,"name":"Batte de N\u00e9gan Lucille"}]},{"@type":"WebSite","@id":"https:\/\/repliquemangacine.fr\/#website","url":"https:\/\/repliquemangacine.fr\/","name":"R\u00e9plique Manga Cin\u00e9","description":"","publisher":{"@id":"https:\/\/repliquemangacine.fr\/#organization"},"potentialAction":[{"@type":"SearchAction","target":{"@type":"EntryPoint","urlTemplate":"https:\/\/repliquemangacine.fr\/?s={search_term_string}"},"query-input":{"@type":"PropertyValueSpecification","valueRequired":true,"valueName":"search_term_string"}}],"inLanguage":"it-IT"},{"@type":"Organization","@id":"https:\/\/repliquemangacine.fr\/#organization","name":"R\u00e9plique Manga Cin\u00e9","url":"https:\/\/repliquemangacine.fr\/","logo":{"@type":"ImageObject","inLanguage":"it-IT","@id":"https:\/\/repliquemangacine.fr\/#\/schema\/logo\/image\/","url":"https:\/\/repliquemangacine.fr\/wp-content\/uploads\/2023\/10\/RMC-500250.png","contentUrl":"https:\/\/repliquemangacine.fr\/wp-content\/uploads\/2023\/10\/RMC-500250.png","width":500,"height":250,"caption":"R\u00e9plique Manga Cin\u00e9"},"image":{"@id":"https:\/\/repliquemangacine.fr\/#\/schema\/logo\/image\/"},"sameAs":["https:\/\/www.facebook.com\/RepliqueMangaCine","https:\/\/www.instagram.com\/repliquemangacine.fr\/"]}]}},"_links":{"self":[{"href":"https:\/\/repliquemangacine.fr\/it\/wp-json\/wp\/v2\/product\/29015","targetHints":{"allow":["GET"]}}],"collection":[{"href":"https:\/\/repliquemangacine.fr\/it\/wp-json\/wp\/v2\/product"}],"about":[{"href":"https:\/\/repliquemangacine.fr\/it\/wp-json\/wp\/v2\/types\/product"}],"wp:featuredmedia":[{"embeddable":true,"href":"https:\/\/repliquemangacine.fr\/it\/wp-json\/wp\/v2\/media\/29016"}],"wp:attachment":[{"href":"https:\/\/repliquemangacine.fr\/it\/wp-json\/wp\/v2\/media?parent=29015"}],"wp:term":[{"taxonomy":"product_brand","embeddable":true,"href":"https:\/\/repliquemangacine.fr\/it\/wp-json\/wp\/v2\/product_brand?post=29015"},{"taxonomy":"product_cat","embeddable":true,"href":"https:\/\/repliquemangacine.fr\/it\/wp-json\/wp\/v2\/product_cat?post=29015"},{"taxonomy":"product_tag","embeddable":true,"href":"https:\/\/repliquemangacine.fr\/it\/wp-json\/wp\/v2\/product_tag?post=29015"}],"curies":[{"name":"wp","href":"https:\/\/api.w.org\/{rel}","templated":true}]}}