





{"id":28982,"date":"2020-07-23T19:28:03","date_gmt":"2020-07-23T17:28:03","guid":{"rendered":"https:\/\/repliquemangacine.fr\/?post_type=product&#038;p=28982"},"modified":"2026-01-19T19:26:59","modified_gmt":"2026-01-19T18:26:59","slug":"kokushibo-katana-delluccisore-di-demoni","status":"publish","type":"product","link":"https:\/\/repliquemangacine.fr\/it\/katana-demon-slayer-metal\/katana-de-kokushibo-demon-slayer\/","title":{"rendered":"Kokushibo, katana del demone"},"content":{"rendered":"<h2>Katana dell'uccisore di demoni Kokushibo<\/h2>\n<p>Per cominciare, il <strong>Kokushibo, katana del demone<\/strong> si chiama Kyokokukamusari. Porta occhi maligni sulla lama e sul fodero.<\/p>\n<p>Kokushibo \u00e8 l'antagonista principale di Demon Slayer: Kimetsu no Yaiba. \u00c8 un demone affiliato alle Dodici Lune Demoniache, che occupa la Prima Luna Superiore. \u00c8 il primo cacciatore di demoni a diventare un demone.<\/p>\n<p><a href=\"https:\/\/kimetsu-no-yaiba.fandom.com\/fr\/wiki\/Kokushibo\" target=\"_blank\" rel=\"noopener noreferrer\">Kokushido<\/a> ha la capacit\u00e0 di assorbire i corpi umani attraverso il contatto fisico. Come estensione della sua capacit\u00e0 di manipolare la carne, Kokushibo pu\u00f2 manipolare una parte staccata del suo corpo sotto forma di katana.<\/p>\n<p>Inoltre, pu\u00f2 manipolare liberamente la forma della lama, come \u00e8 stato dimostrato quando ha fatto crescere tre lame extra dalla lama originale per aumentarne la portata e le dimensioni, trasformandola in un'arma simile alla Shichishito (spada a sette punte).<\/p>\n<h2>La tua Kokushibo Demon Katana al miglior prezzo.<\/h2>\n<p>Abbiamo tutte le battute dei vostri personaggi preferiti in questo manga anime Demon Slayer.<\/p>\n<p>Innanzitutto,<\/p>\n<ul>\n<li>il <a href=\"https:\/\/repliquemangacine.fr\/it\/cacciatore-di-demoni\/katana-delluccisore-di-demoni-zenitsu-agatsuma\/\">Katana di Zenitsu Agatsuma<\/a> e la sua lama serigrafata in oro che imita un cablaggio elettrico.<\/li>\n<li>Cos\u00ec come il <a href=\"https:\/\/repliquemangacine.fr\/it\/cacciatore-di-demoni\/katana-forge-tanjiro-kamado-demon-slayer\/\">Katana forgiata Tanjir\u014d Kamado<\/a> con la sua guardia specifica.<\/li>\n<li>E molti altri da scoprire nel nostro negozio!<\/li>\n<\/ul>\n<p>Ecco quindi alcune fantastiche idee regalo per i fan di Kimetsu no Yaiba o Demon Slayer.<\/p>\n<p>In conclusione, \u00e8 possibile utilizzare questa spada demoniaca Kokushibo, la Kyokokukamusari, anche per le sfilate cosplay o le feste a tema. Ma soprattutto, la spada demoniaca Kokushibo \u00e8 anche un oggetto da collezione e un pezzo decorativo.<\/p>\n<h2>Come si mantiene la lama della katana?<\/h2>\n<p>Le katane da collezione e decorative sono realizzate e assemblate in modo semplificato. Poich\u00e9 il loro uso \u00e8 decorativo, non hanno le caratteristiche di sicurezza richieste da una spada giapponese destinata all'allenamento.<\/p>\n<p>Tuttavia, il vostro <strong>Kokushibo, katana del demone<\/strong> a una lama d'acciaio che deve essere curata per evitare che si danneggi nel tempo. Quando si espone la katana, gli amici saranno curiosi di vedere la lama e di toccarla. \u00c8 qui che bisogna fare attenzione, perch\u00e9 l'acidit\u00e0 delle dita \u00e8 molto dannosa per l'acciaio, indipendentemente dalla sua qualit\u00e0.<\/p>\n<p>Se ci\u00f2 accade, non bisogna farsi prendere dal panico: basta usare un panno inumidito con un po' d'olio e cancellare le impronte digitali. In questo modo, la spada durer\u00e0 a lungo.<\/p>","protected":false},"excerpt":{"rendered":"<p>Replica eccellente della Katana Kyokokukamusari utilizzata da Kokushibou nell'anime e nel manga Demon Slayer.<\/p>\n<ul>\n<li>Lama in acciaio inox 440 dipinta con occhi maligni.<\/li>\n<li>La protezione \u00e8 realizzata in metallo verniciato con una decorazione appositamente sagomata.<\/li>\n<li>Manico in legno rivestito in similpelle decorata.<\/li>\n<li>Fodero in similpelle rosa decorato con occhi maligni.<\/li>\n<li>Lunghezza lama: 68cm - Lunghezza totale: 103cm - Peso: 950 gr.<\/li>\n<\/ul>","protected":false},"featured_media":28983,"template":"","meta":[],"product_brand":[896],"product_cat":[63,117,23],"product_tag":[],"class_list":{"0":"post-28982","1":"product","2":"type-product","3":"status-publish","4":"has-post-thumbnail","6":"product_brand-replique-manga-cine","7":"product_cat-katana-demon-slayer","8":"product_cat-katana-demon-slayer-metal","9":"product_cat-repliques-manga-jeux-video","11":"first","12":"instock","13":"taxable","14":"shipping-taxable","15":"purchasable","16":"product-type-simple"},"yoast_head":"<!-- This site is optimized with the Yoast SEO plugin v27.4 - https:\/\/yoast.com\/product\/yoast-seo-wordpress\/ -->\n<title>Katana du demon Kokushibo en acier - Boutique en ligne | RMC<\/title>\n<meta name=\"description\" content=\"Achetez votre Katana du demon Kokushibo au meilleur prix. Lame acier. Yeux mal\u00e9fiques - Fourreau similicuir - Longueur totale : 103cm - Envoi 24\/48h\" \/>\n<meta name=\"robots\" content=\"index, follow, max-snippet:-1, max-image-preview:large, max-video-preview:-1\" \/>\n<link rel=\"canonical\" href=\"https:\/\/repliquemangacine.fr\/it\/katana-demon-slayer-metal\/kokushibo-katana-delluccisore-di-demoni\/\" \/>\n<meta property=\"og:locale\" content=\"it_IT\" \/>\n<meta property=\"og:type\" content=\"article\" \/>\n<meta property=\"og:title\" content=\"Katana du demon Kokushibo en acier - Boutique en ligne | RMC\" \/>\n<meta property=\"og:description\" content=\"Achetez votre Katana du demon Kokushibo au meilleur prix. Lame acier. Yeux mal\u00e9fiques - Fourreau similicuir - Longueur totale : 103cm - Envoi 24\/48h\" \/>\n<meta property=\"og:url\" content=\"https:\/\/repliquemangacine.fr\/it\/katana-demon-slayer-metal\/kokushibo-katana-delluccisore-di-demoni\/\" \/>\n<meta property=\"og:site_name\" content=\"R\u00e9plique Manga Cin\u00e9\" \/>\n<meta property=\"article:publisher\" content=\"https:\/\/www.facebook.com\/RepliqueMangaCine\" \/>\n<meta property=\"article:modified_time\" content=\"2026-01-19T18:26:59+00:00\" \/>\n<meta property=\"og:image\" content=\"https:\/\/repliquemangacine.fr\/wp-content\/uploads\/2023\/10\/sh665-1.jpg\" \/>\n\t<meta property=\"og:image:width\" content=\"600\" \/>\n\t<meta property=\"og:image:height\" content=\"600\" \/>\n\t<meta property=\"og:image:type\" content=\"image\/jpeg\" \/>\n<meta name=\"twitter:card\" content=\"summary_large_image\" \/>\n<meta name=\"twitter:label1\" content=\"Tempo di lettura stimato\" \/>\n\t<meta name=\"twitter:data1\" content=\"1 minuto\" \/>\n<script type=\"application\/ld+json\" class=\"yoast-schema-graph\">{\"@context\":\"https:\\\/\\\/schema.org\",\"@graph\":[{\"@type\":\"WebPage\",\"@id\":\"https:\\\/\\\/repliquemangacine.fr\\\/katana-demon-slayer-metal\\\/katana-de-kokushibo-demon-slayer\\\/\",\"url\":\"https:\\\/\\\/repliquemangacine.fr\\\/katana-demon-slayer-metal\\\/katana-de-kokushibo-demon-slayer\\\/\",\"name\":\"Katana du demon Kokushibo en acier - Boutique en ligne | RMC\",\"isPartOf\":{\"@id\":\"https:\\\/\\\/repliquemangacine.fr\\\/#website\"},\"primaryImageOfPage\":{\"@id\":\"https:\\\/\\\/repliquemangacine.fr\\\/katana-demon-slayer-metal\\\/katana-de-kokushibo-demon-slayer\\\/#primaryimage\"},\"image\":{\"@id\":\"https:\\\/\\\/repliquemangacine.fr\\\/katana-demon-slayer-metal\\\/katana-de-kokushibo-demon-slayer\\\/#primaryimage\"},\"thumbnailUrl\":\"https:\\\/\\\/repliquemangacine.fr\\\/wp-content\\\/uploads\\\/2023\\\/10\\\/sh665-1.jpg\",\"datePublished\":\"2020-07-23T17:28:03+00:00\",\"dateModified\":\"2026-01-19T18:26:59+00:00\",\"description\":\"Achetez votre Katana du demon Kokushibo au meilleur prix. Lame acier. Yeux mal\u00e9fiques - Fourreau similicuir - Longueur totale : 103cm - Envoi 24\\\/48h\",\"breadcrumb\":{\"@id\":\"https:\\\/\\\/repliquemangacine.fr\\\/katana-demon-slayer-metal\\\/katana-de-kokushibo-demon-slayer\\\/#breadcrumb\"},\"inLanguage\":\"it-IT\",\"potentialAction\":[{\"@type\":\"ReadAction\",\"target\":[\"https:\\\/\\\/repliquemangacine.fr\\\/katana-demon-slayer-metal\\\/katana-de-kokushibo-demon-slayer\\\/\"]}]},{\"@type\":\"ImageObject\",\"inLanguage\":\"it-IT\",\"@id\":\"https:\\\/\\\/repliquemangacine.fr\\\/katana-demon-slayer-metal\\\/katana-de-kokushibo-demon-slayer\\\/#primaryimage\",\"url\":\"https:\\\/\\\/repliquemangacine.fr\\\/wp-content\\\/uploads\\\/2023\\\/10\\\/sh665-1.jpg\",\"contentUrl\":\"https:\\\/\\\/repliquemangacine.fr\\\/wp-content\\\/uploads\\\/2023\\\/10\\\/sh665-1.jpg\",\"width\":600,\"height\":600,\"caption\":\"Katana du demon Kokushibo demon slayer\"},{\"@type\":\"BreadcrumbList\",\"@id\":\"https:\\\/\\\/repliquemangacine.fr\\\/katana-demon-slayer-metal\\\/katana-de-kokushibo-demon-slayer\\\/#breadcrumb\",\"itemListElement\":[{\"@type\":\"ListItem\",\"position\":1,\"name\":\"Accueil\",\"item\":\"https:\\\/\\\/repliquemangacine.fr\\\/\"},{\"@type\":\"ListItem\",\"position\":2,\"name\":\"Produits\",\"item\":\"https:\\\/\\\/repliquemangacine.fr\\\/boutique\\\/\"},{\"@type\":\"ListItem\",\"position\":3,\"name\":\"Katana du demon Kokushibo\"}]},{\"@type\":\"WebSite\",\"@id\":\"https:\\\/\\\/repliquemangacine.fr\\\/#website\",\"url\":\"https:\\\/\\\/repliquemangacine.fr\\\/\",\"name\":\"R\u00e9plique Manga Cin\u00e9\",\"description\":\"\",\"publisher\":{\"@id\":\"https:\\\/\\\/repliquemangacine.fr\\\/#organization\"},\"potentialAction\":[{\"@type\":\"SearchAction\",\"target\":{\"@type\":\"EntryPoint\",\"urlTemplate\":\"https:\\\/\\\/repliquemangacine.fr\\\/?s={search_term_string}\"},\"query-input\":{\"@type\":\"PropertyValueSpecification\",\"valueRequired\":true,\"valueName\":\"search_term_string\"}}],\"inLanguage\":\"it-IT\"},{\"@type\":\"Organization\",\"@id\":\"https:\\\/\\\/repliquemangacine.fr\\\/#organization\",\"name\":\"R\u00e9plique Manga Cin\u00e9\",\"url\":\"https:\\\/\\\/repliquemangacine.fr\\\/\",\"logo\":{\"@type\":\"ImageObject\",\"inLanguage\":\"it-IT\",\"@id\":\"https:\\\/\\\/repliquemangacine.fr\\\/#\\\/schema\\\/logo\\\/image\\\/\",\"url\":\"https:\\\/\\\/repliquemangacine.fr\\\/wp-content\\\/uploads\\\/2023\\\/10\\\/RMC-500250.png\",\"contentUrl\":\"https:\\\/\\\/repliquemangacine.fr\\\/wp-content\\\/uploads\\\/2023\\\/10\\\/RMC-500250.png\",\"width\":500,\"height\":250,\"caption\":\"R\u00e9plique Manga Cin\u00e9\"},\"image\":{\"@id\":\"https:\\\/\\\/repliquemangacine.fr\\\/#\\\/schema\\\/logo\\\/image\\\/\"},\"sameAs\":[\"https:\\\/\\\/www.facebook.com\\\/RepliqueMangaCine\",\"https:\\\/\\\/www.instagram.com\\\/repliquemangacine.fr\\\/\"]}]}<\/script>\n<!-- \/ Yoast SEO plugin. -->","yoast_head_json":{"title":"Kokushibo, katana del demone in acciaio - Boutique en ligne | RMC","description":"Acquista la tua Katana Kokushibo Demon al miglior prezzo. Lama in acciaio. Occhi maligni - Fodero in similpelle - Lunghezza totale: 103cm - Spedizione 24\/48h","robots":{"index":"index","follow":"follow","max-snippet":"max-snippet:-1","max-image-preview":"max-image-preview:large","max-video-preview":"max-video-preview:-1"},"canonical":"https:\/\/repliquemangacine.fr\/it\/katana-demon-slayer-metal\/kokushibo-katana-delluccisore-di-demoni\/","og_locale":"it_IT","og_type":"article","og_title":"Katana du demon Kokushibo en acier - Boutique en ligne | RMC","og_description":"Achetez votre Katana du demon Kokushibo au meilleur prix. Lame acier. Yeux mal\u00e9fiques - Fourreau similicuir - Longueur totale : 103cm - Envoi 24\/48h","og_url":"https:\/\/repliquemangacine.fr\/it\/katana-demon-slayer-metal\/kokushibo-katana-delluccisore-di-demoni\/","og_site_name":"R\u00e9plique Manga Cin\u00e9","article_publisher":"https:\/\/www.facebook.com\/RepliqueMangaCine","article_modified_time":"2026-01-19T18:26:59+00:00","og_image":[{"width":600,"height":600,"url":"https:\/\/repliquemangacine.fr\/wp-content\/uploads\/2023\/10\/sh665-1.jpg","type":"image\/jpeg"}],"twitter_card":"summary_large_image","twitter_misc":{"Tempo di lettura stimato":"1 minuto"},"schema":{"@context":"https:\/\/schema.org","@graph":[{"@type":"WebPage","@id":"https:\/\/repliquemangacine.fr\/katana-demon-slayer-metal\/katana-de-kokushibo-demon-slayer\/","url":"https:\/\/repliquemangacine.fr\/katana-demon-slayer-metal\/katana-de-kokushibo-demon-slayer\/","name":"Kokushibo, katana del demone in acciaio - Boutique en ligne | RMC","isPartOf":{"@id":"https:\/\/repliquemangacine.fr\/#website"},"primaryImageOfPage":{"@id":"https:\/\/repliquemangacine.fr\/katana-demon-slayer-metal\/katana-de-kokushibo-demon-slayer\/#primaryimage"},"image":{"@id":"https:\/\/repliquemangacine.fr\/katana-demon-slayer-metal\/katana-de-kokushibo-demon-slayer\/#primaryimage"},"thumbnailUrl":"https:\/\/repliquemangacine.fr\/wp-content\/uploads\/2023\/10\/sh665-1.jpg","datePublished":"2020-07-23T17:28:03+00:00","dateModified":"2026-01-19T18:26:59+00:00","description":"Acquista la tua Katana Kokushibo Demon al miglior prezzo. Lama in acciaio. Occhi maligni - Fodero in similpelle - Lunghezza totale: 103cm - Spedizione 24\/48h","breadcrumb":{"@id":"https:\/\/repliquemangacine.fr\/katana-demon-slayer-metal\/katana-de-kokushibo-demon-slayer\/#breadcrumb"},"inLanguage":"it-IT","potentialAction":[{"@type":"ReadAction","target":["https:\/\/repliquemangacine.fr\/katana-demon-slayer-metal\/katana-de-kokushibo-demon-slayer\/"]}]},{"@type":"ImageObject","inLanguage":"it-IT","@id":"https:\/\/repliquemangacine.fr\/katana-demon-slayer-metal\/katana-de-kokushibo-demon-slayer\/#primaryimage","url":"https:\/\/repliquemangacine.fr\/wp-content\/uploads\/2023\/10\/sh665-1.jpg","contentUrl":"https:\/\/repliquemangacine.fr\/wp-content\/uploads\/2023\/10\/sh665-1.jpg","width":600,"height":600,"caption":"Katana du demon Kokushibo demon slayer"},{"@type":"BreadcrumbList","@id":"https:\/\/repliquemangacine.fr\/katana-demon-slayer-metal\/katana-de-kokushibo-demon-slayer\/#breadcrumb","itemListElement":[{"@type":"ListItem","position":1,"name":"Accueil","item":"https:\/\/repliquemangacine.fr\/"},{"@type":"ListItem","position":2,"name":"Produits","item":"https:\/\/repliquemangacine.fr\/boutique\/"},{"@type":"ListItem","position":3,"name":"Katana du demon Kokushibo"}]},{"@type":"WebSite","@id":"https:\/\/repliquemangacine.fr\/#website","url":"https:\/\/repliquemangacine.fr\/","name":"R\u00e9plique Manga Cin\u00e9","description":"","publisher":{"@id":"https:\/\/repliquemangacine.fr\/#organization"},"potentialAction":[{"@type":"SearchAction","target":{"@type":"EntryPoint","urlTemplate":"https:\/\/repliquemangacine.fr\/?s={search_term_string}"},"query-input":{"@type":"PropertyValueSpecification","valueRequired":true,"valueName":"search_term_string"}}],"inLanguage":"it-IT"},{"@type":"Organization","@id":"https:\/\/repliquemangacine.fr\/#organization","name":"R\u00e9plique Manga Cin\u00e9","url":"https:\/\/repliquemangacine.fr\/","logo":{"@type":"ImageObject","inLanguage":"it-IT","@id":"https:\/\/repliquemangacine.fr\/#\/schema\/logo\/image\/","url":"https:\/\/repliquemangacine.fr\/wp-content\/uploads\/2023\/10\/RMC-500250.png","contentUrl":"https:\/\/repliquemangacine.fr\/wp-content\/uploads\/2023\/10\/RMC-500250.png","width":500,"height":250,"caption":"R\u00e9plique Manga Cin\u00e9"},"image":{"@id":"https:\/\/repliquemangacine.fr\/#\/schema\/logo\/image\/"},"sameAs":["https:\/\/www.facebook.com\/RepliqueMangaCine","https:\/\/www.instagram.com\/repliquemangacine.fr\/"]}]}},"_links":{"self":[{"href":"https:\/\/repliquemangacine.fr\/it\/wp-json\/wp\/v2\/product\/28982","targetHints":{"allow":["GET"]}}],"collection":[{"href":"https:\/\/repliquemangacine.fr\/it\/wp-json\/wp\/v2\/product"}],"about":[{"href":"https:\/\/repliquemangacine.fr\/it\/wp-json\/wp\/v2\/types\/product"}],"wp:featuredmedia":[{"embeddable":true,"href":"https:\/\/repliquemangacine.fr\/it\/wp-json\/wp\/v2\/media\/28983"}],"wp:attachment":[{"href":"https:\/\/repliquemangacine.fr\/it\/wp-json\/wp\/v2\/media?parent=28982"}],"wp:term":[{"taxonomy":"product_brand","embeddable":true,"href":"https:\/\/repliquemangacine.fr\/it\/wp-json\/wp\/v2\/product_brand?post=28982"},{"taxonomy":"product_cat","embeddable":true,"href":"https:\/\/repliquemangacine.fr\/it\/wp-json\/wp\/v2\/product_cat?post=28982"},{"taxonomy":"product_tag","embeddable":true,"href":"https:\/\/repliquemangacine.fr\/it\/wp-json\/wp\/v2\/product_tag?post=28982"}],"curies":[{"name":"wp","href":"https:\/\/api.w.org\/{rel}","templated":true}]}}