





{"id":28929,"date":"2020-03-28T11:07:43","date_gmt":"2020-03-28T10:07:43","guid":{"rendered":"https:\/\/repliquemangacine.fr\/?post_type=product&#038;p=28929"},"modified":"2025-11-25T16:02:38","modified_gmt":"2025-11-25T15:02:38","slug":"pressa-per-granate-m24","status":"publish","type":"product","link":"https:\/\/repliquemangacine.fr\/it\/dagues-et-accessoires-seconde-guerre-mondiale-materiels-militaria\/grenade-presse-puree-m24\/","title":{"rendered":"Granata M24 schiacciapatate"},"content":{"rendered":"<h2>M24 Deepeeka Schiaccia-melograno<\/h2>\n<p>Per cominciare, la granata schiacciapatate M24, o Stielhandgranate 24 in tedesco, \u00e8 una granata a mano di progettazione tedesca della Seconda Guerra Mondiale, basata su modelli progettati durante la Prima. Soprannominata \u00abschiacciapatate\u00bb per analogia con un utensile da cucina. Il termine \"bomba a mano\" \u00e8 stato utilizzato per descrivere i vari modelli prodotti tra il 1915 e il 1945.<\/p>\n<p>Consiste in un manico di legno cavo all'estremit\u00e0 del quale \u00e8 collocata una carica esplosiva. Il meccanismo di innesco \u00e8 azionato da una corda situata nell'impugnatura. Chiuso da un tappo di sicurezza a vite.<\/p>\n<p>L'impugnatura facilita la presa e aumenta la distanza di lancio grazie all'effetto fionda. Una versione \u00e8 progettata per funzionare in condizioni di freddo estremo, identificabile dalla lettera K dipinta sul corpo del cilindro.<\/p>\n<h2>La vostra Granata Press-Pur\u00e9e M24 al miglior prezzo.<\/h2>\n<p>Offriamo un'ampia gamma di riproduzioni di armi e accessori storici.<\/p>\n<p>Innanzitutto,<\/p>\n<ul>\n<li>Replicare la mitragliatrice <a href=\"https:\/\/repliquemangacine.fr\/it\/guerra-mondiale\/replica-della-mitragliatrice-mg34-con-treppiedi-denix\/\">MG-34<\/a> (Maschinengewehr 34)<\/li>\n<li>C'\u00e8 anche la granata a mano MK2 o la bomba a mano <a href=\"https:\/\/repliquemangacine.fr\/it\/armi-storiche\/grenade-mk2-ou-grenade-ananas-verte-usa-1918-replique-factice\/\">Melograno Ananas<\/a> di colore verde.<\/li>\n<li>Cos\u00ec come il <a href=\"https:\/\/repliquemangacine.fr\/it\/attrezzature-militari\/dague-de-ceremonie-allemande-dague-d-honneur-ss\/\">Pugnale SS Ehrendolch<\/a>solo per gli ufficiali e i sottufficiali.<\/li>\n<li>E molti altri da scoprire nel nostro negozio online!<\/li>\n<\/ul>\n<p>Ecco perch\u00e9 questa \u00e8 un'ottima idea regalo per tutti gli amanti delle armi storiche.<\/p>\n<p>In conclusione, \u00e8 possibile utilizzare questo <strong>Granata M24 schiacciapatate<\/strong> per le vostre rievocazioni storiche. Ma soprattutto, quest'arma \u00e8 un oggetto da collezione e un pezzo decorativo.<\/p>\n<h2>Come vengono realizzati i vostri oggetti da collezione?<\/h2>\n<p>Per cominciare, tutti i nostri prodotti derivati sono di altissima qualit\u00e0, realizzati con una meticolosa attenzione ai dettagli. Alcuni di essi sono realizzati a mano, per riprodurre i minimi dettagli. Le parti pi\u00f9 importanti sono lavorate con macchine molto precise. Le incisioni sono generalmente realizzate con una punta di diamante o con il laser.<\/p>\n<p>Il tuo <strong>Granata M24 schiacciapatate<\/strong> fabbricati per riprodurre esattamente ogni dettaglio. Per eguagliare l'eredit\u00e0 dei capolavori originali. L'accento \u00e8 posto sulla creazione di repliche di alta qualit\u00e0 che siano il pi\u00f9 possibile storicamente accurate.<\/p>\n<p>In conclusione, importate dalla Cina, dalla Spagna o dall'India, le nostre repliche vi stupiranno!<\/p>\n<p>R\u00e9plique Manga Cin\u00e9 \u00e8 un'azienda francese e distributore ufficiale del marchio <a href=\"https:\/\/deepeeka.in\/\" target=\"_blank\" rel=\"noopener noreferrer\">Deepeeka<\/a>.<\/p>","protected":false},"excerpt":{"rendered":"<p>Granata M24 tedesca, soprannominata \"Press-Pur\u00e9e\".<\/p>\n<ul>\n<li>Manico in legno naturale.<\/li>\n<li>Imitazione di carica esplosiva.<\/li>\n<li>Iscrizione bianca in tedesco.<\/li>\n<li>Tappo terminale in metallo con imitazione delle viti.<\/li>\n<li>Prodotto in India da Deepeeka<\/li>\n<li>Lunghezza totale: 36 cm - Peso: 257 gr.<\/li>\n<\/ul>","protected":false},"featured_media":28930,"template":"","meta":[],"product_brand":[896],"product_cat":[25,54,85],"product_tag":[],"class_list":{"0":"post-28929","1":"product","2":"type-product","3":"status-publish","4":"has-post-thumbnail","6":"product_brand-replique-manga-cine","7":"product_cat-armes-historiques","8":"product_cat-armes-accessoires-guerre-mondiale","9":"product_cat-dagues-et-accessoires-seconde-guerre-mondiale-materiels-militaria","11":"first","12":"instock","13":"taxable","14":"shipping-taxable","15":"purchasable","16":"product-type-simple"},"yoast_head":"<!-- This site is optimized with the Yoast SEO plugin v27.4 - https:\/\/yoast.com\/product\/yoast-seo-wordpress\/ -->\n<title>Grenade Presse-Pur\u00e9e M24 Deepeeka | R\u00e9plique Manga Cin\u00e9<\/title>\n<meta name=\"description\" content=\"Offrez-vous cette Grenade Presse-Pur\u00e9e M24 sign\u00e9 Deepeeka au meilleur prix - Manche en bois - Imitation charge explosive - Longueur totale : 36 cm\" \/>\n<meta name=\"robots\" content=\"index, follow, max-snippet:-1, max-image-preview:large, max-video-preview:-1\" \/>\n<link rel=\"canonical\" href=\"https:\/\/repliquemangacine.fr\/it\/pugnali-e-accessori-materiale-militare-della-seconda-guerra-mondiale\/pressa-per-granate-m24\/\" \/>\n<meta property=\"og:locale\" content=\"it_IT\" \/>\n<meta property=\"og:type\" content=\"article\" \/>\n<meta property=\"og:title\" content=\"Grenade Presse-Pur\u00e9e M24 Deepeeka | R\u00e9plique Manga Cin\u00e9\" \/>\n<meta property=\"og:description\" content=\"Offrez-vous cette Grenade Presse-Pur\u00e9e M24 sign\u00e9 Deepeeka au meilleur prix - Manche en bois - Imitation charge explosive - Longueur totale : 36 cm\" \/>\n<meta property=\"og:url\" content=\"https:\/\/repliquemangacine.fr\/it\/pugnali-e-accessori-materiale-militare-della-seconda-guerra-mondiale\/pressa-per-granate-m24\/\" \/>\n<meta property=\"og:site_name\" content=\"R\u00e9plique Manga Cin\u00e9\" \/>\n<meta property=\"article:publisher\" content=\"https:\/\/www.facebook.com\/RepliqueMangaCine\" \/>\n<meta property=\"article:modified_time\" content=\"2025-11-25T15:02:38+00:00\" \/>\n<meta property=\"og:image\" content=\"https:\/\/repliquemangacine.fr\/wp-content\/uploads\/2023\/10\/3616-Presse-puree-grenade-allemande.jpg\" \/>\n\t<meta property=\"og:image:width\" content=\"800\" \/>\n\t<meta property=\"og:image:height\" content=\"800\" \/>\n\t<meta property=\"og:image:type\" content=\"image\/jpeg\" \/>\n<meta name=\"twitter:card\" content=\"summary_large_image\" \/>\n<meta name=\"twitter:label1\" content=\"Tempo di lettura stimato\" \/>\n\t<meta name=\"twitter:data1\" content=\"2 minuti\" \/>\n<script type=\"application\/ld+json\" class=\"yoast-schema-graph\">{\"@context\":\"https:\\\/\\\/schema.org\",\"@graph\":[{\"@type\":\"WebPage\",\"@id\":\"https:\\\/\\\/repliquemangacine.fr\\\/dagues-et-accessoires-seconde-guerre-mondiale-materiels-militaria\\\/grenade-presse-puree-m24\\\/\",\"url\":\"https:\\\/\\\/repliquemangacine.fr\\\/dagues-et-accessoires-seconde-guerre-mondiale-materiels-militaria\\\/grenade-presse-puree-m24\\\/\",\"name\":\"Grenade Presse-Pur\u00e9e M24 Deepeeka | R\u00e9plique Manga Cin\u00e9\",\"isPartOf\":{\"@id\":\"https:\\\/\\\/repliquemangacine.fr\\\/#website\"},\"primaryImageOfPage\":{\"@id\":\"https:\\\/\\\/repliquemangacine.fr\\\/dagues-et-accessoires-seconde-guerre-mondiale-materiels-militaria\\\/grenade-presse-puree-m24\\\/#primaryimage\"},\"image\":{\"@id\":\"https:\\\/\\\/repliquemangacine.fr\\\/dagues-et-accessoires-seconde-guerre-mondiale-materiels-militaria\\\/grenade-presse-puree-m24\\\/#primaryimage\"},\"thumbnailUrl\":\"https:\\\/\\\/repliquemangacine.fr\\\/wp-content\\\/uploads\\\/2023\\\/10\\\/3616-Presse-puree-grenade-allemande.jpg\",\"datePublished\":\"2020-03-28T10:07:43+00:00\",\"dateModified\":\"2025-11-25T15:02:38+00:00\",\"description\":\"Offrez-vous cette Grenade Presse-Pur\u00e9e M24 sign\u00e9 Deepeeka au meilleur prix - Manche en bois - Imitation charge explosive - Longueur totale : 36 cm\",\"breadcrumb\":{\"@id\":\"https:\\\/\\\/repliquemangacine.fr\\\/dagues-et-accessoires-seconde-guerre-mondiale-materiels-militaria\\\/grenade-presse-puree-m24\\\/#breadcrumb\"},\"inLanguage\":\"it-IT\",\"potentialAction\":[{\"@type\":\"ReadAction\",\"target\":[\"https:\\\/\\\/repliquemangacine.fr\\\/dagues-et-accessoires-seconde-guerre-mondiale-materiels-militaria\\\/grenade-presse-puree-m24\\\/\"]}]},{\"@type\":\"ImageObject\",\"inLanguage\":\"it-IT\",\"@id\":\"https:\\\/\\\/repliquemangacine.fr\\\/dagues-et-accessoires-seconde-guerre-mondiale-materiels-militaria\\\/grenade-presse-puree-m24\\\/#primaryimage\",\"url\":\"https:\\\/\\\/repliquemangacine.fr\\\/wp-content\\\/uploads\\\/2023\\\/10\\\/3616-Presse-puree-grenade-allemande.jpg\",\"contentUrl\":\"https:\\\/\\\/repliquemangacine.fr\\\/wp-content\\\/uploads\\\/2023\\\/10\\\/3616-Presse-puree-grenade-allemande.jpg\",\"width\":800,\"height\":800,\"caption\":\"Grenade Presse-Pur\u00e9e M24 deepeeka\"},{\"@type\":\"BreadcrumbList\",\"@id\":\"https:\\\/\\\/repliquemangacine.fr\\\/dagues-et-accessoires-seconde-guerre-mondiale-materiels-militaria\\\/grenade-presse-puree-m24\\\/#breadcrumb\",\"itemListElement\":[{\"@type\":\"ListItem\",\"position\":1,\"name\":\"Accueil\",\"item\":\"https:\\\/\\\/repliquemangacine.fr\\\/\"},{\"@type\":\"ListItem\",\"position\":2,\"name\":\"Produits\",\"item\":\"https:\\\/\\\/repliquemangacine.fr\\\/boutique\\\/\"},{\"@type\":\"ListItem\",\"position\":3,\"name\":\"Grenade Presse-Pur\u00e9e M24\"}]},{\"@type\":\"WebSite\",\"@id\":\"https:\\\/\\\/repliquemangacine.fr\\\/#website\",\"url\":\"https:\\\/\\\/repliquemangacine.fr\\\/\",\"name\":\"R\u00e9plique Manga Cin\u00e9\",\"description\":\"\",\"publisher\":{\"@id\":\"https:\\\/\\\/repliquemangacine.fr\\\/#organization\"},\"potentialAction\":[{\"@type\":\"SearchAction\",\"target\":{\"@type\":\"EntryPoint\",\"urlTemplate\":\"https:\\\/\\\/repliquemangacine.fr\\\/?s={search_term_string}\"},\"query-input\":{\"@type\":\"PropertyValueSpecification\",\"valueRequired\":true,\"valueName\":\"search_term_string\"}}],\"inLanguage\":\"it-IT\"},{\"@type\":\"Organization\",\"@id\":\"https:\\\/\\\/repliquemangacine.fr\\\/#organization\",\"name\":\"R\u00e9plique Manga Cin\u00e9\",\"url\":\"https:\\\/\\\/repliquemangacine.fr\\\/\",\"logo\":{\"@type\":\"ImageObject\",\"inLanguage\":\"it-IT\",\"@id\":\"https:\\\/\\\/repliquemangacine.fr\\\/#\\\/schema\\\/logo\\\/image\\\/\",\"url\":\"https:\\\/\\\/repliquemangacine.fr\\\/wp-content\\\/uploads\\\/2023\\\/10\\\/RMC-500250.png\",\"contentUrl\":\"https:\\\/\\\/repliquemangacine.fr\\\/wp-content\\\/uploads\\\/2023\\\/10\\\/RMC-500250.png\",\"width\":500,\"height\":250,\"caption\":\"R\u00e9plique Manga Cin\u00e9\"},\"image\":{\"@id\":\"https:\\\/\\\/repliquemangacine.fr\\\/#\\\/schema\\\/logo\\\/image\\\/\"},\"sameAs\":[\"https:\\\/\\\/www.facebook.com\\\/RepliqueMangaCine\",\"https:\\\/\\\/www.instagram.com\\\/repliquemangacine.fr\\\/\"]}]}<\/script>\n<!-- \/ Yoast SEO plugin. -->","yoast_head_json":{"title":"Melograno M24 Deepeeka | R\u00e9plique Manga Cin\u00e9","description":"Regalatevi questo schiacciapatate Deepeeka M24 al miglior prezzo - Manico in legno - Imitazione di carica esplosiva - Lunghezza totale: 36 cm","robots":{"index":"index","follow":"follow","max-snippet":"max-snippet:-1","max-image-preview":"max-image-preview:large","max-video-preview":"max-video-preview:-1"},"canonical":"https:\/\/repliquemangacine.fr\/it\/pugnali-e-accessori-materiale-militare-della-seconda-guerra-mondiale\/pressa-per-granate-m24\/","og_locale":"it_IT","og_type":"article","og_title":"Grenade Presse-Pur\u00e9e M24 Deepeeka | R\u00e9plique Manga Cin\u00e9","og_description":"Offrez-vous cette Grenade Presse-Pur\u00e9e M24 sign\u00e9 Deepeeka au meilleur prix - Manche en bois - Imitation charge explosive - Longueur totale : 36 cm","og_url":"https:\/\/repliquemangacine.fr\/it\/pugnali-e-accessori-materiale-militare-della-seconda-guerra-mondiale\/pressa-per-granate-m24\/","og_site_name":"R\u00e9plique Manga Cin\u00e9","article_publisher":"https:\/\/www.facebook.com\/RepliqueMangaCine","article_modified_time":"2025-11-25T15:02:38+00:00","og_image":[{"width":800,"height":800,"url":"https:\/\/repliquemangacine.fr\/wp-content\/uploads\/2023\/10\/3616-Presse-puree-grenade-allemande.jpg","type":"image\/jpeg"}],"twitter_card":"summary_large_image","twitter_misc":{"Tempo di lettura stimato":"2 minuti"},"schema":{"@context":"https:\/\/schema.org","@graph":[{"@type":"WebPage","@id":"https:\/\/repliquemangacine.fr\/dagues-et-accessoires-seconde-guerre-mondiale-materiels-militaria\/grenade-presse-puree-m24\/","url":"https:\/\/repliquemangacine.fr\/dagues-et-accessoires-seconde-guerre-mondiale-materiels-militaria\/grenade-presse-puree-m24\/","name":"Melograno M24 Deepeeka | R\u00e9plique Manga Cin\u00e9","isPartOf":{"@id":"https:\/\/repliquemangacine.fr\/#website"},"primaryImageOfPage":{"@id":"https:\/\/repliquemangacine.fr\/dagues-et-accessoires-seconde-guerre-mondiale-materiels-militaria\/grenade-presse-puree-m24\/#primaryimage"},"image":{"@id":"https:\/\/repliquemangacine.fr\/dagues-et-accessoires-seconde-guerre-mondiale-materiels-militaria\/grenade-presse-puree-m24\/#primaryimage"},"thumbnailUrl":"https:\/\/repliquemangacine.fr\/wp-content\/uploads\/2023\/10\/3616-Presse-puree-grenade-allemande.jpg","datePublished":"2020-03-28T10:07:43+00:00","dateModified":"2025-11-25T15:02:38+00:00","description":"Regalatevi questo schiacciapatate Deepeeka M24 al miglior prezzo - Manico in legno - Imitazione di carica esplosiva - Lunghezza totale: 36 cm","breadcrumb":{"@id":"https:\/\/repliquemangacine.fr\/dagues-et-accessoires-seconde-guerre-mondiale-materiels-militaria\/grenade-presse-puree-m24\/#breadcrumb"},"inLanguage":"it-IT","potentialAction":[{"@type":"ReadAction","target":["https:\/\/repliquemangacine.fr\/dagues-et-accessoires-seconde-guerre-mondiale-materiels-militaria\/grenade-presse-puree-m24\/"]}]},{"@type":"ImageObject","inLanguage":"it-IT","@id":"https:\/\/repliquemangacine.fr\/dagues-et-accessoires-seconde-guerre-mondiale-materiels-militaria\/grenade-presse-puree-m24\/#primaryimage","url":"https:\/\/repliquemangacine.fr\/wp-content\/uploads\/2023\/10\/3616-Presse-puree-grenade-allemande.jpg","contentUrl":"https:\/\/repliquemangacine.fr\/wp-content\/uploads\/2023\/10\/3616-Presse-puree-grenade-allemande.jpg","width":800,"height":800,"caption":"Grenade Presse-Pur\u00e9e M24 deepeeka"},{"@type":"BreadcrumbList","@id":"https:\/\/repliquemangacine.fr\/dagues-et-accessoires-seconde-guerre-mondiale-materiels-militaria\/grenade-presse-puree-m24\/#breadcrumb","itemListElement":[{"@type":"ListItem","position":1,"name":"Accueil","item":"https:\/\/repliquemangacine.fr\/"},{"@type":"ListItem","position":2,"name":"Produits","item":"https:\/\/repliquemangacine.fr\/boutique\/"},{"@type":"ListItem","position":3,"name":"Grenade Presse-Pur\u00e9e M24"}]},{"@type":"WebSite","@id":"https:\/\/repliquemangacine.fr\/#website","url":"https:\/\/repliquemangacine.fr\/","name":"R\u00e9plique Manga Cin\u00e9","description":"","publisher":{"@id":"https:\/\/repliquemangacine.fr\/#organization"},"potentialAction":[{"@type":"SearchAction","target":{"@type":"EntryPoint","urlTemplate":"https:\/\/repliquemangacine.fr\/?s={search_term_string}"},"query-input":{"@type":"PropertyValueSpecification","valueRequired":true,"valueName":"search_term_string"}}],"inLanguage":"it-IT"},{"@type":"Organization","@id":"https:\/\/repliquemangacine.fr\/#organization","name":"R\u00e9plique Manga Cin\u00e9","url":"https:\/\/repliquemangacine.fr\/","logo":{"@type":"ImageObject","inLanguage":"it-IT","@id":"https:\/\/repliquemangacine.fr\/#\/schema\/logo\/image\/","url":"https:\/\/repliquemangacine.fr\/wp-content\/uploads\/2023\/10\/RMC-500250.png","contentUrl":"https:\/\/repliquemangacine.fr\/wp-content\/uploads\/2023\/10\/RMC-500250.png","width":500,"height":250,"caption":"R\u00e9plique Manga Cin\u00e9"},"image":{"@id":"https:\/\/repliquemangacine.fr\/#\/schema\/logo\/image\/"},"sameAs":["https:\/\/www.facebook.com\/RepliqueMangaCine","https:\/\/www.instagram.com\/repliquemangacine.fr\/"]}]}},"_links":{"self":[{"href":"https:\/\/repliquemangacine.fr\/it\/wp-json\/wp\/v2\/product\/28929","targetHints":{"allow":["GET"]}}],"collection":[{"href":"https:\/\/repliquemangacine.fr\/it\/wp-json\/wp\/v2\/product"}],"about":[{"href":"https:\/\/repliquemangacine.fr\/it\/wp-json\/wp\/v2\/types\/product"}],"wp:featuredmedia":[{"embeddable":true,"href":"https:\/\/repliquemangacine.fr\/it\/wp-json\/wp\/v2\/media\/28930"}],"wp:attachment":[{"href":"https:\/\/repliquemangacine.fr\/it\/wp-json\/wp\/v2\/media?parent=28929"}],"wp:term":[{"taxonomy":"product_brand","embeddable":true,"href":"https:\/\/repliquemangacine.fr\/it\/wp-json\/wp\/v2\/product_brand?post=28929"},{"taxonomy":"product_cat","embeddable":true,"href":"https:\/\/repliquemangacine.fr\/it\/wp-json\/wp\/v2\/product_cat?post=28929"},{"taxonomy":"product_tag","embeddable":true,"href":"https:\/\/repliquemangacine.fr\/it\/wp-json\/wp\/v2\/product_tag?post=28929"}],"curies":[{"name":"wp","href":"https:\/\/api.w.org\/{rel}","templated":true}]}}