





{"id":28889,"date":"2020-03-14T16:27:15","date_gmt":"2020-03-14T15:27:15","guid":{"rendered":"https:\/\/repliquemangacine.fr\/?post_type=product&#038;p=28889"},"modified":"2025-12-18T08:55:22","modified_gmt":"2025-12-18T07:55:22","slug":"kanao-la-katana-delluccisore-di-demoni","status":"publish","type":"product","link":"https:\/\/repliquemangacine.fr\/it\/katana-demon-slayer-metal\/katana-de-kanao-demon-slayer\/","title":{"rendered":"Katana di Kanao Demon Slayer"},"content":{"rendered":"<h2>Kanao Demon Slayer, katana in acciaio<\/h2>\n<p>Per cominciare, il <strong>Kanao Katana<\/strong> <strong>Ammazzademoni<\/strong> \u00e8 una spada solare standard che completa il suo stile di respirazione. Il suo stile di combattimento \u00e8 il respiro del fiore.<\/p>\n<p><a href=\"https:\/\/kimetsu-no-yaiba.fandom.com\/fr\/wiki\/Kanao_Tsuyuri#Aptitudes_\u00e0_l'\u00e9p\u00e9e\" target=\"_blank\" rel=\"noopener noreferrer\">Kanao Tsuyuri<\/a> personaggio secondario di Demon Slayer. Ammazzademoni dell'Esercito degli Ammazzademoni, Tsuguko di Shinobu Kocho. Kanao \u00e8 estremamente veloce. Essendo un individuo immensamente dotato, Kanao \u00e8 un'incredibile spadaccina. Tanto che persino Doma la riteneva pi\u00f9 talentuosa di Shinobu Kocho.<\/p>\n<p>Inoltre, il suo stile di combattimento \u00e8 il Soffio del Fiore. Si tratta di uno stile di respirazione derivato dal Respiro dell'Acqua. Infatti, \u00e8 stato utilizzato dall'ex Pilastro del Fiore, Kanae Kocho e da sua sorella adottiva Kanao Tsuyuri. In conclusione, il Respiro del Fiore si compone di sette movimenti, compreso il movimento finale.<\/p>\n<h2>La tua Katana di Kanao Demon Slayer al miglior prezzo.<\/h2>\n<p>Abbiamo tutte le battute dei vostri personaggi preferiti in questo manga anime Demon Slayer.<\/p>\n<p>Innanzitutto,<\/p>\n<ul>\n<li>il <a href=\"https:\/\/repliquemangacine.fr\/it\/cacciatore-di-demoni\/kokushibo-katana-delluccisore-di-demoni\/\">Katana Kyokokukamusari usata da Kokushibo<\/a>.<\/li>\n<li>Cos\u00ec come il <a href=\"https:\/\/repliquemangacine.fr\/it\/cacciatore-di-demoni\/katana-de-yoriichi-tsugikuni-demon-slayer\/\">Katana di Yoriichi Tsugikuni<\/a> con la sua lama nera e un'ondata di sangue rosso.<\/li>\n<li>E molti altri da scoprire nel nostro negozio online!<\/li>\n<\/ul>\n<p>Ecco quindi alcune ottime idee regalo per i fan di Demon Slayer o Kimetsu no Yaiba.<\/p>\n<p>In conclusione, \u00e8 possibile utilizzare questa spada Kanao Tsuyuri anche per le sfilate cosplay o le feste a tema. Ma soprattutto, la spada Kanao Tsuyuri \u00e8 anche un oggetto da collezione e un pezzo decorativo.<\/p>\n<h2>Come si mantiene la lama della katana?<\/h2>\n<p>Le katane da collezione e decorative sono realizzate e assemblate in modo semplificato. Poich\u00e9 il loro uso \u00e8 decorativo, non hanno le caratteristiche di sicurezza richieste da una spada giapponese destinata all'allenamento.<\/p>\n<p>Tuttavia, non \u00e8 questo il caso, <strong>la tua katana Kanao<\/strong> <strong>Ammazzademoni<\/strong> a una lama d'acciaio che deve essere curata per evitare che si danneggi nel tempo. Quando si espone la katana, gli amici saranno curiosi di vedere la lama e di toccarla. \u00c8 qui che bisogna fare attenzione, perch\u00e9 l'acidit\u00e0 delle dita \u00e8 molto dannosa per l'acciaio, indipendentemente dalla sua qualit\u00e0.<\/p>\n<p>Se ci\u00f2 accade, non bisogna farsi prendere dal panico: basta usare un panno inumidito con un po' d'olio e cancellare le impronte digitali. In questo modo, la spada durer\u00e0 a lungo.<\/p>\n<p><strong>\u00a0<\/strong><\/p>","protected":false},"excerpt":{"rendered":"<p>Replica eccellente della katana di Kanao Tsuyuri del manga e dell'anime Demon Slayer.<\/p>\n<ul>\n<li>Lama in acciaio bicolore rosa e grigio, serigrafata con simboli giapponesi.<\/li>\n<li>Protezione rotonda in metallo decorata con 5 fiori grigi su sfondo rosa.<\/li>\n<li>Manico rivestito di treccia di cotone bianco.<\/li>\n<li>Fodero in legno nero.<\/li>\n<li>Lunghezza lama : 68cm - Lunghezza totale : 104cm Peso : 950 gr.<\/li>\n<\/ul>","protected":false},"featured_media":28890,"template":"","meta":[],"product_brand":[896],"product_cat":[63,117,23],"product_tag":[],"class_list":{"0":"post-28889","1":"product","2":"type-product","3":"status-publish","4":"has-post-thumbnail","6":"product_brand-replique-manga-cine","7":"product_cat-katana-demon-slayer","8":"product_cat-katana-demon-slayer-metal","9":"product_cat-repliques-manga-jeux-video","11":"first","12":"instock","13":"taxable","14":"shipping-taxable","15":"purchasable","16":"product-type-simple"},"yoast_head":"<!-- This site is optimized with the Yoast SEO plugin v27.4 - https:\/\/yoast.com\/product\/yoast-seo-wordpress\/ -->\n<title>Katana de Kanao Demon Slayer en acier - R\u00e9plique Manga Cin\u00e9<\/title>\n<meta name=\"description\" content=\"Commandez vite ! Devenez un pourfendeurs de d\u00e9mons avec le Katana de Kanao Demon Slayer. Lame acier. Paiement s\u00e9curis\u00e9 - Livraison gratuite\" \/>\n<meta name=\"robots\" content=\"index, follow, max-snippet:-1, max-image-preview:large, max-video-preview:-1\" \/>\n<link rel=\"canonical\" href=\"https:\/\/repliquemangacine.fr\/it\/katana-demon-slayer-metal\/kanao-la-katana-delluccisore-di-demoni\/\" \/>\n<meta property=\"og:locale\" content=\"it_IT\" \/>\n<meta property=\"og:type\" content=\"article\" \/>\n<meta property=\"og:title\" content=\"Katana de Kanao Demon Slayer en acier - R\u00e9plique Manga Cin\u00e9\" \/>\n<meta property=\"og:description\" content=\"Commandez vite ! Devenez un pourfendeurs de d\u00e9mons avec le Katana de Kanao Demon Slayer. Lame acier. Paiement s\u00e9curis\u00e9 - Livraison gratuite\" \/>\n<meta property=\"og:url\" content=\"https:\/\/repliquemangacine.fr\/it\/katana-demon-slayer-metal\/kanao-la-katana-delluccisore-di-demoni\/\" \/>\n<meta property=\"og:site_name\" content=\"R\u00e9plique Manga Cin\u00e9\" \/>\n<meta property=\"article:publisher\" content=\"https:\/\/www.facebook.com\/RepliqueMangaCine\" \/>\n<meta property=\"article:modified_time\" content=\"2025-12-18T07:55:22+00:00\" \/>\n<meta property=\"og:image\" content=\"https:\/\/repliquemangacine.fr\/wp-content\/uploads\/2023\/10\/sh663.jpg\" \/>\n\t<meta property=\"og:image:width\" content=\"600\" \/>\n\t<meta property=\"og:image:height\" content=\"600\" \/>\n\t<meta property=\"og:image:type\" content=\"image\/jpeg\" \/>\n<meta name=\"twitter:card\" content=\"summary_large_image\" \/>\n<meta name=\"twitter:label1\" content=\"Tempo di lettura stimato\" \/>\n\t<meta name=\"twitter:data1\" content=\"2 minuti\" \/>\n<script type=\"application\/ld+json\" class=\"yoast-schema-graph\">{\"@context\":\"https:\\\/\\\/schema.org\",\"@graph\":[{\"@type\":\"WebPage\",\"@id\":\"https:\\\/\\\/repliquemangacine.fr\\\/katana-demon-slayer-metal\\\/katana-de-kanao-demon-slayer\\\/\",\"url\":\"https:\\\/\\\/repliquemangacine.fr\\\/katana-demon-slayer-metal\\\/katana-de-kanao-demon-slayer\\\/\",\"name\":\"Katana de Kanao Demon Slayer en acier - R\u00e9plique Manga Cin\u00e9\",\"isPartOf\":{\"@id\":\"https:\\\/\\\/repliquemangacine.fr\\\/#website\"},\"primaryImageOfPage\":{\"@id\":\"https:\\\/\\\/repliquemangacine.fr\\\/katana-demon-slayer-metal\\\/katana-de-kanao-demon-slayer\\\/#primaryimage\"},\"image\":{\"@id\":\"https:\\\/\\\/repliquemangacine.fr\\\/katana-demon-slayer-metal\\\/katana-de-kanao-demon-slayer\\\/#primaryimage\"},\"thumbnailUrl\":\"https:\\\/\\\/repliquemangacine.fr\\\/wp-content\\\/uploads\\\/2023\\\/10\\\/sh663.jpg\",\"datePublished\":\"2020-03-14T15:27:15+00:00\",\"dateModified\":\"2025-12-18T07:55:22+00:00\",\"description\":\"Commandez vite ! Devenez un pourfendeurs de d\u00e9mons avec le Katana de Kanao Demon Slayer. Lame acier. Paiement s\u00e9curis\u00e9 - Livraison gratuite\",\"breadcrumb\":{\"@id\":\"https:\\\/\\\/repliquemangacine.fr\\\/katana-demon-slayer-metal\\\/katana-de-kanao-demon-slayer\\\/#breadcrumb\"},\"inLanguage\":\"it-IT\",\"potentialAction\":[{\"@type\":\"ReadAction\",\"target\":[\"https:\\\/\\\/repliquemangacine.fr\\\/katana-demon-slayer-metal\\\/katana-de-kanao-demon-slayer\\\/\"]}]},{\"@type\":\"ImageObject\",\"inLanguage\":\"it-IT\",\"@id\":\"https:\\\/\\\/repliquemangacine.fr\\\/katana-demon-slayer-metal\\\/katana-de-kanao-demon-slayer\\\/#primaryimage\",\"url\":\"https:\\\/\\\/repliquemangacine.fr\\\/wp-content\\\/uploads\\\/2023\\\/10\\\/sh663.jpg\",\"contentUrl\":\"https:\\\/\\\/repliquemangacine.fr\\\/wp-content\\\/uploads\\\/2023\\\/10\\\/sh663.jpg\",\"width\":600,\"height\":600,\"caption\":\"Katana de Kanao Demon Slayer lame acier\"},{\"@type\":\"BreadcrumbList\",\"@id\":\"https:\\\/\\\/repliquemangacine.fr\\\/katana-demon-slayer-metal\\\/katana-de-kanao-demon-slayer\\\/#breadcrumb\",\"itemListElement\":[{\"@type\":\"ListItem\",\"position\":1,\"name\":\"Accueil\",\"item\":\"https:\\\/\\\/repliquemangacine.fr\\\/\"},{\"@type\":\"ListItem\",\"position\":2,\"name\":\"Produits\",\"item\":\"https:\\\/\\\/repliquemangacine.fr\\\/boutique\\\/\"},{\"@type\":\"ListItem\",\"position\":3,\"name\":\"Katana de Kanao Demon Slayer\"}]},{\"@type\":\"WebSite\",\"@id\":\"https:\\\/\\\/repliquemangacine.fr\\\/#website\",\"url\":\"https:\\\/\\\/repliquemangacine.fr\\\/\",\"name\":\"R\u00e9plique Manga Cin\u00e9\",\"description\":\"\",\"publisher\":{\"@id\":\"https:\\\/\\\/repliquemangacine.fr\\\/#organization\"},\"potentialAction\":[{\"@type\":\"SearchAction\",\"target\":{\"@type\":\"EntryPoint\",\"urlTemplate\":\"https:\\\/\\\/repliquemangacine.fr\\\/?s={search_term_string}\"},\"query-input\":{\"@type\":\"PropertyValueSpecification\",\"valueRequired\":true,\"valueName\":\"search_term_string\"}}],\"inLanguage\":\"it-IT\"},{\"@type\":\"Organization\",\"@id\":\"https:\\\/\\\/repliquemangacine.fr\\\/#organization\",\"name\":\"R\u00e9plique Manga Cin\u00e9\",\"url\":\"https:\\\/\\\/repliquemangacine.fr\\\/\",\"logo\":{\"@type\":\"ImageObject\",\"inLanguage\":\"it-IT\",\"@id\":\"https:\\\/\\\/repliquemangacine.fr\\\/#\\\/schema\\\/logo\\\/image\\\/\",\"url\":\"https:\\\/\\\/repliquemangacine.fr\\\/wp-content\\\/uploads\\\/2023\\\/10\\\/RMC-500250.png\",\"contentUrl\":\"https:\\\/\\\/repliquemangacine.fr\\\/wp-content\\\/uploads\\\/2023\\\/10\\\/RMC-500250.png\",\"width\":500,\"height\":250,\"caption\":\"R\u00e9plique Manga Cin\u00e9\"},\"image\":{\"@id\":\"https:\\\/\\\/repliquemangacine.fr\\\/#\\\/schema\\\/logo\\\/image\\\/\"},\"sameAs\":[\"https:\\\/\\\/www.facebook.com\\\/RepliqueMangaCine\",\"https:\\\/\\\/www.instagram.com\\\/repliquemangacine.fr\\\/\"]}]}<\/script>\n<!-- \/ Yoast SEO plugin. -->","yoast_head_json":{"title":"Kanao Demon Slayer katana in acciaio - R\u00e9plique Manga Cin\u00e9","description":"Ordina ora! Diventa un cacciatore di demoni con la Katana Kanao Demon Slayer. Lama in acciaio. Pagamento sicuro - Consegna gratuita","robots":{"index":"index","follow":"follow","max-snippet":"max-snippet:-1","max-image-preview":"max-image-preview:large","max-video-preview":"max-video-preview:-1"},"canonical":"https:\/\/repliquemangacine.fr\/it\/katana-demon-slayer-metal\/kanao-la-katana-delluccisore-di-demoni\/","og_locale":"it_IT","og_type":"article","og_title":"Katana de Kanao Demon Slayer en acier - R\u00e9plique Manga Cin\u00e9","og_description":"Commandez vite ! Devenez un pourfendeurs de d\u00e9mons avec le Katana de Kanao Demon Slayer. Lame acier. Paiement s\u00e9curis\u00e9 - Livraison gratuite","og_url":"https:\/\/repliquemangacine.fr\/it\/katana-demon-slayer-metal\/kanao-la-katana-delluccisore-di-demoni\/","og_site_name":"R\u00e9plique Manga Cin\u00e9","article_publisher":"https:\/\/www.facebook.com\/RepliqueMangaCine","article_modified_time":"2025-12-18T07:55:22+00:00","og_image":[{"width":600,"height":600,"url":"https:\/\/repliquemangacine.fr\/wp-content\/uploads\/2023\/10\/sh663.jpg","type":"image\/jpeg"}],"twitter_card":"summary_large_image","twitter_misc":{"Tempo di lettura stimato":"2 minuti"},"schema":{"@context":"https:\/\/schema.org","@graph":[{"@type":"WebPage","@id":"https:\/\/repliquemangacine.fr\/katana-demon-slayer-metal\/katana-de-kanao-demon-slayer\/","url":"https:\/\/repliquemangacine.fr\/katana-demon-slayer-metal\/katana-de-kanao-demon-slayer\/","name":"Kanao Demon Slayer katana in acciaio - R\u00e9plique Manga Cin\u00e9","isPartOf":{"@id":"https:\/\/repliquemangacine.fr\/#website"},"primaryImageOfPage":{"@id":"https:\/\/repliquemangacine.fr\/katana-demon-slayer-metal\/katana-de-kanao-demon-slayer\/#primaryimage"},"image":{"@id":"https:\/\/repliquemangacine.fr\/katana-demon-slayer-metal\/katana-de-kanao-demon-slayer\/#primaryimage"},"thumbnailUrl":"https:\/\/repliquemangacine.fr\/wp-content\/uploads\/2023\/10\/sh663.jpg","datePublished":"2020-03-14T15:27:15+00:00","dateModified":"2025-12-18T07:55:22+00:00","description":"Ordina ora! Diventa un cacciatore di demoni con la Katana Kanao Demon Slayer. Lama in acciaio. Pagamento sicuro - Consegna gratuita","breadcrumb":{"@id":"https:\/\/repliquemangacine.fr\/katana-demon-slayer-metal\/katana-de-kanao-demon-slayer\/#breadcrumb"},"inLanguage":"it-IT","potentialAction":[{"@type":"ReadAction","target":["https:\/\/repliquemangacine.fr\/katana-demon-slayer-metal\/katana-de-kanao-demon-slayer\/"]}]},{"@type":"ImageObject","inLanguage":"it-IT","@id":"https:\/\/repliquemangacine.fr\/katana-demon-slayer-metal\/katana-de-kanao-demon-slayer\/#primaryimage","url":"https:\/\/repliquemangacine.fr\/wp-content\/uploads\/2023\/10\/sh663.jpg","contentUrl":"https:\/\/repliquemangacine.fr\/wp-content\/uploads\/2023\/10\/sh663.jpg","width":600,"height":600,"caption":"Katana de Kanao Demon Slayer lame acier"},{"@type":"BreadcrumbList","@id":"https:\/\/repliquemangacine.fr\/katana-demon-slayer-metal\/katana-de-kanao-demon-slayer\/#breadcrumb","itemListElement":[{"@type":"ListItem","position":1,"name":"Accueil","item":"https:\/\/repliquemangacine.fr\/"},{"@type":"ListItem","position":2,"name":"Produits","item":"https:\/\/repliquemangacine.fr\/boutique\/"},{"@type":"ListItem","position":3,"name":"Katana de Kanao Demon Slayer"}]},{"@type":"WebSite","@id":"https:\/\/repliquemangacine.fr\/#website","url":"https:\/\/repliquemangacine.fr\/","name":"R\u00e9plique Manga Cin\u00e9","description":"","publisher":{"@id":"https:\/\/repliquemangacine.fr\/#organization"},"potentialAction":[{"@type":"SearchAction","target":{"@type":"EntryPoint","urlTemplate":"https:\/\/repliquemangacine.fr\/?s={search_term_string}"},"query-input":{"@type":"PropertyValueSpecification","valueRequired":true,"valueName":"search_term_string"}}],"inLanguage":"it-IT"},{"@type":"Organization","@id":"https:\/\/repliquemangacine.fr\/#organization","name":"R\u00e9plique Manga Cin\u00e9","url":"https:\/\/repliquemangacine.fr\/","logo":{"@type":"ImageObject","inLanguage":"it-IT","@id":"https:\/\/repliquemangacine.fr\/#\/schema\/logo\/image\/","url":"https:\/\/repliquemangacine.fr\/wp-content\/uploads\/2023\/10\/RMC-500250.png","contentUrl":"https:\/\/repliquemangacine.fr\/wp-content\/uploads\/2023\/10\/RMC-500250.png","width":500,"height":250,"caption":"R\u00e9plique Manga Cin\u00e9"},"image":{"@id":"https:\/\/repliquemangacine.fr\/#\/schema\/logo\/image\/"},"sameAs":["https:\/\/www.facebook.com\/RepliqueMangaCine","https:\/\/www.instagram.com\/repliquemangacine.fr\/"]}]}},"_links":{"self":[{"href":"https:\/\/repliquemangacine.fr\/it\/wp-json\/wp\/v2\/product\/28889","targetHints":{"allow":["GET"]}}],"collection":[{"href":"https:\/\/repliquemangacine.fr\/it\/wp-json\/wp\/v2\/product"}],"about":[{"href":"https:\/\/repliquemangacine.fr\/it\/wp-json\/wp\/v2\/types\/product"}],"wp:featuredmedia":[{"embeddable":true,"href":"https:\/\/repliquemangacine.fr\/it\/wp-json\/wp\/v2\/media\/28890"}],"wp:attachment":[{"href":"https:\/\/repliquemangacine.fr\/it\/wp-json\/wp\/v2\/media?parent=28889"}],"wp:term":[{"taxonomy":"product_brand","embeddable":true,"href":"https:\/\/repliquemangacine.fr\/it\/wp-json\/wp\/v2\/product_brand?post=28889"},{"taxonomy":"product_cat","embeddable":true,"href":"https:\/\/repliquemangacine.fr\/it\/wp-json\/wp\/v2\/product_cat?post=28889"},{"taxonomy":"product_tag","embeddable":true,"href":"https:\/\/repliquemangacine.fr\/it\/wp-json\/wp\/v2\/product_tag?post=28889"}],"curies":[{"name":"wp","href":"https:\/\/api.w.org\/{rel}","templated":true}]}}