





{"id":28859,"date":"2020-03-12T17:11:24","date_gmt":"2020-03-12T16:11:24","guid":{"rendered":"https:\/\/repliquemangacine.fr\/?post_type=product&#038;p=28859"},"modified":"2026-04-14T12:13:10","modified_gmt":"2026-04-14T10:13:10","slug":"sciabola-da-ufficiale-di-cavalleria-1822","status":"publish","type":"product","link":"https:\/\/repliquemangacine.fr\/it\/sabres-1er-empire\/sabre-d-officier-de-cavalerie-1822\/","title":{"rendered":"Spada da ufficiale di cavalleria"},"content":{"rendered":"<h2>Replica della sciabola da ufficiale di cavalleria modello 1822.<\/h2>\n<p>Per cominciare, il <strong>Ufficiale di cavalleria della sciabola 1822<\/strong> \u00e8 una sciabola da cavalleria francese per truppe e ufficiali. Introdotta il 18 gennaio 1822 dal Comitato di Cavalleria, sostituisce tutti i modelli precedenti.<\/p>\n<p>Le <a href=\"https:\/\/www.sabres-militaires.fr\/Sabre-de-Cavalerie-1822-ccoaaaaaa.asp\" target=\"_blank\" rel=\"noopener noreferrer\">sciabola da cavalleria<\/a> Il modello del 1822 era utilizzato da chasseurs a cavallo, lancieri, artiglieria a cavallo e ussari. Sotto il Secondo Impero, era utilizzato dalla Guardia Imperiale, che ora \u00e8 stata ricostituita. Veniva utilizzato anche nei duelli tra soldati.<\/p>\n<p>Questa spada ha una lama ricurva nota come \u201cMontmorency\u201d. Questa spada \u00e8 stata utilizzata dall'esercito francese per quasi 150 anni: la guerra di Crimea, le guerre d'Africa, la guerra del 1870, la guerra del 14-18 e cos\u00ec via. \u00c8 ancora in servizio e viene utilizzata dal Reggimento di Cavalleria della Guardia Repubblicana di Parigi e dagli studenti del secondo anno dell'\u00c9cole sp\u00e9ciale militaire de Saint-Cyr.<\/p>\n<h2>La tua sciabola da ufficiale di cavalleria del 1822 al miglior prezzo.<\/h2>\n<p>Offriamo un'ampia gamma di riproduzioni di armi storiche.<\/p>\n<p>Innanzitutto,<\/p>\n<ul>\n<li>Riproduzione della spada cerimoniale dei Marines <a href=\"https:\/\/repliquemangacine.fr\/it\/spade-del-1-impero\/sabre-marine-m1859-nco-usa-united-cutlery\/\">M1859<\/a> con licenza ufficiale USMC.<\/li>\n<li>Cos\u00ec come il <a href=\"https:\/\/repliquemangacine.fr\/it\/armi-storiche\/sciabola-accendino-modello-anno-xi-fanteria-napoleonica\/\">Accendino a sciabola<\/a> Modello di fanteria napoleonica AN XI.<\/li>\n<li>C'\u00e8 anche il <a href=\"https:\/\/repliquemangacine.fr\/it\/spade-del-1-impero\/sciabola-mamelucca-noi-marines\/\">Spada mamelucca<\/a> di Noi Marines.<\/li>\n<li>E molti altri da scoprire nel nostro negozio online!<\/li>\n<\/ul>\n<p>Ecco perch\u00e9 questa \u00e8 un'ottima idea regalo per chiunque sia appassionato di storia.<\/p>\n<p>In conclusione, \u00e8 possibile ordinare questo <strong>Ufficiale di cavalleria della sciabola 1822<\/strong> per le vostre rievocazioni storiche. Ma soprattutto, quest'arma \u00e8 un oggetto da collezione e un pezzo decorativo.<\/p>\n<h2>Come si mantiene la lama della propria spada storica?<\/h2>\n<p>Le spade da collezione e decorative sono realizzate e assemblate in modo semplificato. Poich\u00e9 il loro uso \u00e8 decorativo, non hanno le caratteristiche di sicurezza richieste per una spada giapponese destinata all'allenamento.<\/p>\n<p>Tuttavia, il vostro <strong>Ufficiale di cavalleria della sciabola 1822<\/strong> a una lama d'acciaio che deve essere curata per evitare che si danneggi nel tempo. Quando si espone la katana, gli amici saranno curiosi di vedere la lama e di toccarla. \u00c8 qui che bisogna fare attenzione, perch\u00e9 l'acidit\u00e0 delle dita \u00e8 molto dannosa per l'acciaio, indipendentemente dalla sua qualit\u00e0.<\/p>\n<p>Tuttavia, se ci\u00f2 dovesse accadere, niente panico: basta un panno inumidito con un po' d'olio per eliminare le impronte. In questo modo, la spada durer\u00e0 a lungo.<\/p>","protected":false},"excerpt":{"rendered":"<p>Replica della sciabola da ufficiale di cavalleria modello 1822.<\/p>\n<ul>\n<li>Lama in acciaio 440.<\/li>\n<li>Elsa in metallo dorato a tre bracci.<\/li>\n<li>Manico in metallo con filo d'acciaio.<\/li>\n<li>Guaina in acciaio inox.<\/li>\n<li>Lunghezza lama: 76 cm - Lunghezza totale: 94 cm - Peso: 1000 gr.<\/li>\n<\/ul>","protected":false},"featured_media":28860,"template":"","meta":[],"product_brand":[896],"product_cat":[25,37,74],"product_tag":[],"class_list":{"0":"post-28859","1":"product","2":"type-product","3":"status-publish","4":"has-post-thumbnail","6":"product_brand-replique-manga-cine","7":"product_cat-armes-historiques","8":"product_cat-premier-empire","9":"product_cat-sabres-1er-empire","11":"first","12":"instock","13":"taxable","14":"shipping-taxable","15":"purchasable","16":"product-type-simple"},"yoast_head":"<!-- This site is optimized with the Yoast SEO plugin v27.4 - https:\/\/yoast.com\/product\/yoast-seo-wordpress\/ -->\n<title>Sabre Officier Cavalerie 1822 - Vente en ligne sabre militaire | RMC<\/title>\n<meta name=\"description\" content=\"Commandez vite ! Cette r\u00e9plique du Sabre Officier Cavalerie 1822 au meilleur prix - Lame en acier 440 - Fourreau acier inox - Longueur totale : 94 cm\" \/>\n<meta name=\"robots\" content=\"index, follow, max-snippet:-1, max-image-preview:large, max-video-preview:-1\" \/>\n<link rel=\"canonical\" href=\"https:\/\/repliquemangacine.fr\/it\/spade-del-1-impero\/sciabola-da-ufficiale-di-cavalleria-1822\/\" \/>\n<meta property=\"og:locale\" content=\"it_IT\" \/>\n<meta property=\"og:type\" content=\"article\" \/>\n<meta property=\"og:title\" content=\"Sabre Officier Cavalerie 1822 - Vente en ligne sabre militaire | RMC\" \/>\n<meta property=\"og:description\" content=\"Commandez vite ! Cette r\u00e9plique du Sabre Officier Cavalerie 1822 au meilleur prix - Lame en acier 440 - Fourreau acier inox - Longueur totale : 94 cm\" \/>\n<meta property=\"og:url\" content=\"https:\/\/repliquemangacine.fr\/it\/spade-del-1-impero\/sciabola-da-ufficiale-di-cavalleria-1822\/\" \/>\n<meta property=\"og:site_name\" content=\"R\u00e9plique Manga Cin\u00e9\" \/>\n<meta property=\"article:publisher\" content=\"https:\/\/www.facebook.com\/RepliqueMangaCine\" \/>\n<meta property=\"article:modified_time\" content=\"2026-04-14T10:13:10+00:00\" \/>\n<meta property=\"og:image\" content=\"https:\/\/repliquemangacine.fr\/wp-content\/uploads\/2023\/10\/3551-Sabre-dofficier-de-cavalerie.jpg\" \/>\n\t<meta property=\"og:image:width\" content=\"800\" \/>\n\t<meta property=\"og:image:height\" content=\"800\" \/>\n\t<meta property=\"og:image:type\" content=\"image\/jpeg\" \/>\n<meta name=\"twitter:card\" content=\"summary_large_image\" \/>\n<meta name=\"twitter:label1\" content=\"Tempo di lettura stimato\" \/>\n\t<meta name=\"twitter:data1\" content=\"1 minuto\" \/>\n<script type=\"application\/ld+json\" class=\"yoast-schema-graph\">{\"@context\":\"https:\\\/\\\/schema.org\",\"@graph\":[{\"@type\":\"WebPage\",\"@id\":\"https:\\\/\\\/repliquemangacine.fr\\\/sabres-1er-empire\\\/sabre-d-officier-de-cavalerie-1822\\\/\",\"url\":\"https:\\\/\\\/repliquemangacine.fr\\\/sabres-1er-empire\\\/sabre-d-officier-de-cavalerie-1822\\\/\",\"name\":\"Sabre Officier Cavalerie 1822 - Vente en ligne sabre militaire | RMC\",\"isPartOf\":{\"@id\":\"https:\\\/\\\/repliquemangacine.fr\\\/#website\"},\"primaryImageOfPage\":{\"@id\":\"https:\\\/\\\/repliquemangacine.fr\\\/sabres-1er-empire\\\/sabre-d-officier-de-cavalerie-1822\\\/#primaryimage\"},\"image\":{\"@id\":\"https:\\\/\\\/repliquemangacine.fr\\\/sabres-1er-empire\\\/sabre-d-officier-de-cavalerie-1822\\\/#primaryimage\"},\"thumbnailUrl\":\"https:\\\/\\\/repliquemangacine.fr\\\/wp-content\\\/uploads\\\/2023\\\/10\\\/3551-Sabre-dofficier-de-cavalerie.jpg\",\"datePublished\":\"2020-03-12T16:11:24+00:00\",\"dateModified\":\"2026-04-14T10:13:10+00:00\",\"description\":\"Commandez vite ! Cette r\u00e9plique du Sabre Officier Cavalerie 1822 au meilleur prix - Lame en acier 440 - Fourreau acier inox - Longueur totale : 94 cm\",\"breadcrumb\":{\"@id\":\"https:\\\/\\\/repliquemangacine.fr\\\/sabres-1er-empire\\\/sabre-d-officier-de-cavalerie-1822\\\/#breadcrumb\"},\"inLanguage\":\"it-IT\",\"potentialAction\":[{\"@type\":\"ReadAction\",\"target\":[\"https:\\\/\\\/repliquemangacine.fr\\\/sabres-1er-empire\\\/sabre-d-officier-de-cavalerie-1822\\\/\"]}]},{\"@type\":\"ImageObject\",\"inLanguage\":\"it-IT\",\"@id\":\"https:\\\/\\\/repliquemangacine.fr\\\/sabres-1er-empire\\\/sabre-d-officier-de-cavalerie-1822\\\/#primaryimage\",\"url\":\"https:\\\/\\\/repliquemangacine.fr\\\/wp-content\\\/uploads\\\/2023\\\/10\\\/3551-Sabre-dofficier-de-cavalerie.jpg\",\"contentUrl\":\"https:\\\/\\\/repliquemangacine.fr\\\/wp-content\\\/uploads\\\/2023\\\/10\\\/3551-Sabre-dofficier-de-cavalerie.jpg\",\"width\":800,\"height\":800,\"caption\":\"Sabre Officier Cavalerie 1822\"},{\"@type\":\"BreadcrumbList\",\"@id\":\"https:\\\/\\\/repliquemangacine.fr\\\/sabres-1er-empire\\\/sabre-d-officier-de-cavalerie-1822\\\/#breadcrumb\",\"itemListElement\":[{\"@type\":\"ListItem\",\"position\":1,\"name\":\"Accueil\",\"item\":\"https:\\\/\\\/repliquemangacine.fr\\\/\"},{\"@type\":\"ListItem\",\"position\":2,\"name\":\"Produits\",\"item\":\"https:\\\/\\\/repliquemangacine.fr\\\/boutique\\\/\"},{\"@type\":\"ListItem\",\"position\":3,\"name\":\"Sabre Officier de Cavalerie\"}]},{\"@type\":\"WebSite\",\"@id\":\"https:\\\/\\\/repliquemangacine.fr\\\/#website\",\"url\":\"https:\\\/\\\/repliquemangacine.fr\\\/\",\"name\":\"R\u00e9plique Manga Cin\u00e9\",\"description\":\"\",\"publisher\":{\"@id\":\"https:\\\/\\\/repliquemangacine.fr\\\/#organization\"},\"potentialAction\":[{\"@type\":\"SearchAction\",\"target\":{\"@type\":\"EntryPoint\",\"urlTemplate\":\"https:\\\/\\\/repliquemangacine.fr\\\/?s={search_term_string}\"},\"query-input\":{\"@type\":\"PropertyValueSpecification\",\"valueRequired\":true,\"valueName\":\"search_term_string\"}}],\"inLanguage\":\"it-IT\"},{\"@type\":\"Organization\",\"@id\":\"https:\\\/\\\/repliquemangacine.fr\\\/#organization\",\"name\":\"R\u00e9plique Manga Cin\u00e9\",\"url\":\"https:\\\/\\\/repliquemangacine.fr\\\/\",\"logo\":{\"@type\":\"ImageObject\",\"inLanguage\":\"it-IT\",\"@id\":\"https:\\\/\\\/repliquemangacine.fr\\\/#\\\/schema\\\/logo\\\/image\\\/\",\"url\":\"https:\\\/\\\/repliquemangacine.fr\\\/wp-content\\\/uploads\\\/2023\\\/10\\\/RMC-500250.png\",\"contentUrl\":\"https:\\\/\\\/repliquemangacine.fr\\\/wp-content\\\/uploads\\\/2023\\\/10\\\/RMC-500250.png\",\"width\":500,\"height\":250,\"caption\":\"R\u00e9plique Manga Cin\u00e9\"},\"image\":{\"@id\":\"https:\\\/\\\/repliquemangacine.fr\\\/#\\\/schema\\\/logo\\\/image\\\/\"},\"sameAs\":[\"https:\\\/\\\/www.facebook.com\\\/RepliqueMangaCine\",\"https:\\\/\\\/www.instagram.com\\\/repliquemangacine.fr\\\/\"]}]}<\/script>\n<!-- \/ Yoast SEO plugin. -->","yoast_head_json":{"title":"Sciabola Ufficiale Cavalleria 1822 - Vendita on line sciabole militari | RMC","description":"Ordinate ora! Questa replica della sciabola da ufficiale di cavalleria del 1822 al miglior prezzo - Lama in acciaio 440 - Fodero in acciaio inox - Lunghezza totale: 94 cm","robots":{"index":"index","follow":"follow","max-snippet":"max-snippet:-1","max-image-preview":"max-image-preview:large","max-video-preview":"max-video-preview:-1"},"canonical":"https:\/\/repliquemangacine.fr\/it\/spade-del-1-impero\/sciabola-da-ufficiale-di-cavalleria-1822\/","og_locale":"it_IT","og_type":"article","og_title":"Sabre Officier Cavalerie 1822 - Vente en ligne sabre militaire | RMC","og_description":"Commandez vite ! Cette r\u00e9plique du Sabre Officier Cavalerie 1822 au meilleur prix - Lame en acier 440 - Fourreau acier inox - Longueur totale : 94 cm","og_url":"https:\/\/repliquemangacine.fr\/it\/spade-del-1-impero\/sciabola-da-ufficiale-di-cavalleria-1822\/","og_site_name":"R\u00e9plique Manga Cin\u00e9","article_publisher":"https:\/\/www.facebook.com\/RepliqueMangaCine","article_modified_time":"2026-04-14T10:13:10+00:00","og_image":[{"width":800,"height":800,"url":"https:\/\/repliquemangacine.fr\/wp-content\/uploads\/2023\/10\/3551-Sabre-dofficier-de-cavalerie.jpg","type":"image\/jpeg"}],"twitter_card":"summary_large_image","twitter_misc":{"Tempo di lettura stimato":"1 minuto"},"schema":{"@context":"https:\/\/schema.org","@graph":[{"@type":"WebPage","@id":"https:\/\/repliquemangacine.fr\/sabres-1er-empire\/sabre-d-officier-de-cavalerie-1822\/","url":"https:\/\/repliquemangacine.fr\/sabres-1er-empire\/sabre-d-officier-de-cavalerie-1822\/","name":"Sciabola Ufficiale Cavalleria 1822 - Vendita on line sciabole militari | RMC","isPartOf":{"@id":"https:\/\/repliquemangacine.fr\/#website"},"primaryImageOfPage":{"@id":"https:\/\/repliquemangacine.fr\/sabres-1er-empire\/sabre-d-officier-de-cavalerie-1822\/#primaryimage"},"image":{"@id":"https:\/\/repliquemangacine.fr\/sabres-1er-empire\/sabre-d-officier-de-cavalerie-1822\/#primaryimage"},"thumbnailUrl":"https:\/\/repliquemangacine.fr\/wp-content\/uploads\/2023\/10\/3551-Sabre-dofficier-de-cavalerie.jpg","datePublished":"2020-03-12T16:11:24+00:00","dateModified":"2026-04-14T10:13:10+00:00","description":"Ordinate ora! Questa replica della sciabola da ufficiale di cavalleria del 1822 al miglior prezzo - Lama in acciaio 440 - Fodero in acciaio inox - Lunghezza totale: 94 cm","breadcrumb":{"@id":"https:\/\/repliquemangacine.fr\/sabres-1er-empire\/sabre-d-officier-de-cavalerie-1822\/#breadcrumb"},"inLanguage":"it-IT","potentialAction":[{"@type":"ReadAction","target":["https:\/\/repliquemangacine.fr\/sabres-1er-empire\/sabre-d-officier-de-cavalerie-1822\/"]}]},{"@type":"ImageObject","inLanguage":"it-IT","@id":"https:\/\/repliquemangacine.fr\/sabres-1er-empire\/sabre-d-officier-de-cavalerie-1822\/#primaryimage","url":"https:\/\/repliquemangacine.fr\/wp-content\/uploads\/2023\/10\/3551-Sabre-dofficier-de-cavalerie.jpg","contentUrl":"https:\/\/repliquemangacine.fr\/wp-content\/uploads\/2023\/10\/3551-Sabre-dofficier-de-cavalerie.jpg","width":800,"height":800,"caption":"Sabre Officier Cavalerie 1822"},{"@type":"BreadcrumbList","@id":"https:\/\/repliquemangacine.fr\/sabres-1er-empire\/sabre-d-officier-de-cavalerie-1822\/#breadcrumb","itemListElement":[{"@type":"ListItem","position":1,"name":"Accueil","item":"https:\/\/repliquemangacine.fr\/"},{"@type":"ListItem","position":2,"name":"Produits","item":"https:\/\/repliquemangacine.fr\/boutique\/"},{"@type":"ListItem","position":3,"name":"Sabre Officier de Cavalerie"}]},{"@type":"WebSite","@id":"https:\/\/repliquemangacine.fr\/#website","url":"https:\/\/repliquemangacine.fr\/","name":"R\u00e9plique Manga Cin\u00e9","description":"","publisher":{"@id":"https:\/\/repliquemangacine.fr\/#organization"},"potentialAction":[{"@type":"SearchAction","target":{"@type":"EntryPoint","urlTemplate":"https:\/\/repliquemangacine.fr\/?s={search_term_string}"},"query-input":{"@type":"PropertyValueSpecification","valueRequired":true,"valueName":"search_term_string"}}],"inLanguage":"it-IT"},{"@type":"Organization","@id":"https:\/\/repliquemangacine.fr\/#organization","name":"R\u00e9plique Manga Cin\u00e9","url":"https:\/\/repliquemangacine.fr\/","logo":{"@type":"ImageObject","inLanguage":"it-IT","@id":"https:\/\/repliquemangacine.fr\/#\/schema\/logo\/image\/","url":"https:\/\/repliquemangacine.fr\/wp-content\/uploads\/2023\/10\/RMC-500250.png","contentUrl":"https:\/\/repliquemangacine.fr\/wp-content\/uploads\/2023\/10\/RMC-500250.png","width":500,"height":250,"caption":"R\u00e9plique Manga Cin\u00e9"},"image":{"@id":"https:\/\/repliquemangacine.fr\/#\/schema\/logo\/image\/"},"sameAs":["https:\/\/www.facebook.com\/RepliqueMangaCine","https:\/\/www.instagram.com\/repliquemangacine.fr\/"]}]}},"_links":{"self":[{"href":"https:\/\/repliquemangacine.fr\/it\/wp-json\/wp\/v2\/product\/28859","targetHints":{"allow":["GET"]}}],"collection":[{"href":"https:\/\/repliquemangacine.fr\/it\/wp-json\/wp\/v2\/product"}],"about":[{"href":"https:\/\/repliquemangacine.fr\/it\/wp-json\/wp\/v2\/types\/product"}],"wp:featuredmedia":[{"embeddable":true,"href":"https:\/\/repliquemangacine.fr\/it\/wp-json\/wp\/v2\/media\/28860"}],"wp:attachment":[{"href":"https:\/\/repliquemangacine.fr\/it\/wp-json\/wp\/v2\/media?parent=28859"}],"wp:term":[{"taxonomy":"product_brand","embeddable":true,"href":"https:\/\/repliquemangacine.fr\/it\/wp-json\/wp\/v2\/product_brand?post=28859"},{"taxonomy":"product_cat","embeddable":true,"href":"https:\/\/repliquemangacine.fr\/it\/wp-json\/wp\/v2\/product_cat?post=28859"},{"taxonomy":"product_tag","embeddable":true,"href":"https:\/\/repliquemangacine.fr\/it\/wp-json\/wp\/v2\/product_tag?post=28859"}],"curies":[{"name":"wp","href":"https:\/\/api.w.org\/{rel}","templated":true}]}}