





{"id":28833,"date":"2020-02-25T15:17:50","date_gmt":"2020-02-25T14:17:50","guid":{"rendered":"https:\/\/repliquemangacine.fr\/?post_type=product&#038;p=28833"},"modified":"2026-04-15T12:51:34","modified_gmt":"2026-04-15T10:51:34","slug":"katana-delluccisore-di-demoni-zenitsu-agatsuma","status":"publish","type":"product","link":"https:\/\/repliquemangacine.fr\/it\/katana-demon-slayer-metal\/katana-de-zenitsu-agatsuma-demon-slayer\/","title":{"rendered":"Katana di Zenitsu Demon Slayer"},"content":{"rendered":"<h2>Zenitsu Demon Slayer, katana in acciaio<\/h2>\n<p>Per cominciare, il <strong>Katana di Zenitsu Demon Slayer<\/strong>\u00e8 una spada del sole. Il suo stile di respiro \u00e8: il <a href=\"https:\/\/kimetsu-no-yaiba.fandom.com\/fr\/wiki\/Souffle_de_la_Foudre\" target=\"_blank\" rel=\"noopener noreferrer\">soffio di fulmine<\/a>.<\/p>\n<p>Zenitsu Agatsuma, membro dell'Esercito dell'uccisione dei demoni. Compagno di viaggio di Tanjiro Kamado e uno dei personaggi principali del manga e dell'anime Kimetsu no Yaiba.<\/p>\n<p>Zenitsu \u00e8 un codardo, che sostiene sempre che morir\u00e0 presto a causa del suo rischioso lavoro di uccisione dei demoni. Tuttavia, nonostante queste debolezze, Zenitsu vuole essere all'altezza delle aspettative della gente nei suoi confronti e cerca di fare del suo meglio.<\/p>\n<p>Zenitsu \u00e8 pi\u00f9 potente quando dorme. Infatti, quando dorme, brandisce la spada ad alto livello, basandosi solo sull'istinto.<\/p>\n<h2>Il tuo Zenitsu Demon Slayer Katana al miglior prezzo<\/h2>\n<p>Abbiamo tutte le battute dei vostri personaggi preferiti in questo manga anime Demon Slayer.<\/p>\n<p>Innanzitutto,<\/p>\n<ul>\n<li>Le <a href=\"https:\/\/repliquemangacine.fr\/it\/cacciatore-di-demoni\/katana-di-inosuke-hashibira-cacciatore-di-demoni\/\">katana Inosuke Hashibira<\/a> con la sua lama dentellata.<\/li>\n<li>Cos\u00ec come il <a href=\"https:\/\/repliquemangacine.fr\/it\/cacciatore-di-demoni\/katana-forge-tanjiro-kamado-demon-slayer\/\">Katana forgiata Tanjir\u014d Kamado<\/a> con la sua guardia specifica.<\/li>\n<li>E molti altri da scoprire nel nostro negozio online!<\/li>\n<\/ul>\n<p>Ecco quindi alcune fantastiche idee regalo per i fan di Kimetsu no Yaiba o Demon Slayer.<\/p>\n<p>In conclusione, \u00e8 possibile utilizzare questa spada di Zenitsu Agatsuma anche per le sfilate cosplay o le feste a tema. Ma soprattutto, la spada di Zenitsu Agatsuma \u00e8 anche un oggetto da collezione e un pezzo decorativo.<\/p>\n<h2>Come faccio a mantenere la lama della mia katana Zenitsu?<\/h2>\n<p>Le katane da collezione e decorative sono realizzate e assemblate in modo semplificato. Poich\u00e9 il loro uso \u00e8 decorativo, non hanno le caratteristiche di sicurezza richieste da una spada giapponese destinata all'allenamento.<\/p>\n<p>Tuttavia, il vostro <strong>Katana Zenitsu per l'uccisione dei demoni<\/strong> a una lama d'acciaio che deve essere curata per evitare che si danneggi nel tempo. Quando si espone la katana, gli amici saranno curiosi di vedere la lama e di toccarla. \u00c8 qui che bisogna fare attenzione, perch\u00e9 l'acidit\u00e0 delle dita \u00e8 molto dannosa per l'acciaio, indipendentemente dalla sua qualit\u00e0.<\/p>\n<p>Se ci\u00f2 accade, non bisogna farsi prendere dal panico: basta usare un panno inumidito con un po' d'olio e cancellare le impronte digitali. In questo modo, la spada durer\u00e0 a lungo.<\/p>","protected":false},"excerpt":{"rendered":"<p>Replica eccellente della spada di Zenitsu Agatsuma del manga e dell'anime Demon Slayer.<\/p>\n<ul>\n<li>Lama in acciaio bicolore con serigrafia dorata che imita un cablaggio.<\/li>\n<li>Protezione in metallo bicolore grigio e giallo.<\/li>\n<li>Manico rivestito in similpelle gialla intrecciata con trecce di cotone bianco.<\/li>\n<li>Fodero in legno laccato bianco.<\/li>\n<li>Lunghezza lama: 68,5 cm - Lunghezza totale: 103 cm - Peso: 930 gr.<\/li>\n<\/ul>\n<p><strong>\u00a0<\/strong><\/p>","protected":false},"featured_media":28834,"template":"","meta":[],"product_brand":[896],"product_cat":[63,117,23],"product_tag":[],"class_list":{"0":"post-28833","1":"product","2":"type-product","3":"status-publish","4":"has-post-thumbnail","6":"product_brand-replique-manga-cine","7":"product_cat-katana-demon-slayer","8":"product_cat-katana-demon-slayer-metal","9":"product_cat-repliques-manga-jeux-video","11":"first","12":"instock","13":"taxable","14":"shipping-taxable","15":"purchasable","16":"product-type-simple"},"yoast_head":"<!-- This site is optimized with the Yoast SEO plugin v27.4 - https:\/\/yoast.com\/product\/yoast-seo-wordpress\/ -->\n<title>Katana de Zenitsu Demon Slayer - Boutique en ligne | RMC<\/title>\n<meta name=\"description\" content=\"Commandez vite ! Le Katana de Zenitsu Demon Slayer au meilleur prix. Lame en acier - Fourreau laqu\u00e9 - Longueur totale : 103cm - Envoi 24\/48h\" \/>\n<meta name=\"robots\" content=\"index, follow, max-snippet:-1, max-image-preview:large, max-video-preview:-1\" \/>\n<link rel=\"canonical\" href=\"https:\/\/repliquemangacine.fr\/it\/katana-demon-slayer-metal\/katana-delluccisore-di-demoni-zenitsu-agatsuma\/\" \/>\n<meta property=\"og:locale\" content=\"it_IT\" \/>\n<meta property=\"og:type\" content=\"article\" \/>\n<meta property=\"og:title\" content=\"Katana de Zenitsu Demon Slayer - Boutique en ligne | RMC\" \/>\n<meta property=\"og:description\" content=\"Commandez vite ! Le Katana de Zenitsu Demon Slayer au meilleur prix. Lame en acier - Fourreau laqu\u00e9 - Longueur totale : 103cm - Envoi 24\/48h\" \/>\n<meta property=\"og:url\" content=\"https:\/\/repliquemangacine.fr\/it\/katana-demon-slayer-metal\/katana-delluccisore-di-demoni-zenitsu-agatsuma\/\" \/>\n<meta property=\"og:site_name\" content=\"R\u00e9plique Manga Cin\u00e9\" \/>\n<meta property=\"article:publisher\" content=\"https:\/\/www.facebook.com\/RepliqueMangaCine\" \/>\n<meta property=\"article:modified_time\" content=\"2026-04-15T10:51:34+00:00\" \/>\n<meta property=\"og:image\" content=\"https:\/\/repliquemangacine.fr\/wp-content\/uploads\/2023\/10\/653.jpg\" \/>\n\t<meta property=\"og:image:width\" content=\"600\" \/>\n\t<meta property=\"og:image:height\" content=\"600\" \/>\n\t<meta property=\"og:image:type\" content=\"image\/jpeg\" \/>\n<meta name=\"twitter:card\" content=\"summary_large_image\" \/>\n<meta name=\"twitter:label1\" content=\"Tempo di lettura stimato\" \/>\n\t<meta name=\"twitter:data1\" content=\"1 minuto\" \/>\n<script type=\"application\/ld+json\" class=\"yoast-schema-graph\">{\"@context\":\"https:\\\/\\\/schema.org\",\"@graph\":[{\"@type\":\"WebPage\",\"@id\":\"https:\\\/\\\/repliquemangacine.fr\\\/katana-demon-slayer-metal\\\/katana-de-zenitsu-agatsuma-demon-slayer\\\/\",\"url\":\"https:\\\/\\\/repliquemangacine.fr\\\/katana-demon-slayer-metal\\\/katana-de-zenitsu-agatsuma-demon-slayer\\\/\",\"name\":\"Katana de Zenitsu Demon Slayer - Boutique en ligne | RMC\",\"isPartOf\":{\"@id\":\"https:\\\/\\\/repliquemangacine.fr\\\/#website\"},\"primaryImageOfPage\":{\"@id\":\"https:\\\/\\\/repliquemangacine.fr\\\/katana-demon-slayer-metal\\\/katana-de-zenitsu-agatsuma-demon-slayer\\\/#primaryimage\"},\"image\":{\"@id\":\"https:\\\/\\\/repliquemangacine.fr\\\/katana-demon-slayer-metal\\\/katana-de-zenitsu-agatsuma-demon-slayer\\\/#primaryimage\"},\"thumbnailUrl\":\"https:\\\/\\\/repliquemangacine.fr\\\/wp-content\\\/uploads\\\/2023\\\/10\\\/653.jpg\",\"datePublished\":\"2020-02-25T14:17:50+00:00\",\"dateModified\":\"2026-04-15T10:51:34+00:00\",\"description\":\"Commandez vite ! Le Katana de Zenitsu Demon Slayer au meilleur prix. Lame en acier - Fourreau laqu\u00e9 - Longueur totale : 103cm - Envoi 24\\\/48h\",\"breadcrumb\":{\"@id\":\"https:\\\/\\\/repliquemangacine.fr\\\/katana-demon-slayer-metal\\\/katana-de-zenitsu-agatsuma-demon-slayer\\\/#breadcrumb\"},\"inLanguage\":\"it-IT\",\"potentialAction\":[{\"@type\":\"ReadAction\",\"target\":[\"https:\\\/\\\/repliquemangacine.fr\\\/katana-demon-slayer-metal\\\/katana-de-zenitsu-agatsuma-demon-slayer\\\/\"]}]},{\"@type\":\"ImageObject\",\"inLanguage\":\"it-IT\",\"@id\":\"https:\\\/\\\/repliquemangacine.fr\\\/katana-demon-slayer-metal\\\/katana-de-zenitsu-agatsuma-demon-slayer\\\/#primaryimage\",\"url\":\"https:\\\/\\\/repliquemangacine.fr\\\/wp-content\\\/uploads\\\/2023\\\/10\\\/653.jpg\",\"contentUrl\":\"https:\\\/\\\/repliquemangacine.fr\\\/wp-content\\\/uploads\\\/2023\\\/10\\\/653.jpg\",\"width\":600,\"height\":600,\"caption\":\"Katana de Zenitsu Demon Slayer lame acier\"},{\"@type\":\"BreadcrumbList\",\"@id\":\"https:\\\/\\\/repliquemangacine.fr\\\/katana-demon-slayer-metal\\\/katana-de-zenitsu-agatsuma-demon-slayer\\\/#breadcrumb\",\"itemListElement\":[{\"@type\":\"ListItem\",\"position\":1,\"name\":\"Accueil\",\"item\":\"https:\\\/\\\/repliquemangacine.fr\\\/\"},{\"@type\":\"ListItem\",\"position\":2,\"name\":\"Produits\",\"item\":\"https:\\\/\\\/repliquemangacine.fr\\\/boutique\\\/\"},{\"@type\":\"ListItem\",\"position\":3,\"name\":\"Katana de Zenitsu Demon Slayer\"}]},{\"@type\":\"WebSite\",\"@id\":\"https:\\\/\\\/repliquemangacine.fr\\\/#website\",\"url\":\"https:\\\/\\\/repliquemangacine.fr\\\/\",\"name\":\"R\u00e9plique Manga Cin\u00e9\",\"description\":\"\",\"publisher\":{\"@id\":\"https:\\\/\\\/repliquemangacine.fr\\\/#organization\"},\"potentialAction\":[{\"@type\":\"SearchAction\",\"target\":{\"@type\":\"EntryPoint\",\"urlTemplate\":\"https:\\\/\\\/repliquemangacine.fr\\\/?s={search_term_string}\"},\"query-input\":{\"@type\":\"PropertyValueSpecification\",\"valueRequired\":true,\"valueName\":\"search_term_string\"}}],\"inLanguage\":\"it-IT\"},{\"@type\":\"Organization\",\"@id\":\"https:\\\/\\\/repliquemangacine.fr\\\/#organization\",\"name\":\"R\u00e9plique Manga Cin\u00e9\",\"url\":\"https:\\\/\\\/repliquemangacine.fr\\\/\",\"logo\":{\"@type\":\"ImageObject\",\"inLanguage\":\"it-IT\",\"@id\":\"https:\\\/\\\/repliquemangacine.fr\\\/#\\\/schema\\\/logo\\\/image\\\/\",\"url\":\"https:\\\/\\\/repliquemangacine.fr\\\/wp-content\\\/uploads\\\/2023\\\/10\\\/RMC-500250.png\",\"contentUrl\":\"https:\\\/\\\/repliquemangacine.fr\\\/wp-content\\\/uploads\\\/2023\\\/10\\\/RMC-500250.png\",\"width\":500,\"height\":250,\"caption\":\"R\u00e9plique Manga Cin\u00e9\"},\"image\":{\"@id\":\"https:\\\/\\\/repliquemangacine.fr\\\/#\\\/schema\\\/logo\\\/image\\\/\"},\"sameAs\":[\"https:\\\/\\\/www.facebook.com\\\/RepliqueMangaCine\",\"https:\\\/\\\/www.instagram.com\\\/repliquemangacine.fr\\\/\"]}]}<\/script>\n<!-- \/ Yoast SEO plugin. -->","yoast_head_json":{"title":"Zenitsu Demon Slayer Katana - Negozio online | RMC","description":"Ordinate ora! La Katana Zenitsu Demon Slayer al miglior prezzo. Lama in acciaio - Fodero laccato - Lunghezza totale: 103cm - Consegna 24\/48h","robots":{"index":"index","follow":"follow","max-snippet":"max-snippet:-1","max-image-preview":"max-image-preview:large","max-video-preview":"max-video-preview:-1"},"canonical":"https:\/\/repliquemangacine.fr\/it\/katana-demon-slayer-metal\/katana-delluccisore-di-demoni-zenitsu-agatsuma\/","og_locale":"it_IT","og_type":"article","og_title":"Katana de Zenitsu Demon Slayer - Boutique en ligne | RMC","og_description":"Commandez vite ! Le Katana de Zenitsu Demon Slayer au meilleur prix. Lame en acier - Fourreau laqu\u00e9 - Longueur totale : 103cm - Envoi 24\/48h","og_url":"https:\/\/repliquemangacine.fr\/it\/katana-demon-slayer-metal\/katana-delluccisore-di-demoni-zenitsu-agatsuma\/","og_site_name":"R\u00e9plique Manga Cin\u00e9","article_publisher":"https:\/\/www.facebook.com\/RepliqueMangaCine","article_modified_time":"2026-04-15T10:51:34+00:00","og_image":[{"width":600,"height":600,"url":"https:\/\/repliquemangacine.fr\/wp-content\/uploads\/2023\/10\/653.jpg","type":"image\/jpeg"}],"twitter_card":"summary_large_image","twitter_misc":{"Tempo di lettura stimato":"1 minuto"},"schema":{"@context":"https:\/\/schema.org","@graph":[{"@type":"WebPage","@id":"https:\/\/repliquemangacine.fr\/katana-demon-slayer-metal\/katana-de-zenitsu-agatsuma-demon-slayer\/","url":"https:\/\/repliquemangacine.fr\/katana-demon-slayer-metal\/katana-de-zenitsu-agatsuma-demon-slayer\/","name":"Zenitsu Demon Slayer Katana - Negozio online | RMC","isPartOf":{"@id":"https:\/\/repliquemangacine.fr\/#website"},"primaryImageOfPage":{"@id":"https:\/\/repliquemangacine.fr\/katana-demon-slayer-metal\/katana-de-zenitsu-agatsuma-demon-slayer\/#primaryimage"},"image":{"@id":"https:\/\/repliquemangacine.fr\/katana-demon-slayer-metal\/katana-de-zenitsu-agatsuma-demon-slayer\/#primaryimage"},"thumbnailUrl":"https:\/\/repliquemangacine.fr\/wp-content\/uploads\/2023\/10\/653.jpg","datePublished":"2020-02-25T14:17:50+00:00","dateModified":"2026-04-15T10:51:34+00:00","description":"Ordinate ora! La Katana Zenitsu Demon Slayer al miglior prezzo. Lama in acciaio - Fodero laccato - Lunghezza totale: 103cm - Consegna 24\/48h","breadcrumb":{"@id":"https:\/\/repliquemangacine.fr\/katana-demon-slayer-metal\/katana-de-zenitsu-agatsuma-demon-slayer\/#breadcrumb"},"inLanguage":"it-IT","potentialAction":[{"@type":"ReadAction","target":["https:\/\/repliquemangacine.fr\/katana-demon-slayer-metal\/katana-de-zenitsu-agatsuma-demon-slayer\/"]}]},{"@type":"ImageObject","inLanguage":"it-IT","@id":"https:\/\/repliquemangacine.fr\/katana-demon-slayer-metal\/katana-de-zenitsu-agatsuma-demon-slayer\/#primaryimage","url":"https:\/\/repliquemangacine.fr\/wp-content\/uploads\/2023\/10\/653.jpg","contentUrl":"https:\/\/repliquemangacine.fr\/wp-content\/uploads\/2023\/10\/653.jpg","width":600,"height":600,"caption":"Katana de Zenitsu Demon Slayer lame acier"},{"@type":"BreadcrumbList","@id":"https:\/\/repliquemangacine.fr\/katana-demon-slayer-metal\/katana-de-zenitsu-agatsuma-demon-slayer\/#breadcrumb","itemListElement":[{"@type":"ListItem","position":1,"name":"Accueil","item":"https:\/\/repliquemangacine.fr\/"},{"@type":"ListItem","position":2,"name":"Produits","item":"https:\/\/repliquemangacine.fr\/boutique\/"},{"@type":"ListItem","position":3,"name":"Katana de Zenitsu Demon Slayer"}]},{"@type":"WebSite","@id":"https:\/\/repliquemangacine.fr\/#website","url":"https:\/\/repliquemangacine.fr\/","name":"R\u00e9plique Manga Cin\u00e9","description":"","publisher":{"@id":"https:\/\/repliquemangacine.fr\/#organization"},"potentialAction":[{"@type":"SearchAction","target":{"@type":"EntryPoint","urlTemplate":"https:\/\/repliquemangacine.fr\/?s={search_term_string}"},"query-input":{"@type":"PropertyValueSpecification","valueRequired":true,"valueName":"search_term_string"}}],"inLanguage":"it-IT"},{"@type":"Organization","@id":"https:\/\/repliquemangacine.fr\/#organization","name":"R\u00e9plique Manga Cin\u00e9","url":"https:\/\/repliquemangacine.fr\/","logo":{"@type":"ImageObject","inLanguage":"it-IT","@id":"https:\/\/repliquemangacine.fr\/#\/schema\/logo\/image\/","url":"https:\/\/repliquemangacine.fr\/wp-content\/uploads\/2023\/10\/RMC-500250.png","contentUrl":"https:\/\/repliquemangacine.fr\/wp-content\/uploads\/2023\/10\/RMC-500250.png","width":500,"height":250,"caption":"R\u00e9plique Manga Cin\u00e9"},"image":{"@id":"https:\/\/repliquemangacine.fr\/#\/schema\/logo\/image\/"},"sameAs":["https:\/\/www.facebook.com\/RepliqueMangaCine","https:\/\/www.instagram.com\/repliquemangacine.fr\/"]}]}},"_links":{"self":[{"href":"https:\/\/repliquemangacine.fr\/it\/wp-json\/wp\/v2\/product\/28833","targetHints":{"allow":["GET"]}}],"collection":[{"href":"https:\/\/repliquemangacine.fr\/it\/wp-json\/wp\/v2\/product"}],"about":[{"href":"https:\/\/repliquemangacine.fr\/it\/wp-json\/wp\/v2\/types\/product"}],"wp:featuredmedia":[{"embeddable":true,"href":"https:\/\/repliquemangacine.fr\/it\/wp-json\/wp\/v2\/media\/28834"}],"wp:attachment":[{"href":"https:\/\/repliquemangacine.fr\/it\/wp-json\/wp\/v2\/media?parent=28833"}],"wp:term":[{"taxonomy":"product_brand","embeddable":true,"href":"https:\/\/repliquemangacine.fr\/it\/wp-json\/wp\/v2\/product_brand?post=28833"},{"taxonomy":"product_cat","embeddable":true,"href":"https:\/\/repliquemangacine.fr\/it\/wp-json\/wp\/v2\/product_cat?post=28833"},{"taxonomy":"product_tag","embeddable":true,"href":"https:\/\/repliquemangacine.fr\/it\/wp-json\/wp\/v2\/product_tag?post=28833"}],"curies":[{"name":"wp","href":"https:\/\/api.w.org\/{rel}","templated":true}]}}