





{"id":28790,"date":"2020-02-22T18:41:57","date_gmt":"2020-02-22T17:41:57","guid":{"rendered":"https:\/\/repliquemangacine.fr\/?post_type=product&#038;p=28790"},"modified":"2026-03-13T16:15:27","modified_gmt":"2026-03-13T15:15:27","slug":"master-sword-edizione-nera-zelda-link-sword","status":"publish","type":"product","link":"https:\/\/repliquemangacine.fr\/it\/epee-zelda\/master-sword-black-edition-zelda-epee-de-link\/","title":{"rendered":"Master Sword Edizione Nera"},"content":{"rendered":"<h2>Master Sword Edizione Nera in Zelda<\/h2>\n<p>Per cominciare, il<strong>Maestro di spada nero<\/strong> Edition \u00e8 la versione oscura di Link, conosciuta anche come la <a href=\"https:\/\/zelda.fandom.com\/fr\/wiki\/Dark_Link\" target=\"_blank\" rel=\"noopener noreferrer\">Legame oscuro<\/a> o Link corrotto in Zelda.<\/p>\n<p>Sosia di Link, Dark Link gli somiglia molto ogni volta che appare. \u00c8 vestito allo stesso modo, tranne che per il colore del suo abbigliamento, che \u00e8 interamente nero o grigio scuro. Un'altra caratteristica degna di nota, oltre al colore dei vestiti, \u00e8 il colore rosso degli occhi e della spada.<\/p>\n<p>The Legend of Zelda: Skyward Sword \u00e8 il sedicesimo gioco della serie Zelda. La Legend of Zelda Sword, nota anche come Excalibur o Master Sword, \u00e8 la spada pi\u00f9 iconica della serie di Zelda. Viene usata per respingere il male, o pi\u00f9 in generale per respingere Ganon, ma anche per acquisire nuovi poteri.<\/p>\n<h2>La vostra Master Sword Black al miglior prezzo.<\/h2>\n<p>Offriamo un'ampia gamma di repliche dei videogiochi di Zelda<\/p>\n<p>Innanzitutto,<\/p>\n<ul>\n<li>L'<a href=\"https:\/\/repliquemangacine.fr\/it\/spada-di-zelda\/spada-master-spada-zelda\/\">Spada Master Sword leggenda spada<\/a> con la sua triforza sulla lama.<\/li>\n<li>Quindi, la c<a href=\"https:\/\/repliquemangacine.fr\/it\/spada-di-zelda\/cofanetto-zelda-da-13-pezzi\/\">set di 13 portachiavi<\/a> delle spade del gioco.<\/li>\n<li>Cos\u00ec come il <a href=\"https:\/\/repliquemangacine.fr\/it\/spada-di-zelda\/scudo-hylian-zelda\/\">Scudo di Hylian<\/a> tutto il metallo.<\/li>\n<li>E molti altri da scoprire nel nostro negozio online!<\/li>\n<\/ul>\n<p>Ecco perch\u00e9 questa \u00e8 un'ottima idea regalo per i fan di Zelda.<\/p>\n<p>In conclusione, \u00e8 possibile utilizzare l\u2019<strong>Maestro di spada nero<\/strong> Edizione di Zelda per le sfilate di cosplay durante le convention. Ma soprattutto, \u00e8 un oggetto da collezione e un pezzo decorativo.<\/p>\n<p>R\u00e9plique Manga Cin\u00e9 \u00e8 un'azienda familiare francese.<\/p>\n<h2>Come faccio a mantenere la lama della mia spada Zelda?<\/h2>\n<p>Le spade da collezione e decorative sono realizzate e assemblate in modo semplificato. Poich\u00e9 il loro uso \u00e8 decorativo, non hanno le caratteristiche di sicurezza richieste per una spada giapponese destinata all'allenamento.<\/p>\n<p>Tuttavia, il vostro <strong>Maestro di spada nero<\/strong> a una lama d'acciaio che deve essere curata per evitare che si danneggi nel tempo. Quando si espone la katana, gli amici saranno curiosi di vedere la lama e di toccarla. \u00c8 qui che bisogna fare attenzione, perch\u00e9 l'acidit\u00e0 delle dita \u00e8 molto dannosa per l'acciaio, indipendentemente dalla sua qualit\u00e0.<\/p>\n<p>Tuttavia, se ci\u00f2 dovesse accadere, niente panico: basta un panno inumidito con un po' d'olio per eliminare le impronte. In questo modo, la spada durer\u00e0 a lungo.<\/p>\n<p><strong>\u00a0<\/strong><\/p>","protected":false},"excerpt":{"rendered":"<p>Spada Link Black Edition.<\/p>\n<ul>\n<li>Lama in acciaio inossidabile con Triforza e incisioni.<\/li>\n<li>Elsa e pomo in acciaio antico.<\/li>\n<li>Manico avvolto in una treccia di cotone nero.<\/li>\n<li>Guaina in pelle nera, look in rilievo.<\/li>\n<li>Lunghezza lama: 78 cm - Lunghezza totale: 125 cm<\/li>\n<li>Peso: 1950 grammi<\/li>\n<\/ul>","protected":false},"featured_media":28791,"template":"","meta":[],"product_brand":[896],"product_cat":[23,56],"product_tag":[],"class_list":{"0":"post-28790","1":"product","2":"type-product","3":"status-publish","4":"has-post-thumbnail","6":"product_brand-replique-manga-cine","7":"product_cat-repliques-manga-jeux-video","8":"product_cat-epee-zelda","10":"first","11":"instock","12":"taxable","13":"shipping-taxable","14":"purchasable","15":"product-type-simple"},"yoast_head":"<!-- This site is optimized with the Yoast SEO plugin v27.4 - https:\/\/yoast.com\/product\/yoast-seo-wordpress\/ -->\n<title>Ep\u00e9e Master Sword Black - Zelda - Boutique en ligne | RMC<\/title>\n<meta name=\"description\" content=\"Offrez-vous l&#039;Ep\u00e9e Master Sword Black Edition au meilleur prix. Fourreau cuir et relief 3D. Lame en acier - Echelle 1\/1 - Longueur : 125 cm - Envoi 24\/48h\" \/>\n<meta name=\"robots\" content=\"index, follow, max-snippet:-1, max-image-preview:large, max-video-preview:-1\" \/>\n<link rel=\"canonical\" href=\"https:\/\/repliquemangacine.fr\/it\/spada-di-zelda\/master-sword-edizione-nera-zelda-link-sword\/\" \/>\n<meta property=\"og:locale\" content=\"it_IT\" \/>\n<meta property=\"og:type\" content=\"article\" \/>\n<meta property=\"og:title\" content=\"Ep\u00e9e Master Sword Black - Zelda - Boutique en ligne | RMC\" \/>\n<meta property=\"og:description\" content=\"Offrez-vous l&#039;Ep\u00e9e Master Sword Black Edition au meilleur prix. Fourreau cuir et relief 3D. Lame en acier - Echelle 1\/1 - Longueur : 125 cm - Envoi 24\/48h\" \/>\n<meta property=\"og:url\" content=\"https:\/\/repliquemangacine.fr\/it\/spada-di-zelda\/master-sword-edizione-nera-zelda-link-sword\/\" \/>\n<meta property=\"og:site_name\" content=\"R\u00e9plique Manga Cin\u00e9\" \/>\n<meta property=\"article:publisher\" content=\"https:\/\/www.facebook.com\/RepliqueMangaCine\" \/>\n<meta property=\"article:modified_time\" content=\"2026-03-13T15:15:27+00:00\" \/>\n<meta property=\"og:image\" content=\"https:\/\/repliquemangacine.fr\/wp-content\/uploads\/2023\/10\/3492-Epee-Zelda-Master-Sword-Black-Edition-avec-fourreau.jpg\" \/>\n\t<meta property=\"og:image:width\" content=\"800\" \/>\n\t<meta property=\"og:image:height\" content=\"800\" \/>\n\t<meta property=\"og:image:type\" content=\"image\/jpeg\" \/>\n<meta name=\"twitter:card\" content=\"summary_large_image\" \/>\n<meta name=\"twitter:label1\" content=\"Tempo di lettura stimato\" \/>\n\t<meta name=\"twitter:data1\" content=\"3 minuti\" \/>\n<script type=\"application\/ld+json\" class=\"yoast-schema-graph\">{\"@context\":\"https:\\\/\\\/schema.org\",\"@graph\":[{\"@type\":\"WebPage\",\"@id\":\"https:\\\/\\\/repliquemangacine.fr\\\/epee-zelda\\\/master-sword-black-edition-zelda-epee-de-link\\\/\",\"url\":\"https:\\\/\\\/repliquemangacine.fr\\\/epee-zelda\\\/master-sword-black-edition-zelda-epee-de-link\\\/\",\"name\":\"Ep\u00e9e Master Sword Black - Zelda - Boutique en ligne | RMC\",\"isPartOf\":{\"@id\":\"https:\\\/\\\/repliquemangacine.fr\\\/#website\"},\"primaryImageOfPage\":{\"@id\":\"https:\\\/\\\/repliquemangacine.fr\\\/epee-zelda\\\/master-sword-black-edition-zelda-epee-de-link\\\/#primaryimage\"},\"image\":{\"@id\":\"https:\\\/\\\/repliquemangacine.fr\\\/epee-zelda\\\/master-sword-black-edition-zelda-epee-de-link\\\/#primaryimage\"},\"thumbnailUrl\":\"https:\\\/\\\/repliquemangacine.fr\\\/wp-content\\\/uploads\\\/2023\\\/10\\\/3492-Epee-Zelda-Master-Sword-Black-Edition-avec-fourreau.jpg\",\"datePublished\":\"2020-02-22T17:41:57+00:00\",\"dateModified\":\"2026-03-13T15:15:27+00:00\",\"description\":\"Offrez-vous l'Ep\u00e9e Master Sword Black Edition au meilleur prix. Fourreau cuir et relief 3D. Lame en acier - Echelle 1\\\/1 - Longueur : 125 cm - Envoi 24\\\/48h\",\"breadcrumb\":{\"@id\":\"https:\\\/\\\/repliquemangacine.fr\\\/epee-zelda\\\/master-sword-black-edition-zelda-epee-de-link\\\/#breadcrumb\"},\"inLanguage\":\"it-IT\",\"potentialAction\":[{\"@type\":\"ReadAction\",\"target\":[\"https:\\\/\\\/repliquemangacine.fr\\\/epee-zelda\\\/master-sword-black-edition-zelda-epee-de-link\\\/\"]}]},{\"@type\":\"ImageObject\",\"inLanguage\":\"it-IT\",\"@id\":\"https:\\\/\\\/repliquemangacine.fr\\\/epee-zelda\\\/master-sword-black-edition-zelda-epee-de-link\\\/#primaryimage\",\"url\":\"https:\\\/\\\/repliquemangacine.fr\\\/wp-content\\\/uploads\\\/2023\\\/10\\\/3492-Epee-Zelda-Master-Sword-Black-Edition-avec-fourreau.jpg\",\"contentUrl\":\"https:\\\/\\\/repliquemangacine.fr\\\/wp-content\\\/uploads\\\/2023\\\/10\\\/3492-Epee-Zelda-Master-Sword-Black-Edition-avec-fourreau.jpg\",\"width\":800,\"height\":800,\"caption\":\"Ep\u00e9e Zelda Master Sword Black Edition avec fourreau\"},{\"@type\":\"BreadcrumbList\",\"@id\":\"https:\\\/\\\/repliquemangacine.fr\\\/epee-zelda\\\/master-sword-black-edition-zelda-epee-de-link\\\/#breadcrumb\",\"itemListElement\":[{\"@type\":\"ListItem\",\"position\":1,\"name\":\"Accueil\",\"item\":\"https:\\\/\\\/repliquemangacine.fr\\\/\"},{\"@type\":\"ListItem\",\"position\":2,\"name\":\"Produits\",\"item\":\"https:\\\/\\\/repliquemangacine.fr\\\/boutique\\\/\"},{\"@type\":\"ListItem\",\"position\":3,\"name\":\"Ep\u00e9e Master Sword Black Edition\"}]},{\"@type\":\"WebSite\",\"@id\":\"https:\\\/\\\/repliquemangacine.fr\\\/#website\",\"url\":\"https:\\\/\\\/repliquemangacine.fr\\\/\",\"name\":\"R\u00e9plique Manga Cin\u00e9\",\"description\":\"\",\"publisher\":{\"@id\":\"https:\\\/\\\/repliquemangacine.fr\\\/#organization\"},\"potentialAction\":[{\"@type\":\"SearchAction\",\"target\":{\"@type\":\"EntryPoint\",\"urlTemplate\":\"https:\\\/\\\/repliquemangacine.fr\\\/?s={search_term_string}\"},\"query-input\":{\"@type\":\"PropertyValueSpecification\",\"valueRequired\":true,\"valueName\":\"search_term_string\"}}],\"inLanguage\":\"it-IT\"},{\"@type\":\"Organization\",\"@id\":\"https:\\\/\\\/repliquemangacine.fr\\\/#organization\",\"name\":\"R\u00e9plique Manga Cin\u00e9\",\"url\":\"https:\\\/\\\/repliquemangacine.fr\\\/\",\"logo\":{\"@type\":\"ImageObject\",\"inLanguage\":\"it-IT\",\"@id\":\"https:\\\/\\\/repliquemangacine.fr\\\/#\\\/schema\\\/logo\\\/image\\\/\",\"url\":\"https:\\\/\\\/repliquemangacine.fr\\\/wp-content\\\/uploads\\\/2023\\\/10\\\/RMC-500250.png\",\"contentUrl\":\"https:\\\/\\\/repliquemangacine.fr\\\/wp-content\\\/uploads\\\/2023\\\/10\\\/RMC-500250.png\",\"width\":500,\"height\":250,\"caption\":\"R\u00e9plique Manga Cin\u00e9\"},\"image\":{\"@id\":\"https:\\\/\\\/repliquemangacine.fr\\\/#\\\/schema\\\/logo\\\/image\\\/\"},\"sameAs\":[\"https:\\\/\\\/www.facebook.com\\\/RepliqueMangaCine\",\"https:\\\/\\\/www.instagram.com\\\/repliquemangacine.fr\\\/\"]}]}<\/script>\n<!-- \/ Yoast SEO plugin. -->","yoast_head_json":{"title":"Master Sword Black - Zelda - Boutique en ligne | RMC","description":"Regalatevi la Master Sword Black Edition al miglior prezzo. Fodero in pelle e rilievo 3D. Lama in acciaio - Scala 1\/1 - Lunghezza: 125 cm - Spedizione 24\/48h","robots":{"index":"index","follow":"follow","max-snippet":"max-snippet:-1","max-image-preview":"max-image-preview:large","max-video-preview":"max-video-preview:-1"},"canonical":"https:\/\/repliquemangacine.fr\/it\/spada-di-zelda\/master-sword-edizione-nera-zelda-link-sword\/","og_locale":"it_IT","og_type":"article","og_title":"Ep\u00e9e Master Sword Black - Zelda - Boutique en ligne | RMC","og_description":"Offrez-vous l'Ep\u00e9e Master Sword Black Edition au meilleur prix. Fourreau cuir et relief 3D. Lame en acier - Echelle 1\/1 - Longueur : 125 cm - Envoi 24\/48h","og_url":"https:\/\/repliquemangacine.fr\/it\/spada-di-zelda\/master-sword-edizione-nera-zelda-link-sword\/","og_site_name":"R\u00e9plique Manga Cin\u00e9","article_publisher":"https:\/\/www.facebook.com\/RepliqueMangaCine","article_modified_time":"2026-03-13T15:15:27+00:00","og_image":[{"width":800,"height":800,"url":"https:\/\/repliquemangacine.fr\/wp-content\/uploads\/2023\/10\/3492-Epee-Zelda-Master-Sword-Black-Edition-avec-fourreau.jpg","type":"image\/jpeg"}],"twitter_card":"summary_large_image","twitter_misc":{"Tempo di lettura stimato":"3 minuti"},"schema":{"@context":"https:\/\/schema.org","@graph":[{"@type":"WebPage","@id":"https:\/\/repliquemangacine.fr\/epee-zelda\/master-sword-black-edition-zelda-epee-de-link\/","url":"https:\/\/repliquemangacine.fr\/epee-zelda\/master-sword-black-edition-zelda-epee-de-link\/","name":"Master Sword Black - Zelda - Boutique en ligne | RMC","isPartOf":{"@id":"https:\/\/repliquemangacine.fr\/#website"},"primaryImageOfPage":{"@id":"https:\/\/repliquemangacine.fr\/epee-zelda\/master-sword-black-edition-zelda-epee-de-link\/#primaryimage"},"image":{"@id":"https:\/\/repliquemangacine.fr\/epee-zelda\/master-sword-black-edition-zelda-epee-de-link\/#primaryimage"},"thumbnailUrl":"https:\/\/repliquemangacine.fr\/wp-content\/uploads\/2023\/10\/3492-Epee-Zelda-Master-Sword-Black-Edition-avec-fourreau.jpg","datePublished":"2020-02-22T17:41:57+00:00","dateModified":"2026-03-13T15:15:27+00:00","description":"Regalatevi la Master Sword Black Edition al miglior prezzo. Fodero in pelle e rilievo 3D. Lama in acciaio - Scala 1\/1 - Lunghezza: 125 cm - Spedizione 24\/48h","breadcrumb":{"@id":"https:\/\/repliquemangacine.fr\/epee-zelda\/master-sword-black-edition-zelda-epee-de-link\/#breadcrumb"},"inLanguage":"it-IT","potentialAction":[{"@type":"ReadAction","target":["https:\/\/repliquemangacine.fr\/epee-zelda\/master-sword-black-edition-zelda-epee-de-link\/"]}]},{"@type":"ImageObject","inLanguage":"it-IT","@id":"https:\/\/repliquemangacine.fr\/epee-zelda\/master-sword-black-edition-zelda-epee-de-link\/#primaryimage","url":"https:\/\/repliquemangacine.fr\/wp-content\/uploads\/2023\/10\/3492-Epee-Zelda-Master-Sword-Black-Edition-avec-fourreau.jpg","contentUrl":"https:\/\/repliquemangacine.fr\/wp-content\/uploads\/2023\/10\/3492-Epee-Zelda-Master-Sword-Black-Edition-avec-fourreau.jpg","width":800,"height":800,"caption":"Ep\u00e9e Zelda Master Sword Black Edition avec fourreau"},{"@type":"BreadcrumbList","@id":"https:\/\/repliquemangacine.fr\/epee-zelda\/master-sword-black-edition-zelda-epee-de-link\/#breadcrumb","itemListElement":[{"@type":"ListItem","position":1,"name":"Accueil","item":"https:\/\/repliquemangacine.fr\/"},{"@type":"ListItem","position":2,"name":"Produits","item":"https:\/\/repliquemangacine.fr\/boutique\/"},{"@type":"ListItem","position":3,"name":"Ep\u00e9e Master Sword Black Edition"}]},{"@type":"WebSite","@id":"https:\/\/repliquemangacine.fr\/#website","url":"https:\/\/repliquemangacine.fr\/","name":"R\u00e9plique Manga Cin\u00e9","description":"","publisher":{"@id":"https:\/\/repliquemangacine.fr\/#organization"},"potentialAction":[{"@type":"SearchAction","target":{"@type":"EntryPoint","urlTemplate":"https:\/\/repliquemangacine.fr\/?s={search_term_string}"},"query-input":{"@type":"PropertyValueSpecification","valueRequired":true,"valueName":"search_term_string"}}],"inLanguage":"it-IT"},{"@type":"Organization","@id":"https:\/\/repliquemangacine.fr\/#organization","name":"R\u00e9plique Manga Cin\u00e9","url":"https:\/\/repliquemangacine.fr\/","logo":{"@type":"ImageObject","inLanguage":"it-IT","@id":"https:\/\/repliquemangacine.fr\/#\/schema\/logo\/image\/","url":"https:\/\/repliquemangacine.fr\/wp-content\/uploads\/2023\/10\/RMC-500250.png","contentUrl":"https:\/\/repliquemangacine.fr\/wp-content\/uploads\/2023\/10\/RMC-500250.png","width":500,"height":250,"caption":"R\u00e9plique Manga Cin\u00e9"},"image":{"@id":"https:\/\/repliquemangacine.fr\/#\/schema\/logo\/image\/"},"sameAs":["https:\/\/www.facebook.com\/RepliqueMangaCine","https:\/\/www.instagram.com\/repliquemangacine.fr\/"]}]}},"_links":{"self":[{"href":"https:\/\/repliquemangacine.fr\/it\/wp-json\/wp\/v2\/product\/28790","targetHints":{"allow":["GET"]}}],"collection":[{"href":"https:\/\/repliquemangacine.fr\/it\/wp-json\/wp\/v2\/product"}],"about":[{"href":"https:\/\/repliquemangacine.fr\/it\/wp-json\/wp\/v2\/types\/product"}],"wp:featuredmedia":[{"embeddable":true,"href":"https:\/\/repliquemangacine.fr\/it\/wp-json\/wp\/v2\/media\/28791"}],"wp:attachment":[{"href":"https:\/\/repliquemangacine.fr\/it\/wp-json\/wp\/v2\/media?parent=28790"}],"wp:term":[{"taxonomy":"product_brand","embeddable":true,"href":"https:\/\/repliquemangacine.fr\/it\/wp-json\/wp\/v2\/product_brand?post=28790"},{"taxonomy":"product_cat","embeddable":true,"href":"https:\/\/repliquemangacine.fr\/it\/wp-json\/wp\/v2\/product_cat?post=28790"},{"taxonomy":"product_tag","embeddable":true,"href":"https:\/\/repliquemangacine.fr\/it\/wp-json\/wp\/v2\/product_tag?post=28790"}],"curies":[{"name":"wp","href":"https:\/\/api.w.org\/{rel}","templated":true}]}}