





{"id":28776,"date":"2020-02-22T16:30:36","date_gmt":"2020-02-22T15:30:36","guid":{"rendered":"https:\/\/repliquemangacine.fr\/?post_type=product&#038;p=28776"},"modified":"2025-11-03T15:21:16","modified_gmt":"2025-11-03T14:21:16","slug":"athena-spada-wonder-woman-justice-league","status":"publish","type":"product","link":"https:\/\/repliquemangacine.fr\/it\/super-heros-marvel\/epee-athena-wonder-woman-justice-league\/","title":{"rendered":"Spada Athena Wonder Woman"},"content":{"rendered":"<h2>Spada Athena Wonder Woman in Justice League.<\/h2>\n<p>Per cominciare, il<strong>Spada Athena Wonder Woman<\/strong> \u00e8 dotata di poteri magici che Wonder Woman brandisce in battaglia, sostituendo la spada del Dio Assassino dopo che questa era stata distrutta da Ares.<\/p>\n<p>Incredibilmente affilata e resistente, non mostra danni apparenti dopo un uso intensivo da parte di Diana. Probabilmente \u00e8 anche di natura magica, come molte armi di Themysciran, per la sua capacit\u00e0 di ferire esseri altrimenti invulnerabili come Superman e Doomsday.<\/p>\n<p>Ad un certo punto, la spada fu probabilmente creata e brandita dalla dea olimpica della saggezza, dell'artigianato e della strategia, Atena. Qualche tempo dopo la prima guerra mondiale, <a href=\"https:\/\/dc.fandom.com\/fr\/wiki\/Wonder_Woman_(Diana_Prince)\" target=\"_blank\" rel=\"noopener noreferrer\">Wonder Woman<\/a> ha in qualche modo acquisito un sostituto del God Killer, la spada che Ares ha distrutto.<\/p>\n<h2>La tua spada Athena Wonder Woman al miglior prezzo.<\/h2>\n<p>Offriamo un'ampia gamma di repliche dei vostri supereroi preferiti.<\/p>\n<p>Innanzitutto<\/p>\n<ul>\n<li>L'<a href=\"https:\/\/repliquemangacine.fr\/it\/supereroi\/replique-epee-god-killer-wonder-woman\/\">Spada God Killer<\/a> La prima spada di Wonder Woman distrutta da Ares.<\/li>\n<li>Poi il <a href=\"https:\/\/repliquemangacine.fr\/it\/supereroi\/pugnale-di-loki\/\">Pugnale di Loki<\/a> con la sua lama incisa.<\/li>\n<li>C'\u00e8 anche il <a href=\"https:\/\/repliquemangacine.fr\/it\/supereroi\/justice-league-replica-aquaman-trident-186-cm\/\">Tridente di Aquaman<\/a> su licenza ufficiale distribuito da Noble Collection.<\/li>\n<li>E molti altri da scoprire nel nostro negozio online!<\/li>\n<\/ul>\n<p>Ecco quindi alcune fantastiche idee regalo per tutti gli amanti dell'universo Marvel.<\/p>\n<p>In conclusione, \u00e8 possibile utilizzare l\u2019<strong>Spada Athena Wonder Woman<\/strong> per le vostre sfilate di cosplay. Ma soprattutto, questa spada \u00e8 un oggetto da collezione e un oggetto decorativo.<\/p>\n<h2>Come si mantiene la lama della sciabola?<\/h2>\n<p>Le spade da collezione e decorative sono realizzate e assemblate in modo semplificato. Poich\u00e9 il loro uso \u00e8 decorativo, non hanno le caratteristiche di sicurezza richieste da una sciabola giapponese destinata all'allenamento.<\/p>\n<p>Tuttavia, il vostro <strong>Spada Athena Wonder Woman<\/strong> a una lama d'acciaio che deve essere curata per evitare che si danneggi nel tempo. Quando si espone la katana, gli amici saranno curiosi di vedere la lama e di toccarla. \u00c8 qui che bisogna fare attenzione, perch\u00e9 l'acidit\u00e0 delle dita \u00e8 molto dannosa per l'acciaio, indipendentemente dalla sua qualit\u00e0.<\/p>\n<p>Tuttavia, se ci\u00f2 dovesse accadere, niente panico: basta un panno inumidito con un po' d'olio per eliminare le impronte. In questo modo, la spada durer\u00e0 a lungo.<\/p>","protected":false},"excerpt":{"rendered":"<p>Replica della spada di Wonder Woman in Justice League.<\/p>\n<ul>\n<li>Lama in acciaio inossidabile con aquila serigrafata.<\/li>\n<li>Rune elfiche e tre simboli.<\/li>\n<li>Elsa e pomo in acciaio.<\/li>\n<li>Maniglia decorativa in metallo verniciato.<\/li>\n<li>Fodero in similpelle.<\/li>\n<li>Lunghezza lama: 79 cm - Lunghezza totale: 105,5 cm - Peso: 1460 gr.<\/li>\n<\/ul>","protected":false},"featured_media":28777,"template":"","meta":[],"product_brand":[896],"product_cat":[24,59],"product_tag":[],"class_list":{"0":"post-28776","1":"product","2":"type-product","3":"status-publish","4":"has-post-thumbnail","6":"product_brand-replique-manga-cine","7":"product_cat-films-series-tv-vente-de-katana-epee-et-produits-derives","8":"product_cat-super-heros-marvel","10":"first","11":"instock","12":"taxable","13":"shipping-taxable","14":"purchasable","15":"product-type-simple"},"yoast_head":"<!-- This site is optimized with the Yoast SEO plugin v27.4 - https:\/\/yoast.com\/product\/yoast-seo-wordpress\/ -->\n<title>Ep\u00e9e Ath\u00e9na Wonder Woman - Produits d\u00e9riv\u00e9s Marvel | RMC<\/title>\n<meta name=\"description\" content=\"Offrez-lui l&#039;Ep\u00e9e Ath\u00e9na Wonder Woman dans Justice League au meilleur prix - Lame en acier 440 - Runes Elfiques - Fourreau - Longueur totale : 105.5 cm\" \/>\n<meta name=\"robots\" content=\"index, follow, max-snippet:-1, max-image-preview:large, max-video-preview:-1\" \/>\n<link rel=\"canonical\" href=\"https:\/\/repliquemangacine.fr\/it\/supereroi-marvel\/athena-spada-wonder-woman-justice-league\/\" \/>\n<meta property=\"og:locale\" content=\"it_IT\" \/>\n<meta property=\"og:type\" content=\"article\" \/>\n<meta property=\"og:title\" content=\"Ep\u00e9e Ath\u00e9na Wonder Woman - Produits d\u00e9riv\u00e9s Marvel | RMC\" \/>\n<meta property=\"og:description\" content=\"Offrez-lui l&#039;Ep\u00e9e Ath\u00e9na Wonder Woman dans Justice League au meilleur prix - Lame en acier 440 - Runes Elfiques - Fourreau - Longueur totale : 105.5 cm\" \/>\n<meta property=\"og:url\" content=\"https:\/\/repliquemangacine.fr\/it\/supereroi-marvel\/athena-spada-wonder-woman-justice-league\/\" \/>\n<meta property=\"og:site_name\" content=\"R\u00e9plique Manga Cin\u00e9\" \/>\n<meta property=\"article:publisher\" content=\"https:\/\/www.facebook.com\/RepliqueMangaCine\" \/>\n<meta property=\"article:modified_time\" content=\"2025-11-03T14:21:16+00:00\" \/>\n<meta property=\"og:image\" content=\"https:\/\/repliquemangacine.fr\/wp-content\/uploads\/2023\/10\/3476-Epee-Wonder-Woman-fourreau.jpg\" \/>\n\t<meta property=\"og:image:width\" content=\"800\" \/>\n\t<meta property=\"og:image:height\" content=\"800\" \/>\n\t<meta property=\"og:image:type\" content=\"image\/jpeg\" \/>\n<meta name=\"twitter:card\" content=\"summary_large_image\" \/>\n<meta name=\"twitter:label1\" content=\"Tempo di lettura stimato\" \/>\n\t<meta name=\"twitter:data1\" content=\"1 minuto\" \/>\n<script type=\"application\/ld+json\" class=\"yoast-schema-graph\">{\"@context\":\"https:\\\/\\\/schema.org\",\"@graph\":[{\"@type\":\"WebPage\",\"@id\":\"https:\\\/\\\/repliquemangacine.fr\\\/super-heros-marvel\\\/epee-athena-wonder-woman-justice-league\\\/\",\"url\":\"https:\\\/\\\/repliquemangacine.fr\\\/super-heros-marvel\\\/epee-athena-wonder-woman-justice-league\\\/\",\"name\":\"Ep\u00e9e Ath\u00e9na Wonder Woman - Produits d\u00e9riv\u00e9s Marvel | RMC\",\"isPartOf\":{\"@id\":\"https:\\\/\\\/repliquemangacine.fr\\\/#website\"},\"primaryImageOfPage\":{\"@id\":\"https:\\\/\\\/repliquemangacine.fr\\\/super-heros-marvel\\\/epee-athena-wonder-woman-justice-league\\\/#primaryimage\"},\"image\":{\"@id\":\"https:\\\/\\\/repliquemangacine.fr\\\/super-heros-marvel\\\/epee-athena-wonder-woman-justice-league\\\/#primaryimage\"},\"thumbnailUrl\":\"https:\\\/\\\/repliquemangacine.fr\\\/wp-content\\\/uploads\\\/2023\\\/10\\\/3476-Epee-Wonder-Woman-fourreau.jpg\",\"datePublished\":\"2020-02-22T15:30:36+00:00\",\"dateModified\":\"2025-11-03T14:21:16+00:00\",\"description\":\"Offrez-lui l'Ep\u00e9e Ath\u00e9na Wonder Woman dans Justice League au meilleur prix - Lame en acier 440 - Runes Elfiques - Fourreau - Longueur totale : 105.5 cm\",\"breadcrumb\":{\"@id\":\"https:\\\/\\\/repliquemangacine.fr\\\/super-heros-marvel\\\/epee-athena-wonder-woman-justice-league\\\/#breadcrumb\"},\"inLanguage\":\"it-IT\",\"potentialAction\":[{\"@type\":\"ReadAction\",\"target\":[\"https:\\\/\\\/repliquemangacine.fr\\\/super-heros-marvel\\\/epee-athena-wonder-woman-justice-league\\\/\"]}]},{\"@type\":\"ImageObject\",\"inLanguage\":\"it-IT\",\"@id\":\"https:\\\/\\\/repliquemangacine.fr\\\/super-heros-marvel\\\/epee-athena-wonder-woman-justice-league\\\/#primaryimage\",\"url\":\"https:\\\/\\\/repliquemangacine.fr\\\/wp-content\\\/uploads\\\/2023\\\/10\\\/3476-Epee-Wonder-Woman-fourreau.jpg\",\"contentUrl\":\"https:\\\/\\\/repliquemangacine.fr\\\/wp-content\\\/uploads\\\/2023\\\/10\\\/3476-Epee-Wonder-Woman-fourreau.jpg\",\"width\":800,\"height\":800,\"caption\":\"Ep\u00e9e Wonder Woman + fourreau\"},{\"@type\":\"BreadcrumbList\",\"@id\":\"https:\\\/\\\/repliquemangacine.fr\\\/super-heros-marvel\\\/epee-athena-wonder-woman-justice-league\\\/#breadcrumb\",\"itemListElement\":[{\"@type\":\"ListItem\",\"position\":1,\"name\":\"Accueil\",\"item\":\"https:\\\/\\\/repliquemangacine.fr\\\/\"},{\"@type\":\"ListItem\",\"position\":2,\"name\":\"Produits\",\"item\":\"https:\\\/\\\/repliquemangacine.fr\\\/boutique\\\/\"},{\"@type\":\"ListItem\",\"position\":3,\"name\":\"Ep\u00e9e Ath\u00e9na Wonder Woman\"}]},{\"@type\":\"WebSite\",\"@id\":\"https:\\\/\\\/repliquemangacine.fr\\\/#website\",\"url\":\"https:\\\/\\\/repliquemangacine.fr\\\/\",\"name\":\"R\u00e9plique Manga Cin\u00e9\",\"description\":\"\",\"publisher\":{\"@id\":\"https:\\\/\\\/repliquemangacine.fr\\\/#organization\"},\"potentialAction\":[{\"@type\":\"SearchAction\",\"target\":{\"@type\":\"EntryPoint\",\"urlTemplate\":\"https:\\\/\\\/repliquemangacine.fr\\\/?s={search_term_string}\"},\"query-input\":{\"@type\":\"PropertyValueSpecification\",\"valueRequired\":true,\"valueName\":\"search_term_string\"}}],\"inLanguage\":\"it-IT\"},{\"@type\":\"Organization\",\"@id\":\"https:\\\/\\\/repliquemangacine.fr\\\/#organization\",\"name\":\"R\u00e9plique Manga Cin\u00e9\",\"url\":\"https:\\\/\\\/repliquemangacine.fr\\\/\",\"logo\":{\"@type\":\"ImageObject\",\"inLanguage\":\"it-IT\",\"@id\":\"https:\\\/\\\/repliquemangacine.fr\\\/#\\\/schema\\\/logo\\\/image\\\/\",\"url\":\"https:\\\/\\\/repliquemangacine.fr\\\/wp-content\\\/uploads\\\/2023\\\/10\\\/RMC-500250.png\",\"contentUrl\":\"https:\\\/\\\/repliquemangacine.fr\\\/wp-content\\\/uploads\\\/2023\\\/10\\\/RMC-500250.png\",\"width\":500,\"height\":250,\"caption\":\"R\u00e9plique Manga Cin\u00e9\"},\"image\":{\"@id\":\"https:\\\/\\\/repliquemangacine.fr\\\/#\\\/schema\\\/logo\\\/image\\\/\"},\"sameAs\":[\"https:\\\/\\\/www.facebook.com\\\/RepliqueMangaCine\",\"https:\\\/\\\/www.instagram.com\\\/repliquemangacine.fr\\\/\"]}]}<\/script>\n<!-- \/ Yoast SEO plugin. -->","yoast_head_json":{"title":"Spada Athena Wonder Woman - Marvel Merchandising | RMC","description":"Regalale la spada Athena di Wonder Woman in Justice League al miglior prezzo - Lama in acciaio 440 - Rune elfiche - Fodero - Lunghezza totale: 105,5 cm","robots":{"index":"index","follow":"follow","max-snippet":"max-snippet:-1","max-image-preview":"max-image-preview:large","max-video-preview":"max-video-preview:-1"},"canonical":"https:\/\/repliquemangacine.fr\/it\/supereroi-marvel\/athena-spada-wonder-woman-justice-league\/","og_locale":"it_IT","og_type":"article","og_title":"Ep\u00e9e Ath\u00e9na Wonder Woman - Produits d\u00e9riv\u00e9s Marvel | RMC","og_description":"Offrez-lui l'Ep\u00e9e Ath\u00e9na Wonder Woman dans Justice League au meilleur prix - Lame en acier 440 - Runes Elfiques - Fourreau - Longueur totale : 105.5 cm","og_url":"https:\/\/repliquemangacine.fr\/it\/supereroi-marvel\/athena-spada-wonder-woman-justice-league\/","og_site_name":"R\u00e9plique Manga Cin\u00e9","article_publisher":"https:\/\/www.facebook.com\/RepliqueMangaCine","article_modified_time":"2025-11-03T14:21:16+00:00","og_image":[{"width":800,"height":800,"url":"https:\/\/repliquemangacine.fr\/wp-content\/uploads\/2023\/10\/3476-Epee-Wonder-Woman-fourreau.jpg","type":"image\/jpeg"}],"twitter_card":"summary_large_image","twitter_misc":{"Tempo di lettura stimato":"1 minuto"},"schema":{"@context":"https:\/\/schema.org","@graph":[{"@type":"WebPage","@id":"https:\/\/repliquemangacine.fr\/super-heros-marvel\/epee-athena-wonder-woman-justice-league\/","url":"https:\/\/repliquemangacine.fr\/super-heros-marvel\/epee-athena-wonder-woman-justice-league\/","name":"Spada Athena Wonder Woman - Marvel Merchandising | RMC","isPartOf":{"@id":"https:\/\/repliquemangacine.fr\/#website"},"primaryImageOfPage":{"@id":"https:\/\/repliquemangacine.fr\/super-heros-marvel\/epee-athena-wonder-woman-justice-league\/#primaryimage"},"image":{"@id":"https:\/\/repliquemangacine.fr\/super-heros-marvel\/epee-athena-wonder-woman-justice-league\/#primaryimage"},"thumbnailUrl":"https:\/\/repliquemangacine.fr\/wp-content\/uploads\/2023\/10\/3476-Epee-Wonder-Woman-fourreau.jpg","datePublished":"2020-02-22T15:30:36+00:00","dateModified":"2025-11-03T14:21:16+00:00","description":"Regalale la spada Athena di Wonder Woman in Justice League al miglior prezzo - Lama in acciaio 440 - Rune elfiche - Fodero - Lunghezza totale: 105,5 cm","breadcrumb":{"@id":"https:\/\/repliquemangacine.fr\/super-heros-marvel\/epee-athena-wonder-woman-justice-league\/#breadcrumb"},"inLanguage":"it-IT","potentialAction":[{"@type":"ReadAction","target":["https:\/\/repliquemangacine.fr\/super-heros-marvel\/epee-athena-wonder-woman-justice-league\/"]}]},{"@type":"ImageObject","inLanguage":"it-IT","@id":"https:\/\/repliquemangacine.fr\/super-heros-marvel\/epee-athena-wonder-woman-justice-league\/#primaryimage","url":"https:\/\/repliquemangacine.fr\/wp-content\/uploads\/2023\/10\/3476-Epee-Wonder-Woman-fourreau.jpg","contentUrl":"https:\/\/repliquemangacine.fr\/wp-content\/uploads\/2023\/10\/3476-Epee-Wonder-Woman-fourreau.jpg","width":800,"height":800,"caption":"Ep\u00e9e Wonder Woman + fourreau"},{"@type":"BreadcrumbList","@id":"https:\/\/repliquemangacine.fr\/super-heros-marvel\/epee-athena-wonder-woman-justice-league\/#breadcrumb","itemListElement":[{"@type":"ListItem","position":1,"name":"Accueil","item":"https:\/\/repliquemangacine.fr\/"},{"@type":"ListItem","position":2,"name":"Produits","item":"https:\/\/repliquemangacine.fr\/boutique\/"},{"@type":"ListItem","position":3,"name":"Ep\u00e9e Ath\u00e9na Wonder Woman"}]},{"@type":"WebSite","@id":"https:\/\/repliquemangacine.fr\/#website","url":"https:\/\/repliquemangacine.fr\/","name":"R\u00e9plique Manga Cin\u00e9","description":"","publisher":{"@id":"https:\/\/repliquemangacine.fr\/#organization"},"potentialAction":[{"@type":"SearchAction","target":{"@type":"EntryPoint","urlTemplate":"https:\/\/repliquemangacine.fr\/?s={search_term_string}"},"query-input":{"@type":"PropertyValueSpecification","valueRequired":true,"valueName":"search_term_string"}}],"inLanguage":"it-IT"},{"@type":"Organization","@id":"https:\/\/repliquemangacine.fr\/#organization","name":"R\u00e9plique Manga Cin\u00e9","url":"https:\/\/repliquemangacine.fr\/","logo":{"@type":"ImageObject","inLanguage":"it-IT","@id":"https:\/\/repliquemangacine.fr\/#\/schema\/logo\/image\/","url":"https:\/\/repliquemangacine.fr\/wp-content\/uploads\/2023\/10\/RMC-500250.png","contentUrl":"https:\/\/repliquemangacine.fr\/wp-content\/uploads\/2023\/10\/RMC-500250.png","width":500,"height":250,"caption":"R\u00e9plique Manga Cin\u00e9"},"image":{"@id":"https:\/\/repliquemangacine.fr\/#\/schema\/logo\/image\/"},"sameAs":["https:\/\/www.facebook.com\/RepliqueMangaCine","https:\/\/www.instagram.com\/repliquemangacine.fr\/"]}]}},"_links":{"self":[{"href":"https:\/\/repliquemangacine.fr\/it\/wp-json\/wp\/v2\/product\/28776","targetHints":{"allow":["GET"]}}],"collection":[{"href":"https:\/\/repliquemangacine.fr\/it\/wp-json\/wp\/v2\/product"}],"about":[{"href":"https:\/\/repliquemangacine.fr\/it\/wp-json\/wp\/v2\/types\/product"}],"wp:featuredmedia":[{"embeddable":true,"href":"https:\/\/repliquemangacine.fr\/it\/wp-json\/wp\/v2\/media\/28777"}],"wp:attachment":[{"href":"https:\/\/repliquemangacine.fr\/it\/wp-json\/wp\/v2\/media?parent=28776"}],"wp:term":[{"taxonomy":"product_brand","embeddable":true,"href":"https:\/\/repliquemangacine.fr\/it\/wp-json\/wp\/v2\/product_brand?post=28776"},{"taxonomy":"product_cat","embeddable":true,"href":"https:\/\/repliquemangacine.fr\/it\/wp-json\/wp\/v2\/product_cat?post=28776"},{"taxonomy":"product_tag","embeddable":true,"href":"https:\/\/repliquemangacine.fr\/it\/wp-json\/wp\/v2\/product_tag?post=28776"}],"curies":[{"name":"wp","href":"https:\/\/api.w.org\/{rel}","templated":true}]}}