





{"id":28721,"date":"2020-02-05T13:56:26","date_gmt":"2020-02-05T12:56:26","guid":{"rendered":"https:\/\/repliquemangacine.fr\/?post_type=product&#038;p=28721"},"modified":"2026-04-15T06:38:47","modified_gmt":"2026-04-15T04:38:47","slug":"occhio-di-agamotto-ciondolo-amuleto-dr-strange","status":"publish","type":"product","link":"https:\/\/repliquemangacine.fr\/it\/super-heros-marvel\/oeil-d-agamotto-pendentif-amulette-dr-strange\/","title":{"rendered":"Occhio di Agamotto Dottor Strange"},"content":{"rendered":"<h2>Occhio di Agamotto Dr Strange nell'universo Marvel.<\/h2>\n<p>Per cominciare, il<strong>Occhio di Agamotto Dottor Strange<\/strong> \u00e8 una potente reliquia creata da Agamotto, il primo Stregone Supremo, come dispositivo di contenimento per la Pietra del Tempo. L'Occhio \u00e8 stato protetto dai maestri delle arti mistiche per generazioni.<\/p>\n<p>Come contenitore della Pietra del Tempo, la\u2019<a href=\"https:\/\/universcinematographiquemarvel.fandom.com\/fr\/wiki\/\u0152il_d'Agamotto\" target=\"_blank\" rel=\"noopener noreferrer\">Occhio di Agamotto<\/a> permette a chi lo indossa di usare il potere della Pietra dell'Infinito senza doverla toccare fisicamente. Rinforzato dalla Pietra dell'Infinito, l'Occhio possiede enormi poteri temporali. \u00c8 in grado di controllare il flusso del tempo su piccola o grande scala.<\/p>\n<p>Su larga scala, la pietra pu\u00f2 tornare indietro nel tempo per annullare interi eventi, fino a riportare in vita i morti viaggiando a un punto precedente alla loro morte.<\/p>\n<h2>Il tuo Dr Strange Agamotto Eye al miglior prezzo<\/h2>\n<p>Offriamo un'ampia gamma di repliche dei supereroi Marvel.<\/p>\n<p>Innanzitutto,<\/p>\n<ul>\n<li>Il <a href=\"https:\/\/repliquemangacine.fr\/it\/supereroi\/bastoncini-viola-vedova-nera\/\">Manganelli Black Widow<\/a> con pulsante per l'illuminazione del bastone.<\/li>\n<li>C'\u00e8 anche il <a href=\"https:\/\/repliquemangacine.fr\/it\/supereroi\/reattore-ad-arco-mk1-reattore-cuore-uomo-di-ferro\/\">Arco del reattore<\/a> di Iron Man MK1.<\/li>\n<li>Cos\u00ec come il <a href=\"https:\/\/repliquemangacine.fr\/it\/supereroi\/spettro-di-loki\/\">Spettro di Loki<\/a> con la sua base luminosa.<\/li>\n<li>E molto altro ancora da scoprire nel nostro negozio online!<\/li>\n<\/ul>\n<p>Ecco perch\u00e9 questa \u00e8 un'ottima idea regalo per tutti i fan della Marvel.<\/p>\n<p>In conclusione, \u00e8 possibile utilizzare anche\u2019<strong>Occhio di Agamotto Dottor Strange<\/strong> come ciondolo amuleto per le sfilate Cosplay. Ma soprattutto, \u00e8 anche un oggetto da collezione e un pezzo decorativo.<\/p>\n<h2>Come sono fatti i nostri merchandising Avengers Marvel?<\/h2>\n<p>Per cominciare, tutti i nostri prodotti derivati sono di altissima qualit\u00e0, realizzati con una meticolosa attenzione ai dettagli. Alcuni di essi sono realizzati a mano, per riprodurre i minimi dettagli. Le parti pi\u00f9 importanti sono lavorate con macchine molto precise. Le incisioni sono generalmente realizzate con una punta di diamante o con il laser.<\/p>\n<p>Il tuo <strong>Occhio di Agamotto Dottor Strange<\/strong> \u00e8 stato realizzato per riprodurre esattamente ogni dettaglio. Dalle parti in metallo lavorato con finitura in bronzo antico ai LED ad alta intensit\u00e0.<\/p>\n<p>In conclusione, importate dalla Cina o dalla Spagna, le nostre repliche vi stupiranno!<\/p>\n<p>R\u00e9plique Manga Cin\u00e9 \u00e8 un'azienda familiare francese<\/p>","protected":false},"excerpt":{"rendered":"<p>Il ciondolo dell'Occhio di Agamotto del Dottor Strange in Avengers.<\/p>\n<ul>\n<li>In metallo con finitura bronzo antico.<\/li>\n<li>Pietra dell'infinito in resina.<\/li>\n<li>Scala 1\/1<\/li>\n<li>Pendente con sistema di illuminazione a LED.<\/li>\n<li>Alimentato da due batterie (incluse), brilla di una luce intensa sulla Pietra dell'Infinito!<\/li>\n<li>Pulsante di accensione\/spegnimento.<\/li>\n<li>Collare in pelle.<\/li>\n<li>Naturalmente, il ciondolo pu\u00f2 anche essere indossato.<\/li>\n<li>Dimensioni dell'occhio: 10,5 cm X 8 cm - Peso: 313 grammi.<\/li>\n<li><strong>Il supporto interamente in metallo con finitura in bronzo antico \u00e8 curato nei dettagli come sempre.<\/strong><\/li>\n<li>Luminoso grazie al suo LED, che pu\u00f2 essere ricaricato con una spina USBC (non in dotazione).<\/li>\n<li>Pulsante On\/Off.<\/li>\n<li>Dimensioni del supporto : Larghezza 9 cm - Altezza : 11 cm - Peso : 272 Grs<\/li>\n<\/ul>","protected":false},"featured_media":28722,"template":"","meta":[],"product_brand":[896],"product_cat":[24,59],"product_tag":[],"class_list":{"0":"post-28721","1":"product","2":"type-product","3":"status-publish","4":"has-post-thumbnail","6":"product_brand-replique-manga-cine","7":"product_cat-films-series-tv-vente-de-katana-epee-et-produits-derives","8":"product_cat-super-heros-marvel","10":"first","11":"instock","12":"taxable","13":"shipping-taxable","14":"purchasable","15":"product-type-simple"},"yoast_head":"<!-- This site is optimized with the Yoast SEO plugin v27.4 - https:\/\/yoast.com\/product\/yoast-seo-wordpress\/ -->\n<title>\u0152il d&#039;Agamotto Dr Strange - Echelle 1\/1 - R\u00e9plique Manga Cin\u00e9<\/title>\n<meta name=\"description\" content=\"Offrez-lui l&#039;\u0152il d&#039;Agamotto Dr Strange au meilleur prix. En acier - Pierre d&#039;infinit\u00e9 - Taille r\u00e9elle - Lumineux - Dimension de l&#039;\u0153il 10X8 cm - Support\" \/>\n<meta name=\"robots\" content=\"index, follow, max-snippet:-1, max-image-preview:large, max-video-preview:-1\" \/>\n<link rel=\"canonical\" href=\"https:\/\/repliquemangacine.fr\/it\/supereroi-marvel\/occhio-di-agamotto-ciondolo-amuleto-dr-strange\/\" \/>\n<meta property=\"og:locale\" content=\"it_IT\" \/>\n<meta property=\"og:type\" content=\"article\" \/>\n<meta property=\"og:title\" content=\"\u0152il d&#039;Agamotto Dr Strange - Echelle 1\/1 - R\u00e9plique Manga Cin\u00e9\" \/>\n<meta property=\"og:description\" content=\"Offrez-lui l&#039;\u0152il d&#039;Agamotto Dr Strange au meilleur prix. En acier - Pierre d&#039;infinit\u00e9 - Taille r\u00e9elle - Lumineux - Dimension de l&#039;\u0153il 10X8 cm - Support\" \/>\n<meta property=\"og:url\" content=\"https:\/\/repliquemangacine.fr\/it\/supereroi-marvel\/occhio-di-agamotto-ciondolo-amuleto-dr-strange\/\" \/>\n<meta property=\"og:site_name\" content=\"R\u00e9plique Manga Cin\u00e9\" \/>\n<meta property=\"article:publisher\" content=\"https:\/\/www.facebook.com\/RepliqueMangaCine\" \/>\n<meta property=\"article:modified_time\" content=\"2026-04-15T04:38:47+00:00\" \/>\n<meta property=\"og:image\" content=\"https:\/\/repliquemangacine.fr\/wp-content\/uploads\/2023\/10\/0228.jpg\" \/>\n\t<meta property=\"og:image:width\" content=\"800\" \/>\n\t<meta property=\"og:image:height\" content=\"800\" \/>\n\t<meta property=\"og:image:type\" content=\"image\/jpeg\" \/>\n<meta name=\"twitter:card\" content=\"summary_large_image\" \/>\n<meta name=\"twitter:label1\" content=\"Tempo di lettura stimato\" \/>\n\t<meta name=\"twitter:data1\" content=\"1 minuto\" \/>\n<script type=\"application\/ld+json\" class=\"yoast-schema-graph\">{\"@context\":\"https:\\\/\\\/schema.org\",\"@graph\":[{\"@type\":\"WebPage\",\"@id\":\"https:\\\/\\\/repliquemangacine.fr\\\/super-heros-marvel\\\/oeil-d-agamotto-pendentif-amulette-dr-strange\\\/\",\"url\":\"https:\\\/\\\/repliquemangacine.fr\\\/super-heros-marvel\\\/oeil-d-agamotto-pendentif-amulette-dr-strange\\\/\",\"name\":\"\u0152il d'Agamotto Dr Strange - Echelle 1\\\/1 - R\u00e9plique Manga Cin\u00e9\",\"isPartOf\":{\"@id\":\"https:\\\/\\\/repliquemangacine.fr\\\/#website\"},\"primaryImageOfPage\":{\"@id\":\"https:\\\/\\\/repliquemangacine.fr\\\/super-heros-marvel\\\/oeil-d-agamotto-pendentif-amulette-dr-strange\\\/#primaryimage\"},\"image\":{\"@id\":\"https:\\\/\\\/repliquemangacine.fr\\\/super-heros-marvel\\\/oeil-d-agamotto-pendentif-amulette-dr-strange\\\/#primaryimage\"},\"thumbnailUrl\":\"https:\\\/\\\/repliquemangacine.fr\\\/wp-content\\\/uploads\\\/2023\\\/10\\\/0228.jpg\",\"datePublished\":\"2020-02-05T12:56:26+00:00\",\"dateModified\":\"2026-04-15T04:38:47+00:00\",\"description\":\"Offrez-lui l'\u0152il d'Agamotto Dr Strange au meilleur prix. En acier - Pierre d'infinit\u00e9 - Taille r\u00e9elle - Lumineux - Dimension de l'\u0153il 10X8 cm - Support\",\"breadcrumb\":{\"@id\":\"https:\\\/\\\/repliquemangacine.fr\\\/super-heros-marvel\\\/oeil-d-agamotto-pendentif-amulette-dr-strange\\\/#breadcrumb\"},\"inLanguage\":\"it-IT\",\"potentialAction\":[{\"@type\":\"ReadAction\",\"target\":[\"https:\\\/\\\/repliquemangacine.fr\\\/super-heros-marvel\\\/oeil-d-agamotto-pendentif-amulette-dr-strange\\\/\"]}]},{\"@type\":\"ImageObject\",\"inLanguage\":\"it-IT\",\"@id\":\"https:\\\/\\\/repliquemangacine.fr\\\/super-heros-marvel\\\/oeil-d-agamotto-pendentif-amulette-dr-strange\\\/#primaryimage\",\"url\":\"https:\\\/\\\/repliquemangacine.fr\\\/wp-content\\\/uploads\\\/2023\\\/10\\\/0228.jpg\",\"contentUrl\":\"https:\\\/\\\/repliquemangacine.fr\\\/wp-content\\\/uploads\\\/2023\\\/10\\\/0228.jpg\",\"width\":800,\"height\":800,\"caption\":\"\u0152il d'Agamotto Dr Strange\"},{\"@type\":\"BreadcrumbList\",\"@id\":\"https:\\\/\\\/repliquemangacine.fr\\\/super-heros-marvel\\\/oeil-d-agamotto-pendentif-amulette-dr-strange\\\/#breadcrumb\",\"itemListElement\":[{\"@type\":\"ListItem\",\"position\":1,\"name\":\"Accueil\",\"item\":\"https:\\\/\\\/repliquemangacine.fr\\\/\"},{\"@type\":\"ListItem\",\"position\":2,\"name\":\"Produits\",\"item\":\"https:\\\/\\\/repliquemangacine.fr\\\/boutique\\\/\"},{\"@type\":\"ListItem\",\"position\":3,\"name\":\"\u0152il d&#8217;Agamotto Dr Strange\"}]},{\"@type\":\"WebSite\",\"@id\":\"https:\\\/\\\/repliquemangacine.fr\\\/#website\",\"url\":\"https:\\\/\\\/repliquemangacine.fr\\\/\",\"name\":\"R\u00e9plique Manga Cin\u00e9\",\"description\":\"\",\"publisher\":{\"@id\":\"https:\\\/\\\/repliquemangacine.fr\\\/#organization\"},\"potentialAction\":[{\"@type\":\"SearchAction\",\"target\":{\"@type\":\"EntryPoint\",\"urlTemplate\":\"https:\\\/\\\/repliquemangacine.fr\\\/?s={search_term_string}\"},\"query-input\":{\"@type\":\"PropertyValueSpecification\",\"valueRequired\":true,\"valueName\":\"search_term_string\"}}],\"inLanguage\":\"it-IT\"},{\"@type\":\"Organization\",\"@id\":\"https:\\\/\\\/repliquemangacine.fr\\\/#organization\",\"name\":\"R\u00e9plique Manga Cin\u00e9\",\"url\":\"https:\\\/\\\/repliquemangacine.fr\\\/\",\"logo\":{\"@type\":\"ImageObject\",\"inLanguage\":\"it-IT\",\"@id\":\"https:\\\/\\\/repliquemangacine.fr\\\/#\\\/schema\\\/logo\\\/image\\\/\",\"url\":\"https:\\\/\\\/repliquemangacine.fr\\\/wp-content\\\/uploads\\\/2023\\\/10\\\/RMC-500250.png\",\"contentUrl\":\"https:\\\/\\\/repliquemangacine.fr\\\/wp-content\\\/uploads\\\/2023\\\/10\\\/RMC-500250.png\",\"width\":500,\"height\":250,\"caption\":\"R\u00e9plique Manga Cin\u00e9\"},\"image\":{\"@id\":\"https:\\\/\\\/repliquemangacine.fr\\\/#\\\/schema\\\/logo\\\/image\\\/\"},\"sameAs\":[\"https:\\\/\\\/www.facebook.com\\\/RepliqueMangaCine\",\"https:\\\/\\\/www.instagram.com\\\/repliquemangacine.fr\\\/\"]}]}<\/script>\n<!-- \/ Yoast SEO plugin. -->","yoast_head_json":{"title":"Dr. Strange Occhio di Agamotto - Scala 1\/1 - R\u00e9plique Manga Cin\u00e9","description":"Offritegli l'Occhio di Agamotto Dr Strange al miglior prezzo. Realizzato in acciaio - Pietra dell'Infinito - Dimensioni reali - Luminoso - Dimensioni dell'occhio 10X8 cm - Piedistallo","robots":{"index":"index","follow":"follow","max-snippet":"max-snippet:-1","max-image-preview":"max-image-preview:large","max-video-preview":"max-video-preview:-1"},"canonical":"https:\/\/repliquemangacine.fr\/it\/supereroi-marvel\/occhio-di-agamotto-ciondolo-amuleto-dr-strange\/","og_locale":"it_IT","og_type":"article","og_title":"\u0152il d'Agamotto Dr Strange - Echelle 1\/1 - R\u00e9plique Manga Cin\u00e9","og_description":"Offrez-lui l'\u0152il d'Agamotto Dr Strange au meilleur prix. En acier - Pierre d'infinit\u00e9 - Taille r\u00e9elle - Lumineux - Dimension de l'\u0153il 10X8 cm - Support","og_url":"https:\/\/repliquemangacine.fr\/it\/supereroi-marvel\/occhio-di-agamotto-ciondolo-amuleto-dr-strange\/","og_site_name":"R\u00e9plique Manga Cin\u00e9","article_publisher":"https:\/\/www.facebook.com\/RepliqueMangaCine","article_modified_time":"2026-04-15T04:38:47+00:00","og_image":[{"width":800,"height":800,"url":"https:\/\/repliquemangacine.fr\/wp-content\/uploads\/2023\/10\/0228.jpg","type":"image\/jpeg"}],"twitter_card":"summary_large_image","twitter_misc":{"Tempo di lettura stimato":"1 minuto"},"schema":{"@context":"https:\/\/schema.org","@graph":[{"@type":"WebPage","@id":"https:\/\/repliquemangacine.fr\/super-heros-marvel\/oeil-d-agamotto-pendentif-amulette-dr-strange\/","url":"https:\/\/repliquemangacine.fr\/super-heros-marvel\/oeil-d-agamotto-pendentif-amulette-dr-strange\/","name":"Dr. Strange Occhio di Agamotto - Scala 1\/1 - R\u00e9plique Manga Cin\u00e9","isPartOf":{"@id":"https:\/\/repliquemangacine.fr\/#website"},"primaryImageOfPage":{"@id":"https:\/\/repliquemangacine.fr\/super-heros-marvel\/oeil-d-agamotto-pendentif-amulette-dr-strange\/#primaryimage"},"image":{"@id":"https:\/\/repliquemangacine.fr\/super-heros-marvel\/oeil-d-agamotto-pendentif-amulette-dr-strange\/#primaryimage"},"thumbnailUrl":"https:\/\/repliquemangacine.fr\/wp-content\/uploads\/2023\/10\/0228.jpg","datePublished":"2020-02-05T12:56:26+00:00","dateModified":"2026-04-15T04:38:47+00:00","description":"Offritegli l'Occhio di Agamotto Dr Strange al miglior prezzo. Realizzato in acciaio - Pietra dell'Infinito - Dimensioni reali - Luminoso - Dimensioni dell'occhio 10X8 cm - Piedistallo","breadcrumb":{"@id":"https:\/\/repliquemangacine.fr\/super-heros-marvel\/oeil-d-agamotto-pendentif-amulette-dr-strange\/#breadcrumb"},"inLanguage":"it-IT","potentialAction":[{"@type":"ReadAction","target":["https:\/\/repliquemangacine.fr\/super-heros-marvel\/oeil-d-agamotto-pendentif-amulette-dr-strange\/"]}]},{"@type":"ImageObject","inLanguage":"it-IT","@id":"https:\/\/repliquemangacine.fr\/super-heros-marvel\/oeil-d-agamotto-pendentif-amulette-dr-strange\/#primaryimage","url":"https:\/\/repliquemangacine.fr\/wp-content\/uploads\/2023\/10\/0228.jpg","contentUrl":"https:\/\/repliquemangacine.fr\/wp-content\/uploads\/2023\/10\/0228.jpg","width":800,"height":800,"caption":"\u0152il d'Agamotto Dr Strange"},{"@type":"BreadcrumbList","@id":"https:\/\/repliquemangacine.fr\/super-heros-marvel\/oeil-d-agamotto-pendentif-amulette-dr-strange\/#breadcrumb","itemListElement":[{"@type":"ListItem","position":1,"name":"Accueil","item":"https:\/\/repliquemangacine.fr\/"},{"@type":"ListItem","position":2,"name":"Produits","item":"https:\/\/repliquemangacine.fr\/boutique\/"},{"@type":"ListItem","position":3,"name":"\u0152il d&#8217;Agamotto Dr Strange"}]},{"@type":"WebSite","@id":"https:\/\/repliquemangacine.fr\/#website","url":"https:\/\/repliquemangacine.fr\/","name":"R\u00e9plique Manga Cin\u00e9","description":"","publisher":{"@id":"https:\/\/repliquemangacine.fr\/#organization"},"potentialAction":[{"@type":"SearchAction","target":{"@type":"EntryPoint","urlTemplate":"https:\/\/repliquemangacine.fr\/?s={search_term_string}"},"query-input":{"@type":"PropertyValueSpecification","valueRequired":true,"valueName":"search_term_string"}}],"inLanguage":"it-IT"},{"@type":"Organization","@id":"https:\/\/repliquemangacine.fr\/#organization","name":"R\u00e9plique Manga Cin\u00e9","url":"https:\/\/repliquemangacine.fr\/","logo":{"@type":"ImageObject","inLanguage":"it-IT","@id":"https:\/\/repliquemangacine.fr\/#\/schema\/logo\/image\/","url":"https:\/\/repliquemangacine.fr\/wp-content\/uploads\/2023\/10\/RMC-500250.png","contentUrl":"https:\/\/repliquemangacine.fr\/wp-content\/uploads\/2023\/10\/RMC-500250.png","width":500,"height":250,"caption":"R\u00e9plique Manga Cin\u00e9"},"image":{"@id":"https:\/\/repliquemangacine.fr\/#\/schema\/logo\/image\/"},"sameAs":["https:\/\/www.facebook.com\/RepliqueMangaCine","https:\/\/www.instagram.com\/repliquemangacine.fr\/"]}]}},"_links":{"self":[{"href":"https:\/\/repliquemangacine.fr\/it\/wp-json\/wp\/v2\/product\/28721","targetHints":{"allow":["GET"]}}],"collection":[{"href":"https:\/\/repliquemangacine.fr\/it\/wp-json\/wp\/v2\/product"}],"about":[{"href":"https:\/\/repliquemangacine.fr\/it\/wp-json\/wp\/v2\/types\/product"}],"wp:featuredmedia":[{"embeddable":true,"href":"https:\/\/repliquemangacine.fr\/it\/wp-json\/wp\/v2\/media\/28722"}],"wp:attachment":[{"href":"https:\/\/repliquemangacine.fr\/it\/wp-json\/wp\/v2\/media?parent=28721"}],"wp:term":[{"taxonomy":"product_brand","embeddable":true,"href":"https:\/\/repliquemangacine.fr\/it\/wp-json\/wp\/v2\/product_brand?post=28721"},{"taxonomy":"product_cat","embeddable":true,"href":"https:\/\/repliquemangacine.fr\/it\/wp-json\/wp\/v2\/product_cat?post=28721"},{"taxonomy":"product_tag","embeddable":true,"href":"https:\/\/repliquemangacine.fr\/it\/wp-json\/wp\/v2\/product_tag?post=28721"}],"curies":[{"name":"wp","href":"https:\/\/api.w.org\/{rel}","templated":true}]}}