





{"id":28706,"date":"2020-02-03T14:48:18","date_gmt":"2020-02-03T13:48:18","guid":{"rendered":"https:\/\/repliquemangacine.fr\/?post_type=product&#038;p=28706"},"modified":"2026-04-14T14:46:53","modified_gmt":"2026-04-14T12:46:53","slug":"spettro-di-loki","status":"publish","type":"product","link":"https:\/\/repliquemangacine.fr\/it\/super-heros-marvel\/spectre-de-loki\/","title":{"rendered":"Scettro di Loki di Asgard illuminato"},"content":{"rendered":"<h2>Replica dello Spectre di Loki dell'universo dei Vendicatori.<\/h2>\n<p>Per cominciare, il <strong>Spettro di Loki<\/strong> \u00e8 un'arma che \u00e8 servita come contenitore originale della Pietra dello Spirito, una delle sei Pietre dell'Infinito. Datagli da Thanos, il bastone \u00e8 stato usato da Loki per dirigere e comandare l'invasione della Terra da parte dei Chitauri.<\/p>\n<p><a href=\"https:\/\/universcinematographiquemarvel.fandom.com\/fr\/wiki\/Sceptre#Capacit\u00e9s\" target=\"_blank\" rel=\"noopener noreferrer\">Lo scettro<\/a> ha un lungo manico d'oro e una custodia nera che contiene la Pietra dello Spirito racchiusa in una gemma blu circondata da lame di platino. Ha due lame di platino affilate che circondano la gemma blu attaccata, una lama allungata sopra la gemma e una lama accorciata sotto.<\/p>\n<p>\u00c8 un'arma temibile, con le sue affilate lame di platino in grado di trafiggere e tagliare violentemente i nemici. Inoltre, lo Scettro ha la capacit\u00e0 di collegare la coscienza di chi lo indossa a quella di un'altra persona, come si \u00e8 visto quando Loki ha usato lo Scettro per comunicare mentalmente con l'Altro.<\/p>\n<h2>Il vostro Spettro di Loki al miglior prezzo.<\/h2>\n<p>Offriamo un'ampia gamma di repliche dei supereroi Marvel.<\/p>\n<p>Innanzitutto,<\/p>\n<ul>\n<li>La <a href=\"https:\/\/repliquemangacine.fr\/it\/supereroi\/pugnale-di-loki\/\">Il pugnale di Loki<\/a> con la sua lama in acciaio inciso.<\/li>\n<li>C'\u00e8 anche il <a href=\"https:\/\/repliquemangacine.fr\/it\/supereroi\/tazza-3d-di-iron-man-43\/\">Tazza Iron Man 3D<\/a> a forma di casco.<\/li>\n<li>Cos\u00ec come il <a href=\"https:\/\/repliquemangacine.fr\/it\/supereroi\/replica-della-versione-di-hulk-del-guanto-di-sfida-nano\/\">Nano guanto di Hulk<\/a> in Avengers Endgame.<\/li>\n<li>E molto altro ancora da scoprire nel nostro negozio online!<\/li>\n<\/ul>\n<p>Ecco perch\u00e9 questa \u00e8 un'ottima idea regalo per tutti i fan della Marvel.<\/p>\n<p>In conclusione, \u00e8 possibile utilizzare questo <strong>Spettro di Loki<\/strong> per le sfilate Cosplay. Ma soprattutto, \u00e8 anche un oggetto da collezione e un pezzo decorativo.<\/p>\n<h2>Come faccio a mantenere la lama della mia arma Marvel?<\/h2>\n<p>Le armi da collezione e decorative sono fabbricate e assemblate in modo semplificato. Essendo destinate a scopi decorativi, non dispongono degli elementi di sicurezza necessari per una spada giapponese destinata all'allenamento.<\/p>\n<p>Tuttavia, il vostro <strong>Spettro di Loki<\/strong> a una lama d'acciaio che deve essere curata per evitare che si danneggi nel tempo. Quando si espone la katana, gli amici saranno curiosi di vedere la lama e di toccarla. \u00c8 qui che bisogna fare attenzione, perch\u00e9 l'acidit\u00e0 delle dita \u00e8 molto dannosa per l'acciaio, indipendentemente dalla sua qualit\u00e0.<\/p>\n<p>Tuttavia, se ci\u00f2 dovesse accadere, niente panico: basta un panno inumidito con un po' d'olio per eliminare le impronte. In questo modo, la spada durer\u00e0 a lungo.<\/p>","protected":false},"excerpt":{"rendered":"<p>Superba replica dello Spectre di Loki nell'universo Marvel.<\/p>\n<ul>\n<li>Lame in acciaio inossidabile pre-affilate e non taglienti.<\/li>\n<li>Manico in metallo dorato.<\/li>\n<li>Lampada in PVC blu, lunga circa 7,5 cm.<\/li>\n<li>Funzionale grazie all'interruttore a LED.<\/li>\n<li>Supporto illuminato con 6 LED.<\/li>\n<li>Funziona con un cavo USBC da un lato e USB dall'altro (non fornito).<\/li>\n<li>Lunghezza totale: 114,5 cm - Peso: 3390 gr. - Supporto: 60 cm<\/li>\n<\/ul>","protected":false},"featured_media":28707,"template":"","meta":[],"product_brand":[896],"product_cat":[24,59],"product_tag":[],"class_list":{"0":"post-28706","1":"product","2":"type-product","3":"status-publish","4":"has-post-thumbnail","6":"product_brand-replique-manga-cine","7":"product_cat-films-series-tv-vente-de-katana-epee-et-produits-derives","8":"product_cat-super-heros-marvel","10":"first","11":"instock","12":"sale","13":"taxable","14":"shipping-taxable","15":"purchasable","16":"product-type-simple"},"yoast_head":"<!-- This site is optimized with the Yoast SEO plugin v27.4 - https:\/\/yoast.com\/product\/yoast-seo-wordpress\/ -->\n<title>Spectre de Loki - Vente de Produits d\u00e9riv\u00e9s Marvel | RMC<\/title>\n<meta name=\"description\" content=\"D\u00e9couvrez le Spectre de Loki d&#039;Asgard dans Avengers au meilleur prix. Spectre et support lumineux - Lame acier - Echelle 1\/1 - Longueur 114.5 cm\" \/>\n<meta name=\"robots\" content=\"index, follow, max-snippet:-1, max-image-preview:large, max-video-preview:-1\" \/>\n<link rel=\"canonical\" href=\"https:\/\/repliquemangacine.fr\/it\/supereroi-marvel\/spettro-di-loki\/\" \/>\n<meta property=\"og:locale\" content=\"it_IT\" \/>\n<meta property=\"og:type\" content=\"article\" \/>\n<meta property=\"og:title\" content=\"Spectre de Loki - Vente de Produits d\u00e9riv\u00e9s Marvel | RMC\" \/>\n<meta property=\"og:description\" content=\"D\u00e9couvrez le Spectre de Loki d&#039;Asgard dans Avengers au meilleur prix. Spectre et support lumineux - Lame acier - Echelle 1\/1 - Longueur 114.5 cm\" \/>\n<meta property=\"og:url\" content=\"https:\/\/repliquemangacine.fr\/it\/supereroi-marvel\/spettro-di-loki\/\" \/>\n<meta property=\"og:site_name\" content=\"R\u00e9plique Manga Cin\u00e9\" \/>\n<meta property=\"article:publisher\" content=\"https:\/\/www.facebook.com\/RepliqueMangaCine\" \/>\n<meta property=\"article:modified_time\" content=\"2026-04-14T12:46:53+00:00\" \/>\n<meta property=\"og:image\" content=\"https:\/\/repliquemangacine.fr\/wp-content\/uploads\/2023\/10\/3404-Sceptre-de-Loki-dAsgard.jpg\" \/>\n\t<meta property=\"og:image:width\" content=\"800\" \/>\n\t<meta property=\"og:image:height\" content=\"800\" \/>\n\t<meta property=\"og:image:type\" content=\"image\/jpeg\" \/>\n<meta name=\"twitter:card\" content=\"summary_large_image\" \/>\n<meta name=\"twitter:label1\" content=\"Tempo di lettura stimato\" \/>\n\t<meta name=\"twitter:data1\" content=\"3 minuti\" \/>\n<script type=\"application\/ld+json\" class=\"yoast-schema-graph\">{\"@context\":\"https:\\\/\\\/schema.org\",\"@graph\":[{\"@type\":\"WebPage\",\"@id\":\"https:\\\/\\\/repliquemangacine.fr\\\/super-heros-marvel\\\/spectre-de-loki\\\/\",\"url\":\"https:\\\/\\\/repliquemangacine.fr\\\/super-heros-marvel\\\/spectre-de-loki\\\/\",\"name\":\"Spectre de Loki - Vente de Produits d\u00e9riv\u00e9s Marvel | RMC\",\"isPartOf\":{\"@id\":\"https:\\\/\\\/repliquemangacine.fr\\\/#website\"},\"primaryImageOfPage\":{\"@id\":\"https:\\\/\\\/repliquemangacine.fr\\\/super-heros-marvel\\\/spectre-de-loki\\\/#primaryimage\"},\"image\":{\"@id\":\"https:\\\/\\\/repliquemangacine.fr\\\/super-heros-marvel\\\/spectre-de-loki\\\/#primaryimage\"},\"thumbnailUrl\":\"https:\\\/\\\/repliquemangacine.fr\\\/wp-content\\\/uploads\\\/2023\\\/10\\\/3404-Sceptre-de-Loki-dAsgard.jpg\",\"datePublished\":\"2020-02-03T13:48:18+00:00\",\"dateModified\":\"2026-04-14T12:46:53+00:00\",\"description\":\"D\u00e9couvrez le Spectre de Loki d'Asgard dans Avengers au meilleur prix. Spectre et support lumineux - Lame acier - Echelle 1\\\/1 - Longueur 114.5 cm\",\"breadcrumb\":{\"@id\":\"https:\\\/\\\/repliquemangacine.fr\\\/super-heros-marvel\\\/spectre-de-loki\\\/#breadcrumb\"},\"inLanguage\":\"it-IT\",\"potentialAction\":[{\"@type\":\"ReadAction\",\"target\":[\"https:\\\/\\\/repliquemangacine.fr\\\/super-heros-marvel\\\/spectre-de-loki\\\/\"]}]},{\"@type\":\"ImageObject\",\"inLanguage\":\"it-IT\",\"@id\":\"https:\\\/\\\/repliquemangacine.fr\\\/super-heros-marvel\\\/spectre-de-loki\\\/#primaryimage\",\"url\":\"https:\\\/\\\/repliquemangacine.fr\\\/wp-content\\\/uploads\\\/2023\\\/10\\\/3404-Sceptre-de-Loki-dAsgard.jpg\",\"contentUrl\":\"https:\\\/\\\/repliquemangacine.fr\\\/wp-content\\\/uploads\\\/2023\\\/10\\\/3404-Sceptre-de-Loki-dAsgard.jpg\",\"width\":800,\"height\":800,\"caption\":\"Sceptre de Loki d'Asgard\"},{\"@type\":\"BreadcrumbList\",\"@id\":\"https:\\\/\\\/repliquemangacine.fr\\\/super-heros-marvel\\\/spectre-de-loki\\\/#breadcrumb\",\"itemListElement\":[{\"@type\":\"ListItem\",\"position\":1,\"name\":\"Accueil\",\"item\":\"https:\\\/\\\/repliquemangacine.fr\\\/\"},{\"@type\":\"ListItem\",\"position\":2,\"name\":\"Produits\",\"item\":\"https:\\\/\\\/repliquemangacine.fr\\\/boutique\\\/\"},{\"@type\":\"ListItem\",\"position\":3,\"name\":\"Sceptre Loki d&#8217;Asgard Support lumineux\"}]},{\"@type\":\"WebSite\",\"@id\":\"https:\\\/\\\/repliquemangacine.fr\\\/#website\",\"url\":\"https:\\\/\\\/repliquemangacine.fr\\\/\",\"name\":\"R\u00e9plique Manga Cin\u00e9\",\"description\":\"\",\"publisher\":{\"@id\":\"https:\\\/\\\/repliquemangacine.fr\\\/#organization\"},\"potentialAction\":[{\"@type\":\"SearchAction\",\"target\":{\"@type\":\"EntryPoint\",\"urlTemplate\":\"https:\\\/\\\/repliquemangacine.fr\\\/?s={search_term_string}\"},\"query-input\":{\"@type\":\"PropertyValueSpecification\",\"valueRequired\":true,\"valueName\":\"search_term_string\"}}],\"inLanguage\":\"it-IT\"},{\"@type\":\"Organization\",\"@id\":\"https:\\\/\\\/repliquemangacine.fr\\\/#organization\",\"name\":\"R\u00e9plique Manga Cin\u00e9\",\"url\":\"https:\\\/\\\/repliquemangacine.fr\\\/\",\"logo\":{\"@type\":\"ImageObject\",\"inLanguage\":\"it-IT\",\"@id\":\"https:\\\/\\\/repliquemangacine.fr\\\/#\\\/schema\\\/logo\\\/image\\\/\",\"url\":\"https:\\\/\\\/repliquemangacine.fr\\\/wp-content\\\/uploads\\\/2023\\\/10\\\/RMC-500250.png\",\"contentUrl\":\"https:\\\/\\\/repliquemangacine.fr\\\/wp-content\\\/uploads\\\/2023\\\/10\\\/RMC-500250.png\",\"width\":500,\"height\":250,\"caption\":\"R\u00e9plique Manga Cin\u00e9\"},\"image\":{\"@id\":\"https:\\\/\\\/repliquemangacine.fr\\\/#\\\/schema\\\/logo\\\/image\\\/\"},\"sameAs\":[\"https:\\\/\\\/www.facebook.com\\\/RepliqueMangaCine\",\"https:\\\/\\\/www.instagram.com\\\/repliquemangacine.fr\\\/\"]}]}<\/script>\n<!-- \/ Yoast SEO plugin. -->","yoast_head_json":{"title":"Spettro di Loki - Marvel Merchandising | RMC","description":"Scopri lo Spectre di Loki di Asgard in Avengers al miglior prezzo. Spettro e supporto per la luce - Lama d'acciaio - Scala 1\/1 - Lunghezza 114,5 cm","robots":{"index":"index","follow":"follow","max-snippet":"max-snippet:-1","max-image-preview":"max-image-preview:large","max-video-preview":"max-video-preview:-1"},"canonical":"https:\/\/repliquemangacine.fr\/it\/supereroi-marvel\/spettro-di-loki\/","og_locale":"it_IT","og_type":"article","og_title":"Spectre de Loki - Vente de Produits d\u00e9riv\u00e9s Marvel | RMC","og_description":"D\u00e9couvrez le Spectre de Loki d'Asgard dans Avengers au meilleur prix. Spectre et support lumineux - Lame acier - Echelle 1\/1 - Longueur 114.5 cm","og_url":"https:\/\/repliquemangacine.fr\/it\/supereroi-marvel\/spettro-di-loki\/","og_site_name":"R\u00e9plique Manga Cin\u00e9","article_publisher":"https:\/\/www.facebook.com\/RepliqueMangaCine","article_modified_time":"2026-04-14T12:46:53+00:00","og_image":[{"width":800,"height":800,"url":"https:\/\/repliquemangacine.fr\/wp-content\/uploads\/2023\/10\/3404-Sceptre-de-Loki-dAsgard.jpg","type":"image\/jpeg"}],"twitter_card":"summary_large_image","twitter_misc":{"Tempo di lettura stimato":"3 minuti"},"schema":{"@context":"https:\/\/schema.org","@graph":[{"@type":"WebPage","@id":"https:\/\/repliquemangacine.fr\/super-heros-marvel\/spectre-de-loki\/","url":"https:\/\/repliquemangacine.fr\/super-heros-marvel\/spectre-de-loki\/","name":"Spettro di Loki - Marvel Merchandising | RMC","isPartOf":{"@id":"https:\/\/repliquemangacine.fr\/#website"},"primaryImageOfPage":{"@id":"https:\/\/repliquemangacine.fr\/super-heros-marvel\/spectre-de-loki\/#primaryimage"},"image":{"@id":"https:\/\/repliquemangacine.fr\/super-heros-marvel\/spectre-de-loki\/#primaryimage"},"thumbnailUrl":"https:\/\/repliquemangacine.fr\/wp-content\/uploads\/2023\/10\/3404-Sceptre-de-Loki-dAsgard.jpg","datePublished":"2020-02-03T13:48:18+00:00","dateModified":"2026-04-14T12:46:53+00:00","description":"Scopri lo Spectre di Loki di Asgard in Avengers al miglior prezzo. Spettro e supporto per la luce - Lama d'acciaio - Scala 1\/1 - Lunghezza 114,5 cm","breadcrumb":{"@id":"https:\/\/repliquemangacine.fr\/super-heros-marvel\/spectre-de-loki\/#breadcrumb"},"inLanguage":"it-IT","potentialAction":[{"@type":"ReadAction","target":["https:\/\/repliquemangacine.fr\/super-heros-marvel\/spectre-de-loki\/"]}]},{"@type":"ImageObject","inLanguage":"it-IT","@id":"https:\/\/repliquemangacine.fr\/super-heros-marvel\/spectre-de-loki\/#primaryimage","url":"https:\/\/repliquemangacine.fr\/wp-content\/uploads\/2023\/10\/3404-Sceptre-de-Loki-dAsgard.jpg","contentUrl":"https:\/\/repliquemangacine.fr\/wp-content\/uploads\/2023\/10\/3404-Sceptre-de-Loki-dAsgard.jpg","width":800,"height":800,"caption":"Sceptre de Loki d'Asgard"},{"@type":"BreadcrumbList","@id":"https:\/\/repliquemangacine.fr\/super-heros-marvel\/spectre-de-loki\/#breadcrumb","itemListElement":[{"@type":"ListItem","position":1,"name":"Accueil","item":"https:\/\/repliquemangacine.fr\/"},{"@type":"ListItem","position":2,"name":"Produits","item":"https:\/\/repliquemangacine.fr\/boutique\/"},{"@type":"ListItem","position":3,"name":"Sceptre Loki d&#8217;Asgard Support lumineux"}]},{"@type":"WebSite","@id":"https:\/\/repliquemangacine.fr\/#website","url":"https:\/\/repliquemangacine.fr\/","name":"R\u00e9plique Manga Cin\u00e9","description":"","publisher":{"@id":"https:\/\/repliquemangacine.fr\/#organization"},"potentialAction":[{"@type":"SearchAction","target":{"@type":"EntryPoint","urlTemplate":"https:\/\/repliquemangacine.fr\/?s={search_term_string}"},"query-input":{"@type":"PropertyValueSpecification","valueRequired":true,"valueName":"search_term_string"}}],"inLanguage":"it-IT"},{"@type":"Organization","@id":"https:\/\/repliquemangacine.fr\/#organization","name":"R\u00e9plique Manga Cin\u00e9","url":"https:\/\/repliquemangacine.fr\/","logo":{"@type":"ImageObject","inLanguage":"it-IT","@id":"https:\/\/repliquemangacine.fr\/#\/schema\/logo\/image\/","url":"https:\/\/repliquemangacine.fr\/wp-content\/uploads\/2023\/10\/RMC-500250.png","contentUrl":"https:\/\/repliquemangacine.fr\/wp-content\/uploads\/2023\/10\/RMC-500250.png","width":500,"height":250,"caption":"R\u00e9plique Manga Cin\u00e9"},"image":{"@id":"https:\/\/repliquemangacine.fr\/#\/schema\/logo\/image\/"},"sameAs":["https:\/\/www.facebook.com\/RepliqueMangaCine","https:\/\/www.instagram.com\/repliquemangacine.fr\/"]}]}},"_links":{"self":[{"href":"https:\/\/repliquemangacine.fr\/it\/wp-json\/wp\/v2\/product\/28706","targetHints":{"allow":["GET"]}}],"collection":[{"href":"https:\/\/repliquemangacine.fr\/it\/wp-json\/wp\/v2\/product"}],"about":[{"href":"https:\/\/repliquemangacine.fr\/it\/wp-json\/wp\/v2\/types\/product"}],"wp:featuredmedia":[{"embeddable":true,"href":"https:\/\/repliquemangacine.fr\/it\/wp-json\/wp\/v2\/media\/28707"}],"wp:attachment":[{"href":"https:\/\/repliquemangacine.fr\/it\/wp-json\/wp\/v2\/media?parent=28706"}],"wp:term":[{"taxonomy":"product_brand","embeddable":true,"href":"https:\/\/repliquemangacine.fr\/it\/wp-json\/wp\/v2\/product_brand?post=28706"},{"taxonomy":"product_cat","embeddable":true,"href":"https:\/\/repliquemangacine.fr\/it\/wp-json\/wp\/v2\/product_cat?post=28706"},{"taxonomy":"product_tag","embeddable":true,"href":"https:\/\/repliquemangacine.fr\/it\/wp-json\/wp\/v2\/product_tag?post=28706"}],"curies":[{"name":"wp","href":"https:\/\/api.w.org\/{rel}","templated":true}]}}