





{"id":28656,"date":"2019-12-14T19:28:54","date_gmt":"2019-12-14T18:28:54","guid":{"rendered":"https:\/\/repliquemangacine.fr\/?post_type=product&#038;p=28656"},"modified":"2026-03-07T11:58:44","modified_gmt":"2026-03-07T10:58:44","slug":"assassin-s-creed-odyssey-replica-lancia-spezzata-di-leonida","status":"publish","type":"product","link":"https:\/\/repliquemangacine.fr\/it\/armes-assassins-creed\/assassin-s-creed-odyssey-replique-lance-brisee-de-leonidas\/","title":{"rendered":"Lancia spezzata Leonida"},"content":{"rendered":"<h2>Lanciare Leonida in Assassin's Creed Odyssey<\/h2>\n<p>Per cominciare, il<strong> Lance Leonida Assassin's Creed Odyssey<\/strong> nota anche come spada di Leonida, \u00e8 una spada edenica. Fu brandita dal re Leonida I di Sparta durante la battaglia delle Termopili. Dopo la sua morte, questa lancia, spezzata durante la battaglia, fu donata alla figlia Myrrin, che a sua volta la lasci\u00f2 in eredit\u00e0 al figlio, <a href=\"https:\/\/assassinscreed.fandom.com\/fr\/wiki\/Kassandra\" target=\"_blank\" rel=\"noopener noreferrer\">Kassandra<\/a>.<\/p>\n<p>Ora \u00e8 rotto, ma rimane un'arma formidabile e un inestimabile tesoro di famiglia. Trasmessa a Kassandra\/Alexios affinch\u00e9 uno di questi eroi possa scoprire la verit\u00e0 sulla sua discendenza.<\/p>\n<p>E quando Kassandra era alla ricerca della sua famiglia, si rec\u00f2 alla Forgia degli Antichi per migliorare l'efficacia di combattimento, la resistenza e i poteri soprannaturali della lancia utilizzando frammenti di Eden della Prima Civilt\u00e0.<\/p>\n<h2>Il tuo Assassin's Creed Leonidas Lance al miglior prezzo.<\/h2>\n<p>Vi proponiamo tutte le nostre battute preferite della serie di videogiochi Assassin's Creed.<\/p>\n<p>Innanzitutto,<\/p>\n<ul>\n<li>Il <a href=\"https:\/\/repliquemangacine.fr\/it\/assassins-creed\/coltelli-da-lancio-altair-assassin-s-creed\/\">Coltelli da lancio Alta\u00efr<\/a> una delle 4 armi che possiede.<\/li>\n<li>C'\u00e8 anche la Gun Axe Pirate Axe Gun, presente in Assassin's Creed Unity: Dead Kings.<\/li>\n<li>E molti altri da scoprire nel nostro negozio online!<\/li>\n<\/ul>\n<p>Se siete fan di Assassin's Creed, questa lancia di Leonida \u00e8 un'ottima aggiunta al vostro arsenale. Ecco perch\u00e9 \u00e8 un'ottima idea regalo per i fan.<\/p>\n<p>In conclusione, \u00e8 possibile utilizzare anche il metodo <strong>Lance Leonidas Assassin's Creed<\/strong> per le sfilate cosplay o le feste a tema. Ma soprattutto, la lancia di Assassin's Creed Odyssey \u00e8 un oggetto da collezione e un pezzo decorativo.<\/p>\n<h2>Come si mantiene la lama di una lancia spezzata?<\/h2>\n<p>Le armi da collezione e decorative sono fabbricate e assemblate in modo semplificato. Essendo destinate a scopi decorativi, non dispongono degli elementi di sicurezza necessari per una spada giapponese destinata all'allenamento.<\/p>\n<p>Tuttavia, il vostro <strong>Lance Leonidas Assassin's Creed<\/strong> a una lama d'acciaio che deve essere curata per evitare che si danneggi nel tempo. Quando si espone la katana, gli amici saranno curiosi di vedere la lama e di toccarla. \u00c8 qui che bisogna fare attenzione, perch\u00e9 l'acidit\u00e0 delle dita \u00e8 molto dannosa per l'acciaio, indipendentemente dalla sua qualit\u00e0.<\/p>\n<p>Se ci\u00f2 accade, non bisogna farsi prendere dal panico: basta usare un panno inumidito con un po' d'olio e cancellare le impronte digitali. In questo modo, la spada durer\u00e0 a lungo.<\/p>\n<p><strong>\u00a0<\/strong><\/p>","protected":false},"excerpt":{"rendered":"<p>Lancia di Leonida spezzata in Assassin's Creed Odyssey<\/p>\n<ul>\n<li>La lama \u00e8 in acciaio decorato.<\/li>\n<li>Una finezza assolutamente incredibile.<\/li>\n<li>Manico in acciaio con gomma.<\/li>\n<li>Fornito con espositore in plexiglas trasparente.<\/li>\n<li>Lunghezza totale della lancia: 65 cm - Peso: 1450 grammi<\/li>\n<\/ul>","protected":false},"featured_media":28657,"template":"","meta":[],"product_brand":[896],"product_cat":[836,48,23],"product_tag":[],"class_list":{"0":"post-28656","1":"product","2":"type-product","3":"status-publish","4":"has-post-thumbnail","6":"product_brand-replique-manga-cine","7":"product_cat-armes-assassins-creed","8":"product_cat-epees-assassins-creed-armes-assassins-creed","9":"product_cat-repliques-manga-jeux-video","11":"first","12":"instock","13":"taxable","14":"shipping-taxable","15":"purchasable","16":"product-type-simple"},"yoast_head":"<!-- This site is optimized with the Yoast SEO plugin v27.4 - https:\/\/yoast.com\/product\/yoast-seo-wordpress\/ -->\n<title>Lance L\u00e9onidas Assassin&#039;s Creed - Boutique en ligne | RMC<\/title>\n<meta name=\"description\" content=\"Achetez vite ! La Lance L\u00e9onidas Assassin&#039;s Creed Odyssey au meilleur prix. Lame acier - Longueur totale : 65cm - Support - Envoi 24\/48h\" \/>\n<meta name=\"robots\" content=\"index, follow, max-snippet:-1, max-image-preview:large, max-video-preview:-1\" \/>\n<link rel=\"canonical\" href=\"https:\/\/repliquemangacine.fr\/it\/armi-di-assassins-creed\/assassin-s-creed-odyssey-replica-lancia-spezzata-di-leonida\/\" \/>\n<meta property=\"og:locale\" content=\"it_IT\" \/>\n<meta property=\"og:type\" content=\"article\" \/>\n<meta property=\"og:title\" content=\"Lance L\u00e9onidas Assassin&#039;s Creed - Boutique en ligne | RMC\" \/>\n<meta property=\"og:description\" content=\"Achetez vite ! La Lance L\u00e9onidas Assassin&#039;s Creed Odyssey au meilleur prix. Lame acier - Longueur totale : 65cm - Support - Envoi 24\/48h\" \/>\n<meta property=\"og:url\" content=\"https:\/\/repliquemangacine.fr\/it\/armi-di-assassins-creed\/assassin-s-creed-odyssey-replica-lancia-spezzata-di-leonida\/\" \/>\n<meta property=\"og:site_name\" content=\"R\u00e9plique Manga Cin\u00e9\" \/>\n<meta property=\"article:publisher\" content=\"https:\/\/www.facebook.com\/RepliqueMangaCine\" \/>\n<meta property=\"article:modified_time\" content=\"2026-03-07T10:58:44+00:00\" \/>\n<meta property=\"og:image\" content=\"https:\/\/repliquemangacine.fr\/wp-content\/uploads\/2023\/10\/3361-Assassins-Creed-Odyssey-Replique-Lance-brisee-de-Leonidas.jpg\" \/>\n\t<meta property=\"og:image:width\" content=\"800\" \/>\n\t<meta property=\"og:image:height\" content=\"800\" \/>\n\t<meta property=\"og:image:type\" content=\"image\/jpeg\" \/>\n<meta name=\"twitter:card\" content=\"summary_large_image\" \/>\n<meta name=\"twitter:label1\" content=\"Tempo di lettura stimato\" \/>\n\t<meta name=\"twitter:data1\" content=\"1 minuto\" \/>\n<script type=\"application\/ld+json\" class=\"yoast-schema-graph\">{\"@context\":\"https:\\\/\\\/schema.org\",\"@graph\":[{\"@type\":\"WebPage\",\"@id\":\"https:\\\/\\\/repliquemangacine.fr\\\/armes-assassins-creed\\\/assassin-s-creed-odyssey-replique-lance-brisee-de-leonidas\\\/\",\"url\":\"https:\\\/\\\/repliquemangacine.fr\\\/armes-assassins-creed\\\/assassin-s-creed-odyssey-replique-lance-brisee-de-leonidas\\\/\",\"name\":\"Lance L\u00e9onidas Assassin's Creed - Boutique en ligne | RMC\",\"isPartOf\":{\"@id\":\"https:\\\/\\\/repliquemangacine.fr\\\/#website\"},\"primaryImageOfPage\":{\"@id\":\"https:\\\/\\\/repliquemangacine.fr\\\/armes-assassins-creed\\\/assassin-s-creed-odyssey-replique-lance-brisee-de-leonidas\\\/#primaryimage\"},\"image\":{\"@id\":\"https:\\\/\\\/repliquemangacine.fr\\\/armes-assassins-creed\\\/assassin-s-creed-odyssey-replique-lance-brisee-de-leonidas\\\/#primaryimage\"},\"thumbnailUrl\":\"https:\\\/\\\/repliquemangacine.fr\\\/wp-content\\\/uploads\\\/2023\\\/10\\\/3361-Assassins-Creed-Odyssey-Replique-Lance-brisee-de-Leonidas.jpg\",\"datePublished\":\"2019-12-14T18:28:54+00:00\",\"dateModified\":\"2026-03-07T10:58:44+00:00\",\"description\":\"Achetez vite ! La Lance L\u00e9onidas Assassin's Creed Odyssey au meilleur prix. Lame acier - Longueur totale : 65cm - Support - Envoi 24\\\/48h\",\"breadcrumb\":{\"@id\":\"https:\\\/\\\/repliquemangacine.fr\\\/armes-assassins-creed\\\/assassin-s-creed-odyssey-replique-lance-brisee-de-leonidas\\\/#breadcrumb\"},\"inLanguage\":\"it-IT\",\"potentialAction\":[{\"@type\":\"ReadAction\",\"target\":[\"https:\\\/\\\/repliquemangacine.fr\\\/armes-assassins-creed\\\/assassin-s-creed-odyssey-replique-lance-brisee-de-leonidas\\\/\"]}]},{\"@type\":\"ImageObject\",\"inLanguage\":\"it-IT\",\"@id\":\"https:\\\/\\\/repliquemangacine.fr\\\/armes-assassins-creed\\\/assassin-s-creed-odyssey-replique-lance-brisee-de-leonidas\\\/#primaryimage\",\"url\":\"https:\\\/\\\/repliquemangacine.fr\\\/wp-content\\\/uploads\\\/2023\\\/10\\\/3361-Assassins-Creed-Odyssey-Replique-Lance-brisee-de-Leonidas.jpg\",\"contentUrl\":\"https:\\\/\\\/repliquemangacine.fr\\\/wp-content\\\/uploads\\\/2023\\\/10\\\/3361-Assassins-Creed-Odyssey-Replique-Lance-brisee-de-Leonidas.jpg\",\"width\":800,\"height\":800,\"caption\":\"Lance L\u00e9onidas Assassin's Creed\"},{\"@type\":\"BreadcrumbList\",\"@id\":\"https:\\\/\\\/repliquemangacine.fr\\\/armes-assassins-creed\\\/assassin-s-creed-odyssey-replique-lance-brisee-de-leonidas\\\/#breadcrumb\",\"itemListElement\":[{\"@type\":\"ListItem\",\"position\":1,\"name\":\"Accueil\",\"item\":\"https:\\\/\\\/repliquemangacine.fr\\\/\"},{\"@type\":\"ListItem\",\"position\":2,\"name\":\"Produits\",\"item\":\"https:\\\/\\\/repliquemangacine.fr\\\/boutique\\\/\"},{\"@type\":\"ListItem\",\"position\":3,\"name\":\"Lance bris\u00e9e L\u00e9onidas\"}]},{\"@type\":\"WebSite\",\"@id\":\"https:\\\/\\\/repliquemangacine.fr\\\/#website\",\"url\":\"https:\\\/\\\/repliquemangacine.fr\\\/\",\"name\":\"R\u00e9plique Manga Cin\u00e9\",\"description\":\"\",\"publisher\":{\"@id\":\"https:\\\/\\\/repliquemangacine.fr\\\/#organization\"},\"potentialAction\":[{\"@type\":\"SearchAction\",\"target\":{\"@type\":\"EntryPoint\",\"urlTemplate\":\"https:\\\/\\\/repliquemangacine.fr\\\/?s={search_term_string}\"},\"query-input\":{\"@type\":\"PropertyValueSpecification\",\"valueRequired\":true,\"valueName\":\"search_term_string\"}}],\"inLanguage\":\"it-IT\"},{\"@type\":\"Organization\",\"@id\":\"https:\\\/\\\/repliquemangacine.fr\\\/#organization\",\"name\":\"R\u00e9plique Manga Cin\u00e9\",\"url\":\"https:\\\/\\\/repliquemangacine.fr\\\/\",\"logo\":{\"@type\":\"ImageObject\",\"inLanguage\":\"it-IT\",\"@id\":\"https:\\\/\\\/repliquemangacine.fr\\\/#\\\/schema\\\/logo\\\/image\\\/\",\"url\":\"https:\\\/\\\/repliquemangacine.fr\\\/wp-content\\\/uploads\\\/2023\\\/10\\\/RMC-500250.png\",\"contentUrl\":\"https:\\\/\\\/repliquemangacine.fr\\\/wp-content\\\/uploads\\\/2023\\\/10\\\/RMC-500250.png\",\"width\":500,\"height\":250,\"caption\":\"R\u00e9plique Manga Cin\u00e9\"},\"image\":{\"@id\":\"https:\\\/\\\/repliquemangacine.fr\\\/#\\\/schema\\\/logo\\\/image\\\/\"},\"sameAs\":[\"https:\\\/\\\/www.facebook.com\\\/RepliqueMangaCine\",\"https:\\\/\\\/www.instagram.com\\\/repliquemangacine.fr\\\/\"]}]}<\/script>\n<!-- \/ Yoast SEO plugin. -->","yoast_head_json":{"title":"Assassin's Creed Leonidas Lance - Boutique en ligne | RMC","description":"Acquista ora! Lancia Leonidas Assassin's Creed Odyssey al miglior prezzo. Lama in acciaio - Lunghezza totale: 65cm - Piedistallo - Spedizione 24\/48h","robots":{"index":"index","follow":"follow","max-snippet":"max-snippet:-1","max-image-preview":"max-image-preview:large","max-video-preview":"max-video-preview:-1"},"canonical":"https:\/\/repliquemangacine.fr\/it\/armi-di-assassins-creed\/assassin-s-creed-odyssey-replica-lancia-spezzata-di-leonida\/","og_locale":"it_IT","og_type":"article","og_title":"Lance L\u00e9onidas Assassin's Creed - Boutique en ligne | RMC","og_description":"Achetez vite ! La Lance L\u00e9onidas Assassin's Creed Odyssey au meilleur prix. Lame acier - Longueur totale : 65cm - Support - Envoi 24\/48h","og_url":"https:\/\/repliquemangacine.fr\/it\/armi-di-assassins-creed\/assassin-s-creed-odyssey-replica-lancia-spezzata-di-leonida\/","og_site_name":"R\u00e9plique Manga Cin\u00e9","article_publisher":"https:\/\/www.facebook.com\/RepliqueMangaCine","article_modified_time":"2026-03-07T10:58:44+00:00","og_image":[{"width":800,"height":800,"url":"https:\/\/repliquemangacine.fr\/wp-content\/uploads\/2023\/10\/3361-Assassins-Creed-Odyssey-Replique-Lance-brisee-de-Leonidas.jpg","type":"image\/jpeg"}],"twitter_card":"summary_large_image","twitter_misc":{"Tempo di lettura stimato":"1 minuto"},"schema":{"@context":"https:\/\/schema.org","@graph":[{"@type":"WebPage","@id":"https:\/\/repliquemangacine.fr\/armes-assassins-creed\/assassin-s-creed-odyssey-replique-lance-brisee-de-leonidas\/","url":"https:\/\/repliquemangacine.fr\/armes-assassins-creed\/assassin-s-creed-odyssey-replique-lance-brisee-de-leonidas\/","name":"Assassin's Creed Leonidas Lance - Boutique en ligne | RMC","isPartOf":{"@id":"https:\/\/repliquemangacine.fr\/#website"},"primaryImageOfPage":{"@id":"https:\/\/repliquemangacine.fr\/armes-assassins-creed\/assassin-s-creed-odyssey-replique-lance-brisee-de-leonidas\/#primaryimage"},"image":{"@id":"https:\/\/repliquemangacine.fr\/armes-assassins-creed\/assassin-s-creed-odyssey-replique-lance-brisee-de-leonidas\/#primaryimage"},"thumbnailUrl":"https:\/\/repliquemangacine.fr\/wp-content\/uploads\/2023\/10\/3361-Assassins-Creed-Odyssey-Replique-Lance-brisee-de-Leonidas.jpg","datePublished":"2019-12-14T18:28:54+00:00","dateModified":"2026-03-07T10:58:44+00:00","description":"Acquista ora! Lancia Leonidas Assassin's Creed Odyssey al miglior prezzo. Lama in acciaio - Lunghezza totale: 65cm - Piedistallo - Spedizione 24\/48h","breadcrumb":{"@id":"https:\/\/repliquemangacine.fr\/armes-assassins-creed\/assassin-s-creed-odyssey-replique-lance-brisee-de-leonidas\/#breadcrumb"},"inLanguage":"it-IT","potentialAction":[{"@type":"ReadAction","target":["https:\/\/repliquemangacine.fr\/armes-assassins-creed\/assassin-s-creed-odyssey-replique-lance-brisee-de-leonidas\/"]}]},{"@type":"ImageObject","inLanguage":"it-IT","@id":"https:\/\/repliquemangacine.fr\/armes-assassins-creed\/assassin-s-creed-odyssey-replique-lance-brisee-de-leonidas\/#primaryimage","url":"https:\/\/repliquemangacine.fr\/wp-content\/uploads\/2023\/10\/3361-Assassins-Creed-Odyssey-Replique-Lance-brisee-de-Leonidas.jpg","contentUrl":"https:\/\/repliquemangacine.fr\/wp-content\/uploads\/2023\/10\/3361-Assassins-Creed-Odyssey-Replique-Lance-brisee-de-Leonidas.jpg","width":800,"height":800,"caption":"Lance L\u00e9onidas Assassin's Creed"},{"@type":"BreadcrumbList","@id":"https:\/\/repliquemangacine.fr\/armes-assassins-creed\/assassin-s-creed-odyssey-replique-lance-brisee-de-leonidas\/#breadcrumb","itemListElement":[{"@type":"ListItem","position":1,"name":"Accueil","item":"https:\/\/repliquemangacine.fr\/"},{"@type":"ListItem","position":2,"name":"Produits","item":"https:\/\/repliquemangacine.fr\/boutique\/"},{"@type":"ListItem","position":3,"name":"Lance bris\u00e9e L\u00e9onidas"}]},{"@type":"WebSite","@id":"https:\/\/repliquemangacine.fr\/#website","url":"https:\/\/repliquemangacine.fr\/","name":"R\u00e9plique Manga Cin\u00e9","description":"","publisher":{"@id":"https:\/\/repliquemangacine.fr\/#organization"},"potentialAction":[{"@type":"SearchAction","target":{"@type":"EntryPoint","urlTemplate":"https:\/\/repliquemangacine.fr\/?s={search_term_string}"},"query-input":{"@type":"PropertyValueSpecification","valueRequired":true,"valueName":"search_term_string"}}],"inLanguage":"it-IT"},{"@type":"Organization","@id":"https:\/\/repliquemangacine.fr\/#organization","name":"R\u00e9plique Manga Cin\u00e9","url":"https:\/\/repliquemangacine.fr\/","logo":{"@type":"ImageObject","inLanguage":"it-IT","@id":"https:\/\/repliquemangacine.fr\/#\/schema\/logo\/image\/","url":"https:\/\/repliquemangacine.fr\/wp-content\/uploads\/2023\/10\/RMC-500250.png","contentUrl":"https:\/\/repliquemangacine.fr\/wp-content\/uploads\/2023\/10\/RMC-500250.png","width":500,"height":250,"caption":"R\u00e9plique Manga Cin\u00e9"},"image":{"@id":"https:\/\/repliquemangacine.fr\/#\/schema\/logo\/image\/"},"sameAs":["https:\/\/www.facebook.com\/RepliqueMangaCine","https:\/\/www.instagram.com\/repliquemangacine.fr\/"]}]}},"_links":{"self":[{"href":"https:\/\/repliquemangacine.fr\/it\/wp-json\/wp\/v2\/product\/28656","targetHints":{"allow":["GET"]}}],"collection":[{"href":"https:\/\/repliquemangacine.fr\/it\/wp-json\/wp\/v2\/product"}],"about":[{"href":"https:\/\/repliquemangacine.fr\/it\/wp-json\/wp\/v2\/types\/product"}],"wp:featuredmedia":[{"embeddable":true,"href":"https:\/\/repliquemangacine.fr\/it\/wp-json\/wp\/v2\/media\/28657"}],"wp:attachment":[{"href":"https:\/\/repliquemangacine.fr\/it\/wp-json\/wp\/v2\/media?parent=28656"}],"wp:term":[{"taxonomy":"product_brand","embeddable":true,"href":"https:\/\/repliquemangacine.fr\/it\/wp-json\/wp\/v2\/product_brand?post=28656"},{"taxonomy":"product_cat","embeddable":true,"href":"https:\/\/repliquemangacine.fr\/it\/wp-json\/wp\/v2\/product_cat?post=28656"},{"taxonomy":"product_tag","embeddable":true,"href":"https:\/\/repliquemangacine.fr\/it\/wp-json\/wp\/v2\/product_tag?post=28656"}],"curies":[{"name":"wp","href":"https:\/\/api.w.org\/{rel}","templated":true}]}}