





{"id":28642,"date":"2019-12-14T17:11:56","date_gmt":"2019-12-14T16:11:56","guid":{"rendered":"https:\/\/repliquemangacine.fr\/?post_type=product&#038;p=28642"},"modified":"2026-02-19T10:46:50","modified_gmt":"2026-02-19T09:46:50","slug":"azzinoth-spada-da-guerra-illidan-spada-warglaive","status":"publish","type":"product","link":"https:\/\/repliquemangacine.fr\/it\/epees-world-of-warcraft\/glaive-de-guerre-d-azzinoth-epee-warglaive-d-illidan\/","title":{"rendered":"Spada da guerra Azzinoth"},"content":{"rendered":"<h2>La spada da guerra Azzinoth di Illidan in World of Warcraft<\/h2>\n<p>Per cominciare, il <strong>Spada da guerra Azzinoth<\/strong>Una spada impregnata di magia, pi\u00f9 comunemente conosciuta come un set di 2 spade leggendarie note come Warglaives di Illidan. Durante la Guerra degli Antichi, il demone sconfitto dall'Elfo della Notte <a href=\"https:\/\/fr.tbc.wowhead.com\/npc=22917\/illidan-hurlorage\" target=\"_blank\" rel=\"noopener noreferrer\">Illidan Hurlorage<\/a>, che gli ha tolto le armi dal corpo.<\/p>\n<p>Illidan Hurlorage \u00e8 famoso per due cose: la terribile corruzione fisica che ricopre il suo corpo e le sue due spade.  Per aumentare il suo gi\u00e0 notevole potere, Illidan prese le due spade del demone e scopr\u00ec che poteva fonderle in un'unica arma letale.<\/p>\n<p>I giocatori di World of Warcraft hanno conosciuto le sue spade Azzinoth per la prima volta nell'espansione The Burning Crusade del 2007. Illidan Hurlorage \u00e8 il boss finale dell'incursione del Tempio Nero.<\/p>\n<h2>Il tuo Azzinoth War Glaive al miglior prezzo.<\/h2>\n<p>Offriamo un'ampia selezione di spade del mondo di World of Warcraft.<\/p>\n<p>Innanzitutto,<\/p>\n<ul>\n<li>L'impressionante spada <a href=\"https:\/\/repliquemangacine.fr\/it\/spada-di-world-of-warcraft\/frostmourne-deuillegivre-spada-spada-del-re-dei-lich\/\">Deuillegivre<\/a> ( Frostmourne) d'Arthas .<\/li>\n<li>C'\u00e8 anche il <a href=\"https:\/\/repliquemangacine.fr\/it\/altri-film-e-serie\/pugnale-spada-leoni-zanna-du-roi-llane-wrynn-warcraft\/\">Pugnale con spada a zanna di leone<\/a> di Re Llane Wrynn<\/li>\n<li>Cos\u00ec come il<a href=\"https:\/\/repliquemangacine.fr\/it\/spada-di-world-of-warcraft\/epee-gardes-royal-chevaliers-warcraft\/\">spada dei cavalieri delle guardie<\/a> del regno di Azzenoth nel film Warcraft.<\/li>\n<li>E molto altro ancora da scoprire nel nostro negozio online!<\/li>\n<\/ul>\n<p>Ecco un'ottima idea regalo per i fan di WoW<\/p>\n<p>In conclusione, \u00e8 possibile acquistare <strong>Spada da guerra Azzinoth<\/strong> sar\u00e0 perfetto per il vostro allestimento. Ma soprattutto, i Warglaive sono oggetti da collezione e decorazioni.<\/p>\n<p>R\u00e9plique Manga Cin\u00e9 \u00e8 un'azienda familiare francese.<\/p>\n<h2>Come faccio a mantenere la lama della mia spada di World of Warcraft?<\/h2>\n<p>Le katane da collezione e decorative sono realizzate e assemblate in modo semplificato. Poich\u00e9 il loro uso \u00e8 decorativo, non hanno le caratteristiche di sicurezza richieste da una spada giapponese destinata all'allenamento.<\/p>\n<p>Tuttavia, il vostro <strong>Artiglio da guerra Azzinoth<\/strong> a una lama d'acciaio che deve essere curata per evitare che si danneggi nel tempo. Quando si espone la katana, gli amici saranno curiosi di vedere la lama e di toccarla. \u00c8 qui che bisogna fare attenzione, perch\u00e9 l'acidit\u00e0 delle dita \u00e8 molto dannosa per l'acciaio, indipendentemente dalla sua qualit\u00e0.<\/p>\n<p>Tuttavia, se ci\u00f2 dovesse accadere, niente panico: basta un panno inumidito con un po' d'olio per eliminare le impronte. In questo modo, la spada durer\u00e0 a lungo.<\/p>\n<p><strong>\u00a0<\/strong><\/p>","protected":false},"excerpt":{"rendered":"<p>Spada da guerra di Azzinoth! L'arma leggendaria di Illidan in World of Warcraft<\/p>\n<ul>\n<li>Realizzato interamente in metallo.<\/li>\n<li>Protezione centrale in acciaio.<\/li>\n<li>Sul retro si trova l'impugnatura in metallo rivestita in similpelle nera.<\/li>\n<li>Espositore in legno.<\/li>\n<li>Lunghezza totale: circa 145 cm - Peso: 5,5 kg<\/li>\n<\/ul>","protected":false},"featured_media":28643,"template":"","meta":[],"product_brand":[896],"product_cat":[23,60],"product_tag":[],"class_list":{"0":"post-28642","1":"product","2":"type-product","3":"status-publish","4":"has-post-thumbnail","6":"product_brand-replique-manga-cine","7":"product_cat-repliques-manga-jeux-video","8":"product_cat-epees-world-of-warcraft","10":"first","11":"instock","12":"taxable","13":"shipping-taxable","14":"purchasable","15":"product-type-simple"},"yoast_head":"<!-- This site is optimized with the Yoast SEO plugin v27.4 - https:\/\/yoast.com\/product\/yoast-seo-wordpress\/ -->\n<title>Glaive de guerre d&#039;Azzinoth - Warglaive - Boutique en ligne - RMC<\/title>\n<meta name=\"description\" content=\"Commandez vite ! Ce Glaive de guerre d&#039;Azzinoth warglaive d&#039;Illidan au meilleur prix. Lame en acier - Echelle 1\/1 - Longueur : 145 cm - Envoi 24\/48h\" \/>\n<meta name=\"robots\" content=\"index, follow, max-snippet:-1, max-image-preview:large, max-video-preview:-1\" \/>\n<link rel=\"canonical\" href=\"https:\/\/repliquemangacine.fr\/it\/spade-di-world-of-warcraft\/azzinoth-spada-da-guerra-illidan-spada-warglaive\/\" \/>\n<meta property=\"og:locale\" content=\"it_IT\" \/>\n<meta property=\"og:type\" content=\"article\" \/>\n<meta property=\"og:title\" content=\"Glaive de guerre d&#039;Azzinoth - Warglaive - Boutique en ligne - RMC\" \/>\n<meta property=\"og:description\" content=\"Commandez vite ! Ce Glaive de guerre d&#039;Azzinoth warglaive d&#039;Illidan au meilleur prix. Lame en acier - Echelle 1\/1 - Longueur : 145 cm - Envoi 24\/48h\" \/>\n<meta property=\"og:url\" content=\"https:\/\/repliquemangacine.fr\/it\/spade-di-world-of-warcraft\/azzinoth-spada-da-guerra-illidan-spada-warglaive\/\" \/>\n<meta property=\"og:site_name\" content=\"R\u00e9plique Manga Cin\u00e9\" \/>\n<meta property=\"article:publisher\" content=\"https:\/\/www.facebook.com\/RepliqueMangaCine\" \/>\n<meta property=\"article:modified_time\" content=\"2026-02-19T09:46:50+00:00\" \/>\n<meta property=\"og:image\" content=\"https:\/\/repliquemangacine.fr\/wp-content\/uploads\/2023\/10\/3347-Glaive-de-guerre-dAzzinoth-support.jpg\" \/>\n\t<meta property=\"og:image:width\" content=\"800\" \/>\n\t<meta property=\"og:image:height\" content=\"800\" \/>\n\t<meta property=\"og:image:type\" content=\"image\/jpeg\" \/>\n<meta name=\"twitter:card\" content=\"summary_large_image\" \/>\n<meta name=\"twitter:label1\" content=\"Tempo di lettura stimato\" \/>\n\t<meta name=\"twitter:data1\" content=\"2 minuti\" \/>\n<script type=\"application\/ld+json\" class=\"yoast-schema-graph\">{\"@context\":\"https:\\\/\\\/schema.org\",\"@graph\":[{\"@type\":\"WebPage\",\"@id\":\"https:\\\/\\\/repliquemangacine.fr\\\/epees-world-of-warcraft\\\/glaive-de-guerre-d-azzinoth-epee-warglaive-d-illidan\\\/\",\"url\":\"https:\\\/\\\/repliquemangacine.fr\\\/epees-world-of-warcraft\\\/glaive-de-guerre-d-azzinoth-epee-warglaive-d-illidan\\\/\",\"name\":\"Glaive de guerre d'Azzinoth - Warglaive - Boutique en ligne - RMC\",\"isPartOf\":{\"@id\":\"https:\\\/\\\/repliquemangacine.fr\\\/#website\"},\"primaryImageOfPage\":{\"@id\":\"https:\\\/\\\/repliquemangacine.fr\\\/epees-world-of-warcraft\\\/glaive-de-guerre-d-azzinoth-epee-warglaive-d-illidan\\\/#primaryimage\"},\"image\":{\"@id\":\"https:\\\/\\\/repliquemangacine.fr\\\/epees-world-of-warcraft\\\/glaive-de-guerre-d-azzinoth-epee-warglaive-d-illidan\\\/#primaryimage\"},\"thumbnailUrl\":\"https:\\\/\\\/repliquemangacine.fr\\\/wp-content\\\/uploads\\\/2023\\\/10\\\/3347-Glaive-de-guerre-dAzzinoth-support.jpg\",\"datePublished\":\"2019-12-14T16:11:56+00:00\",\"dateModified\":\"2026-02-19T09:46:50+00:00\",\"description\":\"Commandez vite ! Ce Glaive de guerre d'Azzinoth warglaive d'Illidan au meilleur prix. Lame en acier - Echelle 1\\\/1 - Longueur : 145 cm - Envoi 24\\\/48h\",\"breadcrumb\":{\"@id\":\"https:\\\/\\\/repliquemangacine.fr\\\/epees-world-of-warcraft\\\/glaive-de-guerre-d-azzinoth-epee-warglaive-d-illidan\\\/#breadcrumb\"},\"inLanguage\":\"it-IT\",\"potentialAction\":[{\"@type\":\"ReadAction\",\"target\":[\"https:\\\/\\\/repliquemangacine.fr\\\/epees-world-of-warcraft\\\/glaive-de-guerre-d-azzinoth-epee-warglaive-d-illidan\\\/\"]}]},{\"@type\":\"ImageObject\",\"inLanguage\":\"it-IT\",\"@id\":\"https:\\\/\\\/repliquemangacine.fr\\\/epees-world-of-warcraft\\\/glaive-de-guerre-d-azzinoth-epee-warglaive-d-illidan\\\/#primaryimage\",\"url\":\"https:\\\/\\\/repliquemangacine.fr\\\/wp-content\\\/uploads\\\/2023\\\/10\\\/3347-Glaive-de-guerre-dAzzinoth-support.jpg\",\"contentUrl\":\"https:\\\/\\\/repliquemangacine.fr\\\/wp-content\\\/uploads\\\/2023\\\/10\\\/3347-Glaive-de-guerre-dAzzinoth-support.jpg\",\"width\":800,\"height\":800,\"caption\":\"Glaive de guerre d'Azzinoth + support\"},{\"@type\":\"BreadcrumbList\",\"@id\":\"https:\\\/\\\/repliquemangacine.fr\\\/epees-world-of-warcraft\\\/glaive-de-guerre-d-azzinoth-epee-warglaive-d-illidan\\\/#breadcrumb\",\"itemListElement\":[{\"@type\":\"ListItem\",\"position\":1,\"name\":\"Accueil\",\"item\":\"https:\\\/\\\/repliquemangacine.fr\\\/\"},{\"@type\":\"ListItem\",\"position\":2,\"name\":\"Produits\",\"item\":\"https:\\\/\\\/repliquemangacine.fr\\\/boutique\\\/\"},{\"@type\":\"ListItem\",\"position\":3,\"name\":\"Glaive de guerre d&#8217;Azzinoth\"}]},{\"@type\":\"WebSite\",\"@id\":\"https:\\\/\\\/repliquemangacine.fr\\\/#website\",\"url\":\"https:\\\/\\\/repliquemangacine.fr\\\/\",\"name\":\"R\u00e9plique Manga Cin\u00e9\",\"description\":\"\",\"publisher\":{\"@id\":\"https:\\\/\\\/repliquemangacine.fr\\\/#organization\"},\"potentialAction\":[{\"@type\":\"SearchAction\",\"target\":{\"@type\":\"EntryPoint\",\"urlTemplate\":\"https:\\\/\\\/repliquemangacine.fr\\\/?s={search_term_string}\"},\"query-input\":{\"@type\":\"PropertyValueSpecification\",\"valueRequired\":true,\"valueName\":\"search_term_string\"}}],\"inLanguage\":\"it-IT\"},{\"@type\":\"Organization\",\"@id\":\"https:\\\/\\\/repliquemangacine.fr\\\/#organization\",\"name\":\"R\u00e9plique Manga Cin\u00e9\",\"url\":\"https:\\\/\\\/repliquemangacine.fr\\\/\",\"logo\":{\"@type\":\"ImageObject\",\"inLanguage\":\"it-IT\",\"@id\":\"https:\\\/\\\/repliquemangacine.fr\\\/#\\\/schema\\\/logo\\\/image\\\/\",\"url\":\"https:\\\/\\\/repliquemangacine.fr\\\/wp-content\\\/uploads\\\/2023\\\/10\\\/RMC-500250.png\",\"contentUrl\":\"https:\\\/\\\/repliquemangacine.fr\\\/wp-content\\\/uploads\\\/2023\\\/10\\\/RMC-500250.png\",\"width\":500,\"height\":250,\"caption\":\"R\u00e9plique Manga Cin\u00e9\"},\"image\":{\"@id\":\"https:\\\/\\\/repliquemangacine.fr\\\/#\\\/schema\\\/logo\\\/image\\\/\"},\"sameAs\":[\"https:\\\/\\\/www.facebook.com\\\/RepliqueMangaCine\",\"https:\\\/\\\/www.instagram.com\\\/repliquemangacine.fr\\\/\"]}]}<\/script>\n<!-- \/ Yoast SEO plugin. -->","yoast_head_json":{"title":"Spada da guerra Azzinoth - Warglaive - Negozio online - RMC","description":"Ordina ora! Illidan's Warglaive of Azzinoth al miglior prezzo. Lama in acciaio - Scala 1\/1 - Lunghezza: 145 cm - Spedizione 24\/48h","robots":{"index":"index","follow":"follow","max-snippet":"max-snippet:-1","max-image-preview":"max-image-preview:large","max-video-preview":"max-video-preview:-1"},"canonical":"https:\/\/repliquemangacine.fr\/it\/spade-di-world-of-warcraft\/azzinoth-spada-da-guerra-illidan-spada-warglaive\/","og_locale":"it_IT","og_type":"article","og_title":"Glaive de guerre d'Azzinoth - Warglaive - Boutique en ligne - RMC","og_description":"Commandez vite ! Ce Glaive de guerre d'Azzinoth warglaive d'Illidan au meilleur prix. Lame en acier - Echelle 1\/1 - Longueur : 145 cm - Envoi 24\/48h","og_url":"https:\/\/repliquemangacine.fr\/it\/spade-di-world-of-warcraft\/azzinoth-spada-da-guerra-illidan-spada-warglaive\/","og_site_name":"R\u00e9plique Manga Cin\u00e9","article_publisher":"https:\/\/www.facebook.com\/RepliqueMangaCine","article_modified_time":"2026-02-19T09:46:50+00:00","og_image":[{"width":800,"height":800,"url":"https:\/\/repliquemangacine.fr\/wp-content\/uploads\/2023\/10\/3347-Glaive-de-guerre-dAzzinoth-support.jpg","type":"image\/jpeg"}],"twitter_card":"summary_large_image","twitter_misc":{"Tempo di lettura stimato":"2 minuti"},"schema":{"@context":"https:\/\/schema.org","@graph":[{"@type":"WebPage","@id":"https:\/\/repliquemangacine.fr\/epees-world-of-warcraft\/glaive-de-guerre-d-azzinoth-epee-warglaive-d-illidan\/","url":"https:\/\/repliquemangacine.fr\/epees-world-of-warcraft\/glaive-de-guerre-d-azzinoth-epee-warglaive-d-illidan\/","name":"Spada da guerra Azzinoth - Warglaive - Negozio online - RMC","isPartOf":{"@id":"https:\/\/repliquemangacine.fr\/#website"},"primaryImageOfPage":{"@id":"https:\/\/repliquemangacine.fr\/epees-world-of-warcraft\/glaive-de-guerre-d-azzinoth-epee-warglaive-d-illidan\/#primaryimage"},"image":{"@id":"https:\/\/repliquemangacine.fr\/epees-world-of-warcraft\/glaive-de-guerre-d-azzinoth-epee-warglaive-d-illidan\/#primaryimage"},"thumbnailUrl":"https:\/\/repliquemangacine.fr\/wp-content\/uploads\/2023\/10\/3347-Glaive-de-guerre-dAzzinoth-support.jpg","datePublished":"2019-12-14T16:11:56+00:00","dateModified":"2026-02-19T09:46:50+00:00","description":"Ordina ora! Illidan's Warglaive of Azzinoth al miglior prezzo. Lama in acciaio - Scala 1\/1 - Lunghezza: 145 cm - Spedizione 24\/48h","breadcrumb":{"@id":"https:\/\/repliquemangacine.fr\/epees-world-of-warcraft\/glaive-de-guerre-d-azzinoth-epee-warglaive-d-illidan\/#breadcrumb"},"inLanguage":"it-IT","potentialAction":[{"@type":"ReadAction","target":["https:\/\/repliquemangacine.fr\/epees-world-of-warcraft\/glaive-de-guerre-d-azzinoth-epee-warglaive-d-illidan\/"]}]},{"@type":"ImageObject","inLanguage":"it-IT","@id":"https:\/\/repliquemangacine.fr\/epees-world-of-warcraft\/glaive-de-guerre-d-azzinoth-epee-warglaive-d-illidan\/#primaryimage","url":"https:\/\/repliquemangacine.fr\/wp-content\/uploads\/2023\/10\/3347-Glaive-de-guerre-dAzzinoth-support.jpg","contentUrl":"https:\/\/repliquemangacine.fr\/wp-content\/uploads\/2023\/10\/3347-Glaive-de-guerre-dAzzinoth-support.jpg","width":800,"height":800,"caption":"Glaive de guerre d'Azzinoth + support"},{"@type":"BreadcrumbList","@id":"https:\/\/repliquemangacine.fr\/epees-world-of-warcraft\/glaive-de-guerre-d-azzinoth-epee-warglaive-d-illidan\/#breadcrumb","itemListElement":[{"@type":"ListItem","position":1,"name":"Accueil","item":"https:\/\/repliquemangacine.fr\/"},{"@type":"ListItem","position":2,"name":"Produits","item":"https:\/\/repliquemangacine.fr\/boutique\/"},{"@type":"ListItem","position":3,"name":"Glaive de guerre d&#8217;Azzinoth"}]},{"@type":"WebSite","@id":"https:\/\/repliquemangacine.fr\/#website","url":"https:\/\/repliquemangacine.fr\/","name":"R\u00e9plique Manga Cin\u00e9","description":"","publisher":{"@id":"https:\/\/repliquemangacine.fr\/#organization"},"potentialAction":[{"@type":"SearchAction","target":{"@type":"EntryPoint","urlTemplate":"https:\/\/repliquemangacine.fr\/?s={search_term_string}"},"query-input":{"@type":"PropertyValueSpecification","valueRequired":true,"valueName":"search_term_string"}}],"inLanguage":"it-IT"},{"@type":"Organization","@id":"https:\/\/repliquemangacine.fr\/#organization","name":"R\u00e9plique Manga Cin\u00e9","url":"https:\/\/repliquemangacine.fr\/","logo":{"@type":"ImageObject","inLanguage":"it-IT","@id":"https:\/\/repliquemangacine.fr\/#\/schema\/logo\/image\/","url":"https:\/\/repliquemangacine.fr\/wp-content\/uploads\/2023\/10\/RMC-500250.png","contentUrl":"https:\/\/repliquemangacine.fr\/wp-content\/uploads\/2023\/10\/RMC-500250.png","width":500,"height":250,"caption":"R\u00e9plique Manga Cin\u00e9"},"image":{"@id":"https:\/\/repliquemangacine.fr\/#\/schema\/logo\/image\/"},"sameAs":["https:\/\/www.facebook.com\/RepliqueMangaCine","https:\/\/www.instagram.com\/repliquemangacine.fr\/"]}]}},"_links":{"self":[{"href":"https:\/\/repliquemangacine.fr\/it\/wp-json\/wp\/v2\/product\/28642","targetHints":{"allow":["GET"]}}],"collection":[{"href":"https:\/\/repliquemangacine.fr\/it\/wp-json\/wp\/v2\/product"}],"about":[{"href":"https:\/\/repliquemangacine.fr\/it\/wp-json\/wp\/v2\/types\/product"}],"wp:featuredmedia":[{"embeddable":true,"href":"https:\/\/repliquemangacine.fr\/it\/wp-json\/wp\/v2\/media\/28643"}],"wp:attachment":[{"href":"https:\/\/repliquemangacine.fr\/it\/wp-json\/wp\/v2\/media?parent=28642"}],"wp:term":[{"taxonomy":"product_brand","embeddable":true,"href":"https:\/\/repliquemangacine.fr\/it\/wp-json\/wp\/v2\/product_brand?post=28642"},{"taxonomy":"product_cat","embeddable":true,"href":"https:\/\/repliquemangacine.fr\/it\/wp-json\/wp\/v2\/product_cat?post=28642"},{"taxonomy":"product_tag","embeddable":true,"href":"https:\/\/repliquemangacine.fr\/it\/wp-json\/wp\/v2\/product_tag?post=28642"}],"curies":[{"name":"wp","href":"https:\/\/api.w.org\/{rel}","templated":true}]}}