





{"id":28617,"date":"2019-12-01T13:57:13","date_gmt":"2019-12-01T12:57:13","guid":{"rendered":"https:\/\/repliquemangacine.fr\/?post_type=product&#038;p=28617"},"modified":"2026-01-26T10:07:38","modified_gmt":"2026-01-26T09:07:38","slug":"mugen-samurai-champloo-katana","status":"publish","type":"product","link":"https:\/\/repliquemangacine.fr\/it\/katana-et-epee-de-manga-anime-autre-manga\/samourai-champloo-katana-de-mugen\/","title":{"rendered":"Samurai Champloo Spada di Mugen"},"content":{"rendered":"<h2>Katana di Mugen Samurai Champloo Sabre Typhoon Swell.<\/h2>\n<p>Per cominciare, il <strong>Mugen Samurai Champloo Katana<\/strong> si chiama Typhoon Swell. La sua spada \u00e8 realizzata in modo unico. Lo stile di combattimento e di spada altamente eterodosso di Mugen si basa sulla breakdance ed \u00e8 soprannominato \u201cchampuru kendo\u201d (Champloo Kendo in inglese).<\/p>\n<p>Mugen \u00e8 il protagonista maschile di Samurai Champloo, insieme a Jin. Mugen e Jin accompagnano Fuu nella ricerca del \u201dsamurai che profuma di girasoli\u201c. Vale la pena notare che Mugen funge da contrappunto a Jin in termini di personalit\u00e0 e disposizione d'animo. Il suo stile di combattimento \u00e8 caratterizzato da spericolatezza e irregolarit\u00e0.<\/p>\n<p>Inoltre, il <a href=\"https:\/\/champloo.fandom.com\/wiki\/Mugen\" target=\"_blank\" rel=\"noopener noreferrer\">Mugen<\/a> \u00e8 imprevedibile, il che rende pi\u00f9 difficile per gli avversari contrastare. Quando vede un avversario fare una mossa, cerca di incorporarla nel suo stile di combattimento.<\/p>\n<h2>La tua Mugen Samurai Champloo Katana al miglior prezzo.<\/h2>\n<p>Vi proponiamo tutte le battute dei vostri personaggi anime preferiti.<\/p>\n<p>Innanzitutto,<\/p>\n<ul>\n<li>L'<a href=\"https:\/\/repliquemangacine.fr\/it\/altri-manga\/spada-armatura-erza-fairy-tail\/\">armatura spada<\/a> la natura di Erza in Fairy Tail.<\/li>\n<li>Oltre al famoso <a href=\"https:\/\/repliquemangacine.fr\/it\/altri-manga\/xeno-trunks-dbz-dragon-ball-z-spada\/\">Spada Xeno di Trunks<\/a> in Dragon Ball Z.<\/li>\n<li>E molti altri da scoprire nel nostro negozio online!<\/li>\n<\/ul>\n<p>Ecco quindi alcune ottime idee regalo per gli appassionati di anime e manga.<\/p>\n<p>In conclusione, \u00e8 possibile utilizzare questo <strong>Mugen Samurai Champloo Katana<\/strong> per le vostre sfilate cosplay o serate a tema. Ma soprattutto, la spada Typhoon Swell \u00e8 anche un oggetto da collezione e un pezzo decorativo.<\/p>\n<p>R\u00e9plique Manga Cin\u00e9 \u00e8 un'azienda familiare francese.<\/p>\n<h2>Come si mantiene la lama della katana Manga?<\/h2>\n<p>Le katane da collezione e decorative sono realizzate e assemblate in modo semplificato. Poich\u00e9 il loro uso \u00e8 decorativo, non hanno le caratteristiche di sicurezza richieste da una spada giapponese destinata all'allenamento.<\/p>\n<p>Tuttavia, il vostro <strong>Mugen Samurai Champloo katana<\/strong> a una lama d'acciaio che deve essere curata per evitare che si danneggi nel tempo. Quando si espone la katana, gli amici saranno curiosi di vedere la lama e di toccarla. \u00c8 qui che bisogna fare attenzione, perch\u00e9 l'acidit\u00e0 delle dita \u00e8 molto dannosa per l'acciaio, indipendentemente dalla sua qualit\u00e0.<\/p>\n<p>Tuttavia, se ci\u00f2 dovesse accadere, niente panico: basta un panno inumidito con un po' d'olio per eliminare le impronte. In questo modo, la spada durer\u00e0 a lungo.<\/p>","protected":false},"excerpt":{"rendered":"<p>Spada Mugen, Typhoon Swell in Samurai Champloo.<\/p>\n<ul>\n<li>Lama leggermente ricurva in acciaio 440 con scanalatura.<\/li>\n<li>Elsa metallica a forma di tridente.<\/li>\n<li>Manico rivestito in filo di cotone.<\/li>\n<li>Pomello in acciaio con incisione.<\/li>\n<li>Fodero in legno con la S di Samurai.<\/li>\n<li>Tracolla in tessuto bicolore verde e beige.<\/li>\n<li>Lunghezza lama: 67 cm - Lunghezza totale: 104 cm<\/li>\n<\/ul>","protected":false},"featured_media":28618,"template":"","meta":[],"product_brand":[896],"product_cat":[65,23],"product_tag":[],"class_list":{"0":"post-28617","1":"product","2":"type-product","3":"status-publish","4":"has-post-thumbnail","6":"product_brand-replique-manga-cine","7":"product_cat-katana-et-epee-de-manga-anime-autre-manga","8":"product_cat-repliques-manga-jeux-video","10":"first","11":"instock","12":"taxable","13":"shipping-taxable","14":"purchasable","15":"product-type-simple"},"yoast_head":"<!-- This site is optimized with the Yoast SEO plugin v27.4 - https:\/\/yoast.com\/product\/yoast-seo-wordpress\/ -->\n<title>Katana de Mugen Samurai Champloo -Ep\u00e9e Typhoon Swell - RMC<\/title>\n<meta name=\"description\" content=\"Offrez-vous le katana Mugen Samurai Champloo, sabre Typhoon Swell au meilleur prix - Lame en acier - Echelle 1\/1 - Longueur : 104 cm - Envoi 24\/48h\" \/>\n<meta name=\"robots\" content=\"index, follow, max-snippet:-1, max-image-preview:large, max-video-preview:-1\" \/>\n<link rel=\"canonical\" href=\"https:\/\/repliquemangacine.fr\/it\/katana-e-manga-spada-anime-altri-manga\/mugen-samurai-champloo-katana\/\" \/>\n<meta property=\"og:locale\" content=\"it_IT\" \/>\n<meta property=\"og:type\" content=\"article\" \/>\n<meta property=\"og:title\" content=\"Katana de Mugen Samurai Champloo -Ep\u00e9e Typhoon Swell - RMC\" \/>\n<meta property=\"og:description\" content=\"Offrez-vous le katana Mugen Samurai Champloo, sabre Typhoon Swell au meilleur prix - Lame en acier - Echelle 1\/1 - Longueur : 104 cm - Envoi 24\/48h\" \/>\n<meta property=\"og:url\" content=\"https:\/\/repliquemangacine.fr\/it\/katana-e-manga-spada-anime-altri-manga\/mugen-samurai-champloo-katana\/\" \/>\n<meta property=\"og:site_name\" content=\"R\u00e9plique Manga Cin\u00e9\" \/>\n<meta property=\"article:publisher\" content=\"https:\/\/www.facebook.com\/RepliqueMangaCine\" \/>\n<meta property=\"article:modified_time\" content=\"2026-01-26T09:07:38+00:00\" \/>\n<meta property=\"og:image\" content=\"https:\/\/repliquemangacine.fr\/wp-content\/uploads\/2023\/10\/3329-Samourai-Champloo-Epee-de-Mugen.jpg\" \/>\n\t<meta property=\"og:image:width\" content=\"800\" \/>\n\t<meta property=\"og:image:height\" content=\"800\" \/>\n\t<meta property=\"og:image:type\" content=\"image\/jpeg\" \/>\n<meta name=\"twitter:card\" content=\"summary_large_image\" \/>\n<meta name=\"twitter:label1\" content=\"Tempo di lettura stimato\" \/>\n\t<meta name=\"twitter:data1\" content=\"1 minuto\" \/>\n<script type=\"application\/ld+json\" class=\"yoast-schema-graph\">{\"@context\":\"https:\\\/\\\/schema.org\",\"@graph\":[{\"@type\":\"WebPage\",\"@id\":\"https:\\\/\\\/repliquemangacine.fr\\\/katana-et-epee-de-manga-anime-autre-manga\\\/samourai-champloo-katana-de-mugen\\\/\",\"url\":\"https:\\\/\\\/repliquemangacine.fr\\\/katana-et-epee-de-manga-anime-autre-manga\\\/samourai-champloo-katana-de-mugen\\\/\",\"name\":\"Katana de Mugen Samurai Champloo -Ep\u00e9e Typhoon Swell - RMC\",\"isPartOf\":{\"@id\":\"https:\\\/\\\/repliquemangacine.fr\\\/#website\"},\"primaryImageOfPage\":{\"@id\":\"https:\\\/\\\/repliquemangacine.fr\\\/katana-et-epee-de-manga-anime-autre-manga\\\/samourai-champloo-katana-de-mugen\\\/#primaryimage\"},\"image\":{\"@id\":\"https:\\\/\\\/repliquemangacine.fr\\\/katana-et-epee-de-manga-anime-autre-manga\\\/samourai-champloo-katana-de-mugen\\\/#primaryimage\"},\"thumbnailUrl\":\"https:\\\/\\\/repliquemangacine.fr\\\/wp-content\\\/uploads\\\/2023\\\/10\\\/3329-Samourai-Champloo-Epee-de-Mugen.jpg\",\"datePublished\":\"2019-12-01T12:57:13+00:00\",\"dateModified\":\"2026-01-26T09:07:38+00:00\",\"description\":\"Offrez-vous le katana Mugen Samurai Champloo, sabre Typhoon Swell au meilleur prix - Lame en acier - Echelle 1\\\/1 - Longueur : 104 cm - Envoi 24\\\/48h\",\"breadcrumb\":{\"@id\":\"https:\\\/\\\/repliquemangacine.fr\\\/katana-et-epee-de-manga-anime-autre-manga\\\/samourai-champloo-katana-de-mugen\\\/#breadcrumb\"},\"inLanguage\":\"it-IT\",\"potentialAction\":[{\"@type\":\"ReadAction\",\"target\":[\"https:\\\/\\\/repliquemangacine.fr\\\/katana-et-epee-de-manga-anime-autre-manga\\\/samourai-champloo-katana-de-mugen\\\/\"]}]},{\"@type\":\"ImageObject\",\"inLanguage\":\"it-IT\",\"@id\":\"https:\\\/\\\/repliquemangacine.fr\\\/katana-et-epee-de-manga-anime-autre-manga\\\/samourai-champloo-katana-de-mugen\\\/#primaryimage\",\"url\":\"https:\\\/\\\/repliquemangacine.fr\\\/wp-content\\\/uploads\\\/2023\\\/10\\\/3329-Samourai-Champloo-Epee-de-Mugen.jpg\",\"contentUrl\":\"https:\\\/\\\/repliquemangacine.fr\\\/wp-content\\\/uploads\\\/2023\\\/10\\\/3329-Samourai-Champloo-Epee-de-Mugen.jpg\",\"width\":800,\"height\":800,\"caption\":\"Samoura\u00ef Champloo Ep\u00e9e de Mugen\"},{\"@type\":\"BreadcrumbList\",\"@id\":\"https:\\\/\\\/repliquemangacine.fr\\\/katana-et-epee-de-manga-anime-autre-manga\\\/samourai-champloo-katana-de-mugen\\\/#breadcrumb\",\"itemListElement\":[{\"@type\":\"ListItem\",\"position\":1,\"name\":\"Accueil\",\"item\":\"https:\\\/\\\/repliquemangacine.fr\\\/\"},{\"@type\":\"ListItem\",\"position\":2,\"name\":\"Produits\",\"item\":\"https:\\\/\\\/repliquemangacine.fr\\\/boutique\\\/\"},{\"@type\":\"ListItem\",\"position\":3,\"name\":\"Samoura\u00ef Champloo Ep\u00e9e de Mugen\"}]},{\"@type\":\"WebSite\",\"@id\":\"https:\\\/\\\/repliquemangacine.fr\\\/#website\",\"url\":\"https:\\\/\\\/repliquemangacine.fr\\\/\",\"name\":\"R\u00e9plique Manga Cin\u00e9\",\"description\":\"\",\"publisher\":{\"@id\":\"https:\\\/\\\/repliquemangacine.fr\\\/#organization\"},\"potentialAction\":[{\"@type\":\"SearchAction\",\"target\":{\"@type\":\"EntryPoint\",\"urlTemplate\":\"https:\\\/\\\/repliquemangacine.fr\\\/?s={search_term_string}\"},\"query-input\":{\"@type\":\"PropertyValueSpecification\",\"valueRequired\":true,\"valueName\":\"search_term_string\"}}],\"inLanguage\":\"it-IT\"},{\"@type\":\"Organization\",\"@id\":\"https:\\\/\\\/repliquemangacine.fr\\\/#organization\",\"name\":\"R\u00e9plique Manga Cin\u00e9\",\"url\":\"https:\\\/\\\/repliquemangacine.fr\\\/\",\"logo\":{\"@type\":\"ImageObject\",\"inLanguage\":\"it-IT\",\"@id\":\"https:\\\/\\\/repliquemangacine.fr\\\/#\\\/schema\\\/logo\\\/image\\\/\",\"url\":\"https:\\\/\\\/repliquemangacine.fr\\\/wp-content\\\/uploads\\\/2023\\\/10\\\/RMC-500250.png\",\"contentUrl\":\"https:\\\/\\\/repliquemangacine.fr\\\/wp-content\\\/uploads\\\/2023\\\/10\\\/RMC-500250.png\",\"width\":500,\"height\":250,\"caption\":\"R\u00e9plique Manga Cin\u00e9\"},\"image\":{\"@id\":\"https:\\\/\\\/repliquemangacine.fr\\\/#\\\/schema\\\/logo\\\/image\\\/\"},\"sameAs\":[\"https:\\\/\\\/www.facebook.com\\\/RepliqueMangaCine\",\"https:\\\/\\\/www.instagram.com\\\/repliquemangacine.fr\\\/\"]}]}<\/script>\n<!-- \/ Yoast SEO plugin. -->","yoast_head_json":{"title":"Mugen Samurai Champloo Katana - Typhoon Swell - RMC","description":"Regalati la katana Mugen Samurai Champloo, spada Typhoon Swell al miglior prezzo - Lama in acciaio - Scala 1\/1 - Lunghezza : 104 cm - Spedizione 24\/48h","robots":{"index":"index","follow":"follow","max-snippet":"max-snippet:-1","max-image-preview":"max-image-preview:large","max-video-preview":"max-video-preview:-1"},"canonical":"https:\/\/repliquemangacine.fr\/it\/katana-e-manga-spada-anime-altri-manga\/mugen-samurai-champloo-katana\/","og_locale":"it_IT","og_type":"article","og_title":"Katana de Mugen Samurai Champloo -Ep\u00e9e Typhoon Swell - RMC","og_description":"Offrez-vous le katana Mugen Samurai Champloo, sabre Typhoon Swell au meilleur prix - Lame en acier - Echelle 1\/1 - Longueur : 104 cm - Envoi 24\/48h","og_url":"https:\/\/repliquemangacine.fr\/it\/katana-e-manga-spada-anime-altri-manga\/mugen-samurai-champloo-katana\/","og_site_name":"R\u00e9plique Manga Cin\u00e9","article_publisher":"https:\/\/www.facebook.com\/RepliqueMangaCine","article_modified_time":"2026-01-26T09:07:38+00:00","og_image":[{"width":800,"height":800,"url":"https:\/\/repliquemangacine.fr\/wp-content\/uploads\/2023\/10\/3329-Samourai-Champloo-Epee-de-Mugen.jpg","type":"image\/jpeg"}],"twitter_card":"summary_large_image","twitter_misc":{"Tempo di lettura stimato":"1 minuto"},"schema":{"@context":"https:\/\/schema.org","@graph":[{"@type":"WebPage","@id":"https:\/\/repliquemangacine.fr\/katana-et-epee-de-manga-anime-autre-manga\/samourai-champloo-katana-de-mugen\/","url":"https:\/\/repliquemangacine.fr\/katana-et-epee-de-manga-anime-autre-manga\/samourai-champloo-katana-de-mugen\/","name":"Mugen Samurai Champloo Katana - Typhoon Swell - RMC","isPartOf":{"@id":"https:\/\/repliquemangacine.fr\/#website"},"primaryImageOfPage":{"@id":"https:\/\/repliquemangacine.fr\/katana-et-epee-de-manga-anime-autre-manga\/samourai-champloo-katana-de-mugen\/#primaryimage"},"image":{"@id":"https:\/\/repliquemangacine.fr\/katana-et-epee-de-manga-anime-autre-manga\/samourai-champloo-katana-de-mugen\/#primaryimage"},"thumbnailUrl":"https:\/\/repliquemangacine.fr\/wp-content\/uploads\/2023\/10\/3329-Samourai-Champloo-Epee-de-Mugen.jpg","datePublished":"2019-12-01T12:57:13+00:00","dateModified":"2026-01-26T09:07:38+00:00","description":"Regalati la katana Mugen Samurai Champloo, spada Typhoon Swell al miglior prezzo - Lama in acciaio - Scala 1\/1 - Lunghezza : 104 cm - Spedizione 24\/48h","breadcrumb":{"@id":"https:\/\/repliquemangacine.fr\/katana-et-epee-de-manga-anime-autre-manga\/samourai-champloo-katana-de-mugen\/#breadcrumb"},"inLanguage":"it-IT","potentialAction":[{"@type":"ReadAction","target":["https:\/\/repliquemangacine.fr\/katana-et-epee-de-manga-anime-autre-manga\/samourai-champloo-katana-de-mugen\/"]}]},{"@type":"ImageObject","inLanguage":"it-IT","@id":"https:\/\/repliquemangacine.fr\/katana-et-epee-de-manga-anime-autre-manga\/samourai-champloo-katana-de-mugen\/#primaryimage","url":"https:\/\/repliquemangacine.fr\/wp-content\/uploads\/2023\/10\/3329-Samourai-Champloo-Epee-de-Mugen.jpg","contentUrl":"https:\/\/repliquemangacine.fr\/wp-content\/uploads\/2023\/10\/3329-Samourai-Champloo-Epee-de-Mugen.jpg","width":800,"height":800,"caption":"Samoura\u00ef Champloo Ep\u00e9e de Mugen"},{"@type":"BreadcrumbList","@id":"https:\/\/repliquemangacine.fr\/katana-et-epee-de-manga-anime-autre-manga\/samourai-champloo-katana-de-mugen\/#breadcrumb","itemListElement":[{"@type":"ListItem","position":1,"name":"Accueil","item":"https:\/\/repliquemangacine.fr\/"},{"@type":"ListItem","position":2,"name":"Produits","item":"https:\/\/repliquemangacine.fr\/boutique\/"},{"@type":"ListItem","position":3,"name":"Samoura\u00ef Champloo Ep\u00e9e de Mugen"}]},{"@type":"WebSite","@id":"https:\/\/repliquemangacine.fr\/#website","url":"https:\/\/repliquemangacine.fr\/","name":"R\u00e9plique Manga Cin\u00e9","description":"","publisher":{"@id":"https:\/\/repliquemangacine.fr\/#organization"},"potentialAction":[{"@type":"SearchAction","target":{"@type":"EntryPoint","urlTemplate":"https:\/\/repliquemangacine.fr\/?s={search_term_string}"},"query-input":{"@type":"PropertyValueSpecification","valueRequired":true,"valueName":"search_term_string"}}],"inLanguage":"it-IT"},{"@type":"Organization","@id":"https:\/\/repliquemangacine.fr\/#organization","name":"R\u00e9plique Manga Cin\u00e9","url":"https:\/\/repliquemangacine.fr\/","logo":{"@type":"ImageObject","inLanguage":"it-IT","@id":"https:\/\/repliquemangacine.fr\/#\/schema\/logo\/image\/","url":"https:\/\/repliquemangacine.fr\/wp-content\/uploads\/2023\/10\/RMC-500250.png","contentUrl":"https:\/\/repliquemangacine.fr\/wp-content\/uploads\/2023\/10\/RMC-500250.png","width":500,"height":250,"caption":"R\u00e9plique Manga Cin\u00e9"},"image":{"@id":"https:\/\/repliquemangacine.fr\/#\/schema\/logo\/image\/"},"sameAs":["https:\/\/www.facebook.com\/RepliqueMangaCine","https:\/\/www.instagram.com\/repliquemangacine.fr\/"]}]}},"_links":{"self":[{"href":"https:\/\/repliquemangacine.fr\/it\/wp-json\/wp\/v2\/product\/28617","targetHints":{"allow":["GET"]}}],"collection":[{"href":"https:\/\/repliquemangacine.fr\/it\/wp-json\/wp\/v2\/product"}],"about":[{"href":"https:\/\/repliquemangacine.fr\/it\/wp-json\/wp\/v2\/types\/product"}],"wp:featuredmedia":[{"embeddable":true,"href":"https:\/\/repliquemangacine.fr\/it\/wp-json\/wp\/v2\/media\/28618"}],"wp:attachment":[{"href":"https:\/\/repliquemangacine.fr\/it\/wp-json\/wp\/v2\/media?parent=28617"}],"wp:term":[{"taxonomy":"product_brand","embeddable":true,"href":"https:\/\/repliquemangacine.fr\/it\/wp-json\/wp\/v2\/product_brand?post=28617"},{"taxonomy":"product_cat","embeddable":true,"href":"https:\/\/repliquemangacine.fr\/it\/wp-json\/wp\/v2\/product_cat?post=28617"},{"taxonomy":"product_tag","embeddable":true,"href":"https:\/\/repliquemangacine.fr\/it\/wp-json\/wp\/v2\/product_tag?post=28617"}],"curies":[{"name":"wp","href":"https:\/\/api.w.org\/{rel}","templated":true}]}}