





{"id":28610,"date":"2019-11-29T19:23:58","date_gmt":"2019-11-29T18:23:58","guid":{"rendered":"https:\/\/repliquemangacine.fr\/?post_type=product&#038;p=28610"},"modified":"2026-04-03T18:42:35","modified_gmt":"2026-04-03T16:42:35","slug":"sam-jetstream-katana","status":"publish","type":"product","link":"https:\/\/repliquemangacine.fr\/it\/katana-et-epee-de-jeux-video-autre-jeux-video\/katana-de-sam-jetstream\/","title":{"rendered":"Metal Gear Rising Katana Muramasa di Samuel Rodriguez"},"content":{"rendered":"<h2>Spada di metallo Gear Rising - Katana di Sam Jetstream<\/h2>\n<p>La prima \u00e8 la Katana di Sam Jetstream in Metal Gear Rising. Il gioco <a href=\"https:\/\/metalgear.fandom.com\/wiki\/Metal_Gear_Rising:_Revengeance\" target=\"_blank\" rel=\"noopener noreferrer\">Metal Gear Rising<\/a> Revengeance \u00e8 uno spin-off di Metal Gear Solid ambientato 4 anni dopo Metal Gear Solid 4: Guns of Patriots. Questo episodio, a differenza del solito, \u00e8 un Beat them Up in terza persona in cui controlliamo Raiden. Dopo gli eventi di Metal Gear Solid 4, nel 2018, Raiden incontra il Primo Ministro degli Stati Uniti, ma mentre erano nella sua limousine, 2 cyborg li attaccano, Jetstream Sam e Sundower, che catturano il Primo Ministro. Raiden deve quindi andare a liberarlo, distruggendo nel frattempo diversi robot, tra cui un Metal Gear Ray. Ma in uno scontro con Sam, perde un occhio e un braccio, costringendolo a rinunciare. Samuel Rodriguez \u00e8 un ninja cyborg, noto anche come Jetstream Sam. Motivato dalla vendetta, perfeziona le sue abilit\u00e0 per diventare un esperto spadaccino.<\/p>\n<h2>La tua Sam Jetstream Katana al miglior prezzo.<\/h2>\n<p>Vi proponiamo tutte le battute dei vostri personaggi preferiti dei videogiochi. Prima di tutto,<\/p>\n<ul>\n<li>Trova la Katana Kageuchi di Amenoma nell'Impatto Genshin,<\/li>\n<li>Oltre all'impressionante <a href=\"https:\/\/repliquemangacine.fr\/it\/katana-e-spada-videogiochi-altri-videogiochi\/nuvola-ff7-spada-tritatutto\/\">spada di Nuvola<\/a> in Final Fantasy 7 Remake.<\/li>\n<li>C'\u00e8 anche il <a href=\"https:\/\/repliquemangacine.fr\/it\/katana-e-spada-videogiochi-altri-videogiochi\/katana-sakai-forge-fantasma-di-tsushima\/\">Katana forgiata Saka\u00ef<\/a> nel videogioco Ghost of Tsushima.<\/li>\n<li>E molto, molto altro ancora da scoprire nel nostro negozio online!<\/li>\n<\/ul>\n<p>Ecco perch\u00e9 sono ottime idee regalo per tutti gli appassionati di videogiochi. Infine, potete utilizzare questa spada di metallo di Gear Rising anche per le vostre sfilate di cosplay o per le vostre serate a tema. Ma soprattutto, questa spada \u00e8 anche un oggetto da collezione e una grande decorazione.<\/p>\n<h2>Come faccio a mantenere la lama della mia katana Murasama?<\/h2>\n<p>Katane da collezione e decorative, realizzate e assemblate in modo semplificato. Poich\u00e9 il loro uso \u00e8 decorativo, non hanno le caratteristiche di sicurezza richieste da una spada giapponese destinata all'allenamento. Tuttavia, la Metal Sword di Gear Rising ha una lama in acciaio che deve essere mantenuta per evitare che si danneggi nel tempo. Se avete intenzione di esporre la vostra katana, i vostri amici saranno curiosi di vedere la lama e di toccarla. \u00c8 qui che bisogna fare attenzione, perch\u00e9 l'acidit\u00e0 delle dita \u00e8 molto dannosa per l'acciaio, indipendentemente dalla sua qualit\u00e0. Se ci\u00f2 dovesse accadere, non fatevi prendere dal panico: usate un panno inumidito con un po' d'olio e cancellate le impronte digitali. In questo modo, la spada durer\u00e0 a lungo.<\/p>","protected":false},"excerpt":{"rendered":"<p>Superba riproduzione della katana di Samuel Rodrigues, noto anche come Jetstream Sam. La sua lama ad alta frequenza \u00e8 realizzata in acciaio inossidabile 440 con una finitura rossa verniciata a polvere. L'impugnatura e la guardia sono in acciaio con un look futuristico e una finitura superba, e il pulsante rosso d\u00e0 l'illusione di liberare la lama dal fodero. Il fodero \u00e8 realizzato in legno rosso opaco e contiene un meccanismo per fucile con caricatore e grilletto situato sotto l'impugnatura della spada, il tutto in abs stampato.<\/p>\n<p>Lunghezza lama: 69 cm - Lunghezza totale con fodero: 106 cm<\/p>\n<p><strong>Vendita vietata ai minori<\/strong><\/p>","protected":false},"featured_media":85564,"template":"","meta":[],"product_brand":[896],"product_cat":[23,67],"product_tag":[],"class_list":{"0":"post-28610","1":"product","2":"type-product","3":"status-publish","4":"has-post-thumbnail","6":"product_brand-replique-manga-cine","7":"product_cat-repliques-manga-jeux-video","8":"product_cat-katana-et-epee-de-jeux-video-autre-jeux-video","10":"first","11":"outofstock","12":"taxable","13":"shipping-taxable","14":"purchasable","15":"product-type-simple"},"yoast_head":"<!-- This site is optimized with the Yoast SEO plugin v27.4 - https:\/\/yoast.com\/product\/yoast-seo-wordpress\/ -->\n<title>Katana de Sam Jetstream - M\u00e9tal Gear Rising - RMC<\/title>\n<meta name=\"description\" content=\"Devenez cyborg en commandant cette splendide r\u00e9plique du Katana de Sam Jetstream dans M\u00e9tal Gear Rising. Lame rouge, fourreau pistolet\" \/>\n<meta name=\"robots\" content=\"index, follow, max-snippet:-1, max-image-preview:large, max-video-preview:-1\" \/>\n<link rel=\"canonical\" href=\"https:\/\/repliquemangacine.fr\/it\/katana-e-spada-videogiochi-altri-videogiochi\/sam-jetstream-katana\/\" \/>\n<meta property=\"og:locale\" content=\"it_IT\" \/>\n<meta property=\"og:type\" content=\"article\" \/>\n<meta property=\"og:title\" content=\"Katana de Sam Jetstream - M\u00e9tal Gear Rising - RMC\" \/>\n<meta property=\"og:description\" content=\"Devenez cyborg en commandant cette splendide r\u00e9plique du Katana de Sam Jetstream dans M\u00e9tal Gear Rising. Lame rouge, fourreau pistolet\" \/>\n<meta property=\"og:url\" content=\"https:\/\/repliquemangacine.fr\/it\/katana-e-spada-videogiochi-altri-videogiochi\/sam-jetstream-katana\/\" \/>\n<meta property=\"og:site_name\" content=\"R\u00e9plique Manga Cin\u00e9\" \/>\n<meta property=\"article:publisher\" content=\"https:\/\/www.facebook.com\/RepliqueMangaCine\" \/>\n<meta property=\"article:modified_time\" content=\"2026-04-03T16:42:35+00:00\" \/>\n<meta property=\"og:image\" content=\"https:\/\/repliquemangacine.fr\/wp-content\/uploads\/2019\/11\/Katana-de-Sam-Jetstream.jpg\" \/>\n\t<meta property=\"og:image:width\" content=\"800\" \/>\n\t<meta property=\"og:image:height\" content=\"800\" \/>\n\t<meta property=\"og:image:type\" content=\"image\/jpeg\" \/>\n<meta name=\"twitter:card\" content=\"summary_large_image\" \/>\n<meta name=\"twitter:label1\" content=\"Tempo di lettura stimato\" \/>\n\t<meta name=\"twitter:data1\" content=\"3 minuti\" \/>\n<script type=\"application\/ld+json\" class=\"yoast-schema-graph\">{\"@context\":\"https:\\\/\\\/schema.org\",\"@graph\":[{\"@type\":\"WebPage\",\"@id\":\"https:\\\/\\\/repliquemangacine.fr\\\/katana-et-epee-de-jeux-video-autre-jeux-video\\\/katana-de-sam-jetstream\\\/\",\"url\":\"https:\\\/\\\/repliquemangacine.fr\\\/katana-et-epee-de-jeux-video-autre-jeux-video\\\/katana-de-sam-jetstream\\\/\",\"name\":\"Katana de Sam Jetstream - M\u00e9tal Gear Rising - RMC\",\"isPartOf\":{\"@id\":\"https:\\\/\\\/repliquemangacine.fr\\\/#website\"},\"primaryImageOfPage\":{\"@id\":\"https:\\\/\\\/repliquemangacine.fr\\\/katana-et-epee-de-jeux-video-autre-jeux-video\\\/katana-de-sam-jetstream\\\/#primaryimage\"},\"image\":{\"@id\":\"https:\\\/\\\/repliquemangacine.fr\\\/katana-et-epee-de-jeux-video-autre-jeux-video\\\/katana-de-sam-jetstream\\\/#primaryimage\"},\"thumbnailUrl\":\"https:\\\/\\\/repliquemangacine.fr\\\/wp-content\\\/uploads\\\/2019\\\/11\\\/Katana-de-Sam-Jetstream.jpg\",\"datePublished\":\"2019-11-29T18:23:58+00:00\",\"dateModified\":\"2026-04-03T16:42:35+00:00\",\"description\":\"Devenez cyborg en commandant cette splendide r\u00e9plique du Katana de Sam Jetstream dans M\u00e9tal Gear Rising. Lame rouge, fourreau pistolet\",\"breadcrumb\":{\"@id\":\"https:\\\/\\\/repliquemangacine.fr\\\/katana-et-epee-de-jeux-video-autre-jeux-video\\\/katana-de-sam-jetstream\\\/#breadcrumb\"},\"inLanguage\":\"it-IT\",\"potentialAction\":[{\"@type\":\"ReadAction\",\"target\":[\"https:\\\/\\\/repliquemangacine.fr\\\/katana-et-epee-de-jeux-video-autre-jeux-video\\\/katana-de-sam-jetstream\\\/\"]}]},{\"@type\":\"ImageObject\",\"inLanguage\":\"it-IT\",\"@id\":\"https:\\\/\\\/repliquemangacine.fr\\\/katana-et-epee-de-jeux-video-autre-jeux-video\\\/katana-de-sam-jetstream\\\/#primaryimage\",\"url\":\"https:\\\/\\\/repliquemangacine.fr\\\/wp-content\\\/uploads\\\/2019\\\/11\\\/Katana-de-Sam-Jetstream.jpg\",\"contentUrl\":\"https:\\\/\\\/repliquemangacine.fr\\\/wp-content\\\/uploads\\\/2019\\\/11\\\/Katana-de-Sam-Jetstream.jpg\",\"width\":800,\"height\":800,\"caption\":\"Katana de Sam Jetstream Metal rising\"},{\"@type\":\"BreadcrumbList\",\"@id\":\"https:\\\/\\\/repliquemangacine.fr\\\/katana-et-epee-de-jeux-video-autre-jeux-video\\\/katana-de-sam-jetstream\\\/#breadcrumb\",\"itemListElement\":[{\"@type\":\"ListItem\",\"position\":1,\"name\":\"Accueil\",\"item\":\"https:\\\/\\\/repliquemangacine.fr\\\/\"},{\"@type\":\"ListItem\",\"position\":2,\"name\":\"Produits\",\"item\":\"https:\\\/\\\/repliquemangacine.fr\\\/boutique\\\/\"},{\"@type\":\"ListItem\",\"position\":3,\"name\":\"M\u00e9tal Gear Rising Katana Muramasa de Samuel Rodriguez\"}]},{\"@type\":\"WebSite\",\"@id\":\"https:\\\/\\\/repliquemangacine.fr\\\/#website\",\"url\":\"https:\\\/\\\/repliquemangacine.fr\\\/\",\"name\":\"R\u00e9plique Manga Cin\u00e9\",\"description\":\"\",\"publisher\":{\"@id\":\"https:\\\/\\\/repliquemangacine.fr\\\/#organization\"},\"potentialAction\":[{\"@type\":\"SearchAction\",\"target\":{\"@type\":\"EntryPoint\",\"urlTemplate\":\"https:\\\/\\\/repliquemangacine.fr\\\/?s={search_term_string}\"},\"query-input\":{\"@type\":\"PropertyValueSpecification\",\"valueRequired\":true,\"valueName\":\"search_term_string\"}}],\"inLanguage\":\"it-IT\"},{\"@type\":\"Organization\",\"@id\":\"https:\\\/\\\/repliquemangacine.fr\\\/#organization\",\"name\":\"R\u00e9plique Manga Cin\u00e9\",\"url\":\"https:\\\/\\\/repliquemangacine.fr\\\/\",\"logo\":{\"@type\":\"ImageObject\",\"inLanguage\":\"it-IT\",\"@id\":\"https:\\\/\\\/repliquemangacine.fr\\\/#\\\/schema\\\/logo\\\/image\\\/\",\"url\":\"https:\\\/\\\/repliquemangacine.fr\\\/wp-content\\\/uploads\\\/2023\\\/10\\\/RMC-500250.png\",\"contentUrl\":\"https:\\\/\\\/repliquemangacine.fr\\\/wp-content\\\/uploads\\\/2023\\\/10\\\/RMC-500250.png\",\"width\":500,\"height\":250,\"caption\":\"R\u00e9plique Manga Cin\u00e9\"},\"image\":{\"@id\":\"https:\\\/\\\/repliquemangacine.fr\\\/#\\\/schema\\\/logo\\\/image\\\/\"},\"sameAs\":[\"https:\\\/\\\/www.facebook.com\\\/RepliqueMangaCine\",\"https:\\\/\\\/www.instagram.com\\\/repliquemangacine.fr\\\/\"]}]}<\/script>\n<!-- \/ Yoast SEO plugin. -->","yoast_head_json":{"title":"Katana di Sam Jetstream - Metal Gear Rising - RMC","description":"Diventate un cyborg comandando questa splendida replica della Katana di Sam Jetstream in Metal Gear Rising. Lama rossa, fodero per pistola","robots":{"index":"index","follow":"follow","max-snippet":"max-snippet:-1","max-image-preview":"max-image-preview:large","max-video-preview":"max-video-preview:-1"},"canonical":"https:\/\/repliquemangacine.fr\/it\/katana-e-spada-videogiochi-altri-videogiochi\/sam-jetstream-katana\/","og_locale":"it_IT","og_type":"article","og_title":"Katana de Sam Jetstream - M\u00e9tal Gear Rising - RMC","og_description":"Devenez cyborg en commandant cette splendide r\u00e9plique du Katana de Sam Jetstream dans M\u00e9tal Gear Rising. Lame rouge, fourreau pistolet","og_url":"https:\/\/repliquemangacine.fr\/it\/katana-e-spada-videogiochi-altri-videogiochi\/sam-jetstream-katana\/","og_site_name":"R\u00e9plique Manga Cin\u00e9","article_publisher":"https:\/\/www.facebook.com\/RepliqueMangaCine","article_modified_time":"2026-04-03T16:42:35+00:00","og_image":[{"width":800,"height":800,"url":"https:\/\/repliquemangacine.fr\/wp-content\/uploads\/2019\/11\/Katana-de-Sam-Jetstream.jpg","type":"image\/jpeg"}],"twitter_card":"summary_large_image","twitter_misc":{"Tempo di lettura stimato":"3 minuti"},"schema":{"@context":"https:\/\/schema.org","@graph":[{"@type":"WebPage","@id":"https:\/\/repliquemangacine.fr\/katana-et-epee-de-jeux-video-autre-jeux-video\/katana-de-sam-jetstream\/","url":"https:\/\/repliquemangacine.fr\/katana-et-epee-de-jeux-video-autre-jeux-video\/katana-de-sam-jetstream\/","name":"Katana di Sam Jetstream - Metal Gear Rising - RMC","isPartOf":{"@id":"https:\/\/repliquemangacine.fr\/#website"},"primaryImageOfPage":{"@id":"https:\/\/repliquemangacine.fr\/katana-et-epee-de-jeux-video-autre-jeux-video\/katana-de-sam-jetstream\/#primaryimage"},"image":{"@id":"https:\/\/repliquemangacine.fr\/katana-et-epee-de-jeux-video-autre-jeux-video\/katana-de-sam-jetstream\/#primaryimage"},"thumbnailUrl":"https:\/\/repliquemangacine.fr\/wp-content\/uploads\/2019\/11\/Katana-de-Sam-Jetstream.jpg","datePublished":"2019-11-29T18:23:58+00:00","dateModified":"2026-04-03T16:42:35+00:00","description":"Diventate un cyborg comandando questa splendida replica della Katana di Sam Jetstream in Metal Gear Rising. Lama rossa, fodero per pistola","breadcrumb":{"@id":"https:\/\/repliquemangacine.fr\/katana-et-epee-de-jeux-video-autre-jeux-video\/katana-de-sam-jetstream\/#breadcrumb"},"inLanguage":"it-IT","potentialAction":[{"@type":"ReadAction","target":["https:\/\/repliquemangacine.fr\/katana-et-epee-de-jeux-video-autre-jeux-video\/katana-de-sam-jetstream\/"]}]},{"@type":"ImageObject","inLanguage":"it-IT","@id":"https:\/\/repliquemangacine.fr\/katana-et-epee-de-jeux-video-autre-jeux-video\/katana-de-sam-jetstream\/#primaryimage","url":"https:\/\/repliquemangacine.fr\/wp-content\/uploads\/2019\/11\/Katana-de-Sam-Jetstream.jpg","contentUrl":"https:\/\/repliquemangacine.fr\/wp-content\/uploads\/2019\/11\/Katana-de-Sam-Jetstream.jpg","width":800,"height":800,"caption":"Katana de Sam Jetstream Metal rising"},{"@type":"BreadcrumbList","@id":"https:\/\/repliquemangacine.fr\/katana-et-epee-de-jeux-video-autre-jeux-video\/katana-de-sam-jetstream\/#breadcrumb","itemListElement":[{"@type":"ListItem","position":1,"name":"Accueil","item":"https:\/\/repliquemangacine.fr\/"},{"@type":"ListItem","position":2,"name":"Produits","item":"https:\/\/repliquemangacine.fr\/boutique\/"},{"@type":"ListItem","position":3,"name":"M\u00e9tal Gear Rising Katana Muramasa de Samuel Rodriguez"}]},{"@type":"WebSite","@id":"https:\/\/repliquemangacine.fr\/#website","url":"https:\/\/repliquemangacine.fr\/","name":"R\u00e9plique Manga Cin\u00e9","description":"","publisher":{"@id":"https:\/\/repliquemangacine.fr\/#organization"},"potentialAction":[{"@type":"SearchAction","target":{"@type":"EntryPoint","urlTemplate":"https:\/\/repliquemangacine.fr\/?s={search_term_string}"},"query-input":{"@type":"PropertyValueSpecification","valueRequired":true,"valueName":"search_term_string"}}],"inLanguage":"it-IT"},{"@type":"Organization","@id":"https:\/\/repliquemangacine.fr\/#organization","name":"R\u00e9plique Manga Cin\u00e9","url":"https:\/\/repliquemangacine.fr\/","logo":{"@type":"ImageObject","inLanguage":"it-IT","@id":"https:\/\/repliquemangacine.fr\/#\/schema\/logo\/image\/","url":"https:\/\/repliquemangacine.fr\/wp-content\/uploads\/2023\/10\/RMC-500250.png","contentUrl":"https:\/\/repliquemangacine.fr\/wp-content\/uploads\/2023\/10\/RMC-500250.png","width":500,"height":250,"caption":"R\u00e9plique Manga Cin\u00e9"},"image":{"@id":"https:\/\/repliquemangacine.fr\/#\/schema\/logo\/image\/"},"sameAs":["https:\/\/www.facebook.com\/RepliqueMangaCine","https:\/\/www.instagram.com\/repliquemangacine.fr\/"]}]}},"_links":{"self":[{"href":"https:\/\/repliquemangacine.fr\/it\/wp-json\/wp\/v2\/product\/28610","targetHints":{"allow":["GET"]}}],"collection":[{"href":"https:\/\/repliquemangacine.fr\/it\/wp-json\/wp\/v2\/product"}],"about":[{"href":"https:\/\/repliquemangacine.fr\/it\/wp-json\/wp\/v2\/types\/product"}],"wp:featuredmedia":[{"embeddable":true,"href":"https:\/\/repliquemangacine.fr\/it\/wp-json\/wp\/v2\/media\/85564"}],"wp:attachment":[{"href":"https:\/\/repliquemangacine.fr\/it\/wp-json\/wp\/v2\/media?parent=28610"}],"wp:term":[{"taxonomy":"product_brand","embeddable":true,"href":"https:\/\/repliquemangacine.fr\/it\/wp-json\/wp\/v2\/product_brand?post=28610"},{"taxonomy":"product_cat","embeddable":true,"href":"https:\/\/repliquemangacine.fr\/it\/wp-json\/wp\/v2\/product_cat?post=28610"},{"taxonomy":"product_tag","embeddable":true,"href":"https:\/\/repliquemangacine.fr\/it\/wp-json\/wp\/v2\/product_tag?post=28610"}],"curies":[{"name":"wp","href":"https:\/\/api.w.org\/{rel}","templated":true}]}}