





{"id":28602,"date":"2019-11-29T18:53:13","date_gmt":"2019-11-29T17:53:13","guid":{"rendered":"https:\/\/repliquemangacine.fr\/?post_type=product&#038;p=28602"},"modified":"2025-10-11T17:32:48","modified_gmt":"2025-10-11T15:32:48","slug":"spada-jetstream-sam-metal-gear-rising-revenge","status":"publish","type":"product","link":"https:\/\/repliquemangacine.fr\/it\/katana-et-epee-de-jeux-video-autre-jeux-video\/epee-de-jetstream-sam-metal-gear-rising-revengeance\/","title":{"rendered":"Gear Rising: Revengeance Spada di metallo"},"content":{"rendered":"<h2>Spada di metallo Gear Rising - Katana Murasama<\/h2>\n<p>Per cominciare, il<strong>Gear Rising Metal Sword<\/strong> appartiene a Jetstream Sam. Il gioco <a href=\"https:\/\/metalgear.fandom.com\/fr\/wiki\/Metal_Gear_Rising_:_Revengeance\" target=\"_blank\" rel=\"noopener noreferrer\">Metal Gear Rising: La vendetta<\/a>\u00a0 uno spin-off di Metal Gear Solid ambientato 4 anni dopo Metal Gear Solid 4: Guns of Patriots. Questo episodio, a differenza del solito, \u00e8 un Beat them Up in terza persona in cui si controlla Raiden.<\/p>\n<p>Dopo gli eventi di Metal Gear Solid 4, nel 2018, Raiden incontra il Primo Ministro degli Stati Uniti, ma mentre si trovano nella sua limousine, 2 cyborg li attaccano, Jetstream Sam e Sundower, che catturano il Primo Ministro.<\/p>\n<p>Raiden deve quindi andare a liberarlo, distruggendo nel frattempo diversi robot, tra cui un Metal Gear Ray. Ma in uno scontro con Sam perde un occhio e un braccio, costringendolo ad arrendersi.<\/p>\n<p>Samuel Rodriguez \u00e8 un ninja cyborg, noto anche come Jetstream Sam. Motivato dalla vendetta, sta affinando le sue capacit\u00e0 per diventare un esperto spadaccino.<\/p>\n<h2>Il vostro Metal Gear Rising al miglior prezzo.<\/h2>\n<p>Vi proponiamo tutte le battute dei vostri personaggi preferiti dei videogiochi.<\/p>\n<p>Innanzitutto,<\/p>\n<ul>\n<li>Trova il <a href=\"https:\/\/repliquemangacine.fr\/it\/katana-e-spada-videogiochi-altri-videogiochi\/katana-kageuchi-damenoma\/\">Katana Kageuchi di Amenoma<\/a> in Genshin Impact,<\/li>\n<li>Oltre all'impressionante <a href=\"https:\/\/repliquemangacine.fr\/it\/katana-e-spada-videogiochi-altri-videogiochi\/nuvola-ff7-spada-tritatutto\/\">spada di Nuvola<\/a> in Final Fantasy 7 Remake.<\/li>\n<li>C'\u00e8 anche il <a href=\"https:\/\/repliquemangacine.fr\/it\/katana-e-spada-videogiochi-altri-videogiochi\/katana-sakai-fantasma-di-tsushima\/\">Katana Saka\u00ef<\/a> nel videogioco Ghost of Tsushima.<\/li>\n<li>E molto, molto altro ancora da scoprire nel nostro negozio online!<\/li>\n<\/ul>\n<p>Ecco perch\u00e9 abbiamo pensato ad alcune idee regalo per tutti gli appassionati di videogiochi.<\/p>\n<p>In conclusione, \u00e8 possibile utilizzare questo <strong>Gear Rising Metal Sword<\/strong> per le vostre sfilate cosplay o serate a tema. Ma soprattutto, questa spada \u00e8 anche un oggetto da collezione e un pezzo decorativo.<\/p>\n<h2>Come si mantiene la lama della katana Murasama di Sam?<\/h2>\n<p>Katane da collezione e decorative, realizzate e assemblate in modo semplificato. Poich\u00e9 il loro uso \u00e8 decorativo, non hanno le caratteristiche di sicurezza richieste da una sciabola giapponese destinata all'allenamento.<\/p>\n<p>Tuttavia, il vostro <strong>Gear Rising Metal Sword<\/strong> una lama in acciaio che deve essere curata per evitare che si rovini con il tempo. Infatti, esporrete la vostra katana e i vostri amici saranno curiosi di vedere la lama e di toccarla. \u00c8 qui che bisogna prestare attenzione, poich\u00e9 l'acidit\u00e0 delle dita \u00e8 molto dannosa per l'acciaio, indipendentemente dalla sua qualit\u00e0.<\/p>\n<p>Se ci\u00f2 dovesse accadere, non preoccupatevi, basta solo un panno inumidito con un po' d'olio per rimuovere le impronte digitali. In questo modo, la vostra spada durer\u00e0 a lungo.<\/p>\n<p>&nbsp;<\/p>","protected":false},"excerpt":{"rendered":"<p>Una superba riproduzione della katana di Samuel Rodrigues, noto anche come Jetstream Sam.<\/p>\n<ul>\n<li>Lama in acciaio inox 440 verniciata a polvere rossa.<\/li>\n<li>Impugnatura e guardia in acciaio con un look futuristico e una finitura superba.<\/li>\n<li>Pulsante rosso per l'illusione di liberare la lama dal fodero.<\/li>\n<li>Il fodero \u00e8 in legno nero opaco.<\/li>\n<li>Lunghezza lama: 69 cm - Lunghezza totale con fodero: 106 cm<\/li>\n<\/ul>\n<p><strong>\u00a0<\/strong><\/p>","protected":false},"featured_media":28603,"template":"","meta":[],"product_brand":[896],"product_cat":[23,67],"product_tag":[],"class_list":{"0":"post-28602","1":"product","2":"type-product","3":"status-publish","4":"has-post-thumbnail","6":"product_brand-replique-manga-cine","7":"product_cat-repliques-manga-jeux-video","8":"product_cat-katana-et-epee-de-jeux-video-autre-jeux-video","10":"first","11":"instock","12":"taxable","13":"shipping-taxable","14":"purchasable","15":"product-type-simple"},"yoast_head":"<!-- This site is optimized with the Yoast SEO plugin v27.5 - https:\/\/yoast.com\/product\/yoast-seo-wordpress\/ -->\n<title>Ep\u00e9e M\u00e9tal Gear Rising - Katana Murasama de Sam | RMC<\/title>\n<meta name=\"description\" content=\"Achetez vite ! Cette Ep\u00e9e M\u00e9tal Gear Rising de Sam. Lame acier haute fr\u00e9quence. Poign\u00e9e m\u00e9tal allure futuriste. Fourreau bois noir. Longueur : 106 cm\" \/>\n<meta name=\"robots\" content=\"index, follow, max-snippet:-1, max-image-preview:large, max-video-preview:-1\" \/>\n<link rel=\"canonical\" href=\"https:\/\/repliquemangacine.fr\/it\/katana-e-spada-videogiochi-altri-videogiochi\/spada-jetstream-sam-metal-gear-rising-revenge\/\" \/>\n<meta property=\"og:locale\" content=\"it_IT\" \/>\n<meta property=\"og:type\" content=\"article\" \/>\n<meta property=\"og:title\" content=\"Ep\u00e9e M\u00e9tal Gear Rising - Katana Murasama de Sam | RMC\" \/>\n<meta property=\"og:description\" content=\"Achetez vite ! Cette Ep\u00e9e M\u00e9tal Gear Rising de Sam. Lame acier haute fr\u00e9quence. Poign\u00e9e m\u00e9tal allure futuriste. Fourreau bois noir. Longueur : 106 cm\" \/>\n<meta property=\"og:url\" content=\"https:\/\/repliquemangacine.fr\/it\/katana-e-spada-videogiochi-altri-videogiochi\/spada-jetstream-sam-metal-gear-rising-revenge\/\" \/>\n<meta property=\"og:site_name\" content=\"R\u00e9plique Manga Cin\u00e9\" \/>\n<meta property=\"article:publisher\" content=\"https:\/\/www.facebook.com\/RepliqueMangaCine\" \/>\n<meta property=\"article:modified_time\" content=\"2025-10-11T15:32:48+00:00\" \/>\n<meta property=\"og:image\" content=\"https:\/\/repliquemangacine.fr\/wp-content\/uploads\/2023\/10\/3299-Epee-de-Jetstream-Sam-Metal-Gear-Rising-Revengeance.jpg\" \/>\n\t<meta property=\"og:image:width\" content=\"800\" \/>\n\t<meta property=\"og:image:height\" content=\"800\" \/>\n\t<meta property=\"og:image:type\" content=\"image\/jpeg\" \/>\n<meta name=\"twitter:card\" content=\"summary_large_image\" \/>\n<meta name=\"twitter:label1\" content=\"Tempo di lettura stimato\" \/>\n\t<meta name=\"twitter:data1\" content=\"1 minuto\" \/>\n<script type=\"application\/ld+json\" class=\"yoast-schema-graph\">{\"@context\":\"https:\\\/\\\/schema.org\",\"@graph\":[{\"@type\":\"WebPage\",\"@id\":\"https:\\\/\\\/repliquemangacine.fr\\\/katana-et-epee-de-jeux-video-autre-jeux-video\\\/epee-de-jetstream-sam-metal-gear-rising-revengeance\\\/\",\"url\":\"https:\\\/\\\/repliquemangacine.fr\\\/katana-et-epee-de-jeux-video-autre-jeux-video\\\/epee-de-jetstream-sam-metal-gear-rising-revengeance\\\/\",\"name\":\"Ep\u00e9e M\u00e9tal Gear Rising - Katana Murasama de Sam | RMC\",\"isPartOf\":{\"@id\":\"https:\\\/\\\/repliquemangacine.fr\\\/#website\"},\"primaryImageOfPage\":{\"@id\":\"https:\\\/\\\/repliquemangacine.fr\\\/katana-et-epee-de-jeux-video-autre-jeux-video\\\/epee-de-jetstream-sam-metal-gear-rising-revengeance\\\/#primaryimage\"},\"image\":{\"@id\":\"https:\\\/\\\/repliquemangacine.fr\\\/katana-et-epee-de-jeux-video-autre-jeux-video\\\/epee-de-jetstream-sam-metal-gear-rising-revengeance\\\/#primaryimage\"},\"thumbnailUrl\":\"https:\\\/\\\/repliquemangacine.fr\\\/wp-content\\\/uploads\\\/2023\\\/10\\\/3299-Epee-de-Jetstream-Sam-Metal-Gear-Rising-Revengeance.jpg\",\"datePublished\":\"2019-11-29T17:53:13+00:00\",\"dateModified\":\"2025-10-11T15:32:48+00:00\",\"description\":\"Achetez vite ! Cette Ep\u00e9e M\u00e9tal Gear Rising de Sam. Lame acier haute fr\u00e9quence. Poign\u00e9e m\u00e9tal allure futuriste. Fourreau bois noir. Longueur : 106 cm\",\"breadcrumb\":{\"@id\":\"https:\\\/\\\/repliquemangacine.fr\\\/katana-et-epee-de-jeux-video-autre-jeux-video\\\/epee-de-jetstream-sam-metal-gear-rising-revengeance\\\/#breadcrumb\"},\"inLanguage\":\"it-IT\",\"potentialAction\":[{\"@type\":\"ReadAction\",\"target\":[\"https:\\\/\\\/repliquemangacine.fr\\\/katana-et-epee-de-jeux-video-autre-jeux-video\\\/epee-de-jetstream-sam-metal-gear-rising-revengeance\\\/\"]}]},{\"@type\":\"ImageObject\",\"inLanguage\":\"it-IT\",\"@id\":\"https:\\\/\\\/repliquemangacine.fr\\\/katana-et-epee-de-jeux-video-autre-jeux-video\\\/epee-de-jetstream-sam-metal-gear-rising-revengeance\\\/#primaryimage\",\"url\":\"https:\\\/\\\/repliquemangacine.fr\\\/wp-content\\\/uploads\\\/2023\\\/10\\\/3299-Epee-de-Jetstream-Sam-Metal-Gear-Rising-Revengeance.jpg\",\"contentUrl\":\"https:\\\/\\\/repliquemangacine.fr\\\/wp-content\\\/uploads\\\/2023\\\/10\\\/3299-Epee-de-Jetstream-Sam-Metal-Gear-Rising-Revengeance.jpg\",\"width\":800,\"height\":800,\"caption\":\"Ep\u00e9e de Jetstream Sam - Metal Gear Rising\"},{\"@type\":\"BreadcrumbList\",\"@id\":\"https:\\\/\\\/repliquemangacine.fr\\\/katana-et-epee-de-jeux-video-autre-jeux-video\\\/epee-de-jetstream-sam-metal-gear-rising-revengeance\\\/#breadcrumb\",\"itemListElement\":[{\"@type\":\"ListItem\",\"position\":1,\"name\":\"Accueil\",\"item\":\"https:\\\/\\\/repliquemangacine.fr\\\/\"},{\"@type\":\"ListItem\",\"position\":2,\"name\":\"Produits\",\"item\":\"https:\\\/\\\/repliquemangacine.fr\\\/boutique\\\/\"},{\"@type\":\"ListItem\",\"position\":3,\"name\":\"Ep\u00e9e M\u00e9tal Gear Rising : Revengeance\"}]},{\"@type\":\"WebSite\",\"@id\":\"https:\\\/\\\/repliquemangacine.fr\\\/#website\",\"url\":\"https:\\\/\\\/repliquemangacine.fr\\\/\",\"name\":\"R\u00e9plique Manga Cin\u00e9\",\"description\":\"\",\"publisher\":{\"@id\":\"https:\\\/\\\/repliquemangacine.fr\\\/#organization\"},\"potentialAction\":[{\"@type\":\"SearchAction\",\"target\":{\"@type\":\"EntryPoint\",\"urlTemplate\":\"https:\\\/\\\/repliquemangacine.fr\\\/?s={search_term_string}\"},\"query-input\":{\"@type\":\"PropertyValueSpecification\",\"valueRequired\":true,\"valueName\":\"search_term_string\"}}],\"inLanguage\":\"it-IT\"},{\"@type\":\"Organization\",\"@id\":\"https:\\\/\\\/repliquemangacine.fr\\\/#organization\",\"name\":\"R\u00e9plique Manga Cin\u00e9\",\"url\":\"https:\\\/\\\/repliquemangacine.fr\\\/\",\"logo\":{\"@type\":\"ImageObject\",\"inLanguage\":\"it-IT\",\"@id\":\"https:\\\/\\\/repliquemangacine.fr\\\/#\\\/schema\\\/logo\\\/image\\\/\",\"url\":\"https:\\\/\\\/repliquemangacine.fr\\\/wp-content\\\/uploads\\\/2023\\\/10\\\/RMC-500250.png\",\"contentUrl\":\"https:\\\/\\\/repliquemangacine.fr\\\/wp-content\\\/uploads\\\/2023\\\/10\\\/RMC-500250.png\",\"width\":500,\"height\":250,\"caption\":\"R\u00e9plique Manga Cin\u00e9\"},\"image\":{\"@id\":\"https:\\\/\\\/repliquemangacine.fr\\\/#\\\/schema\\\/logo\\\/image\\\/\"},\"sameAs\":[\"https:\\\/\\\/www.facebook.com\\\/RepliqueMangaCine\",\"https:\\\/\\\/www.instagram.com\\\/repliquemangacine.fr\\\/\"]}]}<\/script>\n<!-- \/ Yoast SEO plugin. -->","yoast_head_json":{"title":"Spada di metallo Gear Rising - Katana Murasama di Sam | RMC","description":"Comprate ora! Questa spada di metallo Gear Rising di Sam. Lama in acciaio ad alta frequenza. Impugnatura futuristica in metallo. Fodero in legno nero. Lunghezza: 106 cm.","robots":{"index":"index","follow":"follow","max-snippet":"max-snippet:-1","max-image-preview":"max-image-preview:large","max-video-preview":"max-video-preview:-1"},"canonical":"https:\/\/repliquemangacine.fr\/it\/katana-e-spada-videogiochi-altri-videogiochi\/spada-jetstream-sam-metal-gear-rising-revenge\/","og_locale":"it_IT","og_type":"article","og_title":"Ep\u00e9e M\u00e9tal Gear Rising - Katana Murasama de Sam | RMC","og_description":"Achetez vite ! Cette Ep\u00e9e M\u00e9tal Gear Rising de Sam. Lame acier haute fr\u00e9quence. Poign\u00e9e m\u00e9tal allure futuriste. Fourreau bois noir. Longueur : 106 cm","og_url":"https:\/\/repliquemangacine.fr\/it\/katana-e-spada-videogiochi-altri-videogiochi\/spada-jetstream-sam-metal-gear-rising-revenge\/","og_site_name":"R\u00e9plique Manga Cin\u00e9","article_publisher":"https:\/\/www.facebook.com\/RepliqueMangaCine","article_modified_time":"2025-10-11T15:32:48+00:00","og_image":[{"width":800,"height":800,"url":"https:\/\/repliquemangacine.fr\/wp-content\/uploads\/2023\/10\/3299-Epee-de-Jetstream-Sam-Metal-Gear-Rising-Revengeance.jpg","type":"image\/jpeg"}],"twitter_card":"summary_large_image","twitter_misc":{"Tempo di lettura stimato":"1 minuto"},"schema":{"@context":"https:\/\/schema.org","@graph":[{"@type":"WebPage","@id":"https:\/\/repliquemangacine.fr\/katana-et-epee-de-jeux-video-autre-jeux-video\/epee-de-jetstream-sam-metal-gear-rising-revengeance\/","url":"https:\/\/repliquemangacine.fr\/katana-et-epee-de-jeux-video-autre-jeux-video\/epee-de-jetstream-sam-metal-gear-rising-revengeance\/","name":"Spada di metallo Gear Rising - Katana Murasama di Sam | RMC","isPartOf":{"@id":"https:\/\/repliquemangacine.fr\/#website"},"primaryImageOfPage":{"@id":"https:\/\/repliquemangacine.fr\/katana-et-epee-de-jeux-video-autre-jeux-video\/epee-de-jetstream-sam-metal-gear-rising-revengeance\/#primaryimage"},"image":{"@id":"https:\/\/repliquemangacine.fr\/katana-et-epee-de-jeux-video-autre-jeux-video\/epee-de-jetstream-sam-metal-gear-rising-revengeance\/#primaryimage"},"thumbnailUrl":"https:\/\/repliquemangacine.fr\/wp-content\/uploads\/2023\/10\/3299-Epee-de-Jetstream-Sam-Metal-Gear-Rising-Revengeance.jpg","datePublished":"2019-11-29T17:53:13+00:00","dateModified":"2025-10-11T15:32:48+00:00","description":"Comprate ora! Questa spada di metallo Gear Rising di Sam. Lama in acciaio ad alta frequenza. Impugnatura futuristica in metallo. Fodero in legno nero. Lunghezza: 106 cm.","breadcrumb":{"@id":"https:\/\/repliquemangacine.fr\/katana-et-epee-de-jeux-video-autre-jeux-video\/epee-de-jetstream-sam-metal-gear-rising-revengeance\/#breadcrumb"},"inLanguage":"it-IT","potentialAction":[{"@type":"ReadAction","target":["https:\/\/repliquemangacine.fr\/katana-et-epee-de-jeux-video-autre-jeux-video\/epee-de-jetstream-sam-metal-gear-rising-revengeance\/"]}]},{"@type":"ImageObject","inLanguage":"it-IT","@id":"https:\/\/repliquemangacine.fr\/katana-et-epee-de-jeux-video-autre-jeux-video\/epee-de-jetstream-sam-metal-gear-rising-revengeance\/#primaryimage","url":"https:\/\/repliquemangacine.fr\/wp-content\/uploads\/2023\/10\/3299-Epee-de-Jetstream-Sam-Metal-Gear-Rising-Revengeance.jpg","contentUrl":"https:\/\/repliquemangacine.fr\/wp-content\/uploads\/2023\/10\/3299-Epee-de-Jetstream-Sam-Metal-Gear-Rising-Revengeance.jpg","width":800,"height":800,"caption":"Ep\u00e9e de Jetstream Sam - Metal Gear Rising"},{"@type":"BreadcrumbList","@id":"https:\/\/repliquemangacine.fr\/katana-et-epee-de-jeux-video-autre-jeux-video\/epee-de-jetstream-sam-metal-gear-rising-revengeance\/#breadcrumb","itemListElement":[{"@type":"ListItem","position":1,"name":"Accueil","item":"https:\/\/repliquemangacine.fr\/"},{"@type":"ListItem","position":2,"name":"Produits","item":"https:\/\/repliquemangacine.fr\/boutique\/"},{"@type":"ListItem","position":3,"name":"Ep\u00e9e M\u00e9tal Gear Rising : Revengeance"}]},{"@type":"WebSite","@id":"https:\/\/repliquemangacine.fr\/#website","url":"https:\/\/repliquemangacine.fr\/","name":"R\u00e9plique Manga Cin\u00e9","description":"","publisher":{"@id":"https:\/\/repliquemangacine.fr\/#organization"},"potentialAction":[{"@type":"SearchAction","target":{"@type":"EntryPoint","urlTemplate":"https:\/\/repliquemangacine.fr\/?s={search_term_string}"},"query-input":{"@type":"PropertyValueSpecification","valueRequired":true,"valueName":"search_term_string"}}],"inLanguage":"it-IT"},{"@type":"Organization","@id":"https:\/\/repliquemangacine.fr\/#organization","name":"R\u00e9plique Manga Cin\u00e9","url":"https:\/\/repliquemangacine.fr\/","logo":{"@type":"ImageObject","inLanguage":"it-IT","@id":"https:\/\/repliquemangacine.fr\/#\/schema\/logo\/image\/","url":"https:\/\/repliquemangacine.fr\/wp-content\/uploads\/2023\/10\/RMC-500250.png","contentUrl":"https:\/\/repliquemangacine.fr\/wp-content\/uploads\/2023\/10\/RMC-500250.png","width":500,"height":250,"caption":"R\u00e9plique Manga Cin\u00e9"},"image":{"@id":"https:\/\/repliquemangacine.fr\/#\/schema\/logo\/image\/"},"sameAs":["https:\/\/www.facebook.com\/RepliqueMangaCine","https:\/\/www.instagram.com\/repliquemangacine.fr\/"]}]}},"_links":{"self":[{"href":"https:\/\/repliquemangacine.fr\/it\/wp-json\/wp\/v2\/product\/28602","targetHints":{"allow":["GET"]}}],"collection":[{"href":"https:\/\/repliquemangacine.fr\/it\/wp-json\/wp\/v2\/product"}],"about":[{"href":"https:\/\/repliquemangacine.fr\/it\/wp-json\/wp\/v2\/types\/product"}],"wp:featuredmedia":[{"embeddable":true,"href":"https:\/\/repliquemangacine.fr\/it\/wp-json\/wp\/v2\/media\/28603"}],"wp:attachment":[{"href":"https:\/\/repliquemangacine.fr\/it\/wp-json\/wp\/v2\/media?parent=28602"}],"wp:term":[{"taxonomy":"product_brand","embeddable":true,"href":"https:\/\/repliquemangacine.fr\/it\/wp-json\/wp\/v2\/product_brand?post=28602"},{"taxonomy":"product_cat","embeddable":true,"href":"https:\/\/repliquemangacine.fr\/it\/wp-json\/wp\/v2\/product_cat?post=28602"},{"taxonomy":"product_tag","embeddable":true,"href":"https:\/\/repliquemangacine.fr\/it\/wp-json\/wp\/v2\/product_tag?post=28602"}],"curies":[{"name":"wp","href":"https:\/\/api.w.org\/{rel}","templated":true}]}}