





{"id":28580,"date":"2019-11-17T13:45:39","date_gmt":"2019-11-17T12:45:39","guid":{"rendered":"https:\/\/repliquemangacine.fr\/?post_type=product&#038;p=28580"},"modified":"2026-03-02T23:38:39","modified_gmt":"2026-03-02T22:38:39","slug":"spada-cerimoniale-napoleonica","status":"publish","type":"product","link":"https:\/\/repliquemangacine.fr\/it\/armes-historiques\/epee-de-ceremonie-napoleonienne\/","title":{"rendered":"Spada da cerimonia napoleonica"},"content":{"rendered":"<h2>Spada da cerimonia napoleonica con decorazione.<\/h2>\n<p>Per cominciare, il<strong>Spada da cerimonia napoleonica<\/strong> \u00e8 un oggetto da collezione e una decorazione di Denix.<\/p>\n<p>Conquistatore di gran parte dell'Europa, condusse campagne belliche di grande successo, ma anche di sconfitte. Le sue aggressive guerre di conquista divennero le pi\u00f9 grandi operazioni militari conosciute fino ad allora in Europa, coinvolgendo un numero di soldati mai visto prima negli eserciti dell'epoca.<\/p>\n<p>L'aquila \u00e8 certamente il simbolo napoleonico pi\u00f9 conosciuto. Componente principale del nuovo stemma, l'uccello di Giove, emblema della Roma imperiale, \u00e8 stato associato alle vittorie militari fin dall'antichit\u00e0.<\/p>\n<p>Il giorno successivo all'incoronazione, il 2 dicembre 1804, Napoleone fece collocare il simbolo in cima al pennone di tutte le bandiere delle armate napoleoniche.<\/p>\n<h2>La vostra spada da cerimonia napoleonica al miglior prezzo.<\/h2>\n<p>Offriamo un'ampia gamma di riproduzioni di armi storiche.<\/p>\n<p>Innanzitutto,<\/p>\n<ul>\n<li>Le <a href=\"https:\/\/repliquemangacine.fr\/it\/pistola-antica\/pistola-napoleone-gribeauval-1806\/\">Pistola a pietra focaia Napoleone<\/a> con l'emblema N e la sua corona imperiale. Gribeauval 1806.<\/li>\n<li>Cos\u00ec come Le <a href=\"https:\/\/repliquemangacine.fr\/it\/armi-storiche\/sciabola-accendino-modello-anno-xi-fanteria-napoleonica\/\">Accendino a sciabola<\/a> Modello AN-XI della fanteria napoleonica.<\/li>\n<li>C'\u00e8 anche questo <a href=\"https:\/\/repliquemangacine.fr\/it\/replica-pistole-napoleoniche\/supporto-in-legno-napoleone\/\">stand<\/a> con stemma di Napoleone.<\/li>\n<li>E molti altri da scoprire nel nostro negozio online!<\/li>\n<\/ul>\n<p>Ecco perch\u00e9 abbiamo pensato ad alcune idee regalo per gli appassionati di storia.<\/p>\n<p>In conclusione, \u00e8 possibile utilizzare questo <strong>Spada da cerimonia napoleonica<\/strong> per le vostre collezioni storiche. Ma soprattutto, questa spada \u00e8 un oggetto da collezione e un pezzo decorativo.<\/p>\n<p>R\u00e9plique Manga Cin\u00e9 \u00e8 un'azienda familiare francese. Distributore ufficiale del marchio <a href=\"https:\/\/www.denix.fr\/fr\/accueil-fr\/\" target=\"_blank\" rel=\"noopener noreferrer\">Denix<\/a>.<\/p>\n<h2>Come si mantiene la lama della propria spada storica?<\/h2>\n<p>Le spade da collezione e decorative sono realizzate e assemblate in modo semplificato. Poich\u00e9 il loro uso \u00e8 decorativo, non hanno le caratteristiche di sicurezza richieste per una spada giapponese destinata all'allenamento.<\/p>\n<p>Tuttavia, il vostro <strong>Spada da cerimonia napoleonica<\/strong> a una lama d'acciaio che deve essere curata per evitare che si danneggi nel tempo. Quando si espone la katana, gli amici saranno curiosi di vedere la lama e di toccarla. \u00c8 qui che bisogna fare attenzione, perch\u00e9 l'acidit\u00e0 delle dita \u00e8 molto dannosa per l'acciaio, indipendentemente dalla sua qualit\u00e0.<\/p>\n<p>Tuttavia, se ci\u00f2 dovesse accadere, niente panico: basta un panno inumidito con un po' d'olio per eliminare le impronte. In questo modo, la spada durer\u00e0 a lungo.<\/p>","protected":false},"excerpt":{"rendered":"<p>Replica di una spada di epoca napoleonica.<\/p>\n<ul>\n<li>Lama in acciaio inossidabile.<\/li>\n<li>Elsa in acciaio con emblema dell'aquila imperiale.<\/li>\n<li>Manico in acciaio dorato finemente decorato.<\/li>\n<li>Pomello in acciaio invecchiato finemente decorato.<\/li>\n<li>Fodero in similpelle con decorazione.<\/li>\n<li>Lunghezza lama: 66 cm - Lunghezza totale: 86 cm<\/li>\n<\/ul>","protected":false},"featured_media":65809,"template":"","meta":[],"product_brand":[896],"product_cat":[25,37,74],"product_tag":[],"class_list":{"0":"post-28580","1":"product","2":"type-product","3":"status-publish","4":"has-post-thumbnail","6":"product_brand-replique-manga-cine","7":"product_cat-armes-historiques","8":"product_cat-premier-empire","9":"product_cat-sabres-1er-empire","11":"first","12":"instock","13":"taxable","14":"shipping-taxable","15":"purchasable","16":"product-type-simple"},"yoast_head":"<!-- This site is optimized with the Yoast SEO plugin v27.4 - https:\/\/yoast.com\/product\/yoast-seo-wordpress\/ -->\n<title>Ep\u00e9e de c\u00e9r\u00e9monie Napol\u00e9onienne - Vente Ep\u00e9e historique - RMC<\/title>\n<meta name=\"description\" content=\"D\u00e9couvrez cette Ep\u00e9e de c\u00e9r\u00e9monie Napol\u00e9onienne au meilleur prix - Lame en acier inoxydable - Poign\u00e9e et garde acier richement d\u00e9cor\u00e9 - Longueur : 102 cm\" \/>\n<meta name=\"robots\" content=\"index, follow, max-snippet:-1, max-image-preview:large, max-video-preview:-1\" \/>\n<link rel=\"canonical\" href=\"https:\/\/repliquemangacine.fr\/it\/armi-storiche\/spada-cerimoniale-napoleonica\/\" \/>\n<meta property=\"og:locale\" content=\"it_IT\" \/>\n<meta property=\"og:type\" content=\"article\" \/>\n<meta property=\"og:title\" content=\"Ep\u00e9e de c\u00e9r\u00e9monie Napol\u00e9onienne - Vente Ep\u00e9e historique - RMC\" \/>\n<meta property=\"og:description\" content=\"D\u00e9couvrez cette Ep\u00e9e de c\u00e9r\u00e9monie Napol\u00e9onienne au meilleur prix - Lame en acier inoxydable - Poign\u00e9e et garde acier richement d\u00e9cor\u00e9 - Longueur : 102 cm\" \/>\n<meta property=\"og:url\" content=\"https:\/\/repliquemangacine.fr\/it\/armi-storiche\/spada-cerimoniale-napoleonica\/\" \/>\n<meta property=\"og:site_name\" content=\"R\u00e9plique Manga Cin\u00e9\" \/>\n<meta property=\"article:publisher\" content=\"https:\/\/www.facebook.com\/RepliqueMangaCine\" \/>\n<meta property=\"article:modified_time\" content=\"2026-03-02T22:38:39+00:00\" \/>\n<meta property=\"og:image\" content=\"https:\/\/repliquemangacine.fr\/wp-content\/uploads\/2019\/11\/Epee-de-ceremonie-napoleon.jpg\" \/>\n\t<meta property=\"og:image:width\" content=\"500\" \/>\n\t<meta property=\"og:image:height\" content=\"500\" \/>\n\t<meta property=\"og:image:type\" content=\"image\/jpeg\" \/>\n<meta name=\"twitter:card\" content=\"summary_large_image\" \/>\n<meta name=\"twitter:label1\" content=\"Tempo di lettura stimato\" \/>\n\t<meta name=\"twitter:data1\" content=\"2 minuti\" \/>\n<script type=\"application\/ld+json\" class=\"yoast-schema-graph\">{\"@context\":\"https:\\\/\\\/schema.org\",\"@graph\":[{\"@type\":\"WebPage\",\"@id\":\"https:\\\/\\\/repliquemangacine.fr\\\/armes-historiques\\\/epee-de-ceremonie-napoleonienne\\\/\",\"url\":\"https:\\\/\\\/repliquemangacine.fr\\\/armes-historiques\\\/epee-de-ceremonie-napoleonienne\\\/\",\"name\":\"Ep\u00e9e de c\u00e9r\u00e9monie Napol\u00e9onienne - Vente Ep\u00e9e historique - RMC\",\"isPartOf\":{\"@id\":\"https:\\\/\\\/repliquemangacine.fr\\\/#website\"},\"primaryImageOfPage\":{\"@id\":\"https:\\\/\\\/repliquemangacine.fr\\\/armes-historiques\\\/epee-de-ceremonie-napoleonienne\\\/#primaryimage\"},\"image\":{\"@id\":\"https:\\\/\\\/repliquemangacine.fr\\\/armes-historiques\\\/epee-de-ceremonie-napoleonienne\\\/#primaryimage\"},\"thumbnailUrl\":\"https:\\\/\\\/repliquemangacine.fr\\\/wp-content\\\/uploads\\\/2019\\\/11\\\/Epee-de-ceremonie-napoleon.jpg\",\"datePublished\":\"2019-11-17T12:45:39+00:00\",\"dateModified\":\"2026-03-02T22:38:39+00:00\",\"description\":\"D\u00e9couvrez cette Ep\u00e9e de c\u00e9r\u00e9monie Napol\u00e9onienne au meilleur prix - Lame en acier inoxydable - Poign\u00e9e et garde acier richement d\u00e9cor\u00e9 - Longueur : 102 cm\",\"breadcrumb\":{\"@id\":\"https:\\\/\\\/repliquemangacine.fr\\\/armes-historiques\\\/epee-de-ceremonie-napoleonienne\\\/#breadcrumb\"},\"inLanguage\":\"it-IT\",\"potentialAction\":[{\"@type\":\"ReadAction\",\"target\":[\"https:\\\/\\\/repliquemangacine.fr\\\/armes-historiques\\\/epee-de-ceremonie-napoleonienne\\\/\"]}]},{\"@type\":\"ImageObject\",\"inLanguage\":\"it-IT\",\"@id\":\"https:\\\/\\\/repliquemangacine.fr\\\/armes-historiques\\\/epee-de-ceremonie-napoleonienne\\\/#primaryimage\",\"url\":\"https:\\\/\\\/repliquemangacine.fr\\\/wp-content\\\/uploads\\\/2019\\\/11\\\/Epee-de-ceremonie-napoleon.jpg\",\"contentUrl\":\"https:\\\/\\\/repliquemangacine.fr\\\/wp-content\\\/uploads\\\/2019\\\/11\\\/Epee-de-ceremonie-napoleon.jpg\",\"width\":500,\"height\":500,\"caption\":\"Ep\u00e9e de c\u00e9r\u00e9monie Napol\u00e9onienne\"},{\"@type\":\"BreadcrumbList\",\"@id\":\"https:\\\/\\\/repliquemangacine.fr\\\/armes-historiques\\\/epee-de-ceremonie-napoleonienne\\\/#breadcrumb\",\"itemListElement\":[{\"@type\":\"ListItem\",\"position\":1,\"name\":\"Accueil\",\"item\":\"https:\\\/\\\/repliquemangacine.fr\\\/\"},{\"@type\":\"ListItem\",\"position\":2,\"name\":\"Produits\",\"item\":\"https:\\\/\\\/repliquemangacine.fr\\\/boutique\\\/\"},{\"@type\":\"ListItem\",\"position\":3,\"name\":\"Ep\u00e9e de c\u00e9r\u00e9monie Napol\u00e9onienne\"}]},{\"@type\":\"WebSite\",\"@id\":\"https:\\\/\\\/repliquemangacine.fr\\\/#website\",\"url\":\"https:\\\/\\\/repliquemangacine.fr\\\/\",\"name\":\"R\u00e9plique Manga Cin\u00e9\",\"description\":\"\",\"publisher\":{\"@id\":\"https:\\\/\\\/repliquemangacine.fr\\\/#organization\"},\"potentialAction\":[{\"@type\":\"SearchAction\",\"target\":{\"@type\":\"EntryPoint\",\"urlTemplate\":\"https:\\\/\\\/repliquemangacine.fr\\\/?s={search_term_string}\"},\"query-input\":{\"@type\":\"PropertyValueSpecification\",\"valueRequired\":true,\"valueName\":\"search_term_string\"}}],\"inLanguage\":\"it-IT\"},{\"@type\":\"Organization\",\"@id\":\"https:\\\/\\\/repliquemangacine.fr\\\/#organization\",\"name\":\"R\u00e9plique Manga Cin\u00e9\",\"url\":\"https:\\\/\\\/repliquemangacine.fr\\\/\",\"logo\":{\"@type\":\"ImageObject\",\"inLanguage\":\"it-IT\",\"@id\":\"https:\\\/\\\/repliquemangacine.fr\\\/#\\\/schema\\\/logo\\\/image\\\/\",\"url\":\"https:\\\/\\\/repliquemangacine.fr\\\/wp-content\\\/uploads\\\/2023\\\/10\\\/RMC-500250.png\",\"contentUrl\":\"https:\\\/\\\/repliquemangacine.fr\\\/wp-content\\\/uploads\\\/2023\\\/10\\\/RMC-500250.png\",\"width\":500,\"height\":250,\"caption\":\"R\u00e9plique Manga Cin\u00e9\"},\"image\":{\"@id\":\"https:\\\/\\\/repliquemangacine.fr\\\/#\\\/schema\\\/logo\\\/image\\\/\"},\"sameAs\":[\"https:\\\/\\\/www.facebook.com\\\/RepliqueMangaCine\",\"https:\\\/\\\/www.instagram.com\\\/repliquemangacine.fr\\\/\"]}]}<\/script>\n<!-- \/ Yoast SEO plugin. -->","yoast_head_json":{"title":"Spada napoleonica da cerimonia - Spade storiche in vendita - RMC","description":"Scopri questa spada napoleonica da cerimonia al miglior prezzo - Lama in acciaio inossidabile - Impugnatura e guardia in acciaio riccamente decorate - Lunghezza: 102 cm","robots":{"index":"index","follow":"follow","max-snippet":"max-snippet:-1","max-image-preview":"max-image-preview:large","max-video-preview":"max-video-preview:-1"},"canonical":"https:\/\/repliquemangacine.fr\/it\/armi-storiche\/spada-cerimoniale-napoleonica\/","og_locale":"it_IT","og_type":"article","og_title":"Ep\u00e9e de c\u00e9r\u00e9monie Napol\u00e9onienne - Vente Ep\u00e9e historique - RMC","og_description":"D\u00e9couvrez cette Ep\u00e9e de c\u00e9r\u00e9monie Napol\u00e9onienne au meilleur prix - Lame en acier inoxydable - Poign\u00e9e et garde acier richement d\u00e9cor\u00e9 - Longueur : 102 cm","og_url":"https:\/\/repliquemangacine.fr\/it\/armi-storiche\/spada-cerimoniale-napoleonica\/","og_site_name":"R\u00e9plique Manga Cin\u00e9","article_publisher":"https:\/\/www.facebook.com\/RepliqueMangaCine","article_modified_time":"2026-03-02T22:38:39+00:00","og_image":[{"width":500,"height":500,"url":"https:\/\/repliquemangacine.fr\/wp-content\/uploads\/2019\/11\/Epee-de-ceremonie-napoleon.jpg","type":"image\/jpeg"}],"twitter_card":"summary_large_image","twitter_misc":{"Tempo di lettura stimato":"2 minuti"},"schema":{"@context":"https:\/\/schema.org","@graph":[{"@type":"WebPage","@id":"https:\/\/repliquemangacine.fr\/armes-historiques\/epee-de-ceremonie-napoleonienne\/","url":"https:\/\/repliquemangacine.fr\/armes-historiques\/epee-de-ceremonie-napoleonienne\/","name":"Spada napoleonica da cerimonia - Spade storiche in vendita - RMC","isPartOf":{"@id":"https:\/\/repliquemangacine.fr\/#website"},"primaryImageOfPage":{"@id":"https:\/\/repliquemangacine.fr\/armes-historiques\/epee-de-ceremonie-napoleonienne\/#primaryimage"},"image":{"@id":"https:\/\/repliquemangacine.fr\/armes-historiques\/epee-de-ceremonie-napoleonienne\/#primaryimage"},"thumbnailUrl":"https:\/\/repliquemangacine.fr\/wp-content\/uploads\/2019\/11\/Epee-de-ceremonie-napoleon.jpg","datePublished":"2019-11-17T12:45:39+00:00","dateModified":"2026-03-02T22:38:39+00:00","description":"Scopri questa spada napoleonica da cerimonia al miglior prezzo - Lama in acciaio inossidabile - Impugnatura e guardia in acciaio riccamente decorate - Lunghezza: 102 cm","breadcrumb":{"@id":"https:\/\/repliquemangacine.fr\/armes-historiques\/epee-de-ceremonie-napoleonienne\/#breadcrumb"},"inLanguage":"it-IT","potentialAction":[{"@type":"ReadAction","target":["https:\/\/repliquemangacine.fr\/armes-historiques\/epee-de-ceremonie-napoleonienne\/"]}]},{"@type":"ImageObject","inLanguage":"it-IT","@id":"https:\/\/repliquemangacine.fr\/armes-historiques\/epee-de-ceremonie-napoleonienne\/#primaryimage","url":"https:\/\/repliquemangacine.fr\/wp-content\/uploads\/2019\/11\/Epee-de-ceremonie-napoleon.jpg","contentUrl":"https:\/\/repliquemangacine.fr\/wp-content\/uploads\/2019\/11\/Epee-de-ceremonie-napoleon.jpg","width":500,"height":500,"caption":"Ep\u00e9e de c\u00e9r\u00e9monie Napol\u00e9onienne"},{"@type":"BreadcrumbList","@id":"https:\/\/repliquemangacine.fr\/armes-historiques\/epee-de-ceremonie-napoleonienne\/#breadcrumb","itemListElement":[{"@type":"ListItem","position":1,"name":"Accueil","item":"https:\/\/repliquemangacine.fr\/"},{"@type":"ListItem","position":2,"name":"Produits","item":"https:\/\/repliquemangacine.fr\/boutique\/"},{"@type":"ListItem","position":3,"name":"Ep\u00e9e de c\u00e9r\u00e9monie Napol\u00e9onienne"}]},{"@type":"WebSite","@id":"https:\/\/repliquemangacine.fr\/#website","url":"https:\/\/repliquemangacine.fr\/","name":"R\u00e9plique Manga Cin\u00e9","description":"","publisher":{"@id":"https:\/\/repliquemangacine.fr\/#organization"},"potentialAction":[{"@type":"SearchAction","target":{"@type":"EntryPoint","urlTemplate":"https:\/\/repliquemangacine.fr\/?s={search_term_string}"},"query-input":{"@type":"PropertyValueSpecification","valueRequired":true,"valueName":"search_term_string"}}],"inLanguage":"it-IT"},{"@type":"Organization","@id":"https:\/\/repliquemangacine.fr\/#organization","name":"R\u00e9plique Manga Cin\u00e9","url":"https:\/\/repliquemangacine.fr\/","logo":{"@type":"ImageObject","inLanguage":"it-IT","@id":"https:\/\/repliquemangacine.fr\/#\/schema\/logo\/image\/","url":"https:\/\/repliquemangacine.fr\/wp-content\/uploads\/2023\/10\/RMC-500250.png","contentUrl":"https:\/\/repliquemangacine.fr\/wp-content\/uploads\/2023\/10\/RMC-500250.png","width":500,"height":250,"caption":"R\u00e9plique Manga Cin\u00e9"},"image":{"@id":"https:\/\/repliquemangacine.fr\/#\/schema\/logo\/image\/"},"sameAs":["https:\/\/www.facebook.com\/RepliqueMangaCine","https:\/\/www.instagram.com\/repliquemangacine.fr\/"]}]}},"_links":{"self":[{"href":"https:\/\/repliquemangacine.fr\/it\/wp-json\/wp\/v2\/product\/28580","targetHints":{"allow":["GET"]}}],"collection":[{"href":"https:\/\/repliquemangacine.fr\/it\/wp-json\/wp\/v2\/product"}],"about":[{"href":"https:\/\/repliquemangacine.fr\/it\/wp-json\/wp\/v2\/types\/product"}],"wp:featuredmedia":[{"embeddable":true,"href":"https:\/\/repliquemangacine.fr\/it\/wp-json\/wp\/v2\/media\/65809"}],"wp:attachment":[{"href":"https:\/\/repliquemangacine.fr\/it\/wp-json\/wp\/v2\/media?parent=28580"}],"wp:term":[{"taxonomy":"product_brand","embeddable":true,"href":"https:\/\/repliquemangacine.fr\/it\/wp-json\/wp\/v2\/product_brand?post=28580"},{"taxonomy":"product_cat","embeddable":true,"href":"https:\/\/repliquemangacine.fr\/it\/wp-json\/wp\/v2\/product_cat?post=28580"},{"taxonomy":"product_tag","embeddable":true,"href":"https:\/\/repliquemangacine.fr\/it\/wp-json\/wp\/v2\/product_tag?post=28580"}],"curies":[{"name":"wp","href":"https:\/\/api.w.org\/{rel}","templated":true}]}}