





{"id":28562,"date":"2019-11-11T16:09:23","date_gmt":"2019-11-11T15:09:23","guid":{"rendered":"https:\/\/repliquemangacine.fr\/?post_type=product&#038;p=28562"},"modified":"2025-09-23T18:02:25","modified_gmt":"2025-09-23T16:02:25","slug":"spada-ronin-dei-vendicatori-occhio-di-falco","status":"publish","type":"product","link":"https:\/\/repliquemangacine.fr\/it\/super-heros-marvel\/epee-hawkeye-ronin-avengers\/","title":{"rendered":"Vendicatori Occhio di Falco Spada Ronin"},"content":{"rendered":"<h2>Spada Ronin di Occhio di Falco in Avengers 4<\/h2>\n<p>Per cominciare, il<strong>Spada Hawkeye Ronin<\/strong> \u00e8 una spada usata principalmente da Clint Barton per assassinare i criminali sopravvissuti alla crisi. Dopo il suo ritorno nei Vendicatori. Barton usa la spada per combattere l'esercito di Thanos durante la Battaglia della Terra.<\/p>\n<p>Clint Barton, noto anche come Occhio di Falco, \u00e8 un cecchino, ex agente speciale dello S.H.I.E.L.D. e uno dei membri fondatori dei Vendicatori. Recluta Vedova Nera, con la quale stringe una forte amicizia.<\/p>\n<p>Con la loro determinazione a fermare Loki, gli <a href=\"https:\/\/universcinematographiquemarvel.fandom.com\/fr\/wiki\/Avengers\" target=\"_blank\" rel=\"noopener noreferrer\">Vendicatori<\/a> hanno preso il controllo di un Quinjet dello S.H.I.E.L.D. Occhio di Falco trasporta Vedova Nera e Capitan America a New York proprio mentre si apre il portale del Tesseract.<\/p>\n<h2>La tua spada Hawkeye Ronin al miglior prezzo.<\/h2>\n<p>Offriamo una vasta gamma di repliche dell'universo Marvel.<\/p>\n<p>Innanzitutto,<\/p>\n<ul>\n<li>Il <a href=\"https:\/\/repliquemangacine.fr\/it\/supereroi\/bastoncini-viola-vedova-nera\/\">Bastoncini luminosi,<\/a> utilizzati dalla Vedova Nera, alias Natasha Romanoff, sono disponibili in due colori.<\/li>\n<li>Poi, il sublime <a href=\"https:\/\/repliquemangacine.fr\/it\/supereroi\/pugnale-di-loki\/\">Il pugnale di Loki<\/a>.<\/li>\n<li>Cos\u00ec come <a href=\"https:\/\/repliquemangacine.fr\/it\/supereroi\/spade-marvel-deadpool\/\">Spade di Deadpool<\/a> nell'universo Marvel.<\/li>\n<li>E molti altri da scoprire nel nostro negozio online!<\/li>\n<\/ul>\n<p>Ecco quindi alcune grandi idee regalo per tutti i fan della Marvel.<\/p>\n<p>In conclusione, \u00e8 possibile utilizzare l\u2019<strong>Spada Hawkeye Ronin<\/strong> in Avengers Endgame per le vostre sfilate Cosplay. Ma soprattutto, questa spada \u00e8 un oggetto da collezione e una decorazione.<\/p>\n<h2>Come faccio a mantenere la lama della mia spada Marvel?<\/h2>\n<p>Le spade da collezione e decorative sono realizzate e assemblate in modo semplificato. Poich\u00e9 il loro uso \u00e8 decorativo, non hanno le caratteristiche di sicurezza richieste per una spada giapponese destinata all'allenamento.<\/p>\n<p>Tuttavia, il vostro <strong>Spada Hawkeye Ronin<\/strong> a una lama d'acciaio che deve essere curata per evitare che si danneggi nel tempo. Quando si espone la katana, gli amici saranno curiosi di vedere la lama e di toccarla. \u00c8 qui che bisogna fare attenzione, perch\u00e9 l'acidit\u00e0 delle dita \u00e8 molto dannosa per l'acciaio, indipendentemente dalla sua qualit\u00e0.<\/p>\n<p>Tuttavia, se ci\u00f2 dovesse accadere, niente panico: basta un panno inumidito con un po' d'olio per eliminare le impronte. In questo modo, la spada durer\u00e0 a lungo.<\/p>","protected":false},"excerpt":{"rendered":"<p>Spada Ronin di Occhio di Falco in versione Avengers 4 XL.<\/p>\n<ul>\n<li>Lama in acciaio 440 non affilata.<\/li>\n<li>Struttura in metallo traforato.<\/li>\n<li>Protezione metallica rotonda.<\/li>\n<li>Manico rivestito in filo di cotone nero.<\/li>\n<li>Fodero in similpelle nera.<\/li>\n<li>Lunghezza lama: 64,5 cm - Lunghezza totale: 93,5 cm<\/li>\n<\/ul>","protected":false},"featured_media":28563,"template":"","meta":[],"product_brand":[896],"product_cat":[24,59],"product_tag":[],"class_list":{"0":"post-28562","1":"product","2":"type-product","3":"status-publish","4":"has-post-thumbnail","6":"product_brand-replique-manga-cine","7":"product_cat-films-series-tv-vente-de-katana-epee-et-produits-derives","8":"product_cat-super-heros-marvel","10":"first","11":"instock","12":"taxable","13":"shipping-taxable","14":"purchasable","15":"product-type-simple"},"yoast_head":"<!-- This site is optimized with the Yoast SEO plugin v27.4 - https:\/\/yoast.com\/product\/yoast-seo-wordpress\/ -->\n<title>Ep\u00e9e Hawkeye Ronin - Avengers 4 - R\u00e9plique Manga Cin\u00e9<\/title>\n<meta name=\"description\" content=\"Superbe Ep\u00e9e Hawkeye Ronin dans Avengers 4 en version XL. La lame large est en acier ajour\u00e9e. Livr\u00e9 avec son fourreau en simili cuir noir. A voir !\" \/>\n<meta name=\"robots\" content=\"index, follow, max-snippet:-1, max-image-preview:large, max-video-preview:-1\" \/>\n<link rel=\"canonical\" href=\"https:\/\/repliquemangacine.fr\/it\/supereroi-marvel\/spada-ronin-dei-vendicatori-occhio-di-falco\/\" \/>\n<meta property=\"og:locale\" content=\"it_IT\" \/>\n<meta property=\"og:type\" content=\"article\" \/>\n<meta property=\"og:title\" content=\"Ep\u00e9e Hawkeye Ronin - Avengers 4 - R\u00e9plique Manga Cin\u00e9\" \/>\n<meta property=\"og:description\" content=\"Superbe Ep\u00e9e Hawkeye Ronin dans Avengers 4 en version XL. La lame large est en acier ajour\u00e9e. Livr\u00e9 avec son fourreau en simili cuir noir. A voir !\" \/>\n<meta property=\"og:url\" content=\"https:\/\/repliquemangacine.fr\/it\/supereroi-marvel\/spada-ronin-dei-vendicatori-occhio-di-falco\/\" \/>\n<meta property=\"og:site_name\" content=\"R\u00e9plique Manga Cin\u00e9\" \/>\n<meta property=\"article:publisher\" content=\"https:\/\/www.facebook.com\/RepliqueMangaCine\" \/>\n<meta property=\"article:modified_time\" content=\"2025-09-23T16:02:25+00:00\" \/>\n<meta property=\"og:image\" content=\"https:\/\/repliquemangacine.fr\/wp-content\/uploads\/2023\/10\/Epee-Hawkeye-Ronin-avengers-4.jpg\" \/>\n\t<meta property=\"og:image:width\" content=\"500\" \/>\n\t<meta property=\"og:image:height\" content=\"500\" \/>\n\t<meta property=\"og:image:type\" content=\"image\/jpeg\" \/>\n<meta name=\"twitter:card\" content=\"summary_large_image\" \/>\n<meta name=\"twitter:label1\" content=\"Tempo di lettura stimato\" \/>\n\t<meta name=\"twitter:data1\" content=\"2 minuti\" \/>\n<script type=\"application\/ld+json\" class=\"yoast-schema-graph\">{\"@context\":\"https:\\\/\\\/schema.org\",\"@graph\":[{\"@type\":\"WebPage\",\"@id\":\"https:\\\/\\\/repliquemangacine.fr\\\/super-heros-marvel\\\/epee-hawkeye-ronin-avengers\\\/\",\"url\":\"https:\\\/\\\/repliquemangacine.fr\\\/super-heros-marvel\\\/epee-hawkeye-ronin-avengers\\\/\",\"name\":\"Ep\u00e9e Hawkeye Ronin - Avengers 4 - R\u00e9plique Manga Cin\u00e9\",\"isPartOf\":{\"@id\":\"https:\\\/\\\/repliquemangacine.fr\\\/#website\"},\"primaryImageOfPage\":{\"@id\":\"https:\\\/\\\/repliquemangacine.fr\\\/super-heros-marvel\\\/epee-hawkeye-ronin-avengers\\\/#primaryimage\"},\"image\":{\"@id\":\"https:\\\/\\\/repliquemangacine.fr\\\/super-heros-marvel\\\/epee-hawkeye-ronin-avengers\\\/#primaryimage\"},\"thumbnailUrl\":\"https:\\\/\\\/repliquemangacine.fr\\\/wp-content\\\/uploads\\\/2023\\\/10\\\/Epee-Hawkeye-Ronin-avengers-4.jpg\",\"datePublished\":\"2019-11-11T15:09:23+00:00\",\"dateModified\":\"2025-09-23T16:02:25+00:00\",\"description\":\"Superbe Ep\u00e9e Hawkeye Ronin dans Avengers 4 en version XL. La lame large est en acier ajour\u00e9e. Livr\u00e9 avec son fourreau en simili cuir noir. A voir !\",\"breadcrumb\":{\"@id\":\"https:\\\/\\\/repliquemangacine.fr\\\/super-heros-marvel\\\/epee-hawkeye-ronin-avengers\\\/#breadcrumb\"},\"inLanguage\":\"it-IT\",\"potentialAction\":[{\"@type\":\"ReadAction\",\"target\":[\"https:\\\/\\\/repliquemangacine.fr\\\/super-heros-marvel\\\/epee-hawkeye-ronin-avengers\\\/\"]}]},{\"@type\":\"ImageObject\",\"inLanguage\":\"it-IT\",\"@id\":\"https:\\\/\\\/repliquemangacine.fr\\\/super-heros-marvel\\\/epee-hawkeye-ronin-avengers\\\/#primaryimage\",\"url\":\"https:\\\/\\\/repliquemangacine.fr\\\/wp-content\\\/uploads\\\/2023\\\/10\\\/Epee-Hawkeye-Ronin-avengers-4.jpg\",\"contentUrl\":\"https:\\\/\\\/repliquemangacine.fr\\\/wp-content\\\/uploads\\\/2023\\\/10\\\/Epee-Hawkeye-Ronin-avengers-4.jpg\",\"width\":500,\"height\":500,\"caption\":\"Ep\u00e9e Hawkeye Ronin avengers 4\"},{\"@type\":\"BreadcrumbList\",\"@id\":\"https:\\\/\\\/repliquemangacine.fr\\\/super-heros-marvel\\\/epee-hawkeye-ronin-avengers\\\/#breadcrumb\",\"itemListElement\":[{\"@type\":\"ListItem\",\"position\":1,\"name\":\"Accueil\",\"item\":\"https:\\\/\\\/repliquemangacine.fr\\\/\"},{\"@type\":\"ListItem\",\"position\":2,\"name\":\"Produits\",\"item\":\"https:\\\/\\\/repliquemangacine.fr\\\/boutique\\\/\"},{\"@type\":\"ListItem\",\"position\":3,\"name\":\"Ep\u00e9e Hawkeye Ronin Avengers\"}]},{\"@type\":\"WebSite\",\"@id\":\"https:\\\/\\\/repliquemangacine.fr\\\/#website\",\"url\":\"https:\\\/\\\/repliquemangacine.fr\\\/\",\"name\":\"R\u00e9plique Manga Cin\u00e9\",\"description\":\"\",\"publisher\":{\"@id\":\"https:\\\/\\\/repliquemangacine.fr\\\/#organization\"},\"potentialAction\":[{\"@type\":\"SearchAction\",\"target\":{\"@type\":\"EntryPoint\",\"urlTemplate\":\"https:\\\/\\\/repliquemangacine.fr\\\/?s={search_term_string}\"},\"query-input\":{\"@type\":\"PropertyValueSpecification\",\"valueRequired\":true,\"valueName\":\"search_term_string\"}}],\"inLanguage\":\"it-IT\"},{\"@type\":\"Organization\",\"@id\":\"https:\\\/\\\/repliquemangacine.fr\\\/#organization\",\"name\":\"R\u00e9plique Manga Cin\u00e9\",\"url\":\"https:\\\/\\\/repliquemangacine.fr\\\/\",\"logo\":{\"@type\":\"ImageObject\",\"inLanguage\":\"it-IT\",\"@id\":\"https:\\\/\\\/repliquemangacine.fr\\\/#\\\/schema\\\/logo\\\/image\\\/\",\"url\":\"https:\\\/\\\/repliquemangacine.fr\\\/wp-content\\\/uploads\\\/2023\\\/10\\\/RMC-500250.png\",\"contentUrl\":\"https:\\\/\\\/repliquemangacine.fr\\\/wp-content\\\/uploads\\\/2023\\\/10\\\/RMC-500250.png\",\"width\":500,\"height\":250,\"caption\":\"R\u00e9plique Manga Cin\u00e9\"},\"image\":{\"@id\":\"https:\\\/\\\/repliquemangacine.fr\\\/#\\\/schema\\\/logo\\\/image\\\/\"},\"sameAs\":[\"https:\\\/\\\/www.facebook.com\\\/RepliqueMangaCine\",\"https:\\\/\\\/www.instagram.com\\\/repliquemangacine.fr\\\/\"]}]}<\/script>\n<!-- \/ Yoast SEO plugin. -->","yoast_head_json":{"title":"Spada Hawkeye Ronin - Avengers 4 - R\u00e9plique Manga Cin\u00e9","description":"Superba spada Ronin di Occhio di Falco in Avengers 4 in versione XL. La lama larga \u00e8 in acciaio traforato. Viene fornita con il fodero in finta pelle nera. Da vedere assolutamente!","robots":{"index":"index","follow":"follow","max-snippet":"max-snippet:-1","max-image-preview":"max-image-preview:large","max-video-preview":"max-video-preview:-1"},"canonical":"https:\/\/repliquemangacine.fr\/it\/supereroi-marvel\/spada-ronin-dei-vendicatori-occhio-di-falco\/","og_locale":"it_IT","og_type":"article","og_title":"Ep\u00e9e Hawkeye Ronin - Avengers 4 - R\u00e9plique Manga Cin\u00e9","og_description":"Superbe Ep\u00e9e Hawkeye Ronin dans Avengers 4 en version XL. La lame large est en acier ajour\u00e9e. Livr\u00e9 avec son fourreau en simili cuir noir. A voir !","og_url":"https:\/\/repliquemangacine.fr\/it\/supereroi-marvel\/spada-ronin-dei-vendicatori-occhio-di-falco\/","og_site_name":"R\u00e9plique Manga Cin\u00e9","article_publisher":"https:\/\/www.facebook.com\/RepliqueMangaCine","article_modified_time":"2025-09-23T16:02:25+00:00","og_image":[{"width":500,"height":500,"url":"https:\/\/repliquemangacine.fr\/wp-content\/uploads\/2023\/10\/Epee-Hawkeye-Ronin-avengers-4.jpg","type":"image\/jpeg"}],"twitter_card":"summary_large_image","twitter_misc":{"Tempo di lettura stimato":"2 minuti"},"schema":{"@context":"https:\/\/schema.org","@graph":[{"@type":"WebPage","@id":"https:\/\/repliquemangacine.fr\/super-heros-marvel\/epee-hawkeye-ronin-avengers\/","url":"https:\/\/repliquemangacine.fr\/super-heros-marvel\/epee-hawkeye-ronin-avengers\/","name":"Spada Hawkeye Ronin - Avengers 4 - R\u00e9plique Manga Cin\u00e9","isPartOf":{"@id":"https:\/\/repliquemangacine.fr\/#website"},"primaryImageOfPage":{"@id":"https:\/\/repliquemangacine.fr\/super-heros-marvel\/epee-hawkeye-ronin-avengers\/#primaryimage"},"image":{"@id":"https:\/\/repliquemangacine.fr\/super-heros-marvel\/epee-hawkeye-ronin-avengers\/#primaryimage"},"thumbnailUrl":"https:\/\/repliquemangacine.fr\/wp-content\/uploads\/2023\/10\/Epee-Hawkeye-Ronin-avengers-4.jpg","datePublished":"2019-11-11T15:09:23+00:00","dateModified":"2025-09-23T16:02:25+00:00","description":"Superba spada Ronin di Occhio di Falco in Avengers 4 in versione XL. La lama larga \u00e8 in acciaio traforato. Viene fornita con il fodero in finta pelle nera. Da vedere assolutamente!","breadcrumb":{"@id":"https:\/\/repliquemangacine.fr\/super-heros-marvel\/epee-hawkeye-ronin-avengers\/#breadcrumb"},"inLanguage":"it-IT","potentialAction":[{"@type":"ReadAction","target":["https:\/\/repliquemangacine.fr\/super-heros-marvel\/epee-hawkeye-ronin-avengers\/"]}]},{"@type":"ImageObject","inLanguage":"it-IT","@id":"https:\/\/repliquemangacine.fr\/super-heros-marvel\/epee-hawkeye-ronin-avengers\/#primaryimage","url":"https:\/\/repliquemangacine.fr\/wp-content\/uploads\/2023\/10\/Epee-Hawkeye-Ronin-avengers-4.jpg","contentUrl":"https:\/\/repliquemangacine.fr\/wp-content\/uploads\/2023\/10\/Epee-Hawkeye-Ronin-avengers-4.jpg","width":500,"height":500,"caption":"Ep\u00e9e Hawkeye Ronin avengers 4"},{"@type":"BreadcrumbList","@id":"https:\/\/repliquemangacine.fr\/super-heros-marvel\/epee-hawkeye-ronin-avengers\/#breadcrumb","itemListElement":[{"@type":"ListItem","position":1,"name":"Accueil","item":"https:\/\/repliquemangacine.fr\/"},{"@type":"ListItem","position":2,"name":"Produits","item":"https:\/\/repliquemangacine.fr\/boutique\/"},{"@type":"ListItem","position":3,"name":"Ep\u00e9e Hawkeye Ronin Avengers"}]},{"@type":"WebSite","@id":"https:\/\/repliquemangacine.fr\/#website","url":"https:\/\/repliquemangacine.fr\/","name":"R\u00e9plique Manga Cin\u00e9","description":"","publisher":{"@id":"https:\/\/repliquemangacine.fr\/#organization"},"potentialAction":[{"@type":"SearchAction","target":{"@type":"EntryPoint","urlTemplate":"https:\/\/repliquemangacine.fr\/?s={search_term_string}"},"query-input":{"@type":"PropertyValueSpecification","valueRequired":true,"valueName":"search_term_string"}}],"inLanguage":"it-IT"},{"@type":"Organization","@id":"https:\/\/repliquemangacine.fr\/#organization","name":"R\u00e9plique Manga Cin\u00e9","url":"https:\/\/repliquemangacine.fr\/","logo":{"@type":"ImageObject","inLanguage":"it-IT","@id":"https:\/\/repliquemangacine.fr\/#\/schema\/logo\/image\/","url":"https:\/\/repliquemangacine.fr\/wp-content\/uploads\/2023\/10\/RMC-500250.png","contentUrl":"https:\/\/repliquemangacine.fr\/wp-content\/uploads\/2023\/10\/RMC-500250.png","width":500,"height":250,"caption":"R\u00e9plique Manga Cin\u00e9"},"image":{"@id":"https:\/\/repliquemangacine.fr\/#\/schema\/logo\/image\/"},"sameAs":["https:\/\/www.facebook.com\/RepliqueMangaCine","https:\/\/www.instagram.com\/repliquemangacine.fr\/"]}]}},"_links":{"self":[{"href":"https:\/\/repliquemangacine.fr\/it\/wp-json\/wp\/v2\/product\/28562","targetHints":{"allow":["GET"]}}],"collection":[{"href":"https:\/\/repliquemangacine.fr\/it\/wp-json\/wp\/v2\/product"}],"about":[{"href":"https:\/\/repliquemangacine.fr\/it\/wp-json\/wp\/v2\/types\/product"}],"wp:featuredmedia":[{"embeddable":true,"href":"https:\/\/repliquemangacine.fr\/it\/wp-json\/wp\/v2\/media\/28563"}],"wp:attachment":[{"href":"https:\/\/repliquemangacine.fr\/it\/wp-json\/wp\/v2\/media?parent=28562"}],"wp:term":[{"taxonomy":"product_brand","embeddable":true,"href":"https:\/\/repliquemangacine.fr\/it\/wp-json\/wp\/v2\/product_brand?post=28562"},{"taxonomy":"product_cat","embeddable":true,"href":"https:\/\/repliquemangacine.fr\/it\/wp-json\/wp\/v2\/product_cat?post=28562"},{"taxonomy":"product_tag","embeddable":true,"href":"https:\/\/repliquemangacine.fr\/it\/wp-json\/wp\/v2\/product_tag?post=28562"}],"curies":[{"name":"wp","href":"https:\/\/api.w.org\/{rel}","templated":true}]}}