





{"id":28515,"date":"2019-11-06T12:18:16","date_gmt":"2019-11-06T11:18:16","guid":{"rendered":"https:\/\/repliquemangacine.fr\/?post_type=product&#038;p=28515"},"modified":"2026-03-07T09:57:20","modified_gmt":"2026-03-07T08:57:20","slug":"pugnale-romano-s-p-q-r","status":"publish","type":"product","link":"https:\/\/repliquemangacine.fr\/it\/dagues-medievales\/dague-poignard-romain-s-p-q-r\/","title":{"rendered":"Pugnale romano S.P.Q.R"},"content":{"rendered":"<h2>Replica del pugnale romano S.P.Q.R<\/h2>\n<p>Per cominciare, questo pugnale <strong>Pugnale romano S.P.Q.R<\/strong> \u00e8 assolutamente notevole per la sua finitura.<\/p>\n<p>S.P.Q.R Senatus populusque Romanusa \u00e8 un motto latino che significa \u201cIl Senato e il popolo romano\u201d. Abbreviato in SPQR, \u00e8 l'emblema della Repubblica Romana, poi, per tradizione, del Senato e del popolo romano.\u2019<a href=\"https:\/\/www.visitonsrome.com\/empire-romain\" target=\"_blank\" rel=\"noopener noreferrer\">Impero romano<\/a>.<\/p>\n<p>Queste quattro lettere rappresentavano il potere politico romano. Ancora oggi sono il simbolo della citt\u00e0 di Roma. Infatti, le lettere SPQR fanno ancora parte dello stemma della citt\u00e0 di Roma. Compaiono sugli edifici, sulle fognature, sugli idranti e sulle opere pubbliche della citt\u00e0.<\/p>\n<h2>Il vostro pugnale romano SPQR al miglior prezzo.<\/h2>\n<p>Offriamo un'ampia gamma di repliche del mondo antico.<\/p>\n<p>Innanzitutto,<\/p>\n<ul>\n<li>Tutti <a href=\"https:\/\/repliquemangacine.fr\/it\/spada-spade\/set-di-due-spade-romane\/\">due spade romane<\/a> ispirato al film Spartacus.<\/li>\n<li>Ma anche, Le <a href=\"https:\/\/repliquemangacine.fr\/it\/spada-spade\/mainz-gladio-spada-tiberina\/\">Gladio di Magonza<\/a> o spada di Tiberio, una famosa spada romana ritrovata nel Reno, vicino a Magonza, in Germania.<\/li>\n<li>E molti altri da scoprire nel nostro negozio online!<\/li>\n<\/ul>\n<p>Ecco perch\u00e9 questa \u00e8 un'ottima idea regalo per tutti gli appassionati del Gladiatore.<\/p>\n<p>In conclusione, \u00e8 possibile utilizzare questo pugnale anche <strong>Pugnale romano S.P.Q.R<\/strong> per le vostre rievocazioni storiche o per la decorazione di interni. Ma soprattutto \u00e8 un oggetto da collezione e decorativo.<\/p>\n<h2>Come faccio a mantenere la lama del mio pugnale?<\/h2>\n<p>I pugnali da collezione e decorativi sono realizzati e assemblati in modo semplificato. Essendo destinati a scopi decorativi, non dispongono degli elementi di sicurezza necessari per una spada giapponese destinata all'allenamento.<\/p>\n<p>Tuttavia, il vostro <strong>Pugnale romano S.P.Q.R<\/strong> a una lama d'acciaio che deve essere mantenuta per evitare che si danneggi nel tempo. Quando esponete il vostro pugnale, i vostri amici saranno curiosi di vedere la lama e di toccarla. \u00c8 qui che bisogna fare attenzione, perch\u00e9 l'acidit\u00e0 delle dita \u00e8 molto dannosa per l'acciaio, qualunque sia la sua qualit\u00e0.<\/p>\n<p>Tuttavia, se ci\u00f2 accade, non bisogna farsi prendere dal panico: basta usare un panno inumidito con un po' d'olio e cancellare le impronte digitali. In questo modo, il pugnale durer\u00e0 a lungo.<\/p>","protected":false},"excerpt":{"rendered":"<p>Sublime riproduzione di un pugnale romano.<\/p>\n<ul>\n<li>Lama in acciaio 440 serigrafata con il logo SPQR.<\/li>\n<li>Testa d'aquila imperiale, emblema di Cesare.<\/li>\n<li>L'elsa e l'impugnatura sono in metallo decorato.<\/li>\n<li>Fodero in acciaio finemente decorato.<\/li>\n<li>Lunghezza lama: 20 cm - Lunghezza totale: 34,5 cm - Peso: 595 gr.<\/li>\n<\/ul>","protected":false},"featured_media":28516,"template":"","meta":[],"product_brand":[896],"product_cat":[31,25,93,43],"product_tag":[],"class_list":{"0":"post-28515","1":"product","2":"type-product","3":"status-publish","4":"has-post-thumbnail","6":"product_brand-replique-manga-cine","7":"product_cat-armes-antiques","8":"product_cat-armes-historiques","9":"product_cat-dagues-medievales","10":"product_cat-reproductions-d-armes-et-accessoires-medievales","12":"first","13":"instock","14":"taxable","15":"shipping-taxable","16":"purchasable","17":"product-type-simple"},"yoast_head":"<!-- This site is optimized with the Yoast SEO plugin v27.4 - https:\/\/yoast.com\/product\/yoast-seo-wordpress\/ -->\n<title>Poignard Romain S.P.Q.R - Pugio Dague - R\u00e9plique Manga Cin\u00e9<\/title>\n<meta name=\"description\" content=\"Venez d\u00e9couvrir le Poignard Romain S.P.Q.R au meilleur prix - Lame acier avec sigle - Pommeau t\u00eate d&#039;aigle - Fourreau acier d\u00e9cor\u00e9 - Longueur : 34.5 cm\" \/>\n<meta name=\"robots\" content=\"index, follow, max-snippet:-1, max-image-preview:large, max-video-preview:-1\" \/>\n<link rel=\"canonical\" href=\"https:\/\/repliquemangacine.fr\/it\/pugnali-medievali\/pugnale-romano-s-p-q-r\/\" \/>\n<meta property=\"og:locale\" content=\"it_IT\" \/>\n<meta property=\"og:type\" content=\"article\" \/>\n<meta property=\"og:title\" content=\"Poignard Romain S.P.Q.R - Pugio Dague - R\u00e9plique Manga Cin\u00e9\" \/>\n<meta property=\"og:description\" content=\"Venez d\u00e9couvrir le Poignard Romain S.P.Q.R au meilleur prix - Lame acier avec sigle - Pommeau t\u00eate d&#039;aigle - Fourreau acier d\u00e9cor\u00e9 - Longueur : 34.5 cm\" \/>\n<meta property=\"og:url\" content=\"https:\/\/repliquemangacine.fr\/it\/pugnali-medievali\/pugnale-romano-s-p-q-r\/\" \/>\n<meta property=\"og:site_name\" content=\"R\u00e9plique Manga Cin\u00e9\" \/>\n<meta property=\"article:publisher\" content=\"https:\/\/www.facebook.com\/RepliqueMangaCine\" \/>\n<meta property=\"article:modified_time\" content=\"2026-03-07T08:57:20+00:00\" \/>\n<meta property=\"og:image\" content=\"https:\/\/repliquemangacine.fr\/wp-content\/uploads\/2023\/10\/3219-Dague-poignard-Romain.jpg\" \/>\n\t<meta property=\"og:image:width\" content=\"800\" \/>\n\t<meta property=\"og:image:height\" content=\"800\" \/>\n\t<meta property=\"og:image:type\" content=\"image\/jpeg\" \/>\n<meta name=\"twitter:card\" content=\"summary_large_image\" \/>\n<meta name=\"twitter:label1\" content=\"Tempo di lettura stimato\" \/>\n\t<meta name=\"twitter:data1\" content=\"2 minuti\" \/>\n<script type=\"application\/ld+json\" class=\"yoast-schema-graph\">{\"@context\":\"https:\\\/\\\/schema.org\",\"@graph\":[{\"@type\":\"WebPage\",\"@id\":\"https:\\\/\\\/repliquemangacine.fr\\\/dagues-medievales\\\/dague-poignard-romain-s-p-q-r\\\/\",\"url\":\"https:\\\/\\\/repliquemangacine.fr\\\/dagues-medievales\\\/dague-poignard-romain-s-p-q-r\\\/\",\"name\":\"Poignard Romain S.P.Q.R - Pugio Dague - R\u00e9plique Manga Cin\u00e9\",\"isPartOf\":{\"@id\":\"https:\\\/\\\/repliquemangacine.fr\\\/#website\"},\"primaryImageOfPage\":{\"@id\":\"https:\\\/\\\/repliquemangacine.fr\\\/dagues-medievales\\\/dague-poignard-romain-s-p-q-r\\\/#primaryimage\"},\"image\":{\"@id\":\"https:\\\/\\\/repliquemangacine.fr\\\/dagues-medievales\\\/dague-poignard-romain-s-p-q-r\\\/#primaryimage\"},\"thumbnailUrl\":\"https:\\\/\\\/repliquemangacine.fr\\\/wp-content\\\/uploads\\\/2023\\\/10\\\/3219-Dague-poignard-Romain.jpg\",\"datePublished\":\"2019-11-06T11:18:16+00:00\",\"dateModified\":\"2026-03-07T08:57:20+00:00\",\"description\":\"Venez d\u00e9couvrir le Poignard Romain S.P.Q.R au meilleur prix - Lame acier avec sigle - Pommeau t\u00eate d'aigle - Fourreau acier d\u00e9cor\u00e9 - Longueur : 34.5 cm\",\"breadcrumb\":{\"@id\":\"https:\\\/\\\/repliquemangacine.fr\\\/dagues-medievales\\\/dague-poignard-romain-s-p-q-r\\\/#breadcrumb\"},\"inLanguage\":\"it-IT\",\"potentialAction\":[{\"@type\":\"ReadAction\",\"target\":[\"https:\\\/\\\/repliquemangacine.fr\\\/dagues-medievales\\\/dague-poignard-romain-s-p-q-r\\\/\"]}]},{\"@type\":\"ImageObject\",\"inLanguage\":\"it-IT\",\"@id\":\"https:\\\/\\\/repliquemangacine.fr\\\/dagues-medievales\\\/dague-poignard-romain-s-p-q-r\\\/#primaryimage\",\"url\":\"https:\\\/\\\/repliquemangacine.fr\\\/wp-content\\\/uploads\\\/2023\\\/10\\\/3219-Dague-poignard-Romain.jpg\",\"contentUrl\":\"https:\\\/\\\/repliquemangacine.fr\\\/wp-content\\\/uploads\\\/2023\\\/10\\\/3219-Dague-poignard-Romain.jpg\",\"width\":800,\"height\":800,\"caption\":\"Dague poignard Romain\"},{\"@type\":\"BreadcrumbList\",\"@id\":\"https:\\\/\\\/repliquemangacine.fr\\\/dagues-medievales\\\/dague-poignard-romain-s-p-q-r\\\/#breadcrumb\",\"itemListElement\":[{\"@type\":\"ListItem\",\"position\":1,\"name\":\"Accueil\",\"item\":\"https:\\\/\\\/repliquemangacine.fr\\\/\"},{\"@type\":\"ListItem\",\"position\":2,\"name\":\"Produits\",\"item\":\"https:\\\/\\\/repliquemangacine.fr\\\/boutique\\\/\"},{\"@type\":\"ListItem\",\"position\":3,\"name\":\"Poignard Romain S.P.Q.R\"}]},{\"@type\":\"WebSite\",\"@id\":\"https:\\\/\\\/repliquemangacine.fr\\\/#website\",\"url\":\"https:\\\/\\\/repliquemangacine.fr\\\/\",\"name\":\"R\u00e9plique Manga Cin\u00e9\",\"description\":\"\",\"publisher\":{\"@id\":\"https:\\\/\\\/repliquemangacine.fr\\\/#organization\"},\"potentialAction\":[{\"@type\":\"SearchAction\",\"target\":{\"@type\":\"EntryPoint\",\"urlTemplate\":\"https:\\\/\\\/repliquemangacine.fr\\\/?s={search_term_string}\"},\"query-input\":{\"@type\":\"PropertyValueSpecification\",\"valueRequired\":true,\"valueName\":\"search_term_string\"}}],\"inLanguage\":\"it-IT\"},{\"@type\":\"Organization\",\"@id\":\"https:\\\/\\\/repliquemangacine.fr\\\/#organization\",\"name\":\"R\u00e9plique Manga Cin\u00e9\",\"url\":\"https:\\\/\\\/repliquemangacine.fr\\\/\",\"logo\":{\"@type\":\"ImageObject\",\"inLanguage\":\"it-IT\",\"@id\":\"https:\\\/\\\/repliquemangacine.fr\\\/#\\\/schema\\\/logo\\\/image\\\/\",\"url\":\"https:\\\/\\\/repliquemangacine.fr\\\/wp-content\\\/uploads\\\/2023\\\/10\\\/RMC-500250.png\",\"contentUrl\":\"https:\\\/\\\/repliquemangacine.fr\\\/wp-content\\\/uploads\\\/2023\\\/10\\\/RMC-500250.png\",\"width\":500,\"height\":250,\"caption\":\"R\u00e9plique Manga Cin\u00e9\"},\"image\":{\"@id\":\"https:\\\/\\\/repliquemangacine.fr\\\/#\\\/schema\\\/logo\\\/image\\\/\"},\"sameAs\":[\"https:\\\/\\\/www.facebook.com\\\/RepliqueMangaCine\",\"https:\\\/\\\/www.instagram.com\\\/repliquemangacine.fr\\\/\"]}]}<\/script>\n<!-- \/ Yoast SEO plugin. -->","yoast_head_json":{"title":"Pugnale romano S.P.Q.R - Pugio Dague - R\u00e9plique Manga Cin\u00e9","description":"Vieni a scoprire il pugnale romano S.P.Q.R al miglior prezzo - Lama in acciaio con iniziali - Pomello a testa d'aquila - Fodero in acciaio decorato - Lunghezza: 34,5 cm","robots":{"index":"index","follow":"follow","max-snippet":"max-snippet:-1","max-image-preview":"max-image-preview:large","max-video-preview":"max-video-preview:-1"},"canonical":"https:\/\/repliquemangacine.fr\/it\/pugnali-medievali\/pugnale-romano-s-p-q-r\/","og_locale":"it_IT","og_type":"article","og_title":"Poignard Romain S.P.Q.R - Pugio Dague - R\u00e9plique Manga Cin\u00e9","og_description":"Venez d\u00e9couvrir le Poignard Romain S.P.Q.R au meilleur prix - Lame acier avec sigle - Pommeau t\u00eate d'aigle - Fourreau acier d\u00e9cor\u00e9 - Longueur : 34.5 cm","og_url":"https:\/\/repliquemangacine.fr\/it\/pugnali-medievali\/pugnale-romano-s-p-q-r\/","og_site_name":"R\u00e9plique Manga Cin\u00e9","article_publisher":"https:\/\/www.facebook.com\/RepliqueMangaCine","article_modified_time":"2026-03-07T08:57:20+00:00","og_image":[{"width":800,"height":800,"url":"https:\/\/repliquemangacine.fr\/wp-content\/uploads\/2023\/10\/3219-Dague-poignard-Romain.jpg","type":"image\/jpeg"}],"twitter_card":"summary_large_image","twitter_misc":{"Tempo di lettura stimato":"2 minuti"},"schema":{"@context":"https:\/\/schema.org","@graph":[{"@type":"WebPage","@id":"https:\/\/repliquemangacine.fr\/dagues-medievales\/dague-poignard-romain-s-p-q-r\/","url":"https:\/\/repliquemangacine.fr\/dagues-medievales\/dague-poignard-romain-s-p-q-r\/","name":"Pugnale romano S.P.Q.R - Pugio Dague - R\u00e9plique Manga Cin\u00e9","isPartOf":{"@id":"https:\/\/repliquemangacine.fr\/#website"},"primaryImageOfPage":{"@id":"https:\/\/repliquemangacine.fr\/dagues-medievales\/dague-poignard-romain-s-p-q-r\/#primaryimage"},"image":{"@id":"https:\/\/repliquemangacine.fr\/dagues-medievales\/dague-poignard-romain-s-p-q-r\/#primaryimage"},"thumbnailUrl":"https:\/\/repliquemangacine.fr\/wp-content\/uploads\/2023\/10\/3219-Dague-poignard-Romain.jpg","datePublished":"2019-11-06T11:18:16+00:00","dateModified":"2026-03-07T08:57:20+00:00","description":"Vieni a scoprire il pugnale romano S.P.Q.R al miglior prezzo - Lama in acciaio con iniziali - Pomello a testa d'aquila - Fodero in acciaio decorato - Lunghezza: 34,5 cm","breadcrumb":{"@id":"https:\/\/repliquemangacine.fr\/dagues-medievales\/dague-poignard-romain-s-p-q-r\/#breadcrumb"},"inLanguage":"it-IT","potentialAction":[{"@type":"ReadAction","target":["https:\/\/repliquemangacine.fr\/dagues-medievales\/dague-poignard-romain-s-p-q-r\/"]}]},{"@type":"ImageObject","inLanguage":"it-IT","@id":"https:\/\/repliquemangacine.fr\/dagues-medievales\/dague-poignard-romain-s-p-q-r\/#primaryimage","url":"https:\/\/repliquemangacine.fr\/wp-content\/uploads\/2023\/10\/3219-Dague-poignard-Romain.jpg","contentUrl":"https:\/\/repliquemangacine.fr\/wp-content\/uploads\/2023\/10\/3219-Dague-poignard-Romain.jpg","width":800,"height":800,"caption":"Dague poignard Romain"},{"@type":"BreadcrumbList","@id":"https:\/\/repliquemangacine.fr\/dagues-medievales\/dague-poignard-romain-s-p-q-r\/#breadcrumb","itemListElement":[{"@type":"ListItem","position":1,"name":"Accueil","item":"https:\/\/repliquemangacine.fr\/"},{"@type":"ListItem","position":2,"name":"Produits","item":"https:\/\/repliquemangacine.fr\/boutique\/"},{"@type":"ListItem","position":3,"name":"Poignard Romain S.P.Q.R"}]},{"@type":"WebSite","@id":"https:\/\/repliquemangacine.fr\/#website","url":"https:\/\/repliquemangacine.fr\/","name":"R\u00e9plique Manga Cin\u00e9","description":"","publisher":{"@id":"https:\/\/repliquemangacine.fr\/#organization"},"potentialAction":[{"@type":"SearchAction","target":{"@type":"EntryPoint","urlTemplate":"https:\/\/repliquemangacine.fr\/?s={search_term_string}"},"query-input":{"@type":"PropertyValueSpecification","valueRequired":true,"valueName":"search_term_string"}}],"inLanguage":"it-IT"},{"@type":"Organization","@id":"https:\/\/repliquemangacine.fr\/#organization","name":"R\u00e9plique Manga Cin\u00e9","url":"https:\/\/repliquemangacine.fr\/","logo":{"@type":"ImageObject","inLanguage":"it-IT","@id":"https:\/\/repliquemangacine.fr\/#\/schema\/logo\/image\/","url":"https:\/\/repliquemangacine.fr\/wp-content\/uploads\/2023\/10\/RMC-500250.png","contentUrl":"https:\/\/repliquemangacine.fr\/wp-content\/uploads\/2023\/10\/RMC-500250.png","width":500,"height":250,"caption":"R\u00e9plique Manga Cin\u00e9"},"image":{"@id":"https:\/\/repliquemangacine.fr\/#\/schema\/logo\/image\/"},"sameAs":["https:\/\/www.facebook.com\/RepliqueMangaCine","https:\/\/www.instagram.com\/repliquemangacine.fr\/"]}]}},"_links":{"self":[{"href":"https:\/\/repliquemangacine.fr\/it\/wp-json\/wp\/v2\/product\/28515","targetHints":{"allow":["GET"]}}],"collection":[{"href":"https:\/\/repliquemangacine.fr\/it\/wp-json\/wp\/v2\/product"}],"about":[{"href":"https:\/\/repliquemangacine.fr\/it\/wp-json\/wp\/v2\/types\/product"}],"wp:featuredmedia":[{"embeddable":true,"href":"https:\/\/repliquemangacine.fr\/it\/wp-json\/wp\/v2\/media\/28516"}],"wp:attachment":[{"href":"https:\/\/repliquemangacine.fr\/it\/wp-json\/wp\/v2\/media?parent=28515"}],"wp:term":[{"taxonomy":"product_brand","embeddable":true,"href":"https:\/\/repliquemangacine.fr\/it\/wp-json\/wp\/v2\/product_brand?post=28515"},{"taxonomy":"product_cat","embeddable":true,"href":"https:\/\/repliquemangacine.fr\/it\/wp-json\/wp\/v2\/product_cat?post=28515"},{"taxonomy":"product_tag","embeddable":true,"href":"https:\/\/repliquemangacine.fr\/it\/wp-json\/wp\/v2\/product_tag?post=28515"}],"curies":[{"name":"wp","href":"https:\/\/api.w.org\/{rel}","templated":true}]}}