





{"id":28506,"date":"2019-10-27T19:39:12","date_gmt":"2019-10-27T18:39:12","guid":{"rendered":"https:\/\/repliquemangacine.fr\/?post_type=product&#038;p=28506"},"modified":"2026-01-09T11:04:10","modified_gmt":"2026-01-09T10:04:10","slug":"spada-di-ghiaccio-re-della-notte","status":"publish","type":"product","link":"https:\/\/repliquemangacine.fr\/it\/epees-game-of-thrones\/epee-de-glace-roi-de-la-nuit\/","title":{"rendered":"Lama del Re della Notte"},"content":{"rendered":"<h2>Replica identica della lama del Night King della serie cult Game of Thrones.<\/h2>\n<p>La Lama del Re della Notte \u00e8 assolutamente notevole nel suo design.<\/p>\n<p>Le creature pi\u00f9 temute del Continente Occidentale, che rappresentano una minaccia per tutti gli esseri viventi, gli Estranei del Nord ghiacciato hanno migliaia di anni. Nati da una magia potente e non testata, hanno protetto i Figli della Foresta dai Primi Uomini, che hanno mosso guerra contro di loro fin dal loro arrivo da Essos. Queste creature usano armi di ghiaccio magiche, pi\u00f9 forti dell'acciaio e insensibili alle altre armi.<\/p>\n<p>Il Night King \u00e8 il primo White Walker creato dai Figli della Foresta. Con il sostegno dei suoi fratelli, si allontana da loro. Si propone di spazzare via ogni forma di vita con l'Esercito dei Morti, di cui \u00e8 a capo. A tal fine, inizia una marcia dalle Terre dell'Eterno Inverno verso il sud di Westeros. Proprio mentre sta per conquistare Grande Inverno, viene ucciso da Arya Stark, che lo trafigge al cuore con un pugnale. <a href=\"https:\/\/gameofthrones.fandom.com\/fr\/wiki\/Acier_valyrien\">Acciaio valyriano<\/a> nel petto.<\/p>\n<h3>Vi presentiamo tutte le spade replica dei vostri eroi preferiti di Game of Thrones.<\/h3>\n<p>Innanzitutto,<\/p>\n<ul>\n<li>L'<a href=\"https:\/\/repliquemangacine.fr\/it\/spade-di-game-of-thrones\/epee-needle-arya-stark-game-of-thrones-2\/\">spada ad ago arya<\/a> Stark che gli \u00e8 stato dato da Jon Snow.<\/li>\n<li>Ma anche il<a href=\"https:\/\/repliquemangacine.fr\/it\/spade-di-game-of-thrones\/spada-del-pianto-della-vedova-spada-di-re-joffrey-game-of-thrones\/\">La vedova di re Joffre che piange la spada<\/a>y.<\/li>\n<li>Cos\u00ec come <a href=\"https:\/\/repliquemangacine.fr\/it\/gioielli-da-collezione\/uovo-rhaegal-game-of-thrones\/\">uova di drago<\/a> di Daenerys.<\/li>\n<li>E molti altri ancora...<\/li>\n<\/ul>\n<p>\u00c8 un'ottima idea regalo per i fan della serie Game of Thrones.<\/p>\n<h3>\u00c8 possibile utilizzare il Night King Blade per le sfilate cosplay o le serate a tema.<\/h3>\n<p>Soprattutto, \u00e8 un oggetto da collezione e un pezzo decorativo.<\/p>\n<p><strong>Si prega di notare che tutte le nostre repliche sono oggetti da collezione e decorazioni. Possono essere utilizzate per rievocazioni storiche, sfilate di cosplay o decorazioni di interni. Di conseguenza, non \u00e8 possibile andare in luoghi pubblici con queste repliche.<\/strong><\/p>","protected":false},"excerpt":{"rendered":"<p>In esclusiva per R\u00e9plique Manga Cin\u00e9!<\/p>\n<ul>\n<li>Una superba replica non ufficiale della Lama di Ghiaccio, la spada del Re della Notte.<\/li>\n<li>Realizzato interamente in resina acrilica, leggero e trasparente.<\/li>\n<li>L'illusione \u00e8 perfetta: \u00e8 difficile capire a occhio nudo che non si tratta di ghiaccio vero.<\/li>\n<li>La sua lama larga e piatta si assottiglia a punta.<\/li>\n<li>Il manico \u00e8 circondato da finta pelle beige.<\/li>\n<li>Le frange sono state rivoltate come se fossero di camoscio, per un maggiore realismo, e le frange sono anche di dimensioni diverse.<\/li>\n<li>Lunghezza lama: 62 cm - Lunghezza totale: 105 cm<\/li>\n<\/ul>\n<p><strong>\u00a0<\/strong><\/p>","protected":false},"featured_media":28507,"template":"","meta":[],"product_brand":[896],"product_cat":[72,24,47],"product_tag":[],"class_list":{"0":"post-28506","1":"product","2":"type-product","3":"status-publish","4":"has-post-thumbnail","6":"product_brand-replique-manga-cine","7":"product_cat-epees-game-of-thrones","8":"product_cat-films-series-tv-vente-de-katana-epee-et-produits-derives","9":"product_cat-game-of-thrones","11":"first","12":"instock","13":"taxable","14":"shipping-taxable","15":"purchasable","16":"product-type-simple"},"yoast_head":"<!-- This site is optimized with the Yoast SEO plugin v27.4 - https:\/\/yoast.com\/product\/yoast-seo-wordpress\/ -->\n<title>Lame Roi de la Nuit - Game of Thrones - R\u00e9plique Manga Cin\u00e9<\/title>\n<meta name=\"description\" content=\"Commandez vite ! La Lame Roi de la Nuit dans Game of Thrones. Cette lame est en r\u00e9sine acrylique transparente comme de la glace. Poign\u00e9e Cuir avec franges\" \/>\n<meta name=\"robots\" content=\"index, follow, max-snippet:-1, max-image-preview:large, max-video-preview:-1\" \/>\n<link rel=\"canonical\" href=\"https:\/\/repliquemangacine.fr\/it\/spade-di-game-of-thrones\/spada-di-ghiaccio-re-della-notte\/\" \/>\n<meta property=\"og:locale\" content=\"it_IT\" \/>\n<meta property=\"og:type\" content=\"article\" \/>\n<meta property=\"og:title\" content=\"Lame Roi de la Nuit - Game of Thrones - R\u00e9plique Manga Cin\u00e9\" \/>\n<meta property=\"og:description\" content=\"Commandez vite ! La Lame Roi de la Nuit dans Game of Thrones. Cette lame est en r\u00e9sine acrylique transparente comme de la glace. Poign\u00e9e Cuir avec franges\" \/>\n<meta property=\"og:url\" content=\"https:\/\/repliquemangacine.fr\/it\/spade-di-game-of-thrones\/spada-di-ghiaccio-re-della-notte\/\" \/>\n<meta property=\"og:site_name\" content=\"R\u00e9plique Manga Cin\u00e9\" \/>\n<meta property=\"article:publisher\" content=\"https:\/\/www.facebook.com\/RepliqueMangaCine\" \/>\n<meta property=\"article:modified_time\" content=\"2026-01-09T10:04:10+00:00\" \/>\n<meta property=\"og:image\" content=\"https:\/\/repliquemangacine.fr\/wp-content\/uploads\/2023\/10\/3209-Epee-de-Glace-roi-de-la-nuit.jpg\" \/>\n\t<meta property=\"og:image:width\" content=\"800\" \/>\n\t<meta property=\"og:image:height\" content=\"800\" \/>\n\t<meta property=\"og:image:type\" content=\"image\/jpeg\" \/>\n<meta name=\"twitter:card\" content=\"summary_large_image\" \/>\n<meta name=\"twitter:label1\" content=\"Tempo di lettura stimato\" \/>\n\t<meta name=\"twitter:data1\" content=\"1 minuto\" \/>\n<script type=\"application\/ld+json\" class=\"yoast-schema-graph\">{\"@context\":\"https:\\\/\\\/schema.org\",\"@graph\":[{\"@type\":\"WebPage\",\"@id\":\"https:\\\/\\\/repliquemangacine.fr\\\/epees-game-of-thrones\\\/epee-de-glace-roi-de-la-nuit\\\/\",\"url\":\"https:\\\/\\\/repliquemangacine.fr\\\/epees-game-of-thrones\\\/epee-de-glace-roi-de-la-nuit\\\/\",\"name\":\"Lame Roi de la Nuit - Game of Thrones - R\u00e9plique Manga Cin\u00e9\",\"isPartOf\":{\"@id\":\"https:\\\/\\\/repliquemangacine.fr\\\/#website\"},\"primaryImageOfPage\":{\"@id\":\"https:\\\/\\\/repliquemangacine.fr\\\/epees-game-of-thrones\\\/epee-de-glace-roi-de-la-nuit\\\/#primaryimage\"},\"image\":{\"@id\":\"https:\\\/\\\/repliquemangacine.fr\\\/epees-game-of-thrones\\\/epee-de-glace-roi-de-la-nuit\\\/#primaryimage\"},\"thumbnailUrl\":\"https:\\\/\\\/repliquemangacine.fr\\\/wp-content\\\/uploads\\\/2023\\\/10\\\/3209-Epee-de-Glace-roi-de-la-nuit.jpg\",\"datePublished\":\"2019-10-27T18:39:12+00:00\",\"dateModified\":\"2026-01-09T10:04:10+00:00\",\"description\":\"Commandez vite ! La Lame Roi de la Nuit dans Game of Thrones. Cette lame est en r\u00e9sine acrylique transparente comme de la glace. Poign\u00e9e Cuir avec franges\",\"breadcrumb\":{\"@id\":\"https:\\\/\\\/repliquemangacine.fr\\\/epees-game-of-thrones\\\/epee-de-glace-roi-de-la-nuit\\\/#breadcrumb\"},\"inLanguage\":\"it-IT\",\"potentialAction\":[{\"@type\":\"ReadAction\",\"target\":[\"https:\\\/\\\/repliquemangacine.fr\\\/epees-game-of-thrones\\\/epee-de-glace-roi-de-la-nuit\\\/\"]}]},{\"@type\":\"ImageObject\",\"inLanguage\":\"it-IT\",\"@id\":\"https:\\\/\\\/repliquemangacine.fr\\\/epees-game-of-thrones\\\/epee-de-glace-roi-de-la-nuit\\\/#primaryimage\",\"url\":\"https:\\\/\\\/repliquemangacine.fr\\\/wp-content\\\/uploads\\\/2023\\\/10\\\/3209-Epee-de-Glace-roi-de-la-nuit.jpg\",\"contentUrl\":\"https:\\\/\\\/repliquemangacine.fr\\\/wp-content\\\/uploads\\\/2023\\\/10\\\/3209-Epee-de-Glace-roi-de-la-nuit.jpg\",\"width\":800,\"height\":800,\"caption\":\"Ep\u00e9e de Glace roi de la nuit\"},{\"@type\":\"BreadcrumbList\",\"@id\":\"https:\\\/\\\/repliquemangacine.fr\\\/epees-game-of-thrones\\\/epee-de-glace-roi-de-la-nuit\\\/#breadcrumb\",\"itemListElement\":[{\"@type\":\"ListItem\",\"position\":1,\"name\":\"Accueil\",\"item\":\"https:\\\/\\\/repliquemangacine.fr\\\/\"},{\"@type\":\"ListItem\",\"position\":2,\"name\":\"Produits\",\"item\":\"https:\\\/\\\/repliquemangacine.fr\\\/boutique\\\/\"},{\"@type\":\"ListItem\",\"position\":3,\"name\":\"Lame Roi de la Nuit\"}]},{\"@type\":\"WebSite\",\"@id\":\"https:\\\/\\\/repliquemangacine.fr\\\/#website\",\"url\":\"https:\\\/\\\/repliquemangacine.fr\\\/\",\"name\":\"R\u00e9plique Manga Cin\u00e9\",\"description\":\"\",\"publisher\":{\"@id\":\"https:\\\/\\\/repliquemangacine.fr\\\/#organization\"},\"potentialAction\":[{\"@type\":\"SearchAction\",\"target\":{\"@type\":\"EntryPoint\",\"urlTemplate\":\"https:\\\/\\\/repliquemangacine.fr\\\/?s={search_term_string}\"},\"query-input\":{\"@type\":\"PropertyValueSpecification\",\"valueRequired\":true,\"valueName\":\"search_term_string\"}}],\"inLanguage\":\"it-IT\"},{\"@type\":\"Organization\",\"@id\":\"https:\\\/\\\/repliquemangacine.fr\\\/#organization\",\"name\":\"R\u00e9plique Manga Cin\u00e9\",\"url\":\"https:\\\/\\\/repliquemangacine.fr\\\/\",\"logo\":{\"@type\":\"ImageObject\",\"inLanguage\":\"it-IT\",\"@id\":\"https:\\\/\\\/repliquemangacine.fr\\\/#\\\/schema\\\/logo\\\/image\\\/\",\"url\":\"https:\\\/\\\/repliquemangacine.fr\\\/wp-content\\\/uploads\\\/2023\\\/10\\\/RMC-500250.png\",\"contentUrl\":\"https:\\\/\\\/repliquemangacine.fr\\\/wp-content\\\/uploads\\\/2023\\\/10\\\/RMC-500250.png\",\"width\":500,\"height\":250,\"caption\":\"R\u00e9plique Manga Cin\u00e9\"},\"image\":{\"@id\":\"https:\\\/\\\/repliquemangacine.fr\\\/#\\\/schema\\\/logo\\\/image\\\/\"},\"sameAs\":[\"https:\\\/\\\/www.facebook.com\\\/RepliqueMangaCine\",\"https:\\\/\\\/www.instagram.com\\\/repliquemangacine.fr\\\/\"]}]}<\/script>\n<!-- \/ Yoast SEO plugin. -->","yoast_head_json":{"title":"Lama del Re della Notte - Game of Thrones - R\u00e9plique Manga Cin\u00e9","description":"Ordinate ora! Lama del Re della Notte di Game of Thrones. Questa lama \u00e8 realizzata in resina acrilica trasparente come il ghiaccio. Manico in pelle con frange","robots":{"index":"index","follow":"follow","max-snippet":"max-snippet:-1","max-image-preview":"max-image-preview:large","max-video-preview":"max-video-preview:-1"},"canonical":"https:\/\/repliquemangacine.fr\/it\/spade-di-game-of-thrones\/spada-di-ghiaccio-re-della-notte\/","og_locale":"it_IT","og_type":"article","og_title":"Lame Roi de la Nuit - Game of Thrones - R\u00e9plique Manga Cin\u00e9","og_description":"Commandez vite ! La Lame Roi de la Nuit dans Game of Thrones. Cette lame est en r\u00e9sine acrylique transparente comme de la glace. Poign\u00e9e Cuir avec franges","og_url":"https:\/\/repliquemangacine.fr\/it\/spade-di-game-of-thrones\/spada-di-ghiaccio-re-della-notte\/","og_site_name":"R\u00e9plique Manga Cin\u00e9","article_publisher":"https:\/\/www.facebook.com\/RepliqueMangaCine","article_modified_time":"2026-01-09T10:04:10+00:00","og_image":[{"width":800,"height":800,"url":"https:\/\/repliquemangacine.fr\/wp-content\/uploads\/2023\/10\/3209-Epee-de-Glace-roi-de-la-nuit.jpg","type":"image\/jpeg"}],"twitter_card":"summary_large_image","twitter_misc":{"Tempo di lettura stimato":"1 minuto"},"schema":{"@context":"https:\/\/schema.org","@graph":[{"@type":"WebPage","@id":"https:\/\/repliquemangacine.fr\/epees-game-of-thrones\/epee-de-glace-roi-de-la-nuit\/","url":"https:\/\/repliquemangacine.fr\/epees-game-of-thrones\/epee-de-glace-roi-de-la-nuit\/","name":"Lama del Re della Notte - Game of Thrones - R\u00e9plique Manga Cin\u00e9","isPartOf":{"@id":"https:\/\/repliquemangacine.fr\/#website"},"primaryImageOfPage":{"@id":"https:\/\/repliquemangacine.fr\/epees-game-of-thrones\/epee-de-glace-roi-de-la-nuit\/#primaryimage"},"image":{"@id":"https:\/\/repliquemangacine.fr\/epees-game-of-thrones\/epee-de-glace-roi-de-la-nuit\/#primaryimage"},"thumbnailUrl":"https:\/\/repliquemangacine.fr\/wp-content\/uploads\/2023\/10\/3209-Epee-de-Glace-roi-de-la-nuit.jpg","datePublished":"2019-10-27T18:39:12+00:00","dateModified":"2026-01-09T10:04:10+00:00","description":"Ordinate ora! Lama del Re della Notte di Game of Thrones. Questa lama \u00e8 realizzata in resina acrilica trasparente come il ghiaccio. Manico in pelle con frange","breadcrumb":{"@id":"https:\/\/repliquemangacine.fr\/epees-game-of-thrones\/epee-de-glace-roi-de-la-nuit\/#breadcrumb"},"inLanguage":"it-IT","potentialAction":[{"@type":"ReadAction","target":["https:\/\/repliquemangacine.fr\/epees-game-of-thrones\/epee-de-glace-roi-de-la-nuit\/"]}]},{"@type":"ImageObject","inLanguage":"it-IT","@id":"https:\/\/repliquemangacine.fr\/epees-game-of-thrones\/epee-de-glace-roi-de-la-nuit\/#primaryimage","url":"https:\/\/repliquemangacine.fr\/wp-content\/uploads\/2023\/10\/3209-Epee-de-Glace-roi-de-la-nuit.jpg","contentUrl":"https:\/\/repliquemangacine.fr\/wp-content\/uploads\/2023\/10\/3209-Epee-de-Glace-roi-de-la-nuit.jpg","width":800,"height":800,"caption":"Ep\u00e9e de Glace roi de la nuit"},{"@type":"BreadcrumbList","@id":"https:\/\/repliquemangacine.fr\/epees-game-of-thrones\/epee-de-glace-roi-de-la-nuit\/#breadcrumb","itemListElement":[{"@type":"ListItem","position":1,"name":"Accueil","item":"https:\/\/repliquemangacine.fr\/"},{"@type":"ListItem","position":2,"name":"Produits","item":"https:\/\/repliquemangacine.fr\/boutique\/"},{"@type":"ListItem","position":3,"name":"Lame Roi de la Nuit"}]},{"@type":"WebSite","@id":"https:\/\/repliquemangacine.fr\/#website","url":"https:\/\/repliquemangacine.fr\/","name":"R\u00e9plique Manga Cin\u00e9","description":"","publisher":{"@id":"https:\/\/repliquemangacine.fr\/#organization"},"potentialAction":[{"@type":"SearchAction","target":{"@type":"EntryPoint","urlTemplate":"https:\/\/repliquemangacine.fr\/?s={search_term_string}"},"query-input":{"@type":"PropertyValueSpecification","valueRequired":true,"valueName":"search_term_string"}}],"inLanguage":"it-IT"},{"@type":"Organization","@id":"https:\/\/repliquemangacine.fr\/#organization","name":"R\u00e9plique Manga Cin\u00e9","url":"https:\/\/repliquemangacine.fr\/","logo":{"@type":"ImageObject","inLanguage":"it-IT","@id":"https:\/\/repliquemangacine.fr\/#\/schema\/logo\/image\/","url":"https:\/\/repliquemangacine.fr\/wp-content\/uploads\/2023\/10\/RMC-500250.png","contentUrl":"https:\/\/repliquemangacine.fr\/wp-content\/uploads\/2023\/10\/RMC-500250.png","width":500,"height":250,"caption":"R\u00e9plique Manga Cin\u00e9"},"image":{"@id":"https:\/\/repliquemangacine.fr\/#\/schema\/logo\/image\/"},"sameAs":["https:\/\/www.facebook.com\/RepliqueMangaCine","https:\/\/www.instagram.com\/repliquemangacine.fr\/"]}]}},"_links":{"self":[{"href":"https:\/\/repliquemangacine.fr\/it\/wp-json\/wp\/v2\/product\/28506","targetHints":{"allow":["GET"]}}],"collection":[{"href":"https:\/\/repliquemangacine.fr\/it\/wp-json\/wp\/v2\/product"}],"about":[{"href":"https:\/\/repliquemangacine.fr\/it\/wp-json\/wp\/v2\/types\/product"}],"wp:featuredmedia":[{"embeddable":true,"href":"https:\/\/repliquemangacine.fr\/it\/wp-json\/wp\/v2\/media\/28507"}],"wp:attachment":[{"href":"https:\/\/repliquemangacine.fr\/it\/wp-json\/wp\/v2\/media?parent=28506"}],"wp:term":[{"taxonomy":"product_brand","embeddable":true,"href":"https:\/\/repliquemangacine.fr\/it\/wp-json\/wp\/v2\/product_brand?post=28506"},{"taxonomy":"product_cat","embeddable":true,"href":"https:\/\/repliquemangacine.fr\/it\/wp-json\/wp\/v2\/product_cat?post=28506"},{"taxonomy":"product_tag","embeddable":true,"href":"https:\/\/repliquemangacine.fr\/it\/wp-json\/wp\/v2\/product_tag?post=28506"}],"curies":[{"name":"wp","href":"https:\/\/api.w.org\/{rel}","templated":true}]}}