





{"id":28499,"date":"2019-10-27T19:30:22","date_gmt":"2019-10-27T18:30:22","guid":{"rendered":"https:\/\/repliquemangacine.fr\/?post_type=product&#038;p=28499"},"modified":"2026-01-09T11:04:22","modified_gmt":"2026-01-09T10:04:22","slug":"spada-di-ghiaccio-camminatori-bianchi","status":"publish","type":"product","link":"https:\/\/repliquemangacine.fr\/it\/epees-game-of-thrones\/epee-de-glace-marcheurs-blancs\/","title":{"rendered":"Lama di Ghiaccio Gli Estranei"},"content":{"rendered":"<h2>Replica identica dei White Walker di Ice Blade della serie cult Game of Thrones.<\/h2>\n<p>Il White Walker Ice Blade \u00e8 assolutamente notevole nel suo design.<\/p>\n<p>Le creature pi\u00f9 temute del Continente Occidentale, che rappresentano una minaccia per tutti gli esseri viventi, gli Estranei del Nord ghiacciato hanno migliaia di anni. Nati da una magia potente e non testata, hanno protetto i Figli della Foresta dai Primi Uomini, che hanno mosso guerra contro di loro fin dal loro arrivo da Essos. Queste creature usano armi di ghiaccio magiche, pi\u00f9 forti dell'acciaio e insensibili alle altre armi.<\/p>\n<p>Gli Estranei hanno lo stesso aspetto degli umani, tranne che per il fatto che la loro pelle \u00e8 grigio chiaro e i loro capelli sono bianchi. I loro occhi sono blu ghiaccio, come quelli del Re della Notte e degli Spettri. La loro pelle conferisce loro un aspetto scheletrico.<\/p>\n<p>Sono pi\u00f9 forti degli umani. Come il Re della Notte, gli Estranei possono resuscitare i cadaveri di uomini e animali. Sono armati con spade di ghiaccio o lance di ghiaccio, in grado di frantumare tutte le armi umane tranne quelle di ghiaccio. <a href=\"https:\/\/gameofthrones.fandom.com\/fr\/wiki\/Acier_valyrien\">Acciaio valyriano<\/a>.<\/p>\n<h3>Vi presentiamo tutte le spade replica dei vostri eroi preferiti di Game of Thrones.<\/h3>\n<p>Innanzitutto,<\/p>\n<ul>\n<li>La <a href=\"https:\/\/repliquemangacine.fr\/it\/spade-di-game-of-thrones\/arakh-serpe-de-khal-drogo-game-of-thrones-l-arme-des-dothrakis\/\">Roncola di Drogo<\/a> marito di Daenerys.<\/li>\n<li>Ma anche il <a href=\"https:\/\/repliquemangacine.fr\/it\/spade-di-game-of-thrones\/replica-pugnale-catspaw-game-of-thrones\/\">Pugnale Catspaw<\/a> e la sua lama di acciaio valyriano, che Arya usa per uccidere il Night King.<\/li>\n<li>Cos\u00ec come il<a href=\"https:\/\/repliquemangacine.fr\/it\/spade-di-game-of-thrones\/game-of-thrones-eddard-stark-spada-hbo-versione-tv\/\">La spada di Eddard Stark<\/a>.<\/li>\n<li>E molti altri ancora...<\/li>\n<\/ul>\n<p>\u00c8 un'ottima idea regalo per i fan della serie Game of Thrones.<\/p>\n<h3>Potete utilizzare la lama di ghiaccio White Walkers per le vostre sfilate cosplay o serate a tema.<\/h3>\n<p>Soprattutto, \u00e8 un oggetto da collezione e un pezzo decorativo.<\/p>\n<p><strong>Si prega di notare che tutte le nostre repliche sono oggetti da collezione e decorazioni. Possono essere utilizzate per rievocazioni storiche, sfilate di cosplay o decorazioni di interni. Di conseguenza, non \u00e8 possibile andare in luoghi pubblici con queste repliche.<\/strong><\/p>","protected":false},"excerpt":{"rendered":"<p>In esclusiva per R\u00e9plique Manga Cin\u00e9!<\/p>\n<ul>\n<li>Una superba replica non ufficiale della Lama di Ghiaccio, la spada degli Estranei.<\/li>\n<li>Realizzato interamente in resina acrilica, leggero e trasparente.<\/li>\n<li>L'illusione \u00e8 perfetta: \u00e8 difficile capire a occhio nudo che non si tratta di ghiaccio vero.<\/li>\n<li>La sua lama larga e piatta si assottiglia a punta e ha un manico stretto.<\/li>\n<li>Un pomo con due artigli, proprio come le spade della famosa serie Game of Thrones.<\/li>\n<li>Lunghezza totale: 104 cm - Spessore della lama: 11,5 cm<\/li>\n<\/ul>\n<p><strong>\u00a0<\/strong><\/p>","protected":false},"featured_media":28500,"template":"","meta":[],"product_brand":[896],"product_cat":[72,24,47],"product_tag":[],"class_list":{"0":"post-28499","1":"product","2":"type-product","3":"status-publish","4":"has-post-thumbnail","6":"product_brand-replique-manga-cine","7":"product_cat-epees-game-of-thrones","8":"product_cat-films-series-tv-vente-de-katana-epee-et-produits-derives","9":"product_cat-game-of-thrones","11":"first","12":"instock","13":"taxable","14":"shipping-taxable","15":"purchasable","16":"product-type-simple"},"yoast_head":"<!-- This site is optimized with the Yoast SEO plugin v27.4 - https:\/\/yoast.com\/product\/yoast-seo-wordpress\/ -->\n<title>Lame de Glace Marcheurs Blancs - GOT - R\u00e9plique Manga Cin\u00e9<\/title>\n<meta name=\"description\" content=\"Exclusivit\u00e9 ! Achetez vite ! cette superbe Lame de Glace Marcheurs Blancs. Tout en r\u00e9sine acrylique. Une pi\u00e8ce rare \u00e0 ne pas manquer\" \/>\n<meta name=\"robots\" content=\"index, follow, max-snippet:-1, max-image-preview:large, max-video-preview:-1\" \/>\n<link rel=\"canonical\" href=\"https:\/\/repliquemangacine.fr\/it\/spade-di-game-of-thrones\/spada-di-ghiaccio-camminatori-bianchi\/\" \/>\n<meta property=\"og:locale\" content=\"it_IT\" \/>\n<meta property=\"og:type\" content=\"article\" \/>\n<meta property=\"og:title\" content=\"Lame de Glace Marcheurs Blancs - GOT - R\u00e9plique Manga Cin\u00e9\" \/>\n<meta property=\"og:description\" content=\"Exclusivit\u00e9 ! Achetez vite ! cette superbe Lame de Glace Marcheurs Blancs. Tout en r\u00e9sine acrylique. Une pi\u00e8ce rare \u00e0 ne pas manquer\" \/>\n<meta property=\"og:url\" content=\"https:\/\/repliquemangacine.fr\/it\/spade-di-game-of-thrones\/spada-di-ghiaccio-camminatori-bianchi\/\" \/>\n<meta property=\"og:site_name\" content=\"R\u00e9plique Manga Cin\u00e9\" \/>\n<meta property=\"article:publisher\" content=\"https:\/\/www.facebook.com\/RepliqueMangaCine\" \/>\n<meta property=\"article:modified_time\" content=\"2026-01-09T10:04:22+00:00\" \/>\n<meta property=\"og:image\" content=\"https:\/\/repliquemangacine.fr\/wp-content\/uploads\/2023\/10\/3203-Epee-de-glace-Marcheurs-Blancs.jpg\" \/>\n\t<meta property=\"og:image:width\" content=\"800\" \/>\n\t<meta property=\"og:image:height\" content=\"800\" \/>\n\t<meta property=\"og:image:type\" content=\"image\/jpeg\" \/>\n<meta name=\"twitter:card\" content=\"summary_large_image\" \/>\n<meta name=\"twitter:label1\" content=\"Tempo di lettura stimato\" \/>\n\t<meta name=\"twitter:data1\" content=\"1 minuto\" \/>\n<script type=\"application\/ld+json\" class=\"yoast-schema-graph\">{\"@context\":\"https:\\\/\\\/schema.org\",\"@graph\":[{\"@type\":\"WebPage\",\"@id\":\"https:\\\/\\\/repliquemangacine.fr\\\/epees-game-of-thrones\\\/epee-de-glace-marcheurs-blancs\\\/\",\"url\":\"https:\\\/\\\/repliquemangacine.fr\\\/epees-game-of-thrones\\\/epee-de-glace-marcheurs-blancs\\\/\",\"name\":\"Lame de Glace Marcheurs Blancs - GOT - R\u00e9plique Manga Cin\u00e9\",\"isPartOf\":{\"@id\":\"https:\\\/\\\/repliquemangacine.fr\\\/#website\"},\"primaryImageOfPage\":{\"@id\":\"https:\\\/\\\/repliquemangacine.fr\\\/epees-game-of-thrones\\\/epee-de-glace-marcheurs-blancs\\\/#primaryimage\"},\"image\":{\"@id\":\"https:\\\/\\\/repliquemangacine.fr\\\/epees-game-of-thrones\\\/epee-de-glace-marcheurs-blancs\\\/#primaryimage\"},\"thumbnailUrl\":\"https:\\\/\\\/repliquemangacine.fr\\\/wp-content\\\/uploads\\\/2023\\\/10\\\/3203-Epee-de-glace-Marcheurs-Blancs.jpg\",\"datePublished\":\"2019-10-27T18:30:22+00:00\",\"dateModified\":\"2026-01-09T10:04:22+00:00\",\"description\":\"Exclusivit\u00e9 ! Achetez vite ! cette superbe Lame de Glace Marcheurs Blancs. Tout en r\u00e9sine acrylique. Une pi\u00e8ce rare \u00e0 ne pas manquer\",\"breadcrumb\":{\"@id\":\"https:\\\/\\\/repliquemangacine.fr\\\/epees-game-of-thrones\\\/epee-de-glace-marcheurs-blancs\\\/#breadcrumb\"},\"inLanguage\":\"it-IT\",\"potentialAction\":[{\"@type\":\"ReadAction\",\"target\":[\"https:\\\/\\\/repliquemangacine.fr\\\/epees-game-of-thrones\\\/epee-de-glace-marcheurs-blancs\\\/\"]}]},{\"@type\":\"ImageObject\",\"inLanguage\":\"it-IT\",\"@id\":\"https:\\\/\\\/repliquemangacine.fr\\\/epees-game-of-thrones\\\/epee-de-glace-marcheurs-blancs\\\/#primaryimage\",\"url\":\"https:\\\/\\\/repliquemangacine.fr\\\/wp-content\\\/uploads\\\/2023\\\/10\\\/3203-Epee-de-glace-Marcheurs-Blancs.jpg\",\"contentUrl\":\"https:\\\/\\\/repliquemangacine.fr\\\/wp-content\\\/uploads\\\/2023\\\/10\\\/3203-Epee-de-glace-Marcheurs-Blancs.jpg\",\"width\":800,\"height\":800,\"caption\":\"\u00c9p\u00e9e de glace Marcheurs Blancs\"},{\"@type\":\"BreadcrumbList\",\"@id\":\"https:\\\/\\\/repliquemangacine.fr\\\/epees-game-of-thrones\\\/epee-de-glace-marcheurs-blancs\\\/#breadcrumb\",\"itemListElement\":[{\"@type\":\"ListItem\",\"position\":1,\"name\":\"Accueil\",\"item\":\"https:\\\/\\\/repliquemangacine.fr\\\/\"},{\"@type\":\"ListItem\",\"position\":2,\"name\":\"Produits\",\"item\":\"https:\\\/\\\/repliquemangacine.fr\\\/boutique\\\/\"},{\"@type\":\"ListItem\",\"position\":3,\"name\":\"Lame de Glace Marcheurs Blancs\"}]},{\"@type\":\"WebSite\",\"@id\":\"https:\\\/\\\/repliquemangacine.fr\\\/#website\",\"url\":\"https:\\\/\\\/repliquemangacine.fr\\\/\",\"name\":\"R\u00e9plique Manga Cin\u00e9\",\"description\":\"\",\"publisher\":{\"@id\":\"https:\\\/\\\/repliquemangacine.fr\\\/#organization\"},\"potentialAction\":[{\"@type\":\"SearchAction\",\"target\":{\"@type\":\"EntryPoint\",\"urlTemplate\":\"https:\\\/\\\/repliquemangacine.fr\\\/?s={search_term_string}\"},\"query-input\":{\"@type\":\"PropertyValueSpecification\",\"valueRequired\":true,\"valueName\":\"search_term_string\"}}],\"inLanguage\":\"it-IT\"},{\"@type\":\"Organization\",\"@id\":\"https:\\\/\\\/repliquemangacine.fr\\\/#organization\",\"name\":\"R\u00e9plique Manga Cin\u00e9\",\"url\":\"https:\\\/\\\/repliquemangacine.fr\\\/\",\"logo\":{\"@type\":\"ImageObject\",\"inLanguage\":\"it-IT\",\"@id\":\"https:\\\/\\\/repliquemangacine.fr\\\/#\\\/schema\\\/logo\\\/image\\\/\",\"url\":\"https:\\\/\\\/repliquemangacine.fr\\\/wp-content\\\/uploads\\\/2023\\\/10\\\/RMC-500250.png\",\"contentUrl\":\"https:\\\/\\\/repliquemangacine.fr\\\/wp-content\\\/uploads\\\/2023\\\/10\\\/RMC-500250.png\",\"width\":500,\"height\":250,\"caption\":\"R\u00e9plique Manga Cin\u00e9\"},\"image\":{\"@id\":\"https:\\\/\\\/repliquemangacine.fr\\\/#\\\/schema\\\/logo\\\/image\\\/\"},\"sameAs\":[\"https:\\\/\\\/www.facebook.com\\\/RepliqueMangaCine\",\"https:\\\/\\\/www.instagram.com\\\/repliquemangacine.fr\\\/\"]}]}<\/script>\n<!-- \/ Yoast SEO plugin. -->","yoast_head_json":{"title":"Lama di ghiaccio Camminatori bianchi - GOT - R\u00e9plique Manga Cin\u00e9","description":"Esclusivo! Acquista subito questa superba lama di ghiaccio degli Estranei Bianchi! Tutta in resina acrilica. Un pezzo raro da non perdere","robots":{"index":"index","follow":"follow","max-snippet":"max-snippet:-1","max-image-preview":"max-image-preview:large","max-video-preview":"max-video-preview:-1"},"canonical":"https:\/\/repliquemangacine.fr\/it\/spade-di-game-of-thrones\/spada-di-ghiaccio-camminatori-bianchi\/","og_locale":"it_IT","og_type":"article","og_title":"Lame de Glace Marcheurs Blancs - GOT - R\u00e9plique Manga Cin\u00e9","og_description":"Exclusivit\u00e9 ! Achetez vite ! cette superbe Lame de Glace Marcheurs Blancs. Tout en r\u00e9sine acrylique. Une pi\u00e8ce rare \u00e0 ne pas manquer","og_url":"https:\/\/repliquemangacine.fr\/it\/spade-di-game-of-thrones\/spada-di-ghiaccio-camminatori-bianchi\/","og_site_name":"R\u00e9plique Manga Cin\u00e9","article_publisher":"https:\/\/www.facebook.com\/RepliqueMangaCine","article_modified_time":"2026-01-09T10:04:22+00:00","og_image":[{"width":800,"height":800,"url":"https:\/\/repliquemangacine.fr\/wp-content\/uploads\/2023\/10\/3203-Epee-de-glace-Marcheurs-Blancs.jpg","type":"image\/jpeg"}],"twitter_card":"summary_large_image","twitter_misc":{"Tempo di lettura stimato":"1 minuto"},"schema":{"@context":"https:\/\/schema.org","@graph":[{"@type":"WebPage","@id":"https:\/\/repliquemangacine.fr\/epees-game-of-thrones\/epee-de-glace-marcheurs-blancs\/","url":"https:\/\/repliquemangacine.fr\/epees-game-of-thrones\/epee-de-glace-marcheurs-blancs\/","name":"Lama di ghiaccio Camminatori bianchi - GOT - R\u00e9plique Manga Cin\u00e9","isPartOf":{"@id":"https:\/\/repliquemangacine.fr\/#website"},"primaryImageOfPage":{"@id":"https:\/\/repliquemangacine.fr\/epees-game-of-thrones\/epee-de-glace-marcheurs-blancs\/#primaryimage"},"image":{"@id":"https:\/\/repliquemangacine.fr\/epees-game-of-thrones\/epee-de-glace-marcheurs-blancs\/#primaryimage"},"thumbnailUrl":"https:\/\/repliquemangacine.fr\/wp-content\/uploads\/2023\/10\/3203-Epee-de-glace-Marcheurs-Blancs.jpg","datePublished":"2019-10-27T18:30:22+00:00","dateModified":"2026-01-09T10:04:22+00:00","description":"Esclusivo! Acquista subito questa superba lama di ghiaccio degli Estranei Bianchi! Tutta in resina acrilica. Un pezzo raro da non perdere","breadcrumb":{"@id":"https:\/\/repliquemangacine.fr\/epees-game-of-thrones\/epee-de-glace-marcheurs-blancs\/#breadcrumb"},"inLanguage":"it-IT","potentialAction":[{"@type":"ReadAction","target":["https:\/\/repliquemangacine.fr\/epees-game-of-thrones\/epee-de-glace-marcheurs-blancs\/"]}]},{"@type":"ImageObject","inLanguage":"it-IT","@id":"https:\/\/repliquemangacine.fr\/epees-game-of-thrones\/epee-de-glace-marcheurs-blancs\/#primaryimage","url":"https:\/\/repliquemangacine.fr\/wp-content\/uploads\/2023\/10\/3203-Epee-de-glace-Marcheurs-Blancs.jpg","contentUrl":"https:\/\/repliquemangacine.fr\/wp-content\/uploads\/2023\/10\/3203-Epee-de-glace-Marcheurs-Blancs.jpg","width":800,"height":800,"caption":"\u00c9p\u00e9e de glace Marcheurs Blancs"},{"@type":"BreadcrumbList","@id":"https:\/\/repliquemangacine.fr\/epees-game-of-thrones\/epee-de-glace-marcheurs-blancs\/#breadcrumb","itemListElement":[{"@type":"ListItem","position":1,"name":"Accueil","item":"https:\/\/repliquemangacine.fr\/"},{"@type":"ListItem","position":2,"name":"Produits","item":"https:\/\/repliquemangacine.fr\/boutique\/"},{"@type":"ListItem","position":3,"name":"Lame de Glace Marcheurs Blancs"}]},{"@type":"WebSite","@id":"https:\/\/repliquemangacine.fr\/#website","url":"https:\/\/repliquemangacine.fr\/","name":"R\u00e9plique Manga Cin\u00e9","description":"","publisher":{"@id":"https:\/\/repliquemangacine.fr\/#organization"},"potentialAction":[{"@type":"SearchAction","target":{"@type":"EntryPoint","urlTemplate":"https:\/\/repliquemangacine.fr\/?s={search_term_string}"},"query-input":{"@type":"PropertyValueSpecification","valueRequired":true,"valueName":"search_term_string"}}],"inLanguage":"it-IT"},{"@type":"Organization","@id":"https:\/\/repliquemangacine.fr\/#organization","name":"R\u00e9plique Manga Cin\u00e9","url":"https:\/\/repliquemangacine.fr\/","logo":{"@type":"ImageObject","inLanguage":"it-IT","@id":"https:\/\/repliquemangacine.fr\/#\/schema\/logo\/image\/","url":"https:\/\/repliquemangacine.fr\/wp-content\/uploads\/2023\/10\/RMC-500250.png","contentUrl":"https:\/\/repliquemangacine.fr\/wp-content\/uploads\/2023\/10\/RMC-500250.png","width":500,"height":250,"caption":"R\u00e9plique Manga Cin\u00e9"},"image":{"@id":"https:\/\/repliquemangacine.fr\/#\/schema\/logo\/image\/"},"sameAs":["https:\/\/www.facebook.com\/RepliqueMangaCine","https:\/\/www.instagram.com\/repliquemangacine.fr\/"]}]}},"_links":{"self":[{"href":"https:\/\/repliquemangacine.fr\/it\/wp-json\/wp\/v2\/product\/28499","targetHints":{"allow":["GET"]}}],"collection":[{"href":"https:\/\/repliquemangacine.fr\/it\/wp-json\/wp\/v2\/product"}],"about":[{"href":"https:\/\/repliquemangacine.fr\/it\/wp-json\/wp\/v2\/types\/product"}],"wp:featuredmedia":[{"embeddable":true,"href":"https:\/\/repliquemangacine.fr\/it\/wp-json\/wp\/v2\/media\/28500"}],"wp:attachment":[{"href":"https:\/\/repliquemangacine.fr\/it\/wp-json\/wp\/v2\/media?parent=28499"}],"wp:term":[{"taxonomy":"product_brand","embeddable":true,"href":"https:\/\/repliquemangacine.fr\/it\/wp-json\/wp\/v2\/product_brand?post=28499"},{"taxonomy":"product_cat","embeddable":true,"href":"https:\/\/repliquemangacine.fr\/it\/wp-json\/wp\/v2\/product_cat?post=28499"},{"taxonomy":"product_tag","embeddable":true,"href":"https:\/\/repliquemangacine.fr\/it\/wp-json\/wp\/v2\/product_tag?post=28499"}],"curies":[{"name":"wp","href":"https:\/\/api.w.org\/{rel}","templated":true}]}}