





{"id":28492,"date":"2019-10-26T19:57:15","date_gmt":"2019-10-26T17:57:15","guid":{"rendered":"https:\/\/repliquemangacine.fr\/?post_type=product&#038;p=28492"},"modified":"2025-09-23T18:02:25","modified_gmt":"2025-09-23T16:02:25","slug":"spada-del-pianto-della-vedova-spada-di-re-joffrey-game-of-thrones","status":"publish","type":"product","link":"https:\/\/repliquemangacine.fr\/it\/epees-game-of-thrones\/epee-pleurs-de-veuve-epee-du-roi-joffrey-game-of-thrones\/","title":{"rendered":"Spada del pianto della vedova"},"content":{"rendered":"<h2>La spada del pianto della vedova di Re Joffrey in Game of Thrones.<\/h2>\n<p>Per cominciare, il<strong>Spada del pianto della vedova<\/strong> del giovane re Joffrey \u00e8 una lunga spada in <a href=\"https:\/\/gameofthrones.fandom.com\/fr\/wiki\/Acier_valyrien\" target=\"_blank\" rel=\"noopener noreferrer\">Acciaio valyriano<\/a> forgiata da un fabbro di Volantis a partire dalla spada di Eddard Stark, Glace. Sua sorella \u00e8 Faerie.<\/p>\n<p>Regalata a re Joffrey per il suo matrimonio con Margaery Tyrell e chiamata pianto della vedova. Dopo aver battezzato la spada, il giovane re la inaugura spaccando in due il libro che lo zio Tyrion gli ha appena regalato per le nozze!<\/p>\n<p>Poi usa l'arma per tagliare la torta del suo banchetto nuziale. Joffrey ha appena avuto il tempo di dargli un nome, ma muore dopo aver bevuto del vino avvelenato lo stesso giorno.<\/p>\n<h2>La vostra spada Pleurs de Veuve al miglior prezzo.<\/h2>\n<p>Vi presentiamo tutte le spade replica dei vostri eroi preferiti di Game of Thrones.<\/p>\n<p>Innanzitutto,<\/p>\n<ul>\n<li>L'<a href=\"https:\/\/repliquemangacine.fr\/it\/spade-di-game-of-thrones\/ago-della-spada-arya-stark-game-of-thrones\/\">spada ad ago arya<\/a> Stark, datagli da Jon Snow.<\/li>\n<li>Ma anche il<a href=\"https:\/\/repliquemangacine.fr\/it\/spade-di-game-of-thrones\/jaime-lannister-spada-game-of-thrones\/\">La spada di Jaime Lannister<\/a>.<\/li>\n<li>Cos\u00ec come <a href=\"https:\/\/repliquemangacine.fr\/it\/gioielli-da-collezione\/uovo-di-drogon-di-game-of-thrones\/\">uova di drago<\/a> di Daenerys.<\/li>\n<li>E molti altri da scoprire nel nostro negozio online!<\/li>\n<\/ul>\n<p>Ecco perch\u00e9 questa \u00e8 un'ottima idea regalo per i fan della serie Game of Thrones.<\/p>\n<p>Per concludere, \u00e8 possibile utilizzare l'opzione\u2019<strong>Spada del pianto della vedova<\/strong> per le sfilate di cosplay o le serate a tema. Ma soprattutto, \u00e8 un oggetto da collezione e una decorazione.<\/p>\n<h2>Come faccio a mantenere la lama della mia spada di Game of Thrones?<\/h2>\n<p>Le spade da collezione e decorative sono realizzate e assemblate in modo semplificato. Poich\u00e9 il loro uso \u00e8 decorativo, non hanno le caratteristiche di sicurezza richieste per una spada giapponese destinata all'allenamento.<\/p>\n<p>Tuttavia, il vostro <strong>Spada del pianto della vedova<\/strong> a una lama d'acciaio che deve essere curata per evitare che si danneggi nel tempo. Quando si espone la katana, gli amici saranno curiosi di vedere la lama e di toccarla. \u00c8 qui che bisogna fare attenzione, perch\u00e9 l'acidit\u00e0 delle dita \u00e8 molto dannosa per l'acciaio, indipendentemente dalla sua qualit\u00e0.<\/p>\n<p>Tuttavia, se ci\u00f2 dovesse accadere, niente panico: basta un panno inumidito con un po' d'olio per eliminare le impronte. In questo modo, la spada durer\u00e0 a lungo.<\/p>\n<p><strong>\u00a0<\/strong><\/p>","protected":false},"excerpt":{"rendered":"<p>Replica della spada del Grido della Vedova di Games of Thrones.<\/p>\n<ul>\n<li>Lama in acciaio 440 con scanalatura.<\/li>\n<li>Protezione specifica della forma.<\/li>\n<li>Maniglia in metallo.<\/li>\n<li>Pomello in acciaio con pietre di resina a forma di rubino e diamante.<\/li>\n<li>Targa da parete in legno.<\/li>\n<li>Lunghezza lama: 84 cm - Lunghezza totale: 109 cm<\/li>\n<\/ul>\n<p><strong>\u00a0<\/strong><\/p>","protected":false},"featured_media":28493,"template":"","meta":[],"product_brand":[896],"product_cat":[72,24,47],"product_tag":[],"class_list":{"0":"post-28492","1":"product","2":"type-product","3":"status-publish","4":"has-post-thumbnail","6":"product_brand-replique-manga-cine","7":"product_cat-epees-game-of-thrones","8":"product_cat-films-series-tv-vente-de-katana-epee-et-produits-derives","9":"product_cat-game-of-thrones","11":"first","12":"instock","13":"taxable","14":"shipping-taxable","15":"purchasable","16":"product-type-simple"},"yoast_head":"<!-- This site is optimized with the Yoast SEO plugin v27.4 - https:\/\/yoast.com\/product\/yoast-seo-wordpress\/ -->\n<title>Ep\u00e9e Pleurs de Veuve - Game Of Thrones - R\u00e9plique Manga Cin\u00e9<\/title>\n<meta name=\"description\" content=\"Offrez-vous l&#039;Ep\u00e9e Pleurs de Veuve du roi Joffrey dans Game of Thrones au meilleur prix. Lame en acier - Support - Longueur totale : 109 cm - Envoi 24\/48h\" \/>\n<meta name=\"robots\" content=\"index, follow, max-snippet:-1, max-image-preview:large, max-video-preview:-1\" \/>\n<link rel=\"canonical\" href=\"https:\/\/repliquemangacine.fr\/it\/spade-di-game-of-thrones\/spada-del-pianto-della-vedova-spada-di-re-joffrey-game-of-thrones\/\" \/>\n<meta property=\"og:locale\" content=\"it_IT\" \/>\n<meta property=\"og:type\" content=\"article\" \/>\n<meta property=\"og:title\" content=\"Ep\u00e9e Pleurs de Veuve - Game Of Thrones - R\u00e9plique Manga Cin\u00e9\" \/>\n<meta property=\"og:description\" content=\"Offrez-vous l&#039;Ep\u00e9e Pleurs de Veuve du roi Joffrey dans Game of Thrones au meilleur prix. Lame en acier - Support - Longueur totale : 109 cm - Envoi 24\/48h\" \/>\n<meta property=\"og:url\" content=\"https:\/\/repliquemangacine.fr\/it\/spade-di-game-of-thrones\/spada-del-pianto-della-vedova-spada-di-re-joffrey-game-of-thrones\/\" \/>\n<meta property=\"og:site_name\" content=\"R\u00e9plique Manga Cin\u00e9\" \/>\n<meta property=\"article:publisher\" content=\"https:\/\/www.facebook.com\/RepliqueMangaCine\" \/>\n<meta property=\"article:modified_time\" content=\"2025-09-23T16:02:25+00:00\" \/>\n<meta property=\"og:image\" content=\"https:\/\/repliquemangacine.fr\/wp-content\/uploads\/2023\/10\/3199-Epee-Pleurs-de-Veuve-epee-du-roi-Joffrey-Game-of-Thrones.jpg\" \/>\n\t<meta property=\"og:image:width\" content=\"800\" \/>\n\t<meta property=\"og:image:height\" content=\"800\" \/>\n\t<meta property=\"og:image:type\" content=\"image\/jpeg\" \/>\n<meta name=\"twitter:card\" content=\"summary_large_image\" \/>\n<meta name=\"twitter:label1\" content=\"Tempo di lettura stimato\" \/>\n\t<meta name=\"twitter:data1\" content=\"1 minuto\" \/>\n<script type=\"application\/ld+json\" class=\"yoast-schema-graph\">{\"@context\":\"https:\\\/\\\/schema.org\",\"@graph\":[{\"@type\":\"WebPage\",\"@id\":\"https:\\\/\\\/repliquemangacine.fr\\\/epees-game-of-thrones\\\/epee-pleurs-de-veuve-epee-du-roi-joffrey-game-of-thrones\\\/\",\"url\":\"https:\\\/\\\/repliquemangacine.fr\\\/epees-game-of-thrones\\\/epee-pleurs-de-veuve-epee-du-roi-joffrey-game-of-thrones\\\/\",\"name\":\"Ep\u00e9e Pleurs de Veuve - Game Of Thrones - R\u00e9plique Manga Cin\u00e9\",\"isPartOf\":{\"@id\":\"https:\\\/\\\/repliquemangacine.fr\\\/#website\"},\"primaryImageOfPage\":{\"@id\":\"https:\\\/\\\/repliquemangacine.fr\\\/epees-game-of-thrones\\\/epee-pleurs-de-veuve-epee-du-roi-joffrey-game-of-thrones\\\/#primaryimage\"},\"image\":{\"@id\":\"https:\\\/\\\/repliquemangacine.fr\\\/epees-game-of-thrones\\\/epee-pleurs-de-veuve-epee-du-roi-joffrey-game-of-thrones\\\/#primaryimage\"},\"thumbnailUrl\":\"https:\\\/\\\/repliquemangacine.fr\\\/wp-content\\\/uploads\\\/2023\\\/10\\\/3199-Epee-Pleurs-de-Veuve-epee-du-roi-Joffrey-Game-of-Thrones.jpg\",\"datePublished\":\"2019-10-26T17:57:15+00:00\",\"dateModified\":\"2025-09-23T16:02:25+00:00\",\"description\":\"Offrez-vous l'Ep\u00e9e Pleurs de Veuve du roi Joffrey dans Game of Thrones au meilleur prix. Lame en acier - Support - Longueur totale : 109 cm - Envoi 24\\\/48h\",\"breadcrumb\":{\"@id\":\"https:\\\/\\\/repliquemangacine.fr\\\/epees-game-of-thrones\\\/epee-pleurs-de-veuve-epee-du-roi-joffrey-game-of-thrones\\\/#breadcrumb\"},\"inLanguage\":\"it-IT\",\"potentialAction\":[{\"@type\":\"ReadAction\",\"target\":[\"https:\\\/\\\/repliquemangacine.fr\\\/epees-game-of-thrones\\\/epee-pleurs-de-veuve-epee-du-roi-joffrey-game-of-thrones\\\/\"]}]},{\"@type\":\"ImageObject\",\"inLanguage\":\"it-IT\",\"@id\":\"https:\\\/\\\/repliquemangacine.fr\\\/epees-game-of-thrones\\\/epee-pleurs-de-veuve-epee-du-roi-joffrey-game-of-thrones\\\/#primaryimage\",\"url\":\"https:\\\/\\\/repliquemangacine.fr\\\/wp-content\\\/uploads\\\/2023\\\/10\\\/3199-Epee-Pleurs-de-Veuve-epee-du-roi-Joffrey-Game-of-Thrones.jpg\",\"contentUrl\":\"https:\\\/\\\/repliquemangacine.fr\\\/wp-content\\\/uploads\\\/2023\\\/10\\\/3199-Epee-Pleurs-de-Veuve-epee-du-roi-Joffrey-Game-of-Thrones.jpg\",\"width\":800,\"height\":800,\"caption\":\"Ep\u00e9e Pleurs de Veuve, \u00e9p\u00e9e du roi Joffrey- Game of Thrones\"},{\"@type\":\"BreadcrumbList\",\"@id\":\"https:\\\/\\\/repliquemangacine.fr\\\/epees-game-of-thrones\\\/epee-pleurs-de-veuve-epee-du-roi-joffrey-game-of-thrones\\\/#breadcrumb\",\"itemListElement\":[{\"@type\":\"ListItem\",\"position\":1,\"name\":\"Accueil\",\"item\":\"https:\\\/\\\/repliquemangacine.fr\\\/\"},{\"@type\":\"ListItem\",\"position\":2,\"name\":\"Produits\",\"item\":\"https:\\\/\\\/repliquemangacine.fr\\\/boutique\\\/\"},{\"@type\":\"ListItem\",\"position\":3,\"name\":\"Ep\u00e9e Pleurs de Veuve\"}]},{\"@type\":\"WebSite\",\"@id\":\"https:\\\/\\\/repliquemangacine.fr\\\/#website\",\"url\":\"https:\\\/\\\/repliquemangacine.fr\\\/\",\"name\":\"R\u00e9plique Manga Cin\u00e9\",\"description\":\"\",\"publisher\":{\"@id\":\"https:\\\/\\\/repliquemangacine.fr\\\/#organization\"},\"potentialAction\":[{\"@type\":\"SearchAction\",\"target\":{\"@type\":\"EntryPoint\",\"urlTemplate\":\"https:\\\/\\\/repliquemangacine.fr\\\/?s={search_term_string}\"},\"query-input\":{\"@type\":\"PropertyValueSpecification\",\"valueRequired\":true,\"valueName\":\"search_term_string\"}}],\"inLanguage\":\"it-IT\"},{\"@type\":\"Organization\",\"@id\":\"https:\\\/\\\/repliquemangacine.fr\\\/#organization\",\"name\":\"R\u00e9plique Manga Cin\u00e9\",\"url\":\"https:\\\/\\\/repliquemangacine.fr\\\/\",\"logo\":{\"@type\":\"ImageObject\",\"inLanguage\":\"it-IT\",\"@id\":\"https:\\\/\\\/repliquemangacine.fr\\\/#\\\/schema\\\/logo\\\/image\\\/\",\"url\":\"https:\\\/\\\/repliquemangacine.fr\\\/wp-content\\\/uploads\\\/2023\\\/10\\\/RMC-500250.png\",\"contentUrl\":\"https:\\\/\\\/repliquemangacine.fr\\\/wp-content\\\/uploads\\\/2023\\\/10\\\/RMC-500250.png\",\"width\":500,\"height\":250,\"caption\":\"R\u00e9plique Manga Cin\u00e9\"},\"image\":{\"@id\":\"https:\\\/\\\/repliquemangacine.fr\\\/#\\\/schema\\\/logo\\\/image\\\/\"},\"sameAs\":[\"https:\\\/\\\/www.facebook.com\\\/RepliqueMangaCine\",\"https:\\\/\\\/www.instagram.com\\\/repliquemangacine.fr\\\/\"]}]}<\/script>\n<!-- \/ Yoast SEO plugin. -->","yoast_head_json":{"title":"Spada del pianto della vedova - Game Of Thrones - R\u00e9plique Manga Cin\u00e9","description":"Regalati la Spada Grido di Vedova di Re Joffrey da Game of Thrones al miglior prezzo. Lama in acciaio - Supporto - Lunghezza totale: 109 cm - Spedizione 24\/48h","robots":{"index":"index","follow":"follow","max-snippet":"max-snippet:-1","max-image-preview":"max-image-preview:large","max-video-preview":"max-video-preview:-1"},"canonical":"https:\/\/repliquemangacine.fr\/it\/spade-di-game-of-thrones\/spada-del-pianto-della-vedova-spada-di-re-joffrey-game-of-thrones\/","og_locale":"it_IT","og_type":"article","og_title":"Ep\u00e9e Pleurs de Veuve - Game Of Thrones - R\u00e9plique Manga Cin\u00e9","og_description":"Offrez-vous l'Ep\u00e9e Pleurs de Veuve du roi Joffrey dans Game of Thrones au meilleur prix. Lame en acier - Support - Longueur totale : 109 cm - Envoi 24\/48h","og_url":"https:\/\/repliquemangacine.fr\/it\/spade-di-game-of-thrones\/spada-del-pianto-della-vedova-spada-di-re-joffrey-game-of-thrones\/","og_site_name":"R\u00e9plique Manga Cin\u00e9","article_publisher":"https:\/\/www.facebook.com\/RepliqueMangaCine","article_modified_time":"2025-09-23T16:02:25+00:00","og_image":[{"width":800,"height":800,"url":"https:\/\/repliquemangacine.fr\/wp-content\/uploads\/2023\/10\/3199-Epee-Pleurs-de-Veuve-epee-du-roi-Joffrey-Game-of-Thrones.jpg","type":"image\/jpeg"}],"twitter_card":"summary_large_image","twitter_misc":{"Tempo di lettura stimato":"1 minuto"},"schema":{"@context":"https:\/\/schema.org","@graph":[{"@type":"WebPage","@id":"https:\/\/repliquemangacine.fr\/epees-game-of-thrones\/epee-pleurs-de-veuve-epee-du-roi-joffrey-game-of-thrones\/","url":"https:\/\/repliquemangacine.fr\/epees-game-of-thrones\/epee-pleurs-de-veuve-epee-du-roi-joffrey-game-of-thrones\/","name":"Spada del pianto della vedova - Game Of Thrones - R\u00e9plique Manga Cin\u00e9","isPartOf":{"@id":"https:\/\/repliquemangacine.fr\/#website"},"primaryImageOfPage":{"@id":"https:\/\/repliquemangacine.fr\/epees-game-of-thrones\/epee-pleurs-de-veuve-epee-du-roi-joffrey-game-of-thrones\/#primaryimage"},"image":{"@id":"https:\/\/repliquemangacine.fr\/epees-game-of-thrones\/epee-pleurs-de-veuve-epee-du-roi-joffrey-game-of-thrones\/#primaryimage"},"thumbnailUrl":"https:\/\/repliquemangacine.fr\/wp-content\/uploads\/2023\/10\/3199-Epee-Pleurs-de-Veuve-epee-du-roi-Joffrey-Game-of-Thrones.jpg","datePublished":"2019-10-26T17:57:15+00:00","dateModified":"2025-09-23T16:02:25+00:00","description":"Regalati la Spada Grido di Vedova di Re Joffrey da Game of Thrones al miglior prezzo. Lama in acciaio - Supporto - Lunghezza totale: 109 cm - Spedizione 24\/48h","breadcrumb":{"@id":"https:\/\/repliquemangacine.fr\/epees-game-of-thrones\/epee-pleurs-de-veuve-epee-du-roi-joffrey-game-of-thrones\/#breadcrumb"},"inLanguage":"it-IT","potentialAction":[{"@type":"ReadAction","target":["https:\/\/repliquemangacine.fr\/epees-game-of-thrones\/epee-pleurs-de-veuve-epee-du-roi-joffrey-game-of-thrones\/"]}]},{"@type":"ImageObject","inLanguage":"it-IT","@id":"https:\/\/repliquemangacine.fr\/epees-game-of-thrones\/epee-pleurs-de-veuve-epee-du-roi-joffrey-game-of-thrones\/#primaryimage","url":"https:\/\/repliquemangacine.fr\/wp-content\/uploads\/2023\/10\/3199-Epee-Pleurs-de-Veuve-epee-du-roi-Joffrey-Game-of-Thrones.jpg","contentUrl":"https:\/\/repliquemangacine.fr\/wp-content\/uploads\/2023\/10\/3199-Epee-Pleurs-de-Veuve-epee-du-roi-Joffrey-Game-of-Thrones.jpg","width":800,"height":800,"caption":"Ep\u00e9e Pleurs de Veuve, \u00e9p\u00e9e du roi Joffrey- Game of Thrones"},{"@type":"BreadcrumbList","@id":"https:\/\/repliquemangacine.fr\/epees-game-of-thrones\/epee-pleurs-de-veuve-epee-du-roi-joffrey-game-of-thrones\/#breadcrumb","itemListElement":[{"@type":"ListItem","position":1,"name":"Accueil","item":"https:\/\/repliquemangacine.fr\/"},{"@type":"ListItem","position":2,"name":"Produits","item":"https:\/\/repliquemangacine.fr\/boutique\/"},{"@type":"ListItem","position":3,"name":"Ep\u00e9e Pleurs de Veuve"}]},{"@type":"WebSite","@id":"https:\/\/repliquemangacine.fr\/#website","url":"https:\/\/repliquemangacine.fr\/","name":"R\u00e9plique Manga Cin\u00e9","description":"","publisher":{"@id":"https:\/\/repliquemangacine.fr\/#organization"},"potentialAction":[{"@type":"SearchAction","target":{"@type":"EntryPoint","urlTemplate":"https:\/\/repliquemangacine.fr\/?s={search_term_string}"},"query-input":{"@type":"PropertyValueSpecification","valueRequired":true,"valueName":"search_term_string"}}],"inLanguage":"it-IT"},{"@type":"Organization","@id":"https:\/\/repliquemangacine.fr\/#organization","name":"R\u00e9plique Manga Cin\u00e9","url":"https:\/\/repliquemangacine.fr\/","logo":{"@type":"ImageObject","inLanguage":"it-IT","@id":"https:\/\/repliquemangacine.fr\/#\/schema\/logo\/image\/","url":"https:\/\/repliquemangacine.fr\/wp-content\/uploads\/2023\/10\/RMC-500250.png","contentUrl":"https:\/\/repliquemangacine.fr\/wp-content\/uploads\/2023\/10\/RMC-500250.png","width":500,"height":250,"caption":"R\u00e9plique Manga Cin\u00e9"},"image":{"@id":"https:\/\/repliquemangacine.fr\/#\/schema\/logo\/image\/"},"sameAs":["https:\/\/www.facebook.com\/RepliqueMangaCine","https:\/\/www.instagram.com\/repliquemangacine.fr\/"]}]}},"_links":{"self":[{"href":"https:\/\/repliquemangacine.fr\/it\/wp-json\/wp\/v2\/product\/28492","targetHints":{"allow":["GET"]}}],"collection":[{"href":"https:\/\/repliquemangacine.fr\/it\/wp-json\/wp\/v2\/product"}],"about":[{"href":"https:\/\/repliquemangacine.fr\/it\/wp-json\/wp\/v2\/types\/product"}],"wp:featuredmedia":[{"embeddable":true,"href":"https:\/\/repliquemangacine.fr\/it\/wp-json\/wp\/v2\/media\/28493"}],"wp:attachment":[{"href":"https:\/\/repliquemangacine.fr\/it\/wp-json\/wp\/v2\/media?parent=28492"}],"wp:term":[{"taxonomy":"product_brand","embeddable":true,"href":"https:\/\/repliquemangacine.fr\/it\/wp-json\/wp\/v2\/product_brand?post=28492"},{"taxonomy":"product_cat","embeddable":true,"href":"https:\/\/repliquemangacine.fr\/it\/wp-json\/wp\/v2\/product_cat?post=28492"},{"taxonomy":"product_tag","embeddable":true,"href":"https:\/\/repliquemangacine.fr\/it\/wp-json\/wp\/v2\/product_tag?post=28492"}],"curies":[{"name":"wp","href":"https:\/\/api.w.org\/{rel}","templated":true}]}}