





{"id":28407,"date":"2019-09-26T14:48:54","date_gmt":"2019-09-26T12:48:54","guid":{"rendered":"https:\/\/repliquemangacine.fr\/?post_type=product&#038;p=28407"},"modified":"2025-09-23T18:02:21","modified_gmt":"2025-09-23T16:02:21","slug":"set-di-2-kunai-di-naruto-con-incisione","status":"publish","type":"product","link":"https:\/\/repliquemangacine.fr\/it\/kunai-et-shuriken-naruto\/ensemble-de-2-kunai-naruto-avec-gravure\/","title":{"rendered":"2 Kunai di Naruto con incisione"},"content":{"rendered":"<h2>\u00a02 Kunai di Naruto con ideogramma e custodia.<\/h2>\n<p>Per cominciare, il <strong>2 kunai di Naruto<\/strong> viene fornito con una custodia per il trasporto.<\/p>\n<p>Il Kunai, come lo shuriken, \u00e8 un'arma comunemente usata dai ninja. \u00c8 un'arma bianca, lunga in media quanto una mano, progettata per ferire nel combattimento ravvicinato, anche se pu\u00f2 essere usata come arma da lancio.<\/p>\n<p>I kunai possono anche essere nascosti in una manica. Come la maggior parte delle armi, un kunai pu\u00f2 essere caricato con il chakra, rendendolo molto pi\u00f9 formidabile.<\/p>\n<p>Esistono diversi stili di <a href=\"https:\/\/naruto.fandom.com\/fr\/wiki\/Kuna\u00ef\" target=\"_blank\" rel=\"noopener noreferrer\">Kunai<\/a>. Minato Namikaze usa kunai a tre lame con un sigillo speciale per la sua tecnica di movimento istantaneo, dandogli il soprannome di \"Fulmine Giallo di Konoha\". Durante la prova finale dell'esame di selezione degli sh\u00fbnin, Kabuto ha usato un kunai senza anello per uccidere un membro degli Anbu.<\/p>\n<h2>Il tuo set di 2 Naruto Kunai al miglior prezzo.<\/h2>\n<p>Vi proponiamo tutte le battute dei vostri personaggi preferiti del famoso manga animato Naruto.<\/p>\n<p>Innanzitutto,<\/p>\n<ul>\n<li>La replica di <a href=\"https:\/\/repliquemangacine.fr\/it\/naruto\/spada-zabuza-spada-kubikiribocho\/\">la spada di Zabuza<\/a> con il suo grande elicottero.<\/li>\n<li>Cos\u00ec come il <a href=\"https:\/\/repliquemangacine.fr\/it\/naruto\/naruto-set-di-28-pezzi\/\">Confezione regalo da 28 pezzi<\/a> per gli amanti di Naruto.<\/li>\n<li>E molti altri da scoprire nel nostro negozio online!<\/li>\n<\/ul>\n<p>Ecco quindi alcune fantastiche idee regalo per i fan di Naruto.<\/p>\n<p>In conclusione, \u00e8 possibile utilizzare anche questo set di <strong>2 kunai di Naruto<\/strong> per abbellire la vostra collezione e la vostra casa.<\/p>\n<p>Ma soprattutto, i 2 Naruto Kunai sono oggetti da collezione e decorazioni.<\/p>\n<h2>Scopri le nostre ultime novit\u00e0 Naruto a basso prezzo<\/h2>\n<p>Siamo sempre alla ricerca di novit\u00e0 e, per venire incontro alle vostre esigenze, abbiamo in serbo per voi alcune piccole chicche da scoprire nel prossimo futuro!<\/p>\n<p>Ad esempio, il grande Naruto Kunai con il manico bianco. Nel prossimo futuro, avremo il grande piacere di presentarvi le statuette di Naruto.<\/p>\n<p>R\u00e9plique Manga Cin\u00e9 \u00e8 un'azienda familiare francese.<\/p>\n<p><strong>Si prega di notare che tutte le nostre repliche sono oggetti da collezione e decorazioni. Possono essere utilizzate per rievocazioni storiche, sfilate di cosplay o decorazioni di interni. Di conseguenza, non \u00e8 possibile andare in luoghi pubblici con queste repliche.<\/strong><\/p>","protected":false},"excerpt":{"rendered":"<p>Superbo set di 2 Kunai di Naruto.<\/p>\n<ul>\n<li>Costruzione a codolo pieno con incisione.<\/li>\n<li>Nastro di cotone rosso per una presa sicura.<\/li>\n<li>Fornito con una custodia in cordura nera che pu\u00f2 essere indossata alla cintura.<\/li>\n<li>Lunghezza totale di ogni Kunai: 16 cm<\/li>\n<\/ul>","protected":false},"featured_media":28408,"template":"","meta":[],"product_brand":[896],"product_cat":[108,23,42],"product_tag":[],"class_list":{"0":"post-28407","1":"product","2":"type-product","3":"status-publish","4":"has-post-thumbnail","6":"product_brand-replique-manga-cine","7":"product_cat-kunai-et-shuriken-naruto","8":"product_cat-repliques-manga-jeux-video","9":"product_cat-katana-goodies-naruto-kunai","11":"first","12":"outofstock","13":"taxable","14":"shipping-taxable","15":"purchasable","16":"product-type-simple"},"yoast_head":"<!-- This site is optimized with the Yoast SEO plugin v27.4 - https:\/\/yoast.com\/product\/yoast-seo-wordpress\/ -->\n<title>2 kuna\u00ef Naruto - Produits d\u00e9riv\u00e9s Naruto - R\u00e9plique Manga Cin\u00e9<\/title>\n<meta name=\"description\" content=\"Faite vous plaisir commandez vite cet ensemble de 2 Kuna\u00ef Naruto au meilleur prix. Tout en acier - Longueur totale : 16cm - Envoi 24\/48h\" \/>\n<meta name=\"robots\" content=\"index, follow, max-snippet:-1, max-image-preview:large, max-video-preview:-1\" \/>\n<link rel=\"canonical\" href=\"https:\/\/repliquemangacine.fr\/it\/naruto-kunai-e-shuriken\/set-di-2-kunai-di-naruto-con-incisione\/\" \/>\n<meta property=\"og:locale\" content=\"it_IT\" \/>\n<meta property=\"og:type\" content=\"article\" \/>\n<meta property=\"og:title\" content=\"2 kuna\u00ef Naruto - Produits d\u00e9riv\u00e9s Naruto - R\u00e9plique Manga Cin\u00e9\" \/>\n<meta property=\"og:description\" content=\"Faite vous plaisir commandez vite cet ensemble de 2 Kuna\u00ef Naruto au meilleur prix. Tout en acier - Longueur totale : 16cm - Envoi 24\/48h\" \/>\n<meta property=\"og:url\" content=\"https:\/\/repliquemangacine.fr\/it\/naruto-kunai-e-shuriken\/set-di-2-kunai-di-naruto-con-incisione\/\" \/>\n<meta property=\"og:site_name\" content=\"R\u00e9plique Manga Cin\u00e9\" \/>\n<meta property=\"article:publisher\" content=\"https:\/\/www.facebook.com\/RepliqueMangaCine\" \/>\n<meta property=\"article:modified_time\" content=\"2025-09-23T16:02:21+00:00\" \/>\n<meta property=\"og:image\" content=\"https:\/\/repliquemangacine.fr\/wp-content\/uploads\/2023\/10\/6653.jpg\" \/>\n\t<meta property=\"og:image:width\" content=\"500\" \/>\n\t<meta property=\"og:image:height\" content=\"500\" \/>\n\t<meta property=\"og:image:type\" content=\"image\/jpeg\" \/>\n<meta name=\"twitter:card\" content=\"summary_large_image\" \/>\n<meta name=\"twitter:label1\" content=\"Tempo di lettura stimato\" \/>\n\t<meta name=\"twitter:data1\" content=\"1 minuto\" \/>\n<script type=\"application\/ld+json\" class=\"yoast-schema-graph\">{\"@context\":\"https:\\\/\\\/schema.org\",\"@graph\":[{\"@type\":\"WebPage\",\"@id\":\"https:\\\/\\\/repliquemangacine.fr\\\/de\\\/kunai-und-shuriken-naruto\\\/set-von-2-kunai-naruto-mit-gravur\\\/\",\"url\":\"https:\\\/\\\/repliquemangacine.fr\\\/de\\\/kunai-und-shuriken-naruto\\\/set-von-2-kunai-naruto-mit-gravur\\\/\",\"name\":\"2 kuna\u00ef Naruto - Produits d\u00e9riv\u00e9s Naruto - R\u00e9plique Manga Cin\u00e9\",\"isPartOf\":{\"@id\":\"https:\\\/\\\/repliquemangacine.fr\\\/#website\"},\"primaryImageOfPage\":{\"@id\":\"https:\\\/\\\/repliquemangacine.fr\\\/de\\\/kunai-und-shuriken-naruto\\\/set-von-2-kunai-naruto-mit-gravur\\\/#primaryimage\"},\"image\":{\"@id\":\"https:\\\/\\\/repliquemangacine.fr\\\/de\\\/kunai-und-shuriken-naruto\\\/set-von-2-kunai-naruto-mit-gravur\\\/#primaryimage\"},\"thumbnailUrl\":\"https:\\\/\\\/repliquemangacine.fr\\\/wp-content\\\/uploads\\\/2023\\\/10\\\/6653.jpg\",\"datePublished\":\"2019-09-26T12:48:54+00:00\",\"dateModified\":\"2025-09-23T16:02:21+00:00\",\"description\":\"Faite vous plaisir commandez vite cet ensemble de 2 Kuna\u00ef Naruto au meilleur prix. Tout en acier - Longueur totale : 16cm - Envoi 24\\\/48h\",\"breadcrumb\":{\"@id\":\"https:\\\/\\\/repliquemangacine.fr\\\/de\\\/kunai-und-shuriken-naruto\\\/set-von-2-kunai-naruto-mit-gravur\\\/#breadcrumb\"},\"inLanguage\":\"it-IT\",\"potentialAction\":[{\"@type\":\"ReadAction\",\"target\":[\"https:\\\/\\\/repliquemangacine.fr\\\/de\\\/kunai-und-shuriken-naruto\\\/set-von-2-kunai-naruto-mit-gravur\\\/\"]}]},{\"@type\":\"ImageObject\",\"inLanguage\":\"it-IT\",\"@id\":\"https:\\\/\\\/repliquemangacine.fr\\\/de\\\/kunai-und-shuriken-naruto\\\/set-von-2-kunai-naruto-mit-gravur\\\/#primaryimage\",\"url\":\"https:\\\/\\\/repliquemangacine.fr\\\/wp-content\\\/uploads\\\/2023\\\/10\\\/6653.jpg\",\"contentUrl\":\"https:\\\/\\\/repliquemangacine.fr\\\/wp-content\\\/uploads\\\/2023\\\/10\\\/6653.jpg\",\"width\":500,\"height\":500,\"caption\":\"2 Kuna\u00ef Naruto avec etui\"},{\"@type\":\"BreadcrumbList\",\"@id\":\"https:\\\/\\\/repliquemangacine.fr\\\/de\\\/kunai-und-shuriken-naruto\\\/set-von-2-kunai-naruto-mit-gravur\\\/#breadcrumb\",\"itemListElement\":[{\"@type\":\"ListItem\",\"position\":1,\"name\":\"Accueil\",\"item\":\"https:\\\/\\\/repliquemangacine.fr\\\/\"},{\"@type\":\"ListItem\",\"position\":2,\"name\":\"Produits\",\"item\":\"https:\\\/\\\/repliquemangacine.fr\\\/boutique\\\/\"},{\"@type\":\"ListItem\",\"position\":3,\"name\":\"2 Kuna\u00ef Naruto avec gravure\"}]},{\"@type\":\"WebSite\",\"@id\":\"https:\\\/\\\/repliquemangacine.fr\\\/#website\",\"url\":\"https:\\\/\\\/repliquemangacine.fr\\\/\",\"name\":\"R\u00e9plique Manga Cin\u00e9\",\"description\":\"\",\"publisher\":{\"@id\":\"https:\\\/\\\/repliquemangacine.fr\\\/#organization\"},\"potentialAction\":[{\"@type\":\"SearchAction\",\"target\":{\"@type\":\"EntryPoint\",\"urlTemplate\":\"https:\\\/\\\/repliquemangacine.fr\\\/?s={search_term_string}\"},\"query-input\":{\"@type\":\"PropertyValueSpecification\",\"valueRequired\":true,\"valueName\":\"search_term_string\"}}],\"inLanguage\":\"it-IT\"},{\"@type\":\"Organization\",\"@id\":\"https:\\\/\\\/repliquemangacine.fr\\\/#organization\",\"name\":\"R\u00e9plique Manga Cin\u00e9\",\"url\":\"https:\\\/\\\/repliquemangacine.fr\\\/\",\"logo\":{\"@type\":\"ImageObject\",\"inLanguage\":\"it-IT\",\"@id\":\"https:\\\/\\\/repliquemangacine.fr\\\/#\\\/schema\\\/logo\\\/image\\\/\",\"url\":\"https:\\\/\\\/repliquemangacine.fr\\\/wp-content\\\/uploads\\\/2023\\\/10\\\/RMC-500250.png\",\"contentUrl\":\"https:\\\/\\\/repliquemangacine.fr\\\/wp-content\\\/uploads\\\/2023\\\/10\\\/RMC-500250.png\",\"width\":500,\"height\":250,\"caption\":\"R\u00e9plique Manga Cin\u00e9\"},\"image\":{\"@id\":\"https:\\\/\\\/repliquemangacine.fr\\\/#\\\/schema\\\/logo\\\/image\\\/\"},\"sameAs\":[\"https:\\\/\\\/www.facebook.com\\\/RepliqueMangaCine\",\"https:\\\/\\\/www.instagram.com\\\/repliquemangacine.fr\\\/\"]}]}<\/script>\n<!-- \/ Yoast SEO plugin. -->","yoast_head_json":{"title":"2 kunai di Naruto - Naruto merchandising - R\u00e9plique Manga Cin\u00e9","description":"Ordina questo set di 2 Naruto Kunai al miglior prezzo. Tutto in acciaio - Lunghezza totale: 16cm - Spedizione 24\/48h","robots":{"index":"index","follow":"follow","max-snippet":"max-snippet:-1","max-image-preview":"max-image-preview:large","max-video-preview":"max-video-preview:-1"},"canonical":"https:\/\/repliquemangacine.fr\/it\/naruto-kunai-e-shuriken\/set-di-2-kunai-di-naruto-con-incisione\/","og_locale":"it_IT","og_type":"article","og_title":"2 kuna\u00ef Naruto - Produits d\u00e9riv\u00e9s Naruto - R\u00e9plique Manga Cin\u00e9","og_description":"Faite vous plaisir commandez vite cet ensemble de 2 Kuna\u00ef Naruto au meilleur prix. Tout en acier - Longueur totale : 16cm - Envoi 24\/48h","og_url":"https:\/\/repliquemangacine.fr\/it\/naruto-kunai-e-shuriken\/set-di-2-kunai-di-naruto-con-incisione\/","og_site_name":"R\u00e9plique Manga Cin\u00e9","article_publisher":"https:\/\/www.facebook.com\/RepliqueMangaCine","article_modified_time":"2025-09-23T16:02:21+00:00","og_image":[{"width":500,"height":500,"url":"https:\/\/repliquemangacine.fr\/wp-content\/uploads\/2023\/10\/6653.jpg","type":"image\/jpeg"}],"twitter_card":"summary_large_image","twitter_misc":{"Tempo di lettura stimato":"1 minuto"},"schema":{"@context":"https:\/\/schema.org","@graph":[{"@type":"WebPage","@id":"https:\/\/repliquemangacine.fr\/de\/kunai-und-shuriken-naruto\/set-von-2-kunai-naruto-mit-gravur\/","url":"https:\/\/repliquemangacine.fr\/de\/kunai-und-shuriken-naruto\/set-von-2-kunai-naruto-mit-gravur\/","name":"2 kunai di Naruto - Naruto merchandising - R\u00e9plique Manga Cin\u00e9","isPartOf":{"@id":"https:\/\/repliquemangacine.fr\/#website"},"primaryImageOfPage":{"@id":"https:\/\/repliquemangacine.fr\/de\/kunai-und-shuriken-naruto\/set-von-2-kunai-naruto-mit-gravur\/#primaryimage"},"image":{"@id":"https:\/\/repliquemangacine.fr\/de\/kunai-und-shuriken-naruto\/set-von-2-kunai-naruto-mit-gravur\/#primaryimage"},"thumbnailUrl":"https:\/\/repliquemangacine.fr\/wp-content\/uploads\/2023\/10\/6653.jpg","datePublished":"2019-09-26T12:48:54+00:00","dateModified":"2025-09-23T16:02:21+00:00","description":"Ordina questo set di 2 Naruto Kunai al miglior prezzo. Tutto in acciaio - Lunghezza totale: 16cm - Spedizione 24\/48h","breadcrumb":{"@id":"https:\/\/repliquemangacine.fr\/de\/kunai-und-shuriken-naruto\/set-von-2-kunai-naruto-mit-gravur\/#breadcrumb"},"inLanguage":"it-IT","potentialAction":[{"@type":"ReadAction","target":["https:\/\/repliquemangacine.fr\/de\/kunai-und-shuriken-naruto\/set-von-2-kunai-naruto-mit-gravur\/"]}]},{"@type":"ImageObject","inLanguage":"it-IT","@id":"https:\/\/repliquemangacine.fr\/de\/kunai-und-shuriken-naruto\/set-von-2-kunai-naruto-mit-gravur\/#primaryimage","url":"https:\/\/repliquemangacine.fr\/wp-content\/uploads\/2023\/10\/6653.jpg","contentUrl":"https:\/\/repliquemangacine.fr\/wp-content\/uploads\/2023\/10\/6653.jpg","width":500,"height":500,"caption":"2 Kuna\u00ef Naruto avec etui"},{"@type":"BreadcrumbList","@id":"https:\/\/repliquemangacine.fr\/de\/kunai-und-shuriken-naruto\/set-von-2-kunai-naruto-mit-gravur\/#breadcrumb","itemListElement":[{"@type":"ListItem","position":1,"name":"Accueil","item":"https:\/\/repliquemangacine.fr\/"},{"@type":"ListItem","position":2,"name":"Produits","item":"https:\/\/repliquemangacine.fr\/boutique\/"},{"@type":"ListItem","position":3,"name":"2 Kuna\u00ef Naruto avec gravure"}]},{"@type":"WebSite","@id":"https:\/\/repliquemangacine.fr\/#website","url":"https:\/\/repliquemangacine.fr\/","name":"R\u00e9plique Manga Cin\u00e9","description":"","publisher":{"@id":"https:\/\/repliquemangacine.fr\/#organization"},"potentialAction":[{"@type":"SearchAction","target":{"@type":"EntryPoint","urlTemplate":"https:\/\/repliquemangacine.fr\/?s={search_term_string}"},"query-input":{"@type":"PropertyValueSpecification","valueRequired":true,"valueName":"search_term_string"}}],"inLanguage":"it-IT"},{"@type":"Organization","@id":"https:\/\/repliquemangacine.fr\/#organization","name":"R\u00e9plique Manga Cin\u00e9","url":"https:\/\/repliquemangacine.fr\/","logo":{"@type":"ImageObject","inLanguage":"it-IT","@id":"https:\/\/repliquemangacine.fr\/#\/schema\/logo\/image\/","url":"https:\/\/repliquemangacine.fr\/wp-content\/uploads\/2023\/10\/RMC-500250.png","contentUrl":"https:\/\/repliquemangacine.fr\/wp-content\/uploads\/2023\/10\/RMC-500250.png","width":500,"height":250,"caption":"R\u00e9plique Manga Cin\u00e9"},"image":{"@id":"https:\/\/repliquemangacine.fr\/#\/schema\/logo\/image\/"},"sameAs":["https:\/\/www.facebook.com\/RepliqueMangaCine","https:\/\/www.instagram.com\/repliquemangacine.fr\/"]}]}},"_links":{"self":[{"href":"https:\/\/repliquemangacine.fr\/it\/wp-json\/wp\/v2\/product\/28407","targetHints":{"allow":["GET"]}}],"collection":[{"href":"https:\/\/repliquemangacine.fr\/it\/wp-json\/wp\/v2\/product"}],"about":[{"href":"https:\/\/repliquemangacine.fr\/it\/wp-json\/wp\/v2\/types\/product"}],"wp:featuredmedia":[{"embeddable":true,"href":"https:\/\/repliquemangacine.fr\/it\/wp-json\/wp\/v2\/media\/28408"}],"wp:attachment":[{"href":"https:\/\/repliquemangacine.fr\/it\/wp-json\/wp\/v2\/media?parent=28407"}],"wp:term":[{"taxonomy":"product_brand","embeddable":true,"href":"https:\/\/repliquemangacine.fr\/it\/wp-json\/wp\/v2\/product_brand?post=28407"},{"taxonomy":"product_cat","embeddable":true,"href":"https:\/\/repliquemangacine.fr\/it\/wp-json\/wp\/v2\/product_cat?post=28407"},{"taxonomy":"product_tag","embeddable":true,"href":"https:\/\/repliquemangacine.fr\/it\/wp-json\/wp\/v2\/product_tag?post=28407"}],"curies":[{"name":"wp","href":"https:\/\/api.w.org\/{rel}","templated":true}]}}